{"id":7265,"date":"2026-02-13T10:10:05","date_gmt":"2026-02-13T10:10:05","guid":{"rendered":"https:\/\/www.cynosurelutronicemea.com\/product\/mosaic-3d\/"},"modified":"2026-04-21T12:18:45","modified_gmt":"2026-04-21T12:18:45","slug":"mosaic-3d","status":"publish","type":"product","link":"https:\/\/www.cynosurelutronicemea.com\/pt-pt\/produtos\/mosaic-3d\/","title":{"rendered":"Mosaic 3D"},"content":{"rendered":"\n<section id=\"hero-block_e6399181b59026217a0e01c6844d1d70\" class=\"hero-block\">\n  <!-- <div class=\"o-container\"> -->\n  \n<div class=\"c-hero-slider-container\" style=\"position:relative;\">\n\n    \n    <div class=\"c-hero-slider js-hero-slider\" >\n                <div class=\"c-hero-slider__item\">\n                    <section class=\"c-hero-slider__content u-text-white\" style=\"background-image: url('https:\/\/www.cynosurelutronicemea.com\/wp-content\/uploads\/sites\/15\/2026\/03\/Website-Header-Red-1-scaled.jpg'), url('https:\/\/www.cynosurelutronicemea.com\/wp-content\/uploads\/sites\/15\/2026\/03\/Website-Header-Red-1-scaled.jpg');\">\n                        <div class=\"o-container\">\n                            <div class=\"o-row\">\n                                <div class=\"o-col-8@md o-col-7@lg o-col-6@xl\">\n                                    <h1 class=\"c-hero-slider__title\">Bem-vindo \u00e0 terceira dimens\u00e3o&#8230;<\/h1>\n                                    <div class=\"c-hero-slider__text\">\n                                        <p>Laser fracionado n\u00e3o ablativo de 1550 nm, Erbium:Glass<\/p>\n                                    <\/div>\n                                                                            <a href=\"#gform_popup_8\" class=\"c-button c-button--transparent-white js-open-content-popup\">Marcar uma demonstra\u00e7\u00e3o<\/a>                                                                    <\/div>\n                            <\/div>\n                        <\/div>\n                    <\/section>\n                <\/div>\n\n            <\/div><\/div>  <!-- <\/div> -->\n<\/section>\n\n\n\n<section id=\"content-block_d8d057fd7879af04a8bf602ea0dea7ca\" class=\"content-block u-pt-5 u-pt-9@md\">\n    <div class=\"o-container\">\n\n    \n<div class=\"o-row\">\n      <div class=\"o-col-12\">\n              <h2 class=\"c-heading c-heading--secondary u-h3 u-h1@sm u-uppercase u-mb-3@sm\">Mosaic 3D <\/h2>\n                    <div class=\"c-text-editor\">\n          <h2>Uma plataforma fracionada de 1550 nm desenvolvida para a revitaliza\u00e7\u00e3o moderna da pele.<\/h2>\n<p>A pr\u00f3xima gera\u00e7\u00e3o de lasers fracionados n\u00e3o ablativos. Altamente control\u00e1vel e altamente personaliz\u00e1vel, a plataforma Mosaic 3D foi concebida para uma revitaliza\u00e7\u00e3o cut\u00e2nea multicamada, incluindo a melhoria de rugas e cicatrizes de acne. <\/p>\n        <\/div>\n                <\/div>\n        <\/div>\n\n  <\/div>\n<\/section>\n\n\n\n<section id=\"content-block_0d7febf3d4ea2962b58f151c41424896\" class=\"content-block u-pb-5 u-pb-9@md\">\n    <div class=\"o-container\">\n\n    \n<div class=\"o-row\">\n  <div class=\"o-col-7@md u-mb-3\">\n        <div class=\"c-text-editor\">\n      <p><strong>Bem-vindo \u00e0 terceira dimens\u00e3o.<br \/> <\/strong><\/p>\n<p>Mosaic 3D \u00e9 uma plataforma de laser fracionado n\u00e3o ablativo altamente control\u00e1vel e personaliz\u00e1vel. A combina\u00e7\u00e3o do modo rolling com a tecnologia de estampagem 3D Controlled Chaos (3D CCT) oferece op\u00e7\u00f5es flex\u00edveis de tratamento no rosto, pesco\u00e7o e corpo, ajudando a estimular tanto o colag\u00e9nio como a elastina na derme m\u00e9dia e profunda. Isto torna-a ideal para a revitaliza\u00e7\u00e3o da pele, a melhoria de linhas finas e rugas e o tratamento de cicatrizes de acne. <\/p>\n      <div class=\"c-buttons-wrapper\"><a href=\"#gform_popup_10\" class=\"u-mt-3 c-button c-button--xl c-button--transparent- js-open-content-popup\">Descarregar Brochura<\/a><a href=\"#gform_popup_8\" class=\"u-mt-3 c-button c-button--xl c-button--orange js-open-content-popup\">Marcar uma demonstra\u00e7\u00e3o<\/a><\/div>    <\/div>\n  <\/div>\n      <div class=\"o-col-5@md u-mb-3\">\n      <script src=\"https:\/\/fast.wistia.com\/player.js\" async><\/script><script src=\"https:\/\/fast.wistia.com\/embed\/xqkgz9aksn.js\" async type=\"module\"><\/script>\n<style>wistia-player[media-id='xqkgz9aksn']:not(:defined) { background: center \/ contain no-repeat url('https:\/\/fast.wistia.com\/embed\/medias\/xqkgz9aksn\/swatch'); display: block; filter: blur(5px); padding-top:56.25%; }<\/style>\n<p> <wistia-player media-id=\"xqkgz9aksn\" aspect=\"1.7777777777777777\"><\/wistia-player><\/p>\n    <\/div>\n  <\/div>\n\n  <\/div>\n<\/section>\n\n\n\n<section id=\"content-block_a7f5043acb396e132edd4dc8c6f7a691\" class=\"content-block  u-flex-invert-columns\">\n    <div class=\"o-container\">\n\n    \n<div class=\"o-row\">\n  <div class=\"o-col-7@md u-mb-3\">\n        <div class=\"c-text-editor\">\n      <h2>O que pode o Mosaic 3D fazer? <br \/> <\/h2>\n<p><strong>Uma plataforma de laser fracionado flex\u00edvel. <\/strong><\/p>\n<ul>\n<li>Revitaliza\u00e7\u00e3o cut\u00e2nea multicamada, incluindo a melhoria de rugas e cicatrizes de acne.  <\/li>\n<li>Melhorias texturais de elevada qualidade; pode ser utilizado nas zonas periocular e perioral.  <\/li>\n<li>As pontas de safira com compress\u00e3o a frio arrefecem e comprimem a pele para melhorar a experi\u00eancia do paciente.  <\/li>\n<li>O sistema integrado de arrefecimento por ar ajuda a reduzir o tempo de recupera\u00e7\u00e3o e a potenciar os resultados.  <\/li>\n<li>Pode ser utilizado de forma complementar com outras modalidades de tratamento.  <\/li>\n<li>Resurfacing n\u00e3o ablativo abrangente como solu\u00e7\u00e3o aut\u00f3noma, com elevado retorno do investimento (ROI).  <\/li>\n<\/ul>\n          <\/div>\n  <\/div>\n      <div class=\"o-col-5@md u-mb-3\">\n      <script src=\"https:\/\/fast.wistia.com\/player.js\" async=\"\"><\/script><script src=\"https:\/\/fast.wistia.com\/embed\/lccub8jyzb.js\" async=\"\" type=\"module\"><\/script>\n<style>wistia-player[media-id='lccub8jyzb']:not(:defined) { background: center \/ contain no-repeat url('https:\/\/fast.wistia.com\/embed\/medias\/lccub8jyzb\/swatch'); display: block; filter: blur(5px); padding-top:56.25%; }<\/style>\n<p> <wistia-player media-id=\"lccub8jyzb\" aspect=\"1.7777777777777777\"><\/wistia-player><\/p>\n    <\/div>\n  <\/div>\n\n  <\/div>\n<\/section>\n\n\n\n<section id=\"cta-columns-block_ba104f66a8d4320c42dc0516049b6137\" class=\"cta-columns-block u-pb-5 u-pb-9@md c-text-editor\">\n    <div class=\"o-container\">\n\n    <div class=\"u-text-center u-pb-5\"><h2 class=\"u-mb-1\">Tecnologia laser de nova gera\u00e7\u00e3o.<br><\/h2><p><\/p><\/div><div class=\"o-stack-2@md o-stack-3@xl u-mb-n-gutter\"><div class=\"u-mb-gutter\"><strong>A Tecnologia 3D Controlled Chaos (CCT)<\/strong> acrescenta uma nova dimens\u00e3o ao otimizar a distribui\u00e7\u00e3o e a profundidade dos microfeixes em m\u00faltiplos n\u00edveis. \r\n\r\nA CCT ajuda a reduzir o risco de aquecimento t\u00e9rmico excessivo, permitindo tratar um maior volume por disparo em compara\u00e7\u00e3o com os m\u00e9todos de entrega tradicionais, sem comprometer a seguran\u00e7a. \r\n\r\nO sistema tamb\u00e9m mede e monitoriza a energia administrada, proporcionando maior controlo e confian\u00e7a na qualidade de cada tratamento. <br> <\/div><div class=\"u-mb-gutter\">Sistema de arrefecimento integrado O arrefecimento por ar integrado flui atrav\u00e9s da pe\u00e7a de m\u00e3o at\u00e9 \u00e0s pontas de safira com compress\u00e3o a frio, que arrefecem e comprimem a pele. Esta sinergia foi concebida para reduzir a dor, o eritema e o edema, ajudando os profissionais a tratar com confian\u00e7a zonas sens\u00edveis como o contorno dos olhos e a \u00e1rea perioral. <br>  <\/div><div class=\"u-mb-gutter\">Uma plataforma, m\u00e1xima versatilidade\r\n Com os seus rolos met\u00e1licos melhorados e as novas pontas de safira, o MOSAIC 3D integra os modos rolling e stamping numa \u00fanica plataforma laser, oferecendo m\u00e1xima versatilidade.\r\n \r\nO modo rolling com arrefecimento por ar permite uma cobertura eficiente, enquanto o stamping com tecnologia 3D CCT favorece a remodela\u00e7\u00e3o do colag\u00e9nio em \u00e1reas focais mais exigentes. <br> <\/div><\/div>\n  <\/div>\n<\/section>\n\n\n\n<section id=\"cta-columns-block_6455ecf2c696541d7e3d409941b95030\" class=\"cta-columns-block u-pb-5 u-pb-9@md c-text-editor\">\n    <div class=\"o-container\">\n\n    <div class=\"u-text-center u-pb-5\"><h2 class=\"u-mb-1\">O que pode o Mosaic 3D tratar?<br> <\/h2><p><\/p><\/div><div class=\"o-stack-4@xl js-cta-columns-slider\"><div class=\"u-mb-gutter u-px-1\">          <img decoding=\"async\" src=\"https:\/\/www.cynosurelutronicemea.com\/wp-content\/uploads\/sites\/15\/2024\/11\/Fine-lines-and-wrinkles.jpg\" srcset=\"\" sizes=\"(max-width: cynosure-small) 100vw, cynosure-small\" alt=\"fine-lines-and-wrinkles\">\n    <h3>Rugas<br> <\/h3>As rugas respondem melhor quando \u00e9 poss\u00edvel estimular a renova\u00e7\u00e3o d\u00e9rmica m\u00e9dia sem sobretratar a superf\u00edcie. O Mosaic 3D foi concebido para estimular o colag\u00e9nio e a elastina na derme m\u00e9dia atrav\u00e9s de uma entrega fracionada n\u00e3o ablativa, com arrefecimento por ar integrado e pontas de safira com compress\u00e3o a frio que promovem o conforto. A tecnologia 3D CCT ajuda a otimizar a distribui\u00e7\u00e3o e a profundidade dos microfeixes, contribuindo para uma estimula\u00e7\u00e3o d\u00e9rmica mais precisa e controlada.<br>   <\/div><div class=\"u-mb-gutter u-px-1\">          <img decoding=\"async\" src=\"https:\/\/www.cynosurelutronicemea.com\/wp-content\/uploads\/sites\/15\/2024\/11\/Acne-Scarring.jpg\" srcset=\"\" sizes=\"(max-width: cynosure-small) 100vw, cynosure-small\" alt=\"acne-scarring\">\n    <h3>Cicatrizes de acne <br> <\/h3>\r\nAs cicatrizes de acne s\u00e3o inerentemente irregulares, pelo que o tratamento requer tanto uma cobertura ampla como um controlo focal preciso. O Mosaic 3D apoia a remodela\u00e7\u00e3o d\u00e9rmica atrav\u00e9s da entrega de energia fracionada controlada nas camadas d\u00e9rmicas mais profundas, preservando a superf\u00edcie cut\u00e2nea. O modo rolling permite tratar \u00e1reas mais extensas de forma mais eficiente, enquanto o stamping com tecnologia 3D CCT foi concebido para zonas focais mais resistentes ou desafiantes. <br>   <\/div><div class=\"u-mb-gutter u-px-1\">          <img decoding=\"async\" src=\"https:\/\/www.cynosurelutronicemea.com\/wp-content\/uploads\/sites\/15\/2024\/11\/skin-revitalisation.jpg\" srcset=\"\" sizes=\"(max-width: cynosure-small) 100vw, cynosure-small\" alt=\"skin-revitalisation\">\n    <h3>Revitaliza\u00e7\u00e3o da pele <\/h3>\r\n\r\nPara pacientes que procuram uma melhoria global da qualidade da pele, o Mosaic 3D foi concebido para uma revitaliza\u00e7\u00e3o multicamada no rosto, pesco\u00e7o e corpo. Atua ao n\u00edvel da derme m\u00e9dia para proporcionar uma textura com aspeto mais uniforme e uma apar\u00eancia mais revitalizada, com um tempo de recupera\u00e7\u00e3o control\u00e1vel. O arrefecimento por ar integrado e as pontas de safira com compress\u00e3o a frio foram concebidos para otimizar o conforto e a experi\u00eancia do tratamento. <br>   <\/div><\/div>\n  <\/div>\n<\/section>\n","protected":false},"menu_order":0,"template":"","product_type":[],"class_list":["post-7265","product","type-product","status-publish","hentry"],"acf":[],"yoast_head":"<!-- This site is optimized with the Yoast SEO plugin v27.3 - https:\/\/yoast.com\/product\/yoast-seo-wordpress\/ -->\n<title>Mosaic 3D - Cynosure Lutronic EMEA<\/title>\n<meta name=\"robots\" content=\"index, follow, max-snippet:-1, max-image-preview:large, max-video-preview:-1\" \/>\n<link rel=\"canonical\" href=\"https:\/\/www.cynosurelutronicemea.com\/pt-pt\/produtos\/mosaic-3d\/\" \/>\n<meta property=\"og:locale\" content=\"pt_PT\" \/>\n<meta property=\"og:type\" content=\"article\" \/>\n<meta property=\"og:title\" content=\"Mosaic 3D - Cynosure Lutronic EMEA\" \/>\n<meta property=\"og:url\" content=\"https:\/\/www.cynosurelutronicemea.com\/pt-pt\/produtos\/mosaic-3d\/\" \/>\n<meta property=\"og:site_name\" content=\"Cynosure Lutronic EMEA\" \/>\n<meta property=\"article:modified_time\" content=\"2026-04-21T12:18:45+00:00\" \/>\n<meta name=\"twitter:card\" content=\"summary_large_image\" \/>\n<script type=\"application\/ld+json\" class=\"yoast-schema-graph\">{\"@context\":\"https:\\\/\\\/schema.org\",\"@graph\":[{\"@type\":\"WebPage\",\"@id\":\"https:\\\/\\\/www.cynosurelutronicemea.com\\\/pt-pt\\\/produtos\\\/mosaic-3d\\\/\",\"url\":\"https:\\\/\\\/www.cynosurelutronicemea.com\\\/pt-pt\\\/produtos\\\/mosaic-3d\\\/\",\"name\":\"Mosaic 3D - Cynosure Lutronic EMEA\",\"isPartOf\":{\"@id\":\"https:\\\/\\\/www.cynosurelutronicemea.com\\\/pt-pt\\\/#website\"},\"datePublished\":\"2026-02-13T10:10:05+00:00\",\"dateModified\":\"2026-04-21T12:18:45+00:00\",\"breadcrumb\":{\"@id\":\"https:\\\/\\\/www.cynosurelutronicemea.com\\\/pt-pt\\\/produtos\\\/mosaic-3d\\\/#breadcrumb\"},\"inLanguage\":\"pt-PT\",\"potentialAction\":[{\"@type\":\"ReadAction\",\"target\":[\"https:\\\/\\\/www.cynosurelutronicemea.com\\\/pt-pt\\\/produtos\\\/mosaic-3d\\\/\"]}]},{\"@type\":\"BreadcrumbList\",\"@id\":\"https:\\\/\\\/www.cynosurelutronicemea.com\\\/pt-pt\\\/produtos\\\/mosaic-3d\\\/#breadcrumb\",\"itemListElement\":[{\"@type\":\"ListItem\",\"position\":1,\"name\":\"Home\",\"item\":\"https:\\\/\\\/www.cynosurelutronicemea.com\\\/pt-pt\\\/\"},{\"@type\":\"ListItem\",\"position\":2,\"name\":\"Mosaic 3D\"}]},{\"@type\":\"WebSite\",\"@id\":\"https:\\\/\\\/www.cynosurelutronicemea.com\\\/pt-pt\\\/#website\",\"url\":\"https:\\\/\\\/www.cynosurelutronicemea.com\\\/pt-pt\\\/\",\"name\":\"Cynosure Lutronic EMEA\",\"description\":\"\",\"potentialAction\":[{\"@type\":\"SearchAction\",\"target\":{\"@type\":\"EntryPoint\",\"urlTemplate\":\"https:\\\/\\\/www.cynosurelutronicemea.com\\\/pt-pt\\\/?s={search_term_string}\"},\"query-input\":{\"@type\":\"PropertyValueSpecification\",\"valueRequired\":true,\"valueName\":\"search_term_string\"}}],\"inLanguage\":\"pt-PT\"}]}<\/script>\n<!-- \/ Yoast SEO plugin. -->","yoast_head_json":{"title":"Mosaic 3D - Cynosure Lutronic EMEA","robots":{"index":"index","follow":"follow","max-snippet":"max-snippet:-1","max-image-preview":"max-image-preview:large","max-video-preview":"max-video-preview:-1"},"canonical":"https:\/\/www.cynosurelutronicemea.com\/pt-pt\/produtos\/mosaic-3d\/","og_locale":"pt_PT","og_type":"article","og_title":"Mosaic 3D - Cynosure Lutronic EMEA","og_url":"https:\/\/www.cynosurelutronicemea.com\/pt-pt\/produtos\/mosaic-3d\/","og_site_name":"Cynosure Lutronic EMEA","article_modified_time":"2026-04-21T12:18:45+00:00","twitter_card":"summary_large_image","schema":{"@context":"https:\/\/schema.org","@graph":[{"@type":"WebPage","@id":"https:\/\/www.cynosurelutronicemea.com\/pt-pt\/produtos\/mosaic-3d\/","url":"https:\/\/www.cynosurelutronicemea.com\/pt-pt\/produtos\/mosaic-3d\/","name":"Mosaic 3D - Cynosure Lutronic EMEA","isPartOf":{"@id":"https:\/\/www.cynosurelutronicemea.com\/pt-pt\/#website"},"datePublished":"2026-02-13T10:10:05+00:00","dateModified":"2026-04-21T12:18:45+00:00","breadcrumb":{"@id":"https:\/\/www.cynosurelutronicemea.com\/pt-pt\/produtos\/mosaic-3d\/#breadcrumb"},"inLanguage":"pt-PT","potentialAction":[{"@type":"ReadAction","target":["https:\/\/www.cynosurelutronicemea.com\/pt-pt\/produtos\/mosaic-3d\/"]}]},{"@type":"BreadcrumbList","@id":"https:\/\/www.cynosurelutronicemea.com\/pt-pt\/produtos\/mosaic-3d\/#breadcrumb","itemListElement":[{"@type":"ListItem","position":1,"name":"Home","item":"https:\/\/www.cynosurelutronicemea.com\/pt-pt\/"},{"@type":"ListItem","position":2,"name":"Mosaic 3D"}]},{"@type":"WebSite","@id":"https:\/\/www.cynosurelutronicemea.com\/pt-pt\/#website","url":"https:\/\/www.cynosurelutronicemea.com\/pt-pt\/","name":"Cynosure Lutronic EMEA","description":"","potentialAction":[{"@type":"SearchAction","target":{"@type":"EntryPoint","urlTemplate":"https:\/\/www.cynosurelutronicemea.com\/pt-pt\/?s={search_term_string}"},"query-input":{"@type":"PropertyValueSpecification","valueRequired":true,"valueName":"search_term_string"}}],"inLanguage":"pt-PT"}]}},"_links":{"self":[{"href":"https:\/\/www.cynosurelutronicemea.com\/pt-pt\/wp-json\/wp\/v2\/product\/7265","targetHints":{"allow":["GET"]}}],"collection":[{"href":"https:\/\/www.cynosurelutronicemea.com\/pt-pt\/wp-json\/wp\/v2\/product"}],"about":[{"href":"https:\/\/www.cynosurelutronicemea.com\/pt-pt\/wp-json\/wp\/v2\/types\/product"}],"version-history":[{"count":3,"href":"https:\/\/www.cynosurelutronicemea.com\/pt-pt\/wp-json\/wp\/v2\/product\/7265\/revisions"}],"predecessor-version":[{"id":7714,"href":"https:\/\/www.cynosurelutronicemea.com\/pt-pt\/wp-json\/wp\/v2\/product\/7265\/revisions\/7714"}],"wp:attachment":[{"href":"https:\/\/www.cynosurelutronicemea.com\/pt-pt\/wp-json\/wp\/v2\/media?parent=7265"}],"wp:term":[{"taxonomy":"product_type","embeddable":true,"href":"https:\/\/www.cynosurelutronicemea.com\/pt-pt\/wp-json\/wp\/v2\/product_type?post=7265"}],"curies":[{"name":"wp","href":"https:\/\/api.w.org\/{rel}","templated":true}]}}