{"id":3616,"date":"2024-11-15T09:11:39","date_gmt":"2024-11-15T09:11:39","guid":{"rendered":"https:\/\/www.cynosurelutronicemea.com\/product\/hollywood-spectra\/"},"modified":"2025-03-19T11:32:45","modified_gmt":"2025-03-19T11:32:45","slug":"hollywood-spectra","status":"publish","type":"product","link":"https:\/\/www.cynosurelutronicemea.com\/pt-pt\/produtos\/hollywood-spectra\/","title":{"rendered":"Hollywood Spectra"},"content":{"rendered":"\n<section id=\"hero-block_061c242865b14d9ca8274c19ad004f45\" class=\"hero-block\">\n  <!-- <div class=\"o-container-fluid\"> -->\n  \n<div class=\"c-hero-slider-container\" style=\"position:relative;\">\n\n    \n    <div class=\"c-hero-slider js-hero-slider\" >\n                <div class=\"c-hero-slider__item\">\n                    <section class=\"c-hero-slider__content u-text-white\" style=\"background-image: url('https:\/\/www.cynosurelutronicemea.com\/wp-content\/uploads\/sites\/15\/2024\/11\/Banners-Website-Spectra-22.jpg'), url('https:\/\/www.cynosurelutronicemea.com\/wp-content\/uploads\/sites\/15\/2024\/11\/Banners-Website-Spectra-22.jpg');\">\n                        <div class=\"o-container\">\n                            <div class=\"o-row\">\n                                <div class=\"o-col-8@md o-col-7@lg o-col-6@xl\">\n                                    <h1 class=\"c-hero-slider__title\">HOLLYWOOD SPECTRA <\/h1>\n                                    <div class=\"c-hero-slider__text\">\n                                        <p>A plataforma laser nanoac\u00fastica do futuro. Trata uma ampla gama de indica\u00e7\u00f5es com o efeito ac\u00fastico da tecnologia de picossegundo, sem os custos mais elevados do sistema e da manuten\u00e7\u00e3o. <\/p>\n                                    <\/div>\n                                                                            <a href=\"#gform_popup_8\" class=\"c-button c-button--orange js-open-content-popup\">Descubra a pot\u00eancia de Hollywood Spectra<\/a>                                                                    <\/div>\n                            <\/div>\n                        <\/div>\n                    <\/section>\n                <\/div>\n\n            <\/div><\/div>  <!-- <\/div> -->\n<\/section>\n\n<section id=\"content-block_e4d6481cd10f983ebd2df6511b7324cd\" class=\"content-block u-pt-5 u-pt-9@md u-pb-5 u-pb-9@md\">\n    <div class=\"o-container-fluid\">\n\n    \n<div class=\"o-row\">\n        <div class=\"o-col-12 u-text-center\">\n              <h2 class=\"c-heading c-heading--secondary u-h3 u-h1@sm u-uppercase u-mb-3@sm\">Uma plataforma laser essencial para qualquer pr\u00e1tica est\u00e9tica<\/h2>\n                    <div class=\"c-text-editor\">\n          <p>Hollywood Spectra \u00e9 a plataforma laser de 1064\/532 nm l\u00edder mundial, com a capacidade exclusiva de reduzir a pigmenta\u00e7\u00e3o indesejada e recuperar uma pele radiante. <\/p>\n<p>Com pulso curto e alta pot\u00eancia de pico, proporciona tratamentos seguros e eficazes com m\u00ednimo tempo de recupera\u00e7\u00e3o para o paciente.<\/p>\n<p>Sem d\u00favida, um dispositivo imprescind\u00edvel para qualquer pr\u00e1tica est\u00e9tica.<\/p>\n        <\/div>\n                <\/div>\n      <\/div>\n\n  <\/div>\n<\/section>\n\n<section id=\"before-after-block_049611c4e6e90fd435a9ae0f0c214210\" class=\"before-after-block u-pt-5 u-pt-9@md u-pb-5 u-pb-9@md\">\n  <div class=\"o-container\">\n    <div class=\"o-row\">\n      <div class=\"o-col-12\">\n        <div class=\"eb-c-comparison-slider\">\n                            <\/div>\n      <\/div>\n    <\/div>\n  <\/div>\n<\/section>\n\n<section id=\"testimonials-block_794ac1a1924cb348681cea7f35d06c13\" class=\"testimonials-block u-pt-5 u-pt-9@md\">\n    <div class=\"o-container\">\n\n    <div class=\"o-row\">\n      <div class=\"o-col-12\">\n        <div class=\"u-mb-4\">\n                      <h3 class=\"u-font-basic u-mb-1\">Testemunhos do m\u00e9dico<\/h3>\n                            <\/div>\n      <\/div>\n                <div class=\"o-col-6@md\">\n            <div class=\"u-mb-gutter\">\n              <div class=\"c-testimonial\">\n                <blockquote class=\"c-testimonial__quote\">\n                  <p>\u201c<script src=\"https:\/\/fast.wistia.com\/embed\/medias\/o88jps5wmc.jsonp\" async><\/script><script src=\"https:\/\/fast.wistia.com\/assets\/external\/E-v1.js\" async><\/script><div class=\"wistia_responsive_padding\" style=\"padding:100.0% 0 0 0;position:relative;\"><div class=\"wistia_responsive_wrapper\" style=\"height:100%;left:0;position:absolute;top:0;width:100%;\"><div class=\"wistia_embed wistia_async_o88jps5wmc seo=true videoFoam=true\" style=\"height:100%;position:relative;width:100%\"><div class=\"wistia_swatch\" style=\"height:100%;left:0;opacity:0;overflow:hidden;position:absolute;top:0;transition:opacity 200ms;width:100%;\"><img decoding=\"async\" src=\"https:\/\/fast.wistia.com\/embed\/medias\/o88jps5wmc\/swatch\" style=\"filter:blur(5px);height:100%;object-fit:contain;width:100%;\" alt=\"\" aria-hidden=\"true\" onload=\"this.parentNode.style.opacity=1;\" \/><\/div><\/div><\/div><\/div>\u201d<\/p>\n                <\/blockquote>\n                <cite class=\"c-testimonial__author\"><svg class=\"o-icon \">\n\t<use xmlns:xlink=\"http:\/\/www.w3.org\/1999\/xlink\" xlink:href=\"https:\/\/www.cynosurelutronicemea.com\/wp-content\/themes\/cynosure-emea\/assets\/sprite\/icons.svg#icon-person\"><\/use>\n<\/svg> Dr Guy Erlich<\/cite>\n              <\/div>\n            <\/div>\n          <\/div>\n          <\/div>\n\n  <\/div>\n<\/section>\n\n<section id=\"content-block_9aef28cc7b40c30ecc00cff1c152e95b\" class=\"content-block u-pt-5 u-pt-9@md u-pb-5 u-pb-9@md u-bg-tertriary-gray-100\">\n    <div class=\"o-container-fluid\">\n\n    \n<div class=\"o-row\">\n        <div class=\"o-col-12 u-text-center\">\n                    <div class=\"c-text-editor\">\n          <p style=\"text-align: center;\">Muna a sua pr\u00e1tica est\u00e9tica com os equipamentos da mais alta qualidade do mundo.<\/p>\n        <\/div>\n            <a href=\"#gform_popup_8\" class=\"u-mt-3 u-mr-1 c-button c-button--xl c-button--orange js-open-content-popup\">Contacte-nos<\/a>    <\/div>\n      <\/div>\n\n  <\/div>\n<\/section>\n\n<section id=\"content-block_7aa7bdb85b9e333ae99ac191a748dffb\" class=\"content-block u-pt-5 u-pt-9@md u-pb-5 u-pb-9@md\">\n    <div class=\"o-container\">\n\n    \n<div class=\"o-row\">\n          <div class=\"o-col-12\">\n              <div class=\"o-row\">\n          <div class=\"o-col-6@md\">\n            <h2 class=\"c-heading c-heading--secondary u-h3 u-h1@sm u-uppercase u-mb-3@sm\">Benef\u00edcios de Hollywood Spectra<\/h2>\n          <\/div>\n        <\/div>\n            <div class=\"o-row\">\n                  <div class=\"o-col-6@md\">\n            <div class=\"c-text-editor\">\n              <p><img loading=\"lazy\" decoding=\"async\" class=\"alignnone size-full wp-image-1063\" src=\"https:\/\/www.cynosurelutronicemea.com\/wp-content\/uploads\/sites\/15\/2024\/11\/Tick-transparent.png\" alt=\"\" width=\"40\" height=\"40\">As tecnologias Hypersurge\u2122 e IntelliBeam\u2122 proporcionam uma efic\u00e1cia de pico semelhante a 1064 nm, com maior fiabilidade e menores custos.<br \/>\n<img loading=\"lazy\" decoding=\"async\" class=\"alignnone size-full wp-image-1063\" src=\"https:\/\/www.cynosurelutronicemea.com\/wp-content\/uploads\/sites\/15\/2024\/11\/Tick-transparent.png\" alt=\"\" width=\"40\" height=\"40\">O perfil de feixe plano superior fornece energia uniforme sem criar pontos quentes.<br \/>\n<img loading=\"lazy\" decoding=\"async\" class=\"alignnone size-full wp-image-1063\" src=\"https:\/\/www.cynosurelutronicemea.com\/wp-content\/uploads\/sites\/15\/2024\/11\/Tick-transparent.png\" alt=\"\" width=\"40\" height=\"40\">A pot\u00eancia do feixe completo e do microfeixe reduz o pigmento e favorece a estimula\u00e7\u00e3o de colag\u00e9nio.<br \/>\n<img loading=\"lazy\" decoding=\"async\" class=\"alignnone size-full wp-image-1063\" src=\"https:\/\/www.cynosurelutronicemea.com\/wp-content\/uploads\/sites\/15\/2024\/11\/Tick-transparent.png\" alt=\"\" width=\"40\" height=\"40\">O tratamento requer menos sess\u00f5es para a remo\u00e7\u00e3o de pigmentos, com curto tempo de recupera\u00e7ao para o paciente.<br \/>\n Oferece uma ampla versatilidade para tratar mais de vinte indica\u00e7\u00f5es, incluindo as condi\u00e7\u00f5es da pele mais comuns.<br \/>\n<img loading=\"lazy\" decoding=\"async\" class=\"alignnone size-full wp-image-1063\" src=\"https:\/\/www.cynosurelutronicemea.com\/wp-content\/uploads\/sites\/15\/2024\/11\/Tick-transparent.png\" alt=\"\" width=\"40\" height=\"40\">A excecional utilidade de Hollywood Spectra proporciona um alto retorno sobre o investimento.<\/p>\n            <\/div>\n          <\/div>\n                          <div class=\"o-col-6@md\">\n            <script src=\"https:\/\/fast.wistia.com\/embed\/medias\/hgoxspu85a.jsonp\" async=\"\"><\/script><script src=\"https:\/\/fast.wistia.com\/assets\/external\/E-v1.js\" async=\"\"><\/script>\n<div class=\"wistia_responsive_padding\" style=\"padding: 56.25% 0 0 0; position: relative;\">\n<div class=\"wistia_responsive_wrapper\" style=\"height: 100%; left: 0; position: absolute; top: 0; width: 100%;\">\n<div class=\"wistia_embed wistia_async_hgoxspu85a seo=true videoFoam=true\" style=\"height: 100%; position: relative; width: 100%;\">\n<div class=\"wistia_swatch\" style=\"height: 100%; left: 0; opacity: 0; overflow: hidden; position: absolute; top: 0; transition: opacity 200ms; width: 100%;\"><img decoding=\"async\" style=\"filter: blur(5px); height: 100%; object-fit: contain; width: 100%;\" src=\"https:\/\/fast.wistia.com\/embed\/medias\/hgoxspu85a\/swatch\" alt=\"\" aria-hidden=\"true\"><\/div>\n<\/div>\n<\/div>\n<\/div>\n            <a href=\"#gform_popup_10\" class=\"u-mt-3 u-mr-1 c-button c-button--xl c-button--transparent-orange js-open-content-popup\">Solicite o nosso cat\u00e1logo<\/a>          <\/div>\n              <\/div>\n    <\/div>\n    <\/div>\n\n  <\/div>\n<\/section>\n<div class=\"o-container\">\n  <div class=\"o-row\">\n    <div class=\"o-col-12\">\n      <hr class=\"c-divider u-text-tertriary-gray-gray-400\">\n    <\/div>\n  <\/div>\n<\/div>\n\n<section id=\"cta-columns-block_487739cd91f0ae176944481fb44e467e\" class=\"cta-columns-block u-pt-5 u-pt-9@md u-pb-5 u-pb-9@md c-text-editor\">\n    <div class=\"o-container\">\n\n    <div class=\"u-text-center u-pb-5\"><h2 class=\"u-mb-1\">Que pode tratar Hollywood Spectra? <\/h2><p><\/p><\/div><div class=\"o-stack-4@xl js-cta-columns-slider\"><div class=\"u-mb-gutter u-px-1\">          <img decoding=\"async\" src=\"https:\/\/www.cynosurelutronicemea.com\/wp-content\/uploads\/sites\/15\/2024\/11\/Tattoo-removal-Icon.jpg\" srcset=\"\" sizes=\"(max-width: cynosure-small) 100vw, cynosure-small\" alt=\"tattoo-removal-icon\">\n    <h3>Remo\u00e7\u00e3o de tatuagens<\/h3> \nO laser Q-switch Nd de pulso curto de Hollywood Spectra decomp\u00f5e eficazmente as part\u00edculas de tinta de tatuagem na pele, atingindo os pigmentos sem danificar os tecidos circundantes. Este direcionamento seletivo \u00e9 especialmente eficaz em tatuagens multicoloridas devido \u00e0 fun\u00e7\u00e3o de comprimento de onda duplo, que permite tratar uma vasta gama de cores com desconforto m\u00ednimo para o paciente. <\/div><div class=\"u-mb-gutter u-px-1\">          <img decoding=\"async\" src=\"https:\/\/www.cynosurelutronicemea.com\/wp-content\/uploads\/sites\/15\/2024\/11\/pigmentation.jpg\" srcset=\"\" sizes=\"(max-width: cynosure-small) 100vw, cynosure-small\" alt=\"pigmentation\">\n    <h3>Pigmenta\u00e7\u00e3o <\/h3>\nEste laser atua eficazmente sobre les\u00f5es pigmentadas superficiais e profundas, incluindo as manchas da idade e do sol. Utiliza os efeitos fotomec\u00e2nicos para interromper as aglomera\u00e7\u00f5es de melanina e melhorar o tom da pele. O pulso de 5ns reduz o risco de hiperpigmenta\u00e7\u00e3o ap\u00f3s o tratamento, o que \u00e9 especialmente ben\u00e9fico para pacientes com pele mais escura.  <\/div><div class=\"u-mb-gutter u-px-1\">          <img decoding=\"async\" src=\"https:\/\/www.cynosurelutronicemea.com\/wp-content\/uploads\/sites\/15\/2024\/11\/melasma.jpg\" srcset=\"\" sizes=\"(max-width: cynosure-small) 100vw, cynosure-small\" alt=\"melasma\">\n    <h3> Melasma <\/h3>Hollywood Spectra \u00e9 o primeiro dispositivo laser aprovado para o tratamento de melasma, oferecendo uma op\u00e7\u00e3o segura n\u00e3o baseada no calor, que poderia agravar o melasma. Ao minimizar os danos t\u00e9rmicos, Hollywood Spectra permite tratar o melasma de forma controlada, descompondo eficazmente a pigmenta\u00e7\u00e3o excessiva e favorecendo um tom de pele mais equilibrado. <\/div><div class=\"u-mb-gutter u-px-1\">          <img decoding=\"async\" src=\"https:\/\/www.cynosurelutronicemea.com\/wp-content\/uploads\/sites\/15\/2024\/11\/skin-revitalisation.jpg\" srcset=\"\" sizes=\"(max-width: cynosure-small) 100vw, cynosure-small\" alt=\"skin-revitalisation\">\n    <h3>Revitaliza\u00e7\u00e3o da pele <\/h3>\nO dispositivo Hollywood Laser Peel esfolia suavemente a pele enquanto estimula a produ\u00e7\u00e3o de colag\u00e9nio. Este rejuvenescimento n\u00e3o ablativo reduz o tamanho dos poros e melhora a textura e o brilho da pele, com recupera\u00e7\u00e3o imediata, tornando-se uma op\u00e7\u00e3o atraente para os pacientes que procuram revitalizar a sua pele. <\/div><div class=\"u-mb-gutter u-px-1\">          <img decoding=\"async\" src=\"https:\/\/www.cynosurelutronicemea.com\/wp-content\/uploads\/sites\/15\/2024\/11\/Fine-lines-and-wrinkles.jpg\" srcset=\"\" sizes=\"(max-width: cynosure-small) 100vw, cynosure-small\" alt=\"fine-lines-and-wrinkles\">\n    <h3>Linhas finas e rugas <\/h3>\nHollywood Spectra tamb\u00e9m estimula a produ\u00e7\u00e3o de colag\u00e9nio e reconstr\u00f3i a pele, suavizando as linhas finas e atenuando a apar\u00eancia de rugas. Hollywood Spectra melhora a textura e o tom da pele, proporcionando uma apar\u00eancia mais suave e jovem, atrav\u00e9s dos efeitos fotot\u00e9rmicos controlados pelo modo PTP+ e do elevado efeito fotoac\u00fastico da tecnologia Hypersurge Resonator.  \n\n<\/div><\/div>\n  <\/div>\n<\/section>\n\n<section id=\"faq-block_610144c125d341e929b02b92a8243716\" class=\"faq-block u-pt-5 u-pt-9@md u-pb-5 u-pb-9@md\">\n  <div class=\"o-container\">\n\n    <h3 class=\"u-font-basic\">FAQs<\/h3><div class=\"c-accordion\">        <div class=\"c-accordion__item\">\n          <a href=\"#\" class=\"c-accordion__toggle\">\n            Existe algum tempo de inatividade ou desconforto com os tratamentos Hollywood Spectra?           <\/a>\n          <div class=\"c-accordion__panel\">\n            <div class=\"c-accordion__content c-text-editor\">\n              <p>Os tratamentos Hollywood Spectra envolvem frequentemente um tempo de inatividade m\u00ednimo ou nenhum. Os doentes podem apresentar uma ligeira vermelhid\u00e3o ap\u00f3s o tratamento, que geralmente desaparece em poucas horas. A maioria das pessoas considera o tratamento confort\u00e1vel, com apenas uma ligeira sensa\u00e7\u00e3o de aquecimento durante o procedimento. Isto facilita o regresso \u00e0s atividades di\u00e1rias logo ap\u00f3s uma sess\u00e3o.   \n<\/p>\n            <\/div>\n          <\/div>\n        <\/div>\n            <div class=\"c-accordion__item\">\n          <a href=\"#\" class=\"c-accordion__toggle\">\n            Quantos tratamentos s\u00e3o necess\u00e1rios para ver resultados?           <\/a>\n          <div class=\"c-accordion__panel\">\n            <div class=\"c-accordion__content c-text-editor\">\n              <p>Os resultados podem variar dependendo da condi\u00e7\u00e3o espec\u00edfica que est\u00e1 a ser tratada. Por exemplo, o melasma pode exigir cerca de seis ou mais sess\u00f5es para uma melhoria ideal, enquanto outros tratamentos de rejuvenescimento da pele podem apresentar resultados vis\u00edveis em poucas sess\u00f5es. O seu prestador ir\u00e1 personalizar um plano de tratamento dependendo dos seus objetivos e tipo de pele.  \n<\/p>\n            <\/div>\n          <\/div>\n        <\/div>\n            <div class=\"c-accordion__item\">\n          <a href=\"#\" class=\"c-accordion__toggle\">\n            O Hollywood Spectra \u00e9 seguro para todos os tipos de pele?           <\/a>\n          <div class=\"c-accordion__panel\">\n            <div class=\"c-accordion__content c-text-editor\">\n              <p>Sim, o Hollywood Spectra foi concebido para ser seguro para todos os tipos de pele, incluindo tons de pele mais escuros, devido aos seus comprimentos de onda duplos ajust\u00e1veis \u200b\u200be dura\u00e7\u00f5es de pulso curtas. Isto torna-o uma op\u00e7\u00e3o adequada para uma vasta gama de tons e condi\u00e7\u00f5es de pele, embora a consulta de um profissional certificado possa garantir a melhor abordagem \u00e0s necessidades individuais da pele. \n<\/p>\n            <\/div>\n          <\/div>\n        <\/div>\n            <div class=\"c-accordion__item\">\n          <a href=\"#\" class=\"c-accordion__toggle\">\n            Que condi\u00e7\u00f5es de pele pode o Hollywood Spectra tratar?          <\/a>\n          <div class=\"c-accordion__panel\">\n            <div class=\"c-accordion__content c-text-editor\">\n              <p>O Hollywood Spectra \u00e9 eficaz para tratar diversos problemas de pele, incluindo melasma, cicatrizes de acne, pigmenta\u00e7\u00e3o indesejada, poros dilatados e sinais de envelhecimento, como linhas finas. \u00c9 tamb\u00e9m popular para a remo\u00e7\u00e3o de tatuagens e revitaliza\u00e7\u00e3o da pele, fornecendo solu\u00e7\u00f5es vers\u00e1teis para problemas est\u00e9ticos e m\u00e9dicos da pele. \n<\/p>\n            <\/div>\n          <\/div>\n        <\/div>\n            <div class=\"c-accordion__item\">\n          <a href=\"#\" class=\"c-accordion__toggle\">\n            O que \u00e9 o Hollywood Spectra e como funciona?<br data-mce-bogus=\"1\">           <\/a>\n          <div class=\"c-accordion__panel\">\n            <div class=\"c-accordion__content c-text-editor\">\n              <p>O Hollywood Spectra \u00e9 um sistema avan\u00e7ado de laser de comprimento de onda duplo conhecido pela sua capacidade de tratar uma variedade de problemas de pele com um tempo de inatividade m\u00ednimo. Utiliza energia laser de pulso curto para quebrar a pigmenta\u00e7\u00e3o, estimular o colag\u00e9nio e melhorar o tom e a textura da pele. O sistema \u00e9 tamb\u00e9m a plataforma oficial do Hollywood Laser Peel, que combina a energia do laser com uma lo\u00e7\u00e3o de carbono para criar um efeito esfoliante suave que melhora a luminosidade e a uniformidade da pele.  \n<\/p>\n            <\/div>\n          <\/div>\n        <\/div>\n    <\/div>\n  <\/div>\n<\/section>\n","protected":false},"menu_order":0,"template":"","product_type":[],"class_list":["post-3616","product","type-product","status-publish","hentry"],"acf":[],"yoast_head":"<!-- This site is optimized with the Yoast SEO plugin v27.2 - https:\/\/yoast.com\/product\/yoast-seo-wordpress\/ -->\n<title>Hollywood Spectra | Cynosure Lutronic<\/title>\n<meta name=\"description\" content=\"Descubra Hollywood Spectra \u2013 a plataforma laser nanoac\u00fastica do futuro. Efic\u00e1cia de pico semelhante a 1064 nm\/532 nm, sem os custos mais elevados do sistema e da manuten\u00e7\u00e3o.\" \/>\n<meta name=\"robots\" content=\"index, follow, max-snippet:-1, max-image-preview:large, max-video-preview:-1\" \/>\n<link rel=\"canonical\" href=\"https:\/\/www.cynosurelutronicemea.com\/pt-pt\/produtos\/hollywood-spectra\/\" \/>\n<meta property=\"og:locale\" content=\"pt_PT\" \/>\n<meta property=\"og:type\" content=\"article\" \/>\n<meta property=\"og:title\" content=\"Hollywood Spectra | Cynosure Lutronic\" \/>\n<meta property=\"og:description\" content=\"Descubra Hollywood Spectra \u2013 a plataforma laser nanoac\u00fastica do futuro. Efic\u00e1cia de pico semelhante a 1064 nm\/532 nm, sem os custos mais elevados do sistema e da manuten\u00e7\u00e3o.\" \/>\n<meta property=\"og:url\" content=\"https:\/\/www.cynosurelutronicemea.com\/pt-pt\/produtos\/hollywood-spectra\/\" \/>\n<meta property=\"og:site_name\" content=\"Cynosure Lutronic EMEA\" \/>\n<meta property=\"article:modified_time\" content=\"2025-03-19T11:32:45+00:00\" \/>\n<meta name=\"twitter:card\" content=\"summary_large_image\" \/>\n<script type=\"application\/ld+json\" class=\"yoast-schema-graph\">{\"@context\":\"https:\/\/schema.org\",\"@graph\":[{\"@type\":\"WebPage\",\"@id\":\"https:\/\/www.cynosurelutronicemea.com\/pt-pt\/produtos\/hollywood-spectra\/\",\"url\":\"https:\/\/www.cynosurelutronicemea.com\/pt-pt\/produtos\/hollywood-spectra\/\",\"name\":\"Hollywood Spectra | Cynosure Lutronic\",\"isPartOf\":{\"@id\":\"https:\/\/www.cynosurelutronicemea.com\/pt-pt\/#website\"},\"datePublished\":\"2024-11-15T09:11:39+00:00\",\"dateModified\":\"2025-03-19T11:32:45+00:00\",\"description\":\"Descubra Hollywood Spectra \u2013 a plataforma laser nanoac\u00fastica do futuro. Efic\u00e1cia de pico semelhante a 1064 nm\/532 nm, sem os custos mais elevados do sistema e da manuten\u00e7\u00e3o.\",\"breadcrumb\":{\"@id\":\"https:\/\/www.cynosurelutronicemea.com\/pt-pt\/produtos\/hollywood-spectra\/#breadcrumb\"},\"inLanguage\":\"pt-PT\",\"potentialAction\":[{\"@type\":\"ReadAction\",\"target\":[\"https:\/\/www.cynosurelutronicemea.com\/pt-pt\/produtos\/hollywood-spectra\/\"]}]},{\"@type\":\"BreadcrumbList\",\"@id\":\"https:\/\/www.cynosurelutronicemea.com\/pt-pt\/produtos\/hollywood-spectra\/#breadcrumb\",\"itemListElement\":[{\"@type\":\"ListItem\",\"position\":1,\"name\":\"Home\",\"item\":\"https:\/\/www.cynosurelutronicemea.com\/pt-pt\/\"},{\"@type\":\"ListItem\",\"position\":2,\"name\":\"Hollywood Spectra\"}]},{\"@type\":\"WebSite\",\"@id\":\"https:\/\/www.cynosurelutronicemea.com\/pt-pt\/#website\",\"url\":\"https:\/\/www.cynosurelutronicemea.com\/pt-pt\/\",\"name\":\"Cynosure Lutronic EMEA\",\"description\":\"\",\"potentialAction\":[{\"@type\":\"SearchAction\",\"target\":{\"@type\":\"EntryPoint\",\"urlTemplate\":\"https:\/\/www.cynosurelutronicemea.com\/pt-pt\/?s={search_term_string}\"},\"query-input\":{\"@type\":\"PropertyValueSpecification\",\"valueRequired\":true,\"valueName\":\"search_term_string\"}}],\"inLanguage\":\"pt-PT\"}]}<\/script>\n<!-- \/ Yoast SEO plugin. -->","yoast_head_json":{"title":"Hollywood Spectra | Cynosure Lutronic","description":"Descubra Hollywood Spectra \u2013 a plataforma laser nanoac\u00fastica do futuro. Efic\u00e1cia de pico semelhante a 1064 nm\/532 nm, sem os custos mais elevados do sistema e da manuten\u00e7\u00e3o.","robots":{"index":"index","follow":"follow","max-snippet":"max-snippet:-1","max-image-preview":"max-image-preview:large","max-video-preview":"max-video-preview:-1"},"canonical":"https:\/\/www.cynosurelutronicemea.com\/pt-pt\/produtos\/hollywood-spectra\/","og_locale":"pt_PT","og_type":"article","og_title":"Hollywood Spectra | Cynosure Lutronic","og_description":"Descubra Hollywood Spectra \u2013 a plataforma laser nanoac\u00fastica do futuro. Efic\u00e1cia de pico semelhante a 1064 nm\/532 nm, sem os custos mais elevados do sistema e da manuten\u00e7\u00e3o.","og_url":"https:\/\/www.cynosurelutronicemea.com\/pt-pt\/produtos\/hollywood-spectra\/","og_site_name":"Cynosure Lutronic EMEA","article_modified_time":"2025-03-19T11:32:45+00:00","twitter_card":"summary_large_image","schema":{"@context":"https:\/\/schema.org","@graph":[{"@type":"WebPage","@id":"https:\/\/www.cynosurelutronicemea.com\/pt-pt\/produtos\/hollywood-spectra\/","url":"https:\/\/www.cynosurelutronicemea.com\/pt-pt\/produtos\/hollywood-spectra\/","name":"Hollywood Spectra | Cynosure Lutronic","isPartOf":{"@id":"https:\/\/www.cynosurelutronicemea.com\/pt-pt\/#website"},"datePublished":"2024-11-15T09:11:39+00:00","dateModified":"2025-03-19T11:32:45+00:00","description":"Descubra Hollywood Spectra \u2013 a plataforma laser nanoac\u00fastica do futuro. Efic\u00e1cia de pico semelhante a 1064 nm\/532 nm, sem os custos mais elevados do sistema e da manuten\u00e7\u00e3o.","breadcrumb":{"@id":"https:\/\/www.cynosurelutronicemea.com\/pt-pt\/produtos\/hollywood-spectra\/#breadcrumb"},"inLanguage":"pt-PT","potentialAction":[{"@type":"ReadAction","target":["https:\/\/www.cynosurelutronicemea.com\/pt-pt\/produtos\/hollywood-spectra\/"]}]},{"@type":"BreadcrumbList","@id":"https:\/\/www.cynosurelutronicemea.com\/pt-pt\/produtos\/hollywood-spectra\/#breadcrumb","itemListElement":[{"@type":"ListItem","position":1,"name":"Home","item":"https:\/\/www.cynosurelutronicemea.com\/pt-pt\/"},{"@type":"ListItem","position":2,"name":"Hollywood Spectra"}]},{"@type":"WebSite","@id":"https:\/\/www.cynosurelutronicemea.com\/pt-pt\/#website","url":"https:\/\/www.cynosurelutronicemea.com\/pt-pt\/","name":"Cynosure Lutronic EMEA","description":"","potentialAction":[{"@type":"SearchAction","target":{"@type":"EntryPoint","urlTemplate":"https:\/\/www.cynosurelutronicemea.com\/pt-pt\/?s={search_term_string}"},"query-input":{"@type":"PropertyValueSpecification","valueRequired":true,"valueName":"search_term_string"}}],"inLanguage":"pt-PT"}]}},"_links":{"self":[{"href":"https:\/\/www.cynosurelutronicemea.com\/pt-pt\/wp-json\/wp\/v2\/product\/3616","targetHints":{"allow":["GET"]}}],"collection":[{"href":"https:\/\/www.cynosurelutronicemea.com\/pt-pt\/wp-json\/wp\/v2\/product"}],"about":[{"href":"https:\/\/www.cynosurelutronicemea.com\/pt-pt\/wp-json\/wp\/v2\/types\/product"}],"version-history":[{"count":0,"href":"https:\/\/www.cynosurelutronicemea.com\/pt-pt\/wp-json\/wp\/v2\/product\/3616\/revisions"}],"wp:attachment":[{"href":"https:\/\/www.cynosurelutronicemea.com\/pt-pt\/wp-json\/wp\/v2\/media?parent=3616"}],"wp:term":[{"taxonomy":"product_type","embeddable":true,"href":"https:\/\/www.cynosurelutronicemea.com\/pt-pt\/wp-json\/wp\/v2\/product_type?post=3616"}],"curies":[{"name":"wp","href":"https:\/\/api.w.org\/{rel}","templated":true}]}}