{"id":3606,"date":"2024-11-15T10:55:23","date_gmt":"2024-11-15T10:55:23","guid":{"rendered":"https:\/\/www.cynosurelutronicemea.com\/product\/eco2\/"},"modified":"2025-03-05T07:16:27","modified_gmt":"2025-03-05T07:16:27","slug":"eco2","status":"publish","type":"product","link":"https:\/\/www.cynosurelutronicemea.com\/pt-pt\/produtos\/eco2\/","title":{"rendered":"eCO2"},"content":{"rendered":"\n<section id=\"hero-block_9399f24eb259b9d60d82f5738e13f97b\" class=\"hero-block\">\n  <!-- <div class=\"o-container-fluid\"> -->\n  \n<div class=\"c-hero-slider-container\" style=\"position:relative;\">\n\n    \n    <div class=\"c-hero-slider js-hero-slider\" >\n                <div class=\"c-hero-slider__item\">\n                    <section class=\"c-hero-slider__content u-text-white\" style=\"background-image: url('https:\/\/www.cynosurelutronicemea.com\/wp-content\/uploads\/sites\/15\/2024\/11\/Mobile-Banners2.jpg'), url('https:\/\/www.cynosurelutronicemea.com\/wp-content\/uploads\/sites\/15\/2024\/11\/Banners-Website-Eco2plus-26.jpg');\">\n                        <div class=\"o-container\">\n                            <div class=\"o-row\">\n                                <div class=\"o-col-8@md o-col-7@lg o-col-6@xl\">\n                                    <h1 class=\"c-hero-slider__title\">eCO2 Plus\u2122 <\/h1>\n                                    <div class=\"c-hero-slider__text\">\n                                        <p>Um laser de resurfacing de CO2 de modo duplo que oferece uma precis\u00e3o e uma versatilidade \u00fanicas. <\/p>\n                                    <\/div>\n                                                                            <a href=\"#gform_popup_8\" class=\"c-button c-button--orange js-open-content-popup\">Descubra a pot\u00eancia de eCO2 Plus<\/a>                                                                    <\/div>\n                            <\/div>\n                        <\/div>\n                    <\/section>\n                <\/div>\n\n            <\/div><\/div>  <!-- <\/div> -->\n<\/section>\n\n<section id=\"content-block_5a265ef41987485273f262dc8777a6b4\" class=\"content-block u-pt-5 u-pt-9@md u-pb-5 u-pb-9@md\">\n    <div class=\"o-container-fluid\">\n\n    \n<div class=\"o-row\">\n        <div class=\"o-col-12 u-text-center\">\n              <h2 class=\"c-heading c-heading--secondary u-h3 u-h1@sm u-uppercase u-mb-3@sm\">Pot\u00eancia, versatilidade e fiabilidade l\u00edderes do sector<\/h2>\n                    <div class=\"c-text-editor\">\n          <p>eCO2 Plus\u2122 est\u00e1 a revolucionar os cuidados da pele dos pacientes. \u00c9 a escolha inteligente para todos os tratamentos de CO2 de espetro total, com tecnologia avan\u00e7ada e alta energia para tratar de forma r\u00e1pida e segura toda a gama de rejuvenescimento da pele fracionado.<br \/>\nO \u00fanico laser ablativo fracionado que permite praticar todos os tipos de tratamento. <\/p>\n<h2>Que pode fazer eCO2 Plus\u2122?<\/h2>\n<p><img loading=\"lazy\" decoding=\"async\" class=\"alignnone size-full wp-image-1063\" src=\"https:\/\/www.cynosurelutronicemea.com\/wp-content\/uploads\/sites\/15\/2024\/11\/Tick-transparent.png\" alt=\"\" width=\"40\" height=\"40\">Versatilidade nos tratamentos, de tratamentos agressivos de alta energia a resurfacing ligeiro com EcoTone.<br \/>\n<img loading=\"lazy\" decoding=\"async\" class=\"alignnone size-full wp-image-1063\" src=\"https:\/\/www.cynosurelutronicemea.com\/wp-content\/uploads\/sites\/15\/2024\/11\/Tick-transparent.png\" alt=\"\" width=\"40\" height=\"40\">Elevada pot\u00eancia para tratamentos mais r\u00e1pidos e eficazes.<br \/>\n<img loading=\"lazy\" decoding=\"async\" class=\"alignnone size-full wp-image-1063\" src=\"https:\/\/www.cynosurelutronicemea.com\/wp-content\/uploads\/sites\/15\/2024\/11\/Tick-transparent.png\" alt=\"\" width=\"40\" height=\"40\">A tecnologia de caos controlado (CCT) gera padr\u00f5es de fornecimento de energia aleat\u00f3rios para minimizar o tempo de recupera\u00e7\u00e3o e o risco de sobreaquecimento maci\u00e7o.<br \/>\n<img loading=\"lazy\" decoding=\"async\" class=\"alignnone size-full wp-image-1063\" src=\"https:\/\/www.cynosurelutronicemea.com\/wp-content\/uploads\/sites\/15\/2024\/11\/Tick-transparent.png\" alt=\"\" width=\"40\" height=\"40\">Zero consum\u00edveis para um maior retorno sobre o investimento.<br \/>\n<img loading=\"lazy\" decoding=\"async\" class=\"alignnone size-full wp-image-1063\" src=\"https:\/\/www.cynosurelutronicemea.com\/wp-content\/uploads\/sites\/15\/2024\/11\/Tick-transparent.png\" alt=\"\" width=\"40\" height=\"40\">Resultados \u00fanicos para tratar uma grande variedade de indica\u00e7\u00f5es.<br \/>\n<img loading=\"lazy\" decoding=\"async\" class=\"alignnone size-full wp-image-1063\" src=\"https:\/\/www.cynosurelutronicemea.com\/wp-content\/uploads\/sites\/15\/2024\/11\/Tick-transparent.png\" alt=\"\" width=\"40\" height=\"40\">Pontas de microfeixe de 120\u03bcm, 300\u03bcm e 500\u03bcm para maior precis\u00e3o cl\u00ednica e confian\u00e7a do utilizador.<\/p>\n        <\/div>\n                <\/div>\n      <\/div>\n\n  <\/div>\n<\/section>\n\n<section id=\"content-block_5645f0e5e7982926fb7e27726a1a88eb\" class=\"content-block u-pt-5 u-pt-9@md u-pb-5 u-pb-9@md u-bg-tertriary-gray-100\">\n    <div class=\"o-container-fluid\">\n\n    \n<div class=\"o-row\">\n        <div class=\"o-col-12 u-text-center\">\n                    <div class=\"c-text-editor\">\n          <p style=\"text-align: center;\">Muna a sua pr\u00e1tica est\u00e9tica com os equipamentos da mais alta qualidade do mundo.<\/p>\n        <\/div>\n            <a href=\"#gform_popup_8\" class=\"u-mt-3 u-mr-1 c-button c-button--xl c-button--orange js-open-content-popup\">Contacte-nos<\/a>    <\/div>\n      <\/div>\n\n  <\/div>\n<\/section>\n\n<section id=\"content-block_54a14f4614eb193f410611a132ed7cbd\" class=\"content-block u-pt-5 u-pt-9@md u-pb-5 u-pb-9@md\">\n    <div class=\"o-container\">\n\n    \n<div class=\"o-row\">\n        <div class=\"o-col-12 u-text-center\">\n              <h2 class=\"c-heading c-heading--secondary u-h3 u-h1@sm u-uppercase u-mb-3@sm\">Controlled Chaos Technology\u2122<\/h2>\n                    <div class=\"c-text-editor\">\n          <p><strong>Com Controlled Chaos Technology\u2122 (CCT)<\/strong>, cada microfeixe \u00e9 emitido o mais longe poss\u00edvel do anterior, minimizado o sobreaquecimento do tecido causado pela sobreposi\u00e7\u00e3o e conservando o tecido interm\u00e9dio n\u00e3o radiado. Minimiza o tempo de recupera\u00e7\u00e3o e maximiza a efic\u00e1cia, a seguran\u00e7a e o conforto do paciente.<br \/>\nDistribui\u00e7\u00e3o uniforme de energia, vaporiza\u00e7\u00e3o uniforme e controlo preciso. De tratamentos totalmente agressivos a tratamentos com EcoTone com curto tempo de recupera\u00e7\u00e3o.<\/p>\n<img loading=\"lazy\" decoding=\"async\" class=\"wp-image-1375 aligncenter\" src=\"https:\/\/www.cynosurelutronicemea.com\/wp-content\/uploads\/sites\/15\/2024\/11\/eco2picture-300x124.jpg\" alt=\"\" width=\"586\" height=\"242\" srcset=\"https:\/\/www.cynosurelutronicemea.com\/wp-content\/uploads\/sites\/15\/2024\/11\/eco2picture-300x124.jpg 300w, https:\/\/www.cynosurelutronicemea.com\/wp-content\/uploads\/sites\/15\/2024\/11\/eco2picture-492x204.jpg 492w, https:\/\/www.cynosurelutronicemea.com\/wp-content\/uploads\/sites\/15\/2024\/11\/eco2picture-685x284.jpg 685w, https:\/\/www.cynosurelutronicemea.com\/wp-content\/uploads\/sites\/15\/2024\/11\/eco2picture.jpg 769w\" sizes=\"auto, (max-width: 492px) 576px, 586px\" \/>\n        <\/div>\n            <a href=\"#gform_popup_10\" class=\"u-mt-3 u-mr-1 c-button c-button--xl c-button--transparent-orange js-open-content-popup\">Solicite o nosso cat\u00e1logo<\/a>    <\/div>\n      <\/div>\n\n  <\/div>\n<\/section>\n<div class=\"o-container\">\n  <div class=\"o-row\">\n    <div class=\"o-col-12\">\n      <hr class=\"c-divider u-text-tertriary-gray-gray-400\">\n    <\/div>\n  <\/div>\n<\/div>\n\n<section id=\"cta-columns-block_bc333573836b3b3a0905ed1d8913b96e\" class=\"cta-columns-block u-pt-5 u-pt-9@md u-pb-5 u-pb-9@md c-text-editor\">\n    <div class=\"o-container\">\n\n    <div class=\"u-text-center u-pb-5\"><h2 class=\"u-mb-1\">Que pode tratar eCO2 Plus\u2122? <\/h2><p><\/p><\/div><div class=\"o-stack-4@xl js-cta-columns-slider\"><div class=\"u-mb-gutter u-px-1\">          <img decoding=\"async\" src=\"https:\/\/www.cynosurelutronicemea.com\/wp-content\/uploads\/sites\/15\/2024\/11\/Acne-Scarring.jpg\" srcset=\"\" sizes=\"(max-width: cynosure-small) 100vw, cynosure-small\" alt=\"acne-scarring\">\n    <h3>Cicatrizes de acne<\/h3> \nAs cicatrizes de acne podem ser um problema para toda a vida. eCO2 Plus\u2122 pode reduzir drasticamente a apar\u00eancia das cicatrizes de acne.  <\/div><div class=\"u-mb-gutter u-px-1\">          <img decoding=\"async\" src=\"https:\/\/www.cynosurelutronicemea.com\/wp-content\/uploads\/sites\/15\/2024\/11\/skin-revitalisation.jpg\" srcset=\"\" sizes=\"(max-width: cynosure-small) 100vw, cynosure-small\" alt=\"skin-revitalisation\">\n    <h3>Revitaliza\u00e7\u00e3o da pele <\/h3>\nA tecnologia avan\u00e7ada de laser ablativo de eCO2 Plus\u2122 \u00e9 concebida para suavizar a pele de forma r\u00e1pida e eficaz, com desconforto m\u00ednimo para o paciente.<\/div><div class=\"u-mb-gutter u-px-1\">          <img decoding=\"async\" src=\"https:\/\/www.cynosurelutronicemea.com\/wp-content\/uploads\/sites\/15\/2024\/11\/Fine-lines-and-wrinkles.jpg\" srcset=\"\" sizes=\"(max-width: cynosure-small) 100vw, cynosure-small\" alt=\"fine-lines-and-wrinkles\">\n    <h3>Linhas finas e rugas <\/h3>\neCO2 Plus\u2122 reduz drasticamente linhas finas e rugas, \u00e0s vezes com apenas uma sess\u00e3o.<\/div><\/div>\n  <\/div>\n<\/section>\n\n<section id=\"faq-block_4792b2979e36b29dd8fb3e17a4b978fc\" class=\"faq-block u-pt-5 u-pt-9@md u-pb-5 u-pb-9@md\">\n  <div class=\"o-container\">\n\n    <h3 class=\"u-font-basic\">FAQs<\/h3><div class=\"c-accordion\">        <div class=\"c-accordion__item\">\n          <a href=\"#\" class=\"c-accordion__toggle\">\n            H\u00e1 algum tempo de inatividade ap\u00f3s um tratamento com eCO2 Plus?          <\/a>\n          <div class=\"c-accordion__panel\">\n            <div class=\"c-accordion__content c-text-editor\">\n              <p>Normalmente, os doentes apresentam crostas durante 3 dias, vermelhid\u00e3o durante v\u00e1rios dias, por vezes durante v\u00e1rias semanas, e incha\u00e7o durante 2-3 dias. Para uma cicatriza\u00e7\u00e3o \u00f3ptima, \u00e9 aconselh\u00e1vel evitar a exposi\u00e7\u00e3o solar. \n<\/p>\n            <\/div>\n          <\/div>\n        <\/div>\n            <div class=\"c-accordion__item\">\n          <a href=\"#\" class=\"c-accordion__toggle\">\n            Quantas sess\u00f5es s\u00e3o necess\u00e1rias para obter resultados vis\u00edveis?          <\/a>\n          <div class=\"c-accordion__panel\">\n            <div class=\"c-accordion__content c-text-editor\">\n              <p>O n\u00famero de sess\u00f5es depende da condi\u00e7\u00e3o a ser tratada e dos objectivos individuais. Muitos pacientes registam melhorias ap\u00f3s uma \u00fanica sess\u00e3o, mas podem ser recomendados v\u00e1rios tratamentos para problemas mais profundos, como cicatrizes ou danos solares graves. \n<\/p>\n            <\/div>\n          <\/div>\n        <\/div>\n            <div class=\"c-accordion__item\">\n          <a href=\"#\" class=\"c-accordion__toggle\">\n            O que devo esperar durante um tratamento com eCO2 Plus?          <\/a>\n          <div class=\"c-accordion__panel\">\n            <div class=\"c-accordion__content c-text-editor\">\n              <p>As sess\u00f5es de tratamento s\u00e3o r\u00e1pidas e podem causar algum desconforto ligeiro, semelhante a uma sensa\u00e7\u00e3o de formigueiro ou calor. Posteriormente, os doentes apresentam normalmente crostas, vermelhid\u00e3o e um ligeiro incha\u00e7o, que normalmente desaparece em poucos dias. Os resultados completos podem ser vistos gradualmente \u00e0 medida que a pele cicatriza e rejuvenesce ao longo do tempo.  \n<\/p>\n            <\/div>\n          <\/div>\n        <\/div>\n            <div class=\"c-accordion__item\">\n          <a href=\"#\" class=\"c-accordion__toggle\">\n            Que problemas de pele podem ser tratados com o eCO2 Plus?          <\/a>\n          <div class=\"c-accordion__panel\">\n            <div class=\"c-accordion__content c-text-editor\">\n              <p>O eCO2 Plus\u2122 \u00e9 vers\u00e1til, tratando uma s\u00e9rie de problemas de pele, incluindo r\u00eddulas, rugas profundas, cicatrizes de acne, danos causados pelo sol, poros dilatados e dist\u00farbios de pigmenta\u00e7\u00e3o. Tamb\u00e9m pode melhorar o tom e a textura da pele e \u00e9 adequado tanto para tratamentos ligeiros como extensos. \n<\/p>\n            <\/div>\n          <\/div>\n        <\/div>\n            <div class=\"c-accordion__item\">\n          <a href=\"#\" class=\"c-accordion__toggle\">\n            O que \u00e9 o Cynosure Lutronic eCO2 Plus\u2122 e como funciona?          <\/a>\n          <div class=\"c-accordion__panel\">\n            <div class=\"c-accordion__content c-text-editor\">\n              <p>O eCO2 Plus \u00e9 um avan\u00e7ado laser de CO2 fraccionado e ablativo que utiliza a Tecnologia de Caos Controlado (CCT) para emitir micro-feixes aleat\u00f3rios sobre a pele. Esta tecnologia minimiza a acumula\u00e7\u00e3o de calor e promove um processo de cicatriza\u00e7\u00e3o mais r\u00e1pido, tornando-o ideal para tratamentos de resurfacing da pele, melhorando a textura da pele e minimizando o tempo de inatividade. \n<\/p>\n            <\/div>\n          <\/div>\n        <\/div>\n    <\/div>\n  <\/div>\n<\/section>\n","protected":false},"menu_order":0,"template":"","product_type":[],"class_list":["post-3606","product","type-product","status-publish","hentry"],"acf":[],"yoast_head":"<!-- This site is optimized with the Yoast SEO plugin v27.3 - https:\/\/yoast.com\/product\/yoast-seo-wordpress\/ -->\n<title>eCO2 Plus\u2122 Laser | Cynosure Lutronic<\/title>\n<meta name=\"description\" content=\"O laser eCO2 Plus\u2122 oferece uma precis\u00e3o e uma versatilidade \u00fanicas. Clinicamente comprovado para toda a gama de tratamentos de rejuvenescimento da pele fracionado.\" \/>\n<meta name=\"robots\" content=\"index, follow, max-snippet:-1, max-image-preview:large, max-video-preview:-1\" \/>\n<link rel=\"canonical\" href=\"https:\/\/www.cynosurelutronicemea.com\/pt-pt\/produtos\/eco2\/\" \/>\n<meta property=\"og:locale\" content=\"pt_PT\" \/>\n<meta property=\"og:type\" content=\"article\" \/>\n<meta property=\"og:title\" content=\"eCO2 Plus\u2122 Laser | Cynosure Lutronic\" \/>\n<meta property=\"og:description\" content=\"O laser eCO2 Plus\u2122 oferece uma precis\u00e3o e uma versatilidade \u00fanicas. Clinicamente comprovado para toda a gama de tratamentos de rejuvenescimento da pele fracionado.\" \/>\n<meta property=\"og:url\" content=\"https:\/\/www.cynosurelutronicemea.com\/pt-pt\/produtos\/eco2\/\" \/>\n<meta property=\"og:site_name\" content=\"Cynosure Lutronic EMEA\" \/>\n<meta property=\"article:modified_time\" content=\"2025-03-05T07:16:27+00:00\" \/>\n<meta name=\"twitter:card\" content=\"summary_large_image\" \/>\n<script type=\"application\/ld+json\" class=\"yoast-schema-graph\">{\"@context\":\"https:\\\/\\\/schema.org\",\"@graph\":[{\"@type\":\"WebPage\",\"@id\":\"https:\\\/\\\/www.cynosurelutronicemea.com\\\/pt-pt\\\/produtos\\\/eco2\\\/\",\"url\":\"https:\\\/\\\/www.cynosurelutronicemea.com\\\/pt-pt\\\/produtos\\\/eco2\\\/\",\"name\":\"eCO2 Plus\u2122 Laser | Cynosure Lutronic\",\"isPartOf\":{\"@id\":\"https:\\\/\\\/www.cynosurelutronicemea.com\\\/pt-pt\\\/#website\"},\"datePublished\":\"2024-11-15T10:55:23+00:00\",\"dateModified\":\"2025-03-05T07:16:27+00:00\",\"description\":\"O laser eCO2 Plus\u2122 oferece uma precis\u00e3o e uma versatilidade \u00fanicas. Clinicamente comprovado para toda a gama de tratamentos de rejuvenescimento da pele fracionado.\",\"breadcrumb\":{\"@id\":\"https:\\\/\\\/www.cynosurelutronicemea.com\\\/pt-pt\\\/produtos\\\/eco2\\\/#breadcrumb\"},\"inLanguage\":\"pt-PT\",\"potentialAction\":[{\"@type\":\"ReadAction\",\"target\":[\"https:\\\/\\\/www.cynosurelutronicemea.com\\\/pt-pt\\\/produtos\\\/eco2\\\/\"]}]},{\"@type\":\"BreadcrumbList\",\"@id\":\"https:\\\/\\\/www.cynosurelutronicemea.com\\\/pt-pt\\\/produtos\\\/eco2\\\/#breadcrumb\",\"itemListElement\":[{\"@type\":\"ListItem\",\"position\":1,\"name\":\"Home\",\"item\":\"https:\\\/\\\/www.cynosurelutronicemea.com\\\/pt-pt\\\/\"},{\"@type\":\"ListItem\",\"position\":2,\"name\":\"eCO2\"}]},{\"@type\":\"WebSite\",\"@id\":\"https:\\\/\\\/www.cynosurelutronicemea.com\\\/pt-pt\\\/#website\",\"url\":\"https:\\\/\\\/www.cynosurelutronicemea.com\\\/pt-pt\\\/\",\"name\":\"Cynosure Lutronic EMEA\",\"description\":\"\",\"potentialAction\":[{\"@type\":\"SearchAction\",\"target\":{\"@type\":\"EntryPoint\",\"urlTemplate\":\"https:\\\/\\\/www.cynosurelutronicemea.com\\\/pt-pt\\\/?s={search_term_string}\"},\"query-input\":{\"@type\":\"PropertyValueSpecification\",\"valueRequired\":true,\"valueName\":\"search_term_string\"}}],\"inLanguage\":\"pt-PT\"}]}<\/script>\n<!-- \/ Yoast SEO plugin. -->","yoast_head_json":{"title":"eCO2 Plus\u2122 Laser | Cynosure Lutronic","description":"O laser eCO2 Plus\u2122 oferece uma precis\u00e3o e uma versatilidade \u00fanicas. Clinicamente comprovado para toda a gama de tratamentos de rejuvenescimento da pele fracionado.","robots":{"index":"index","follow":"follow","max-snippet":"max-snippet:-1","max-image-preview":"max-image-preview:large","max-video-preview":"max-video-preview:-1"},"canonical":"https:\/\/www.cynosurelutronicemea.com\/pt-pt\/produtos\/eco2\/","og_locale":"pt_PT","og_type":"article","og_title":"eCO2 Plus\u2122 Laser | Cynosure Lutronic","og_description":"O laser eCO2 Plus\u2122 oferece uma precis\u00e3o e uma versatilidade \u00fanicas. Clinicamente comprovado para toda a gama de tratamentos de rejuvenescimento da pele fracionado.","og_url":"https:\/\/www.cynosurelutronicemea.com\/pt-pt\/produtos\/eco2\/","og_site_name":"Cynosure Lutronic EMEA","article_modified_time":"2025-03-05T07:16:27+00:00","twitter_card":"summary_large_image","schema":{"@context":"https:\/\/schema.org","@graph":[{"@type":"WebPage","@id":"https:\/\/www.cynosurelutronicemea.com\/pt-pt\/produtos\/eco2\/","url":"https:\/\/www.cynosurelutronicemea.com\/pt-pt\/produtos\/eco2\/","name":"eCO2 Plus\u2122 Laser | Cynosure Lutronic","isPartOf":{"@id":"https:\/\/www.cynosurelutronicemea.com\/pt-pt\/#website"},"datePublished":"2024-11-15T10:55:23+00:00","dateModified":"2025-03-05T07:16:27+00:00","description":"O laser eCO2 Plus\u2122 oferece uma precis\u00e3o e uma versatilidade \u00fanicas. Clinicamente comprovado para toda a gama de tratamentos de rejuvenescimento da pele fracionado.","breadcrumb":{"@id":"https:\/\/www.cynosurelutronicemea.com\/pt-pt\/produtos\/eco2\/#breadcrumb"},"inLanguage":"pt-PT","potentialAction":[{"@type":"ReadAction","target":["https:\/\/www.cynosurelutronicemea.com\/pt-pt\/produtos\/eco2\/"]}]},{"@type":"BreadcrumbList","@id":"https:\/\/www.cynosurelutronicemea.com\/pt-pt\/produtos\/eco2\/#breadcrumb","itemListElement":[{"@type":"ListItem","position":1,"name":"Home","item":"https:\/\/www.cynosurelutronicemea.com\/pt-pt\/"},{"@type":"ListItem","position":2,"name":"eCO2"}]},{"@type":"WebSite","@id":"https:\/\/www.cynosurelutronicemea.com\/pt-pt\/#website","url":"https:\/\/www.cynosurelutronicemea.com\/pt-pt\/","name":"Cynosure Lutronic EMEA","description":"","potentialAction":[{"@type":"SearchAction","target":{"@type":"EntryPoint","urlTemplate":"https:\/\/www.cynosurelutronicemea.com\/pt-pt\/?s={search_term_string}"},"query-input":{"@type":"PropertyValueSpecification","valueRequired":true,"valueName":"search_term_string"}}],"inLanguage":"pt-PT"}]}},"_links":{"self":[{"href":"https:\/\/www.cynosurelutronicemea.com\/pt-pt\/wp-json\/wp\/v2\/product\/3606","targetHints":{"allow":["GET"]}}],"collection":[{"href":"https:\/\/www.cynosurelutronicemea.com\/pt-pt\/wp-json\/wp\/v2\/product"}],"about":[{"href":"https:\/\/www.cynosurelutronicemea.com\/pt-pt\/wp-json\/wp\/v2\/types\/product"}],"version-history":[{"count":0,"href":"https:\/\/www.cynosurelutronicemea.com\/pt-pt\/wp-json\/wp\/v2\/product\/3606\/revisions"}],"wp:attachment":[{"href":"https:\/\/www.cynosurelutronicemea.com\/pt-pt\/wp-json\/wp\/v2\/media?parent=3606"}],"wp:term":[{"taxonomy":"product_type","embeddable":true,"href":"https:\/\/www.cynosurelutronicemea.com\/pt-pt\/wp-json\/wp\/v2\/product_type?post=3606"}],"curies":[{"name":"wp","href":"https:\/\/api.w.org\/{rel}","templated":true}]}}