{"id":3602,"date":"2024-11-15T11:19:39","date_gmt":"2024-11-15T11:19:39","guid":{"rendered":"https:\/\/www.cynosurelutronicemea.com\/product\/lasemd-ultra\/"},"modified":"2026-02-02T13:30:30","modified_gmt":"2026-02-02T13:30:30","slug":"lasemd-ultra","status":"publish","type":"product","link":"https:\/\/www.cynosurelutronicemea.com\/pt-pt\/produtos\/lasemd-ultra\/","title":{"rendered":"LaseMD Ultra"},"content":{"rendered":"\n<section id=\"hero-block_f8cce4137b3025d4986b37151bd2b048\" class=\"hero-block\">\n  <!-- <div class=\"o-container-fluid\"> -->\n  \n<div class=\"c-hero-slider-container\" style=\"position:relative;\">\n\n    \n    <div class=\"c-hero-slider js-hero-slider\" >\n                <div class=\"c-hero-slider__item\">\n                    <section class=\"c-hero-slider__content u-text-white u-text-center\" style=\"background-image: url('https:\/\/www.cynosurelutronicemea.com\/wp-content\/uploads\/sites\/15\/2024\/11\/Mobile-Banners3.jpg'), url('https:\/\/www.cynosurelutronicemea.com\/wp-content\/uploads\/sites\/15\/2024\/11\/Banners-Website-Ultra-31.jpg');\">\n                        <div class=\"o-container\">\n                            <div class=\"o-row\">\n                                <div class=\"o-col-8@md o-col-7@lg o-col-6@xl u-mx-auto\">\n                                    <h1 class=\"c-hero-slider__title\">LASE MD Ultra<\/h1>\n                                    <div class=\"c-hero-slider__text\">\n                                        <p>O laser de t\u00falio mais avan\u00e7ado do mundo. Atrav\u00e9s de tratamentos fracionados suaves n\u00e3o ablativos, LaseMD Ultra reconstr\u00f3i uma pele radiante e saud\u00e1vel.  <\/p>\n                                    <\/div>\n                                                                            <a href=\"#gform_popup_8\" class=\"c-button c-button--orange js-open-content-popup\">Descubra a pot\u00eancia de LaseMD Ultra<\/a>                                                                    <\/div>\n                            <\/div>\n                        <\/div>\n                    <\/section>\n                <\/div>\n\n            <\/div><\/div>  <!-- <\/div> -->\n<\/section>\n\n\n\n<section id=\"content-block_be5a1fa056d2f6feeaf973e385ca22e7\" class=\"content-block u-pt-5 u-pt-9@md u-pb-5 u-pb-9@md\">\n    <div class=\"o-container-fluid\">\n\n    \n<div class=\"o-row\">\n        <div class=\"o-col-12 u-text-center\">\n              <h2 class=\"c-heading c-heading--secondary u-h3 u-h1@sm u-uppercase u-mb-3@sm\">Claramente diferente dos lasers convencionais de resurfacing<\/h2>\n                    <div class=\"c-text-editor\">\n          <p>LaseMD Ultra de Cynosure Lutronic oferece uma abordagem \u00fanica para o rejuvenescimento da pele. Atrav\u00e9s de tratamentos fracionados suaves n\u00e3o ablativos, LaseMD Ultra reconstr\u00f3i uma pele radiante e saud\u00e1vel. Com tratamentos ajust\u00e1veis de ligeiros a agressivos, e extremamente rent\u00e1veis, LaseMD Ultra oferece resultados personalizados, com tempo de recupera\u00e7\u00e3o m\u00ednimo para todos os pacientes, durante todo o ano. O novo display de LaseMD Ultra proporciona um feedback valioso para o utilizador, permitindo aos profissionais obter resultados excelentes de forma constante. <\/p>\n        <\/div>\n                <\/div>\n      <\/div>\n\n  <\/div>\n<\/section>\n\n\n\n<section id=\"before-after-block_c0d100ad362222255acff21a4e76d975\" class=\"before-after-block\">\n  <div class=\"o-container-fluid\">\n    <div class=\"o-row\">\n      <div class=\"o-col-12\">\n        <div class=\"eb-c-comparison-slider\">\n                            <\/div>\n      <\/div>\n    <\/div>\n  <\/div>\n<\/section>\n\n\n\n<section id=\"content-block_3ab66d60fefbe7b26a624b186d1e2880\" class=\"content-block u-pt-5 u-pt-9@md\">\n    <div class=\"o-container\">\n\n    \n<div class=\"o-row\">\n        <div class=\"o-col-12 u-text-center\">\n              <h2 class=\"c-heading c-heading--secondary u-h3 u-h1@sm u-uppercase u-mb-3@sm\">Que pode fazer LaseMD Ultra?<\/h2>\n                    <div class=\"c-text-editor\">\n          <p>O laser de t\u00falio de 1927 nm inteligente e otimizado de LaseMD Ultra oferece uma funcionalidade \u00fanica ao mercado dos cuidados da pele. <\/p>\n<p><img loading=\"lazy\" decoding=\"async\" class=\"alignnone size-full wp-image-1063\" src=\"https:\/\/www.cynosurelutronicemea.com\/wp-content\/uploads\/sites\/15\/2024\/11\/Tick-transparent.png\" alt=\"\" width=\"40\" height=\"40\">Com a pot\u00eancia mais elevada, assegura tratamentos r\u00e1pidos, personaliz\u00e1veis para diferentes \u00e1reas. <\/p>\n<p><img loading=\"lazy\" decoding=\"async\" class=\"alignnone size-full wp-image-1063\" src=\"https:\/\/www.cynosurelutronicemea.com\/wp-content\/uploads\/sites\/15\/2024\/11\/Tick-transparent.png\" alt=\"\" width=\"40\" height=\"40\">Uma melhoria global suave e eficaz de todos os tipos de pele, durante todo o ano.<\/p>\n<p><img loading=\"lazy\" decoding=\"async\" class=\"alignnone size-full wp-image-1063\" src=\"https:\/\/www.cynosurelutronicemea.com\/wp-content\/uploads\/sites\/15\/2024\/11\/Tick-transparent.png\" alt=\"\" width=\"40\" height=\"40\">Tratamento confort\u00e1vel com tempo de recupera\u00e7\u00e3o m\u00ednimo e resultados imediatos.<\/p>\n<p><img loading=\"lazy\" decoding=\"async\" class=\"alignnone size-full wp-image-1063\" src=\"https:\/\/www.cynosurelutronicemea.com\/wp-content\/uploads\/sites\/15\/2024\/11\/Tick-transparent.png\" alt=\"\" width=\"40\" height=\"40\">M\u00ednimo custo de utiliza\u00e7\u00e3o, f\u00e1cil de delegar e sem limite de disparos por procedimento.<\/p>\n<p>&nbsp;<\/p>\n<p>&nbsp;<\/p>\n        <\/div>\n                <\/div>\n      <\/div>\n\n  <\/div>\n<\/section>\n\n\n\n<section id=\"content-block_bd272973546af24ff2f0d57c4feb6036\" class=\"content-block u-pt-5 u-pt-9@md u-pb-5 u-pb-9@md u-bg-tertriary-gray-100\">\n    <div class=\"o-container-fluid\">\n\n    \n<div class=\"o-row\">\n        <div class=\"o-col-12 u-text-center\">\n                    <div class=\"c-text-editor\">\n          <p style=\"text-align: center;\">Muna a sua pr\u00e1tica est\u00e9tica com os equipamentos da mais alta qualidade do mundo.<\/p>\n        <\/div>\n            <a href=\"#gform_popup_8\" class=\"u-mt-3 u-mr-1 c-button c-button--xl c-button--orange js-open-content-popup\">Contacte-nos<\/a><a href=\"#gform_popup_10\" class=\"u-mt-3 u-mr-1 c-button c-button--xl c-button--transparent-orange js-open-content-popup\">Clinical ebook<\/a>    <\/div>\n      <\/div>\n\n  <\/div>\n<\/section>\n\n\n\n<section id=\"content-block_adc1a3a41ab7b8e3e882fddeb20b0141\" class=\"content-block u-pt-5 u-pt-9@md u-pb-5 u-pb-9@md\">\n    <div class=\"o-container\">\n\n    \n<div class=\"o-row\">\n        <div class=\"o-col-12 u-text-center\">\n              <h2 class=\"c-heading c-heading--secondary u-h3 u-h1@sm u-uppercase u-mb-3@sm\"> Pot\u00eancia \u00fanica<\/h2>\n                    <div class=\"c-text-editor\">\n          <p>LaseMD Ultra \u00e9 o \u00fanico dispositivo dispon\u00edvel no mercado que fornece uma pot\u00eancia m\u00e1xima de 20 W com um perfil de feixe Top-Hat, para tratamentos incomparavelmente mais r\u00e1pidos e consistentes. LaseMD ULTRA\u2122 aumenta a permeabilidade com m\u00ednima altera\u00e7\u00e3o t\u00e9rmica do estrato c\u00f3rneo. <\/p>\n        <\/div>\n            <a href=\"#gform_popup_10\" class=\"u-mt-3 u-mr-1 c-button c-button--xl c-button--transparent-orange js-open-content-popup\">Solicite o nosso cat\u00e1logo<\/a>    <\/div>\n      <\/div>\n\n  <\/div>\n<\/section>\n\n\n<div class=\"o-container\">\n  <div class=\"o-row\">\n    <div class=\"o-col-12\">\n      <hr class=\"c-divider u-text-tertriary-gray-gray-400\">\n    <\/div>\n  <\/div>\n<\/div>\n\n\n\n<section id=\"cta-columns-block_d03417f40d16aec1bfaec7f05f409da1\" class=\"cta-columns-block u-pt-5 u-pt-9@md u-pb-5 u-pb-9@md c-text-editor\">\n    <div class=\"o-container\">\n\n    <div class=\"u-text-center u-pb-5\"><h2 class=\"u-mb-1\">Que pode tratar LaseMD Ultra? <\/h2><p><\/p><\/div><div class=\"o-stack-4@xl js-cta-columns-slider\"><div class=\"u-mb-gutter u-px-1\">          <img decoding=\"async\" src=\"https:\/\/www.cynosurelutronicemea.com\/wp-content\/uploads\/sites\/15\/2024\/11\/Active-acne-Icon.jpg\" srcset=\"\" sizes=\"(max-width: cynosure-small) 100vw, cynosure-small\" alt=\"active-acne-icon\">\n    <h3>Acne ativa<\/h3> \nLaseMD Ultra usa um laser de t\u00falio de 1927 nm para criar microcanais na pele, reduzindo a acne atrav\u00e9s de resurfacing suave e diminuindo as bact\u00e9rias que s\u00e3o respons\u00e1veis pelos surtos de acne. O dispositivo tamb\u00e9m permite que subst\u00e2ncias ativas espec\u00edficas sejam introduzidas diretamente na pele, reduzindo a inflama\u00e7\u00e3o e melhorando a sa\u00fade da pele. <\/div><div class=\"u-mb-gutter u-px-1\">          <img decoding=\"async\" src=\"https:\/\/www.cynosurelutronicemea.com\/wp-content\/uploads\/sites\/15\/2024\/11\/melasma.jpg\" srcset=\"\" sizes=\"(max-width: cynosure-small) 100vw, cynosure-small\" alt=\"melasma\">\n    <h3> Melasma <\/h3>LaseMD Ultra \u00e9 eficaz para o tratamento de melasma, pois pode alcan\u00e7ar \u00e1reas pigmentadas sem calor excessivo, reduzindo a produ\u00e7\u00e3o de melanina e a densidade do pigmento na pele. O uso de ampolas de \u00e1cido tranex\u00e2mico ajuda a clarear e prevenir a pigmenta\u00e7\u00e3o, tornando-se uma op\u00e7\u00e3o segura para pacientes com melasma e outros problemas de pigmenta\u00e7\u00e3o. <\/div><div class=\"u-mb-gutter u-px-1\">          <img decoding=\"async\" src=\"https:\/\/www.cynosurelutronicemea.com\/wp-content\/uploads\/sites\/15\/2024\/11\/skin-revitalisation.jpg\" srcset=\"\" sizes=\"(max-width: cynosure-small) 100vw, cynosure-small\" alt=\"skin-revitalisation\">\n    <h3>Revitaliza\u00e7\u00e3o da pele <\/h3>\nAo estimular a produ\u00e7\u00e3o de colag\u00e9nio e a renova\u00e7\u00e3o celular, LaseMD Ultra melhora significativamente a textura e o tom da pele. A t\u00e9cnica suave de laser fracionado permite um rejuvenescimento profundo, favorecendo uma pele radiante, suave e hidratada com tempo de recupera\u00e7\u00e3o m\u00ednimo, tornando-se a t\u00e9cnica perfeita para tratamentos durante todo o ano. <\/div><div class=\"u-mb-gutter u-px-1\">          <img decoding=\"async\" src=\"https:\/\/www.cynosurelutronicemea.com\/wp-content\/uploads\/sites\/15\/2024\/11\/Fine-lines-and-wrinkles.jpg\" srcset=\"\" sizes=\"(max-width: cynosure-small) 100vw, cynosure-small\" alt=\"fine-lines-and-wrinkles\">\n    <h3>Linhas finas e rugas <\/h3>\nPara o antienvelhecimento, LaseMD Ultra estimula a produ\u00e7\u00e3o de colag\u00e9nio e elastina, atenuando a apar\u00eancia de linhas finas e rugas. Os microcanais facilitam a introdu\u00e7\u00e3o de subst\u00e2ncias de antienvelhecimento potentes, como a vitamina C e o retinol, diretamente nas camadas da pele, onde s\u00e3o mais eficazes para fortalecer e reafirmar a pele. \n\n<\/div><\/div>\n  <\/div>\n<\/section>\n\n\n\n<section id=\"faq-block_47d799a207ebf22de33173ab5e4b840a\" class=\"faq-block u-pt-5 u-pt-9@md u-pb-5 u-pb-9@md\">\n  <div class=\"o-container\">\n\n    <h3 class=\"u-font-basic\">FAQs<\/h3><div class=\"c-accordion\">        <div class=\"c-accordion__item\">\n          <a href=\"#\" class=\"c-accordion__toggle\">\n            O LaseMD Ultra \u00e9 adequado para todos os tipos de pele?          <\/a>\n          <div class=\"c-accordion__panel\">\n            <div class=\"c-accordion__content c-text-editor\">\n              <p>Sim, o LaseMD Ultra \u00e9 geralmente seguro para todos os tipos de pele. As suas suaves defini\u00e7\u00f5es de laser podem ser ajustadas para se adequarem a v\u00e1rios tons de pele, incluindo os que s\u00e3o propensos a altera\u00e7\u00f5es de pigmenta\u00e7\u00e3o, tornando-o uma op\u00e7\u00e3o vers\u00e1til para uma gama diversificada de pacientes. \n<\/p>\n            <\/div>\n          <\/div>\n        <\/div>\n            <div class=\"c-accordion__item\">\n          <a href=\"#\" class=\"c-accordion__toggle\">\n             Existe algum tempo de inatividade ap\u00f3s os tratamentos LaseMD Ultra?          <\/a>\n          <div class=\"c-accordion__panel\">\n            <div class=\"c-accordion__content c-text-editor\">\n              <p>O tempo de inatividade do LaseMD Ultra \u00e9 m\u00ednimo. A maioria dos pacientes sente uma ligeira vermelhid\u00e3o e uma textura semelhante a uma lixa durante alguns dias, mas estes efeitos geralmente desaparecem rapidamente. A prote\u00e7\u00e3o solar e a hidrata\u00e7\u00e3o s\u00e3o aconselhadas para apoiar o processo de cicatriza\u00e7\u00e3o.  \n<\/p>\n            <\/div>\n          <\/div>\n        <\/div>\n            <div class=\"c-accordion__item\">\n          <a href=\"#\" class=\"c-accordion__toggle\">\n            Quantos tratamentos s\u00e3o necess\u00e1rios para ver resultados?          <\/a>\n          <div class=\"c-accordion__panel\">\n            <div class=\"c-accordion__content c-text-editor\">\n              <p>Muitos pacientes notam melhorias ap\u00f3s uma \u00fanica sess\u00e3o; no entanto, \u00e9 frequentemente recomendada uma s\u00e9rie de 3-5 tratamentos para obter resultados \u00f3ptimos, particularmente para condi\u00e7\u00f5es como o melasma ou as r\u00eddulas. O seu profissional ir\u00e1 personalizar um plano de tratamento com base no seu tipo de pele e objectivos. \n<\/p>\n            <\/div>\n          <\/div>\n        <\/div>\n            <div class=\"c-accordion__item\">\n          <a href=\"#\" class=\"c-accordion__toggle\">\n            Quais s\u00e3o os problemas de pele que o LaseMD Ultra pode tratar?          <\/a>\n          <div class=\"c-accordion__panel\">\n            <div class=\"c-accordion__content c-text-editor\">\n              <p>O LaseMD Ultra pode tratar uma vasta gama de problemas de pele, incluindo problemas de pigmenta\u00e7\u00e3o (como o melasma), acne ativa e cicatrizes de acne, r\u00eddulas, tom de pele irregular e textura. \u00c9 tamb\u00e9m ben\u00e9fico para a revitaliza\u00e7\u00e3o geral da pele, melhorando a luminosidade e promovendo uma apar\u00eancia mais jovem. \n<\/p>\n            <\/div>\n          <\/div>\n        <\/div>\n            <div class=\"c-accordion__item\">\n          <a href=\"#\" class=\"c-accordion__toggle\">\n            O que \u00e9 o LaseMD Ultra e como funciona?          <\/a>\n          <div class=\"c-accordion__panel\">\n            <div class=\"c-accordion__content c-text-editor\">\n              <p>O LaseMD Ultra \u00e9 um sistema avan\u00e7ado de rejuvenescimento da pele que combina um laser de t\u00falio de 1927 nm com um Sistema de Entrega Cosmec\u00eautica (CDS) \u00fanico. Este sistema cria micro-canais na pele, promovendo a produ\u00e7\u00e3o de colag\u00e9nio e permitindo que os ingredientes activos penetrem em profundidade. O dispositivo \u00e9 conhecido pela sua energia suave e fraccionada, o que o torna eficaz no tratamento de v\u00e1rios problemas de pele, minimizando o tempo de inatividade.  \n<\/p>\n            <\/div>\n          <\/div>\n        <\/div>\n    <\/div>\n  <\/div>\n<\/section>\n","protected":false},"menu_order":0,"template":"","product_type":[],"class_list":["post-3602","product","type-product","status-publish","hentry"],"acf":[],"yoast_head":"<!-- This site is optimized with the Yoast SEO plugin v27.3 - https:\/\/yoast.com\/product\/yoast-seo-wordpress\/ -->\n<title>LaseMD Ultra | Cynosure Lutronic<\/title>\n<meta name=\"description\" content=\"LaseMD Ultra \u2013 o laser de t\u00falio mais avan\u00e7ado do mundo. Atrav\u00e9s de tratamentos fracionados suaves n\u00e3o ablativos, reconstr\u00f3i uma pele radiante e saud\u00e1vel.\" \/>\n<meta name=\"robots\" content=\"index, follow, max-snippet:-1, max-image-preview:large, max-video-preview:-1\" \/>\n<link rel=\"canonical\" href=\"https:\/\/www.cynosurelutronicemea.com\/pt-pt\/produtos\/lasemd-ultra\/\" \/>\n<meta property=\"og:locale\" content=\"pt_PT\" \/>\n<meta property=\"og:type\" content=\"article\" \/>\n<meta property=\"og:title\" content=\"LaseMD Ultra | Cynosure Lutronic\" \/>\n<meta property=\"og:description\" content=\"LaseMD Ultra \u2013 o laser de t\u00falio mais avan\u00e7ado do mundo. Atrav\u00e9s de tratamentos fracionados suaves n\u00e3o ablativos, reconstr\u00f3i uma pele radiante e saud\u00e1vel.\" \/>\n<meta property=\"og:url\" content=\"https:\/\/www.cynosurelutronicemea.com\/pt-pt\/produtos\/lasemd-ultra\/\" \/>\n<meta property=\"og:site_name\" content=\"Cynosure Lutronic EMEA\" \/>\n<meta property=\"article:modified_time\" content=\"2026-02-02T13:30:30+00:00\" \/>\n<meta name=\"twitter:card\" content=\"summary_large_image\" \/>\n<script type=\"application\/ld+json\" class=\"yoast-schema-graph\">{\"@context\":\"https:\\\/\\\/schema.org\",\"@graph\":[{\"@type\":\"WebPage\",\"@id\":\"https:\\\/\\\/www.cynosurelutronicemea.com\\\/pt-pt\\\/produtos\\\/lasemd-ultra\\\/\",\"url\":\"https:\\\/\\\/www.cynosurelutronicemea.com\\\/pt-pt\\\/produtos\\\/lasemd-ultra\\\/\",\"name\":\"LaseMD Ultra | Cynosure Lutronic\",\"isPartOf\":{\"@id\":\"https:\\\/\\\/www.cynosurelutronicemea.com\\\/pt-pt\\\/#website\"},\"datePublished\":\"2024-11-15T11:19:39+00:00\",\"dateModified\":\"2026-02-02T13:30:30+00:00\",\"description\":\"LaseMD Ultra \u2013 o laser de t\u00falio mais avan\u00e7ado do mundo. Atrav\u00e9s de tratamentos fracionados suaves n\u00e3o ablativos, reconstr\u00f3i uma pele radiante e saud\u00e1vel.\",\"breadcrumb\":{\"@id\":\"https:\\\/\\\/www.cynosurelutronicemea.com\\\/pt-pt\\\/produtos\\\/lasemd-ultra\\\/#breadcrumb\"},\"inLanguage\":\"pt-PT\",\"potentialAction\":[{\"@type\":\"ReadAction\",\"target\":[\"https:\\\/\\\/www.cynosurelutronicemea.com\\\/pt-pt\\\/produtos\\\/lasemd-ultra\\\/\"]}]},{\"@type\":\"BreadcrumbList\",\"@id\":\"https:\\\/\\\/www.cynosurelutronicemea.com\\\/pt-pt\\\/produtos\\\/lasemd-ultra\\\/#breadcrumb\",\"itemListElement\":[{\"@type\":\"ListItem\",\"position\":1,\"name\":\"Home\",\"item\":\"https:\\\/\\\/www.cynosurelutronicemea.com\\\/pt-pt\\\/\"},{\"@type\":\"ListItem\",\"position\":2,\"name\":\"LaseMD Ultra\"}]},{\"@type\":\"WebSite\",\"@id\":\"https:\\\/\\\/www.cynosurelutronicemea.com\\\/pt-pt\\\/#website\",\"url\":\"https:\\\/\\\/www.cynosurelutronicemea.com\\\/pt-pt\\\/\",\"name\":\"Cynosure Lutronic EMEA\",\"description\":\"\",\"potentialAction\":[{\"@type\":\"SearchAction\",\"target\":{\"@type\":\"EntryPoint\",\"urlTemplate\":\"https:\\\/\\\/www.cynosurelutronicemea.com\\\/pt-pt\\\/?s={search_term_string}\"},\"query-input\":{\"@type\":\"PropertyValueSpecification\",\"valueRequired\":true,\"valueName\":\"search_term_string\"}}],\"inLanguage\":\"pt-PT\"}]}<\/script>\n<!-- \/ Yoast SEO plugin. -->","yoast_head_json":{"title":"LaseMD Ultra | Cynosure Lutronic","description":"LaseMD Ultra \u2013 o laser de t\u00falio mais avan\u00e7ado do mundo. Atrav\u00e9s de tratamentos fracionados suaves n\u00e3o ablativos, reconstr\u00f3i uma pele radiante e saud\u00e1vel.","robots":{"index":"index","follow":"follow","max-snippet":"max-snippet:-1","max-image-preview":"max-image-preview:large","max-video-preview":"max-video-preview:-1"},"canonical":"https:\/\/www.cynosurelutronicemea.com\/pt-pt\/produtos\/lasemd-ultra\/","og_locale":"pt_PT","og_type":"article","og_title":"LaseMD Ultra | Cynosure Lutronic","og_description":"LaseMD Ultra \u2013 o laser de t\u00falio mais avan\u00e7ado do mundo. Atrav\u00e9s de tratamentos fracionados suaves n\u00e3o ablativos, reconstr\u00f3i uma pele radiante e saud\u00e1vel.","og_url":"https:\/\/www.cynosurelutronicemea.com\/pt-pt\/produtos\/lasemd-ultra\/","og_site_name":"Cynosure Lutronic EMEA","article_modified_time":"2026-02-02T13:30:30+00:00","twitter_card":"summary_large_image","schema":{"@context":"https:\/\/schema.org","@graph":[{"@type":"WebPage","@id":"https:\/\/www.cynosurelutronicemea.com\/pt-pt\/produtos\/lasemd-ultra\/","url":"https:\/\/www.cynosurelutronicemea.com\/pt-pt\/produtos\/lasemd-ultra\/","name":"LaseMD Ultra | Cynosure Lutronic","isPartOf":{"@id":"https:\/\/www.cynosurelutronicemea.com\/pt-pt\/#website"},"datePublished":"2024-11-15T11:19:39+00:00","dateModified":"2026-02-02T13:30:30+00:00","description":"LaseMD Ultra \u2013 o laser de t\u00falio mais avan\u00e7ado do mundo. Atrav\u00e9s de tratamentos fracionados suaves n\u00e3o ablativos, reconstr\u00f3i uma pele radiante e saud\u00e1vel.","breadcrumb":{"@id":"https:\/\/www.cynosurelutronicemea.com\/pt-pt\/produtos\/lasemd-ultra\/#breadcrumb"},"inLanguage":"pt-PT","potentialAction":[{"@type":"ReadAction","target":["https:\/\/www.cynosurelutronicemea.com\/pt-pt\/produtos\/lasemd-ultra\/"]}]},{"@type":"BreadcrumbList","@id":"https:\/\/www.cynosurelutronicemea.com\/pt-pt\/produtos\/lasemd-ultra\/#breadcrumb","itemListElement":[{"@type":"ListItem","position":1,"name":"Home","item":"https:\/\/www.cynosurelutronicemea.com\/pt-pt\/"},{"@type":"ListItem","position":2,"name":"LaseMD Ultra"}]},{"@type":"WebSite","@id":"https:\/\/www.cynosurelutronicemea.com\/pt-pt\/#website","url":"https:\/\/www.cynosurelutronicemea.com\/pt-pt\/","name":"Cynosure Lutronic EMEA","description":"","potentialAction":[{"@type":"SearchAction","target":{"@type":"EntryPoint","urlTemplate":"https:\/\/www.cynosurelutronicemea.com\/pt-pt\/?s={search_term_string}"},"query-input":{"@type":"PropertyValueSpecification","valueRequired":true,"valueName":"search_term_string"}}],"inLanguage":"pt-PT"}]}},"_links":{"self":[{"href":"https:\/\/www.cynosurelutronicemea.com\/pt-pt\/wp-json\/wp\/v2\/product\/3602","targetHints":{"allow":["GET"]}}],"collection":[{"href":"https:\/\/www.cynosurelutronicemea.com\/pt-pt\/wp-json\/wp\/v2\/product"}],"about":[{"href":"https:\/\/www.cynosurelutronicemea.com\/pt-pt\/wp-json\/wp\/v2\/types\/product"}],"version-history":[{"count":0,"href":"https:\/\/www.cynosurelutronicemea.com\/pt-pt\/wp-json\/wp\/v2\/product\/3602\/revisions"}],"wp:attachment":[{"href":"https:\/\/www.cynosurelutronicemea.com\/pt-pt\/wp-json\/wp\/v2\/media?parent=3602"}],"wp:term":[{"taxonomy":"product_type","embeddable":true,"href":"https:\/\/www.cynosurelutronicemea.com\/pt-pt\/wp-json\/wp\/v2\/product_type?post=3602"}],"curies":[{"name":"wp","href":"https:\/\/api.w.org\/{rel}","templated":true}]}}