{"id":1239,"date":"2024-11-14T16:07:39","date_gmt":"2024-11-14T16:07:39","guid":{"rendered":"https:\/\/www.cynosurelutronicemea.com\/?post_type=product&#038;p=1239"},"modified":"2025-01-06T10:26:24","modified_gmt":"2025-01-06T10:26:24","slug":"pico-plus","status":"publish","type":"product","link":"https:\/\/www.cynosurelutronicemea.com\/pt-pt\/product\/pico-plus\/","title":{"rendered":"Pico Plus"},"content":{"rendered":"\n<section id=\"hero-block_630dfab8a28b0dbece4988818c31fa45\" class=\"hero-block\">\n  <!-- <div class=\"o-container-fluid\"> -->\n  \n<div class=\"c-hero-slider-container\" style=\"position:relative;\">\n\n    \n    <div class=\"c-hero-slider js-hero-slider\" >\n                <div class=\"c-hero-slider__item\">\n                    <section class=\"c-hero-slider__content u-text-black u-text-center\" style=\"background-image: url('https:\/\/www.cynosurelutronicemea.com\/wp-content\/uploads\/sites\/15\/2024\/11\/Mobile-Banners3.jpg'), url('https:\/\/www.cynosurelutronicemea.com\/wp-content\/uploads\/sites\/15\/2024\/11\/Banners-Website-PicoPlus-19.jpg');\">\n                        <div class=\"o-container\">\n                            <div class=\"o-row\">\n                                <div class=\"o-col-8@md o-col-7@lg o-col-6@xl u-mx-auto\">\n                                    <h1 class=\"c-hero-slider__title\">PICOPLUS <\/h1>\n                                    <div class=\"c-hero-slider__text\">\n                                        <p>Enjoy the Highest Power of Any Multi-Wavelength Picosecond Laser <\/p>\n                                    <\/div>\n                                                                            <a href=\"#gform_popup_8\" class=\"c-button c-button--orange js-open-content-popup\">Request Information<\/a>                                                                    <\/div>\n                            <\/div>\n                        <\/div>\n                    <\/section>\n                <\/div>\n\n            <\/div><\/div>  <!-- <\/div> -->\n<\/section>\n\n\n\n<section id=\"content-block_f82c8dd032108b6218b02373ca6a134f\" class=\"content-block u-pt-5 u-pt-9@md u-pb-5 u-pb-9@md\">\n    <div class=\"o-container-fluid\">\n\n    \n<div class=\"o-row\">\n        <div class=\"o-col-12 u-text-center\">\n              <h2 class=\"c-heading c-heading--secondary u-h3 u-h1@sm u-uppercase u-mb-3@sm\">The next generation of picosecond lasers.\u00a0<\/h2>\n                    <div class=\"c-text-editor\">\n          <p><span data-contrast=\"none\">The power and versatility needed for advanced treatments.\u00a0<\/span><span data-ccp-props=\"{&quot;201341983&quot;:0,&quot;335559740&quot;:240}\">\u00a0<\/span><span data-contrast=\"none\">The power is in the pulse.\u00a0<\/span><span data-ccp-props=\"{&quot;201341983&quot;:0,&quot;335559740&quot;:240}\">\u00a0<\/span><\/p>\n<p><span data-contrast=\"none\">PicoPlus is the next-generation, top-of-the-line series of <\/span><span data-contrast=\"none\">Picosecond <\/span><span data-contrast=\"none\">Nd:YAG laser devices, developed over 15 years, the PicoPlus is revolutionising the treatments for melasma, pigmentation, tattoos, scars and skin rejuvenation.\u00a0<\/span><span data-ccp-props=\"{&quot;201341983&quot;:0,&quot;335559740&quot;:240}\">\u00a0<\/span><\/p>\n<p><span data-contrast=\"none\">Offering four unique wavelengths (532 nm, 595 nm, 660 nm, and 1064 nm), its versatility is why the PicoPlus is used by doctors the world over.\u00a0<\/span><\/p>\n        <\/div>\n                <\/div>\n      <\/div>\n\n  <\/div>\n<\/section>\n\n\n\n<section id=\"before-after-block_5a5185da1c40943ce51b85917f274fdf\" class=\"before-after-block\">\n  <div class=\"o-container-fluid\">\n    <div class=\"o-row\">\n      <div class=\"o-col-12\">\n        <div class=\"eb-c-comparison-slider\">\n                            <\/div>\n      <\/div>\n    <\/div>\n  <\/div>\n<\/section>\n\n\n\n<section id=\"content-block_d6a2aacd903d0a1ab1fcc64b58a5a68d\" class=\"content-block u-pt-5 u-pt-9@md u-pb-5 u-pb-9@md u-bg-tertriary-gray-100\">\n    <div class=\"o-container-fluid\">\n\n    \n<div class=\"o-row\">\n        <div class=\"o-col-12 u-text-center\">\n                    <div class=\"c-text-editor\">\n          <p style=\"text-align: center;\">Equip your practice with the highest-quality aesthetics machines in the world.<\/p>\n        <\/div>\n            <a href=\"#gform_popup_8\" class=\"u-mt-3 u-mr-1 c-button c-button--xl c-button--orange js-open-content-popup\">Request Demo<\/a>    <\/div>\n      <\/div>\n\n  <\/div>\n<\/section>\n\n\n\n<section id=\"content-block_dac85c4254541ae563888295d922c332\" class=\"content-block u-pt-5 u-pt-9@md u-pb-5 u-pb-9@md\">\n    <div class=\"o-container\">\n\n    \n<div class=\"o-row\">\n          <div class=\"o-col-12\">\n              <div class=\"o-row\">\n          <div class=\"o-col-6@md\">\n            <h2 class=\"c-heading c-heading--secondary u-h3 u-h1@sm u-uppercase u-mb-3@sm\">The benefits of the Pico Plus<\/h2>\n          <\/div>\n        <\/div>\n            <div class=\"o-row\">\n                  <div class=\"o-col-6@md\">\n            <div class=\"c-text-editor\">\n              <p><span data-contrast=\"none\"><strong>Intuitive<\/strong> &#8211; Designed for the busy user, the system is a dream to use. Instantly switch between wavelengths and pulse durations without the need for recalibration.<\/span><span data-ccp-props=\"{&quot;201341983&quot;:0,&quot;335559740&quot;:240}\">\u00a0<\/span><\/p>\n<p><span data-contrast=\"none\"><strong>Innovative<\/strong> \u2013 <\/span><span data-contrast=\"auto\">The dual-focused dots handpiece features an adjustable depth micro-beam scanner for procedures.<\/span><span data-ccp-props=\"{&quot;201341983&quot;:0,&quot;335559740&quot;:240}\">\u00a0<\/span><\/p>\n<p><span data-contrast=\"none\"><strong>Effective<\/strong> &#8211; With four wavelengths: 532 nm, 595 nm, 660 nm, and 1064 nm, the PicoPlus has the versatility to treat even the most difficult cases.<\/span><span data-ccp-props=\"{&quot;201341983&quot;:0,&quot;335559740&quot;:240}\">\u00a0<\/span><\/p>\n<p><span data-contrast=\"none\"><strong>Dependable<\/strong> &#8211; Physicians around the world rely on PicoPlus to deliver optimal outcomes. The PicoPlus self-calibrates to maximise uptime.<\/span><span data-ccp-props=\"{&quot;201341983&quot;:0,&quot;335559740&quot;:240}\">\u00a0<\/span><\/p>\n            <\/div>\n          <\/div>\n                          <div class=\"o-col-6@md\">\n            <script src=\"https:\/\/fast.wistia.com\/embed\/medias\/w5fo6bhjhl.jsonp\" async><\/script><script src=\"https:\/\/fast.wistia.com\/assets\/external\/E-v1.js\" async><\/script>\n<div class=\"wistia_responsive_padding\" style=\"padding:56.25% 0 0 0;position:relative;\">\n<div class=\"wistia_responsive_wrapper\" style=\"height:100%;left:0;position:absolute;top:0;width:100%;\">\n<div class=\"wistia_embed wistia_async_w5fo6bhjhl seo=true videoFoam=true\" style=\"height:100%;position:relative;width:100%\">\n<div class=\"wistia_swatch\" style=\"height:100%;left:0;opacity:0;overflow:hidden;position:absolute;top:0;transition:opacity 200ms;width:100%;\"><img decoding=\"async\" src=\"https:\/\/fast.wistia.com\/embed\/medias\/w5fo6bhjhl\/swatch\" style=\"filter:blur(5px);height:100%;object-fit:contain;width:100%;\" alt=\"\" aria-hidden=\"true\" onload=\"this.parentNode.style.opacity=1;\" \/><\/div>\n<\/div>\n<\/div>\n<\/div>\n            <a href=\"#gform_popup_10\" class=\"u-mt-3 u-mr-1 c-button c-button--xl c-button--transparent-orange js-open-content-popup\">Request Brochure<\/a>          <\/div>\n              <\/div>\n    <\/div>\n    <\/div>\n\n  <\/div>\n<\/section>\n\n\n<div class=\"o-container\">\n  <div class=\"o-row\">\n    <div class=\"o-col-12\">\n      <hr class=\"c-divider u-text-tertriary-gray-gray-400\">\n    <\/div>\n  <\/div>\n<\/div>\n\n\n\n<section id=\"cta-columns-block_67071e971bb1b4377e9bad9e3222f717\" class=\"cta-columns-block u-pt-5 u-pt-9@md u-pb-5 u-pb-9@md c-text-editor\">\n    <div class=\"o-container\">\n\n    <div class=\"u-text-center u-pb-5\"><h2 class=\"u-mb-1\">What can the PicoPlus treat? <\/h2><p><\/p><\/div><div class=\"o-stack-4@xl js-cta-columns-slider\"><div class=\"u-mb-gutter u-px-1\">          <img decoding=\"async\" src=\"https:\/\/www.cynosurelutronicemea.com\/wp-content\/uploads\/sites\/15\/2024\/11\/Tattoo-removal-Icon.jpg\" srcset=\"\" sizes=\"(max-width: cynosure-small) 100vw, cynosure-small\" alt=\"tattoo-removal-icon\">\n    <h3>Tattoo removal<\/h3> \r\nAt least twice as fast and more effective for tattoo removal compared to conventional Q-switch lasers. <\/div><div class=\"u-mb-gutter u-px-1\">          <img decoding=\"async\" src=\"https:\/\/www.cynosurelutronicemea.com\/wp-content\/uploads\/sites\/15\/2024\/11\/pigmentation.jpg\" srcset=\"\" sizes=\"(max-width: cynosure-small) 100vw, cynosure-small\" alt=\"pigmentation\">\n    <h3>Pigmentation <\/h3>\r\nPicoPlus is an ideal device to treat and remove\u202frecalcitrant pigmentation, clearing unwanted pigment painlessly and effectively.\u202f<\/div><div class=\"u-mb-gutter u-px-1\">          <img decoding=\"async\" src=\"https:\/\/www.cynosurelutronicemea.com\/wp-content\/uploads\/sites\/15\/2024\/11\/melasma.jpg\" srcset=\"\" sizes=\"(max-width: cynosure-small) 100vw, cynosure-small\" alt=\"melasma\">\n    <h3> Melasma <\/h3>The PicoSure\u2019s adjustable wavelength allows it to treat all phototypes, penetrating deeply enough to reach the dermal pigmentary component of melasma.\u202f <\/div><div class=\"u-mb-gutter u-px-1\">          <img decoding=\"async\" src=\"https:\/\/www.cynosurelutronicemea.com\/wp-content\/uploads\/sites\/15\/2024\/11\/skin-revitalisation.jpg\" srcset=\"\" sizes=\"(max-width: cynosure-small) 100vw, cynosure-small\" alt=\"skin-revitalisation\">\n    <h3>Skin revitalisation <\/h3>\r\nSkin revitalisation with no downtime. The PicoPlus helps to provide healthier looking skin, more radiant complexion, improved skin texture and tone. <\/div><div class=\"u-mb-gutter u-px-1\">          <img decoding=\"async\" src=\"https:\/\/www.cynosurelutronicemea.com\/wp-content\/uploads\/sites\/15\/2024\/11\/Fine-lines-and-wrinkles.jpg\" srcset=\"\" sizes=\"(max-width: cynosure-small) 100vw, cynosure-small\" alt=\"fine-lines-and-wrinkles\">\n    <h3>Fine lines &#038; wrinkles <\/h3>\r\nReduce the appearance of fine lines and wrinkles using the PicoPlus\u2019s advanced laser technology.\u202f <\/div><\/div>\n  <\/div>\n<\/section>\n\n\n\n<section id=\"faq-block_94448c343e19a66352e0a5808d67e386\" class=\"faq-block u-pt-5 u-pt-9@md u-pb-5 u-pb-9@md\">\n  <div class=\"o-container\">\n\n    <h3 class=\"u-font-basic\">FAQs<\/h3><div class=\"c-accordion\">        <div class=\"c-accordion__item\">\n          <a href=\"#\" class=\"c-accordion__toggle\">\n            Qual \u00e9 o tempo de recupera\u00e7\u00e3o ap\u00f3s um tratamento com PicoPlus?           <\/a>\n          <div class=\"c-accordion__panel\">\n            <div class=\"c-accordion__content c-text-editor\">\n              <p>Os tratamentos PicoPlus t\u00eam geralmente um tempo de inatividade m\u00ednimo. Pode ocorrer alguma vermelhid\u00e3o ou incha\u00e7o ligeiro, que geralmente desaparecem em poucas horas ou alguns dias. Os doentes podem geralmente retomar as atividades normais imediatamente ap\u00f3s o tratamento, embora seja aconselh\u00e1vel evitar a exposi\u00e7\u00e3o solar e aplicar protetor solar nas \u00e1reas tratadas para obter melhores resultados.   <\/p>\n            <\/div>\n          <\/div>\n        <\/div>\n            <div class=\"c-accordion__item\">\n          <a href=\"#\" class=\"c-accordion__toggle\">\n            De quantos tratamentos preciso para ver resultados?           <\/a>\n          <div class=\"c-accordion__panel\">\n            <div class=\"c-accordion__content c-text-editor\">\n              <p>O n\u00famero de tratamentos necess\u00e1rios depende da condi\u00e7\u00e3o espec\u00edfica e do resultado desejado. Para a remo\u00e7\u00e3o de tatuagens, podem ser necess\u00e1rias v\u00e1rias sess\u00f5es (geralmente 4 a 6), enquanto os tratamentos de rejuvenescimento da pele podem apresentar resultados em 2 a 3 sess\u00f5es. Um plano de tratamento personalizado ser\u00e1 recomendado com base nos seus objetivos e necessidades da pele.   <\/p>\n            <\/div>\n          <\/div>\n        <\/div>\n            <div class=\"c-accordion__item\">\n          <a href=\"#\" class=\"c-accordion__toggle\">\n            O laser PicoPlus \u00e9 seguro para todos os tipos de pele?           <\/a>\n          <div class=\"c-accordion__panel\">\n            <div class=\"c-accordion__content c-text-editor\">\n              <p>Sim, o PicoPlus \u00e9 geralmente seguro para a maioria dos tipos de pele, incluindo tons de pele mais escuros. A sua tecnologia de picossegundos minimiza o risco de hiperpigmenta\u00e7\u00e3o e cicatrizes. No entanto, \u00e9 recomendada uma consulta com um profissional com forma\u00e7\u00e3o para confirmar a adequa\u00e7\u00e3o com base nas caracter\u00edsticas individuais da pele.   <\/p>\n            <\/div>\n          <\/div>\n        <\/div>\n            <div class=\"c-accordion__item\">\n          <a href=\"#\" class=\"c-accordion__toggle\">\n            Que condi\u00e7\u00f5es de pele podem ser tratadas com o PicoPlus?           <\/a>\n          <div class=\"c-accordion__panel\">\n            <div class=\"c-accordion__content c-text-editor\">\n              <p>O PicoPlus \u00e9 eficaz no tratamento de diversas doen\u00e7as de pele, incluindo cicatrizes de acne, melasma, manchas solares, linhas finas e rugas. Tamb\u00e9m \u00e9 comummente utilizado para remo\u00e7\u00e3o de tatuagens e rejuvenescimento geral da pele para melhorar o tom e a textura da pele <\/p>\n            <\/div>\n          <\/div>\n        <\/div>\n            <div class=\"c-accordion__item\">\n          <a href=\"#\" class=\"c-accordion__toggle\">\n            O que \u00e9 o PicoPlus e como funciona?           <\/a>\n          <div class=\"c-accordion__panel\">\n            <div class=\"c-accordion__content c-text-editor\">\n              <p>O Cynosure Lutronic PicoPlus \u00e9 um laser avan\u00e7ado de picossegundos que atua em problemas de pele, como pigmenta\u00e7\u00e3o, cicatrizes de acne e tatuagens indesejadas. Funciona fornecendo impulsos ultracurtos de energia em picossegundos, que quebram os pigmentos e estimulam a produ\u00e7\u00e3o de colag\u00e9nio, causando danos m\u00ednimos ao tecido circundante.  <\/p>\n            <\/div>\n          <\/div>\n        <\/div>\n    <\/div>\n  <\/div>\n<\/section>\n","protected":false},"menu_order":0,"template":"","product_type":[],"class_list":["post-1239","product","type-product","status-publish","hentry"],"acf":[],"yoast_head":"<!-- This site is optimized with the Yoast SEO plugin v27.3 - https:\/\/yoast.com\/product\/yoast-seo-wordpress\/ -->\n<title>Pico Plus - Cynosure Lutronic EMEA PicoPlus Laser | Cynosure Lutronic<\/title>\n<meta name=\"description\" content=\"PicoPlus laser \u2013 the highest power of any multi-wavelength picosecond laser. Provide smooth, pigment-free skin quickly, safely and effectively.\u202f\" \/>\n<meta name=\"robots\" content=\"index, follow, max-snippet:-1, max-image-preview:large, max-video-preview:-1\" \/>\n<link rel=\"canonical\" href=\"https:\/\/www.cynosurelutronicemea.com\/pt-pt\/product\/pico-plus\/\" \/>\n<meta property=\"og:locale\" content=\"pt_PT\" \/>\n<meta property=\"og:type\" content=\"article\" \/>\n<meta property=\"og:title\" content=\"Pico Plus - Cynosure Lutronic EMEA PicoPlus Laser | Cynosure Lutronic\" \/>\n<meta property=\"og:description\" content=\"PicoPlus laser \u2013 the highest power of any multi-wavelength picosecond laser. Provide smooth, pigment-free skin quickly, safely and effectively.\u202f\" \/>\n<meta property=\"og:url\" content=\"https:\/\/www.cynosurelutronicemea.com\/pt-pt\/product\/pico-plus\/\" \/>\n<meta property=\"og:site_name\" content=\"Cynosure Lutronic EMEA\" \/>\n<meta property=\"article:modified_time\" content=\"2025-01-06T10:26:24+00:00\" \/>\n<meta name=\"twitter:card\" content=\"summary_large_image\" \/>\n<script type=\"application\/ld+json\" class=\"yoast-schema-graph\">{\"@context\":\"https:\\\/\\\/schema.org\",\"@graph\":[{\"@type\":\"WebPage\",\"@id\":\"https:\\\/\\\/www.cynosurelutronicemea.com\\\/pt-pt\\\/product\\\/pico-plus\\\/\",\"url\":\"https:\\\/\\\/www.cynosurelutronicemea.com\\\/pt-pt\\\/product\\\/pico-plus\\\/\",\"name\":\"Pico Plus - Cynosure Lutronic EMEA PicoPlus Laser | Cynosure Lutronic\",\"isPartOf\":{\"@id\":\"https:\\\/\\\/www.cynosurelutronicemea.com\\\/pt-pt\\\/#website\"},\"datePublished\":\"2024-11-14T16:07:39+00:00\",\"dateModified\":\"2025-01-06T10:26:24+00:00\",\"description\":\"PicoPlus laser \u2013 the highest power of any multi-wavelength picosecond laser. Provide smooth, pigment-free skin quickly, safely and effectively.\u202f\",\"breadcrumb\":{\"@id\":\"https:\\\/\\\/www.cynosurelutronicemea.com\\\/pt-pt\\\/product\\\/pico-plus\\\/#breadcrumb\"},\"inLanguage\":\"pt-PT\",\"potentialAction\":[{\"@type\":\"ReadAction\",\"target\":[\"https:\\\/\\\/www.cynosurelutronicemea.com\\\/pt-pt\\\/product\\\/pico-plus\\\/\"]}]},{\"@type\":\"BreadcrumbList\",\"@id\":\"https:\\\/\\\/www.cynosurelutronicemea.com\\\/pt-pt\\\/product\\\/pico-plus\\\/#breadcrumb\",\"itemListElement\":[{\"@type\":\"ListItem\",\"position\":1,\"name\":\"Home\",\"item\":\"https:\\\/\\\/www.cynosurelutronicemea.com\\\/pt-pt\\\/\"},{\"@type\":\"ListItem\",\"position\":2,\"name\":\"Pico Plus\"}]},{\"@type\":\"WebSite\",\"@id\":\"https:\\\/\\\/www.cynosurelutronicemea.com\\\/pt-pt\\\/#website\",\"url\":\"https:\\\/\\\/www.cynosurelutronicemea.com\\\/pt-pt\\\/\",\"name\":\"Cynosure Lutronic EMEA\",\"description\":\"\",\"potentialAction\":[{\"@type\":\"SearchAction\",\"target\":{\"@type\":\"EntryPoint\",\"urlTemplate\":\"https:\\\/\\\/www.cynosurelutronicemea.com\\\/pt-pt\\\/?s={search_term_string}\"},\"query-input\":{\"@type\":\"PropertyValueSpecification\",\"valueRequired\":true,\"valueName\":\"search_term_string\"}}],\"inLanguage\":\"pt-PT\"}]}<\/script>\n<!-- \/ Yoast SEO plugin. -->","yoast_head_json":{"title":"Pico Plus - Cynosure Lutronic EMEA PicoPlus Laser | Cynosure Lutronic","description":"PicoPlus laser \u2013 the highest power of any multi-wavelength picosecond laser. Provide smooth, pigment-free skin quickly, safely and effectively.\u202f","robots":{"index":"index","follow":"follow","max-snippet":"max-snippet:-1","max-image-preview":"max-image-preview:large","max-video-preview":"max-video-preview:-1"},"canonical":"https:\/\/www.cynosurelutronicemea.com\/pt-pt\/product\/pico-plus\/","og_locale":"pt_PT","og_type":"article","og_title":"Pico Plus - Cynosure Lutronic EMEA PicoPlus Laser | Cynosure Lutronic","og_description":"PicoPlus laser \u2013 the highest power of any multi-wavelength picosecond laser. Provide smooth, pigment-free skin quickly, safely and effectively.\u202f","og_url":"https:\/\/www.cynosurelutronicemea.com\/pt-pt\/product\/pico-plus\/","og_site_name":"Cynosure Lutronic EMEA","article_modified_time":"2025-01-06T10:26:24+00:00","twitter_card":"summary_large_image","schema":{"@context":"https:\/\/schema.org","@graph":[{"@type":"WebPage","@id":"https:\/\/www.cynosurelutronicemea.com\/pt-pt\/product\/pico-plus\/","url":"https:\/\/www.cynosurelutronicemea.com\/pt-pt\/product\/pico-plus\/","name":"Pico Plus - Cynosure Lutronic EMEA PicoPlus Laser | Cynosure Lutronic","isPartOf":{"@id":"https:\/\/www.cynosurelutronicemea.com\/pt-pt\/#website"},"datePublished":"2024-11-14T16:07:39+00:00","dateModified":"2025-01-06T10:26:24+00:00","description":"PicoPlus laser \u2013 the highest power of any multi-wavelength picosecond laser. Provide smooth, pigment-free skin quickly, safely and effectively.\u202f","breadcrumb":{"@id":"https:\/\/www.cynosurelutronicemea.com\/pt-pt\/product\/pico-plus\/#breadcrumb"},"inLanguage":"pt-PT","potentialAction":[{"@type":"ReadAction","target":["https:\/\/www.cynosurelutronicemea.com\/pt-pt\/product\/pico-plus\/"]}]},{"@type":"BreadcrumbList","@id":"https:\/\/www.cynosurelutronicemea.com\/pt-pt\/product\/pico-plus\/#breadcrumb","itemListElement":[{"@type":"ListItem","position":1,"name":"Home","item":"https:\/\/www.cynosurelutronicemea.com\/pt-pt\/"},{"@type":"ListItem","position":2,"name":"Pico Plus"}]},{"@type":"WebSite","@id":"https:\/\/www.cynosurelutronicemea.com\/pt-pt\/#website","url":"https:\/\/www.cynosurelutronicemea.com\/pt-pt\/","name":"Cynosure Lutronic EMEA","description":"","potentialAction":[{"@type":"SearchAction","target":{"@type":"EntryPoint","urlTemplate":"https:\/\/www.cynosurelutronicemea.com\/pt-pt\/?s={search_term_string}"},"query-input":{"@type":"PropertyValueSpecification","valueRequired":true,"valueName":"search_term_string"}}],"inLanguage":"pt-PT"}]}},"_links":{"self":[{"href":"https:\/\/www.cynosurelutronicemea.com\/pt-pt\/wp-json\/wp\/v2\/product\/1239","targetHints":{"allow":["GET"]}}],"collection":[{"href":"https:\/\/www.cynosurelutronicemea.com\/pt-pt\/wp-json\/wp\/v2\/product"}],"about":[{"href":"https:\/\/www.cynosurelutronicemea.com\/pt-pt\/wp-json\/wp\/v2\/types\/product"}],"version-history":[{"count":0,"href":"https:\/\/www.cynosurelutronicemea.com\/pt-pt\/wp-json\/wp\/v2\/product\/1239\/revisions"}],"wp:attachment":[{"href":"https:\/\/www.cynosurelutronicemea.com\/pt-pt\/wp-json\/wp\/v2\/media?parent=1239"}],"wp:term":[{"taxonomy":"product_type","embeddable":true,"href":"https:\/\/www.cynosurelutronicemea.com\/pt-pt\/wp-json\/wp\/v2\/product_type?post=1239"}],"curies":[{"name":"wp","href":"https:\/\/api.w.org\/{rel}","templated":true}]}}