{"id":1214,"date":"2024-11-14T15:43:19","date_gmt":"2024-11-14T15:43:19","guid":{"rendered":"https:\/\/www.cynosurelutronicemea.com\/?post_type=product&#038;p=1214"},"modified":"2025-01-06T10:27:18","modified_gmt":"2025-01-06T10:27:18","slug":"elite-iq-pro","status":"publish","type":"product","link":"https:\/\/www.cynosurelutronicemea.com\/pt-pt\/product\/elite-iq-pro\/","title":{"rendered":"Elite IQ Pro"},"content":{"rendered":"\n<section id=\"hero-block_4fa13af641dd90c0bbe515d0ecdca6ee\" class=\"hero-block\">\n  <!-- <div class=\"o-container-fluid\"> -->\n  \n<div class=\"c-hero-slider-container\" style=\"position:relative;\">\n\n    \n    <div class=\"c-hero-slider js-hero-slider\" >\n                <div class=\"c-hero-slider__item\">\n                    <section class=\"c-hero-slider__content u-text-white\" style=\"background-image: url('https:\/\/www.cynosurelutronicemea.com\/wp-content\/uploads\/sites\/15\/2024\/11\/Banners-Website-Elite-iQ-pro-38.jpg'), url('https:\/\/www.cynosurelutronicemea.com\/wp-content\/uploads\/sites\/15\/2024\/11\/Banners-Website-Elite-iQ-pro-38.jpg');\">\n                        <div class=\"o-container\">\n                            <div class=\"o-row\">\n                                <div class=\"o-col-8@md o-col-7@lg o-col-6@xl\">\n                                    <h1 class=\"c-hero-slider__title\">Elite IQ Pro<\/h1>\n                                    <div class=\"c-hero-slider__text\">\n                                        <p>Powers through hair, reduces the appearance of vascular &amp; pigmented lesions and revitalises skin<\/p>\n                                    <\/div>\n                                                                            <a href=\"#gform_popup_8\" class=\"c-button c-button--orange js-open-content-popup\">Request Information<\/a>                                                                    <\/div>\n                            <\/div>\n                        <\/div>\n                    <\/section>\n                <\/div>\n\n            <\/div><\/div>  <!-- <\/div> -->\n<\/section>\n\n\n\n<section id=\"content-block_47e3cd49deff40c6191d7eaee82f753e\" class=\"content-block u-pt-5 u-pt-9@md u-pb-5 u-pb-9@md\">\n    <div class=\"o-container\">\n\n    \n<div class=\"o-row\">\n        <div class=\"o-col-12 u-text-center\">\n              <h2 class=\"c-heading c-heading--secondary u-h3 u-h1@sm u-uppercase u-mb-3@sm\">Higher style. Higher power. Higher iQ.<\/h2>\n                    <div class=\"c-text-editor\">\n          <p>Built with the user in mind, the Elite iQ Pro is the newest member of the Elite product family featuring increased energy, the Skintel\u00ae Melanin Reader\u2122, and a modern design for fast, safe, and effective treatments. Remove unwanted hair, vascular lesions &amp; pigmentation while revitalising skin, the Elite way.<\/p>\n<p>Elite iQ Pro is a high power, dual wavelength system capable of performing a wide variety of treatments. From hair removal to facial veins, sun damage including pigmented lisions, and wrinkles. This is a system that can expand an aesthetic menu and offer patients what they are looking for.<\/p>\n<p><strong>The Elite iQ Pro featuring Skintel \u2013 the industry\u2019s first melanin reader<\/strong><\/p>\n<p>The Skintel melanin reader is the industry\u2019s first FDA-cleared melanin reader. It enables practitioners to identify test spot settings, optimising hair removal treatments tailored to each client\u2019s skin type, lifestyle, and ethnicity. No more judging skin type by eye or guessing if a patient has been in the sun \u2013 this is an objective measurement that allows you to choose the right parameters for treatment.<\/p>\n<p>&nbsp;<\/p>\n        <\/div>\n                <\/div>\n      <\/div>\n\n  <\/div>\n<\/section>\n\n\n\n<section id=\"before-after-block_b798e5bf37c4dabb35a3e8f11e82ddac\" class=\"before-after-block\">\n  <div class=\"o-container-fluid\">\n    <div class=\"o-row\">\n      <div class=\"o-col-12\">\n        <div class=\"eb-c-comparison-slider\">\n                            <\/div>\n      <\/div>\n    <\/div>\n  <\/div>\n<\/section>\n\n\n\n<section id=\"content-block_25e7868ae22541687e6e7521faf97b5c\" class=\"content-block u-pt-5 u-pt-9@md u-pb-5 u-pb-9@md u-bg-tertriary-gray-100\">\n    <div class=\"o-container-fluid\">\n\n    \n<div class=\"o-row\">\n        <div class=\"o-col-12 u-text-center\">\n                    <div class=\"c-text-editor\">\n          <p style=\"text-align: center;\">Equip your practice with the highest-quality aesthetics machines in the world.<\/p>\n        <\/div>\n            <a href=\"#gform_popup_8\" class=\"u-mt-3 u-mr-1 c-button c-button--xl c-button--orange js-open-content-popup\">Request Demo<\/a>    <\/div>\n      <\/div>\n\n  <\/div>\n<\/section>\n\n\n\n<section id=\"content-block_413c2cbe36bd9e26f96b926c5b09f70e\" class=\"content-block u-pt-5 u-pt-9@md u-pb-5 u-pb-9@md\">\n    <div class=\"o-container\">\n\n    \n<div class=\"o-row\">\n          <div class=\"o-col-12\">\n              <div class=\"o-row\">\n          <div class=\"o-col-6@md\">\n            <h2 class=\"c-heading c-heading--secondary u-h3 u-h1@sm u-uppercase u-mb-3@sm\">What can the Elite iQ Pro do?<\/h2>\n          <\/div>\n        <\/div>\n            <div class=\"o-row\">\n                  <div class=\"o-col-6@md\">\n            <div class=\"c-text-editor\">\n              <p>The Elite iQ Pro offers you the flexibility to treat every patient to a safe, effective and personalised aesthetic experience<\/p>\n<p><img loading=\"lazy\" decoding=\"async\" class=\"alignnone size-full wp-image-1063\" src=\"https:\/\/www.cynosurelutronicemea.com\/wp-content\/uploads\/sites\/15\/2024\/11\/Tick-transparent.png\" alt=\"\" width=\"40\" height=\"40\" \/>30mm largest spot size available &#8211; <em>Treat more patients, 50% faster<\/em><\/p>\n<p><img loading=\"lazy\" decoding=\"async\" class=\"alignnone size-full wp-image-1063\" src=\"https:\/\/www.cynosurelutronicemea.com\/wp-content\/uploads\/sites\/15\/2024\/11\/Tick-transparent.png\" alt=\"\" width=\"40\" height=\"40\" \/>Up to 80% more power* &#8211; <em>Maximise ROI and patient satisfaction<\/em><\/p>\n<p><img loading=\"lazy\" decoding=\"async\" class=\"alignnone size-full wp-image-1063\" src=\"https:\/\/www.cynosurelutronicemea.com\/wp-content\/uploads\/sites\/15\/2024\/11\/Tick-transparent.png\" alt=\"\" width=\"40\" height=\"40\" \/>New 2 and 3ms short pulse widths &#8211; <em>Treat all hair from dark and coarse to light and fine<\/em><\/p>\n<p><img loading=\"lazy\" decoding=\"async\" class=\"alignnone size-full wp-image-1063\" src=\"https:\/\/www.cynosurelutronicemea.com\/wp-content\/uploads\/sites\/15\/2024\/11\/Tick-transparent.png\" alt=\"\" width=\"40\" height=\"40\" \/>Skintel Melanin Reader<sup>\u2122 &#8211; <\/sup><em>Proprietary science engineered for patient safety<\/em><\/p>\n<p><img loading=\"lazy\" decoding=\"async\" class=\"alignnone size-full wp-image-1063\" src=\"https:\/\/www.cynosurelutronicemea.com\/wp-content\/uploads\/sites\/15\/2024\/11\/Tick-transparent.png\" alt=\"\" width=\"40\" height=\"40\" \/>IoT (Internet of Things) enabled SMART device\u00a0 &#8211; <em>Worry-free maintenance and device health<\/em><\/p>\n            <\/div>\n          <\/div>\n                          <div class=\"o-col-6@md\">\n            <script src=\"https:\/\/fast.wistia.com\/embed\/medias\/au4fw11oyn.jsonp\" async><\/script><script src=\"https:\/\/fast.wistia.com\/assets\/external\/E-v1.js\" async><\/script>\n<div class=\"wistia_embed wistia_async_au4fw11oyn seo=false\" style=\"height: 394px; position: relative; width: 700px;\">\n<div class=\"wistia_swatch\" style=\"height: 100%; left: 0; opacity: 0; overflow: hidden; position: absolute; top: 0; transition: opacity 200ms; width: 100%;\"><img decoding=\"async\" style=\"filter: blur(5px); height: 100%; object-fit: contain; width: 100%;\" src=\"https:\/\/fast.wistia.com\/embed\/medias\/au4fw11oyn\/swatch\" alt=\"\" aria-hidden=\"true\" \/><\/div>\n<\/div>\n<p>&nbsp;<\/p>\n            <a href=\"#gform_popup_10\" class=\"u-mt-3 u-mr-1 c-button c-button--xl c-button--transparent-orange js-open-content-popup\">Request Brochure<\/a>          <\/div>\n              <\/div>\n    <\/div>\n    <\/div>\n\n  <\/div>\n<\/section>\n\n\n<div class=\"o-container\">\n  <div class=\"o-row\">\n    <div class=\"o-col-12\">\n      <hr class=\"c-divider u-text-tertriary-gray-gray-400\">\n    <\/div>\n  <\/div>\n<\/div>\n\n\n\n<section id=\"cta-columns-block_90b3dbc91527544a8cf892474aee8f61\" class=\"cta-columns-block u-pt-5 u-pt-9@md u-pb-5 u-pb-9@md c-text-editor\">\n    <div class=\"o-container\">\n\n    <div class=\"u-text-center u-pb-5\"><h2 class=\"u-mb-1\">What can the Elite IQ Pro treat? <\/h2><p><\/p><\/div><div class=\"o-stack-4@xl js-cta-columns-slider\"><div class=\"u-mb-gutter u-px-1\">          <img decoding=\"async\" src=\"https:\/\/www.cynosurelutronicemea.com\/wp-content\/uploads\/sites\/15\/2024\/11\/Hair-removal.jpg\" srcset=\"\" sizes=\"(max-width: cynosure-small) 100vw, cynosure-small\" alt=\"hair-removal-2\">\n    <h3>Hair Removal<\/h3> \r\nRemove unwanted hair quickly and easily. The Elite iQ Pro removes hair with little pain and high efficiency. <\/div><div class=\"u-mb-gutter u-px-1\">          <img decoding=\"async\" src=\"https:\/\/www.cynosurelutronicemea.com\/wp-content\/uploads\/sites\/15\/2024\/11\/vascular-lesions.jpg\" srcset=\"\" sizes=\"(max-width: cynosure-small) 100vw, cynosure-small\" alt=\"vascular-lesions\">\n    <h3>Vascular Lesions<\/h3> \r\nThe Elite iQ Pro effectively reduces visibility of vascular lesions such as, but not limited to, port wine stains, hemangiomas, telangiectasia, rosacea, venous lake, leg veins, spider veins and poikiloderma of civatte; and treatment of benign cutaneous lesions such as warts, scars, striae and psoriasis.<\/div><div class=\"u-mb-gutter u-px-1\">          <img decoding=\"async\" src=\"https:\/\/www.cynosurelutronicemea.com\/wp-content\/uploads\/sites\/15\/2024\/11\/Fine-lines-and-wrinkles.jpg\" srcset=\"\" sizes=\"(max-width: cynosure-small) 100vw, cynosure-small\" alt=\"fine-lines-and-wrinkles\">\n    <h3>Fine lines &#038; wrinkles <\/h3>\r\nPromote smoother, healthier skin with the Elite iQ pro. Reduce the appearance of fine lines &#038; wrinkles and leave your patients glowing.   <\/div><\/div>\n  <\/div>\n<\/section>\n\n\n\n<section id=\"faq-block_8cfe734d1bc89d79bf01d2ff529bbd0a\" class=\"faq-block u-pt-5 u-pt-9@md u-pb-5 u-pb-9@md\">\n  <div class=\"o-container\">\n\n    <h3 class=\"u-font-basic\">FAQs<\/h3><div class=\"c-accordion\">        <div class=\"c-accordion__item\">\n          <a href=\"#\" class=\"c-accordion__toggle\">\n            Quantos tratamentos s\u00e3o necess\u00e1rios para ver resultados com o Elite iQ Pro?          <\/a>\n          <div class=\"c-accordion__panel\">\n            <div class=\"c-accordion__content c-text-editor\">\n              <p>Para a depila\u00e7\u00e3o a laser, s\u00e3o geralmente necess\u00e1rias v\u00e1rias sess\u00f5es (geralmente 6 a 8) para obter resultados ideais. Para tratamentos de pele como a corre\u00e7\u00e3o da pigmenta\u00e7\u00e3o, os pacientes podem ver melhorias ap\u00f3s 3-4 sess\u00f5es. O seu prestador dar\u00e1 uma recomenda\u00e7\u00e3o mais personalizada com base nos seus objetivos espec\u00edficos de tratamento.  \n<\/p>\n            <\/div>\n          <\/div>\n        <\/div>\n            <div class=\"c-accordion__item\">\n          <a href=\"#\" class=\"c-accordion__toggle\">\n            O Elite iQ Pro \u00e9 seguro para todos os tipos de pele?          <\/a>\n          <div class=\"c-accordion__panel\">\n            <div class=\"c-accordion__content c-text-editor\">\n              <p>Sim, o Elite iQ Pro \u00e9 seguro para todos os tipos de pele, incluindo tons de pele mais escuros. A tecnologia inteligente do dispositivo ajusta as defini\u00e7\u00f5es do tratamento ao tipo e condi\u00e7\u00e3o da pele do paciente, minimizando o risco de queimaduras ou hiperpigmenta\u00e7\u00e3o, que por vezes podem ocorrer com outros tratamentos a laser. \n<\/p>\n            <\/div>\n          <\/div>\n        <\/div>\n            <div class=\"c-accordion__item\">\n          <a href=\"#\" class=\"c-accordion__toggle\">\n            Que problemas de pele e cabelo pode o Elite iQ Pro resolver?          <\/a>\n          <div class=\"c-accordion__panel\">\n            <div class=\"c-accordion__content c-text-editor\">\n              <p>O Elite iQ Pro \u00e9 utilizado principalmente para depila\u00e7\u00e3o a laser, mas tamb\u00e9m \u00e9 eficaz no tratamento de problemas de pigmenta\u00e7\u00e3o, danos causados \u200b\u200bpelo sol, les\u00f5es vasculares e na melhoria do tom e da textura geral da pele. \u00c9 adequado para tons de pele mais claros e mais escuros devido \u00e0s suas defini\u00e7\u00f5es personaliz\u00e1veis. \n<\/p>\n            <\/div>\n          <\/div>\n        <\/div>\n            <div class=\"c-accordion__item\">\n          <a href=\"#\" class=\"c-accordion__toggle\">\n            O que \u00e9 o Elite iQ Pro e como funciona?          <\/a>\n          <div class=\"c-accordion__panel\">\n            <div class=\"c-accordion__content c-text-editor\">\n              <p>Elite iQ Pro \u00e9 uma tecnologia laser avan\u00e7ada concebida para a remo\u00e7\u00e3o de pelos e tratamentos de pele, incluindo a corre\u00e7\u00e3o de pigmenta\u00e7\u00e3o e les\u00f5es vasculares. Utiliza comprimentos de onda duplos (755 nm Alexandrite e 1064 nm) para tratar diferentes problemas de pele, tornando-o eficaz para v\u00e1rios tipos de pele. A tecnologia do dispositivo permite o fornecimento preciso de energia, permitindo tratamentos personalizados com base nos tons e condi\u00e7\u00f5es individuais da pele.  \n<\/p>\n            <\/div>\n          <\/div>\n        <\/div>\n            <div class=\"c-accordion__item\">\n          <a href=\"#\" class=\"c-accordion__toggle\">\n            O PicoSure Pro \u00e9 seguro para todos os tipos de pele?           <\/a>\n          <div class=\"c-accordion__panel\">\n            <div class=\"c-accordion__content c-text-editor\">\n              <p>Sim, o PicoSure Pro \u00e9 considerado seguro para a maioria dos tipos de pele, incluindo tons de pele mais escuros, uma vez que utiliza uma abordagem mais suave ao tratamento a laser com um risco m\u00ednimo de hiperpigmenta\u00e7\u00e3o ou cicatrizes. No entanto, \u00e9 sempre melhor consultar um dermatologista ou t\u00e9cnico certificado para garantir a adequa\u00e7\u00e3o com base no seu tipo de pele e preocupa\u00e7\u00f5es individuais.  <\/p>\n            <\/div>\n          <\/div>\n        <\/div>\n            <div class=\"c-accordion__item\">\n          <a href=\"#\" class=\"c-accordion__toggle\">\n            Is there any downtime after an Elite iQ Pro treatment?          <\/a>\n          <div class=\"c-accordion__panel\">\n            <div class=\"c-accordion__content c-text-editor\">\n              <p>\r\nElite iQ Pro involves minimal to no downtime. Most patients experience slight redness or mild swelling after treatment, which usually subsides within a few hours. You can resume normal activities immediately, though it\u2019s recommended to protect treated areas from sun exposure with sunscreen.\r\n<\/p>\n            <\/div>\n          <\/div>\n        <\/div>\n    <\/div>\n  <\/div>\n<\/section>\n\n\n\n<section id=\"content-block_65c76fe14a2de17ebaebc91aa3fa2b36\" class=\"content-block\">\n    <div class=\"o-container-fluid\">\n\n    \n<div class=\"o-row\">\n      <div class=\"o-col-12\">\n                    <div class=\"c-text-editor\">\n          <p><small>Check with your local representative for availability.<\/small><\/p>\n<p><small>The Elite iQ Pro aesthetic workstation is indicated for the following, but not limited to: permanent hair reduction and treatment of benign vascular lesions, benign pigmented lesions, wrinkles, warts, scars, striae, psoriasis, rosacea and PFB.<\/small><\/p>\n<p>Like all medical procedures, not all patients are suitable for the treatment. Talk to your medical provider about the risks and benefits of this procedure. A qualified practitioner is solely responsible for evaluating each subject\u2019s suitability to undergo treatment and for informing those being treated about any risks involved with the treatment, pre-and postoperative care, and any other relevant information. Individual results may vary and are not guaranteed.<\/p>\n<p>\u00a92024 Cynosure, LLC. All rights reserved. Elite iQ\u00ae Pro is manufactured by El.En. S.p.A and distributed exclusively by Cynosure, LLC and affiliates. Cynosure, Elite iQ Pro and Skintel are registered trademarks and\/or trademarks of Cynosure, LLC. Cynosure, LLC owns exclusive rights to photography. Use of photography without written permission from Cynosure, LLC is prohibited. PRD-1325<\/p>\n        <\/div>\n                <\/div>\n        <\/div>\n\n  <\/div>\n<\/section>\n","protected":false},"menu_order":0,"template":"","product_type":[],"class_list":["post-1214","product","type-product","status-publish","hentry"],"acf":[],"yoast_head":"<!-- This site is optimized with the Yoast SEO plugin v27.3 - https:\/\/yoast.com\/product\/yoast-seo-wordpress\/ -->\n<title>Elite IQ Pro - Cynosure Lutronic EMEA Elite iQ Pro | Cynosure Lutronic<\/title>\n<meta name=\"description\" content=\"The Elite iQ Pro powers through hair, reduces the appearance of vascular &amp; pigmented lesions and revitalises skin; true flexibility to meet any patient need.\" \/>\n<meta name=\"robots\" content=\"index, follow, max-snippet:-1, max-image-preview:large, max-video-preview:-1\" \/>\n<link rel=\"canonical\" href=\"https:\/\/www.cynosurelutronicemea.com\/pt-pt\/product\/elite-iq-pro\/\" \/>\n<meta property=\"og:locale\" content=\"pt_PT\" \/>\n<meta property=\"og:type\" content=\"article\" \/>\n<meta property=\"og:title\" content=\"Elite IQ Pro - Cynosure Lutronic EMEA Elite iQ Pro | Cynosure Lutronic\" \/>\n<meta property=\"og:description\" content=\"The Elite iQ Pro powers through hair, reduces the appearance of vascular &amp; pigmented lesions and revitalises skin; true flexibility to meet any patient need.\" \/>\n<meta property=\"og:url\" content=\"https:\/\/www.cynosurelutronicemea.com\/pt-pt\/product\/elite-iq-pro\/\" \/>\n<meta property=\"og:site_name\" content=\"Cynosure Lutronic EMEA\" \/>\n<meta property=\"article:modified_time\" content=\"2025-01-06T10:27:18+00:00\" \/>\n<meta name=\"twitter:card\" content=\"summary_large_image\" \/>\n<script type=\"application\/ld+json\" class=\"yoast-schema-graph\">{\"@context\":\"https:\\\/\\\/schema.org\",\"@graph\":[{\"@type\":\"WebPage\",\"@id\":\"https:\\\/\\\/www.cynosurelutronicemea.com\\\/pt-pt\\\/product\\\/elite-iq-pro\\\/\",\"url\":\"https:\\\/\\\/www.cynosurelutronicemea.com\\\/pt-pt\\\/product\\\/elite-iq-pro\\\/\",\"name\":\"Elite IQ Pro - Cynosure Lutronic EMEA Elite iQ Pro | Cynosure Lutronic\",\"isPartOf\":{\"@id\":\"https:\\\/\\\/www.cynosurelutronicemea.com\\\/pt-pt\\\/#website\"},\"datePublished\":\"2024-11-14T15:43:19+00:00\",\"dateModified\":\"2025-01-06T10:27:18+00:00\",\"description\":\"The Elite iQ Pro powers through hair, reduces the appearance of vascular & pigmented lesions and revitalises skin; true flexibility to meet any patient need.\",\"breadcrumb\":{\"@id\":\"https:\\\/\\\/www.cynosurelutronicemea.com\\\/pt-pt\\\/product\\\/elite-iq-pro\\\/#breadcrumb\"},\"inLanguage\":\"pt-PT\",\"potentialAction\":[{\"@type\":\"ReadAction\",\"target\":[\"https:\\\/\\\/www.cynosurelutronicemea.com\\\/pt-pt\\\/product\\\/elite-iq-pro\\\/\"]}]},{\"@type\":\"BreadcrumbList\",\"@id\":\"https:\\\/\\\/www.cynosurelutronicemea.com\\\/pt-pt\\\/product\\\/elite-iq-pro\\\/#breadcrumb\",\"itemListElement\":[{\"@type\":\"ListItem\",\"position\":1,\"name\":\"Home\",\"item\":\"https:\\\/\\\/www.cynosurelutronicemea.com\\\/pt-pt\\\/\"},{\"@type\":\"ListItem\",\"position\":2,\"name\":\"Elite IQ Pro\"}]},{\"@type\":\"WebSite\",\"@id\":\"https:\\\/\\\/www.cynosurelutronicemea.com\\\/pt-pt\\\/#website\",\"url\":\"https:\\\/\\\/www.cynosurelutronicemea.com\\\/pt-pt\\\/\",\"name\":\"Cynosure Lutronic EMEA\",\"description\":\"\",\"potentialAction\":[{\"@type\":\"SearchAction\",\"target\":{\"@type\":\"EntryPoint\",\"urlTemplate\":\"https:\\\/\\\/www.cynosurelutronicemea.com\\\/pt-pt\\\/?s={search_term_string}\"},\"query-input\":{\"@type\":\"PropertyValueSpecification\",\"valueRequired\":true,\"valueName\":\"search_term_string\"}}],\"inLanguage\":\"pt-PT\"}]}<\/script>\n<!-- \/ Yoast SEO plugin. -->","yoast_head_json":{"title":"Elite IQ Pro - Cynosure Lutronic EMEA Elite iQ Pro | Cynosure Lutronic","description":"The Elite iQ Pro powers through hair, reduces the appearance of vascular & pigmented lesions and revitalises skin; true flexibility to meet any patient need.","robots":{"index":"index","follow":"follow","max-snippet":"max-snippet:-1","max-image-preview":"max-image-preview:large","max-video-preview":"max-video-preview:-1"},"canonical":"https:\/\/www.cynosurelutronicemea.com\/pt-pt\/product\/elite-iq-pro\/","og_locale":"pt_PT","og_type":"article","og_title":"Elite IQ Pro - Cynosure Lutronic EMEA Elite iQ Pro | Cynosure Lutronic","og_description":"The Elite iQ Pro powers through hair, reduces the appearance of vascular & pigmented lesions and revitalises skin; true flexibility to meet any patient need.","og_url":"https:\/\/www.cynosurelutronicemea.com\/pt-pt\/product\/elite-iq-pro\/","og_site_name":"Cynosure Lutronic EMEA","article_modified_time":"2025-01-06T10:27:18+00:00","twitter_card":"summary_large_image","schema":{"@context":"https:\/\/schema.org","@graph":[{"@type":"WebPage","@id":"https:\/\/www.cynosurelutronicemea.com\/pt-pt\/product\/elite-iq-pro\/","url":"https:\/\/www.cynosurelutronicemea.com\/pt-pt\/product\/elite-iq-pro\/","name":"Elite IQ Pro - Cynosure Lutronic EMEA Elite iQ Pro | Cynosure Lutronic","isPartOf":{"@id":"https:\/\/www.cynosurelutronicemea.com\/pt-pt\/#website"},"datePublished":"2024-11-14T15:43:19+00:00","dateModified":"2025-01-06T10:27:18+00:00","description":"The Elite iQ Pro powers through hair, reduces the appearance of vascular & pigmented lesions and revitalises skin; true flexibility to meet any patient need.","breadcrumb":{"@id":"https:\/\/www.cynosurelutronicemea.com\/pt-pt\/product\/elite-iq-pro\/#breadcrumb"},"inLanguage":"pt-PT","potentialAction":[{"@type":"ReadAction","target":["https:\/\/www.cynosurelutronicemea.com\/pt-pt\/product\/elite-iq-pro\/"]}]},{"@type":"BreadcrumbList","@id":"https:\/\/www.cynosurelutronicemea.com\/pt-pt\/product\/elite-iq-pro\/#breadcrumb","itemListElement":[{"@type":"ListItem","position":1,"name":"Home","item":"https:\/\/www.cynosurelutronicemea.com\/pt-pt\/"},{"@type":"ListItem","position":2,"name":"Elite IQ Pro"}]},{"@type":"WebSite","@id":"https:\/\/www.cynosurelutronicemea.com\/pt-pt\/#website","url":"https:\/\/www.cynosurelutronicemea.com\/pt-pt\/","name":"Cynosure Lutronic EMEA","description":"","potentialAction":[{"@type":"SearchAction","target":{"@type":"EntryPoint","urlTemplate":"https:\/\/www.cynosurelutronicemea.com\/pt-pt\/?s={search_term_string}"},"query-input":{"@type":"PropertyValueSpecification","valueRequired":true,"valueName":"search_term_string"}}],"inLanguage":"pt-PT"}]}},"_links":{"self":[{"href":"https:\/\/www.cynosurelutronicemea.com\/pt-pt\/wp-json\/wp\/v2\/product\/1214","targetHints":{"allow":["GET"]}}],"collection":[{"href":"https:\/\/www.cynosurelutronicemea.com\/pt-pt\/wp-json\/wp\/v2\/product"}],"about":[{"href":"https:\/\/www.cynosurelutronicemea.com\/pt-pt\/wp-json\/wp\/v2\/types\/product"}],"version-history":[{"count":0,"href":"https:\/\/www.cynosurelutronicemea.com\/pt-pt\/wp-json\/wp\/v2\/product\/1214\/revisions"}],"wp:attachment":[{"href":"https:\/\/www.cynosurelutronicemea.com\/pt-pt\/wp-json\/wp\/v2\/media?parent=1214"}],"wp:term":[{"taxonomy":"product_type","embeddable":true,"href":"https:\/\/www.cynosurelutronicemea.com\/pt-pt\/wp-json\/wp\/v2\/product_type?post=1214"}],"curies":[{"name":"wp","href":"https:\/\/api.w.org\/{rel}","templated":true}]}}