{"id":6775,"date":"2026-01-05T16:21:17","date_gmt":"2026-01-05T16:21:17","guid":{"rendered":"https:\/\/www.cynosurelutronicemea.com\/ampolas-lasemd-ultra\/"},"modified":"2026-01-12T15:54:00","modified_gmt":"2026-01-12T15:54:00","slug":"ampolas-lasemd-ultra","status":"publish","type":"page","link":"https:\/\/www.cynosurelutronicemea.com\/pt-pt\/ampolas-lasemd-ultra\/","title":{"rendered":"Ampolas LaseMD Ultra"},"content":{"rendered":"\n<section id=\"hero-block_6f0687ca29f12c655bcc71a69d79adfb\" class=\"hero-block u-pb-5 u-pb-9@md\">\n  <!-- <div class=\"o-container\"> -->\n  \n<div class=\"c-hero-slider-container\" style=\"position:relative;\">\n\n    \n    <div class=\"c-hero-slider js-hero-slider\" >\n                <div class=\"c-hero-slider__item\">\n                    <section class=\"c-hero-slider__content u-text-black\" style=\"background-image: url('https:\/\/www.cynosurelutronicemea.com\/wp-content\/uploads\/sites\/15\/2026\/01\/Ultra_Ampoules_webbanner.jpg'), url('https:\/\/www.cynosurelutronicemea.com\/wp-content\/uploads\/sites\/15\/2026\/01\/Ultra_Ampoules_webbanner.jpg');\">\n                        <div class=\"o-container\">\n                            <div class=\"o-row\">\n                                <div class=\"o-col-8@md o-col-7@lg o-col-6@xl\">\n                                    <h1 class=\"c-hero-slider__title\">Ampolas LaseMD Ultra <\/h1>\n                                    <div class=\"c-hero-slider__text\">\n                                        <p><h3>Como o LaseMD Ultra ajuda a aumentar a absor\u00e7\u00e3o de t\u00f3picos<\/h3> O LaseMD Ultra cria microcanais min\u00fasculos e desidratados na pele para potenciar a absor\u00e7\u00e3o de princ\u00edpios ativos espec\u00edficos. Estes canais aumentam a absor\u00e7\u00e3o das Ampolas LaseMD, que utilizam ingredientes puros formulados em nanopart\u00edculas para apoiar a absor\u00e7\u00e3o e a revitaliza\u00e7\u00e3o da pele. A escolha da ampola e das m\u00e1scaras p\u00f3s-tratamento pode ser personalizada de acordo com cada paciente. Saiba mais sobre cada uma das ampolas abaixo.   <\/p>\n                                    <\/div>\n                                                                                                                                                <\/div>\n                            <\/div>\n                        <\/div>\n                    <\/section>\n                <\/div>\n\n            <\/div><\/div>  <!-- <\/div> -->\n<\/section>\n\n<section id=\"content-block_9485cece26b1d0da3f33145de417d103\" class=\"content-block u-pb-5 u-pb-9@md\">\n    <div class=\"o-container\">\n\n    \n<div class=\"o-row\">\n        <div class=\"o-col-12 u-text-center\">\n              <h2 class=\"c-heading c-heading--secondary u-h3 u-h1@sm u-uppercase u-mb-3@sm\">Sobre as Ampolas LaseMD Ultra<\/h2>\n                    <div class=\"c-text-editor\">\n          <p><span class=\"TextRun SCXW168110368 BCX0\" lang=\"EN-GB\" data-contrast=\"auto\" xml:lang=\"EN-GB\"><span class=\"NormalTextRun SpellingErrorV2Themed SCXW168110368 BCX0\">O LaseMD<\/span> <span class=\"NormalTextRun SCXW168110368 BCX0\">Ultra cria microcanais min\u00fasculos e desidratados na pele para potenciar a absor\u00e7\u00e3o de princ\u00edpios ativos espec\u00edficos<\/span><span class=\"NormalTextRun SCXW168110368 BCX0\">.<\/span> <span class=\"NormalTextRun SCXW168110368 BCX0\">Estes canais aumentam a absor\u00e7\u00e3o do<\/span> <span class=\"NormalTextRun SpellingErrorV2Themed SCXW168110368 BCX0\">LaseMD\u2026<\/span><span class=\"NormalTextRun SCXW168110368 BCX0\"> Ampolas, que utilizam ingredientes puros formulados em nanopart\u00edculas para apoiar a absor\u00e7\u00e3o e a revitaliza\u00e7\u00e3o da pele. A escolha da ampola e das m\u00e1scaras p\u00f3s-tratamento pode ser personalizada de acordo com cada paciente. <\/span><\/span><span class=\"EOP SCXW168110368 BCX0\" data-ccp-props=\"{}\"> <\/span><\/p>\n        <\/div>\n                <\/div>\n      <\/div>\n\n  <\/div>\n<\/section>\n\n<section id=\"content-block_82303d6fd2780bcbc009a862b9cf3e42\" class=\"content-block\">\n    <div class=\"o-container\">\n\n    \n<div class=\"o-row\">\n        <div class=\"o-col-12 u-text-center\">\n              <h2 class=\"c-heading c-heading--secondary u-h3 u-h1@sm u-uppercase u-mb-3@sm\"><h2>Ampola VA (Vitamina A \/ Retinol) <\/h2><\/h2>\n                      <\/div>\n      <\/div>\n\n  <\/div>\n<\/section>\n\n<section id=\"faq-block_f03dd75b81e5db04cc71d49fd1b4d849\" class=\"faq-block u-pb-5 u-pb-9@md\">\n  <div class=\"o-container\">\n\n    <div class=\"c-accordion\">        <div class=\"c-accordion__item\">\n          <a href=\"#\" class=\"c-accordion__toggle\">\n            Ingrediente ativo          <\/a>\n          <div class=\"c-accordion__panel\">\n            <div class=\"c-accordion__content c-text-editor\">\n              <p>Retinol (Vitamin A), 2,500 IU.<\/p>\n            <\/div>\n          <\/div>\n        <\/div>\n            <div class=\"c-accordion__item\">\n          <a href=\"#\" class=\"c-accordion__toggle\">\n            Fun\u00e7\u00f5es          <\/a>\n          <div class=\"c-accordion__panel\">\n            <div class=\"c-accordion__content c-text-editor\">\n              <p><ul><li>Potente a\u00e7\u00e3o antienvelhecimento <\/li>\n<li> Estimula a produ\u00e7\u00e3o de \u00e1cido hialur\u00f3nico, elastina e colag\u00e9nio <\/li>\n<li>Regenera c\u00e9lulas epid\u00e9rmicas saud\u00e1veis e maduras <\/li>\n<li>A\u00e7\u00e3o queratol\u00edtica ideal para pele com tend\u00eancia acneica<\/li><\/ul><\/p>\n            <\/div>\n          <\/div>\n        <\/div>\n            <div class=\"c-accordion__item\">\n          <a href=\"#\" class=\"c-accordion__toggle\">\n            Caracter\u00edsticas          <\/a>\n          <div class=\"c-accordion__panel\">\n            <div class=\"c-accordion__content c-text-editor\">\n              <p><ul><li>Tecnologia MNG (Multi Nanosome Granulated) <\/li>\n<li>Retinol em tamanho nanom\u00e9trico com m\u00faltiplas camadas de lipossomas <\/li>\n<li>\u00c1cido hialur\u00f3nico de peso molecular extremamente baixo <\/li>\n<li>Apenas 8 ingredientes<\/li><\/ul><\/p>\n            <\/div>\n          <\/div>\n        <\/div>\n            <div class=\"c-accordion__item\">\n          <a href=\"#\" class=\"c-accordion__toggle\">\n            Ingredientes          <\/a>\n          <div class=\"c-accordion__panel\">\n            <div class=\"c-accordion__content c-text-editor\">\n              <p>\u00c1gua purificada (Aqua), manitol, extrato de raiz de Scutellaria baicalensis, extrato de raiz de Paeonia suffruticosa, glicerina, hialuronato de s\u00f3dio hidrolisado (\u00e1cido hialur\u00f3nico de baixo peso molecular), hialuronato de s\u00f3dio (\u00e1cido hialur\u00f3nico de alto peso molecular), retinol.<\/p>\n            <\/div>\n          <\/div>\n        <\/div>\n            <div class=\"c-accordion__item\">\n          <a href=\"#\" class=\"c-accordion__toggle\">\n            O que faz          <\/a>\n          <div class=\"c-accordion__panel\">\n            <div class=\"c-accordion__content c-text-editor\">\n              <p>A ampola VA \u00e9 recomendada para antienvelhecimento e tratamento do acne ativo. A vitamina A estimula a produ\u00e7\u00e3o de colag\u00e9nio, elastina e \u00e1cido hialur\u00f3nico natural. Apoia a regenera\u00e7\u00e3o de c\u00e9lulas epid\u00e9rmicas saud\u00e1veis e maduras e proporciona uma a\u00e7\u00e3o queratol\u00edtica adequada para a pele com tend\u00eancia acneica.  <\/p>\n            <\/div>\n          <\/div>\n        <\/div>\n    <\/div>\n  <\/div>\n<\/section>\n\n<section id=\"content-block_4e0f1be0f3863d1876e501422d5b1fac\" class=\"content-block\">\n    <div class=\"o-container\">\n\n    \n<div class=\"o-row\">\n        <div class=\"o-col-12 u-text-center\">\n              <h2 class=\"c-heading c-heading--secondary u-h3 u-h1@sm u-uppercase u-mb-3@sm\"><h2>Ampola VC (Vitamina C \/ \u00c1cido Asc\u00f3rbico) <\/h2><\/h2>\n                      <\/div>\n      <\/div>\n\n  <\/div>\n<\/section>\n\n<section id=\"faq-block_f741bab3fba85fb8605a03367febd8f8\" class=\"faq-block\">\n  <div class=\"o-container\">\n\n    <div class=\"c-accordion\">        <div class=\"c-accordion__item\">\n          <a href=\"#\" class=\"c-accordion__toggle\">\n            Ativo          <\/a>\n          <div class=\"c-accordion__panel\">\n            <div class=\"c-accordion__content c-text-editor\">\n              <p>\u00c1cido asc\u00f3rbico (vitamina C), 10 %<\/p>\n            <\/div>\n          <\/div>\n        <\/div>\n            <div class=\"c-accordion__item\">\n          <a href=\"#\" class=\"c-accordion__toggle\">\n            O que faz          <\/a>\n          <div class=\"c-accordion__panel\">\n            <div class=\"c-accordion__content c-text-editor\">\n              <p>A ampola VC \u00e9 recomendada para antienvelhecimento e ilumina\u00e7\u00e3o da pele. A vitamina C apoia estruturas de colag\u00e9nio saud\u00e1veis e ajuda a rejuvenescer a pele fotoenvelhecida e danificada pelo sol. Proporciona benef\u00edcios antioxidantes, potencia a luminosidade e contribui para um tom de pele mais uniforme e luminoso.   <\/p>\n            <\/div>\n          <\/div>\n        <\/div>\n            <div class=\"c-accordion__item\">\n          <a href=\"#\" class=\"c-accordion__toggle\">\n            Fun\u00e7\u00f5es          <\/a>\n          <div class=\"c-accordion__panel\">\n            <div class=\"c-accordion__content c-text-editor\">\n              <p><ul><li>Potente antioxidante <\/li>\n<li>Aumento da luminosidade <\/li>\n<li> Ilumina a pele <\/li>\n<li>Estimula a s\u00edntese de colag\u00e9nio <\/li>\n<li>Efeito \u201cpele saud\u00e1vel e luminosa\u201d <\/li><\/ul><\/p>\n            <\/div>\n          <\/div>\n        <\/div>\n            <div class=\"c-accordion__item\">\n          <a href=\"#\" class=\"c-accordion__toggle\">\n            Caracter\u00edsticas          <\/a>\n          <div class=\"c-accordion__panel\">\n            <div class=\"c-accordion__content c-text-editor\">\n              <p><ul><li>Tecnologia MNG (Multi Nanosome Granulated) <\/li>\n<li> \u00c1cido asc\u00f3rbico em tamanho nanom\u00e9trico com m\u00faltiplas camadas de lipossomas <\/li>\n<li>Ilumina\u00e7\u00e3o e a\u00e7\u00e3o antidanifica\u00e7\u00e3o solar <\/li>\n<li>\u00c1cido hialur\u00f3nico de peso molecular extremamente baixo <\/li>\n<li>Apenas 8 ingredientes <\/ul><\/p>\n            <\/div>\n          <\/div>\n        <\/div>\n            <div class=\"c-accordion__item\">\n          <a href=\"#\" class=\"c-accordion__toggle\">\n            Ingredientes          <\/a>\n          <div class=\"c-accordion__panel\">\n            <div class=\"c-accordion__content c-text-editor\">\n              <p>\u00c1gua purificada (Aqua), \u00e1cido asc\u00f3rbico, manitol, extrato de raiz de Scutellaria baicalensis, extrato de raiz de Paeonia suffruticosa, glicerina, hialuronato de s\u00f3dio hidrolisado (\u00e1cido hialur\u00f3nico de baixo peso molecular), hialuronato de s\u00f3dio (\u00e1cido hialur\u00f3nico de alto peso molecular). <\/p>\n            <\/div>\n          <\/div>\n        <\/div>\n    <\/div>\n  <\/div>\n<\/section>\n\n<section id=\"content-block_4be4e400055388beeeb0c1976be7c9af\" class=\"content-block\">\n    <div class=\"o-container\">\n\n    \n<div class=\"o-row\">\n        <div class=\"o-col-12 u-text-center\">\n              <h2 class=\"c-heading c-heading--secondary u-h3 u-h1@sm u-uppercase u-mb-3@sm\"><h2>Ampola TA (\u00c1cido Tranex\u00e2mico) <\/h2><\/h2>\n                      <\/div>\n      <\/div>\n\n  <\/div>\n<\/section>\n\n<section id=\"faq-block_cfc76585025b32028482110fa164bd0d\" class=\"faq-block u-pb-5 u-pb-9@md\">\n  <div class=\"o-container\">\n\n    <div class=\"c-accordion\">        <div class=\"c-accordion__item\">\n          <a href=\"#\" class=\"c-accordion__toggle\">\n            Ingredientes          <\/a>\n          <div class=\"c-accordion__panel\">\n            <div class=\"c-accordion__content c-text-editor\">\n              <p>\u00c1gua purificada (Aqua), manitol, \u00e1cido tranex\u00e2mico, extrato de raiz de Scutellaria baicalensis, extrato de raiz de Paeonia suffruticosa, glicerina, hialuronato de s\u00f3dio hidrolisado (\u00e1cido hialur\u00f3nico de baixo peso molecular), hialuronato de s\u00f3dio (\u00e1cido hialur\u00f3nico de alto peso molecular). <\/p>\n            <\/div>\n          <\/div>\n        <\/div>\n            <div class=\"c-accordion__item\">\n          <a href=\"#\" class=\"c-accordion__toggle\">\n            Fun\u00e7\u00f5es          <\/a>\n          <div class=\"c-accordion__panel\">\n            <div class=\"c-accordion__content c-text-editor\">\n              <p><ul><li>Ilumina e melhora a discromia <\/li>\n<li>Combate a pele ba\u00e7a e a hiperpigmenta\u00e7\u00e3o p\u00f3s-inflamat\u00f3ria <\/li>\n<li>Reduz a vermelhid\u00e3o <\/li>\n<li>Adequado para o tratamento do melasma <\/li><\/ul><\/p>\n            <\/div>\n          <\/div>\n        <\/div>\n            <div class=\"c-accordion__item\">\n          <a href=\"#\" class=\"c-accordion__toggle\">\n            Caracter\u00edsticas          <\/a>\n          <div class=\"c-accordion__panel\">\n            <div class=\"c-accordion__content c-text-editor\">\n              <p><ul><li>Tecnologia MNG (Multi Nanosome Granulated) <\/li>\n<li>\u00c1cido tranex\u00e2mico em tamanho nanom\u00e9trico com m\u00faltiplas camadas de lipossomas <\/li>\n<li>Ilumina\u00e7\u00e3o e redu\u00e7\u00e3o da vermelhid\u00e3o <\/li>\n<li>\u00c1cido hialur\u00f3nico de peso molecular extremamente baixo <\/li>\n<li>Apenas 8 ingredientes <\/li><\/ul><\/p>\n            <\/div>\n          <\/div>\n        <\/div>\n            <div class=\"c-accordion__item\">\n          <a href=\"#\" class=\"c-accordion__toggle\">\n            O que faz          <\/a>\n          <div class=\"c-accordion__panel\">\n            <div class=\"c-accordion__content c-text-editor\">\n              <p>A ampola TA \u00e9 recomendada para ilumina\u00e7\u00e3o da pele e redu\u00e7\u00e3o da vermelhid\u00e3o. O \u00e1cido tranex\u00e2mico \u00e9 utilizado h\u00e1 muito tempo para apoiar a recupera\u00e7\u00e3o de feridas, tendo sido posteriormente identificado o seu benef\u00edcio adicional na ilumina\u00e7\u00e3o da pele. \u00c9 amplamente utilizado para tratar o melasma, a hiperpigmenta\u00e7\u00e3o e para reduzir a vermelhid\u00e3o e as manchas.   <\/p>\n            <\/div>\n          <\/div>\n        <\/div>\n            <div class=\"c-accordion__item\">\n          <a href=\"#\" class=\"c-accordion__toggle\">\n            Ativo          <\/a>\n          <div class=\"c-accordion__panel\">\n            <div class=\"c-accordion__content c-text-editor\">\n              <p>\u00c1cido tranex\u00e2mico, 2 % <\/p>\n            <\/div>\n          <\/div>\n        <\/div>\n    <\/div>\n  <\/div>\n<\/section>\n\n<section id=\"content-block_3e19e6d79a65b4e105decdba488a9038\" class=\"content-block\">\n    <div class=\"o-container\">\n\n    \n<div class=\"o-row\">\n        <div class=\"o-col-12 u-text-center\">\n              <h2 class=\"c-heading c-heading--secondary u-h3 u-h1@sm u-uppercase u-mb-3@sm\"><h2>Ampola RS (Resveratrol) <\/h2><\/h2>\n                      <\/div>\n      <\/div>\n\n  <\/div>\n<\/section>\n\n<section id=\"faq-block_153c0f7db010c6c581f89da93f3ba037\" class=\"faq-block u-pb-5 u-pb-9@md\">\n  <div class=\"o-container\">\n\n    <div class=\"c-accordion\">        <div class=\"c-accordion__item\">\n          <a href=\"#\" class=\"c-accordion__toggle\">\n            Ingredientes          <\/a>\n          <div class=\"c-accordion__panel\">\n            <div class=\"c-accordion__content c-text-editor\">\n              <p>Resveratrol em p\u00f3 nano, \u00e1gua purificada (Aqua), extrato de raiz de Scutellaria baicalensis, extrato de raiz de Paeonia suffruticosa, glicerina, hialuronato de s\u00f3dio hidrolisado (\u00e1cido hialur\u00f3nico de baixo peso molecular), hialuronato de s\u00f3dio (\u00e1cido hialur\u00f3nico de alto peso molecular). <\/p>\n            <\/div>\n          <\/div>\n        <\/div>\n            <div class=\"c-accordion__item\">\n          <a href=\"#\" class=\"c-accordion__toggle\">\n            Caracter\u00edsticas          <\/a>\n          <div class=\"c-accordion__panel\">\n            <div class=\"c-accordion__content c-text-editor\">\n              <p><ul><li> Resveratrol de grau premium (95\u201399 % de pureza) em p\u00f3 nano <\/li> \n<li> Equivalente ao conte\u00fado de resveratrol de aproximadamente 500 garrafas de vinho <\/li> \n<li> Ilumina\u00e7\u00e3o, acn\u00e9 e redu\u00e7\u00e3o dos poros <\/li> \n<li> \u00c1cido hialur\u00f3nico de peso molecular extremamente baixo <\/li> \n<li> Apenas 7 ingredientes <\/li> <\/ul> <\/p>\n            <\/div>\n          <\/div>\n        <\/div>\n            <div class=\"c-accordion__item\">\n          <a href=\"#\" class=\"c-accordion__toggle\">\n            Fun\u00e7\u00f5es          <\/a>\n          <div class=\"c-accordion__panel\">\n            <div class=\"c-accordion__content c-text-editor\">\n              <p><ul><li>Potente antioxidante <\/li>\n<li>Apoia a pele oleosa e com tend\u00eancia acneica <\/li>\n<li>Redu\u00e7\u00e3o do sebo <\/li>\n<li>Antienvelhecimento <\/li>\n<li> Melhora a hiperpigmenta\u00e7\u00e3o p\u00f3s-inflamat\u00f3ria <\/li>\n<li>Purifica a pele, suaviza as rugas e uniformiza o tom <\/li><\/ul><\/p>\n            <\/div>\n          <\/div>\n        <\/div>\n            <div class=\"c-accordion__item\">\n          <a href=\"#\" class=\"c-accordion__toggle\">\n            O que faz          <\/a>\n          <div class=\"c-accordion__panel\">\n            <div class=\"c-accordion__content c-text-editor\">\n              <p>A ampola RS cont\u00e9m resveratrol de grau premium, um polifenol de origem natural. A quantidade de resveratrol presente numa \u00fanica ampola \u00e9 aproximadamente equivalente ao conte\u00fado de mais de 500 garrafas de vinho. Ajuda a prevenir a carcinog\u00e9nese cut\u00e2nea associada \u00e0 radia\u00e7\u00e3o UV, apoia o antienvelhecimento, reduz o excesso de sebo e melhora o aspeto da hiperpigmenta\u00e7\u00e3o p\u00f3s-inflamat\u00f3ria.   <\/p>\n            <\/div>\n          <\/div>\n        <\/div>\n            <div class=\"c-accordion__item\">\n          <a href=\"#\" class=\"c-accordion__toggle\">\n            Ingrediente ativo          <\/a>\n          <div class=\"c-accordion__panel\">\n            <div class=\"c-accordion__content c-text-editor\">\n              <p>Resveratrol, 9 % (p\u00f3 de tamanho nanom\u00e9trico) <\/p>\n            <\/div>\n          <\/div>\n        <\/div>\n    <\/div>\n  <\/div>\n<\/section>\n\n<section id=\"hero-block_9e6e66ef45f642fe1623a308a61dee44\" class=\"hero-block u-pt-5 u-pt-9@md u-pb-5 u-pb-9@md\">\n  <!-- <div class=\"o-container\"> -->\n  \n<div class=\"c-hero-slider-container\" style=\"position:relative;\">\n\n    \n    <div class=\"c-hero-slider js-hero-slider\" >\n                <div class=\"c-hero-slider__item\">\n                    <section class=\"c-hero-slider__content u-text-white\" style=\"background-image: url('https:\/\/www.cynosurelutronicemea.com\/wp-content\/uploads\/sites\/15\/2025\/03\/USS-Ultra-Banner.png'), url('https:\/\/www.cynosurelutronicemea.com\/wp-content\/uploads\/sites\/15\/2025\/03\/USS-Ultra-Banner.png');\">\n                        <div class=\"o-container\">\n                            <div class=\"o-row\">\n                                <div class=\"o-col-8@md o-col-7@lg o-col-6@xl\">\n                                    <h1 class=\"c-hero-slider__title\">LaseMD Ultra<\/h1>\n                                    <div class=\"c-hero-slider__text\">\n                                        <p><h2>Laser semia\u00adblativo de t\u00falio 1927 nm<\/h2> Visite a p\u00e1gina do produto Ultra para saber mais sobre este dispositivo vers\u00e1til.<\/p>\n                                    <\/div>\n                                                                            <a href=\"https:\/\/www.cynosurelutronicemea.com\/product\/lasemd-ultra\/\" class=\"c-button c-button--orange\">Visite a p\u00e1gina do produto Ultra<\/a>                                                                    <\/div>\n                            <\/div>\n                        <\/div>\n                    <\/section>\n                <\/div>\n\n            <\/div><\/div>  <!-- <\/div> -->\n<\/section>\n","protected":false},"excerpt":{"rendered":"","protected":false},"author":65,"featured_media":0,"parent":0,"menu_order":0,"comment_status":"closed","ping_status":"closed","template":"","meta":{"_acf_changed":false,"footnotes":""},"class_list":["post-6775","page","type-page","status-publish","hentry"],"acf":[],"yoast_head":"<!-- This site is optimized with the Yoast SEO plugin v27.3 - https:\/\/yoast.com\/product\/yoast-seo-wordpress\/ -->\n<title>Ampolas LaseMD Ultra - Cynosure Lutronic EMEA<\/title>\n<meta name=\"robots\" content=\"index, follow, max-snippet:-1, max-image-preview:large, max-video-preview:-1\" \/>\n<link rel=\"canonical\" href=\"https:\/\/www.cynosurelutronicemea.com\/pt-pt\/ampolas-lasemd-ultra\/\" \/>\n<meta property=\"og:locale\" content=\"pt_PT\" \/>\n<meta property=\"og:type\" content=\"article\" \/>\n<meta property=\"og:title\" content=\"Ampolas LaseMD Ultra - Cynosure Lutronic EMEA\" \/>\n<meta property=\"og:url\" content=\"https:\/\/www.cynosurelutronicemea.com\/pt-pt\/ampolas-lasemd-ultra\/\" \/>\n<meta property=\"og:site_name\" content=\"Cynosure Lutronic EMEA\" \/>\n<meta property=\"article:modified_time\" content=\"2026-01-12T15:54:00+00:00\" \/>\n<meta name=\"twitter:card\" content=\"summary_large_image\" \/>\n<script type=\"application\/ld+json\" class=\"yoast-schema-graph\">{\"@context\":\"https:\\\/\\\/schema.org\",\"@graph\":[{\"@type\":\"WebPage\",\"@id\":\"https:\\\/\\\/www.cynosurelutronicemea.com\\\/pt-pt\\\/ampolas-lasemd-ultra\\\/\",\"url\":\"https:\\\/\\\/www.cynosurelutronicemea.com\\\/pt-pt\\\/ampolas-lasemd-ultra\\\/\",\"name\":\"Ampolas LaseMD Ultra - Cynosure Lutronic EMEA\",\"isPartOf\":{\"@id\":\"https:\\\/\\\/www.cynosurelutronicemea.com\\\/pt-pt\\\/#website\"},\"datePublished\":\"2026-01-05T16:21:17+00:00\",\"dateModified\":\"2026-01-12T15:54:00+00:00\",\"breadcrumb\":{\"@id\":\"https:\\\/\\\/www.cynosurelutronicemea.com\\\/pt-pt\\\/ampolas-lasemd-ultra\\\/#breadcrumb\"},\"inLanguage\":\"pt-PT\",\"potentialAction\":[{\"@type\":\"ReadAction\",\"target\":[\"https:\\\/\\\/www.cynosurelutronicemea.com\\\/pt-pt\\\/ampolas-lasemd-ultra\\\/\"]}]},{\"@type\":\"BreadcrumbList\",\"@id\":\"https:\\\/\\\/www.cynosurelutronicemea.com\\\/pt-pt\\\/ampolas-lasemd-ultra\\\/#breadcrumb\",\"itemListElement\":[{\"@type\":\"ListItem\",\"position\":1,\"name\":\"Home\",\"item\":\"https:\\\/\\\/www.cynosurelutronicemea.com\\\/pt-pt\\\/\"},{\"@type\":\"ListItem\",\"position\":2,\"name\":\"Ampolas LaseMD Ultra\"}]},{\"@type\":\"WebSite\",\"@id\":\"https:\\\/\\\/www.cynosurelutronicemea.com\\\/pt-pt\\\/#website\",\"url\":\"https:\\\/\\\/www.cynosurelutronicemea.com\\\/pt-pt\\\/\",\"name\":\"Cynosure Lutronic EMEA\",\"description\":\"\",\"potentialAction\":[{\"@type\":\"SearchAction\",\"target\":{\"@type\":\"EntryPoint\",\"urlTemplate\":\"https:\\\/\\\/www.cynosurelutronicemea.com\\\/pt-pt\\\/?s={search_term_string}\"},\"query-input\":{\"@type\":\"PropertyValueSpecification\",\"valueRequired\":true,\"valueName\":\"search_term_string\"}}],\"inLanguage\":\"pt-PT\"}]}<\/script>\n<!-- \/ Yoast SEO plugin. -->","yoast_head_json":{"title":"Ampolas LaseMD Ultra - Cynosure Lutronic EMEA","robots":{"index":"index","follow":"follow","max-snippet":"max-snippet:-1","max-image-preview":"max-image-preview:large","max-video-preview":"max-video-preview:-1"},"canonical":"https:\/\/www.cynosurelutronicemea.com\/pt-pt\/ampolas-lasemd-ultra\/","og_locale":"pt_PT","og_type":"article","og_title":"Ampolas LaseMD Ultra - Cynosure Lutronic EMEA","og_url":"https:\/\/www.cynosurelutronicemea.com\/pt-pt\/ampolas-lasemd-ultra\/","og_site_name":"Cynosure Lutronic EMEA","article_modified_time":"2026-01-12T15:54:00+00:00","twitter_card":"summary_large_image","schema":{"@context":"https:\/\/schema.org","@graph":[{"@type":"WebPage","@id":"https:\/\/www.cynosurelutronicemea.com\/pt-pt\/ampolas-lasemd-ultra\/","url":"https:\/\/www.cynosurelutronicemea.com\/pt-pt\/ampolas-lasemd-ultra\/","name":"Ampolas LaseMD Ultra - Cynosure Lutronic EMEA","isPartOf":{"@id":"https:\/\/www.cynosurelutronicemea.com\/pt-pt\/#website"},"datePublished":"2026-01-05T16:21:17+00:00","dateModified":"2026-01-12T15:54:00+00:00","breadcrumb":{"@id":"https:\/\/www.cynosurelutronicemea.com\/pt-pt\/ampolas-lasemd-ultra\/#breadcrumb"},"inLanguage":"pt-PT","potentialAction":[{"@type":"ReadAction","target":["https:\/\/www.cynosurelutronicemea.com\/pt-pt\/ampolas-lasemd-ultra\/"]}]},{"@type":"BreadcrumbList","@id":"https:\/\/www.cynosurelutronicemea.com\/pt-pt\/ampolas-lasemd-ultra\/#breadcrumb","itemListElement":[{"@type":"ListItem","position":1,"name":"Home","item":"https:\/\/www.cynosurelutronicemea.com\/pt-pt\/"},{"@type":"ListItem","position":2,"name":"Ampolas LaseMD Ultra"}]},{"@type":"WebSite","@id":"https:\/\/www.cynosurelutronicemea.com\/pt-pt\/#website","url":"https:\/\/www.cynosurelutronicemea.com\/pt-pt\/","name":"Cynosure Lutronic EMEA","description":"","potentialAction":[{"@type":"SearchAction","target":{"@type":"EntryPoint","urlTemplate":"https:\/\/www.cynosurelutronicemea.com\/pt-pt\/?s={search_term_string}"},"query-input":{"@type":"PropertyValueSpecification","valueRequired":true,"valueName":"search_term_string"}}],"inLanguage":"pt-PT"}]}},"_links":{"self":[{"href":"https:\/\/www.cynosurelutronicemea.com\/pt-pt\/wp-json\/wp\/v2\/pages\/6775","targetHints":{"allow":["GET"]}}],"collection":[{"href":"https:\/\/www.cynosurelutronicemea.com\/pt-pt\/wp-json\/wp\/v2\/pages"}],"about":[{"href":"https:\/\/www.cynosurelutronicemea.com\/pt-pt\/wp-json\/wp\/v2\/types\/page"}],"author":[{"embeddable":true,"href":"https:\/\/www.cynosurelutronicemea.com\/pt-pt\/wp-json\/wp\/v2\/users\/65"}],"replies":[{"embeddable":true,"href":"https:\/\/www.cynosurelutronicemea.com\/pt-pt\/wp-json\/wp\/v2\/comments?post=6775"}],"version-history":[{"count":0,"href":"https:\/\/www.cynosurelutronicemea.com\/pt-pt\/wp-json\/wp\/v2\/pages\/6775\/revisions"}],"wp:attachment":[{"href":"https:\/\/www.cynosurelutronicemea.com\/pt-pt\/wp-json\/wp\/v2\/media?parent=6775"}],"curies":[{"name":"wp","href":"https:\/\/api.w.org\/{rel}","templated":true}]}}