{"id":4889,"date":"2025-02-14T15:46:08","date_gmt":"2025-02-14T15:46:08","guid":{"rendered":"https:\/\/www.cynosurelutronicemea.com\/ultra-skin-solutions\/"},"modified":"2025-06-05T14:13:42","modified_gmt":"2025-06-05T14:13:42","slug":"ultra-skin-solutions","status":"publish","type":"page","link":"https:\/\/www.cynosurelutronicemea.com\/pt-pt\/ultra-skin-solutions\/","title":{"rendered":"Ultra Skin Solutions"},"content":{"rendered":"\n<section id=\"hero-block_cff61609bc70326e2e622d8e49321edd\" class=\"hero-block u-pt-5 u-pt-9@md\">\n  <!-- <div class=\"o-container\"> -->\n  \n<div class=\"c-hero-slider-container\" style=\"position:relative;\">\n\n    \n    <div class=\"c-hero-slider js-hero-slider\" data-slick= '{\"autoplay\": true}' >\n                <div class=\"c-hero-slider__item\">\n                    <section class=\"c-hero-slider__content u-text-white u-text-center\" style=\"background-image: url('https:\/\/www.cynosurelutronicemea.com\/wp-content\/uploads\/sites\/15\/2025\/02\/USS-Banner.png'), url('https:\/\/www.cynosurelutronicemea.com\/wp-content\/uploads\/sites\/15\/2025\/02\/USS-Banner.png');\">\n                        <div class=\"o-container\">\n                            <div class=\"o-row\">\n                                <div class=\"o-col-8@md o-col-7@lg o-col-6@xl u-mx-auto\">\n                                    <h1 class=\"c-hero-slider__title\"><p style=\"text-align: center;\"><img decoding=\"async\" src=\"ultra-skin-solutions-logo-white-small\"><\/p><\/h1>\n                                    <div class=\"c-hero-slider__text\">\n                                        <p>Trata-se de um tratamento combinado poderoso, que atua em v\u00e1rias camadas, conferindo \u00e0 pele maior suavidade, firmeza e luminosidade. <\/p>\n                                    <\/div>\n                                                                    <\/div>\n                            <\/div>\n                        <\/div>\n                    <\/section>\n                <\/div>\n\n            <\/div><\/div>  <!-- <\/div> -->\n<\/section>\n\n\n\n<section id=\"hero-block_0b5a02235624700b6c5b7951285bbfcd\" class=\"hero-block\">\n  <!-- <div class=\"o-container\"> -->\n  \n<div class=\"c-hero-slider-container\" style=\"position:relative;\">\n\n    \n    <div class=\"c-hero-slider js-hero-slider\" >\n                <div class=\"c-hero-slider__item\">\n                    <section class=\"c-hero-slider__content u-text-white\" style=\"background-image: url('https:\/\/www.cynosurelutronicemea.com\/wp-content\/uploads\/sites\/15\/2025\/03\/USS-Devices-banner.png'), url('https:\/\/www.cynosurelutronicemea.com\/wp-content\/uploads\/sites\/15\/2025\/03\/USS-Devices-banner.png');\">\n                        <div class=\"o-container\">\n                            <div class=\"o-row\">\n                                <div class=\"o-col-8@md o-col-7@lg o-col-6@xl\">\n                                    <h1 class=\"c-hero-slider__title\">O que \u00e9 Ultra Skin Solutions? <\/h1>\n                                    <div class=\"c-hero-slider__text\">\n                                        <p> Ultra Skin Solutions \u00e9 um tratamento avan\u00e7ado de rejuvenescimento da pele, com v\u00e1rias camadas e que combina duas tecnologias l\u00edderes no setor, nomeadamente o laser LaseMD Ultra e o microagulhamento Genius RF, para obter resultados imediatos e uma tez revitalizada. <p>Ultra Skin Solutions foi concebido para tratar uma s\u00e9rie de problemas de pele, incluindo: linhas finas e rugas, flacidez da pele, tom de pele irregular, textura ba\u00e7a ou \u00e1spera, cicatrizes de acne, pigmenta\u00e7\u00e3o e manchas.<\/p>\n                                    <\/div>\n                                                                    <\/div>\n                            <\/div>\n                        <\/div>\n                    <\/section>\n                <\/div>\n\n            <\/div><\/div>  <!-- <\/div> -->\n<\/section>\n\n\n\n<section id=\"content-block_c7d318a6a272806ce7016598f4608cae\" class=\"content-block u-pt-5 u-pt-9@md u-bg-tertriary-gray-100\">\n    <div class=\"o-container\">\n\n    \n<div class=\"o-row\">\n          <div class=\"o-col-12\">\n            <div class=\"o-row\">\n                  <div class=\"o-col-6@md\">\n            <div class=\"c-text-editor\">\n              <p><img loading=\"lazy\" decoding=\"async\" class=\"aligncenter\" src=\"https:\/\/www.cynosurelutronicemea.com\/wp-content\/uploads\/sites\/15\/2025\/03\/LaseMD_Ultra_Black_Logo-300x87.png\" alt=\"\" width=\"300\" height=\"87\"><\/p>\n<p style=\"text-align: center;\">O laser LaseMD Ultra estimula o alisamento e a luminosidade da pele, fornecendo uma energia subablativa suave \u00e0 superf\u00edcie cut\u00e2nea. Isto ajuda a melhorar o tom e a textura da pele e a reduzir o aparecimento de manchas, melhorando assim o aspeto da pele.<br \/>\n<a href=\"https:\/\/www.cynosurelutronicemea.com\/pt-pt\/produtos\/lasemd-ultra\/\"><strong>Saber mais sobre o Ultra &gt;<\/strong><\/a><\/p>\n            <\/div>\n          <\/div>\n                          <div class=\"o-col-6@md\">\n            <p style=\"text-align: center;\"><img loading=\"lazy\" decoding=\"async\" src=\"https:\/\/www.cynosurelutronicemea.com\/wp-content\/uploads\/sites\/15\/2025\/03\/Genius-Logo-small.png\" alt=\"\" width=\"300\" height=\"60\"><br \/>\nO microagulhamento Genius RF actua sob a superf\u00edcie da pele, promovendo a produ\u00e7\u00e3o de colag\u00e9nio e elastina. Esta tecnologia inovadora ajuda a refirmar e a tornar a pele mais firme, a reduzir o aparecimento de r\u00eddulas e rugas e a melhorar a textura geral da pele, proporcionando resultados duradouros.<br \/>\n<a href=\"https:\/\/www.cynosurelutronicemea.com\/pt-pt\/produtos\/genius\/\"><strong>Saiba mais sobre o Genius RF Microneedling &gt;<\/strong><\/a><\/p>\n                      <\/div>\n              <\/div>\n    <\/div>\n    <\/div>\n\n  <\/div>\n<\/section>\n\n\n<div class=\"o-container\">\n  <div class=\"o-row\">\n    <div class=\"o-col-12\">\n      <hr class=\"c-divider u-text-tertriary-gray-gray-200\">\n    <\/div>\n  <\/div>\n<\/div>\n\n\n\n<section id=\"wistia-block_9039a5e0d12d265fb70a49610baa0441\" class=\"wistia-block\">\n  <div class=\"o-container\">\n\n    <div class=\"o-row\"><div class=\"o-col-12\"><div class=\"o-row\"><div class=\"o-col-12\"><script src=\"https:\/\/fast.wistia.com\/embed\/medias\/v2u2ipy5kz.jsonp\" async><\/script><script src=\"https:\/\/fast.wistia.com\/assets\/external\/E-v1.js\" async><\/script><div class=\"wistia_responsive_padding\" style=\"padding:45.25% 0 0 0;position:relative; margin: 10px 0\"><div class=\"wistia_responsive_wrapper\" style=\"height:100%;left:0;position:absolute;top:0;width:100%;\"><span class=\"wistia_embed wistia_async_v2u2ipy5kz popover=true popoverAnimateThumbnail=true videoFoam=true\" style=\"display:inline-block;height:100%;position:relative;width:100%\">&nbsp;<\/span><\/div><\/div><\/div><\/div><\/div><\/div>  <\/div>\n\n  <\/div>\n<\/section>\n\n\n\n<section id=\"content-block_aebd29716a69bf01b1213e9bd9376a65\" class=\"content-block u-pt-5 u-pt-9@md\">\n    <div class=\"o-container\">\n\n    \n<div class=\"o-row\">\n        <div class=\"o-col-12 u-text-center\">\n              <h2 class=\"c-heading c-heading--secondary u-h3 u-h1@sm u-uppercase u-mb-3@sm\">USS Antes e depois<\/h2>\n                    <div class=\"c-text-editor\">\n          <p><span class=\"NormalTextRun SCXW242933888 BCX0\">Veja os resultados transformadores das Ultra Skin Solutions com melhorias vis\u00edveis na tonalidade da pele, <\/span><span class=\"NormalTextRun SCXW242933888 BCX0\"> texturae<\/span><span class=\"NormalTextRun SCXW242933888 BCX0\">e firmeza da pele. <\/span> <\/p>\n        <\/div>\n                <\/div>\n      <\/div>\n\n  <\/div>\n<\/section>\n\n\n\n<section id=\"before-after-block_9fb4706d35292dcc204697ff4d66105a\" class=\"before-after-block u-pt-5 u-pt-9@md u-pb-5 u-pb-9@md\">\n  <div class=\"o-container\">\n    <div class=\"o-row\">\n      <div class=\"o-col-12\">\n        <div class=\"eb-c-comparison-slider\">\n                            <\/div>\n      <\/div>\n    <\/div>\n  <\/div>\n<\/section>\n\n\n\n<section id=\"content-block_4a4a114226f1e0eef31ce376516d5c41\" class=\"content-block u-pb-5 u-pb-9@md\">\n    <div class=\"o-container\">\n\n    \n<div class=\"o-row\">\n          <div class=\"o-col-12\">\n              <div class=\"o-row\">\n          <div class=\"o-col-6@md\">\n            <h2 class=\"c-heading c-heading--secondary u-h3 u-h1@sm u-uppercase u-mb-3@sm\">Testemunhos<\/h2>\n          <\/div>\n        <\/div>\n            <div class=\"o-row\">\n                  <div class=\"o-col-6@md\">\n            <div class=\"c-text-editor\">\n              <script src=\"https:\/\/fast.wistia.com\/player.js\" async=\"\"><\/script><script src=\"https:\/\/fast.wistia.com\/embed\/2hyafde4vo.js\" async=\"\" type=\"module\"><\/script>\n<style>wistia-player[media-id='2hyafde4vo']:not(:defined) { background: center \/ contain no-repeat url('https:\/\/fast.wistia.com\/embed\/medias\/2hyafde4vo\/swatch'); display: block; filter: blur(5px); padding-top:100.0%; }<\/style>\n<p> <wistia-player media-id=\"2hyafde4vo\" aspect=\"1.0\"><\/wistia-player><\/p>\n            <\/div>\n          <\/div>\n                          <div class=\"o-col-6@md\">\n            <script src=\"https:\/\/fast.wistia.com\/player.js\" async=\"\"><\/script><script src=\"https:\/\/fast.wistia.com\/embed\/dg842536o4.js\" async=\"\" type=\"module\"><\/script>\n<style>wistia-player[media-id='dg842536o4']:not(:defined) { background: center \/ contain no-repeat url('https:\/\/fast.wistia.com\/embed\/medias\/dg842536o4\/swatch'); display: block; filter: blur(5px); padding-top:100.0%; }<\/style>\n<p> <wistia-player media-id=\"dg842536o4\" aspect=\"1.0\"><\/wistia-player><\/p>\n                      <\/div>\n              <\/div>\n    <\/div>\n    <\/div>\n\n  <\/div>\n<\/section>\n","protected":false},"excerpt":{"rendered":"","protected":false},"author":65,"featured_media":0,"parent":0,"menu_order":0,"comment_status":"closed","ping_status":"closed","template":"","meta":{"_acf_changed":false,"footnotes":""},"class_list":["post-4889","page","type-page","status-publish","hentry"],"acf":[],"yoast_head":"<!-- This site is optimized with the Yoast SEO plugin v27.5 - https:\/\/yoast.com\/product\/yoast-seo-wordpress\/ -->\n<title>Ultra Skin Solutions - Cynosure Lutronic EMEA<\/title>\n<meta name=\"description\" content=\"Trata-se de um tratamento combinado poderoso, que atua em v\u00e1rias camadas, conferindo \u00e0 pele maior suavidade, firmeza e luminosidade.\" \/>\n<meta name=\"robots\" content=\"index, follow, max-snippet:-1, max-image-preview:large, max-video-preview:-1\" \/>\n<link rel=\"canonical\" href=\"https:\/\/www.cynosurelutronicemea.com\/pt-pt\/ultra-skin-solutions\/\" \/>\n<meta property=\"og:locale\" content=\"pt_PT\" \/>\n<meta property=\"og:type\" content=\"article\" \/>\n<meta property=\"og:title\" content=\"Ultra Skin Solutions - Cynosure Lutronic EMEA\" \/>\n<meta property=\"og:description\" content=\"Trata-se de um tratamento combinado poderoso, que atua em v\u00e1rias camadas, conferindo \u00e0 pele maior suavidade, firmeza e luminosidade.\" \/>\n<meta property=\"og:url\" content=\"https:\/\/www.cynosurelutronicemea.com\/pt-pt\/ultra-skin-solutions\/\" \/>\n<meta property=\"og:site_name\" content=\"Cynosure Lutronic EMEA\" \/>\n<meta property=\"article:modified_time\" content=\"2025-06-05T14:13:42+00:00\" \/>\n<meta name=\"twitter:card\" content=\"summary_large_image\" \/>\n<script type=\"application\/ld+json\" class=\"yoast-schema-graph\">{\"@context\":\"https:\\\/\\\/schema.org\",\"@graph\":[{\"@type\":\"WebPage\",\"@id\":\"https:\\\/\\\/www.cynosurelutronicemea.com\\\/pt-pt\\\/ultra-skin-solutions\\\/\",\"url\":\"https:\\\/\\\/www.cynosurelutronicemea.com\\\/pt-pt\\\/ultra-skin-solutions\\\/\",\"name\":\"Ultra Skin Solutions - Cynosure Lutronic EMEA\",\"isPartOf\":{\"@id\":\"https:\\\/\\\/www.cynosurelutronicemea.com\\\/pt-pt\\\/#website\"},\"datePublished\":\"2025-02-14T15:46:08+00:00\",\"dateModified\":\"2025-06-05T14:13:42+00:00\",\"description\":\"Trata-se de um tratamento combinado poderoso, que atua em v\u00e1rias camadas, conferindo \u00e0 pele maior suavidade, firmeza e luminosidade.\",\"breadcrumb\":{\"@id\":\"https:\\\/\\\/www.cynosurelutronicemea.com\\\/pt-pt\\\/ultra-skin-solutions\\\/#breadcrumb\"},\"inLanguage\":\"pt-PT\",\"potentialAction\":[{\"@type\":\"ReadAction\",\"target\":[\"https:\\\/\\\/www.cynosurelutronicemea.com\\\/pt-pt\\\/ultra-skin-solutions\\\/\"]}]},{\"@type\":\"BreadcrumbList\",\"@id\":\"https:\\\/\\\/www.cynosurelutronicemea.com\\\/pt-pt\\\/ultra-skin-solutions\\\/#breadcrumb\",\"itemListElement\":[{\"@type\":\"ListItem\",\"position\":1,\"name\":\"Home\",\"item\":\"https:\\\/\\\/www.cynosurelutronicemea.com\\\/pt-pt\\\/\"},{\"@type\":\"ListItem\",\"position\":2,\"name\":\"Ultra Skin Solutions\"}]},{\"@type\":\"WebSite\",\"@id\":\"https:\\\/\\\/www.cynosurelutronicemea.com\\\/pt-pt\\\/#website\",\"url\":\"https:\\\/\\\/www.cynosurelutronicemea.com\\\/pt-pt\\\/\",\"name\":\"Cynosure Lutronic EMEA\",\"description\":\"\",\"potentialAction\":[{\"@type\":\"SearchAction\",\"target\":{\"@type\":\"EntryPoint\",\"urlTemplate\":\"https:\\\/\\\/www.cynosurelutronicemea.com\\\/pt-pt\\\/?s={search_term_string}\"},\"query-input\":{\"@type\":\"PropertyValueSpecification\",\"valueRequired\":true,\"valueName\":\"search_term_string\"}}],\"inLanguage\":\"pt-PT\"}]}<\/script>\n<!-- \/ Yoast SEO plugin. -->","yoast_head_json":{"title":"Ultra Skin Solutions - Cynosure Lutronic EMEA","description":"Trata-se de um tratamento combinado poderoso, que atua em v\u00e1rias camadas, conferindo \u00e0 pele maior suavidade, firmeza e luminosidade.","robots":{"index":"index","follow":"follow","max-snippet":"max-snippet:-1","max-image-preview":"max-image-preview:large","max-video-preview":"max-video-preview:-1"},"canonical":"https:\/\/www.cynosurelutronicemea.com\/pt-pt\/ultra-skin-solutions\/","og_locale":"pt_PT","og_type":"article","og_title":"Ultra Skin Solutions - Cynosure Lutronic EMEA","og_description":"Trata-se de um tratamento combinado poderoso, que atua em v\u00e1rias camadas, conferindo \u00e0 pele maior suavidade, firmeza e luminosidade.","og_url":"https:\/\/www.cynosurelutronicemea.com\/pt-pt\/ultra-skin-solutions\/","og_site_name":"Cynosure Lutronic EMEA","article_modified_time":"2025-06-05T14:13:42+00:00","twitter_card":"summary_large_image","schema":{"@context":"https:\/\/schema.org","@graph":[{"@type":"WebPage","@id":"https:\/\/www.cynosurelutronicemea.com\/pt-pt\/ultra-skin-solutions\/","url":"https:\/\/www.cynosurelutronicemea.com\/pt-pt\/ultra-skin-solutions\/","name":"Ultra Skin Solutions - Cynosure Lutronic EMEA","isPartOf":{"@id":"https:\/\/www.cynosurelutronicemea.com\/pt-pt\/#website"},"datePublished":"2025-02-14T15:46:08+00:00","dateModified":"2025-06-05T14:13:42+00:00","description":"Trata-se de um tratamento combinado poderoso, que atua em v\u00e1rias camadas, conferindo \u00e0 pele maior suavidade, firmeza e luminosidade.","breadcrumb":{"@id":"https:\/\/www.cynosurelutronicemea.com\/pt-pt\/ultra-skin-solutions\/#breadcrumb"},"inLanguage":"pt-PT","potentialAction":[{"@type":"ReadAction","target":["https:\/\/www.cynosurelutronicemea.com\/pt-pt\/ultra-skin-solutions\/"]}]},{"@type":"BreadcrumbList","@id":"https:\/\/www.cynosurelutronicemea.com\/pt-pt\/ultra-skin-solutions\/#breadcrumb","itemListElement":[{"@type":"ListItem","position":1,"name":"Home","item":"https:\/\/www.cynosurelutronicemea.com\/pt-pt\/"},{"@type":"ListItem","position":2,"name":"Ultra Skin Solutions"}]},{"@type":"WebSite","@id":"https:\/\/www.cynosurelutronicemea.com\/pt-pt\/#website","url":"https:\/\/www.cynosurelutronicemea.com\/pt-pt\/","name":"Cynosure Lutronic EMEA","description":"","potentialAction":[{"@type":"SearchAction","target":{"@type":"EntryPoint","urlTemplate":"https:\/\/www.cynosurelutronicemea.com\/pt-pt\/?s={search_term_string}"},"query-input":{"@type":"PropertyValueSpecification","valueRequired":true,"valueName":"search_term_string"}}],"inLanguage":"pt-PT"}]}},"_links":{"self":[{"href":"https:\/\/www.cynosurelutronicemea.com\/pt-pt\/wp-json\/wp\/v2\/pages\/4889","targetHints":{"allow":["GET"]}}],"collection":[{"href":"https:\/\/www.cynosurelutronicemea.com\/pt-pt\/wp-json\/wp\/v2\/pages"}],"about":[{"href":"https:\/\/www.cynosurelutronicemea.com\/pt-pt\/wp-json\/wp\/v2\/types\/page"}],"author":[{"embeddable":true,"href":"https:\/\/www.cynosurelutronicemea.com\/pt-pt\/wp-json\/wp\/v2\/users\/65"}],"replies":[{"embeddable":true,"href":"https:\/\/www.cynosurelutronicemea.com\/pt-pt\/wp-json\/wp\/v2\/comments?post=4889"}],"version-history":[{"count":0,"href":"https:\/\/www.cynosurelutronicemea.com\/pt-pt\/wp-json\/wp\/v2\/pages\/4889\/revisions"}],"wp:attachment":[{"href":"https:\/\/www.cynosurelutronicemea.com\/pt-pt\/wp-json\/wp\/v2\/media?parent=4889"}],"curies":[{"name":"wp","href":"https:\/\/api.w.org\/{rel}","templated":true}]}}