{"id":3692,"date":"2024-09-30T19:19:55","date_gmt":"2024-09-30T19:19:55","guid":{"rendered":"https:\/\/www.cynosurelutronicemea.com\/skin-concerns\/"},"modified":"2025-03-19T11:06:52","modified_gmt":"2025-03-19T11:06:52","slug":"tratamentos","status":"publish","type":"page","link":"https:\/\/www.cynosurelutronicemea.com\/pt-pt\/tratamentos\/","title":{"rendered":"Dist\u00farbios da pele"},"content":{"rendered":"\n<section id=\"hero-block_a21fd2a59b0ce33920821057b16a7125\" class=\"hero-block\">\n  <!-- <div class=\"o-container\"> -->\n  \n<div class=\"c-hero-slider-container\" style=\"position:relative;\">\n\n    \n    <div class=\"c-hero-slider js-hero-slider\" >\n                <div class=\"c-hero-slider__item\">\n                    <section class=\"c-hero-slider__content u-text-black u-text-center\" style=\"background-image: url('https:\/\/www.cynosurelutronicemea.com\/wp-content\/uploads\/sites\/15\/2024\/11\/All-skin-concerns.jpg'), url('https:\/\/www.cynosurelutronicemea.com\/wp-content\/uploads\/sites\/15\/2024\/11\/All-skin-concerns.jpg');\">\n                        <div class=\"o-container\">\n                            <div class=\"o-row\">\n                                <div class=\"o-col-8@md o-col-7@lg o-col-6@xl u-mx-auto\">\n                                    <h1 class=\"c-hero-slider__title\">Mostre uma pele bela e saud\u00e1vel<\/h1>\n                                    <div class=\"c-hero-slider__text\">\n                                        <p>Todos merecemos ser felizes na nossa pele. Descubra os tratamentos Cynosure Lutronic para os dist\u00farbios da pele.  <\/p>\n                                    <\/div>\n                                                                            <a href=\"https:\/\/www.cynosurelutronicemea.com\/pt-pt\/produtos\/\" class=\"c-button c-button--white\">Consulte por nome de produto<\/a>                                                                    <\/div>\n                            <\/div>\n                        <\/div>\n                    <\/section>\n                <\/div>\n\n            <\/div><\/div>  <!-- <\/div> -->\n<\/section>\n\n<section id=\"content-block_98ce81c039df272dbc8ed68a7e854cd1\" class=\"content-block u-pt-5 u-pt-9@md u-pb-5 u-pb-9@md o-background c-subheader\" style=\"background-image: url(https:\/\/www.cynosurelutronicemea.com\/wp-content\/uploads\/sites\/15\/2024\/11\/Banners-Website-Clarity-II-36.jpg);\">\n  <div class=\"c-subheader__overlay\" style=\"opacity: .80\"><\/div>  <div class=\"o-container\">\n\n    \n<div class=\"o-row\">\n        <div class=\"o-col-12 u-text-center\">\n              <h2 class=\"c-heading c-heading--secondary u-h3 u-h1@sm u-uppercase u-mb-3@sm\">Tratamentos a laser para os dist\u00farbios da pele<\/h2>\n                    <div class=\"c-text-editor\">\n          <p style=\"font-size: 20px;\">Cynosure Lutronic tem como objetivo melhorar a pele de todos os pacientes.<\/p>\n<p style=\"font-size: 20px;\">De remo\u00e7\u00e3o a laser de tatuagens e cicatrizes de acne a revitaliza\u00e7\u00e3o da pele e tratamento de pigmenta\u00e7\u00e3o a laser \u2013 todos os problemas da pele s\u00e3o tratados por Cynosure Lutronic.<\/p>\n<p style=\"font-size: 20px;\">Quer seja um paciente \u00e0 procura de um fornecedor local Cynosure Lutronic, ou um m\u00e9dico \u00e0 procura dos dispositivos de cuidados da pele da mais alta qualidade no mercado, use os links abaixo para encontrar o que precisa. <\/p>\n        <\/div>\n                <\/div>\n      <\/div>\n\n  <\/div>\n<\/section>\n\n<section id=\"cta-columns-block_1939299469ec474ad0bf01ed4cc4ebfa\" class=\"cta-columns-block u-pb-5 u-pb-9@md c-text-editor\">\n    <div class=\"o-container\">\n\n    <div class=\"u-text-center u-pb-5\"><h2 class=\"u-mb-1\"><\/h2><p><\/p><\/div><div class=\"o-stack-2@md o-stack-3@xl u-mb-n-gutter\"><div class=\"u-mb-gutter\">          <img decoding=\"async\" src=\"https:\/\/www.cynosurelutronicemea.com\/wp-content\/uploads\/sites\/15\/2024\/11\/Tattoo-removal-Icon.jpg\" srcset=\"\" sizes=\"(max-width: cynosure-small) 100vw, cynosure-small\" alt=\"tattoo-removal-icon\">\n    <h2>Remo\u00e7\u00e3o de tatuagens <\/h2><p style=\"font-size: 20px;\">Liberte a sua pele de tra\u00e7os de tinta indesejados. <\/p><a href=\"https:\/\/www.cynosurelutronicemea.com\/skin-concerns\/tattoo-removal\/\" class=\"u-mt-3 c-button c-button--xl c-button--transparent-orange\">Saiba mais<\/a><\/div><div class=\"u-mb-gutter\">          <img decoding=\"async\" src=\"https:\/\/www.cynosurelutronicemea.com\/wp-content\/uploads\/sites\/15\/2024\/11\/Active-acne-Icon.jpg\" srcset=\"\" sizes=\"(max-width: cynosure-small) 100vw, cynosure-small\" alt=\"active-acne-icon\">\n    <h2>Acne ativa <\/h2><p style=\"font-size: 20px;\">Al\u00edvio da pele inflamada e dolorida. <\/p><a href=\"https:\/\/www.cynosurelutronicemea.com\/skin-concerns\/active-acne\/\" class=\"u-mt-3 c-button c-button--xl c-button--transparent-orange\">Saiba mais<\/a><\/div><div class=\"u-mb-gutter\">          <img decoding=\"async\" src=\"https:\/\/www.cynosurelutronicemea.com\/wp-content\/uploads\/sites\/15\/2024\/11\/Acne-Scarring.jpg\" srcset=\"\" sizes=\"(max-width: cynosure-small) 100vw, cynosure-small\" alt=\"acne-scarring\">\n    <h2>Cicatrizes de acne <\/h2> <p style=\"font-size: 20px;\">Diga adeus \u00e0s cicatrizes de acne e consiga uma pele mais suave.<\/p><a href=\"https:\/\/www.cynosurelutronicemea.com\/skin-concerns\/acne-scars\/\" class=\"u-mt-3 c-button c-button--xl c-button--transparent-orange\">Saiba mais<\/a><\/div><div class=\"u-mb-gutter\">          <img decoding=\"async\" src=\"https:\/\/www.cynosurelutronicemea.com\/wp-content\/uploads\/sites\/15\/2024\/11\/Surgical-Scarring.jpg\" srcset=\"\" sizes=\"(max-width: cynosure-small) 100vw, cynosure-small\" alt=\"surgical-scarring\">\n    <h2>Cicatrizes (cir\u00fargicas, queimaduras e les\u00f5es)<\/h2><p style=\"font-size: 20px;\">Ajuda a remover as cicatrizes indesejadas. <\/p><a href=\"https:\/\/www.cynosurelutronicemea.com\/skin-concerns\/surgical-scars\/\" class=\"u-mt-3 c-button c-button--xl c-button--transparent-orange\">Saiba mais<\/a><\/div><div class=\"u-mb-gutter\">          <img decoding=\"async\" src=\"https:\/\/www.cynosurelutronicemea.com\/wp-content\/uploads\/sites\/15\/2024\/11\/melasma.jpg\" srcset=\"\" sizes=\"(max-width: cynosure-small) 100vw, cynosure-small\" alt=\"melasma\">\n    <h2>Melasma e pigmenta\u00e7\u00e3o severa <\/h2><p style=\"font-size: 20px;\">Solu\u00e7\u00f5es para melasma, nevo e outras pigmenta\u00e7\u00f5es severas. <\/p><a href=\"https:\/\/www.cynosurelutronicemea.com\/skin-concerns\/melasma\/\" class=\"u-mt-3 c-button c-button--xl c-button--transparent-orange\">Saiba mais<\/a><\/div><div class=\"u-mb-gutter\">          <img decoding=\"async\" src=\"https:\/\/www.cynosurelutronicemea.com\/wp-content\/uploads\/sites\/15\/2024\/11\/vascular-lesions.jpg\" srcset=\"\" sizes=\"(max-width: cynosure-small) 100vw, cynosure-small\" alt=\"vascular-lesions\">\n    <h2>Les\u00f5es vasculares (tratamentos de varizes) <\/h2><p style=\"font-size: 20px;\">Diminui a apar\u00eancia de veias no rosto e varizes, sem cirurgia. <\/p>\n<a href=\"https:\/\/www.cynosurelutronicemea.com\/skin-concerns\/vein-treatment\/\" class=\"u-mt-3 c-button c-button--xl c-button--transparent-orange\">Saiba mais<\/a><\/div><div class=\"u-mb-gutter\">          <img decoding=\"async\" src=\"https:\/\/www.cynosurelutronicemea.com\/wp-content\/uploads\/sites\/15\/2024\/11\/pigmentation.jpg\" srcset=\"\" sizes=\"(max-width: cynosure-small) 100vw, cynosure-small\" alt=\"pigmentation\">\n    <h2>Pigmenta\u00e7\u00e3o <\/h2><p style=\"font-size: 20px;\">Remove rapidamente a pigmenta\u00e7\u00e3o indesejada. <\/p><a href=\"https:\/\/www.cynosurelutronicemea.com\/skin-concerns\/pigmentation\/\" class=\"u-mt-3 c-button c-button--xl c-button--transparent-orange\">Saiba mais<\/a><\/div><div class=\"u-mb-gutter\">          <img decoding=\"async\" src=\"https:\/\/www.cynosurelutronicemea.com\/wp-content\/uploads\/sites\/15\/2024\/11\/Hair-removal.jpg\" srcset=\"\" sizes=\"(max-width: cynosure-small) 100vw, cynosure-small\" alt=\"hair-removal-2\">\n    <h2>Depila\u00e7\u00e3o<\/h2> <p style=\"font-size: 20px;\">Depila\u00e7\u00e3o a laser sem esfor\u00e7o \u2013 para uma pele radiante. <\/p><a href=\"https:\/\/www.cynosurelutronicemea.com\/skin-concerns\/hair-removal\/\" class=\"u-mt-3 c-button c-button--xl c-button--transparent-orange\">Saiba mais<\/a><\/div><div class=\"u-mb-gutter\">          <img decoding=\"async\" src=\"https:\/\/www.cynosurelutronicemea.com\/wp-content\/uploads\/sites\/15\/2024\/11\/skin-revitalisation.jpg\" srcset=\"\" sizes=\"(max-width: cynosure-small) 100vw, cynosure-small\" alt=\"skin-revitalisation\">\n    <h2>Revitaliza\u00e7\u00e3o da pele <\/h2><p style=\"font-size: 20px;\">Libere o potencial da sua pele ap\u00f3s poucos tratamentos.<\/p><a href=\"https:\/\/www.cynosurelutronicemea.com\/skin-concerns\/skin-revitalisation\/\" class=\"u-mt-3 c-button c-button--xl c-button--transparent-orange\">Saiba mais<\/a><\/div><div class=\"u-mb-gutter\">          <img decoding=\"async\" src=\"https:\/\/www.cynosurelutronicemea.com\/wp-content\/uploads\/sites\/15\/2024\/11\/Fine-lines-and-wrinkles.jpg\" srcset=\"\" sizes=\"(max-width: cynosure-small) 100vw, cynosure-small\" alt=\"fine-lines-and-wrinkles\">\n    <h2>Linhas finas e rugas <\/h2><p style=\"font-size: 20px;\">D\u00ea uma nova vida \u00e0 sua pele sem cirurgia. <\/p><a href=\"https:\/\/www.cynosurelutronicemea.com\/skin-concerns\/fine-lines-and-wrinkles\/\" class=\"u-mt-3 c-button c-button--xl c-button--transparent-orange\">Saiba mais<\/a><\/div><\/div>\n  <\/div>\n<\/section>\n\n<section id=\"content-block_b4023fb201133e134cc2a7e4371a243c\" class=\"content-block u-pt-5 u-pt-9@md u-pb-5 u-pb-9@md o-background c-subheader\" style=\"background-image: url(https:\/\/www.cynosurelutronicemea.com\/wp-content\/uploads\/sites\/15\/2024\/11\/Banners-Website-Clarity-II-36.jpg);\">\n  <div class=\"c-subheader__overlay\" style=\"opacity: .80\"><\/div>  <div class=\"o-container\">\n\n    \n<div class=\"o-row\">\n      <div class=\"o-col-8@md o-offset-4@md\">\n          <div class=\"c-call-to-action__inner\">\n        <div class=\"c-call-to-action__content\">\n          <h2 style=\"text-align: left;\">Para m\u00e9dicos<\/h2>\n<p style=\"text-align: left;\">Consulte os tratamentos a laser por nome de produto.<\/p>\n          <a href=\"https:\/\/www.cynosurelutronicemea.com\/pt-pt\/produtos\/\" class=\"u-mt-3 u-mr-1 c-button c-button--xl c-button--transparent-orange\">Todos os produtos<\/a><a href=\"https:\/\/www.cynosurelutronicemea.com\/pt-pt\/para-fornecedores\/\" class=\"u-mt-3 u-mr-1 c-button c-button--xl c-button--transparent-orange\">Informa\u00e7\u00f5es sobre parcerias<\/a>        <\/div>\n      <\/div>\n      <\/div>\n    <\/div>\n<\/div>\n\n  <\/div>\n<\/section>\n\n<section id=\"content-block_72ab3417383b79a8de68237c23f0e1d4\" class=\"content-block u-pt-5 u-pt-9@md u-pb-5 u-pb-9@md o-background c-subheader\" style=\"background-image: url(https:\/\/www.cynosurelutronicemea.com\/wp-content\/uploads\/sites\/15\/2024\/11\/Banners-Website-DermaV-5.jpg);\">\n  <div class=\"c-subheader__overlay\" style=\"opacity: .80\"><\/div>  <div class=\"o-container\">\n\n    \n<div class=\"o-row\">\n      <div class=\"o-col-8@md o-offset-4@md\">\n          <div class=\"c-call-to-action__inner\">\n        <div class=\"c-call-to-action__content\">\n          <h2 style=\"text-align: left;\">Para pacientes<\/h2>\n<p style=\"text-align: left;\">Encontre a sua cl\u00ednica com o nosso localizador de cl\u00ednicas.<\/p>\n          <a href=\"https:\/\/www.cynosurelutronicemea.com\/pt-pt\/find-a-provider\/\" class=\"u-mt-3 u-mr-1 c-button c-button--xl c-button--transparent-orange\">Encontre uma cl\u00ednica<\/a><a href=\"https:\/\/www.cynosurelutronicemea.com\/pt-pt\/para-pacientes\/\" class=\"u-mt-3 u-mr-1 c-button c-button--xl c-button--transparent-orange\">Informa\u00e7\u00f5es para pacientes<\/a>        <\/div>\n      <\/div>\n      <\/div>\n    <\/div>\n<\/div>\n\n  <\/div>\n<\/section>\n","protected":false},"excerpt":{"rendered":"","protected":false},"author":70,"featured_media":0,"parent":0,"menu_order":0,"comment_status":"closed","ping_status":"closed","template":"","meta":{"_acf_changed":false,"footnotes":""},"class_list":["post-3692","page","type-page","status-publish","hentry"],"acf":[],"yoast_head":"<!-- This site is optimized with the Yoast SEO plugin v27.2 - https:\/\/yoast.com\/product\/yoast-seo-wordpress\/ -->\n<title>Tratamento a laser para os dist\u00farbios da pele| Cynosure Lutronic<\/title>\n<meta name=\"description\" content=\"Tratamento a laser Cynosure Lutronic para os dist\u00farbios da pele. Descubra os tratamentos.\" \/>\n<meta name=\"robots\" content=\"index, follow, max-snippet:-1, max-image-preview:large, max-video-preview:-1\" \/>\n<link rel=\"canonical\" href=\"https:\/\/www.cynosurelutronicemea.com\/pt-pt\/tratamentos\/\" \/>\n<meta property=\"og:locale\" content=\"pt_PT\" \/>\n<meta property=\"og:type\" content=\"article\" \/>\n<meta property=\"og:title\" content=\"Tratamento a laser para os dist\u00farbios da pele| Cynosure Lutronic\" \/>\n<meta property=\"og:description\" content=\"Tratamento a laser Cynosure Lutronic para os dist\u00farbios da pele. Descubra os tratamentos.\" \/>\n<meta property=\"og:url\" content=\"https:\/\/www.cynosurelutronicemea.com\/pt-pt\/tratamentos\/\" \/>\n<meta property=\"og:site_name\" content=\"Cynosure Lutronic EMEA\" \/>\n<meta property=\"article:modified_time\" content=\"2025-03-19T11:06:52+00:00\" \/>\n<meta name=\"twitter:card\" content=\"summary_large_image\" \/>\n<script type=\"application\/ld+json\" class=\"yoast-schema-graph\">{\"@context\":\"https:\/\/schema.org\",\"@graph\":[{\"@type\":\"WebPage\",\"@id\":\"https:\/\/www.cynosurelutronicemea.com\/pt-pt\/tratamentos\/\",\"url\":\"https:\/\/www.cynosurelutronicemea.com\/pt-pt\/tratamentos\/\",\"name\":\"Tratamento a laser para os dist\u00farbios da pele| Cynosure Lutronic\",\"isPartOf\":{\"@id\":\"https:\/\/www.cynosurelutronicemea.com\/pt-pt\/#website\"},\"datePublished\":\"2024-09-30T19:19:55+00:00\",\"dateModified\":\"2025-03-19T11:06:52+00:00\",\"description\":\"Tratamento a laser Cynosure Lutronic para os dist\u00farbios da pele. Descubra os tratamentos.\",\"breadcrumb\":{\"@id\":\"https:\/\/www.cynosurelutronicemea.com\/pt-pt\/tratamentos\/#breadcrumb\"},\"inLanguage\":\"pt-PT\",\"potentialAction\":[{\"@type\":\"ReadAction\",\"target\":[\"https:\/\/www.cynosurelutronicemea.com\/pt-pt\/tratamentos\/\"]}]},{\"@type\":\"BreadcrumbList\",\"@id\":\"https:\/\/www.cynosurelutronicemea.com\/pt-pt\/tratamentos\/#breadcrumb\",\"itemListElement\":[{\"@type\":\"ListItem\",\"position\":1,\"name\":\"Home\",\"item\":\"https:\/\/www.cynosurelutronicemea.com\/pt-pt\/\"},{\"@type\":\"ListItem\",\"position\":2,\"name\":\"Dist\u00farbios da pele\"}]},{\"@type\":\"WebSite\",\"@id\":\"https:\/\/www.cynosurelutronicemea.com\/pt-pt\/#website\",\"url\":\"https:\/\/www.cynosurelutronicemea.com\/pt-pt\/\",\"name\":\"Cynosure Lutronic EMEA\",\"description\":\"\",\"potentialAction\":[{\"@type\":\"SearchAction\",\"target\":{\"@type\":\"EntryPoint\",\"urlTemplate\":\"https:\/\/www.cynosurelutronicemea.com\/pt-pt\/?s={search_term_string}\"},\"query-input\":{\"@type\":\"PropertyValueSpecification\",\"valueRequired\":true,\"valueName\":\"search_term_string\"}}],\"inLanguage\":\"pt-PT\"}]}<\/script>\n<!-- \/ Yoast SEO plugin. -->","yoast_head_json":{"title":"Tratamento a laser para os dist\u00farbios da pele| Cynosure Lutronic","description":"Tratamento a laser Cynosure Lutronic para os dist\u00farbios da pele. Descubra os tratamentos.","robots":{"index":"index","follow":"follow","max-snippet":"max-snippet:-1","max-image-preview":"max-image-preview:large","max-video-preview":"max-video-preview:-1"},"canonical":"https:\/\/www.cynosurelutronicemea.com\/pt-pt\/tratamentos\/","og_locale":"pt_PT","og_type":"article","og_title":"Tratamento a laser para os dist\u00farbios da pele| Cynosure Lutronic","og_description":"Tratamento a laser Cynosure Lutronic para os dist\u00farbios da pele. Descubra os tratamentos.","og_url":"https:\/\/www.cynosurelutronicemea.com\/pt-pt\/tratamentos\/","og_site_name":"Cynosure Lutronic EMEA","article_modified_time":"2025-03-19T11:06:52+00:00","twitter_card":"summary_large_image","schema":{"@context":"https:\/\/schema.org","@graph":[{"@type":"WebPage","@id":"https:\/\/www.cynosurelutronicemea.com\/pt-pt\/tratamentos\/","url":"https:\/\/www.cynosurelutronicemea.com\/pt-pt\/tratamentos\/","name":"Tratamento a laser para os dist\u00farbios da pele| Cynosure Lutronic","isPartOf":{"@id":"https:\/\/www.cynosurelutronicemea.com\/pt-pt\/#website"},"datePublished":"2024-09-30T19:19:55+00:00","dateModified":"2025-03-19T11:06:52+00:00","description":"Tratamento a laser Cynosure Lutronic para os dist\u00farbios da pele. Descubra os tratamentos.","breadcrumb":{"@id":"https:\/\/www.cynosurelutronicemea.com\/pt-pt\/tratamentos\/#breadcrumb"},"inLanguage":"pt-PT","potentialAction":[{"@type":"ReadAction","target":["https:\/\/www.cynosurelutronicemea.com\/pt-pt\/tratamentos\/"]}]},{"@type":"BreadcrumbList","@id":"https:\/\/www.cynosurelutronicemea.com\/pt-pt\/tratamentos\/#breadcrumb","itemListElement":[{"@type":"ListItem","position":1,"name":"Home","item":"https:\/\/www.cynosurelutronicemea.com\/pt-pt\/"},{"@type":"ListItem","position":2,"name":"Dist\u00farbios da pele"}]},{"@type":"WebSite","@id":"https:\/\/www.cynosurelutronicemea.com\/pt-pt\/#website","url":"https:\/\/www.cynosurelutronicemea.com\/pt-pt\/","name":"Cynosure Lutronic EMEA","description":"","potentialAction":[{"@type":"SearchAction","target":{"@type":"EntryPoint","urlTemplate":"https:\/\/www.cynosurelutronicemea.com\/pt-pt\/?s={search_term_string}"},"query-input":{"@type":"PropertyValueSpecification","valueRequired":true,"valueName":"search_term_string"}}],"inLanguage":"pt-PT"}]}},"_links":{"self":[{"href":"https:\/\/www.cynosurelutronicemea.com\/pt-pt\/wp-json\/wp\/v2\/pages\/3692","targetHints":{"allow":["GET"]}}],"collection":[{"href":"https:\/\/www.cynosurelutronicemea.com\/pt-pt\/wp-json\/wp\/v2\/pages"}],"about":[{"href":"https:\/\/www.cynosurelutronicemea.com\/pt-pt\/wp-json\/wp\/v2\/types\/page"}],"author":[{"embeddable":true,"href":"https:\/\/www.cynosurelutronicemea.com\/pt-pt\/wp-json\/wp\/v2\/users\/70"}],"replies":[{"embeddable":true,"href":"https:\/\/www.cynosurelutronicemea.com\/pt-pt\/wp-json\/wp\/v2\/comments?post=3692"}],"version-history":[{"count":0,"href":"https:\/\/www.cynosurelutronicemea.com\/pt-pt\/wp-json\/wp\/v2\/pages\/3692\/revisions"}],"wp:attachment":[{"href":"https:\/\/www.cynosurelutronicemea.com\/pt-pt\/wp-json\/wp\/v2\/media?parent=3692"}],"curies":[{"name":"wp","href":"https:\/\/api.w.org\/{rel}","templated":true}]}}