{"id":3677,"date":"2024-09-30T19:19:38","date_gmt":"2024-09-30T19:19:38","guid":{"rendered":"https:\/\/www.cynosurelutronicemea.com\/products\/"},"modified":"2026-03-10T15:41:19","modified_gmt":"2026-03-10T15:41:19","slug":"produtos","status":"publish","type":"page","link":"https:\/\/www.cynosurelutronicemea.com\/pt-pt\/produtos\/","title":{"rendered":"Produtos"},"content":{"rendered":"\n<section id=\"hero-block_8834b30af13404e05f35e2985649a51f\" class=\"hero-block u-bg-tertriary-gray-100\">\n  <!-- <div class=\"o-container-fluid\"> -->\n  \n<div class=\"c-hero-slider-container\" style=\"position:relative;\">\n\n    \n    <div class=\"c-hero-slider js-hero-slider\" >\n                <div class=\"c-hero-slider__item\">\n                    <section class=\"c-hero-slider__content u-text-white u-text-center\" style=\"background-image: url('https:\/\/www.cynosurelutronicemea.com\/wp-content\/uploads\/sites\/15\/2024\/11\/Mobile-Banners3.jpg'), url('https:\/\/www.cynosurelutronicemea.com\/wp-content\/uploads\/sites\/15\/2024\/11\/All-products-hero-v2.jpg');\">\n                        <div class=\"o-container\">\n                            <div class=\"o-row\">\n                                <div class=\"o-col-8@md o-col-7@lg o-col-6@xl u-mx-auto\">\n                                    <h1 class=\"c-hero-slider__title\">Inova\u00e7\u00e3o em cada dispositivo<\/h1>\n                                    <div class=\"c-hero-slider__text\">\n                                        <p>Al\u00e9m de transformar pacientes, os nossos dispositivos tamb\u00e9m revolucionaram o mundo da medicina est\u00e9tica. Do laser de picossegundo mais potente do mundo \u00e0 plataforma dermatol\u00f3gica mais avan\u00e7ada, a nossa paix\u00e3o pela inova\u00e7\u00e3o \u00e9 renovada cada dia. <\/p>\n                                    <\/div>\n                                                                    <\/div>\n                            <\/div>\n                        <\/div>\n                    <\/section>\n                <\/div>\n\n            <\/div><\/div>  <!-- <\/div> -->\n<\/section>\n\n\n\n<section id=\"cta-columns-block_5d703bbd772a2fd8a1852ce39b3afa8c\" class=\"cta-columns-block u-pb-5 u-pb-9@md c-text-editor\">\n    <div class=\"o-container\">\n\n    <div class=\"u-text-center u-pb-5\"><h2 class=\"u-mb-1\">O NOSSO PORTEF\u00d3LIO DE PRODUTOS PARA CUIDADOS DA PELE A LASER<\/h2><p>Selecione uma imagem para saber mais sobre cada dispositivo.<\/p><\/div><div class=\"o-stack-4@xl js-cta-columns-slider\"><div class=\"u-mb-gutter u-px-1\"><a href=\"https:\/\/www.cynosurelutronicemea.com\/pt-pt\/produtos\/mosaic-3d\/\">          <img decoding=\"async\" src=\"https:\/\/www.cynosurelutronicemea.com\/wp-content\/uploads\/sites\/15\/2026\/03\/MOSAIC3D_productfeatureV3.jpg\" srcset=\"https:\/\/www.cynosurelutronicemea.com\/wp-content\/uploads\/sites\/15\/2026\/03\/MOSAIC3D_productfeatureV3.jpg 586w, https:\/\/www.cynosurelutronicemea.com\/wp-content\/uploads\/sites\/15\/2026\/03\/MOSAIC3D_productfeatureV3-261x300.jpg 261w, https:\/\/www.cynosurelutronicemea.com\/wp-content\/uploads\/sites\/15\/2026\/03\/MOSAIC3D_productfeatureV3-428x492.jpg 428w\" sizes=\"(max-width: cynosure-small) 100vw, cynosure-small\" alt=\"mosaic3d_productfeaturev3-2\">\n    <\/a><a href=\"https:\/\/www.cynosurelutronicemea.com\/pt-pt\/produtos\/mosaic-3d\/\" class=\"u-mt-3 c-button c-button--xl c-button--transparent-orange\">Saiba mais<\/a><\/div><div class=\"u-mb-gutter u-px-1\"><a href=\"https:\/\/www.cynosurelutronicemea.com\/pt-pt\/produtos\/genius\/genius\/\">          <img decoding=\"async\" src=\"https:\/\/www.cynosurelutronicemea.com\/wp-content\/uploads\/sites\/15\/2024\/11\/Genius.jpg\" srcset=\"https:\/\/www.cynosurelutronicemea.com\/wp-content\/uploads\/sites\/15\/2024\/11\/Genius.jpg 586w, https:\/\/www.cynosurelutronicemea.com\/wp-content\/uploads\/sites\/15\/2024\/11\/Genius-261x300.jpg 261w, https:\/\/www.cynosurelutronicemea.com\/wp-content\/uploads\/sites\/15\/2024\/11\/Genius-428x492.jpg 428w\" sizes=\"(max-width: cynosure-small) 100vw, cynosure-small\" alt=\"Genius\">\n    <\/a><a href=\"https:\/\/www.cynosurelutronicemea.com\/pt-pt\/produtos\/genius\/genius\/\" class=\"u-mt-3 c-button c-button--xl c-button--transparent-orange\">Saiba mais<\/a><\/div><div class=\"u-mb-gutter u-px-1\"><a href=\"https:\/\/www.cynosurelutronicemea.com\/pt-pt\/produtos\/hollywood-spectra\/\">          <img decoding=\"async\" src=\"https:\/\/www.cynosurelutronicemea.com\/wp-content\/uploads\/sites\/15\/2024\/11\/HWS.jpg\" srcset=\"https:\/\/www.cynosurelutronicemea.com\/wp-content\/uploads\/sites\/15\/2024\/11\/HWS.jpg 586w, https:\/\/www.cynosurelutronicemea.com\/wp-content\/uploads\/sites\/15\/2024\/11\/HWS-261x300.jpg 261w, https:\/\/www.cynosurelutronicemea.com\/wp-content\/uploads\/sites\/15\/2024\/11\/HWS-428x492.jpg 428w\" sizes=\"(max-width: cynosure-small) 100vw, cynosure-small\" alt=\"Hollywood Spectra\">\n    <\/a><a href=\"https:\/\/www.cynosurelutronicemea.com\/pt-pt\/produtos\/hollywood-spectra\/\" class=\"u-mt-3 c-button c-button--xl c-button--transparent-orange\">Saiba mais<\/a><\/div><div class=\"u-mb-gutter u-px-1\"><a href=\"https:\/\/www.cynosurelutronicemea.com\/pt-pt\/produtos\/picosure-pro\/\">          <img decoding=\"async\" src=\"https:\/\/www.cynosurelutronicemea.com\/wp-content\/uploads\/sites\/15\/2024\/11\/picopro.jpg\" srcset=\"https:\/\/www.cynosurelutronicemea.com\/wp-content\/uploads\/sites\/15\/2024\/11\/picopro.jpg 586w, https:\/\/www.cynosurelutronicemea.com\/wp-content\/uploads\/sites\/15\/2024\/11\/picopro-261x300.jpg 261w, https:\/\/www.cynosurelutronicemea.com\/wp-content\/uploads\/sites\/15\/2024\/11\/picopro-428x492.jpg 428w\" sizes=\"(max-width: cynosure-small) 100vw, cynosure-small\" alt=\"Picosure Pro\">\n    <\/a><a href=\"https:\/\/www.cynosurelutronicemea.com\/pt-pt\/produtos\/picosure-pro\/\" class=\"u-mt-3 c-button c-button--xl c-button--transparent-orange\">Saiba mais<\/a><\/div><div class=\"u-mb-gutter u-px-1\"><a href=\"https:\/\/www.cynosurelutronicemea.com\/pt-pt\/produtos\/clarity-ii\/\">          <img decoding=\"async\" src=\"https:\/\/www.cynosurelutronicemea.com\/wp-content\/uploads\/sites\/15\/2024\/11\/ClarityII.jpg\" srcset=\"https:\/\/www.cynosurelutronicemea.com\/wp-content\/uploads\/sites\/15\/2024\/11\/ClarityII.jpg 586w, https:\/\/www.cynosurelutronicemea.com\/wp-content\/uploads\/sites\/15\/2024\/11\/ClarityII-261x300.jpg 261w, https:\/\/www.cynosurelutronicemea.com\/wp-content\/uploads\/sites\/15\/2024\/11\/ClarityII-428x492.jpg 428w\" sizes=\"(max-width: cynosure-small) 100vw, cynosure-small\" alt=\"Clarity II\">\n    <\/a><a href=\"https:\/\/www.cynosurelutronicemea.com\/pt-pt\/produtos\/clarity-ii\/\" class=\"u-mt-3 c-button c-button--xl c-button--transparent-orange\">Saiba mais<\/a><\/div><div class=\"u-mb-gutter u-px-1\"><a href=\"https:\/\/www.cynosurelutronicemea.com\/pt-pt\/produtos\/dermav\/\">          <img decoding=\"async\" src=\"https:\/\/www.cynosurelutronicemea.com\/wp-content\/uploads\/sites\/15\/2024\/11\/dermav.jpg\" srcset=\"https:\/\/www.cynosurelutronicemea.com\/wp-content\/uploads\/sites\/15\/2024\/11\/dermav.jpg 586w, https:\/\/www.cynosurelutronicemea.com\/wp-content\/uploads\/sites\/15\/2024\/11\/dermav-261x300.jpg 261w, https:\/\/www.cynosurelutronicemea.com\/wp-content\/uploads\/sites\/15\/2024\/11\/dermav-428x492.jpg 428w\" sizes=\"(max-width: cynosure-small) 100vw, cynosure-small\" alt=\"Derma V\">\n    <\/a><a href=\"https:\/\/www.cynosurelutronicemea.com\/pt-pt\/produtos\/dermav\/\" class=\"u-mt-3 c-button c-button--xl c-button--transparent-orange\">Saiba mais<\/a><\/div><div class=\"u-mb-gutter u-px-1\"><a href=\"https:\/\/www.cynosurelutronicemea.com\/pt-pt\/produtos\/lasemd-ultra\/\">          <img decoding=\"async\" src=\"https:\/\/www.cynosurelutronicemea.com\/wp-content\/uploads\/sites\/15\/2024\/11\/ultra.jpg\" srcset=\"https:\/\/www.cynosurelutronicemea.com\/wp-content\/uploads\/sites\/15\/2024\/11\/ultra.jpg 586w, https:\/\/www.cynosurelutronicemea.com\/wp-content\/uploads\/sites\/15\/2024\/11\/ultra-261x300.jpg 261w, https:\/\/www.cynosurelutronicemea.com\/wp-content\/uploads\/sites\/15\/2024\/11\/ultra-428x492.jpg 428w\" sizes=\"(max-width: cynosure-small) 100vw, cynosure-small\" alt=\"Ultra\">\n    <\/a><a href=\"https:\/\/www.cynosurelutronicemea.com\/pt-pt\/produtos\/lasemd-ultra\/\" class=\"u-mt-3 c-button c-button--xl c-button--transparent-orange\">Saiba mais<\/a><\/div><div class=\"u-mb-gutter u-px-1\"><a href=\"https:\/\/www.cynosurelutronicemea.com\/pt-pt\/produtos\/eco2\/\">          <img decoding=\"async\" src=\"https:\/\/www.cynosurelutronicemea.com\/wp-content\/uploads\/sites\/15\/2024\/11\/eco2.jpg\" srcset=\"https:\/\/www.cynosurelutronicemea.com\/wp-content\/uploads\/sites\/15\/2024\/11\/eco2.jpg 586w, https:\/\/www.cynosurelutronicemea.com\/wp-content\/uploads\/sites\/15\/2024\/11\/eco2-261x300.jpg 261w, https:\/\/www.cynosurelutronicemea.com\/wp-content\/uploads\/sites\/15\/2024\/11\/eco2-428x492.jpg 428w\" sizes=\"(max-width: cynosure-small) 100vw, cynosure-small\" alt=\"eCO2\">\n    <\/a><a href=\"https:\/\/www.cynosurelutronicemea.com\/pt-pt\/produtos\/eco2\/\" class=\"u-mt-3 c-button c-button--xl c-button--transparent-orange\">Saiba mais<\/a><\/div><\/div>\n  <\/div>\n<\/section>\n\n\n\n<section id=\"content-block_73d6c5ec8945889b41faa90a2c6b3d40\" class=\"content-block c-section--text-image u-flex-invert-columns\">\n    <div class=\"o-container\">\n\n    \n<div class=\"o-row u-items-center\">\n  <div class=\"o-col-7@md\">\n    <div class=\"c-text-editor\">\n\n              <h2 class=\"c-heading c-heading--secondary u-h3 u-h2@lg u-uppercase\">Produtos por dist\u00farbios da pele<\/h2>\n      \n      <p>Conhece os problemas da pele dos seus pacientes mas n\u00e3o tem a certeza sobre qual o dispositivo para cuidados da pele a laser adequado para a sua cl\u00ednica? N\u00f3s ajudamos. <\/p>\n\n      <div class=\"c-buttons-wrapper\"><a href=\"https:\/\/www.cynosurelutronicemea.com\/pt-pt\/tratamentos\/\" class=\"u-mt-3 c-button c-button--xl c-button--transparent-orange\">Todos os dist\u00farbios da pele<\/a><\/div>\n    <\/div>\n  <\/div>\n      <div class=\"o-col-5@md u-pt-2 u-pb-2 u-text-center\">\n              <img decoding=\"async\" src=\"https:\/\/www.cynosurelutronicemea.com\/wp-content\/uploads\/sites\/15\/2024\/11\/Skin-Concerns-Small.jpg\" class=\"desktop-image\" alt=\"Skin Conditions icons square banner\">\n                <\/div>\n  <\/div>\n\n  <\/div>\n<\/section>\n\n\n\n<section id=\"content-block_96a53c5563c28686bc377dca04b86243\" class=\"content-block u-pt-5 u-pt-9@md u-pb-5 u-pb-9@md c-hero-content\">\n    <div class=\"o-container\">\n\n    \n<div class=\"o-row\">\n  <div class=\"o-col-12\">\n    <div class=\"o-row u-items-center\">\n      <div class=\"o-col-9 o-col-7@sm o-col-5@md\">\n                  <h2 class=\"c-heading c-heading--secondary u-h3 u-h2@lg u-uppercase\">TRATAMENTOS complementares<\/h2>\n                          <div class=\"c-hero-content__main\">\n            <p>Cynoglow com Potenza e Picosure Pro ou Total Skin Solutions com Ultra e Genius: os nossos m\u00e9dicos est\u00e3o a utilizar v\u00e1rios dispositivos Cynosure Lutronic num \u00fanico plano de tratamento.<\/p>\n          <\/div>\n                \n        \n      <\/div>\n\n              <div class=\"o-col-3 o-col-5@sm o-col-6@md o-offset-1@md u-self-start\">\n                      <div class=\"c-hero-content__image\" style=\"background-image: url( 'https:\/\/www.cynosurelutronicemea.com\/wp-content\/uploads\/sites\/15\/2024\/11\/Total-Skin-Solutions.jpg' );\"><\/div>\n                            <\/div>\n      \n    <\/div>\n  <\/div>\n<\/div>\n\n  <\/div>\n<\/section>\n\n\n\n<section id=\"content-block_f36b1dec5486f2d079a59c9e87573eb7\" class=\"content-block u-pt-5 u-pt-9@md u-pb-5 u-pb-9@md o-background c-subheader\" style=\"background-image: url(https:\/\/www.cynosurelutronicemea.com\/wp-content\/uploads\/sites\/15\/2024\/11\/Event-banner-small.jpg);\">\n  <div class=\"c-subheader__overlay\" style=\"opacity: .80\"><\/div>  <div class=\"o-container\">\n\n    \n<div class=\"o-row\">\n      <div class=\"o-col-12\">\n                    <div class=\"c-text-editor\">\n          <h1>Eventos e webinars<\/h1>\n<p>De masterclasses para um equipamento espec\u00edfico que j\u00e1 possui a demonstra\u00e7\u00f5es para a aquisi\u00e7\u00e3o de novos equipamentos. <\/p>\n<p>Veja os eventos e webinars que est\u00e3o a ser realizados na sua zona.<\/p>\n        <\/div>\n            <a href=\"https:\/\/www.cynosurelutronicemea.com\/pt-pt\/academy\/\" class=\"u-mt-3 u-mr-1 c-button c-button--xl c-button--transparent-orange\">Todos os eventos<\/a>    <\/div>\n        <\/div>\n\n  <\/div>\n<\/section>\n","protected":false},"excerpt":{"rendered":"","protected":false},"author":70,"featured_media":0,"parent":0,"menu_order":0,"comment_status":"closed","ping_status":"closed","template":"","meta":{"_acf_changed":false,"footnotes":""},"class_list":["post-3677","page","type-page","status-publish","hentry"],"acf":[],"yoast_head":"<!-- This site is optimized with the Yoast SEO plugin v27.5 - https:\/\/yoast.com\/product\/yoast-seo-wordpress\/ -->\n<title>Equipamentos para cuidados da pele a laser | Cynosure Lutronic<\/title>\n<meta name=\"description\" content=\"Encontre os equipamentos para cuidados da pele a laser de Cynosure Lutronic. Descubra os produtos inovadores concebidos para melhorar a sua pr\u00e1tica est\u00e9tica e o cuidado do paciente\" \/>\n<meta name=\"robots\" content=\"index, follow, max-snippet:-1, max-image-preview:large, max-video-preview:-1\" \/>\n<link rel=\"canonical\" href=\"https:\/\/www.cynosurelutronicemea.com\/pt-pt\/produtos\/\" \/>\n<meta property=\"og:locale\" content=\"pt_PT\" \/>\n<meta property=\"og:type\" content=\"article\" \/>\n<meta property=\"og:title\" content=\"Equipamentos para cuidados da pele a laser | Cynosure Lutronic\" \/>\n<meta property=\"og:description\" content=\"Encontre os equipamentos para cuidados da pele a laser de Cynosure Lutronic. Descubra os produtos inovadores concebidos para melhorar a sua pr\u00e1tica est\u00e9tica e o cuidado do paciente\" \/>\n<meta property=\"og:url\" content=\"https:\/\/www.cynosurelutronicemea.com\/pt-pt\/produtos\/\" \/>\n<meta property=\"og:site_name\" content=\"Cynosure Lutronic EMEA\" \/>\n<meta property=\"article:modified_time\" content=\"2026-03-10T15:41:19+00:00\" \/>\n<meta name=\"twitter:card\" content=\"summary_large_image\" \/>\n<script type=\"application\/ld+json\" class=\"yoast-schema-graph\">{\"@context\":\"https:\\\/\\\/schema.org\",\"@graph\":[{\"@type\":\"WebPage\",\"@id\":\"https:\\\/\\\/www.cynosurelutronicemea.com\\\/pt-pt\\\/produtos\\\/\",\"url\":\"https:\\\/\\\/www.cynosurelutronicemea.com\\\/pt-pt\\\/produtos\\\/\",\"name\":\"Equipamentos para cuidados da pele a laser | Cynosure Lutronic\",\"isPartOf\":{\"@id\":\"https:\\\/\\\/www.cynosurelutronicemea.com\\\/pt-pt\\\/#website\"},\"datePublished\":\"2024-09-30T19:19:38+00:00\",\"dateModified\":\"2026-03-10T15:41:19+00:00\",\"description\":\"Encontre os equipamentos para cuidados da pele a laser de Cynosure Lutronic. Descubra os produtos inovadores concebidos para melhorar a sua pr\u00e1tica est\u00e9tica e o cuidado do paciente\",\"breadcrumb\":{\"@id\":\"https:\\\/\\\/www.cynosurelutronicemea.com\\\/pt-pt\\\/produtos\\\/#breadcrumb\"},\"inLanguage\":\"pt-PT\",\"potentialAction\":[{\"@type\":\"ReadAction\",\"target\":[\"https:\\\/\\\/www.cynosurelutronicemea.com\\\/pt-pt\\\/produtos\\\/\"]}]},{\"@type\":\"BreadcrumbList\",\"@id\":\"https:\\\/\\\/www.cynosurelutronicemea.com\\\/pt-pt\\\/produtos\\\/#breadcrumb\",\"itemListElement\":[{\"@type\":\"ListItem\",\"position\":1,\"name\":\"Home\",\"item\":\"https:\\\/\\\/www.cynosurelutronicemea.com\\\/pt-pt\\\/\"},{\"@type\":\"ListItem\",\"position\":2,\"name\":\"Produtos\"}]},{\"@type\":\"WebSite\",\"@id\":\"https:\\\/\\\/www.cynosurelutronicemea.com\\\/pt-pt\\\/#website\",\"url\":\"https:\\\/\\\/www.cynosurelutronicemea.com\\\/pt-pt\\\/\",\"name\":\"Cynosure Lutronic EMEA\",\"description\":\"\",\"potentialAction\":[{\"@type\":\"SearchAction\",\"target\":{\"@type\":\"EntryPoint\",\"urlTemplate\":\"https:\\\/\\\/www.cynosurelutronicemea.com\\\/pt-pt\\\/?s={search_term_string}\"},\"query-input\":{\"@type\":\"PropertyValueSpecification\",\"valueRequired\":true,\"valueName\":\"search_term_string\"}}],\"inLanguage\":\"pt-PT\"}]}<\/script>\n<!-- \/ Yoast SEO plugin. -->","yoast_head_json":{"title":"Equipamentos para cuidados da pele a laser | Cynosure Lutronic","description":"Encontre os equipamentos para cuidados da pele a laser de Cynosure Lutronic. Descubra os produtos inovadores concebidos para melhorar a sua pr\u00e1tica est\u00e9tica e o cuidado do paciente","robots":{"index":"index","follow":"follow","max-snippet":"max-snippet:-1","max-image-preview":"max-image-preview:large","max-video-preview":"max-video-preview:-1"},"canonical":"https:\/\/www.cynosurelutronicemea.com\/pt-pt\/produtos\/","og_locale":"pt_PT","og_type":"article","og_title":"Equipamentos para cuidados da pele a laser | Cynosure Lutronic","og_description":"Encontre os equipamentos para cuidados da pele a laser de Cynosure Lutronic. Descubra os produtos inovadores concebidos para melhorar a sua pr\u00e1tica est\u00e9tica e o cuidado do paciente","og_url":"https:\/\/www.cynosurelutronicemea.com\/pt-pt\/produtos\/","og_site_name":"Cynosure Lutronic EMEA","article_modified_time":"2026-03-10T15:41:19+00:00","twitter_card":"summary_large_image","schema":{"@context":"https:\/\/schema.org","@graph":[{"@type":"WebPage","@id":"https:\/\/www.cynosurelutronicemea.com\/pt-pt\/produtos\/","url":"https:\/\/www.cynosurelutronicemea.com\/pt-pt\/produtos\/","name":"Equipamentos para cuidados da pele a laser | Cynosure Lutronic","isPartOf":{"@id":"https:\/\/www.cynosurelutronicemea.com\/pt-pt\/#website"},"datePublished":"2024-09-30T19:19:38+00:00","dateModified":"2026-03-10T15:41:19+00:00","description":"Encontre os equipamentos para cuidados da pele a laser de Cynosure Lutronic. Descubra os produtos inovadores concebidos para melhorar a sua pr\u00e1tica est\u00e9tica e o cuidado do paciente","breadcrumb":{"@id":"https:\/\/www.cynosurelutronicemea.com\/pt-pt\/produtos\/#breadcrumb"},"inLanguage":"pt-PT","potentialAction":[{"@type":"ReadAction","target":["https:\/\/www.cynosurelutronicemea.com\/pt-pt\/produtos\/"]}]},{"@type":"BreadcrumbList","@id":"https:\/\/www.cynosurelutronicemea.com\/pt-pt\/produtos\/#breadcrumb","itemListElement":[{"@type":"ListItem","position":1,"name":"Home","item":"https:\/\/www.cynosurelutronicemea.com\/pt-pt\/"},{"@type":"ListItem","position":2,"name":"Produtos"}]},{"@type":"WebSite","@id":"https:\/\/www.cynosurelutronicemea.com\/pt-pt\/#website","url":"https:\/\/www.cynosurelutronicemea.com\/pt-pt\/","name":"Cynosure Lutronic EMEA","description":"","potentialAction":[{"@type":"SearchAction","target":{"@type":"EntryPoint","urlTemplate":"https:\/\/www.cynosurelutronicemea.com\/pt-pt\/?s={search_term_string}"},"query-input":{"@type":"PropertyValueSpecification","valueRequired":true,"valueName":"search_term_string"}}],"inLanguage":"pt-PT"}]}},"_links":{"self":[{"href":"https:\/\/www.cynosurelutronicemea.com\/pt-pt\/wp-json\/wp\/v2\/pages\/3677","targetHints":{"allow":["GET"]}}],"collection":[{"href":"https:\/\/www.cynosurelutronicemea.com\/pt-pt\/wp-json\/wp\/v2\/pages"}],"about":[{"href":"https:\/\/www.cynosurelutronicemea.com\/pt-pt\/wp-json\/wp\/v2\/types\/page"}],"author":[{"embeddable":true,"href":"https:\/\/www.cynosurelutronicemea.com\/pt-pt\/wp-json\/wp\/v2\/users\/70"}],"replies":[{"embeddable":true,"href":"https:\/\/www.cynosurelutronicemea.com\/pt-pt\/wp-json\/wp\/v2\/comments?post=3677"}],"version-history":[{"count":1,"href":"https:\/\/www.cynosurelutronicemea.com\/pt-pt\/wp-json\/wp\/v2\/pages\/3677\/revisions"}],"predecessor-version":[{"id":7461,"href":"https:\/\/www.cynosurelutronicemea.com\/pt-pt\/wp-json\/wp\/v2\/pages\/3677\/revisions\/7461"}],"wp:attachment":[{"href":"https:\/\/www.cynosurelutronicemea.com\/pt-pt\/wp-json\/wp\/v2\/media?parent=3677"}],"curies":[{"name":"wp","href":"https:\/\/api.w.org\/{rel}","templated":true}]}}