{"id":3665,"date":"2024-10-29T07:46:42","date_gmt":"2024-10-29T07:46:42","guid":{"rendered":"https:\/\/www.cynosurelutronicemea.com\/frontpage\/"},"modified":"2025-03-19T10:59:04","modified_gmt":"2025-03-19T10:59:04","slug":"frontpage","status":"publish","type":"page","link":"https:\/\/www.cynosurelutronicemea.com\/pt-pt\/","title":{"rendered":"Homepage"},"content":{"rendered":"\n<section id=\"hero-block_2551918cdefadcf1d8f1613027ea3e45\" class=\"hero-block\">\n  <!-- <div class=\"o-container\"> -->\n  \n<div class=\"c-hero-slider-container\" style=\"position:relative;\">\n\n    \n    <div class=\"c-hero-slider js-hero-slider\" >\n                <div class=\"c-hero-slider__item\">\n                    <section class=\"c-hero-slider__content u-text-white u-text-center\" style=\"background-image: url('https:\/\/www.cynosurelutronicemea.com\/wp-content\/uploads\/sites\/15\/2024\/11\/Banners-Website-Clarity-II-36.jpg'), url('https:\/\/www.cynosurelutronicemea.com\/wp-content\/uploads\/sites\/15\/2024\/11\/Banners-Website-Clarity-II-36.jpg');\">\n                        <div class=\"o-container\">\n                            <div class=\"o-row\">\n                                <div class=\"o-col-8@md o-col-7@lg o-col-6@xl u-mx-auto\">\n                                    <h1 class=\"c-hero-slider__title\">Dispositivos baseados em energia e dispositivos a laser para medicina est\u00e9tica<\/h1>\n                                    <div class=\"c-hero-slider__text\">\n                                        <p>Mostre uma pele radiante.<\/p>\n                                    <\/div>\n                                                                            <a href=\"https:\/\/www.cynosurelutronicemea.com\/pt-pt\/produtos\/\" class=\"c-button c-button--transparent-white\">Encontre o seu dispositivo<\/a>                                                                    <\/div>\n                            <\/div>\n                        <\/div>\n                    <\/section>\n                <\/div>\n\n            <\/div><\/div>  <!-- <\/div> -->\n<\/section>\n\n<section id=\"cta-columns-block_1c46bd57178687e56c250a0a248a7577\" class=\"cta-columns-block u-pt-5 u-pt-9@md u-pb-5 u-pb-9@md u-bg-tertriary-gray-100 c-text-editor\">\n    <div class=\"o-container\">\n\n    <div class=\"u-text-center u-pb-5\"><h2 class=\"u-mb-1\">OS NOSSOS DISPOSITIVOS A LASER PARA MEDICINA EST\u00c9TICA<\/h2><p><\/p><\/div><div class=\"o-stack-2@md o-stack-4@xl u-mb-n-gutter\"><div class=\"u-mb-gutter\"><a href=\"https:\/\/www.cynosurelutronicemea.com\/product\/lasemd-ultra\/\">          <img decoding=\"async\" src=\"https:\/\/www.cynosurelutronicemea.com\/wp-content\/uploads\/sites\/15\/2024\/11\/ultra.jpg\" srcset=\"https:\/\/www.cynosurelutronicemea.com\/wp-content\/uploads\/sites\/15\/2024\/11\/ultra.jpg 586w, https:\/\/www.cynosurelutronicemea.com\/wp-content\/uploads\/sites\/15\/2024\/11\/ultra-261x300.jpg 261w, https:\/\/www.cynosurelutronicemea.com\/wp-content\/uploads\/sites\/15\/2024\/11\/ultra-428x492.jpg 428w\" sizes=\"(max-width: cynosure-small) 100vw, cynosure-small\" alt=\"Ultra\">\n    <\/a>O laser de t\u00falio mais avan\u00e7ado do mundo. Atrav\u00e9s de tratamentos fracionados suaves n\u00e3o ablativos, LaseMD Ultra reconstr\u00f3i uma pele radiante e saud\u00e1vel.  <a href=\"https:\/\/www.cynosurelutronicemea.com\/product\/lasemd-ultra\/\" class=\"u-mt-3 c-button c-button--xl c-button--transparent-orange\">Saiba mais<\/a><\/div><div class=\"u-mb-gutter\"><a href=\"https:\/\/www.cynosurelutronicemea.com\/product\/clarity-ii\/\">          <img decoding=\"async\" src=\"https:\/\/www.cynosurelutronicemea.com\/wp-content\/uploads\/sites\/15\/2024\/11\/ClarityII.jpg\" srcset=\"https:\/\/www.cynosurelutronicemea.com\/wp-content\/uploads\/sites\/15\/2024\/11\/ClarityII.jpg 586w, https:\/\/www.cynosurelutronicemea.com\/wp-content\/uploads\/sites\/15\/2024\/11\/ClarityII-261x300.jpg 261w, https:\/\/www.cynosurelutronicemea.com\/wp-content\/uploads\/sites\/15\/2024\/11\/ClarityII-428x492.jpg 428w\" sizes=\"(max-width: cynosure-small) 100vw, cynosure-small\" alt=\"Clarity II\">\n    <\/a>Clarity II \u00e9 o laser de comprimento de onda mais r\u00e1pido do mundo, concebido para tratar de forma segura e eficaz pelos indesejados, les\u00f5es pigmentadas e vasculares, em todos os fot\u00f3tipos de pele.<a href=\"https:\/\/www.cynosurelutronicemea.com\/product\/clarity-ii\/\" class=\"u-mt-3 c-button c-button--xl c-button--transparent-orange\">Saiba mais<\/a><\/div><div class=\"u-mb-gutter\"><a href=\"https:\/\/www.cynosurelutronicemea.com\/product\/dermav\/\">          <img decoding=\"async\" src=\"https:\/\/www.cynosurelutronicemea.com\/wp-content\/uploads\/sites\/15\/2024\/11\/dermav.jpg\" srcset=\"https:\/\/www.cynosurelutronicemea.com\/wp-content\/uploads\/sites\/15\/2024\/11\/dermav.jpg 586w, https:\/\/www.cynosurelutronicemea.com\/wp-content\/uploads\/sites\/15\/2024\/11\/dermav-261x300.jpg 261w, https:\/\/www.cynosurelutronicemea.com\/wp-content\/uploads\/sites\/15\/2024\/11\/dermav-428x492.jpg 428w\" sizes=\"(max-width: cynosure-small) 100vw, cynosure-small\" alt=\"Derma V\">\n    <\/a>Derma V \u00e9 um laser de pulso longo de 532 nm KTP e 1.064 nm Nd:YAG com arrefecimento criog\u00e9nico, pulsa\u00e7\u00e3o sequencial vari\u00e1vel e monitoramento de temperatura em tempo real.<a href=\"https:\/\/www.cynosurelutronicemea.com\/product\/dermav\/\" class=\"u-mt-3 c-button c-button--xl c-button--transparent-orange\">Saiba mais<\/a><\/div><div class=\"u-mb-gutter\"><a href=\"https:\/\/www.cynosurelutronicemea.com\/product\/picosure-pro\/\">          <img decoding=\"async\" src=\"https:\/\/www.cynosurelutronicemea.com\/wp-content\/uploads\/sites\/15\/2024\/11\/picopro.jpg\" srcset=\"https:\/\/www.cynosurelutronicemea.com\/wp-content\/uploads\/sites\/15\/2024\/11\/picopro.jpg 586w, https:\/\/www.cynosurelutronicemea.com\/wp-content\/uploads\/sites\/15\/2024\/11\/picopro-261x300.jpg 261w, https:\/\/www.cynosurelutronicemea.com\/wp-content\/uploads\/sites\/15\/2024\/11\/picopro-428x492.jpg 428w\" sizes=\"(max-width: cynosure-small) 100vw, cynosure-small\" alt=\"Picosure Pro\">\n    <\/a>Atrav\u00e9s da pot\u00eancia da tecnologia de picosssegundo, PicoSure Pro trata dist\u00farbios da pigmenta\u00e7\u00e3o, linhas finas, textura, remo\u00e7\u00e3o de tatuagens e muito mais.<a href=\"https:\/\/www.cynosurelutronicemea.com\/product\/picosure-pro\/\" class=\"u-mt-3 c-button c-button--xl c-button--transparent-orange\">Saiba mais<\/a><\/div><\/div>\n  <\/div>\n<\/section>\n\n<section id=\"cta-columns-block_954c3c0d367135bdd1fb3d7f3a39ec1b\" class=\"cta-columns-block u-pb-5 u-pb-9@md c-text-editor\">\n    <div class=\"o-container\">\n\n    <div class=\"u-text-center u-pb-5\"><h2 class=\"u-mb-1\"><\/h2><p><\/p><\/div><div class=\"o-stack-2@md o-stack-3@xl u-mb-n-gutter\"><div class=\"u-mb-gutter\">          <img decoding=\"async\" src=\"https:\/\/www.cynosurelutronicemea.com\/wp-content\/uploads\/sites\/15\/2024\/11\/Events-background-image.jpg\" srcset=\"https:\/\/www.cynosurelutronicemea.com\/wp-content\/uploads\/sites\/15\/2024\/11\/Events-background-image.jpg 567w, https:\/\/www.cynosurelutronicemea.com\/wp-content\/uploads\/sites\/15\/2024\/11\/Events-background-image-298x300.jpg 298w, https:\/\/www.cynosurelutronicemea.com\/wp-content\/uploads\/sites\/15\/2024\/11\/Events-background-image-150x150.jpg 150w, https:\/\/www.cynosurelutronicemea.com\/wp-content\/uploads\/sites\/15\/2024\/11\/Events-background-image-489x492.jpg 489w\" sizes=\"(max-width: cynosure-small) 100vw, cynosure-small\" alt=\"Square events banner photo background\">\n    <h2> HCPs: Encontre um evento perto de si. <\/h2><a href=\"https:\/\/www.cynosurelutronicemea.com\/pt-pt\/academy\/\" class=\"u-mt-3 c-button c-button--xl c-button--transparent-orange\">Todos os eventos<\/a><\/div><div class=\"u-mb-gutter\">          <img decoding=\"async\" src=\"https:\/\/www.cynosurelutronicemea.com\/wp-content\/uploads\/sites\/15\/2024\/11\/FAP-9.jpg\" srcset=\"https:\/\/www.cynosurelutronicemea.com\/wp-content\/uploads\/sites\/15\/2024\/11\/FAP-9.jpg 567w, https:\/\/www.cynosurelutronicemea.com\/wp-content\/uploads\/sites\/15\/2024\/11\/FAP-9-298x300.jpg 298w, https:\/\/www.cynosurelutronicemea.com\/wp-content\/uploads\/sites\/15\/2024\/11\/FAP-9-150x150.jpg 150w, https:\/\/www.cynosurelutronicemea.com\/wp-content\/uploads\/sites\/15\/2024\/11\/FAP-9-489x492.jpg 489w\" sizes=\"(max-width: cynosure-small) 100vw, cynosure-small\" alt=\"Generic location map icon \">\n    <h2>Pacientes: encontre uma cl\u00ednica perto de si.<\/h2><a href=\"https:\/\/www.cynosurelutronicemea.com\/pt-pt\/find-a-provider\/\" class=\"u-mt-3 c-button c-button--xl c-button--transparent-orange\">Encontre um fornecedor<\/a><\/div><div class=\"u-mb-gutter\">          <img decoding=\"async\" src=\"https:\/\/www.cynosurelutronicemea.com\/wp-content\/uploads\/sites\/15\/2025\/03\/AMWC-banner-website.jpg\" srcset=\"https:\/\/www.cynosurelutronicemea.com\/wp-content\/uploads\/sites\/15\/2025\/03\/AMWC-banner-website.jpg 570w, https:\/\/www.cynosurelutronicemea.com\/wp-content\/uploads\/sites\/15\/2025\/03\/AMWC-banner-website-300x300.jpg 300w, https:\/\/www.cynosurelutronicemea.com\/wp-content\/uploads\/sites\/15\/2025\/03\/AMWC-banner-website-150x150.jpg 150w, https:\/\/www.cynosurelutronicemea.com\/wp-content\/uploads\/sites\/15\/2025\/03\/AMWC-banner-website-360x360.jpg 360w, https:\/\/www.cynosurelutronicemea.com\/wp-content\/uploads\/sites\/15\/2025\/03\/AMWC-banner-website-492x492.jpg 492w, https:\/\/www.cynosurelutronicemea.com\/wp-content\/uploads\/sites\/15\/2025\/03\/AMWC-banner-website-400x400.jpg 400w\" sizes=\"(max-width: cynosure-small) 100vw, cynosure-small\" alt=\"amwc-banner-website-2\">\n    <h2>AMWC Agenda<\/h2><a href=\"https:\/\/www.cynosurelutronicemea.com\/events\/amwc-2025\/\" class=\"u-mt-3 c-button c-button--xl c-button--transparent-orange\">Reserve uma sess\u00e3o.<\/a><\/div><\/div>\n  <\/div>\n<\/section>\n\n<section id=\"recent-posts-block_5bb162c1864d130594814612be434af1\" class=\"recent-posts-block u-pt-5 u-pt-9@md u-pb-5 u-pb-9@md\">\n\n  <div class=\"o-container\">\n    <div class=\"o-row\">\n      <div class=\"o-col-12\">\n\n                  <div class=\"o-row\">\n            <div class=\"o-col-12 u-text-center u-mb-1 u-mb-2@md\">\n                              <h2 class=\"c-heading c-heading--secondary u-h3 u-h1@sm u-uppercase\">Artigos recentes<\/h2>\n                                        <\/div>\n          <\/div>\n        \n        <div class=\"u-hidden u-block@md\">\n          <div class=\"o-row\">\n            <div class=\"o-col-12\">\n              <div class=\"o-row\">\n                                  <div class=\"o-col-4\">\n                    <a href=\"https:\/\/www.cynosurelutronicemea.com\/the-epidermis-returns-to-centre-stage-why-dr-pedro-santos-trusts-lasemd-ultra-for-visible-everyday-skin-renewal\/\" class=\"abc-c-article-card\">\n                                            <div class=\"abc-c-article-card__body\">\n                        <p class=\"abc-c-article-card__date\">Fevereiro 10, 2026<\/p>\n                        <h3 class=\"abc-c-article-card__title\">The Epidermis Returns to Centre Stage: Why Dr Pedro Santos Trusts LaseMD Ultra for Visible, Everyday Skin Renewal<\/h3>\n                        <div class=\"abc-c-article-card__description\">\n                          <p>For years, the aesthetic conversation has been about the deeper layers of the skin. Collagen stimulation, dermal remodelling, and tightening, all of which are vital, but often overshadow something simpler:&#8230;<\/p>\n                        <\/div>\n                        <button class=\"c-button c-button--primary\">Read more<\/button>\n                      <\/div>\n                    <\/a>\n                  <\/div>\n                                  <div class=\"o-col-4\">\n                    <a href=\"https:\/\/www.cynosurelutronicemea.com\/es\/ultra-entrevista-dr-jose-manuel-miralles\/\" class=\"abc-c-article-card\">\n                                            <div class=\"abc-c-article-card__body\">\n                        <p class=\"abc-c-article-card__date\">Fevereiro 8, 2026<\/p>\n                        <h3 class=\"abc-c-article-card__title\">Ultra &#8211; Entrevista Dr. Jos\u00e9 Manuel Miralles<\/h3>\n                        <div class=\"abc-c-article-card__description\">\n                          <p>Una nueva era de versatilidad: c\u00f3mo el Dr. Jos\u00e9 Manuel Miralles utiliza LaseMD Ultra para reforzar la dermatolog\u00eda del d\u00eda a d\u00eda Tras 25 a\u00f1os en dermatolog\u00eda, el Dr. Jos\u00e9&#8230;<\/p>\n                        <\/div>\n                        <button class=\"c-button c-button--primary\">Read more<\/button>\n                      <\/div>\n                    <\/a>\n                  <\/div>\n                                  <div class=\"o-col-4\">\n                    <a href=\"https:\/\/www.cynosurelutronicemea.com\/pt-pt\/um-laser-vascular-concebido-para-resultados\/\" class=\"abc-c-article-card\">\n                                            <div class=\"abc-c-article-card__body\">\n                        <p class=\"abc-c-article-card__date\">Janeiro 23, 2026<\/p>\n                        <h3 class=\"abc-c-article-card__title\">Um Laser Vascular Concebido para Resultados<\/h3>\n                        <div class=\"abc-c-article-card__description\">\n                          <p>Expandir os Limites Cl\u00ednicos com o Derma V \u2013 Um Laser Vascular Concebido para Resultados Clinicamente comprovado. Aprovado por especialistas. Agradecemos ao Dr. Pablo Boixeda pelo apoio na elabora\u00e7\u00e3o deste&#8230;<\/p>\n                        <\/div>\n                        <button class=\"c-button c-button--primary\">Read more<\/button>\n                      <\/div>\n                    <\/a>\n                  <\/div>\n                              <\/div>\n            <\/div>\n          <\/div>\n        <\/div>\n      <\/div>\n    <\/div>\n  <\/div>\n\n  <div class=\"u-hidden@md\">\n    <div class=\"c-article-card-slider\">\n              <div>\n          <a href=\"https:\/\/www.cynosurelutronicemea.com\/the-epidermis-returns-to-centre-stage-why-dr-pedro-santos-trusts-lasemd-ultra-for-visible-everyday-skin-renewal\/\" class=\"abc-c-article-card\">\n                        <div class=\"abc-c-article-card__body\">\n              <p class=\"abc-c-article-card__date\">Fevereiro 10, 2026<\/p>\n              <h3 class=\"abc-c-article-card__title\">The Epidermis Returns to Centre Stage: Why Dr Pedro Santos Trusts LaseMD Ultra for Visible, Everyday Skin Renewal<\/h3>\n              <div class=\"abc-c-article-card__description\">\n                <p>For years, the aesthetic conversation has been about the deeper layers of the skin. Collagen stimulation, dermal remodelling, and tightening, all of which are vital, but often overshadow something simpler:&#8230;<\/p>\n              <\/div>\n              <button class=\"c-button c-button--primary\">Read more<\/button>\n            <\/div>\n          <\/a>\n        <\/div>\n              <div>\n          <a href=\"https:\/\/www.cynosurelutronicemea.com\/es\/ultra-entrevista-dr-jose-manuel-miralles\/\" class=\"abc-c-article-card\">\n                        <div class=\"abc-c-article-card__body\">\n              <p class=\"abc-c-article-card__date\">Fevereiro 8, 2026<\/p>\n              <h3 class=\"abc-c-article-card__title\">Ultra &#8211; Entrevista Dr. Jos\u00e9 Manuel Miralles<\/h3>\n              <div class=\"abc-c-article-card__description\">\n                <p>Una nueva era de versatilidad: c\u00f3mo el Dr. Jos\u00e9 Manuel Miralles utiliza LaseMD Ultra para reforzar la dermatolog\u00eda del d\u00eda a d\u00eda Tras 25 a\u00f1os en dermatolog\u00eda, el Dr. Jos\u00e9&#8230;<\/p>\n              <\/div>\n              <button class=\"c-button c-button--primary\">Read more<\/button>\n            <\/div>\n          <\/a>\n        <\/div>\n              <div>\n          <a href=\"https:\/\/www.cynosurelutronicemea.com\/pt-pt\/um-laser-vascular-concebido-para-resultados\/\" class=\"abc-c-article-card\">\n                        <div class=\"abc-c-article-card__body\">\n              <p class=\"abc-c-article-card__date\">Janeiro 23, 2026<\/p>\n              <h3 class=\"abc-c-article-card__title\">Um Laser Vascular Concebido para Resultados<\/h3>\n              <div class=\"abc-c-article-card__description\">\n                <p>Expandir os Limites Cl\u00ednicos com o Derma V \u2013 Um Laser Vascular Concebido para Resultados Clinicamente comprovado. Aprovado por especialistas. Agradecemos ao Dr. Pablo Boixeda pelo apoio na elabora\u00e7\u00e3o deste&#8230;<\/p>\n              <\/div>\n              <button class=\"c-button c-button--primary\">Read more<\/button>\n            <\/div>\n          <\/a>\n        <\/div>\n          <\/div>\n  <\/div>\n<\/section>\n","protected":false},"excerpt":{"rendered":"","protected":false},"author":6,"featured_media":0,"parent":0,"menu_order":0,"comment_status":"closed","ping_status":"closed","template":"","meta":{"_acf_changed":false,"footnotes":""},"class_list":["post-3665","page","type-page","status-publish","hentry"],"acf":[],"yoast_head":"<!-- This site is optimized with the Yoast SEO plugin v27.3 - https:\/\/yoast.com\/product\/yoast-seo-wordpress\/ -->\n<title>Lasers m\u00e9dicos | Dispositivos a laser para medicina est\u00e9tica | Cynosure Lutronic<\/title>\n<meta name=\"description\" content=\"Cynosure Lutronic: inova\u00e7\u00e3o em lasers para medicina est\u00e9tica. Fortalecendo a pr\u00e1tica est\u00e9tica e transformando o cuidado do paciente.\" \/>\n<meta name=\"robots\" content=\"index, follow, max-snippet:-1, max-image-preview:large, max-video-preview:-1\" \/>\n<link rel=\"canonical\" href=\"https:\/\/www.cynosurelutronicemea.com\/pt-pt\/\" \/>\n<meta property=\"og:locale\" content=\"pt_PT\" \/>\n<meta property=\"og:type\" content=\"article\" \/>\n<meta property=\"og:title\" content=\"Lasers m\u00e9dicos | Dispositivos a laser para medicina est\u00e9tica | Cynosure Lutronic\" \/>\n<meta property=\"og:description\" content=\"Cynosure Lutronic: inova\u00e7\u00e3o em lasers para medicina est\u00e9tica. Fortalecendo a pr\u00e1tica est\u00e9tica e transformando o cuidado do paciente.\" \/>\n<meta property=\"og:url\" content=\"https:\/\/www.cynosurelutronicemea.com\/pt-pt\/\" \/>\n<meta property=\"og:site_name\" content=\"Cynosure Lutronic EMEA\" \/>\n<meta property=\"article:modified_time\" content=\"2025-03-19T10:59:04+00:00\" \/>\n<meta name=\"twitter:card\" content=\"summary_large_image\" \/>\n<script type=\"application\/ld+json\" class=\"yoast-schema-graph\">{\"@context\":\"https:\\\/\\\/schema.org\",\"@graph\":[{\"@type\":\"WebPage\",\"@id\":\"https:\\\/\\\/www.cynosurelutronicemea.com\\\/pt-pt\\\/\",\"url\":\"https:\\\/\\\/www.cynosurelutronicemea.com\\\/pt-pt\\\/\",\"name\":\"Lasers m\u00e9dicos | Dispositivos a laser para medicina est\u00e9tica | Cynosure Lutronic\",\"isPartOf\":{\"@id\":\"https:\\\/\\\/www.cynosurelutronicemea.com\\\/pt-pt\\\/#website\"},\"datePublished\":\"2024-10-29T07:46:42+00:00\",\"dateModified\":\"2025-03-19T10:59:04+00:00\",\"description\":\"Cynosure Lutronic: inova\u00e7\u00e3o em lasers para medicina est\u00e9tica. Fortalecendo a pr\u00e1tica est\u00e9tica e transformando o cuidado do paciente.\",\"breadcrumb\":{\"@id\":\"https:\\\/\\\/www.cynosurelutronicemea.com\\\/pt-pt\\\/#breadcrumb\"},\"inLanguage\":\"pt-PT\",\"potentialAction\":[{\"@type\":\"ReadAction\",\"target\":[\"https:\\\/\\\/www.cynosurelutronicemea.com\\\/pt-pt\\\/\"]}]},{\"@type\":\"BreadcrumbList\",\"@id\":\"https:\\\/\\\/www.cynosurelutronicemea.com\\\/pt-pt\\\/#breadcrumb\",\"itemListElement\":[{\"@type\":\"ListItem\",\"position\":1,\"name\":\"Home\",\"item\":\"https:\\\/\\\/www.cynosurelutronicemea.com\\\/pt-pt\\\/\"},{\"@type\":\"ListItem\",\"position\":2,\"name\":\"Homepage\"}]},{\"@type\":\"WebSite\",\"@id\":\"https:\\\/\\\/www.cynosurelutronicemea.com\\\/pt-pt\\\/#website\",\"url\":\"https:\\\/\\\/www.cynosurelutronicemea.com\\\/pt-pt\\\/\",\"name\":\"Cynosure Lutronic EMEA\",\"description\":\"\",\"potentialAction\":[{\"@type\":\"SearchAction\",\"target\":{\"@type\":\"EntryPoint\",\"urlTemplate\":\"https:\\\/\\\/www.cynosurelutronicemea.com\\\/pt-pt\\\/?s={search_term_string}\"},\"query-input\":{\"@type\":\"PropertyValueSpecification\",\"valueRequired\":true,\"valueName\":\"search_term_string\"}}],\"inLanguage\":\"pt-PT\"}]}<\/script>\n<!-- \/ Yoast SEO plugin. -->","yoast_head_json":{"title":"Lasers m\u00e9dicos | Dispositivos a laser para medicina est\u00e9tica | Cynosure Lutronic","description":"Cynosure Lutronic: inova\u00e7\u00e3o em lasers para medicina est\u00e9tica. Fortalecendo a pr\u00e1tica est\u00e9tica e transformando o cuidado do paciente.","robots":{"index":"index","follow":"follow","max-snippet":"max-snippet:-1","max-image-preview":"max-image-preview:large","max-video-preview":"max-video-preview:-1"},"canonical":"https:\/\/www.cynosurelutronicemea.com\/pt-pt\/","og_locale":"pt_PT","og_type":"article","og_title":"Lasers m\u00e9dicos | Dispositivos a laser para medicina est\u00e9tica | Cynosure Lutronic","og_description":"Cynosure Lutronic: inova\u00e7\u00e3o em lasers para medicina est\u00e9tica. Fortalecendo a pr\u00e1tica est\u00e9tica e transformando o cuidado do paciente.","og_url":"https:\/\/www.cynosurelutronicemea.com\/pt-pt\/","og_site_name":"Cynosure Lutronic EMEA","article_modified_time":"2025-03-19T10:59:04+00:00","twitter_card":"summary_large_image","schema":{"@context":"https:\/\/schema.org","@graph":[{"@type":"WebPage","@id":"https:\/\/www.cynosurelutronicemea.com\/pt-pt\/","url":"https:\/\/www.cynosurelutronicemea.com\/pt-pt\/","name":"Lasers m\u00e9dicos | Dispositivos a laser para medicina est\u00e9tica | Cynosure Lutronic","isPartOf":{"@id":"https:\/\/www.cynosurelutronicemea.com\/pt-pt\/#website"},"datePublished":"2024-10-29T07:46:42+00:00","dateModified":"2025-03-19T10:59:04+00:00","description":"Cynosure Lutronic: inova\u00e7\u00e3o em lasers para medicina est\u00e9tica. Fortalecendo a pr\u00e1tica est\u00e9tica e transformando o cuidado do paciente.","breadcrumb":{"@id":"https:\/\/www.cynosurelutronicemea.com\/pt-pt\/#breadcrumb"},"inLanguage":"pt-PT","potentialAction":[{"@type":"ReadAction","target":["https:\/\/www.cynosurelutronicemea.com\/pt-pt\/"]}]},{"@type":"BreadcrumbList","@id":"https:\/\/www.cynosurelutronicemea.com\/pt-pt\/#breadcrumb","itemListElement":[{"@type":"ListItem","position":1,"name":"Home","item":"https:\/\/www.cynosurelutronicemea.com\/pt-pt\/"},{"@type":"ListItem","position":2,"name":"Homepage"}]},{"@type":"WebSite","@id":"https:\/\/www.cynosurelutronicemea.com\/pt-pt\/#website","url":"https:\/\/www.cynosurelutronicemea.com\/pt-pt\/","name":"Cynosure Lutronic EMEA","description":"","potentialAction":[{"@type":"SearchAction","target":{"@type":"EntryPoint","urlTemplate":"https:\/\/www.cynosurelutronicemea.com\/pt-pt\/?s={search_term_string}"},"query-input":{"@type":"PropertyValueSpecification","valueRequired":true,"valueName":"search_term_string"}}],"inLanguage":"pt-PT"}]}},"_links":{"self":[{"href":"https:\/\/www.cynosurelutronicemea.com\/pt-pt\/wp-json\/wp\/v2\/pages\/3665","targetHints":{"allow":["GET"]}}],"collection":[{"href":"https:\/\/www.cynosurelutronicemea.com\/pt-pt\/wp-json\/wp\/v2\/pages"}],"about":[{"href":"https:\/\/www.cynosurelutronicemea.com\/pt-pt\/wp-json\/wp\/v2\/types\/page"}],"author":[{"embeddable":true,"href":"https:\/\/www.cynosurelutronicemea.com\/pt-pt\/wp-json\/wp\/v2\/users\/6"}],"replies":[{"embeddable":true,"href":"https:\/\/www.cynosurelutronicemea.com\/pt-pt\/wp-json\/wp\/v2\/comments?post=3665"}],"version-history":[{"count":0,"href":"https:\/\/www.cynosurelutronicemea.com\/pt-pt\/wp-json\/wp\/v2\/pages\/3665\/revisions"}],"wp:attachment":[{"href":"https:\/\/www.cynosurelutronicemea.com\/pt-pt\/wp-json\/wp\/v2\/media?parent=3665"}],"curies":[{"name":"wp","href":"https:\/\/api.w.org\/{rel}","templated":true}]}}