{"id":3661,"date":"2024-09-30T19:20:09","date_gmt":"2024-09-30T19:20:09","guid":{"rendered":"https:\/\/www.cynosurelutronicemea.com\/for-providers\/"},"modified":"2025-03-06T15:41:14","modified_gmt":"2025-03-06T15:41:14","slug":"para-fornecedores","status":"publish","type":"page","link":"https:\/\/www.cynosurelutronicemea.com\/pt-pt\/para-fornecedores\/","title":{"rendered":"Para fornecedores"},"content":{"rendered":"\n<section id=\"hero-block_5e02e46c6bc78d16b24eb9ef63246121\" class=\"hero-block\">\n  <!-- <div class=\"o-container\"> -->\n  \n<div class=\"c-hero-slider-container\" style=\"position:relative;\">\n\n    \n    <div class=\"c-hero-slider js-hero-slider\" >\n                <div class=\"c-hero-slider__item\">\n                    <section class=\"c-hero-slider__content u-text-black u-text-center\" style=\"background-image: url('https:\/\/www.cynosurelutronicemea.com\/wp-content\/uploads\/sites\/15\/2024\/11\/Banners-Website-Clarity-II-36.jpg'), url('https:\/\/www.cynosurelutronicemea.com\/wp-content\/uploads\/sites\/15\/2024\/11\/Banners-Website-Clarity-II-36.jpg');\">\n                        <div class=\"o-container\">\n                            <div class=\"o-row\">\n                                <div class=\"o-col-8@md o-col-7@lg o-col-6@xl u-mx-auto\">\n                                    <h1 class=\"c-hero-slider__title\">Para fornecedores<\/h1>\n                                    <div class=\"c-hero-slider__text\">\n                                        <p><\/p>\n                                    <\/div>\n                                                                            <a href=\"https:\/\/www.cynosurelutronicemea.com\/pt-pt\/produtos\/\" class=\"c-button c-button--orange\">Encontre os nossos produtos<\/a>                                                                    <\/div>\n                            <\/div>\n                        <\/div>\n                    <\/section>\n                <\/div>\n\n            <\/div><\/div>  <!-- <\/div> -->\n<\/section>\n\n<section id=\"content-block_d2912e35a1f02f71d31914b7ea874a81\" class=\"content-block u-pt-5 u-pt-9@md u-pb-5 u-pb-9@md\">\n    <div class=\"o-container\">\n\n    \n<div class=\"o-row\">\n        <div class=\"o-col-12 u-text-center\">\n              <h2 class=\"c-heading c-heading--secondary u-h3 u-h1@sm u-uppercase u-mb-3@sm\">Trabalhar com Cynosure Lutronic<\/h2>\n                    <div class=\"c-text-editor\">\n          <p>Cynosure oferece oportunidades de parceria abrangentes, pensadas para melhorar os cuidados de sa\u00fade com tecnologias de medicina est\u00e9tica avan\u00e7adas e apoio personalizado. Com as parcerias Cynosure Lutronic, os colaboradores t\u00eam acesso a dispositivos baseados em energia e dispositivos a laser de \u00faltima gera\u00e7\u00e3o, assist\u00eancia personalizada em marketing, forma\u00e7\u00e3o profissional e servi\u00e7o ao cliente. Al\u00e9m disso, Cynosure garante desenvolvimento profissional cont\u00ednuo e efic\u00e1cia operacional atrav\u00e9s de servi\u00e7os de manuten\u00e7\u00e3o de equipamentos e suporte t\u00e9cnico personalizado. Esta parceria \u00e9 a solu\u00e7\u00e3o completa para melhorar o cuidado do paciente e aumentar o sucesso cl\u00ednico.   <\/p>\n        <\/div>\n            <a href=\"#gform_popup_2\" class=\"u-mt-3 u-mr-1 c-button c-button--xl c-button--orange js-open-content-popup\">Contacte com o nosso departamento de vendas<\/a>    <\/div>\n      <\/div>\n\n  <\/div>\n<\/section>\n\n<section id=\"content-block_26bfb70efa3e3ff2bab02d1e38d9b5e7\" class=\"content-block u-pt-5 u-pt-9@md u-pb-5 u-pb-9@md\">\n    <div class=\"o-container\">\n\n    \n<div class=\"o-row\">\n      <div class=\"o-col-12\">\n              <h2 class=\"c-heading c-heading--secondary u-h3 u-h1@sm u-uppercase u-mb-3@sm\">Servi\u00e7o<\/h2>\n                    <div class=\"c-text-editor\">\n          <p><span data-teams=\"true\"><span class=\"ui-provider a b c d e f g h i j k l m n o p q r s t u v w x y z ab ac ae af ag ah ai aj ak\" dir=\"ltr\">Sabemos que \u00e9 fundamental para o seu neg\u00f3cio manter o equipamento a funcionar corretamente e no seu melhor desempenho, por isso temos uma equipa de engenheiros com experi\u00eancia comprovada \u00e0 sua disposi\u00e7\u00e3o para um suporte personalizado. Com diferentes op\u00e7\u00f5es de servi\u00e7os dispon\u00edveis, poder\u00e1 estar descansado porque o seu dispositivo e o seu neg\u00f3cio est\u00e3o em boas m\u00e3os. <\/span><\/span><\/p>\n        <\/div>\n            <a href=\"#gform_popup_9\" class=\"u-mt-3 u-mr-1 c-button c-button--xl c-button--transparent-orange js-open-content-popup\">Pedidos de servi\u00e7o para clientes atuais<\/a>    <\/div>\n        <\/div>\n\n  <\/div>\n<\/section>\n\n<section id=\"content-block_26bfb70efa3e3ff2bab02d1e38d9b5e7\" class=\"content-block u-pt-5 u-pt-9@md u-pb-5 u-pb-9@md\">\n    <div class=\"o-container\">\n\n    \n<div class=\"o-row\">\n      <div class=\"o-col-12\">\n              <h2 class=\"c-heading c-heading--secondary u-h3 u-h1@sm u-uppercase u-mb-3@sm\">Servi\u00e7o<\/h2>\n                    <div class=\"c-text-editor\">\n          <p><span data-teams=\"true\"><span class=\"ui-provider a b c d e f g h i j k l m n o p q r s t u v w x y z ab ac ae af ag ah ai aj ak\" dir=\"ltr\">Sabemos que \u00e9 fundamental para o seu neg\u00f3cio manter o equipamento a funcionar corretamente e no seu melhor desempenho, por isso temos uma equipa de engenheiros com experi\u00eancia comprovada \u00e0 sua disposi\u00e7\u00e3o para um suporte personalizado. Com diferentes op\u00e7\u00f5es de servi\u00e7os dispon\u00edveis, poder\u00e1 estar descansado porque o seu dispositivo e o seu neg\u00f3cio est\u00e3o em boas m\u00e3os. <\/span><\/span><\/p>\n        <\/div>\n            <a href=\"#gform_popup_9\" class=\"u-mt-3 u-mr-1 c-button c-button--xl c-button--transparent-orange js-open-content-popup\">Pedidos de servi\u00e7o para clientes atuais<\/a>    <\/div>\n        <\/div>\n\n  <\/div>\n<\/section>\n\n<section id=\"content-block_d5171c4d45b7efb6bbe08a2023c23d7d\" class=\"content-block u-pt-5 u-pt-9@md u-pb-5 u-pb-9@md\">\n    <div class=\"o-container\">\n\n    \n<div class=\"o-row\">\n      <div class=\"o-col-12\">\n              <h2 class=\"c-heading c-heading--secondary u-h3 u-h1@sm u-uppercase u-mb-3@sm\">AMPs<\/h2>\n                    <div class=\"c-text-editor\">\n          <p>O nosso programa Amplified Marketing Practice Support (AMPS) aumenta a visibilidade e favorece o desenvolvimento na pr\u00e1tica est\u00e9tica atrav\u00e9s de recursos personalizados, como materiais para download, m\u00f3dulos de e-learning e ferramentas de marketing exclusivas.<\/p>\n        <\/div>\n                <\/div>\n        <\/div>\n\n  <\/div>\n<\/section>\n\n<section id=\"cta-columns-block_6238c9b5a795e1a586df9b2c2761a9ca\" class=\"cta-columns-block u-pt-5 u-pt-9@md u-pb-5 u-pb-9@md c-text-editor\">\n    <div class=\"o-container\">\n\n    <div class=\"u-text-center u-pb-5\"><h2 class=\"u-mb-1\">Consulte os produtos Cynosure Lutronic<\/h2><p><\/p><\/div><div class=\"o-stack-2@md o-stack-2@xl u-mb-n-gutter\"><div class=\"u-mb-gutter\">          <img decoding=\"async\" src=\"https:\/\/www.cynosurelutronicemea.com\/wp-content\/uploads\/sites\/15\/2024\/11\/Skin-Concerns-Small.jpg\" srcset=\"https:\/\/www.cynosurelutronicemea.com\/wp-content\/uploads\/sites\/15\/2024\/11\/Skin-Concerns-Small.jpg 567w, https:\/\/www.cynosurelutronicemea.com\/wp-content\/uploads\/sites\/15\/2024\/11\/Skin-Concerns-Small-298x300.jpg 298w, https:\/\/www.cynosurelutronicemea.com\/wp-content\/uploads\/sites\/15\/2024\/11\/Skin-Concerns-Small-150x150.jpg 150w, https:\/\/www.cynosurelutronicemea.com\/wp-content\/uploads\/sites\/15\/2024\/11\/Skin-Concerns-Small-489x492.jpg 489w\" sizes=\"(max-width: cynosure-small) 100vw, cynosure-small\" alt=\"Skin Conditions icons square banner\">\n    <h2 style=\"text-align: center;\">Por dist\u00farbios da pele<\/h2><a href=\"https:\/\/www.cynosurelutronicemea.com\/pt-pt\/tratamentos\/\" class=\"u-mt-3 c-button c-button--xl c-button--transparent-orange\">Todos os dist\u00farbios da pele<\/a><\/div><div class=\"u-mb-gutter\">          <img decoding=\"async\" src=\"https:\/\/www.cynosurelutronicemea.com\/wp-content\/uploads\/sites\/15\/2024\/11\/all-products.jpg\" srcset=\"https:\/\/www.cynosurelutronicemea.com\/wp-content\/uploads\/sites\/15\/2024\/11\/all-products.jpg 567w, https:\/\/www.cynosurelutronicemea.com\/wp-content\/uploads\/sites\/15\/2024\/11\/all-products-298x300.jpg 298w, https:\/\/www.cynosurelutronicemea.com\/wp-content\/uploads\/sites\/15\/2024\/11\/all-products-150x150.jpg 150w, https:\/\/www.cynosurelutronicemea.com\/wp-content\/uploads\/sites\/15\/2024\/11\/all-products-489x492.jpg 489w\" sizes=\"(max-width: cynosure-small) 100vw, cynosure-small\" alt=\"Square Cynosure Lutronic portfolio\">\n    <h2 h2=\"\" style=\"text-align: center;\">Por nome de produto<\/h2><a href=\"https:\/\/www.cynosurelutronicemea.com\/pt-pt\/produtos\/\" class=\"u-mt-3 c-button c-button--xl c-button--transparent-orange\">Todos os produtos<\/a><\/div><\/div>\n  <\/div>\n<\/section>\n\n<section id=\"content-block_e8b2b8bc22db7a2dbc06a02077997e2d\" class=\"content-block u-pt-5 u-pt-9@md u-pb-5 u-pb-9@md o-background c-subheader\" style=\"background-image: url(https:\/\/www.cynosurelutronicemea.com\/wp-content\/uploads\/sites\/15\/2024\/11\/Event-banner-small.jpg);\">\n  <div class=\"c-subheader__overlay\" style=\"opacity: .80\"><\/div>  <div class=\"o-container\">\n\n    \n<div class=\"o-row\">\n        <div class=\"o-col-8@md\">\n            <div class=\"c-call-to-action__inner\">\n        <div class=\"c-call-to-action__content\">\n          <h1>Eventos e webinars<\/h1>\n<p>De masterclasses para um dispositivo espec\u00edfico que j\u00e1 possui a dias de demonstra\u00e7\u00e3o para a aquisi\u00e7\u00e3o de novos equipamentos, veja os eventos e webinars que est\u00e3o a ser realizados na sua zona.<\/p>\n          <a href=\"https:\/\/www.cynosurelutronicemea.com\/pt-pt\/academy\/\" class=\"u-mt-3 u-mr-1 c-button c-button--xl c-button--transparent-orange\">Eventos e webinars<\/a>        <\/div>\n      <\/div>\n      <\/div>\n    <\/div>\n<\/div>\n\n  <\/div>\n<\/section>\n","protected":false},"excerpt":{"rendered":"","protected":false},"author":70,"featured_media":0,"parent":0,"menu_order":0,"comment_status":"closed","ping_status":"closed","template":"","meta":{"_acf_changed":false,"footnotes":""},"class_list":["post-3661","page","type-page","status-publish","hentry"],"acf":[],"yoast_head":"<!-- This site is optimized with the Yoast SEO plugin v27.2 - https:\/\/yoast.com\/product\/yoast-seo-wordpress\/ -->\n<title>Para fornecedores - Cynosure Lutronic EMEA<\/title>\n<meta name=\"description\" content=\"Parceria Cynosure Lutronic para dispositivos de medicina est\u00e9tica de \u00faltima gera\u00e7\u00e3o, forma\u00e7\u00e3o e suporte. Descubra como podemos ajudar a crescer na pr\u00e1tica est\u00e9tica e a melhorar o cuidado do paciente.\" \/>\n<meta name=\"robots\" content=\"index, follow, max-snippet:-1, max-image-preview:large, max-video-preview:-1\" \/>\n<link rel=\"canonical\" href=\"https:\/\/www.cynosurelutronicemea.com\/pt-pt\/para-fornecedores\/\" \/>\n<meta property=\"og:locale\" content=\"pt_PT\" \/>\n<meta property=\"og:type\" content=\"article\" \/>\n<meta property=\"og:title\" content=\"Para fornecedores - Cynosure Lutronic EMEA\" \/>\n<meta property=\"og:description\" content=\"Parceria Cynosure Lutronic para dispositivos de medicina est\u00e9tica de \u00faltima gera\u00e7\u00e3o, forma\u00e7\u00e3o e suporte. Descubra como podemos ajudar a crescer na pr\u00e1tica est\u00e9tica e a melhorar o cuidado do paciente.\" \/>\n<meta property=\"og:url\" content=\"https:\/\/www.cynosurelutronicemea.com\/pt-pt\/para-fornecedores\/\" \/>\n<meta property=\"og:site_name\" content=\"Cynosure Lutronic EMEA\" \/>\n<meta property=\"article:modified_time\" content=\"2025-03-06T15:41:14+00:00\" \/>\n<meta name=\"twitter:card\" content=\"summary_large_image\" \/>\n<script type=\"application\/ld+json\" class=\"yoast-schema-graph\">{\"@context\":\"https:\/\/schema.org\",\"@graph\":[{\"@type\":\"WebPage\",\"@id\":\"https:\/\/www.cynosurelutronicemea.com\/pt-pt\/para-fornecedores\/\",\"url\":\"https:\/\/www.cynosurelutronicemea.com\/pt-pt\/para-fornecedores\/\",\"name\":\"Para fornecedores - Cynosure Lutronic EMEA\",\"isPartOf\":{\"@id\":\"https:\/\/www.cynosurelutronicemea.com\/pt-pt\/#website\"},\"datePublished\":\"2024-09-30T19:20:09+00:00\",\"dateModified\":\"2025-03-06T15:41:14+00:00\",\"description\":\"Parceria Cynosure Lutronic para dispositivos de medicina est\u00e9tica de \u00faltima gera\u00e7\u00e3o, forma\u00e7\u00e3o e suporte. Descubra como podemos ajudar a crescer na pr\u00e1tica est\u00e9tica e a melhorar o cuidado do paciente.\",\"breadcrumb\":{\"@id\":\"https:\/\/www.cynosurelutronicemea.com\/pt-pt\/para-fornecedores\/#breadcrumb\"},\"inLanguage\":\"pt-PT\",\"potentialAction\":[{\"@type\":\"ReadAction\",\"target\":[\"https:\/\/www.cynosurelutronicemea.com\/pt-pt\/para-fornecedores\/\"]}]},{\"@type\":\"BreadcrumbList\",\"@id\":\"https:\/\/www.cynosurelutronicemea.com\/pt-pt\/para-fornecedores\/#breadcrumb\",\"itemListElement\":[{\"@type\":\"ListItem\",\"position\":1,\"name\":\"Home\",\"item\":\"https:\/\/www.cynosurelutronicemea.com\/pt-pt\/\"},{\"@type\":\"ListItem\",\"position\":2,\"name\":\"Para fornecedores\"}]},{\"@type\":\"WebSite\",\"@id\":\"https:\/\/www.cynosurelutronicemea.com\/pt-pt\/#website\",\"url\":\"https:\/\/www.cynosurelutronicemea.com\/pt-pt\/\",\"name\":\"Cynosure Lutronic EMEA\",\"description\":\"\",\"potentialAction\":[{\"@type\":\"SearchAction\",\"target\":{\"@type\":\"EntryPoint\",\"urlTemplate\":\"https:\/\/www.cynosurelutronicemea.com\/pt-pt\/?s={search_term_string}\"},\"query-input\":{\"@type\":\"PropertyValueSpecification\",\"valueRequired\":true,\"valueName\":\"search_term_string\"}}],\"inLanguage\":\"pt-PT\"}]}<\/script>\n<!-- \/ Yoast SEO plugin. -->","yoast_head_json":{"title":"Para fornecedores - Cynosure Lutronic EMEA","description":"Parceria Cynosure Lutronic para dispositivos de medicina est\u00e9tica de \u00faltima gera\u00e7\u00e3o, forma\u00e7\u00e3o e suporte. Descubra como podemos ajudar a crescer na pr\u00e1tica est\u00e9tica e a melhorar o cuidado do paciente.","robots":{"index":"index","follow":"follow","max-snippet":"max-snippet:-1","max-image-preview":"max-image-preview:large","max-video-preview":"max-video-preview:-1"},"canonical":"https:\/\/www.cynosurelutronicemea.com\/pt-pt\/para-fornecedores\/","og_locale":"pt_PT","og_type":"article","og_title":"Para fornecedores - Cynosure Lutronic EMEA","og_description":"Parceria Cynosure Lutronic para dispositivos de medicina est\u00e9tica de \u00faltima gera\u00e7\u00e3o, forma\u00e7\u00e3o e suporte. Descubra como podemos ajudar a crescer na pr\u00e1tica est\u00e9tica e a melhorar o cuidado do paciente.","og_url":"https:\/\/www.cynosurelutronicemea.com\/pt-pt\/para-fornecedores\/","og_site_name":"Cynosure Lutronic EMEA","article_modified_time":"2025-03-06T15:41:14+00:00","twitter_card":"summary_large_image","schema":{"@context":"https:\/\/schema.org","@graph":[{"@type":"WebPage","@id":"https:\/\/www.cynosurelutronicemea.com\/pt-pt\/para-fornecedores\/","url":"https:\/\/www.cynosurelutronicemea.com\/pt-pt\/para-fornecedores\/","name":"Para fornecedores - Cynosure Lutronic EMEA","isPartOf":{"@id":"https:\/\/www.cynosurelutronicemea.com\/pt-pt\/#website"},"datePublished":"2024-09-30T19:20:09+00:00","dateModified":"2025-03-06T15:41:14+00:00","description":"Parceria Cynosure Lutronic para dispositivos de medicina est\u00e9tica de \u00faltima gera\u00e7\u00e3o, forma\u00e7\u00e3o e suporte. Descubra como podemos ajudar a crescer na pr\u00e1tica est\u00e9tica e a melhorar o cuidado do paciente.","breadcrumb":{"@id":"https:\/\/www.cynosurelutronicemea.com\/pt-pt\/para-fornecedores\/#breadcrumb"},"inLanguage":"pt-PT","potentialAction":[{"@type":"ReadAction","target":["https:\/\/www.cynosurelutronicemea.com\/pt-pt\/para-fornecedores\/"]}]},{"@type":"BreadcrumbList","@id":"https:\/\/www.cynosurelutronicemea.com\/pt-pt\/para-fornecedores\/#breadcrumb","itemListElement":[{"@type":"ListItem","position":1,"name":"Home","item":"https:\/\/www.cynosurelutronicemea.com\/pt-pt\/"},{"@type":"ListItem","position":2,"name":"Para fornecedores"}]},{"@type":"WebSite","@id":"https:\/\/www.cynosurelutronicemea.com\/pt-pt\/#website","url":"https:\/\/www.cynosurelutronicemea.com\/pt-pt\/","name":"Cynosure Lutronic EMEA","description":"","potentialAction":[{"@type":"SearchAction","target":{"@type":"EntryPoint","urlTemplate":"https:\/\/www.cynosurelutronicemea.com\/pt-pt\/?s={search_term_string}"},"query-input":{"@type":"PropertyValueSpecification","valueRequired":true,"valueName":"search_term_string"}}],"inLanguage":"pt-PT"}]}},"_links":{"self":[{"href":"https:\/\/www.cynosurelutronicemea.com\/pt-pt\/wp-json\/wp\/v2\/pages\/3661","targetHints":{"allow":["GET"]}}],"collection":[{"href":"https:\/\/www.cynosurelutronicemea.com\/pt-pt\/wp-json\/wp\/v2\/pages"}],"about":[{"href":"https:\/\/www.cynosurelutronicemea.com\/pt-pt\/wp-json\/wp\/v2\/types\/page"}],"author":[{"embeddable":true,"href":"https:\/\/www.cynosurelutronicemea.com\/pt-pt\/wp-json\/wp\/v2\/users\/70"}],"replies":[{"embeddable":true,"href":"https:\/\/www.cynosurelutronicemea.com\/pt-pt\/wp-json\/wp\/v2\/comments?post=3661"}],"version-history":[{"count":0,"href":"https:\/\/www.cynosurelutronicemea.com\/pt-pt\/wp-json\/wp\/v2\/pages\/3661\/revisions"}],"wp:attachment":[{"href":"https:\/\/www.cynosurelutronicemea.com\/pt-pt\/wp-json\/wp\/v2\/media?parent=3661"}],"curies":[{"name":"wp","href":"https:\/\/api.w.org\/{rel}","templated":true}]}}