{"id":3658,"date":"2024-09-30T19:20:25","date_gmt":"2024-09-30T19:20:25","guid":{"rendered":"https:\/\/www.cynosurelutronicemea.com\/for-patients\/"},"modified":"2025-03-06T15:42:17","modified_gmt":"2025-03-06T15:42:17","slug":"para-pacientes","status":"publish","type":"page","link":"https:\/\/www.cynosurelutronicemea.com\/pt-pt\/para-pacientes\/","title":{"rendered":"Para pacientes"},"content":{"rendered":"\n<section id=\"hero-block_ffb6abf7bcced204076dc66fc6bd3be8\" class=\"hero-block\">\n  <!-- <div class=\"o-container\"> -->\n  \n<div class=\"c-hero-slider-container\" style=\"position:relative;\">\n\n    \n    <div class=\"c-hero-slider js-hero-slider\" >\n                <div class=\"c-hero-slider__item\">\n                    <section class=\"c-hero-slider__content u-text-black u-text-center\" style=\"background-image: url('https:\/\/www.cynosurelutronicemea.com\/wp-content\/uploads\/sites\/15\/2024\/11\/Banners-Website-Eco2plus-28.jpg'), url('https:\/\/www.cynosurelutronicemea.com\/wp-content\/uploads\/sites\/15\/2024\/11\/Banners-Website-Eco2plus-28.jpg');\">\n                        <div class=\"o-container\">\n                            <div class=\"o-row\">\n                                <div class=\"o-col-8@md o-col-7@lg o-col-6@xl u-mx-auto\">\n                                    <h1 class=\"c-hero-slider__title\">Para pacientes<\/h1>\n                                    <div class=\"c-hero-slider__text\">\n                                        <p><p style=\"font-size: 20px;\">Informa\u00e7\u00f5es \u00fateis para pacientes <\/p><\/p>\n                                    <\/div>\n                                                                            <a href=\"https:\/\/www.cynosurelutronicemea.com\/pt-pt\/find-a-provider\/\" class=\"c-button c-button--orange\">Encontre uma cl\u00ednica<\/a>                                                                    <\/div>\n                            <\/div>\n                        <\/div>\n                    <\/section>\n                <\/div>\n\n            <\/div><\/div>  <!-- <\/div> -->\n<\/section>\n\n<section id=\"content-block_6d3f666721ba84523c67bc27764f0fd8\" class=\"content-block u-pt-5 u-pt-9@md u-pb-5 u-pb-9@md\">\n    <div class=\"o-container\">\n\n    \n<div class=\"o-row\">\n        <div class=\"o-col-12 u-text-center\">\n              <h2 class=\"c-heading c-heading--secondary u-h3 u-h1@sm u-uppercase u-mb-3@sm\">Informa\u00e7\u00f5es para pacientes<\/h2>\n                    <div class=\"c-text-editor\">\n          <p style=\"font-size: 20px;\">Se est\u00e1 \u00e0 procura de solu\u00e7\u00f5es para um problema espec\u00edfico da sua pele ou quer saber mais sobre um dispositivo Cynosure Lutronic, clique no link abaixo. Apresentamos uma vis\u00e3o geral sobre cada dispositivo e para que problemas da pele \u00e9 indicado. Tamb\u00e9m encontrar\u00e1 uma lista de cl\u00ednicas equipadas com a tecnologia Cynosure Lutronic. Contacte diretamente essas cl\u00ednicas para saber quais as op\u00e7\u00f5es de tratamento, os planos e os custos associados, de acordo com as suas necessidades.   <\/p>\n        <\/div>\n                <\/div>\n      <\/div>\n\n  <\/div>\n<\/section>\n\n<section id=\"content-block_3cde18ca2c0b1e4b687a8e7e3a091f68\" class=\"content-block u-pt-5 u-pt-9@md u-pb-5 u-pb-9@md c-section--text-image\">\n    <div class=\"o-container\">\n\n    \n<div class=\"o-row u-items-center\">\n  <div class=\"o-col-7@md\">\n    <div class=\"c-text-editor\">\n\n              <h2 class=\"c-heading c-heading--secondary u-h3 u-h2@lg u-uppercase\">Dist\u00farbios da pele<\/h2>\n      \n      <p>Tem um problema dermatol\u00f3gico espec\u00edfico e est\u00e1 \u00e0 procura de informa\u00e7\u00f5es sobre qual o dispositivo de Cynosure Lutronic que poderia ajudar? Visite o nosso site para obter mais informa\u00e7\u00f5es sobre os dist\u00farbios da pele. <\/p>\n\n      <div class=\"c-buttons-wrapper\"><a href=\"https:\/\/www.cynosurelutronicemea.com\/pt-pt\/tratamentos\/\" class=\"u-mt-3 c-button c-button--xl c-button--transparent-orange\">Todos os dist\u00farbios da pele<\/a><a href=\"https:\/\/www.cynosurelutronicemea.com\/pt-pt\/find-a-provider\/\" class=\"u-mt-3 c-button c-button--xl c-button--transparent-black\">Encontre uma cl\u00ednica<\/a><\/div>\n    <\/div>\n  <\/div>\n      <div class=\"o-col-5@md u-pt-2 u-pb-2 u-text-center\">\n              <img decoding=\"async\" src=\"https:\/\/www.cynosurelutronicemea.com\/wp-content\/uploads\/sites\/15\/2024\/11\/Skin-Concerns-Small.jpg\" class=\"desktop-image\" alt=\"Skin Conditions icons square banner\">\n                <\/div>\n  <\/div>\n\n  <\/div>\n<\/section>\n\n<section id=\"content-block_e300e69db4d2ddc61c885ee77a318ac0\" class=\"content-block u-pt-5 u-pt-9@md u-pb-5 u-pb-9@md c-section--text-image u-flex-invert-columns\">\n    <div class=\"o-container\">\n\n    \n<div class=\"o-row u-items-center\">\n  <div class=\"o-col-7@md\">\n    <div class=\"c-text-editor\">\n\n              <h2 class=\"c-heading c-heading--secondary u-h3 u-h2@lg u-uppercase\">Produtos<\/h2>\n      \n      <p>J\u00e1 ouviu falar de Picosure Pro ou Genius RF Microneedling e quer saber mais? Visite a nossa p\u00e1gina de produtos para ver o dispositivo Cynosure Lutronic que procura. N\u00e3o se esque\u00e7a de encontrar a cl\u00ednica mais pr\u00f3xima com o nosso localizador de cl\u00ednicas, para obter mais informa\u00e7\u00f5es sobre planos de tratamento e pre\u00e7os.  <\/p>\n\n      <div class=\"c-buttons-wrapper\"><a href=\"https:\/\/www.cynosurelutronicemea.com\/pt-pt\/produtos\/\" class=\"u-mt-3 c-button c-button--xl c-button--transparent-orange\">Todos os produtos<\/a><a href=\"https:\/\/www.cynosurelutronicemea.com\/pt-pt\/find-a-provider\/\" class=\"u-mt-3 c-button c-button--xl c-button--transparent-black\">Encontre uma cl\u00ednica<\/a><\/div>\n    <\/div>\n  <\/div>\n      <div class=\"o-col-5@md u-pt-2 u-pb-2 u-text-center\">\n              <img decoding=\"async\" src=\"https:\/\/www.cynosurelutronicemea.com\/wp-content\/uploads\/sites\/15\/2024\/11\/all-products.jpg\" class=\"desktop-image\" alt=\"Square Cynosure Lutronic portfolio\">\n                <\/div>\n  <\/div>\n\n  <\/div>\n<\/section>\n","protected":false},"excerpt":{"rendered":"","protected":false},"author":70,"featured_media":0,"parent":0,"menu_order":0,"comment_status":"closed","ping_status":"closed","template":"","meta":{"_acf_changed":false,"footnotes":""},"class_list":["post-3658","page","type-page","status-publish","hentry"],"acf":[],"yoast_head":"<!-- This site is optimized with the Yoast SEO plugin v27.5 - https:\/\/yoast.com\/product\/yoast-seo-wordpress\/ -->\n<title>Para pacientes - Cynosure Lutronic EMEA<\/title>\n<meta name=\"description\" content=\"Descubra os tratamentos Cynosure Lutronic e encontre fornecedores de confian\u00e7a perto de si com as solu\u00e7\u00f5es de medicina est\u00e9tica mais avan\u00e7adas, para alcan\u00e7ar uma apar\u00eancia magn\u00edfica e sentir-se no seu melhor.\" \/>\n<meta name=\"robots\" content=\"index, follow, max-snippet:-1, max-image-preview:large, max-video-preview:-1\" \/>\n<link rel=\"canonical\" href=\"https:\/\/www.cynosurelutronicemea.com\/pt-pt\/para-pacientes\/\" \/>\n<meta property=\"og:locale\" content=\"pt_PT\" \/>\n<meta property=\"og:type\" content=\"article\" \/>\n<meta property=\"og:title\" content=\"Para pacientes - Cynosure Lutronic EMEA\" \/>\n<meta property=\"og:description\" content=\"Descubra os tratamentos Cynosure Lutronic e encontre fornecedores de confian\u00e7a perto de si com as solu\u00e7\u00f5es de medicina est\u00e9tica mais avan\u00e7adas, para alcan\u00e7ar uma apar\u00eancia magn\u00edfica e sentir-se no seu melhor.\" \/>\n<meta property=\"og:url\" content=\"https:\/\/www.cynosurelutronicemea.com\/pt-pt\/para-pacientes\/\" \/>\n<meta property=\"og:site_name\" content=\"Cynosure Lutronic EMEA\" \/>\n<meta property=\"article:modified_time\" content=\"2025-03-06T15:42:17+00:00\" \/>\n<meta name=\"twitter:card\" content=\"summary_large_image\" \/>\n<script type=\"application\/ld+json\" class=\"yoast-schema-graph\">{\"@context\":\"https:\\\/\\\/schema.org\",\"@graph\":[{\"@type\":\"WebPage\",\"@id\":\"https:\\\/\\\/www.cynosurelutronicemea.com\\\/pt-pt\\\/para-pacientes\\\/\",\"url\":\"https:\\\/\\\/www.cynosurelutronicemea.com\\\/pt-pt\\\/para-pacientes\\\/\",\"name\":\"Para pacientes - Cynosure Lutronic EMEA\",\"isPartOf\":{\"@id\":\"https:\\\/\\\/www.cynosurelutronicemea.com\\\/pt-pt\\\/#website\"},\"datePublished\":\"2024-09-30T19:20:25+00:00\",\"dateModified\":\"2025-03-06T15:42:17+00:00\",\"description\":\"Descubra os tratamentos Cynosure Lutronic e encontre fornecedores de confian\u00e7a perto de si com as solu\u00e7\u00f5es de medicina est\u00e9tica mais avan\u00e7adas, para alcan\u00e7ar uma apar\u00eancia magn\u00edfica e sentir-se no seu melhor.\",\"breadcrumb\":{\"@id\":\"https:\\\/\\\/www.cynosurelutronicemea.com\\\/pt-pt\\\/para-pacientes\\\/#breadcrumb\"},\"inLanguage\":\"pt-PT\",\"potentialAction\":[{\"@type\":\"ReadAction\",\"target\":[\"https:\\\/\\\/www.cynosurelutronicemea.com\\\/pt-pt\\\/para-pacientes\\\/\"]}]},{\"@type\":\"BreadcrumbList\",\"@id\":\"https:\\\/\\\/www.cynosurelutronicemea.com\\\/pt-pt\\\/para-pacientes\\\/#breadcrumb\",\"itemListElement\":[{\"@type\":\"ListItem\",\"position\":1,\"name\":\"Home\",\"item\":\"https:\\\/\\\/www.cynosurelutronicemea.com\\\/pt-pt\\\/\"},{\"@type\":\"ListItem\",\"position\":2,\"name\":\"Para pacientes\"}]},{\"@type\":\"WebSite\",\"@id\":\"https:\\\/\\\/www.cynosurelutronicemea.com\\\/pt-pt\\\/#website\",\"url\":\"https:\\\/\\\/www.cynosurelutronicemea.com\\\/pt-pt\\\/\",\"name\":\"Cynosure Lutronic EMEA\",\"description\":\"\",\"potentialAction\":[{\"@type\":\"SearchAction\",\"target\":{\"@type\":\"EntryPoint\",\"urlTemplate\":\"https:\\\/\\\/www.cynosurelutronicemea.com\\\/pt-pt\\\/?s={search_term_string}\"},\"query-input\":{\"@type\":\"PropertyValueSpecification\",\"valueRequired\":true,\"valueName\":\"search_term_string\"}}],\"inLanguage\":\"pt-PT\"}]}<\/script>\n<!-- \/ Yoast SEO plugin. -->","yoast_head_json":{"title":"Para pacientes - Cynosure Lutronic EMEA","description":"Descubra os tratamentos Cynosure Lutronic e encontre fornecedores de confian\u00e7a perto de si com as solu\u00e7\u00f5es de medicina est\u00e9tica mais avan\u00e7adas, para alcan\u00e7ar uma apar\u00eancia magn\u00edfica e sentir-se no seu melhor.","robots":{"index":"index","follow":"follow","max-snippet":"max-snippet:-1","max-image-preview":"max-image-preview:large","max-video-preview":"max-video-preview:-1"},"canonical":"https:\/\/www.cynosurelutronicemea.com\/pt-pt\/para-pacientes\/","og_locale":"pt_PT","og_type":"article","og_title":"Para pacientes - Cynosure Lutronic EMEA","og_description":"Descubra os tratamentos Cynosure Lutronic e encontre fornecedores de confian\u00e7a perto de si com as solu\u00e7\u00f5es de medicina est\u00e9tica mais avan\u00e7adas, para alcan\u00e7ar uma apar\u00eancia magn\u00edfica e sentir-se no seu melhor.","og_url":"https:\/\/www.cynosurelutronicemea.com\/pt-pt\/para-pacientes\/","og_site_name":"Cynosure Lutronic EMEA","article_modified_time":"2025-03-06T15:42:17+00:00","twitter_card":"summary_large_image","schema":{"@context":"https:\/\/schema.org","@graph":[{"@type":"WebPage","@id":"https:\/\/www.cynosurelutronicemea.com\/pt-pt\/para-pacientes\/","url":"https:\/\/www.cynosurelutronicemea.com\/pt-pt\/para-pacientes\/","name":"Para pacientes - Cynosure Lutronic EMEA","isPartOf":{"@id":"https:\/\/www.cynosurelutronicemea.com\/pt-pt\/#website"},"datePublished":"2024-09-30T19:20:25+00:00","dateModified":"2025-03-06T15:42:17+00:00","description":"Descubra os tratamentos Cynosure Lutronic e encontre fornecedores de confian\u00e7a perto de si com as solu\u00e7\u00f5es de medicina est\u00e9tica mais avan\u00e7adas, para alcan\u00e7ar uma apar\u00eancia magn\u00edfica e sentir-se no seu melhor.","breadcrumb":{"@id":"https:\/\/www.cynosurelutronicemea.com\/pt-pt\/para-pacientes\/#breadcrumb"},"inLanguage":"pt-PT","potentialAction":[{"@type":"ReadAction","target":["https:\/\/www.cynosurelutronicemea.com\/pt-pt\/para-pacientes\/"]}]},{"@type":"BreadcrumbList","@id":"https:\/\/www.cynosurelutronicemea.com\/pt-pt\/para-pacientes\/#breadcrumb","itemListElement":[{"@type":"ListItem","position":1,"name":"Home","item":"https:\/\/www.cynosurelutronicemea.com\/pt-pt\/"},{"@type":"ListItem","position":2,"name":"Para pacientes"}]},{"@type":"WebSite","@id":"https:\/\/www.cynosurelutronicemea.com\/pt-pt\/#website","url":"https:\/\/www.cynosurelutronicemea.com\/pt-pt\/","name":"Cynosure Lutronic EMEA","description":"","potentialAction":[{"@type":"SearchAction","target":{"@type":"EntryPoint","urlTemplate":"https:\/\/www.cynosurelutronicemea.com\/pt-pt\/?s={search_term_string}"},"query-input":{"@type":"PropertyValueSpecification","valueRequired":true,"valueName":"search_term_string"}}],"inLanguage":"pt-PT"}]}},"_links":{"self":[{"href":"https:\/\/www.cynosurelutronicemea.com\/pt-pt\/wp-json\/wp\/v2\/pages\/3658","targetHints":{"allow":["GET"]}}],"collection":[{"href":"https:\/\/www.cynosurelutronicemea.com\/pt-pt\/wp-json\/wp\/v2\/pages"}],"about":[{"href":"https:\/\/www.cynosurelutronicemea.com\/pt-pt\/wp-json\/wp\/v2\/types\/page"}],"author":[{"embeddable":true,"href":"https:\/\/www.cynosurelutronicemea.com\/pt-pt\/wp-json\/wp\/v2\/users\/70"}],"replies":[{"embeddable":true,"href":"https:\/\/www.cynosurelutronicemea.com\/pt-pt\/wp-json\/wp\/v2\/comments?post=3658"}],"version-history":[{"count":0,"href":"https:\/\/www.cynosurelutronicemea.com\/pt-pt\/wp-json\/wp\/v2\/pages\/3658\/revisions"}],"wp:attachment":[{"href":"https:\/\/www.cynosurelutronicemea.com\/pt-pt\/wp-json\/wp\/v2\/media?parent=3658"}],"curies":[{"name":"wp","href":"https:\/\/api.w.org\/{rel}","templated":true}]}}