{"id":7263,"date":"2026-02-13T10:10:05","date_gmt":"2026-02-13T10:10:05","guid":{"rendered":"https:\/\/www.cynosurelutronicemea.com\/product\/mosaic-3d\/"},"modified":"2026-04-21T12:18:13","modified_gmt":"2026-04-21T12:18:13","slug":"mosaic-3d","status":"publish","type":"product","link":"https:\/\/www.cynosurelutronicemea.com\/es\/productos\/mosaic-3d\/","title":{"rendered":"Mosaic 3D"},"content":{"rendered":"\n<section id=\"hero-block_4a3f26ef35dccfe1f736d70788b8fd8a\" class=\"hero-block\">\n  <!-- <div class=\"o-container\"> -->\n  \n<div class=\"c-hero-slider-container\" style=\"position:relative;\">\n\n    \n    <div class=\"c-hero-slider js-hero-slider\" >\n                <div class=\"c-hero-slider__item\">\n                    <section class=\"c-hero-slider__content u-text-white\" style=\"background-image: url('https:\/\/www.cynosurelutronicemea.com\/wp-content\/uploads\/sites\/15\/2026\/03\/Website-Header-Red-1-scaled.jpg'), url('https:\/\/www.cynosurelutronicemea.com\/wp-content\/uploads\/sites\/15\/2026\/03\/Website-Header-Red-1-scaled.jpg');\">\n                        <div class=\"o-container\">\n                            <div class=\"o-row\">\n                                <div class=\"o-col-8@md o-col-7@lg o-col-6@xl\">\n                                    <h1 class=\"c-hero-slider__title\">Bienvenido a la tercera dimensi\u00f3n&#8230;<\/h1>\n                                    <div class=\"c-hero-slider__text\">\n                                        <p>1550nm, fraccional no ablativo erbio:glass<\/p>\n                                    <\/div>\n                                                                            <a href=\"#gform_popup_8\" class=\"c-button c-button--white js-open-content-popup\">Quiero una demo<\/a>                                                                    <\/div>\n                            <\/div>\n                        <\/div>\n                    <\/section>\n                <\/div>\n\n            <\/div><\/div>  <!-- <\/div> -->\n<\/section>\n\n\n\n<section id=\"content-block_bccfc56046560553acc45996a511a500\" class=\"content-block u-pt-5 u-pt-9@md\">\n    <div class=\"o-container\">\n\n    \n<div class=\"o-row\">\n      <div class=\"o-col-12\">\n              <h2 class=\"c-heading c-heading--secondary u-h3 u-h1@sm u-uppercase u-mb-3@sm\">Mosaic 3D <\/h2>\n                    <div class=\"c-text-editor\">\n          <h2>L\u00e1ser fraccional de 1550 nm dise\u00f1ado para la revitalizaci\u00f3n moderna de la piel<\/h2>\n<p>La pr\u00f3xima generaci\u00f3n de l\u00e1seres fraccionales no ablativos. Altamente controlable y altamente personalizable, Mosaic 3D est\u00e1 dise\u00f1ado para una revitalizaci\u00f3n cut\u00e1nea multicapa, incluyendo la mejora de arrugas y cicatrices de acn\u00e9. <\/p>\n        <\/div>\n                <\/div>\n        <\/div>\n\n  <\/div>\n<\/section>\n\n\n\n<section id=\"content-block_7a238971693948a6b8e068f0cb2c8934\" class=\"content-block u-pb-5 u-pb-9@md\">\n    <div class=\"o-container\">\n\n    \n<div class=\"o-row\">\n  <div class=\"o-col-7@md u-mb-3\">\n        <div class=\"c-text-editor\">\n      <p><strong>Bienvenido a la tercera dimensi\u00f3n. <\/strong><\/p>\n<p>Mosaic 3D es un l\u00e1ser fraccional no ablativo altamente controlable y personalizable. Su combinaci\u00f3n de cabezales permite personalizar el modo de entrega de eneg\u00eda, en rodillo (rolling delivery) y stamping junto con la tecnolog\u00eda patentada Controlled Chaos 3D Technology (3D CCT) ofrece opciones flexibles de tratamiento en rostro, cuello y cuerpo, ayudando a estimular tanto el col\u00e1geno como la elastina en la dermis media y profunda. Esto la convierte en una soluci\u00f3n ideal para la revitalizaci\u00f3n de la piel, la mejora de l\u00edneas finas y arrugas, y el tratamiento de cicatrices de acn\u00e9.  <\/p>\n      <div class=\"c-buttons-wrapper\"><a href=\"#gform_popup_10\" class=\"u-mt-3 c-button c-button--xl c-button--transparent- js-open-content-popup\">Descargar Folleto<\/a><a href=\"#gform_popup_8\" class=\"u-mt-3 c-button c-button--xl c-button--orange js-open-content-popup\">Quiero una demo<\/a><\/div>    <\/div>\n  <\/div>\n      <div class=\"o-col-5@md u-mb-3\">\n      <script src=\"https:\/\/fast.wistia.com\/player.js\" async><\/script><script src=\"https:\/\/fast.wistia.com\/embed\/12ch3t3r6v.js\" async type=\"module\"><\/script>\n<style>wistia-player[media-id='12ch3t3r6v']:not(:defined) { background: center \/ contain no-repeat url('https:\/\/fast.wistia.com\/embed\/medias\/12ch3t3r6v\/swatch'); display: block; filter: blur(5px); padding-top:56.25%; }<\/style>\n<p> <wistia-player media-id=\"12ch3t3r6v\" aspect=\"1.7777777777777777\"><\/wistia-player><\/p>\n    <\/div>\n  <\/div>\n\n  <\/div>\n<\/section>\n\n\n\n<section id=\"content-block_e70c587e5786088204a07c4129daf1cc\" class=\"content-block  u-flex-invert-columns\">\n    <div class=\"o-container\">\n\n    \n<div class=\"o-row\">\n  <div class=\"o-col-7@md u-mb-3\">\n        <div class=\"c-text-editor\">\n      <h2>\u00bfQu\u00e9 puedes hacer con Mosaic 3D? <\/h2>\n<p><strong>Un l\u00e1ser fraccional flexible. <\/strong><\/p>\n<ul>\n<li>Revitalizaci\u00f3n cut\u00e1nea multicapa, incluyendo la mejora de arrugas y cicatrices de acn\u00e9. <\/li>\n<li>Mejoras texturales considerables, con aplicaci\u00f3n segura y precisa en zonas delicadas como el contorno de ojos y el \u00e1rea peribucal. <\/li>\n<li>Las puntas de zafiro con compresi\u00f3n en fr\u00edo enfr\u00edan y comprimen la piel para mejorar la experiencia del paciente en cuanto a dolor y downtime. <\/li>\n<li>El sistema integrado de refrigeraci\u00f3n por aire ayuda a reducir el tiempo de recuperaci\u00f3n y a potenciar los resultados. <\/li>\n<li>Puede utilizarse de forma complementaria junto con otros tratamientos. <\/li>\n<li>Resurfacing no ablativo integral con alto retorno de la inversi\u00f3n. <\/li>\n<\/ul>\n          <\/div>\n  <\/div>\n      <div class=\"o-col-5@md u-mb-3\">\n      <script src=\"https:\/\/fast.wistia.com\/player.js\" async=\"\"><\/script><script src=\"https:\/\/fast.wistia.com\/embed\/lccub8jyzb.js\" async=\"\" type=\"module\"><\/script>\n<style>wistia-player[media-id='lccub8jyzb']:not(:defined) { background: center \/ contain no-repeat url('https:\/\/fast.wistia.com\/embed\/medias\/lccub8jyzb\/swatch'); display: block; filter: blur(5px); padding-top:56.25%; }<\/style>\n<p> <wistia-player media-id=\"lccub8jyzb\" aspect=\"1.7777777777777777\"><\/wistia-player><\/p>\n    <\/div>\n  <\/div>\n\n  <\/div>\n<\/section>\n\n\n\n<section id=\"cta-columns-block_3db7801531c90ceb1fc699166ffa07c2\" class=\"cta-columns-block u-pb-5 u-pb-9@md c-text-editor\">\n    <div class=\"o-container\">\n\n    <div class=\"u-text-center u-pb-5\"><h2 class=\"u-mb-1\">Tecnolog\u00eda l\u00e1ser de \u00faltima generaci\u00f3n.<\/h2><p><\/p><\/div><div class=\"o-stack-2@md o-stack-3@xl u-mb-n-gutter\"><div class=\"u-mb-gutter\"><strong>La tecnolog\u00eda Controlled Chaos 3D (CCT)<\/strong> a\u00f1ade una nueva dimensi\u00f3n al optimizar la distribuci\u00f3n y la profundidad de los microhaces de energ\u00eda en m\u00faltiples niveles\r\n\r\n. CCT ayuda a reducir el riesgo de calentamiento t\u00e9rmico masivo, permitiendo tratar un mayor volumen por disparo en comparaci\u00f3n con los m\u00e9todos de entrega tradicionales, sin comprometer la seguridad.\r\n\r\n Adem\u00e1s, el sistema mide y monitoriza la energ\u00eda administrada, proporcionando mayor control, trazabilidad y confianza en la calidad de cada tratamiento.<br> <\/div><div class=\"u-mb-gutter\">Sistema de refrigeraci\u00f3n integrado El sistema de refrigeraci\u00f3n por aire integrado fluye a trav\u00e9s de la pieza de mano hasta las puntas de zafiro que enfr\u00edan y comprimen la piel. Esta sinergia est\u00e1 dise\u00f1ada para reducir el dolor, el eritema y el edema, ayudando a los profesionales a tratar con confianza y menor riesgo zonas sensibles como el contorno de ojos y el \u00e1rea peribucal.  <\/div><div class=\"u-mb-gutter\">M\u00e1xima versatilidad\r\n Con sus rodillos met\u00e1licos mejorados y las nuevas puntas de zafiro, MOSAIC 3D cuanta con modos de rodillo (rolling) y estampado (stamping), ofreciendo una versatilidad total. \r\n\r\nEl modo rolling con refrigeraci\u00f3n por aire permite una cobertura eficiente, mientras que el estampado con tecnolog\u00eda 3D CCT favorece la remodelaci\u00f3n del col\u00e1geno en \u00e1reas m\u00e1s exigentes.<br> <\/div><\/div>\n  <\/div>\n<\/section>\n\n\n\n<section id=\"cta-columns-block_dc88806b0be1b2f2208f4eb5fb53eded\" class=\"cta-columns-block u-pb-5 u-pb-9@md c-text-editor\">\n    <div class=\"o-container\">\n\n    <div class=\"u-text-center u-pb-5\"><h2 class=\"u-mb-1\">\u00bfQu\u00e9 puedes tratar con Mosaic 3D? <\/h2><p><\/p><\/div><div class=\"o-stack-4@xl js-cta-columns-slider\"><div class=\"u-mb-gutter u-px-1\">          <img decoding=\"async\" src=\"https:\/\/www.cynosurelutronicemea.com\/wp-content\/uploads\/sites\/15\/2024\/11\/Fine-lines-and-wrinkles.jpg\" srcset=\"\" sizes=\"(max-width: cynosure-small) 100vw, cynosure-small\" alt=\"fine-lines-and-wrinkles-2\">\n    <h3>Arrugas profundas <\/h3>Las arrugas responden mejor cuando es posible estimular la renovaci\u00f3n d\u00e9rmica media sin sobretratar la superficie. Mosaic 3D est\u00e1 dise\u00f1ado para estimular el col\u00e1geno y la elastina en la dermis media mediante una entrega fraccional no ablativa, con refrigeraci\u00f3n por aire integrada y puntas de zafiro con compresi\u00f3n en fr\u00edo que favorecen el confort del paciente. La tecnolog\u00eda 3D CCT ayuda a optimizar la distribuci\u00f3n y la profundidad de los microhaces, contribuyendo a una estimulaci\u00f3n d\u00e9rmica m\u00e1s precisa y controlada.   <\/div><div class=\"u-mb-gutter u-px-1\">          <img decoding=\"async\" src=\"https:\/\/www.cynosurelutronicemea.com\/wp-content\/uploads\/sites\/15\/2024\/11\/Acne-Scarring.jpg\" srcset=\"\" sizes=\"(max-width: cynosure-small) 100vw, cynosure-small\" alt=\"acne-scarring-2\">\n    <h3>Cicatrices de acn\u00e9 <\/h3>\r\nLas cicatrices de acn\u00e9 son irregulares, por lo que el tratamiento requiere tanto una cobertura amplia como un control focal preciso. Mosaic 3D favorece la remodelaci\u00f3n d\u00e9rmica mediante la entrega de energ\u00eda fraccional controlada en capas d\u00e9rmicas m\u00e1s profundas, preservando la superficie cut\u00e1nea. El modo rolling permite tratar \u00e1reas extensas de forma m\u00e1s eficiente, mientras que el estampado con tecnolog\u00eda 3D CCT est\u00e1 dise\u00f1ado para abordar zonas m\u00e1s resistentes o complejas. <br>   <\/div><div class=\"u-mb-gutter u-px-1\">          <img decoding=\"async\" src=\"https:\/\/www.cynosurelutronicemea.com\/wp-content\/uploads\/sites\/15\/2024\/11\/skin-revitalisation.jpg\" srcset=\"\" sizes=\"(max-width: cynosure-small) 100vw, cynosure-small\" alt=\"skin-revitalisation-2\">\n    <h3>Rejuvenecimiento de la piel <\/h3>\r\n\r\nPara pacientes que buscan una mejora global de la calidad de la piel, Mosaic 3D est\u00e1 dise\u00f1ado para una revitalizaci\u00f3n multicapa en rostro, cuello y cuerpo. Act\u00faa a nivel de la dermis media para favorecer una textura m\u00e1s uniforme y un aspecto m\u00e1s fresco, con un tiempo de recuperaci\u00f3n manejable. La refrigeraci\u00f3n por aire integrada y las puntas de zafiro con compresi\u00f3n en fr\u00edo est\u00e1n dise\u00f1adas para optimizar el confort y la experiencia del tratamiento. <br><br>   <\/div><\/div>\n  <\/div>\n<\/section>\n","protected":false},"menu_order":0,"template":"","product_type":[],"class_list":["post-7263","product","type-product","status-publish","hentry"],"acf":[],"yoast_head":"<!-- This site is optimized with the Yoast SEO plugin v27.5 - https:\/\/yoast.com\/product\/yoast-seo-wordpress\/ -->\n<title>Mosaic 3D - Cynosure Lutronic EMEA<\/title>\n<meta name=\"robots\" content=\"index, follow, max-snippet:-1, max-image-preview:large, max-video-preview:-1\" \/>\n<link rel=\"canonical\" href=\"https:\/\/www.cynosurelutronicemea.com\/es\/productos\/mosaic-3d\/\" \/>\n<meta property=\"og:locale\" content=\"es_ES\" \/>\n<meta property=\"og:type\" content=\"article\" \/>\n<meta property=\"og:title\" content=\"Mosaic 3D - Cynosure Lutronic EMEA\" \/>\n<meta property=\"og:url\" content=\"https:\/\/www.cynosurelutronicemea.com\/es\/productos\/mosaic-3d\/\" \/>\n<meta property=\"og:site_name\" content=\"Cynosure Lutronic EMEA\" \/>\n<meta property=\"article:modified_time\" content=\"2026-04-21T12:18:13+00:00\" \/>\n<meta name=\"twitter:card\" content=\"summary_large_image\" \/>\n<script type=\"application\/ld+json\" class=\"yoast-schema-graph\">{\"@context\":\"https:\\\/\\\/schema.org\",\"@graph\":[{\"@type\":\"WebPage\",\"@id\":\"https:\\\/\\\/www.cynosurelutronicemea.com\\\/es\\\/productos\\\/mosaic-3d\\\/\",\"url\":\"https:\\\/\\\/www.cynosurelutronicemea.com\\\/es\\\/productos\\\/mosaic-3d\\\/\",\"name\":\"Mosaic 3D - Cynosure Lutronic EMEA\",\"isPartOf\":{\"@id\":\"https:\\\/\\\/www.cynosurelutronicemea.com\\\/es\\\/#website\"},\"datePublished\":\"2026-02-13T10:10:05+00:00\",\"dateModified\":\"2026-04-21T12:18:13+00:00\",\"breadcrumb\":{\"@id\":\"https:\\\/\\\/www.cynosurelutronicemea.com\\\/es\\\/productos\\\/mosaic-3d\\\/#breadcrumb\"},\"inLanguage\":\"es\",\"potentialAction\":[{\"@type\":\"ReadAction\",\"target\":[\"https:\\\/\\\/www.cynosurelutronicemea.com\\\/es\\\/productos\\\/mosaic-3d\\\/\"]}]},{\"@type\":\"BreadcrumbList\",\"@id\":\"https:\\\/\\\/www.cynosurelutronicemea.com\\\/es\\\/productos\\\/mosaic-3d\\\/#breadcrumb\",\"itemListElement\":[{\"@type\":\"ListItem\",\"position\":1,\"name\":\"Home\",\"item\":\"https:\\\/\\\/www.cynosurelutronicemea.com\\\/es\\\/\"},{\"@type\":\"ListItem\",\"position\":2,\"name\":\"Mosaic 3D\"}]},{\"@type\":\"WebSite\",\"@id\":\"https:\\\/\\\/www.cynosurelutronicemea.com\\\/es\\\/#website\",\"url\":\"https:\\\/\\\/www.cynosurelutronicemea.com\\\/es\\\/\",\"name\":\"Cynosure Lutronic EMEA\",\"description\":\"\",\"potentialAction\":[{\"@type\":\"SearchAction\",\"target\":{\"@type\":\"EntryPoint\",\"urlTemplate\":\"https:\\\/\\\/www.cynosurelutronicemea.com\\\/es\\\/?s={search_term_string}\"},\"query-input\":{\"@type\":\"PropertyValueSpecification\",\"valueRequired\":true,\"valueName\":\"search_term_string\"}}],\"inLanguage\":\"es\"}]}<\/script>\n<!-- \/ Yoast SEO plugin. -->","yoast_head_json":{"title":"Mosaic 3D - Cynosure Lutronic EMEA","robots":{"index":"index","follow":"follow","max-snippet":"max-snippet:-1","max-image-preview":"max-image-preview:large","max-video-preview":"max-video-preview:-1"},"canonical":"https:\/\/www.cynosurelutronicemea.com\/es\/productos\/mosaic-3d\/","og_locale":"es_ES","og_type":"article","og_title":"Mosaic 3D - Cynosure Lutronic EMEA","og_url":"https:\/\/www.cynosurelutronicemea.com\/es\/productos\/mosaic-3d\/","og_site_name":"Cynosure Lutronic EMEA","article_modified_time":"2026-04-21T12:18:13+00:00","twitter_card":"summary_large_image","schema":{"@context":"https:\/\/schema.org","@graph":[{"@type":"WebPage","@id":"https:\/\/www.cynosurelutronicemea.com\/es\/productos\/mosaic-3d\/","url":"https:\/\/www.cynosurelutronicemea.com\/es\/productos\/mosaic-3d\/","name":"Mosaic 3D - Cynosure Lutronic EMEA","isPartOf":{"@id":"https:\/\/www.cynosurelutronicemea.com\/es\/#website"},"datePublished":"2026-02-13T10:10:05+00:00","dateModified":"2026-04-21T12:18:13+00:00","breadcrumb":{"@id":"https:\/\/www.cynosurelutronicemea.com\/es\/productos\/mosaic-3d\/#breadcrumb"},"inLanguage":"es","potentialAction":[{"@type":"ReadAction","target":["https:\/\/www.cynosurelutronicemea.com\/es\/productos\/mosaic-3d\/"]}]},{"@type":"BreadcrumbList","@id":"https:\/\/www.cynosurelutronicemea.com\/es\/productos\/mosaic-3d\/#breadcrumb","itemListElement":[{"@type":"ListItem","position":1,"name":"Home","item":"https:\/\/www.cynosurelutronicemea.com\/es\/"},{"@type":"ListItem","position":2,"name":"Mosaic 3D"}]},{"@type":"WebSite","@id":"https:\/\/www.cynosurelutronicemea.com\/es\/#website","url":"https:\/\/www.cynosurelutronicemea.com\/es\/","name":"Cynosure Lutronic EMEA","description":"","potentialAction":[{"@type":"SearchAction","target":{"@type":"EntryPoint","urlTemplate":"https:\/\/www.cynosurelutronicemea.com\/es\/?s={search_term_string}"},"query-input":{"@type":"PropertyValueSpecification","valueRequired":true,"valueName":"search_term_string"}}],"inLanguage":"es"}]}},"_links":{"self":[{"href":"https:\/\/www.cynosurelutronicemea.com\/es\/wp-json\/wp\/v2\/product\/7263","targetHints":{"allow":["GET"]}}],"collection":[{"href":"https:\/\/www.cynosurelutronicemea.com\/es\/wp-json\/wp\/v2\/product"}],"about":[{"href":"https:\/\/www.cynosurelutronicemea.com\/es\/wp-json\/wp\/v2\/types\/product"}],"version-history":[{"count":3,"href":"https:\/\/www.cynosurelutronicemea.com\/es\/wp-json\/wp\/v2\/product\/7263\/revisions"}],"predecessor-version":[{"id":7713,"href":"https:\/\/www.cynosurelutronicemea.com\/es\/wp-json\/wp\/v2\/product\/7263\/revisions\/7713"}],"wp:attachment":[{"href":"https:\/\/www.cynosurelutronicemea.com\/es\/wp-json\/wp\/v2\/media?parent=7263"}],"wp:term":[{"taxonomy":"product_type","embeddable":true,"href":"https:\/\/www.cynosurelutronicemea.com\/es\/wp-json\/wp\/v2\/product_type?post=7263"}],"curies":[{"name":"wp","href":"https:\/\/api.w.org\/{rel}","templated":true}]}}