{"id":3200,"date":"2024-11-15T10:55:23","date_gmt":"2024-11-15T10:55:23","guid":{"rendered":"https:\/\/www.cynosurelutronicemea.com\/product\/eco2\/"},"modified":"2025-01-23T09:59:43","modified_gmt":"2025-01-23T09:59:43","slug":"eco2","status":"publish","type":"product","link":"https:\/\/www.cynosurelutronicemea.com\/es\/productos\/eco2\/","title":{"rendered":"eCO2"},"content":{"rendered":"\n<section id=\"hero-block_51ca66c3a550223bcccc6547abba04aa\" class=\"hero-block\">\n  <!-- <div class=\"o-container-fluid\"> -->\n  \n<div class=\"c-hero-slider-container\" style=\"position:relative;\">\n\n    \n    <div class=\"c-hero-slider js-hero-slider\" >\n                <div class=\"c-hero-slider__item\">\n                    <section class=\"c-hero-slider__content u-text-white\" style=\"background-image: url('https:\/\/www.cynosurelutronicemea.com\/wp-content\/uploads\/sites\/15\/2024\/11\/Mobile-Banners2.jpg'), url('https:\/\/www.cynosurelutronicemea.com\/wp-content\/uploads\/sites\/15\/2024\/11\/Banners-Website-Eco2plus-26.jpg');\">\n                        <div class=\"o-container\">\n                            <div class=\"o-row\">\n                                <div class=\"o-col-8@md o-col-7@lg o-col-6@xl\">\n                                    <h1 class=\"c-hero-slider__title\">El eCO2 Plus\u2122 <\/h1>\n                                    <div class=\"c-hero-slider__text\">\n                                        <p>Un l\u00e1ser de resurfacing CO2 de modo dual, que ofrece una precisi\u00f3n y versatilidad incomparables. <\/p>\n                                    <\/div>\n                                                                            <a href=\"#gform_popup_8\" class=\"c-button c-button--orange js-open-content-popup\">M\u00c1S INFORMACI\u00d3N<\/a>                                                                    <\/div>\n                            <\/div>\n                        <\/div>\n                    <\/section>\n                <\/div>\n\n            <\/div><\/div>  <!-- <\/div> -->\n<\/section>\n\n<section id=\"content-block_7f792c91b1642471ce661ff02c28c8d0\" class=\"content-block u-pt-5 u-pt-9@md u-pb-5 u-pb-9@md\">\n    <div class=\"o-container-fluid\">\n\n    \n<div class=\"o-row\">\n        <div class=\"o-col-12 u-text-center\">\n              <h2 class=\"c-heading c-heading--secondary u-h3 u-h1@sm u-uppercase u-mb-3@sm\">Potencia, versatilidad y fiabilidad l\u00edderes en la industria<\/h2>\n                    <div class=\"c-text-editor\">\n          <p>El eCO2 Plus\u2122 est\u00e1 revolucionando el cuidado de la piel de los pacientes. Es la opci\u00f3n inteligente para tratamientos CO2 de espectro completo, con tecnolog\u00eda avanzada y alta energ\u00eda que tratan de manera segura y r\u00e1pida el rango completo de problemas de resurfacing fraccionado de la piel.<br \/>\n Es el \u00fanico l\u00e1ser fraccionado y ablativo que le ofrece todo el espectro de tratamientos en su consulta. <\/p>\n<h2>\u00bfQu\u00e9 puede hacer el eCO2 Plus\u2122?<\/h2>\n<p><img loading=\"lazy\" decoding=\"async\" class=\"alignnone size-full wp-image-1063\" src=\"https:\/\/www.cynosurelutronicemea.com\/wp-content\/uploads\/sites\/15\/2024\/11\/Tick-transparent.png\" alt=\"\" width=\"40\" height=\"40\">Genius usa sensores de tejido en tiempo real y tecnolog\u00eda de ajuste de energ\u00eda.<br \/>\n<img loading=\"lazy\" decoding=\"async\" class=\"alignnone size-full wp-image-1063\" src=\"https:\/\/www.cynosurelutronicemea.com\/wp-content\/uploads\/sites\/15\/2024\/11\/Tick-transparent.png\" alt=\"\" width=\"40\" height=\"40\">Versatilidad en los tratamientos, desde tratamientos de alta energ\u00eda agresivos hasta resurfacing ligero con EcoTone<br \/>\n<img loading=\"lazy\" decoding=\"async\" class=\"alignnone size-full wp-image-1063\" src=\"https:\/\/www.cynosurelutronicemea.com\/wp-content\/uploads\/sites\/15\/2024\/11\/Tick-transparent.png\" alt=\"\" width=\"40\" height=\"40\">Alta potencia para tratamientos m\u00e1s r\u00e1pidos y efectivos<br \/>\n<img loading=\"lazy\" decoding=\"async\" class=\"alignnone size-full wp-image-1063\" src=\"https:\/\/www.cynosurelutronicemea.com\/wp-content\/uploads\/sites\/15\/2024\/11\/Tick-transparent.png\" alt=\"\" width=\"40\" height=\"40\">Controlled Chaos Technology (CCT) genera patrones aleatorios de entrega de energ\u00eda para minimizar el tiempo de recuperaci\u00f3n y el riesgo de sobrecalentamiento<br \/>\n<img loading=\"lazy\" decoding=\"async\" class=\"alignnone size-full wp-image-1063\" src=\"https:\/\/www.cynosurelutronicemea.com\/wp-content\/uploads\/sites\/15\/2024\/11\/Tick-transparent.png\" alt=\"\" width=\"40\" height=\"40\">Sin consumibles para un mayor retorno de inversi\u00f3n<br \/>\n<img loading=\"lazy\" decoding=\"async\" class=\"alignnone size-full wp-image-1063\" src=\"https:\/\/www.cynosurelutronicemea.com\/wp-content\/uploads\/sites\/15\/2024\/11\/Tick-transparent.png\" alt=\"\" width=\"40\" height=\"40\">Resultados incomparables para tratar una amplia variedad de indicaciones<br \/>\n<img loading=\"lazy\" decoding=\"async\" class=\"alignnone size-full wp-image-1063\" src=\"https:\/\/www.cynosurelutronicemea.com\/wp-content\/uploads\/sites\/15\/2024\/11\/Tick-transparent.png\" alt=\"\" width=\"40\" height=\"40\">Consejos de microbeam de 120\u03bcm, 300\u03bcm y 500\u03bcm para precisi\u00f3n cl\u00ednica y confianza del usuario<\/p>\n        <\/div>\n                <\/div>\n      <\/div>\n\n  <\/div>\n<\/section>\n\n<section id=\"content-block_952553b64c9227ebf5f3545e2fcde9cd\" class=\"content-block u-pt-5 u-pt-9@md u-pb-5 u-pb-9@md u-bg-tertriary-gray-100\">\n    <div class=\"o-container-fluid\">\n\n    \n<div class=\"o-row\">\n        <div class=\"o-col-12 u-text-center\">\n                    <div class=\"c-text-editor\">\n          <p style=\"text-align: center;\">Impulsa tu cl\u00ednica con los equipos de medicina est\u00e9tica de la m\u00e1s alta calidad en el mundo<\/p>\n        <\/div>\n            <a href=\"#gform_popup_8\" class=\"u-mt-3 u-mr-1 c-button c-button--xl c-button--orange js-open-content-popup\">Solicitar demostraci\u00f3n<\/a>    <\/div>\n      <\/div>\n\n  <\/div>\n<\/section>\n\n<section id=\"content-block_c62f7d111f0c5dd7f95953803af63bd4\" class=\"content-block u-pt-5 u-pt-9@md u-pb-5 u-pb-9@md\">\n    <div class=\"o-container\">\n\n    \n<div class=\"o-row\">\n        <div class=\"o-col-12 u-text-center\">\n              <h2 class=\"c-heading c-heading--secondary u-h3 u-h1@sm u-uppercase u-mb-3@sm\">Tecnolog\u00eda Controlled Chaos\u2122<\/h2>\n                    <div class=\"c-text-editor\">\n          <p><strong>Con la tecnolog\u00eda Controlled Chaos\u2122 (CCT)<\/strong>, cada microhaz se entrega lo m\u00e1s lejos posible del anterior. Esto minimiza el sobrecalentamiento de tejidos colaterales causado por los haces superpuestos, preservando el tejido normal no irradiado inmediato, minimizando el tiempo de inactividad y maximizando la eficiencia, seguridad y comodidad del paciente.<\/p>\n<img loading=\"lazy\" decoding=\"async\" class=\"wp-image-1375 aligncenter\" src=\"https:\/\/www.cynosurelutronicemea.com\/wp-content\/uploads\/sites\/15\/2024\/11\/eco2picture-300x124.jpg\" alt=\"\" width=\"586\" height=\"242\" srcset=\"https:\/\/www.cynosurelutronicemea.com\/wp-content\/uploads\/sites\/15\/2024\/11\/eco2picture-300x124.jpg 300w, https:\/\/www.cynosurelutronicemea.com\/wp-content\/uploads\/sites\/15\/2024\/11\/eco2picture-492x204.jpg 492w, https:\/\/www.cynosurelutronicemea.com\/wp-content\/uploads\/sites\/15\/2024\/11\/eco2picture-685x284.jpg 685w, https:\/\/www.cynosurelutronicemea.com\/wp-content\/uploads\/sites\/15\/2024\/11\/eco2picture.jpg 769w\" sizes=\"auto, (max-width: 492px) 576px, 586px\" \/>\n        <\/div>\n            <a href=\"#gform_popup_10\" class=\"u-mt-3 u-mr-1 c-button c-button--xl c-button--transparent-orange js-open-content-popup\">Solicitar folleto<\/a>    <\/div>\n      <\/div>\n\n  <\/div>\n<\/section>\n<div class=\"o-container\">\n  <div class=\"o-row\">\n    <div class=\"o-col-12\">\n      <hr class=\"c-divider u-text-tertriary-gray-gray-400\">\n    <\/div>\n  <\/div>\n<\/div>\n\n<section id=\"cta-columns-block_11e144cf1d5bc2f24552c70d25a357e8\" class=\"cta-columns-block u-pt-5 u-pt-9@md u-pb-5 u-pb-9@md c-text-editor\">\n    <div class=\"o-container\">\n\n    <div class=\"u-text-center u-pb-5\"><h2 class=\"u-mb-1\">\u00bfQu\u00e9 puede tratar el eCO2 Plus\u2122? <\/h2><p><\/p><\/div><div class=\"o-stack-4@xl js-cta-columns-slider\"><div class=\"u-mb-gutter u-px-1\">          <img decoding=\"async\" src=\"https:\/\/www.cynosurelutronicemea.com\/wp-content\/uploads\/sites\/15\/2024\/11\/Acne-Scarring.jpg\" srcset=\"\" sizes=\"(max-width: cynosure-small) 100vw, cynosure-small\" alt=\"acne-scarring-2\">\n    <h3>Cicatrices de acn\u00e9<\/h3> \nLas cicatrices de acn\u00e9 pueden causar angustia de por vida. El eCO2 Plus\u2122 puede reducir dr\u00e1sticamente la apariencia de las cicatrices de acn\u00e9.  <\/div><div class=\"u-mb-gutter u-px-1\">          <img decoding=\"async\" src=\"https:\/\/www.cynosurelutronicemea.com\/wp-content\/uploads\/sites\/15\/2024\/11\/skin-revitalisation.jpg\" srcset=\"\" sizes=\"(max-width: cynosure-small) 100vw, cynosure-small\" alt=\"skin-revitalisation-2\">\n    <h3>Rejuvenecimiento de la piel <\/h3>\nLa tecnolog\u00eda avanzada de l\u00e1ser ablativo del eCO2 Plus\u2122 est\u00e1 dise\u00f1ada para alisar la piel r\u00e1pida y eficientemente, minimizando al mismo tiempo la incomodidad del paciente.<\/div><div class=\"u-mb-gutter u-px-1\">          <img decoding=\"async\" src=\"https:\/\/www.cynosurelutronicemea.com\/wp-content\/uploads\/sites\/15\/2024\/11\/Fine-lines-and-wrinkles.jpg\" srcset=\"\" sizes=\"(max-width: cynosure-small) 100vw, cynosure-small\" alt=\"fine-lines-and-wrinkles-2\">\n    <h3>L\u00edneas finas y arrugas <\/h3>\nLa tecnolog\u00eda avanzada de l\u00e1ser ablativo del eCO2 Plus\u2122 est\u00e1 dise\u00f1ada para alisar la piel r\u00e1pida y eficientemente, minimizando al mismo tiempo la incomodidad del paciente.<\/div><\/div>\n  <\/div>\n<\/section>\n\n<section id=\"faq-block_eac94a2eeb5beb53bab59144ab2a26c2\" class=\"faq-block u-pt-5 u-pt-9@md u-pb-5 u-pb-9@md\">\n  <div class=\"o-container\">\n\n    <h3 class=\"u-font-basic\">Preguntas frecuentes<\/h3><div class=\"c-accordion\">        <div class=\"c-accordion__item\">\n          <a href=\"#\" class=\"c-accordion__toggle\">\n            \u00bfHay tiempo de inactividad despu\u00e9s de un tratamiento con eCO2 Plus?          <\/a>\n          <div class=\"c-accordion__panel\">\n            <div class=\"c-accordion__content c-text-editor\">\n              <p>Los pacientes suelen experimentar costras durante 3 d\u00edas, enrojecimiento durante varios d\u00edas, a veces durante varias semanas, e hinchaz\u00f3n durante 2-3 d\u00edas. Se recomienda evitar la exposici\u00f3n al sol para una cicatrizaci\u00f3n \u00f3ptima. \n<\/p>\n            <\/div>\n          <\/div>\n        <\/div>\n            <div class=\"c-accordion__item\">\n          <a href=\"#\" class=\"c-accordion__toggle\">\n            \u00bfCu\u00e1ntas sesiones son necesarias para obtener resultados visibles?          <\/a>\n          <div class=\"c-accordion__panel\">\n            <div class=\"c-accordion__content c-text-editor\">\n              <p>El n\u00famero de sesiones depende de la afecci\u00f3n tratada y de los objetivos individuales. Muchos pacientes notan mejor\u00eda tras una sola sesi\u00f3n, pero pueden recomendarse varios tratamientos para problemas m\u00e1s profundos, como cicatrices o lesiones solares graves. \n<\/p>\n            <\/div>\n          <\/div>\n        <\/div>\n            <div class=\"c-accordion__item\">\n          <a href=\"#\" class=\"c-accordion__toggle\">\n            \u00bfQu\u00e9 debo esperar durante un tratamiento con eCO2 Plus?          <\/a>\n          <div class=\"c-accordion__panel\">\n            <div class=\"c-accordion__content c-text-editor\">\n              <p>Las sesiones de tratamiento son r\u00e1pidas y pueden causar alguna molestia leve, similar a una sensaci\u00f3n de hormigueo o calor. Despu\u00e9s, los pacientes suelen experimentar costras, enrojecimiento e hinchaz\u00f3n leve, que suelen remitir en unos d\u00edas. Los resultados completos pueden verse gradualmente a medida que la piel cicatriza y rejuvenece con el tiempo.  \n<\/p>\n            <\/div>\n          <\/div>\n        <\/div>\n            <div class=\"c-accordion__item\">\n          <a href=\"#\" class=\"c-accordion__toggle\">\n            \u00bfQu\u00e9 problemas cut\u00e1neos puede tratar el eCO2 Plus?          <\/a>\n          <div class=\"c-accordion__panel\">\n            <div class=\"c-accordion__content c-text-editor\">\n              <p>El eCO2 Plus\u2122 es vers\u00e1til y permite tratar una amplia gama de problemas cut\u00e1neos, como l\u00edneas de expresi\u00f3n, arrugas profundas, cicatrices de acn\u00e9, da\u00f1os solares, poros dilatados y trastornos de la pigmentaci\u00f3n. Tambi\u00e9n puede mejorar el tono y la textura de la piel y es adecuado tanto para tratamientos menores como extensivos. \n<\/p>\n            <\/div>\n          <\/div>\n        <\/div>\n            <div class=\"c-accordion__item\">\n          <a href=\"#\" class=\"c-accordion__toggle\">\n            \u00bfQu\u00e9 es el eCO2 Plus\u2122 de Cynosure Lutronic y c\u00f3mo funciona?          <\/a>\n          <div class=\"c-accordion__panel\">\n            <div class=\"c-accordion__content c-text-editor\">\n              <p>El eCO2 Plus es un avanzado l\u00e1ser de CO2 fraccionado y ablativo que utiliza la Tecnolog\u00eda de Caos Controlado (CCT) para emitir microhaces aleatorios sobre la piel. Esta tecnolog\u00eda minimiza la acumulaci\u00f3n de calor y promueve un proceso de curaci\u00f3n m\u00e1s r\u00e1pido, por lo que es ideal para tratamientos de rejuvenecimiento cut\u00e1neo, mejorando la textura de la piel y minimizando el tiempo de inactividad. \n<\/p>\n            <\/div>\n          <\/div>\n        <\/div>\n    <\/div>\n  <\/div>\n<\/section>\n","protected":false},"menu_order":0,"template":"","product_type":[],"class_list":["post-3200","product","type-product","status-publish","hentry"],"acf":[],"yoast_head":"<!-- This site is optimized with the Yoast SEO plugin v27.2 - https:\/\/yoast.com\/product\/yoast-seo-wordpress\/ -->\n<title>eCO2 Plus\u2122 Laser | Cynosure Lutronic<\/title>\n<meta name=\"description\" content=\"El l\u00e1ser eCO2 Plus\u2122 ofrece una precisi\u00f3n y versatilidad inigualables. Cl\u00ednicamente demostrado para tratar f\u00e1cilmente una gama completa de problemas de resurfacing de la piel.\" \/>\n<meta name=\"robots\" content=\"index, follow, max-snippet:-1, max-image-preview:large, max-video-preview:-1\" \/>\n<link rel=\"canonical\" href=\"https:\/\/www.cynosurelutronicemea.com\/es\/productos\/eco2\/\" \/>\n<meta property=\"og:locale\" content=\"es_ES\" \/>\n<meta property=\"og:type\" content=\"article\" \/>\n<meta property=\"og:title\" content=\"eCO2 Plus\u2122 Laser | Cynosure Lutronic\" \/>\n<meta property=\"og:description\" content=\"El l\u00e1ser eCO2 Plus\u2122 ofrece una precisi\u00f3n y versatilidad inigualables. Cl\u00ednicamente demostrado para tratar f\u00e1cilmente una gama completa de problemas de resurfacing de la piel.\" \/>\n<meta property=\"og:url\" content=\"https:\/\/www.cynosurelutronicemea.com\/es\/productos\/eco2\/\" \/>\n<meta property=\"og:site_name\" content=\"Cynosure Lutronic EMEA\" \/>\n<meta property=\"article:modified_time\" content=\"2025-01-23T09:59:43+00:00\" \/>\n<meta name=\"twitter:card\" content=\"summary_large_image\" \/>\n<script type=\"application\/ld+json\" class=\"yoast-schema-graph\">{\"@context\":\"https:\/\/schema.org\",\"@graph\":[{\"@type\":\"WebPage\",\"@id\":\"https:\/\/www.cynosurelutronicemea.com\/es\/productos\/eco2\/\",\"url\":\"https:\/\/www.cynosurelutronicemea.com\/es\/productos\/eco2\/\",\"name\":\"eCO2 Plus\u2122 Laser | Cynosure Lutronic\",\"isPartOf\":{\"@id\":\"https:\/\/www.cynosurelutronicemea.com\/es\/#website\"},\"datePublished\":\"2024-11-15T10:55:23+00:00\",\"dateModified\":\"2025-01-23T09:59:43+00:00\",\"description\":\"El l\u00e1ser eCO2 Plus\u2122 ofrece una precisi\u00f3n y versatilidad inigualables. Cl\u00ednicamente demostrado para tratar f\u00e1cilmente una gama completa de problemas de resurfacing de la piel.\",\"breadcrumb\":{\"@id\":\"https:\/\/www.cynosurelutronicemea.com\/es\/productos\/eco2\/#breadcrumb\"},\"inLanguage\":\"es\",\"potentialAction\":[{\"@type\":\"ReadAction\",\"target\":[\"https:\/\/www.cynosurelutronicemea.com\/es\/productos\/eco2\/\"]}]},{\"@type\":\"BreadcrumbList\",\"@id\":\"https:\/\/www.cynosurelutronicemea.com\/es\/productos\/eco2\/#breadcrumb\",\"itemListElement\":[{\"@type\":\"ListItem\",\"position\":1,\"name\":\"Home\",\"item\":\"https:\/\/www.cynosurelutronicemea.com\/es\/\"},{\"@type\":\"ListItem\",\"position\":2,\"name\":\"eCO2\"}]},{\"@type\":\"WebSite\",\"@id\":\"https:\/\/www.cynosurelutronicemea.com\/es\/#website\",\"url\":\"https:\/\/www.cynosurelutronicemea.com\/es\/\",\"name\":\"Cynosure Lutronic EMEA\",\"description\":\"\",\"potentialAction\":[{\"@type\":\"SearchAction\",\"target\":{\"@type\":\"EntryPoint\",\"urlTemplate\":\"https:\/\/www.cynosurelutronicemea.com\/es\/?s={search_term_string}\"},\"query-input\":{\"@type\":\"PropertyValueSpecification\",\"valueRequired\":true,\"valueName\":\"search_term_string\"}}],\"inLanguage\":\"es\"}]}<\/script>\n<!-- \/ Yoast SEO plugin. -->","yoast_head_json":{"title":"eCO2 Plus\u2122 Laser | Cynosure Lutronic","description":"El l\u00e1ser eCO2 Plus\u2122 ofrece una precisi\u00f3n y versatilidad inigualables. Cl\u00ednicamente demostrado para tratar f\u00e1cilmente una gama completa de problemas de resurfacing de la piel.","robots":{"index":"index","follow":"follow","max-snippet":"max-snippet:-1","max-image-preview":"max-image-preview:large","max-video-preview":"max-video-preview:-1"},"canonical":"https:\/\/www.cynosurelutronicemea.com\/es\/productos\/eco2\/","og_locale":"es_ES","og_type":"article","og_title":"eCO2 Plus\u2122 Laser | Cynosure Lutronic","og_description":"El l\u00e1ser eCO2 Plus\u2122 ofrece una precisi\u00f3n y versatilidad inigualables. Cl\u00ednicamente demostrado para tratar f\u00e1cilmente una gama completa de problemas de resurfacing de la piel.","og_url":"https:\/\/www.cynosurelutronicemea.com\/es\/productos\/eco2\/","og_site_name":"Cynosure Lutronic EMEA","article_modified_time":"2025-01-23T09:59:43+00:00","twitter_card":"summary_large_image","schema":{"@context":"https:\/\/schema.org","@graph":[{"@type":"WebPage","@id":"https:\/\/www.cynosurelutronicemea.com\/es\/productos\/eco2\/","url":"https:\/\/www.cynosurelutronicemea.com\/es\/productos\/eco2\/","name":"eCO2 Plus\u2122 Laser | Cynosure Lutronic","isPartOf":{"@id":"https:\/\/www.cynosurelutronicemea.com\/es\/#website"},"datePublished":"2024-11-15T10:55:23+00:00","dateModified":"2025-01-23T09:59:43+00:00","description":"El l\u00e1ser eCO2 Plus\u2122 ofrece una precisi\u00f3n y versatilidad inigualables. Cl\u00ednicamente demostrado para tratar f\u00e1cilmente una gama completa de problemas de resurfacing de la piel.","breadcrumb":{"@id":"https:\/\/www.cynosurelutronicemea.com\/es\/productos\/eco2\/#breadcrumb"},"inLanguage":"es","potentialAction":[{"@type":"ReadAction","target":["https:\/\/www.cynosurelutronicemea.com\/es\/productos\/eco2\/"]}]},{"@type":"BreadcrumbList","@id":"https:\/\/www.cynosurelutronicemea.com\/es\/productos\/eco2\/#breadcrumb","itemListElement":[{"@type":"ListItem","position":1,"name":"Home","item":"https:\/\/www.cynosurelutronicemea.com\/es\/"},{"@type":"ListItem","position":2,"name":"eCO2"}]},{"@type":"WebSite","@id":"https:\/\/www.cynosurelutronicemea.com\/es\/#website","url":"https:\/\/www.cynosurelutronicemea.com\/es\/","name":"Cynosure Lutronic EMEA","description":"","potentialAction":[{"@type":"SearchAction","target":{"@type":"EntryPoint","urlTemplate":"https:\/\/www.cynosurelutronicemea.com\/es\/?s={search_term_string}"},"query-input":{"@type":"PropertyValueSpecification","valueRequired":true,"valueName":"search_term_string"}}],"inLanguage":"es"}]}},"_links":{"self":[{"href":"https:\/\/www.cynosurelutronicemea.com\/es\/wp-json\/wp\/v2\/product\/3200","targetHints":{"allow":["GET"]}}],"collection":[{"href":"https:\/\/www.cynosurelutronicemea.com\/es\/wp-json\/wp\/v2\/product"}],"about":[{"href":"https:\/\/www.cynosurelutronicemea.com\/es\/wp-json\/wp\/v2\/types\/product"}],"version-history":[{"count":0,"href":"https:\/\/www.cynosurelutronicemea.com\/es\/wp-json\/wp\/v2\/product\/3200\/revisions"}],"wp:attachment":[{"href":"https:\/\/www.cynosurelutronicemea.com\/es\/wp-json\/wp\/v2\/media?parent=3200"}],"wp:term":[{"taxonomy":"product_type","embeddable":true,"href":"https:\/\/www.cynosurelutronicemea.com\/es\/wp-json\/wp\/v2\/product_type?post=3200"}],"curies":[{"name":"wp","href":"https:\/\/api.w.org\/{rel}","templated":true}]}}