{"id":1239,"date":"2024-11-14T16:07:39","date_gmt":"2024-11-14T16:07:39","guid":{"rendered":"https:\/\/www.cynosurelutronicemea.com\/?post_type=product&#038;p=1239"},"modified":"2025-01-06T10:26:24","modified_gmt":"2025-01-06T10:26:24","slug":"pico-plus","status":"publish","type":"product","link":"https:\/\/www.cynosurelutronicemea.com\/es\/product\/pico-plus\/","title":{"rendered":"Pico Plus"},"content":{"rendered":"\n<section id=\"hero-block_630dfab8a28b0dbece4988818c31fa45\" class=\"hero-block\">\n  <!-- <div class=\"o-container-fluid\"> -->\n  \n<div class=\"c-hero-slider-container\" style=\"position:relative;\">\n\n    \n    <div class=\"c-hero-slider js-hero-slider\" >\n                <div class=\"c-hero-slider__item\">\n                    <section class=\"c-hero-slider__content u-text-black u-text-center\" style=\"background-image: url('https:\/\/www.cynosurelutronicemea.com\/wp-content\/uploads\/sites\/15\/2024\/11\/Mobile-Banners3.jpg'), url('https:\/\/www.cynosurelutronicemea.com\/wp-content\/uploads\/sites\/15\/2024\/11\/Banners-Website-PicoPlus-19.jpg');\">\n                        <div class=\"o-container\">\n                            <div class=\"o-row\">\n                                <div class=\"o-col-8@md o-col-7@lg o-col-6@xl u-mx-auto\">\n                                    <h1 class=\"c-hero-slider__title\">PICOPLUS <\/h1>\n                                    <div class=\"c-hero-slider__text\">\n                                        <p>Enjoy the Highest Power of Any Multi-Wavelength Picosecond Laser <\/p>\n                                    <\/div>\n                                                                            <a href=\"#gform_popup_8\" class=\"c-button c-button--orange js-open-content-popup\">Request Information<\/a>                                                                    <\/div>\n                            <\/div>\n                        <\/div>\n                    <\/section>\n                <\/div>\n\n            <\/div><\/div>  <!-- <\/div> -->\n<\/section>\n\n\n\n<section id=\"content-block_f82c8dd032108b6218b02373ca6a134f\" class=\"content-block u-pt-5 u-pt-9@md u-pb-5 u-pb-9@md\">\n    <div class=\"o-container-fluid\">\n\n    \n<div class=\"o-row\">\n        <div class=\"o-col-12 u-text-center\">\n              <h2 class=\"c-heading c-heading--secondary u-h3 u-h1@sm u-uppercase u-mb-3@sm\">The next generation of picosecond lasers.\u00a0<\/h2>\n                    <div class=\"c-text-editor\">\n          <p><span data-contrast=\"none\">The power and versatility needed for advanced treatments.\u00a0<\/span><span data-ccp-props=\"{&quot;201341983&quot;:0,&quot;335559740&quot;:240}\">\u00a0<\/span><span data-contrast=\"none\">The power is in the pulse.\u00a0<\/span><span data-ccp-props=\"{&quot;201341983&quot;:0,&quot;335559740&quot;:240}\">\u00a0<\/span><\/p>\n<p><span data-contrast=\"none\">PicoPlus is the next-generation, top-of-the-line series of <\/span><span data-contrast=\"none\">Picosecond <\/span><span data-contrast=\"none\">Nd:YAG laser devices, developed over 15 years, the PicoPlus is revolutionising the treatments for melasma, pigmentation, tattoos, scars and skin rejuvenation.\u00a0<\/span><span data-ccp-props=\"{&quot;201341983&quot;:0,&quot;335559740&quot;:240}\">\u00a0<\/span><\/p>\n<p><span data-contrast=\"none\">Offering four unique wavelengths (532 nm, 595 nm, 660 nm, and 1064 nm), its versatility is why the PicoPlus is used by doctors the world over.\u00a0<\/span><\/p>\n        <\/div>\n                <\/div>\n      <\/div>\n\n  <\/div>\n<\/section>\n\n\n\n<section id=\"before-after-block_5a5185da1c40943ce51b85917f274fdf\" class=\"before-after-block\">\n  <div class=\"o-container-fluid\">\n    <div class=\"o-row\">\n      <div class=\"o-col-12\">\n        <div class=\"eb-c-comparison-slider\">\n          <div class=\"eb-js-comparison-slider\">              <div>\n                <div class=\"c-compare-slider twentytwenty-container\">\n                  <img decoding=\"async\" src=\"https:\/\/www.cynosurelutronicemea.com\/wp-content\/uploads\/sites\/15\/2024\/11\/PicoPlus_FRivera_Pigment_pt4B.jpg\" alt=\"picoplus_frivera_pigment_pt4b-2\">\n                  <img decoding=\"async\" src=\"https:\/\/www.cynosurelutronicemea.com\/wp-content\/uploads\/sites\/15\/2024\/11\/PicoPlus_FRivera_Pigment_pt4A.jpg\" alt=\"picoplus_frivera_pigment_pt4a-2\">\n                <\/div>\n                <div class=\"eb-c-comparison-slider__content\">\n                  <div class=\"o-row\">\n                    <div class=\"o-col-8@lg o-col-6@xl o-offset-1@lg\">\n                      <h3 class=\"eb-c-comparison-slider__heading\">Antes y despu\u00e9s de 4 tratamientos<\/h3>\n                      <div class=\"eb-c-comparison-slider__description\">\n                        <p>Cortes\u00eda de Fabian Perez Rivera, MD<\/p>\n                      <\/div>\n                    <\/div>\n                  <\/div>\n                <\/div>\n              <\/div>\n                        <div>\n                <div class=\"c-compare-slider twentytwenty-container\">\n                  <img decoding=\"async\" src=\"https:\/\/www.cynosurelutronicemea.com\/wp-content\/uploads\/sites\/15\/2024\/11\/PicoPlus_GS-Lee_Pigment_Pt2B.jpg\" alt=\"picoplus_gs-lee_pigment_pt2b-2\">\n                  <img decoding=\"async\" src=\"https:\/\/www.cynosurelutronicemea.com\/wp-content\/uploads\/sites\/15\/2024\/11\/PicoPlus_GS-Lee_Pigment_Pt2A.jpg\" alt=\"picoplus_gs-lee_pigment_pt2a-2\">\n                <\/div>\n                <div class=\"eb-c-comparison-slider__content\">\n                  <div class=\"o-row\">\n                    <div class=\"o-col-8@lg o-col-6@xl o-offset-1@lg\">\n                      <h3 class=\"eb-c-comparison-slider__heading\">Antes y despu\u00e9s de 2 tratamientos<\/h3>\n                      <div class=\"eb-c-comparison-slider__description\">\n                        <p>Cortes\u00eda de GS Lee<\/p>\n                      <\/div>\n                    <\/div>\n                  <\/div>\n                <\/div>\n              <\/div>\n                        <div>\n                <div class=\"c-compare-slider twentytwenty-container\">\n                  <img decoding=\"async\" src=\"https:\/\/www.cynosurelutronicemea.com\/wp-content\/uploads\/sites\/15\/2024\/11\/PicoPlus_Hont_tattooB.jpg\" alt=\"picoplus_hont_tattoob-2\">\n                  <img decoding=\"async\" src=\"https:\/\/www.cynosurelutronicemea.com\/wp-content\/uploads\/sites\/15\/2024\/11\/PicoPlus_Hont_tattooA.jpg\" alt=\"picoplus_hont_tattooa-2\">\n                <\/div>\n                <div class=\"eb-c-comparison-slider__content\">\n                  <div class=\"o-row\">\n                    <div class=\"o-col-8@lg o-col-6@xl o-offset-1@lg\">\n                      <h3 class=\"eb-c-comparison-slider__heading\"><\/h3>\n                      <div class=\"eb-c-comparison-slider__description\">\n                        <p>Cortes\u00eda de Dr Hont, MD<\/p>\n                      <\/div>\n                    <\/div>\n                  <\/div>\n                <\/div>\n              <\/div>\n                        <div>\n                <div class=\"c-compare-slider twentytwenty-container\">\n                  <img decoding=\"async\" src=\"https:\/\/www.cynosurelutronicemea.com\/wp-content\/uploads\/sites\/15\/2024\/11\/PicoPlus_SB-Cho_Pigment_Pt1B.png\" alt=\"picoplus_sb-cho_pigment_pt1b-2\">\n                  <img decoding=\"async\" src=\"https:\/\/www.cynosurelutronicemea.com\/wp-content\/uploads\/sites\/15\/2024\/11\/PicoPlus_SB-Cho_Pigment_Pt1A.jpg\" alt=\"picoplus_sb-cho_pigment_pt1a-2\">\n                <\/div>\n                <div class=\"eb-c-comparison-slider__content\">\n                  <div class=\"o-row\">\n                    <div class=\"o-col-8@lg o-col-6@xl o-offset-1@lg\">\n                      <h3 class=\"eb-c-comparison-slider__heading\">Antes y despu\u00e9s de 1 tratamiento<\/h3>\n                      <div class=\"eb-c-comparison-slider__description\">\n                        <p>Cortes\u00eda de S.B Cho MD<\/p>\n                      <\/div>\n                    <\/div>\n                  <\/div>\n                <\/div>\n              <\/div>\n          <\/div>          <div class=\"eb-c-comparison-slider__thumbs\"><div class=\"o-row\"><div class=\"o-col-10@lg u-mx-auto\"><div class=\"eb-js-comparison-slider-thumbs\">              <div>\n                <img decoding=\"async\" src=\"https:\/\/www.cynosurelutronicemea.com\/wp-content\/uploads\/sites\/15\/2024\/11\/PicoPlus_FRivera_Pigment_pt4B-150x150.jpg\" class=\"eb-c-comparison-slider__thumb\" alt=\"picoplus_frivera_pigment_pt4b-2\">\n              <\/div>\n                        <div>\n                <img decoding=\"async\" src=\"https:\/\/www.cynosurelutronicemea.com\/wp-content\/uploads\/sites\/15\/2024\/11\/PicoPlus_GS-Lee_Pigment_Pt2B-150x150.jpg\" class=\"eb-c-comparison-slider__thumb\" alt=\"picoplus_gs-lee_pigment_pt2b-2\">\n              <\/div>\n                        <div>\n                <img decoding=\"async\" src=\"https:\/\/www.cynosurelutronicemea.com\/wp-content\/uploads\/sites\/15\/2024\/11\/PicoPlus_Hont_tattooB-150x150.jpg\" class=\"eb-c-comparison-slider__thumb\" alt=\"picoplus_hont_tattoob-2\">\n              <\/div>\n                        <div>\n                <img decoding=\"async\" src=\"https:\/\/www.cynosurelutronicemea.com\/wp-content\/uploads\/sites\/15\/2024\/11\/PicoPlus_SB-Cho_Pigment_Pt1B-150x150.png\" class=\"eb-c-comparison-slider__thumb\" alt=\"picoplus_sb-cho_pigment_pt1b-2\">\n              <\/div>\n          <\/div><\/div><\/div><\/div>        <\/div>\n      <\/div>\n    <\/div>\n  <\/div>\n<\/section>\n\n\n\n<section id=\"content-block_d6a2aacd903d0a1ab1fcc64b58a5a68d\" class=\"content-block u-pt-5 u-pt-9@md u-pb-5 u-pb-9@md u-bg-tertriary-gray-100\">\n    <div class=\"o-container-fluid\">\n\n    \n<div class=\"o-row\">\n        <div class=\"o-col-12 u-text-center\">\n                    <div class=\"c-text-editor\">\n          <p style=\"text-align: center;\">Equip your practice with the highest-quality aesthetics machines in the world.<\/p>\n        <\/div>\n            <a href=\"#gform_popup_8\" class=\"u-mt-3 u-mr-1 c-button c-button--xl c-button--orange js-open-content-popup\">Request Demo<\/a>    <\/div>\n      <\/div>\n\n  <\/div>\n<\/section>\n\n\n\n<section id=\"content-block_dac85c4254541ae563888295d922c332\" class=\"content-block u-pt-5 u-pt-9@md u-pb-5 u-pb-9@md\">\n    <div class=\"o-container\">\n\n    \n<div class=\"o-row\">\n          <div class=\"o-col-12\">\n              <div class=\"o-row\">\n          <div class=\"o-col-6@md\">\n            <h2 class=\"c-heading c-heading--secondary u-h3 u-h1@sm u-uppercase u-mb-3@sm\">The benefits of the Pico Plus<\/h2>\n          <\/div>\n        <\/div>\n            <div class=\"o-row\">\n                  <div class=\"o-col-6@md\">\n            <div class=\"c-text-editor\">\n              <p><span data-contrast=\"none\"><strong>Intuitive<\/strong> &#8211; Designed for the busy user, the system is a dream to use. Instantly switch between wavelengths and pulse durations without the need for recalibration.<\/span><span data-ccp-props=\"{&quot;201341983&quot;:0,&quot;335559740&quot;:240}\">\u00a0<\/span><\/p>\n<p><span data-contrast=\"none\"><strong>Innovative<\/strong> \u2013 <\/span><span data-contrast=\"auto\">The dual-focused dots handpiece features an adjustable depth micro-beam scanner for procedures.<\/span><span data-ccp-props=\"{&quot;201341983&quot;:0,&quot;335559740&quot;:240}\">\u00a0<\/span><\/p>\n<p><span data-contrast=\"none\"><strong>Effective<\/strong> &#8211; With four wavelengths: 532 nm, 595 nm, 660 nm, and 1064 nm, the PicoPlus has the versatility to treat even the most difficult cases.<\/span><span data-ccp-props=\"{&quot;201341983&quot;:0,&quot;335559740&quot;:240}\">\u00a0<\/span><\/p>\n<p><span data-contrast=\"none\"><strong>Dependable<\/strong> &#8211; Physicians around the world rely on PicoPlus to deliver optimal outcomes. The PicoPlus self-calibrates to maximise uptime.<\/span><span data-ccp-props=\"{&quot;201341983&quot;:0,&quot;335559740&quot;:240}\">\u00a0<\/span><\/p>\n            <\/div>\n          <\/div>\n                          <div class=\"o-col-6@md\">\n            <script src=\"https:\/\/fast.wistia.com\/embed\/medias\/w5fo6bhjhl.jsonp\" async><\/script><script src=\"https:\/\/fast.wistia.com\/assets\/external\/E-v1.js\" async><\/script>\n<div class=\"wistia_responsive_padding\" style=\"padding:56.25% 0 0 0;position:relative;\">\n<div class=\"wistia_responsive_wrapper\" style=\"height:100%;left:0;position:absolute;top:0;width:100%;\">\n<div class=\"wistia_embed wistia_async_w5fo6bhjhl seo=true videoFoam=true\" style=\"height:100%;position:relative;width:100%\">\n<div class=\"wistia_swatch\" style=\"height:100%;left:0;opacity:0;overflow:hidden;position:absolute;top:0;transition:opacity 200ms;width:100%;\"><img decoding=\"async\" src=\"https:\/\/fast.wistia.com\/embed\/medias\/w5fo6bhjhl\/swatch\" style=\"filter:blur(5px);height:100%;object-fit:contain;width:100%;\" alt=\"\" aria-hidden=\"true\" onload=\"this.parentNode.style.opacity=1;\" \/><\/div>\n<\/div>\n<\/div>\n<\/div>\n            <a href=\"#gform_popup_10\" class=\"u-mt-3 u-mr-1 c-button c-button--xl c-button--transparent-orange js-open-content-popup\">Request Brochure<\/a>          <\/div>\n              <\/div>\n    <\/div>\n    <\/div>\n\n  <\/div>\n<\/section>\n\n\n<div class=\"o-container\">\n  <div class=\"o-row\">\n    <div class=\"o-col-12\">\n      <hr class=\"c-divider u-text-tertriary-gray-gray-400\">\n    <\/div>\n  <\/div>\n<\/div>\n\n\n\n<section id=\"cta-columns-block_67071e971bb1b4377e9bad9e3222f717\" class=\"cta-columns-block u-pt-5 u-pt-9@md u-pb-5 u-pb-9@md c-text-editor\">\n    <div class=\"o-container\">\n\n    <div class=\"u-text-center u-pb-5\"><h2 class=\"u-mb-1\">What can the PicoPlus treat? <\/h2><p><\/p><\/div><div class=\"o-stack-4@xl js-cta-columns-slider\"><div class=\"u-mb-gutter u-px-1\">          <img decoding=\"async\" src=\"https:\/\/www.cynosurelutronicemea.com\/wp-content\/uploads\/sites\/15\/2024\/11\/Tattoo-removal-Icon.jpg\" srcset=\"\" sizes=\"(max-width: cynosure-small) 100vw, cynosure-small\" alt=\"tattoo-removal-icon-2\">\n    <h3>Tattoo removal<\/h3> \r\nAt least twice as fast and more effective for tattoo removal compared to conventional Q-switch lasers. <\/div><div class=\"u-mb-gutter u-px-1\">          <img decoding=\"async\" src=\"https:\/\/www.cynosurelutronicemea.com\/wp-content\/uploads\/sites\/15\/2024\/11\/pigmentation.jpg\" srcset=\"\" sizes=\"(max-width: cynosure-small) 100vw, cynosure-small\" alt=\"pigmentation-2\">\n    <h3>Pigmentation <\/h3>\r\nPicoPlus is an ideal device to treat and remove\u202frecalcitrant pigmentation, clearing unwanted pigment painlessly and effectively.\u202f<\/div><div class=\"u-mb-gutter u-px-1\">          <img decoding=\"async\" src=\"https:\/\/www.cynosurelutronicemea.com\/wp-content\/uploads\/sites\/15\/2024\/11\/melasma.jpg\" srcset=\"\" sizes=\"(max-width: cynosure-small) 100vw, cynosure-small\" alt=\"melasma-2\">\n    <h3> Melasma <\/h3>The PicoSure\u2019s adjustable wavelength allows it to treat all phototypes, penetrating deeply enough to reach the dermal pigmentary component of melasma.\u202f <\/div><div class=\"u-mb-gutter u-px-1\">          <img decoding=\"async\" src=\"https:\/\/www.cynosurelutronicemea.com\/wp-content\/uploads\/sites\/15\/2024\/11\/skin-revitalisation.jpg\" srcset=\"\" sizes=\"(max-width: cynosure-small) 100vw, cynosure-small\" alt=\"skin-revitalisation-2\">\n    <h3>Skin revitalisation <\/h3>\r\nSkin revitalisation with no downtime. The PicoPlus helps to provide healthier looking skin, more radiant complexion, improved skin texture and tone. <\/div><div class=\"u-mb-gutter u-px-1\">          <img decoding=\"async\" src=\"https:\/\/www.cynosurelutronicemea.com\/wp-content\/uploads\/sites\/15\/2024\/11\/Fine-lines-and-wrinkles.jpg\" srcset=\"\" sizes=\"(max-width: cynosure-small) 100vw, cynosure-small\" alt=\"fine-lines-and-wrinkles-2\">\n    <h3>Fine lines &#038; wrinkles <\/h3>\r\nReduce the appearance of fine lines and wrinkles using the PicoPlus\u2019s advanced laser technology.\u202f <\/div><\/div>\n  <\/div>\n<\/section>\n\n\n\n<section id=\"faq-block_94448c343e19a66352e0a5808d67e386\" class=\"faq-block u-pt-5 u-pt-9@md u-pb-5 u-pb-9@md\">\n  <div class=\"o-container\">\n\n    <h3 class=\"u-font-basic\">FAQs<\/h3><div class=\"c-accordion\">        <div class=\"c-accordion__item\">\n          <a href=\"#\" class=\"c-accordion__toggle\">\n            \u00bfCu\u00e1l es el tiempo de recuperaci\u00f3n despu\u00e9s de un tratamiento PicoPlus?           <\/a>\n          <div class=\"c-accordion__panel\">\n            <div class=\"c-accordion__content c-text-editor\">\n              <p>Los tratamientos PicoPlus suelen tener un tiempo de inactividad m\u00ednimo. Puede producirse enrojecimiento o hinchaz\u00f3n leve, que suelen desaparecer en unas horas o un par de d\u00edas. Los pacientes generalmente pueden reanudar sus actividades normales inmediatamente despu\u00e9s del tratamiento, aunque se recomienda evitar la exposici\u00f3n al sol y aplicar protector solar en las zonas tratadas para obtener resultados \u00f3ptimos.   <\/p>\n            <\/div>\n          <\/div>\n        <\/div>\n            <div class=\"c-accordion__item\">\n          <a href=\"#\" class=\"c-accordion__toggle\">\n            \u00bfCu\u00e1ntos tratamientos necesitar\u00e9 para ver resultados?           <\/a>\n          <div class=\"c-accordion__panel\">\n            <div class=\"c-accordion__content c-text-editor\">\n              <p>El n\u00famero de tratamientos necesarios depende de la afecci\u00f3n espec\u00edfica y del resultado deseado. Para la eliminaci\u00f3n de tatuajes, pueden ser necesarias varias sesiones (a menudo 4-6), mientras que los tratamientos de rejuvenecimiento de la piel pueden mostrar resultados en 2-3 sesiones. Se le recomendar\u00e1 un plan de tratamiento personalizado en funci\u00f3n de sus objetivos y de las necesidades de su piel.   <\/p>\n            <\/div>\n          <\/div>\n        <\/div>\n            <div class=\"c-accordion__item\">\n          <a href=\"#\" class=\"c-accordion__toggle\">\n            \u00bfEl l\u00e1ser PicoPlus es seguro para todos los tipos de piel?           <\/a>\n          <div class=\"c-accordion__panel\">\n            <div class=\"c-accordion__content c-text-editor\">\n              <p>S\u00ed, PicoPlus es generalmente seguro para la mayor\u00eda de los tipos de piel, incluidos los tonos de piel m\u00e1s oscuros. Su tecnolog\u00eda de picosegundos minimiza el riesgo de hiperpigmentaci\u00f3n y cicatrices. No obstante, se recomienda consultar a un profesional cualificado para confirmar la idoneidad en funci\u00f3n de las caracter\u00edsticas de cada piel.   <\/p>\n            <\/div>\n          <\/div>\n        <\/div>\n            <div class=\"c-accordion__item\">\n          <a href=\"#\" class=\"c-accordion__toggle\">\n            \u00bfQu\u00e9 afecciones cut\u00e1neas pueden tratarse con PicoPlus?           <\/a>\n          <div class=\"c-accordion__panel\">\n            <div class=\"c-accordion__content c-text-editor\">\n              <p>PicoPlus es eficaz para tratar diversas afecciones cut\u00e1neas, como cicatrices de acn\u00e9, melasma, manchas solares, l\u00edneas finas y arrugas. Tambi\u00e9n se utiliza habitualmente para la eliminaci\u00f3n de tatuajes y el rejuvenecimiento general de la piel para mejorar su tono y textura. <\/p>\n            <\/div>\n          <\/div>\n        <\/div>\n            <div class=\"c-accordion__item\">\n          <a href=\"#\" class=\"c-accordion__toggle\">\n            \u00bfQu\u00e9 es el PicoPlus y c\u00f3mo funciona?           <\/a>\n          <div class=\"c-accordion__panel\">\n            <div class=\"c-accordion__content c-text-editor\">\n              <p>PicoPlus es un avanzado l\u00e1ser de picosegundos que act\u00faa sobre problemas de la piel como la pigmentaci\u00f3n, las cicatrices del acn\u00e9 y los tatuajes no deseados. Funciona mediante la entrega de pulsos ultracortos de energ\u00eda en picosegundos, que descomponen los pigmentos y estimulan la producci\u00f3n de col\u00e1geno al tiempo que causan un da\u00f1o m\u00ednimo al tejido circundante.  <\/p>\n            <\/div>\n          <\/div>\n        <\/div>\n    <\/div>\n  <\/div>\n<\/section>\n","protected":false},"menu_order":0,"template":"","product_type":[],"class_list":["post-1239","product","type-product","status-publish","hentry"],"acf":[],"yoast_head":"<!-- This site is optimized with the Yoast SEO plugin v27.3 - https:\/\/yoast.com\/product\/yoast-seo-wordpress\/ -->\n<title>Pico Plus - Cynosure Lutronic EMEA PicoPlus Laser | Cynosure Lutronic<\/title>\n<meta name=\"description\" content=\"PicoPlus laser \u2013 the highest power of any multi-wavelength picosecond laser. Provide smooth, pigment-free skin quickly, safely and effectively.\u202f\" \/>\n<meta name=\"robots\" content=\"index, follow, max-snippet:-1, max-image-preview:large, max-video-preview:-1\" \/>\n<link rel=\"canonical\" href=\"https:\/\/www.cynosurelutronicemea.com\/es\/product\/pico-plus\/\" \/>\n<meta property=\"og:locale\" content=\"es_ES\" \/>\n<meta property=\"og:type\" content=\"article\" \/>\n<meta property=\"og:title\" content=\"Pico Plus - Cynosure Lutronic EMEA PicoPlus Laser | Cynosure Lutronic\" \/>\n<meta property=\"og:description\" content=\"PicoPlus laser \u2013 the highest power of any multi-wavelength picosecond laser. Provide smooth, pigment-free skin quickly, safely and effectively.\u202f\" \/>\n<meta property=\"og:url\" content=\"https:\/\/www.cynosurelutronicemea.com\/es\/product\/pico-plus\/\" \/>\n<meta property=\"og:site_name\" content=\"Cynosure Lutronic EMEA\" \/>\n<meta property=\"article:modified_time\" content=\"2025-01-06T10:26:24+00:00\" \/>\n<meta name=\"twitter:card\" content=\"summary_large_image\" \/>\n<script type=\"application\/ld+json\" class=\"yoast-schema-graph\">{\"@context\":\"https:\\\/\\\/schema.org\",\"@graph\":[{\"@type\":\"WebPage\",\"@id\":\"https:\\\/\\\/www.cynosurelutronicemea.com\\\/es\\\/product\\\/pico-plus\\\/\",\"url\":\"https:\\\/\\\/www.cynosurelutronicemea.com\\\/es\\\/product\\\/pico-plus\\\/\",\"name\":\"Pico Plus - Cynosure Lutronic EMEA PicoPlus Laser | Cynosure Lutronic\",\"isPartOf\":{\"@id\":\"https:\\\/\\\/www.cynosurelutronicemea.com\\\/es\\\/#website\"},\"datePublished\":\"2024-11-14T16:07:39+00:00\",\"dateModified\":\"2025-01-06T10:26:24+00:00\",\"description\":\"PicoPlus laser \u2013 the highest power of any multi-wavelength picosecond laser. Provide smooth, pigment-free skin quickly, safely and effectively.\u202f\",\"breadcrumb\":{\"@id\":\"https:\\\/\\\/www.cynosurelutronicemea.com\\\/es\\\/product\\\/pico-plus\\\/#breadcrumb\"},\"inLanguage\":\"es\",\"potentialAction\":[{\"@type\":\"ReadAction\",\"target\":[\"https:\\\/\\\/www.cynosurelutronicemea.com\\\/es\\\/product\\\/pico-plus\\\/\"]}]},{\"@type\":\"BreadcrumbList\",\"@id\":\"https:\\\/\\\/www.cynosurelutronicemea.com\\\/es\\\/product\\\/pico-plus\\\/#breadcrumb\",\"itemListElement\":[{\"@type\":\"ListItem\",\"position\":1,\"name\":\"Home\",\"item\":\"https:\\\/\\\/www.cynosurelutronicemea.com\\\/es\\\/\"},{\"@type\":\"ListItem\",\"position\":2,\"name\":\"Pico Plus\"}]},{\"@type\":\"WebSite\",\"@id\":\"https:\\\/\\\/www.cynosurelutronicemea.com\\\/es\\\/#website\",\"url\":\"https:\\\/\\\/www.cynosurelutronicemea.com\\\/es\\\/\",\"name\":\"Cynosure Lutronic EMEA\",\"description\":\"\",\"potentialAction\":[{\"@type\":\"SearchAction\",\"target\":{\"@type\":\"EntryPoint\",\"urlTemplate\":\"https:\\\/\\\/www.cynosurelutronicemea.com\\\/es\\\/?s={search_term_string}\"},\"query-input\":{\"@type\":\"PropertyValueSpecification\",\"valueRequired\":true,\"valueName\":\"search_term_string\"}}],\"inLanguage\":\"es\"}]}<\/script>\n<!-- \/ Yoast SEO plugin. -->","yoast_head_json":{"title":"Pico Plus - Cynosure Lutronic EMEA PicoPlus Laser | Cynosure Lutronic","description":"PicoPlus laser \u2013 the highest power of any multi-wavelength picosecond laser. Provide smooth, pigment-free skin quickly, safely and effectively.\u202f","robots":{"index":"index","follow":"follow","max-snippet":"max-snippet:-1","max-image-preview":"max-image-preview:large","max-video-preview":"max-video-preview:-1"},"canonical":"https:\/\/www.cynosurelutronicemea.com\/es\/product\/pico-plus\/","og_locale":"es_ES","og_type":"article","og_title":"Pico Plus - Cynosure Lutronic EMEA PicoPlus Laser | Cynosure Lutronic","og_description":"PicoPlus laser \u2013 the highest power of any multi-wavelength picosecond laser. Provide smooth, pigment-free skin quickly, safely and effectively.\u202f","og_url":"https:\/\/www.cynosurelutronicemea.com\/es\/product\/pico-plus\/","og_site_name":"Cynosure Lutronic EMEA","article_modified_time":"2025-01-06T10:26:24+00:00","twitter_card":"summary_large_image","schema":{"@context":"https:\/\/schema.org","@graph":[{"@type":"WebPage","@id":"https:\/\/www.cynosurelutronicemea.com\/es\/product\/pico-plus\/","url":"https:\/\/www.cynosurelutronicemea.com\/es\/product\/pico-plus\/","name":"Pico Plus - Cynosure Lutronic EMEA PicoPlus Laser | Cynosure Lutronic","isPartOf":{"@id":"https:\/\/www.cynosurelutronicemea.com\/es\/#website"},"datePublished":"2024-11-14T16:07:39+00:00","dateModified":"2025-01-06T10:26:24+00:00","description":"PicoPlus laser \u2013 the highest power of any multi-wavelength picosecond laser. Provide smooth, pigment-free skin quickly, safely and effectively.\u202f","breadcrumb":{"@id":"https:\/\/www.cynosurelutronicemea.com\/es\/product\/pico-plus\/#breadcrumb"},"inLanguage":"es","potentialAction":[{"@type":"ReadAction","target":["https:\/\/www.cynosurelutronicemea.com\/es\/product\/pico-plus\/"]}]},{"@type":"BreadcrumbList","@id":"https:\/\/www.cynosurelutronicemea.com\/es\/product\/pico-plus\/#breadcrumb","itemListElement":[{"@type":"ListItem","position":1,"name":"Home","item":"https:\/\/www.cynosurelutronicemea.com\/es\/"},{"@type":"ListItem","position":2,"name":"Pico Plus"}]},{"@type":"WebSite","@id":"https:\/\/www.cynosurelutronicemea.com\/es\/#website","url":"https:\/\/www.cynosurelutronicemea.com\/es\/","name":"Cynosure Lutronic EMEA","description":"","potentialAction":[{"@type":"SearchAction","target":{"@type":"EntryPoint","urlTemplate":"https:\/\/www.cynosurelutronicemea.com\/es\/?s={search_term_string}"},"query-input":{"@type":"PropertyValueSpecification","valueRequired":true,"valueName":"search_term_string"}}],"inLanguage":"es"}]}},"_links":{"self":[{"href":"https:\/\/www.cynosurelutronicemea.com\/es\/wp-json\/wp\/v2\/product\/1239","targetHints":{"allow":["GET"]}}],"collection":[{"href":"https:\/\/www.cynosurelutronicemea.com\/es\/wp-json\/wp\/v2\/product"}],"about":[{"href":"https:\/\/www.cynosurelutronicemea.com\/es\/wp-json\/wp\/v2\/types\/product"}],"version-history":[{"count":0,"href":"https:\/\/www.cynosurelutronicemea.com\/es\/wp-json\/wp\/v2\/product\/1239\/revisions"}],"wp:attachment":[{"href":"https:\/\/www.cynosurelutronicemea.com\/es\/wp-json\/wp\/v2\/media?parent=1239"}],"wp:term":[{"taxonomy":"product_type","embeddable":true,"href":"https:\/\/www.cynosurelutronicemea.com\/es\/wp-json\/wp\/v2\/product_type?post=1239"}],"curies":[{"name":"wp","href":"https:\/\/api.w.org\/{rel}","templated":true}]}}