{"id":6752,"date":"2026-01-05T16:21:17","date_gmt":"2026-01-05T16:21:17","guid":{"rendered":"https:\/\/www.cynosurelutronicemea.com\/ampollas-lasemd-ultra\/"},"modified":"2026-01-12T15:19:17","modified_gmt":"2026-01-12T15:19:17","slug":"ampollas-lasemd-ultra","status":"publish","type":"page","link":"https:\/\/www.cynosurelutronicemea.com\/es\/ampollas-lasemd-ultra\/","title":{"rendered":"Ampollas LaseMD Ultra"},"content":{"rendered":"\n<section id=\"hero-block_fd4fb03d9c3ddf700f7a2ca946bcfe1c\" class=\"hero-block u-pb-5 u-pb-9@md\">\n  <!-- <div class=\"o-container\"> -->\n  \n<div class=\"c-hero-slider-container\" style=\"position:relative;\">\n\n    \n    <div class=\"c-hero-slider js-hero-slider\" >\n                <div class=\"c-hero-slider__item\">\n                    <section class=\"c-hero-slider__content u-text-black\" style=\"background-image: url('https:\/\/www.cynosurelutronicemea.com\/wp-content\/uploads\/sites\/15\/2026\/01\/Ultra_Ampoules_webbanner.jpg'), url('https:\/\/www.cynosurelutronicemea.com\/wp-content\/uploads\/sites\/15\/2026\/01\/Ultra_Ampoules_webbanner.jpg');\">\n                        <div class=\"o-container\">\n                            <div class=\"o-row\">\n                                <div class=\"o-col-8@md o-col-7@lg o-col-6@xl\">\n                                    <h1 class=\"c-hero-slider__title\">Ampollas LaseMD Ultra <\/h1>\n                                    <div class=\"c-hero-slider__text\">\n                                        <p><h3>C\u00f3mo LaseMD Ultra ayuda a aumentar la absorci\u00f3n de productos t\u00f3picos<\/h3> LaseMD Ultra crea microcanales diminutos y deshidratados en la piel para potenciar la absorci\u00f3n de principios activos espec\u00edficos. Estos canales aumentan la captaci\u00f3n de las Ampollas LaseMD, que utilizan ingredientes puros formulados en nanopart\u00edculas para favorecer la absorci\u00f3n y la revitalizaci\u00f3n de la piel. La selecci\u00f3n de la ampolla y de las mascarillas postratamiento puede personalizarse seg\u00fan cada paciente. Descubre cada una de las ampollas a continuaci\u00f3n.   <\/p>\n                                    <\/div>\n                                                                                                                                                <\/div>\n                            <\/div>\n                        <\/div>\n                    <\/section>\n                <\/div>\n\n            <\/div><\/div>  <!-- <\/div> -->\n<\/section>\n\n<section id=\"content-block_29726dd951f68dcb6465f1831a543bab\" class=\"content-block u-pb-5 u-pb-9@md\">\n    <div class=\"o-container\">\n\n    \n<div class=\"o-row\">\n        <div class=\"o-col-12 u-text-center\">\n              <h2 class=\"c-heading c-heading--secondary u-h3 u-h1@sm u-uppercase u-mb-3@sm\">Sobre las Ampollas LaseMD Ultra<\/h2>\n                    <div class=\"c-text-editor\">\n          <p><span class=\"TextRun SCXW168110368 BCX0\" lang=\"EN-GB\" data-contrast=\"auto\" xml:lang=\"EN-GB\"><span class=\"NormalTextRun SpellingErrorV2Themed SCXW168110368 BCX0\">LaseMD<\/span> <span class=\"NormalTextRun SCXW168110368 BCX0\">Ultra crea microcanales diminutos y deshidratados en la piel para potenciar la absorci\u00f3n de principios<\/span> activos espec\u00edficos<span class=\"NormalTextRun SCXW168110368 BCX0\">. <\/span><span class=\"NormalTextRun SCXW168110368 BCX0\">Estos canales aumentan la absorci\u00f3n <\/span>de<span class=\"NormalTextRun SpellingErrorV2Themed SCXW168110368 BCX0\"> las Ampollas<\/span><span class=\"NormalTextRun SCXW168110368 BCX0\"> , que utilizan ingredientes puros formulados en nanopart\u00edculas para favorecer la absorci\u00f3n y la revitalizaci\u00f3n de la piel. La elecci\u00f3n de la ampolla y de las mascarillas postratamiento puede adaptarse a cada paciente. <\/span><\/span><span class=\"EOP SCXW168110368 BCX0\" data-ccp-props=\"{}\"> <\/span><\/p>\n        <\/div>\n                <\/div>\n      <\/div>\n\n  <\/div>\n<\/section>\n\n<section id=\"content-block_0871a327e40195b7faf9c21e98aa0849\" class=\"content-block\">\n    <div class=\"o-container\">\n\n    \n<div class=\"o-row\">\n        <div class=\"o-col-12 u-text-center\">\n              <h2 class=\"c-heading c-heading--secondary u-h3 u-h1@sm u-uppercase u-mb-3@sm\"><h2>Ampolla VA (Vitamin A \/ Retinol) <\/h2><\/h2>\n                      <\/div>\n      <\/div>\n\n  <\/div>\n<\/section>\n\n<section id=\"faq-block_be848d99db0ffea29f548fbc7f1493dc\" class=\"faq-block u-pb-5 u-pb-9@md\">\n  <div class=\"o-container\">\n\n    <div class=\"c-accordion\">        <div class=\"c-accordion__item\">\n          <a href=\"#\" class=\"c-accordion__toggle\">\n            \u00bfQu\u00e9 hace?          <\/a>\n          <div class=\"c-accordion__panel\">\n            <div class=\"c-accordion__content c-text-editor\">\n              <p>La ampolla VA est\u00e1 recomendada para el antienvejecimiento y el tratamiento del acn\u00e9 activo. La vitamina A estimula la producci\u00f3n de col\u00e1geno, elastina y \u00e1cido hialur\u00f3nico natural. Favorece la regeneraci\u00f3n de c\u00e9lulas epid\u00e9rmicas sanas y maduras y aporta una acci\u00f3n queratol\u00edtica adecuada para la piel con tendencia acneica.  <\/p>\n            <\/div>\n          <\/div>\n        <\/div>\n            <div class=\"c-accordion__item\">\n          <a href=\"#\" class=\"c-accordion__toggle\">\n            Ingredientes          <\/a>\n          <div class=\"c-accordion__panel\">\n            <div class=\"c-accordion__content c-text-editor\">\n              <p>Agua purificada (Aqua), manitol, extracto de ra\u00edz de Scutellaria baicalensis, extracto de ra\u00edz de Paeonia suffruticosa, glicerina, hialuronato de sodio hidrolizado (\u00e1cido hialur\u00f3nico de bajo peso molecular), hialuronato de sodio (\u00e1cido hialur\u00f3nico de alto peso molecular), retinol.<\/p>\n            <\/div>\n          <\/div>\n        <\/div>\n            <div class=\"c-accordion__item\">\n          <a href=\"#\" class=\"c-accordion__toggle\">\n            Caracter\u00edsticas          <\/a>\n          <div class=\"c-accordion__panel\">\n            <div class=\"c-accordion__content c-text-editor\">\n              <p><ul><li>Tecnolog\u00eda MNG (Multi Nanosome Granulated) <\/li>\n<li>Retinol en tama\u00f1o nanom\u00e9trico con m\u00faltiples capas de liposomas <\/li>\n<li>\u00c1cido hialur\u00f3nico de peso molecular extremadamente bajo <\/li>\n<li>Solo 8 ingredientes<\/li><\/ul><\/p>\n            <\/div>\n          <\/div>\n        <\/div>\n            <div class=\"c-accordion__item\">\n          <a href=\"#\" class=\"c-accordion__toggle\">\n            Funciones          <\/a>\n          <div class=\"c-accordion__panel\">\n            <div class=\"c-accordion__content c-text-editor\">\n              <p><ul><li>Potente acci\u00f3n antienvejecimiento <\/li>\n<li> Estimula la producci\u00f3n de \u00e1cido hialur\u00f3nico, elastina y col\u00e1geno <\/li>\n<li>Regenera c\u00e9lulas epid\u00e9rmicas sanas y maduras <\/li>\n<li>Acci\u00f3n queratol\u00edtica ideal para la piel con tendencia acneica<\/li><\/ul><\/p>\n            <\/div>\n          <\/div>\n        <\/div>\n            <div class=\"c-accordion__item\">\n          <a href=\"#\" class=\"c-accordion__toggle\">\n            Ingrediente Activo          <\/a>\n          <div class=\"c-accordion__panel\">\n            <div class=\"c-accordion__content c-text-editor\">\n              <p>Retinol (Vitamina A), 2,500 IU.<\/p>\n            <\/div>\n          <\/div>\n        <\/div>\n    <\/div>\n  <\/div>\n<\/section>\n\n<section id=\"content-block_2783908fb7c896a52d634b12c847a3ea\" class=\"content-block\">\n    <div class=\"o-container\">\n\n    \n<div class=\"o-row\">\n        <div class=\"o-col-12 u-text-center\">\n              <h2 class=\"c-heading c-heading--secondary u-h3 u-h1@sm u-uppercase u-mb-3@sm\"><h2>Ampolla VC  (Vitamin C \/ \u00c1cido asc\u00f3rbico) <\/h2><\/h2>\n                      <\/div>\n      <\/div>\n\n  <\/div>\n<\/section>\n\n<section id=\"faq-block_babcf3d3f86b64cd4c1e968d53942ce9\" class=\"faq-block\">\n  <div class=\"o-container\">\n\n    <div class=\"c-accordion\">        <div class=\"c-accordion__item\">\n          <a href=\"#\" class=\"c-accordion__toggle\">\n            Ingredientes          <\/a>\n          <div class=\"c-accordion__panel\">\n            <div class=\"c-accordion__content c-text-editor\">\n              <p>Agua purificada (Aqua), \u00e1cido asc\u00f3rbico, manitol, extracto de ra\u00edz de Scutellaria baicalensis, extracto de ra\u00edz de Paeonia suffruticosa, glicerina, hialuronato de sodio hidrolizado (\u00e1cido hialur\u00f3nico de bajo peso molecular), hialuronato de sodio (\u00e1cido hialur\u00f3nico de alto peso molecular). <\/p>\n            <\/div>\n          <\/div>\n        <\/div>\n            <div class=\"c-accordion__item\">\n          <a href=\"#\" class=\"c-accordion__toggle\">\n            Caracter\u00edsticas          <\/a>\n          <div class=\"c-accordion__panel\">\n            <div class=\"c-accordion__content c-text-editor\">\n              <p><ul><li>Tecnolog\u00eda MNG (Multi Nanosome Granulated) <\/li>\n<li> \u00c1cido asc\u00f3rbico en tama\u00f1o nanom\u00e9trico con m\u00faltiples capas de liposomas <\/li>\n<li>Iluminaci\u00f3n y acci\u00f3n antida\u00f1o solar <\/li>\n<li>\u00c1cido hialur\u00f3nico de peso molecular extremadamente bajo <\/li>\n<li>Solo 8 ingredientes <\/ul><\/p>\n            <\/div>\n          <\/div>\n        <\/div>\n            <div class=\"c-accordion__item\">\n          <a href=\"#\" class=\"c-accordion__toggle\">\n            Funciones          <\/a>\n          <div class=\"c-accordion__panel\">\n            <div class=\"c-accordion__content c-text-editor\">\n              <p><ul><li>Potente antioxidante <\/li>\n<li>Aspecto de piel radiante <\/li>\n<li> Ilumina la piel <\/li>\n<li>Estimula la s\u00edntesis de col\u00e1geno <\/li>\n<li>Efecto \u00abpiel sana y luminosa\u00bb <\/li><\/ul><\/p>\n            <\/div>\n          <\/div>\n        <\/div>\n            <div class=\"c-accordion__item\">\n          <a href=\"#\" class=\"c-accordion__toggle\">\n            \u00bfQu\u00e9 hace?          <\/a>\n          <div class=\"c-accordion__panel\">\n            <div class=\"c-accordion__content c-text-editor\">\n              <p>La ampolla VC est\u00e1 recomendada para el antienvejecimiento y la iluminaci\u00f3n de la piel. La vitamina C favorece estructuras de col\u00e1geno saludables y ayuda a rejuvenecer la piel fotoenvejecida y da\u00f1ada por el sol. Aporta beneficios antioxidantes, potencia la luminosidad y contribuye a un tono m\u00e1s uniforme y luminoso.   <\/p>\n            <\/div>\n          <\/div>\n        <\/div>\n            <div class=\"c-accordion__item\">\n          <a href=\"#\" class=\"c-accordion__toggle\">\n            Activo          <\/a>\n          <div class=\"c-accordion__panel\">\n            <div class=\"c-accordion__content c-text-editor\">\n              <p>\u00c1cido asc\u00f3rbico (vitamina C), 10 %<\/p>\n            <\/div>\n          <\/div>\n        <\/div>\n    <\/div>\n  <\/div>\n<\/section>\n\n<section id=\"content-block_4862e638f1023a2d1c29171ea55578c7\" class=\"content-block\">\n    <div class=\"o-container\">\n\n    \n<div class=\"o-row\">\n        <div class=\"o-col-12 u-text-center\">\n              <h2 class=\"c-heading c-heading--secondary u-h3 u-h1@sm u-uppercase u-mb-3@sm\"><h2>Ampolla TA (\u00c1cido tranex\u00e1mico) <\/h2><\/h2>\n                      <\/div>\n      <\/div>\n\n  <\/div>\n<\/section>\n\n<section id=\"faq-block_98cd7248cd0723325aaaa5e039993f0b\" class=\"faq-block u-pb-5 u-pb-9@md\">\n  <div class=\"o-container\">\n\n    <div class=\"c-accordion\">        <div class=\"c-accordion__item\">\n          <a href=\"#\" class=\"c-accordion__toggle\">\n            Ingredientes          <\/a>\n          <div class=\"c-accordion__panel\">\n            <div class=\"c-accordion__content c-text-editor\">\n              <p>Agua purificada (Aqua), manitol, \u00e1cido tranex\u00e1mico, extracto de ra\u00edz de Scutellaria baicalensis, extracto de ra\u00edz de Paeonia suffruticosa, glicerina, hialuronato de sodio hidrolizado (\u00e1cido hialur\u00f3nico de bajo peso molecular), hialuronato de sodio (\u00e1cido hialur\u00f3nico de alto peso molecular). <\/p>\n            <\/div>\n          <\/div>\n        <\/div>\n            <div class=\"c-accordion__item\">\n          <a href=\"#\" class=\"c-accordion__toggle\">\n            Funciones          <\/a>\n          <div class=\"c-accordion__panel\">\n            <div class=\"c-accordion__content c-text-editor\">\n              <p><ul><li>Ilumina y mejora la discrom\u00eda <\/li>\n<li>Trata la piel apagada y la hiperpigmentaci\u00f3n postinflamatoria <\/li>\n<li>Reduce el enrojecimiento <\/li>\n<li>Adecuado para el tratamiento del melasma <\/li><\/ul><\/p>\n            <\/div>\n          <\/div>\n        <\/div>\n            <div class=\"c-accordion__item\">\n          <a href=\"#\" class=\"c-accordion__toggle\">\n            Caracter\u00edsticas          <\/a>\n          <div class=\"c-accordion__panel\">\n            <div class=\"c-accordion__content c-text-editor\">\n              <p><ul><li>Tecnolog\u00eda MNG (Multi Nanosome Granulated) <\/li>\n<li>\u00c1cido tranex\u00e1mico en tama\u00f1o nanom\u00e9trico con m\u00faltiples capas de liposomas <\/li>\n<li>Iluminaci\u00f3n y reducci\u00f3n del enrojecimiento. <\/li>\n<li>\u00c1cido hialur\u00f3nico de peso molecular extremadamente bajo <\/li>\n<li>Solo 8 ingredientes <\/li><\/ul><\/p>\n            <\/div>\n          <\/div>\n        <\/div>\n            <div class=\"c-accordion__item\">\n          <a href=\"#\" class=\"c-accordion__toggle\">\n            \u00bfQu\u00e9 hace?          <\/a>\n          <div class=\"c-accordion__panel\">\n            <div class=\"c-accordion__content c-text-editor\">\n              <p>The TA ampoule is recommended for whitening and redness. Tranexamic acid has long been used to support wound recovery, with the additional discovered benefit of brightening the skin. It is widely used to address melasma, treat hyperpigmentation, and reduce redness and spots.   <\/p>\n            <\/div>\n          <\/div>\n        <\/div>\n            <div class=\"c-accordion__item\">\n          <a href=\"#\" class=\"c-accordion__toggle\">\n            Activo          <\/a>\n          <div class=\"c-accordion__panel\">\n            <div class=\"c-accordion__content c-text-editor\">\n              <p>\u00c1cido Tranex\u00e1mico, 2%. <\/p>\n            <\/div>\n          <\/div>\n        <\/div>\n    <\/div>\n  <\/div>\n<\/section>\n\n<section id=\"content-block_00994229c9f2fcc6673b75a034944a56\" class=\"content-block\">\n    <div class=\"o-container\">\n\n    \n<div class=\"o-row\">\n        <div class=\"o-col-12 u-text-center\">\n              <h2 class=\"c-heading c-heading--secondary u-h3 u-h1@sm u-uppercase u-mb-3@sm\"><h2>Ampolla RS (Resveratrol) <\/h2><\/h2>\n                      <\/div>\n      <\/div>\n\n  <\/div>\n<\/section>\n\n<section id=\"faq-block_6db8179ca56f9f6cbe874979cfac0478\" class=\"faq-block u-pb-5 u-pb-9@md\">\n  <div class=\"o-container\">\n\n    <div class=\"c-accordion\">        <div class=\"c-accordion__item\">\n          <a href=\"#\" class=\"c-accordion__toggle\">\n            Ingredientes          <\/a>\n          <div class=\"c-accordion__panel\">\n            <div class=\"c-accordion__content c-text-editor\">\n              <p>Resveratrol en nanopart\u00edculas, agua purificada (Aqua), extracto de ra\u00edz de Scutellaria baicalensis, extracto de ra\u00edz de Paeonia suffruticosa, glicerina, hialuronato de sodio hidrolizado (\u00e1cido hialur\u00f3nico de bajo peso molecular), hialuronato de sodio (\u00e1cido hialur\u00f3nico de alto peso molecular). <\/p>\n            <\/div>\n          <\/div>\n        <\/div>\n            <div class=\"c-accordion__item\">\n          <a href=\"#\" class=\"c-accordion__toggle\">\n            Caracter\u00edsticas          <\/a>\n          <div class=\"c-accordion__panel\">\n            <div class=\"c-accordion__content c-text-editor\">\n              <p><ul><li> Resveratrol de grado premium (95\u201399 % de pureza) en polvo nano. <\/li> \n<li> Equivalente al contenido de resveratrol de aproximadamente 500 botellas de vino. <\/li> \n<li> Iluminaci\u00f3n, acn\u00e9 y reducci\u00f3n de poros. <\/li> \n<li> \u00c1cido hialur\u00f3nico de peso molecular extremadamente bajo. <\/li> \n<li> Solo 7 ingredientes. <\/li> <\/ul> <\/p>\n            <\/div>\n          <\/div>\n        <\/div>\n            <div class=\"c-accordion__item\">\n          <a href=\"#\" class=\"c-accordion__toggle\">\n            Funciones          <\/a>\n          <div class=\"c-accordion__panel\">\n            <div class=\"c-accordion__content c-text-editor\">\n              <p><ul><li>Potente antioxidante. <\/li>\n<li>Ayuda a cuidar la piel grasa y con tendencia acneica. <\/li>\n<li>Sebum reduction <\/li>\n<li>Antienvejecimiento <\/li>\n<li> Mejora la hiperpigmentaci\u00f3n postinflamatoria. <\/li>\n<li>Purifica la piel, suaviza las arrugas y unifica el tono <\/li><\/ul><\/p>\n            <\/div>\n          <\/div>\n        <\/div>\n            <div class=\"c-accordion__item\">\n          <a href=\"#\" class=\"c-accordion__toggle\">\n            \u00bfQu\u00e9 hace?          <\/a>\n          <div class=\"c-accordion__panel\">\n            <div class=\"c-accordion__content c-text-editor\">\n              <p>La ampolla RS contiene resveratrol de grado premium, un polifenol de origen natural. La cantidad de resveratrol presente en una sola ampolla es aproximadamente equivalente al contenido de m\u00e1s de 500 botellas de vino. Ayuda a prevenir la carcinog\u00e9nesis cut\u00e1nea relacionada con la radiaci\u00f3n UV, favorece el efecto antienvejecimiento, reduce el exceso de sebo y mejora el aspecto de la hiperpigmentaci\u00f3n postinflamatoria.   <\/p>\n            <\/div>\n          <\/div>\n        <\/div>\n            <div class=\"c-accordion__item\">\n          <a href=\"#\" class=\"c-accordion__toggle\">\n            Ingrediente activo          <\/a>\n          <div class=\"c-accordion__panel\">\n            <div class=\"c-accordion__content c-text-editor\">\n              <p>Resveratrol, 9 % (polvo de tama\u00f1o nanom\u00e9trico) <\/p>\n            <\/div>\n          <\/div>\n        <\/div>\n    <\/div>\n  <\/div>\n<\/section>\n\n<section id=\"hero-block_0d870c997210cd94d9c49ede22226e90\" class=\"hero-block u-pt-5 u-pt-9@md u-pb-5 u-pb-9@md\">\n  <!-- <div class=\"o-container\"> -->\n  \n<div class=\"c-hero-slider-container\" style=\"position:relative;\">\n\n    \n    <div class=\"c-hero-slider js-hero-slider\" >\n                <div class=\"c-hero-slider__item\">\n                    <section class=\"c-hero-slider__content u-text-white\" style=\"background-image: url('https:\/\/www.cynosurelutronicemea.com\/wp-content\/uploads\/sites\/15\/2025\/03\/USS-Ultra-Banner.png'), url('https:\/\/www.cynosurelutronicemea.com\/wp-content\/uploads\/sites\/15\/2025\/03\/USS-Ultra-Banner.png');\">\n                        <div class=\"o-container\">\n                            <div class=\"o-row\">\n                                <div class=\"o-col-8@md o-col-7@lg o-col-6@xl\">\n                                    <h1 class=\"c-hero-slider__title\">LaseMD Ultra<\/h1>\n                                    <div class=\"c-hero-slider__text\">\n                                        <p><h2>L\u00e1ser de Tulio Semi-Ablativo 1927nm<\/h2> Visita la p\u00e1gina de Ultra para obtener m\u00e1s informaci\u00f3n sobre este vers\u00e1til dispositivo.<\/p>\n                                    <\/div>\n                                                                            <a href=\"https:\/\/www.cynosurelutronicemea.com\/product\/lasemd-ultra\/\" class=\"c-button c-button--orange\">Ultra<\/a>                                                                    <\/div>\n                            <\/div>\n                        <\/div>\n                    <\/section>\n                <\/div>\n\n            <\/div><\/div>  <!-- <\/div> -->\n<\/section>\n","protected":false},"excerpt":{"rendered":"","protected":false},"author":65,"featured_media":0,"parent":0,"menu_order":0,"comment_status":"closed","ping_status":"closed","template":"","meta":{"_acf_changed":false,"footnotes":""},"class_list":["post-6752","page","type-page","status-publish","hentry"],"acf":[],"yoast_head":"<!-- This site is optimized with the Yoast SEO plugin v27.3 - https:\/\/yoast.com\/product\/yoast-seo-wordpress\/ -->\n<title>Ampollas LaseMD Ultra - Cynosure Lutronic EMEA<\/title>\n<meta name=\"robots\" content=\"index, follow, max-snippet:-1, max-image-preview:large, max-video-preview:-1\" \/>\n<link rel=\"canonical\" href=\"https:\/\/www.cynosurelutronicemea.com\/es\/ampollas-lasemd-ultra\/\" \/>\n<meta property=\"og:locale\" content=\"es_ES\" \/>\n<meta property=\"og:type\" content=\"article\" \/>\n<meta property=\"og:title\" content=\"Ampollas LaseMD Ultra - Cynosure Lutronic EMEA\" \/>\n<meta property=\"og:url\" content=\"https:\/\/www.cynosurelutronicemea.com\/es\/ampollas-lasemd-ultra\/\" \/>\n<meta property=\"og:site_name\" content=\"Cynosure Lutronic EMEA\" \/>\n<meta property=\"article:modified_time\" content=\"2026-01-12T15:19:17+00:00\" \/>\n<meta name=\"twitter:card\" content=\"summary_large_image\" \/>\n<script type=\"application\/ld+json\" class=\"yoast-schema-graph\">{\"@context\":\"https:\\\/\\\/schema.org\",\"@graph\":[{\"@type\":\"WebPage\",\"@id\":\"https:\\\/\\\/www.cynosurelutronicemea.com\\\/es\\\/ampollas-lasemd-ultra\\\/\",\"url\":\"https:\\\/\\\/www.cynosurelutronicemea.com\\\/es\\\/ampollas-lasemd-ultra\\\/\",\"name\":\"Ampollas LaseMD Ultra - Cynosure Lutronic EMEA\",\"isPartOf\":{\"@id\":\"https:\\\/\\\/www.cynosurelutronicemea.com\\\/es\\\/#website\"},\"datePublished\":\"2026-01-05T16:21:17+00:00\",\"dateModified\":\"2026-01-12T15:19:17+00:00\",\"breadcrumb\":{\"@id\":\"https:\\\/\\\/www.cynosurelutronicemea.com\\\/es\\\/ampollas-lasemd-ultra\\\/#breadcrumb\"},\"inLanguage\":\"es\",\"potentialAction\":[{\"@type\":\"ReadAction\",\"target\":[\"https:\\\/\\\/www.cynosurelutronicemea.com\\\/es\\\/ampollas-lasemd-ultra\\\/\"]}]},{\"@type\":\"BreadcrumbList\",\"@id\":\"https:\\\/\\\/www.cynosurelutronicemea.com\\\/es\\\/ampollas-lasemd-ultra\\\/#breadcrumb\",\"itemListElement\":[{\"@type\":\"ListItem\",\"position\":1,\"name\":\"Home\",\"item\":\"https:\\\/\\\/www.cynosurelutronicemea.com\\\/es\\\/\"},{\"@type\":\"ListItem\",\"position\":2,\"name\":\"Ampollas LaseMD Ultra\"}]},{\"@type\":\"WebSite\",\"@id\":\"https:\\\/\\\/www.cynosurelutronicemea.com\\\/es\\\/#website\",\"url\":\"https:\\\/\\\/www.cynosurelutronicemea.com\\\/es\\\/\",\"name\":\"Cynosure Lutronic EMEA\",\"description\":\"\",\"potentialAction\":[{\"@type\":\"SearchAction\",\"target\":{\"@type\":\"EntryPoint\",\"urlTemplate\":\"https:\\\/\\\/www.cynosurelutronicemea.com\\\/es\\\/?s={search_term_string}\"},\"query-input\":{\"@type\":\"PropertyValueSpecification\",\"valueRequired\":true,\"valueName\":\"search_term_string\"}}],\"inLanguage\":\"es\"}]}<\/script>\n<!-- \/ Yoast SEO plugin. -->","yoast_head_json":{"title":"Ampollas LaseMD Ultra - Cynosure Lutronic EMEA","robots":{"index":"index","follow":"follow","max-snippet":"max-snippet:-1","max-image-preview":"max-image-preview:large","max-video-preview":"max-video-preview:-1"},"canonical":"https:\/\/www.cynosurelutronicemea.com\/es\/ampollas-lasemd-ultra\/","og_locale":"es_ES","og_type":"article","og_title":"Ampollas LaseMD Ultra - Cynosure Lutronic EMEA","og_url":"https:\/\/www.cynosurelutronicemea.com\/es\/ampollas-lasemd-ultra\/","og_site_name":"Cynosure Lutronic EMEA","article_modified_time":"2026-01-12T15:19:17+00:00","twitter_card":"summary_large_image","schema":{"@context":"https:\/\/schema.org","@graph":[{"@type":"WebPage","@id":"https:\/\/www.cynosurelutronicemea.com\/es\/ampollas-lasemd-ultra\/","url":"https:\/\/www.cynosurelutronicemea.com\/es\/ampollas-lasemd-ultra\/","name":"Ampollas LaseMD Ultra - Cynosure Lutronic EMEA","isPartOf":{"@id":"https:\/\/www.cynosurelutronicemea.com\/es\/#website"},"datePublished":"2026-01-05T16:21:17+00:00","dateModified":"2026-01-12T15:19:17+00:00","breadcrumb":{"@id":"https:\/\/www.cynosurelutronicemea.com\/es\/ampollas-lasemd-ultra\/#breadcrumb"},"inLanguage":"es","potentialAction":[{"@type":"ReadAction","target":["https:\/\/www.cynosurelutronicemea.com\/es\/ampollas-lasemd-ultra\/"]}]},{"@type":"BreadcrumbList","@id":"https:\/\/www.cynosurelutronicemea.com\/es\/ampollas-lasemd-ultra\/#breadcrumb","itemListElement":[{"@type":"ListItem","position":1,"name":"Home","item":"https:\/\/www.cynosurelutronicemea.com\/es\/"},{"@type":"ListItem","position":2,"name":"Ampollas LaseMD Ultra"}]},{"@type":"WebSite","@id":"https:\/\/www.cynosurelutronicemea.com\/es\/#website","url":"https:\/\/www.cynosurelutronicemea.com\/es\/","name":"Cynosure Lutronic EMEA","description":"","potentialAction":[{"@type":"SearchAction","target":{"@type":"EntryPoint","urlTemplate":"https:\/\/www.cynosurelutronicemea.com\/es\/?s={search_term_string}"},"query-input":{"@type":"PropertyValueSpecification","valueRequired":true,"valueName":"search_term_string"}}],"inLanguage":"es"}]}},"_links":{"self":[{"href":"https:\/\/www.cynosurelutronicemea.com\/es\/wp-json\/wp\/v2\/pages\/6752","targetHints":{"allow":["GET"]}}],"collection":[{"href":"https:\/\/www.cynosurelutronicemea.com\/es\/wp-json\/wp\/v2\/pages"}],"about":[{"href":"https:\/\/www.cynosurelutronicemea.com\/es\/wp-json\/wp\/v2\/types\/page"}],"author":[{"embeddable":true,"href":"https:\/\/www.cynosurelutronicemea.com\/es\/wp-json\/wp\/v2\/users\/65"}],"replies":[{"embeddable":true,"href":"https:\/\/www.cynosurelutronicemea.com\/es\/wp-json\/wp\/v2\/comments?post=6752"}],"version-history":[{"count":0,"href":"https:\/\/www.cynosurelutronicemea.com\/es\/wp-json\/wp\/v2\/pages\/6752\/revisions"}],"wp:attachment":[{"href":"https:\/\/www.cynosurelutronicemea.com\/es\/wp-json\/wp\/v2\/media?parent=6752"}],"curies":[{"name":"wp","href":"https:\/\/api.w.org\/{rel}","templated":true}]}}