{"id":4890,"date":"2025-02-14T15:46:08","date_gmt":"2025-02-14T15:46:08","guid":{"rendered":"https:\/\/www.cynosurelutronicemea.com\/ultra-skin-solutions\/"},"modified":"2025-06-05T14:12:57","modified_gmt":"2025-06-05T14:12:57","slug":"ultra-skin-solutions","status":"publish","type":"page","link":"https:\/\/www.cynosurelutronicemea.com\/es\/ultra-skin-solutions\/","title":{"rendered":"Ultra Skin Solutions"},"content":{"rendered":"\n<section id=\"hero-block_b1f100c1abcf19886b274a18861b2e64\" class=\"hero-block\">\n  <!-- <div class=\"o-container\"> -->\n  \n<div class=\"c-hero-slider-container\" style=\"position:relative;\">\n\n    \n    <div class=\"c-hero-slider js-hero-slider\" data-slick= '{\"autoplay\": true}' >\n                <div class=\"c-hero-slider__item\">\n                    <section class=\"c-hero-slider__content u-text-white u-text-center\" style=\"background-image: url('https:\/\/www.cynosurelutronicemea.com\/wp-content\/uploads\/sites\/15\/2025\/02\/USS-Banner.png'), url('https:\/\/www.cynosurelutronicemea.com\/wp-content\/uploads\/sites\/15\/2025\/02\/USS-Banner.png');\">\n                        <div class=\"o-container\">\n                            <div class=\"o-row\">\n                                <div class=\"o-col-8@md o-col-7@lg o-col-6@xl u-mx-auto\">\n                                    <h1 class=\"c-hero-slider__title\"><p style=\"text-align: center;\"><img decoding=\"async\" src=\"ultra-skin-solutions-logo-white-small\"><\/p><\/h1>\n                                    <div class=\"c-hero-slider__text\">\n                                        <p>Una combinaci\u00f3n potente que act\u00faa en m\u00faltiples capas para conseguir una piel m\u00e1s lisa, firme y radiante. <\/p>\n                                    <\/div>\n                                                                    <\/div>\n                            <\/div>\n                        <\/div>\n                    <\/section>\n                <\/div>\n\n            <\/div><\/div>  <!-- <\/div> -->\n<\/section>\n\n\n\n<section id=\"hero-block_0527244a66cf6cc14fd0457e511a0835\" class=\"hero-block\">\n  <!-- <div class=\"o-container\"> -->\n  \n<div class=\"c-hero-slider-container\" style=\"position:relative;\">\n\n    \n    <div class=\"c-hero-slider js-hero-slider\" >\n                <div class=\"c-hero-slider__item\">\n                    <section class=\"c-hero-slider__content u-text-white\" style=\"background-image: url('https:\/\/www.cynosurelutronicemea.com\/wp-content\/uploads\/sites\/15\/2025\/04\/USS-deviebannerV.jpg'), url('https:\/\/www.cynosurelutronicemea.com\/wp-content\/uploads\/sites\/15\/2025\/04\/USS-deviebannerV.jpg');\">\n                        <div class=\"o-container\">\n                            <div class=\"o-row\">\n                                <div class=\"o-col-8@md o-col-7@lg o-col-6@xl\">\n                                    <h1 class=\"c-hero-slider__title\">\u00bfQu\u00e9 es Ultra Skin Solutions? <\/h1>\n                                    <div class=\"c-hero-slider__text\">\n                                        <p> Ultra Skin Solutions es un avanzado tratamiento multicapa de rejuvenecimiento de la piel que combina dos tecnolog\u00edas l\u00edderes en el sector -el l\u00e1ser de tulio LaseMD Ultra y la RF con microagujas Genius- para ofrecer resultados inmediatos y un cutis revitalizado. <p>Ultra Skin Solutions est\u00e1 dise\u00f1ado para tratar una amplia variedad de problemas de la piel, como: L\u00edneas finas y arrugas, laxitud cut\u00e1nea, tono desigual de la piel, textura apagada o \u00e1spera, cicatrices de acn\u00e9, pigmentaci\u00f3n y manchas.<\/p>\n                                    <\/div>\n                                                                    <\/div>\n                            <\/div>\n                        <\/div>\n                    <\/section>\n                <\/div>\n\n            <\/div><\/div>  <!-- <\/div> -->\n<\/section>\n\n\n\n<section id=\"content-block_67db62535c0ebf60a4a41be2242b3184\" class=\"content-block u-pt-5 u-pt-9@md u-bg-tertriary-gray-100\">\n    <div class=\"o-container\">\n\n    \n<div class=\"o-row\">\n          <div class=\"o-col-12\">\n            <div class=\"o-row\">\n                  <div class=\"o-col-6@md\">\n            <div class=\"c-text-editor\">\n              <p><img loading=\"lazy\" decoding=\"async\" class=\"aligncenter\" src=\"https:\/\/www.cynosurelutronicemea.com\/wp-content\/uploads\/sites\/15\/2025\/03\/LaseMD_Ultra_Black_Logo-300x87.png\" alt=\"\" width=\"300\" height=\"87\"><\/p>\n<p style=\"text-align: center;\">El l\u00e1ser de tulio LaseMD Ultra promueve una mejor textura y la luminosidad de la piel mediante el suministro de energ\u00eda subablativa suave a la superficie de la piel. Esto ayuda a mejorar el tono, la textura y a reducir la aparici\u00f3n de manchas para realzar el cutis.<br \/>\n<a href=\"https:\/\/www.cynosurelutronicemea.com\/es\/productos\/lasemd-ultra\/\"><strong>M\u00e1s informaci\u00f3n sobre Ultra &gt;<\/strong><\/a><\/p>\n            <\/div>\n          <\/div>\n                          <div class=\"o-col-6@md\">\n            <p style=\"text-align: center;\"><img loading=\"lazy\" decoding=\"async\" src=\"https:\/\/www.cynosurelutronicemea.com\/wp-content\/uploads\/sites\/15\/2025\/03\/Genius-Logo-small.png\" alt=\"\" width=\"300\" height=\"60\"><br \/>\nGenius (RF con microagujas) act\u00faa bajo la superficie de la piel, promoviendo la producci\u00f3n de col\u00e1geno y elastina. Esta tecnolog\u00eda innovadora ayuda a reafirmar y tensar la piel, reducir la aparici\u00f3n de l\u00edneas finas y arrugas y mejorar la textura general de la piel para obtener resultados duraderos.<br \/>\n<a href=\"https:\/\/www.cynosurelutronicemea.com\/es\/productos\/genius\/\"><strong>M\u00e1s informaci\u00f3n sobre Genius (RF con Microagujas) &gt;<\/strong><\/a><\/p>\n                      <\/div>\n              <\/div>\n    <\/div>\n    <\/div>\n\n  <\/div>\n<\/section>\n\n\n<div class=\"o-container\">\n  <div class=\"o-row\">\n    <div class=\"o-col-12\">\n      <hr class=\"c-divider u-text-tertriary-gray-gray-200\">\n    <\/div>\n  <\/div>\n<\/div>\n\n\n\n<section id=\"wistia-block_4d82182fad6042ae189890040f16d8d7\" class=\"wistia-block\">\n  <div class=\"o-container\">\n\n    <div class=\"o-row\"><div class=\"o-col-12\"><div class=\"o-row\"><div class=\"o-col-12\"><script src=\"https:\/\/fast.wistia.com\/embed\/medias\/v2u2ipy5kz.jsonp\" async><\/script><script src=\"https:\/\/fast.wistia.com\/assets\/external\/E-v1.js\" async><\/script><div class=\"wistia_responsive_padding\" style=\"padding:45.25% 0 0 0;position:relative; margin: 10px 0\"><div class=\"wistia_responsive_wrapper\" style=\"height:100%;left:0;position:absolute;top:0;width:100%;\"><span class=\"wistia_embed wistia_async_v2u2ipy5kz popover=true popoverAnimateThumbnail=true videoFoam=true\" style=\"display:inline-block;height:100%;position:relative;width:100%\">&nbsp;<\/span><\/div><\/div><\/div><\/div><\/div><\/div>  <\/div>\n\n  <\/div>\n<\/section>\n\n\n\n<section id=\"content-block_2dab92e84e627a8bba9e8945467f3679\" class=\"content-block u-pt-5 u-pt-9@md\">\n    <div class=\"o-container\">\n\n    \n<div class=\"o-row\">\n        <div class=\"o-col-12 u-text-center\">\n              <h2 class=\"c-heading c-heading--secondary u-h3 u-h1@sm u-uppercase u-mb-3@sm\">USS Antes y Despu\u00e9s<\/h2>\n                    <div class=\"c-text-editor\">\n          <p><span class=\"NormalTextRun SCXW242933888 BCX0\">Descubra los resultados transformadores de Ultra Skin Solutions con mejoras visibles en el tono de la piel, <\/span><span class=\"NormalTextRun SCXW242933888 BCX0\">textura<\/span><span class=\"NormalTextRun SCXW242933888 BCX0\">y firmeza. <\/span> <\/p>\n        <\/div>\n                <\/div>\n      <\/div>\n\n  <\/div>\n<\/section>\n\n\n\n<section id=\"before-after-block_2d6203a89aaae2e49dcbc7e17630e8e1\" class=\"before-after-block u-pt-5 u-pt-9@md u-pb-5 u-pb-9@md\">\n  <div class=\"o-container\">\n    <div class=\"o-row\">\n      <div class=\"o-col-12\">\n        <div class=\"eb-c-comparison-slider\">\n          <div class=\"eb-js-comparison-slider\">              <div>\n                <div class=\"c-compare-slider twentytwenty-container\">\n                  <img decoding=\"async\" src=\"https:\/\/www.cynosurelutronicemea.com\/wp-content\/uploads\/sites\/15\/2025\/04\/BNA_03A-scaled.jpg\" alt=\"bna_03a-2\">\n                  <img decoding=\"async\" src=\"https:\/\/www.cynosurelutronicemea.com\/wp-content\/uploads\/sites\/15\/2025\/04\/BNA_03B-scaled.jpg\" alt=\"bna_03b-2\">\n                <\/div>\n                <div class=\"eb-c-comparison-slider__content\">\n                  <div class=\"o-row\">\n                    <div class=\"o-col-8@lg o-col-6@xl o-offset-1@lg\">\n                      <h3 class=\"eb-c-comparison-slider__heading\">Antes y despu\u00e9s de 3 tratamientos<\/h3>\n                      <div class=\"eb-c-comparison-slider__description\">\n                        <p>Cortes\u00eda de Hebe Medical Spa<\/p>\n                      <\/div>\n                    <\/div>\n                  <\/div>\n                <\/div>\n              <\/div>\n          <\/div>          <div class=\"eb-c-comparison-slider__thumbs\"><div class=\"o-row\"><div class=\"o-col-10@lg u-mx-auto\"><div class=\"eb-js-comparison-slider-thumbs\">              <div>\n                <img decoding=\"async\" src=\"https:\/\/www.cynosurelutronicemea.com\/wp-content\/uploads\/sites\/15\/2025\/04\/BNA_03A-150x150.jpg\" class=\"eb-c-comparison-slider__thumb\" alt=\"bna_03a-2\">\n              <\/div>\n          <\/div><\/div><\/div><\/div>        <\/div>\n      <\/div>\n    <\/div>\n  <\/div>\n<\/section>\n\n\n\n<section id=\"content-block_a370343ea3cb667e5a43d83ae70d74fb\" class=\"content-block u-pb-5 u-pb-9@md\">\n    <div class=\"o-container\">\n\n    \n<div class=\"o-row\">\n          <div class=\"o-col-12\">\n              <div class=\"o-row\">\n          <div class=\"o-col-6@md\">\n            <h2 class=\"c-heading c-heading--secondary u-h3 u-h1@sm u-uppercase u-mb-3@sm\">Testimonios<\/h2>\n          <\/div>\n        <\/div>\n            <div class=\"o-row\">\n                  <div class=\"o-col-6@md\">\n            <div class=\"c-text-editor\">\n              <script src=\"https:\/\/fast.wistia.com\/player.js\" async><\/script><script src=\"https:\/\/fast.wistia.com\/embed\/rqcsox10or.js\" async type=\"module\"><\/script>\n<style>wistia-player[media-id='rqcsox10or']:not(:defined) { background: center \/ contain no-repeat url('https:\/\/fast.wistia.com\/embed\/medias\/rqcsox10or\/swatch'); display: block; filter: blur(5px); padding-top:100.0%; }<\/style>\n<p> <wistia-player media-id=\"rqcsox10or\" aspect=\"1.0\"><\/wistia-player><\/p>\n            <\/div>\n          <\/div>\n                          <div class=\"o-col-6@md\">\n            <script src=\"https:\/\/fast.wistia.com\/player.js\" async><\/script><script src=\"https:\/\/fast.wistia.com\/embed\/oa891cdr51.js\" async type=\"module\"><\/script>\n<style>wistia-player[media-id='oa891cdr51']:not(:defined) { background: center \/ contain no-repeat url('https:\/\/fast.wistia.com\/embed\/medias\/oa891cdr51\/swatch'); display: block; filter: blur(5px); padding-top:100.0%; }<\/style>\n<p> <wistia-player media-id=\"oa891cdr51\" aspect=\"1.0\"><\/wistia-player><\/p>\n                      <\/div>\n              <\/div>\n    <\/div>\n    <\/div>\n\n  <\/div>\n<\/section>\n","protected":false},"excerpt":{"rendered":"","protected":false},"author":65,"featured_media":0,"parent":0,"menu_order":0,"comment_status":"closed","ping_status":"closed","template":"","meta":{"_acf_changed":false,"footnotes":""},"class_list":["post-4890","page","type-page","status-publish","hentry"],"acf":[],"yoast_head":"<!-- This site is optimized with the Yoast SEO plugin v27.3 - https:\/\/yoast.com\/product\/yoast-seo-wordpress\/ -->\n<title>Ultra Skin Solutions - Cynosure Lutronic EMEA<\/title>\n<meta name=\"description\" content=\"Una combinaci\u00f3n potente que act\u00faa en m\u00faltiples capas para conseguir una piel m\u00e1s lisa, firme y radiante.\" \/>\n<meta name=\"robots\" content=\"index, follow, max-snippet:-1, max-image-preview:large, max-video-preview:-1\" \/>\n<link rel=\"canonical\" href=\"https:\/\/www.cynosurelutronicemea.com\/es\/ultra-skin-solutions\/\" \/>\n<meta property=\"og:locale\" content=\"es_ES\" \/>\n<meta property=\"og:type\" content=\"article\" \/>\n<meta property=\"og:title\" content=\"Ultra Skin Solutions - Cynosure Lutronic EMEA\" \/>\n<meta property=\"og:description\" content=\"Una combinaci\u00f3n potente que act\u00faa en m\u00faltiples capas para conseguir una piel m\u00e1s lisa, firme y radiante.\" \/>\n<meta property=\"og:url\" content=\"https:\/\/www.cynosurelutronicemea.com\/es\/ultra-skin-solutions\/\" \/>\n<meta property=\"og:site_name\" content=\"Cynosure Lutronic EMEA\" \/>\n<meta property=\"article:modified_time\" content=\"2025-06-05T14:12:57+00:00\" \/>\n<meta name=\"twitter:card\" content=\"summary_large_image\" \/>\n<script type=\"application\/ld+json\" class=\"yoast-schema-graph\">{\"@context\":\"https:\\\/\\\/schema.org\",\"@graph\":[{\"@type\":\"WebPage\",\"@id\":\"https:\\\/\\\/www.cynosurelutronicemea.com\\\/es\\\/ultra-skin-solutions\\\/\",\"url\":\"https:\\\/\\\/www.cynosurelutronicemea.com\\\/es\\\/ultra-skin-solutions\\\/\",\"name\":\"Ultra Skin Solutions - Cynosure Lutronic EMEA\",\"isPartOf\":{\"@id\":\"https:\\\/\\\/www.cynosurelutronicemea.com\\\/es\\\/#website\"},\"datePublished\":\"2025-02-14T15:46:08+00:00\",\"dateModified\":\"2025-06-05T14:12:57+00:00\",\"description\":\"Una combinaci\u00f3n potente que act\u00faa en m\u00faltiples capas para conseguir una piel m\u00e1s lisa, firme y radiante.\",\"breadcrumb\":{\"@id\":\"https:\\\/\\\/www.cynosurelutronicemea.com\\\/es\\\/ultra-skin-solutions\\\/#breadcrumb\"},\"inLanguage\":\"es\",\"potentialAction\":[{\"@type\":\"ReadAction\",\"target\":[\"https:\\\/\\\/www.cynosurelutronicemea.com\\\/es\\\/ultra-skin-solutions\\\/\"]}]},{\"@type\":\"BreadcrumbList\",\"@id\":\"https:\\\/\\\/www.cynosurelutronicemea.com\\\/es\\\/ultra-skin-solutions\\\/#breadcrumb\",\"itemListElement\":[{\"@type\":\"ListItem\",\"position\":1,\"name\":\"Home\",\"item\":\"https:\\\/\\\/www.cynosurelutronicemea.com\\\/es\\\/\"},{\"@type\":\"ListItem\",\"position\":2,\"name\":\"Ultra Skin Solutions\"}]},{\"@type\":\"WebSite\",\"@id\":\"https:\\\/\\\/www.cynosurelutronicemea.com\\\/es\\\/#website\",\"url\":\"https:\\\/\\\/www.cynosurelutronicemea.com\\\/es\\\/\",\"name\":\"Cynosure Lutronic EMEA\",\"description\":\"\",\"potentialAction\":[{\"@type\":\"SearchAction\",\"target\":{\"@type\":\"EntryPoint\",\"urlTemplate\":\"https:\\\/\\\/www.cynosurelutronicemea.com\\\/es\\\/?s={search_term_string}\"},\"query-input\":{\"@type\":\"PropertyValueSpecification\",\"valueRequired\":true,\"valueName\":\"search_term_string\"}}],\"inLanguage\":\"es\"}]}<\/script>\n<!-- \/ Yoast SEO plugin. -->","yoast_head_json":{"title":"Ultra Skin Solutions - Cynosure Lutronic EMEA","description":"Una combinaci\u00f3n potente que act\u00faa en m\u00faltiples capas para conseguir una piel m\u00e1s lisa, firme y radiante.","robots":{"index":"index","follow":"follow","max-snippet":"max-snippet:-1","max-image-preview":"max-image-preview:large","max-video-preview":"max-video-preview:-1"},"canonical":"https:\/\/www.cynosurelutronicemea.com\/es\/ultra-skin-solutions\/","og_locale":"es_ES","og_type":"article","og_title":"Ultra Skin Solutions - Cynosure Lutronic EMEA","og_description":"Una combinaci\u00f3n potente que act\u00faa en m\u00faltiples capas para conseguir una piel m\u00e1s lisa, firme y radiante.","og_url":"https:\/\/www.cynosurelutronicemea.com\/es\/ultra-skin-solutions\/","og_site_name":"Cynosure Lutronic EMEA","article_modified_time":"2025-06-05T14:12:57+00:00","twitter_card":"summary_large_image","schema":{"@context":"https:\/\/schema.org","@graph":[{"@type":"WebPage","@id":"https:\/\/www.cynosurelutronicemea.com\/es\/ultra-skin-solutions\/","url":"https:\/\/www.cynosurelutronicemea.com\/es\/ultra-skin-solutions\/","name":"Ultra Skin Solutions - Cynosure Lutronic EMEA","isPartOf":{"@id":"https:\/\/www.cynosurelutronicemea.com\/es\/#website"},"datePublished":"2025-02-14T15:46:08+00:00","dateModified":"2025-06-05T14:12:57+00:00","description":"Una combinaci\u00f3n potente que act\u00faa en m\u00faltiples capas para conseguir una piel m\u00e1s lisa, firme y radiante.","breadcrumb":{"@id":"https:\/\/www.cynosurelutronicemea.com\/es\/ultra-skin-solutions\/#breadcrumb"},"inLanguage":"es","potentialAction":[{"@type":"ReadAction","target":["https:\/\/www.cynosurelutronicemea.com\/es\/ultra-skin-solutions\/"]}]},{"@type":"BreadcrumbList","@id":"https:\/\/www.cynosurelutronicemea.com\/es\/ultra-skin-solutions\/#breadcrumb","itemListElement":[{"@type":"ListItem","position":1,"name":"Home","item":"https:\/\/www.cynosurelutronicemea.com\/es\/"},{"@type":"ListItem","position":2,"name":"Ultra Skin Solutions"}]},{"@type":"WebSite","@id":"https:\/\/www.cynosurelutronicemea.com\/es\/#website","url":"https:\/\/www.cynosurelutronicemea.com\/es\/","name":"Cynosure Lutronic EMEA","description":"","potentialAction":[{"@type":"SearchAction","target":{"@type":"EntryPoint","urlTemplate":"https:\/\/www.cynosurelutronicemea.com\/es\/?s={search_term_string}"},"query-input":{"@type":"PropertyValueSpecification","valueRequired":true,"valueName":"search_term_string"}}],"inLanguage":"es"}]}},"_links":{"self":[{"href":"https:\/\/www.cynosurelutronicemea.com\/es\/wp-json\/wp\/v2\/pages\/4890","targetHints":{"allow":["GET"]}}],"collection":[{"href":"https:\/\/www.cynosurelutronicemea.com\/es\/wp-json\/wp\/v2\/pages"}],"about":[{"href":"https:\/\/www.cynosurelutronicemea.com\/es\/wp-json\/wp\/v2\/types\/page"}],"author":[{"embeddable":true,"href":"https:\/\/www.cynosurelutronicemea.com\/es\/wp-json\/wp\/v2\/users\/65"}],"replies":[{"embeddable":true,"href":"https:\/\/www.cynosurelutronicemea.com\/es\/wp-json\/wp\/v2\/comments?post=4890"}],"version-history":[{"count":0,"href":"https:\/\/www.cynosurelutronicemea.com\/es\/wp-json\/wp\/v2\/pages\/4890\/revisions"}],"wp:attachment":[{"href":"https:\/\/www.cynosurelutronicemea.com\/es\/wp-json\/wp\/v2\/media?parent=4890"}],"curies":[{"name":"wp","href":"https:\/\/api.w.org\/{rel}","templated":true}]}}