{"id":3771,"date":"2024-09-30T19:20:40","date_gmt":"2024-09-30T19:20:40","guid":{"rendered":"https:\/\/www.cynosurelutronicemea.com\/resources\/"},"modified":"2025-07-11T11:23:44","modified_gmt":"2025-07-11T11:23:44","slug":"recursos","status":"publish","type":"page","link":"https:\/\/www.cynosurelutronicemea.com\/es\/recursos\/","title":{"rendered":"Recursos"},"content":{"rendered":"\n<section id=\"wistia-block_b2f418ecc57f48131a415d8ca84587be\" class=\"wistia-block\">\n  <div class=\"o-container\">\n\n    <div class=\"o-row\"><div class=\"o-col-12\"><div class=\"o-row\"><div class=\"o-col-12\"><script src=\"https:\/\/fast.wistia.com\/embed\/medias\/r5z9aqnbgz.jsonp\" async><\/script><script src=\"https:\/\/fast.wistia.com\/assets\/external\/E-v1.js\" async><\/script><div class=\"wistia_responsive_padding\" style=\"padding:45.25% 0 0 0;position:relative; margin: 10px 0\"><div class=\"wistia_responsive_wrapper\" style=\"height:100%;left:0;position:absolute;top:0;width:100%;\"><span class=\"wistia_embed wistia_async_r5z9aqnbgz popover=true popoverAnimateThumbnail=true videoFoam=true\" style=\"display:inline-block;height:100%;position:relative;width:100%\">&nbsp;<\/span><\/div><\/div><\/div><\/div><\/div><\/div>  <\/div>\n\n  <\/div>\n<\/section>\n","protected":false},"excerpt":{"rendered":"","protected":false},"author":70,"featured_media":0,"parent":0,"menu_order":0,"comment_status":"closed","ping_status":"closed","template":"page-template-events-webcasts.php","meta":{"_acf_changed":false,"footnotes":""},"class_list":["post-3771","page","type-page","status-publish","hentry"],"acf":[],"yoast_head":"<!-- This site is optimized with the Yoast SEO plugin v27.3 - https:\/\/yoast.com\/product\/yoast-seo-wordpress\/ -->\n<title>Recursos - Cynosure Lutronic EMEA<\/title>\n<meta name=\"description\" content=\"Explora los eventos y publicaciones del blog de Cynosure Lutronic en la regi\u00f3n de EMEA. Mantente al d\u00eda con las tendencias de la industria, las opiniones de expertos y los pr\u00f3ximos eventos.\" \/>\n<meta name=\"robots\" content=\"index, follow, max-snippet:-1, max-image-preview:large, max-video-preview:-1\" \/>\n<link rel=\"canonical\" href=\"https:\/\/www.cynosurelutronicemea.com\/es\/recursos\/\" \/>\n<meta property=\"og:locale\" content=\"es_ES\" \/>\n<meta property=\"og:type\" content=\"article\" \/>\n<meta property=\"og:title\" content=\"Recursos - Cynosure Lutronic EMEA\" \/>\n<meta property=\"og:description\" content=\"Explora los eventos y publicaciones del blog de Cynosure Lutronic en la regi\u00f3n de EMEA. Mantente al d\u00eda con las tendencias de la industria, las opiniones de expertos y los pr\u00f3ximos eventos.\" \/>\n<meta property=\"og:url\" content=\"https:\/\/www.cynosurelutronicemea.com\/es\/recursos\/\" \/>\n<meta property=\"og:site_name\" content=\"Cynosure Lutronic EMEA\" \/>\n<meta property=\"article:modified_time\" content=\"2025-07-11T11:23:44+00:00\" \/>\n<meta name=\"twitter:card\" content=\"summary_large_image\" \/>\n<script type=\"application\/ld+json\" class=\"yoast-schema-graph\">{\"@context\":\"https:\\\/\\\/schema.org\",\"@graph\":[{\"@type\":\"WebPage\",\"@id\":\"https:\\\/\\\/www.cynosurelutronicemea.com\\\/es\\\/recursos\\\/\",\"url\":\"https:\\\/\\\/www.cynosurelutronicemea.com\\\/es\\\/recursos\\\/\",\"name\":\"Recursos - Cynosure Lutronic EMEA\",\"isPartOf\":{\"@id\":\"https:\\\/\\\/www.cynosurelutronicemea.com\\\/es\\\/#website\"},\"datePublished\":\"2024-09-30T19:20:40+00:00\",\"dateModified\":\"2025-07-11T11:23:44+00:00\",\"description\":\"Explora los eventos y publicaciones del blog de Cynosure Lutronic en la regi\u00f3n de EMEA. Mantente al d\u00eda con las tendencias de la industria, las opiniones de expertos y los pr\u00f3ximos eventos.\",\"breadcrumb\":{\"@id\":\"https:\\\/\\\/www.cynosurelutronicemea.com\\\/es\\\/recursos\\\/#breadcrumb\"},\"inLanguage\":\"es\",\"potentialAction\":[{\"@type\":\"ReadAction\",\"target\":[\"https:\\\/\\\/www.cynosurelutronicemea.com\\\/es\\\/recursos\\\/\"]}]},{\"@type\":\"BreadcrumbList\",\"@id\":\"https:\\\/\\\/www.cynosurelutronicemea.com\\\/es\\\/recursos\\\/#breadcrumb\",\"itemListElement\":[{\"@type\":\"ListItem\",\"position\":1,\"name\":\"Home\",\"item\":\"https:\\\/\\\/www.cynosurelutronicemea.com\\\/es\\\/\"},{\"@type\":\"ListItem\",\"position\":2,\"name\":\"Recursos\"}]},{\"@type\":\"WebSite\",\"@id\":\"https:\\\/\\\/www.cynosurelutronicemea.com\\\/es\\\/#website\",\"url\":\"https:\\\/\\\/www.cynosurelutronicemea.com\\\/es\\\/\",\"name\":\"Cynosure Lutronic EMEA\",\"description\":\"\",\"potentialAction\":[{\"@type\":\"SearchAction\",\"target\":{\"@type\":\"EntryPoint\",\"urlTemplate\":\"https:\\\/\\\/www.cynosurelutronicemea.com\\\/es\\\/?s={search_term_string}\"},\"query-input\":{\"@type\":\"PropertyValueSpecification\",\"valueRequired\":true,\"valueName\":\"search_term_string\"}}],\"inLanguage\":\"es\"}]}<\/script>\n<!-- \/ Yoast SEO plugin. -->","yoast_head_json":{"title":"Recursos - Cynosure Lutronic EMEA","description":"Explora los eventos y publicaciones del blog de Cynosure Lutronic en la regi\u00f3n de EMEA. Mantente al d\u00eda con las tendencias de la industria, las opiniones de expertos y los pr\u00f3ximos eventos.","robots":{"index":"index","follow":"follow","max-snippet":"max-snippet:-1","max-image-preview":"max-image-preview:large","max-video-preview":"max-video-preview:-1"},"canonical":"https:\/\/www.cynosurelutronicemea.com\/es\/recursos\/","og_locale":"es_ES","og_type":"article","og_title":"Recursos - Cynosure Lutronic EMEA","og_description":"Explora los eventos y publicaciones del blog de Cynosure Lutronic en la regi\u00f3n de EMEA. Mantente al d\u00eda con las tendencias de la industria, las opiniones de expertos y los pr\u00f3ximos eventos.","og_url":"https:\/\/www.cynosurelutronicemea.com\/es\/recursos\/","og_site_name":"Cynosure Lutronic EMEA","article_modified_time":"2025-07-11T11:23:44+00:00","twitter_card":"summary_large_image","schema":{"@context":"https:\/\/schema.org","@graph":[{"@type":"WebPage","@id":"https:\/\/www.cynosurelutronicemea.com\/es\/recursos\/","url":"https:\/\/www.cynosurelutronicemea.com\/es\/recursos\/","name":"Recursos - Cynosure Lutronic EMEA","isPartOf":{"@id":"https:\/\/www.cynosurelutronicemea.com\/es\/#website"},"datePublished":"2024-09-30T19:20:40+00:00","dateModified":"2025-07-11T11:23:44+00:00","description":"Explora los eventos y publicaciones del blog de Cynosure Lutronic en la regi\u00f3n de EMEA. Mantente al d\u00eda con las tendencias de la industria, las opiniones de expertos y los pr\u00f3ximos eventos.","breadcrumb":{"@id":"https:\/\/www.cynosurelutronicemea.com\/es\/recursos\/#breadcrumb"},"inLanguage":"es","potentialAction":[{"@type":"ReadAction","target":["https:\/\/www.cynosurelutronicemea.com\/es\/recursos\/"]}]},{"@type":"BreadcrumbList","@id":"https:\/\/www.cynosurelutronicemea.com\/es\/recursos\/#breadcrumb","itemListElement":[{"@type":"ListItem","position":1,"name":"Home","item":"https:\/\/www.cynosurelutronicemea.com\/es\/"},{"@type":"ListItem","position":2,"name":"Recursos"}]},{"@type":"WebSite","@id":"https:\/\/www.cynosurelutronicemea.com\/es\/#website","url":"https:\/\/www.cynosurelutronicemea.com\/es\/","name":"Cynosure Lutronic EMEA","description":"","potentialAction":[{"@type":"SearchAction","target":{"@type":"EntryPoint","urlTemplate":"https:\/\/www.cynosurelutronicemea.com\/es\/?s={search_term_string}"},"query-input":{"@type":"PropertyValueSpecification","valueRequired":true,"valueName":"search_term_string"}}],"inLanguage":"es"}]}},"_links":{"self":[{"href":"https:\/\/www.cynosurelutronicemea.com\/es\/wp-json\/wp\/v2\/pages\/3771","targetHints":{"allow":["GET"]}}],"collection":[{"href":"https:\/\/www.cynosurelutronicemea.com\/es\/wp-json\/wp\/v2\/pages"}],"about":[{"href":"https:\/\/www.cynosurelutronicemea.com\/es\/wp-json\/wp\/v2\/types\/page"}],"author":[{"embeddable":true,"href":"https:\/\/www.cynosurelutronicemea.com\/es\/wp-json\/wp\/v2\/users\/70"}],"replies":[{"embeddable":true,"href":"https:\/\/www.cynosurelutronicemea.com\/es\/wp-json\/wp\/v2\/comments?post=3771"}],"version-history":[{"count":0,"href":"https:\/\/www.cynosurelutronicemea.com\/es\/wp-json\/wp\/v2\/pages\/3771\/revisions"}],"wp:attachment":[{"href":"https:\/\/www.cynosurelutronicemea.com\/es\/wp-json\/wp\/v2\/media?parent=3771"}],"curies":[{"name":"wp","href":"https:\/\/api.w.org\/{rel}","templated":true}]}}