{"id":3089,"date":"2024-10-29T07:46:42","date_gmt":"2024-10-29T07:46:42","guid":{"rendered":"https:\/\/www.cynosurelutronicemea.com\/frontpage\/"},"modified":"2026-03-12T16:03:44","modified_gmt":"2026-03-12T16:03:44","slug":"frontpage","status":"publish","type":"page","link":"https:\/\/www.cynosurelutronicemea.com\/es\/","title":{"rendered":"Homepage"},"content":{"rendered":"\n<section id=\"hero-block_7e1d34677009e1ea0174a14b1e3198aa\" class=\"hero-block\">\n  <!-- <div class=\"o-container\"> -->\n  \n<div class=\"c-hero-slider-container\" style=\"position:relative;\">\n\n    \n    <div class=\"c-hero-slider js-hero-slider\" >\n                <div class=\"c-hero-slider__item\">\n                    <section class=\"c-hero-slider__content u-text-white u-text-center\" style=\"background-image: url('https:\/\/www.cynosurelutronicemea.com\/wp-content\/uploads\/sites\/15\/2026\/03\/Website-Header-2-scaled.jpg'), url('https:\/\/www.cynosurelutronicemea.com\/wp-content\/uploads\/sites\/15\/2026\/03\/Website-Header-2-scaled.jpg');\">\n                        <div class=\"o-container\">\n                            <div class=\"o-row\">\n                                <div class=\"o-col-8@md o-col-7@lg o-col-6@xl u-mx-auto\">\n                                    <h1 class=\"c-hero-slider__title\"><p style=\"color: #000000;\">Bienvenido a la tercera dimensi\u00f3n&#8230;<\/h1>\n                                    <div class=\"c-hero-slider__text\">\n                                        <p><\/p>\n                                    <\/div>\n                                                                            <a href=\"https:\/\/www.cynosurelutronicemea.com\/es\/productos\/mosaic-3d\/\" class=\"c-button c-button--transparent-black\">MOSAIC 3D<\/a>                                                                    <\/div>\n                            <\/div>\n                        <\/div>\n                    <\/section>\n                <\/div>\n\n            <\/div><\/div>  <!-- <\/div> -->\n<\/section>\n\n\n\n<section id=\"cta-columns-block_b40b17b7cf734b1028abef2397515668\" class=\"cta-columns-block u-pt-5 u-pt-9@md u-pb-5 u-pb-9@md u-bg-tertriary-gray-100 c-text-editor\">\n    <div class=\"o-container\">\n\n    <div class=\"u-text-center u-pb-5\"><h2 class=\"u-mb-1\">NUESTROS DISPOSITIVOS L\u00c1SER EST\u00c9TICOS DESTACADOS<\/h2><p><\/p><\/div><div class=\"o-stack-2@md o-stack-4@xl u-mb-n-gutter\"><div class=\"u-mb-gutter\"><a href=\"https:\/\/www.cynosurelutronicemea.com\/es\/productos\/lasemd-ultra\/\">          <img decoding=\"async\" src=\"https:\/\/www.cynosurelutronicemea.com\/wp-content\/uploads\/sites\/15\/2024\/11\/ultra.jpg\" srcset=\"https:\/\/www.cynosurelutronicemea.com\/wp-content\/uploads\/sites\/15\/2024\/11\/ultra.jpg 586w, https:\/\/www.cynosurelutronicemea.com\/wp-content\/uploads\/sites\/15\/2024\/11\/ultra-261x300.jpg 261w, https:\/\/www.cynosurelutronicemea.com\/wp-content\/uploads\/sites\/15\/2024\/11\/ultra-428x492.jpg 428w\" sizes=\"(max-width: cynosure-small) 100vw, cynosure-small\" alt=\"Ultra\">\n    <\/a>El l\u00e1ser de tulio m\u00e1s avanzado del mundo. El LaseMD Ultra reconstruye una piel radiante y saludable a trav\u00e9s de tratamientos fraccionados suaves y no ablativos.  <a href=\"https:\/\/www.cynosurelutronicemea.com\/es\/productos\/lasemd-ultra\/\" class=\"u-mt-3 c-button c-button--xl c-button--transparent-orange\">Descubre m\u00e1s<\/a><\/div><div class=\"u-mb-gutter\"><a href=\"https:\/\/www.cynosurelutronicemea.com\/es\/productos\/clarity-ii\/\">          <img decoding=\"async\" src=\"https:\/\/www.cynosurelutronicemea.com\/wp-content\/uploads\/sites\/15\/2024\/11\/ClarityII.jpg\" srcset=\"https:\/\/www.cynosurelutronicemea.com\/wp-content\/uploads\/sites\/15\/2024\/11\/ClarityII.jpg 586w, https:\/\/www.cynosurelutronicemea.com\/wp-content\/uploads\/sites\/15\/2024\/11\/ClarityII-261x300.jpg 261w, https:\/\/www.cynosurelutronicemea.com\/wp-content\/uploads\/sites\/15\/2024\/11\/ClarityII-428x492.jpg 428w\" sizes=\"(max-width: cynosure-small) 100vw, cynosure-small\" alt=\"Clarity II\">\n    <\/a>Clarity II es el l\u00e1ser de longitud de onda m\u00e1s r\u00e1pido del mundo, dise\u00f1ado para tratar de manera segura y efectiva el vello no deseado, las lesiones pigmentadas y vasculares en todos los fototipos.<a href=\"https:\/\/www.cynosurelutronicemea.com\/es\/productos\/clarity-ii\/\" class=\"u-mt-3 c-button c-button--xl c-button--transparent-orange\">Descubre m\u00e1s<\/a><\/div><div class=\"u-mb-gutter\"><a href=\"https:\/\/www.cynosurelutronicemea.com\/es\/productos\/dermav\/\">          <img decoding=\"async\" src=\"https:\/\/www.cynosurelutronicemea.com\/wp-content\/uploads\/sites\/15\/2024\/11\/dermav.jpg\" srcset=\"https:\/\/www.cynosurelutronicemea.com\/wp-content\/uploads\/sites\/15\/2024\/11\/dermav.jpg 586w, https:\/\/www.cynosurelutronicemea.com\/wp-content\/uploads\/sites\/15\/2024\/11\/dermav-261x300.jpg 261w, https:\/\/www.cynosurelutronicemea.com\/wp-content\/uploads\/sites\/15\/2024\/11\/dermav-428x492.jpg 428w\" sizes=\"(max-width: cynosure-small) 100vw, cynosure-small\" alt=\"Derma V\">\n    <\/a>Derma V es un l\u00e1ser de pulsos largos de 532nm KTP y 1,064nm Nd:YAG con: enfriamiento criog\u00e9nico, pulsaci\u00f3n secuencial variable y detecci\u00f3n de temperatura en tiempo real.<a href=\"https:\/\/www.cynosurelutronicemea.com\/es\/productos\/dermav\/\" class=\"u-mt-3 c-button c-button--xl c-button--transparent-orange\">Descubre m\u00e1s<\/a><\/div><div class=\"u-mb-gutter\"><a href=\"https:\/\/www.cynosurelutronicemea.com\/es\/productos\/picosure-pro\/\">          <img decoding=\"async\" src=\"https:\/\/www.cynosurelutronicemea.com\/wp-content\/uploads\/sites\/15\/2024\/11\/picopro.jpg\" srcset=\"https:\/\/www.cynosurelutronicemea.com\/wp-content\/uploads\/sites\/15\/2024\/11\/picopro.jpg 586w, https:\/\/www.cynosurelutronicemea.com\/wp-content\/uploads\/sites\/15\/2024\/11\/picopro-261x300.jpg 261w, https:\/\/www.cynosurelutronicemea.com\/wp-content\/uploads\/sites\/15\/2024\/11\/picopro-428x492.jpg 428w\" sizes=\"(max-width: cynosure-small) 100vw, cynosure-small\" alt=\"Picosure Pro\">\n    <\/a>El PicoSure Pro aprovecha el poder de la tecnolog\u00eda de picosegundos para abordar problemas de pigmentaci\u00f3n, l\u00edneas finas, textura, eliminaci\u00f3n de tatuajes y m\u00e1s.<a href=\"https:\/\/www.cynosurelutronicemea.com\/es\/productos\/picosure-pro\/\" class=\"u-mt-3 c-button c-button--xl c-button--transparent-orange\">Descubre m\u00e1s<\/a><\/div><\/div>\n  <\/div>\n<\/section>\n\n\n\n<section id=\"cta-columns-block_87a47f7e14c52edb94ead86dc9ecfcc3\" class=\"cta-columns-block c-text-editor\">\n    <div class=\"o-container\">\n\n    <div class=\"u-text-center u-pb-5\"><h2 class=\"u-mb-1\"><\/h2><p><\/p><\/div><div class=\"o-stack-2@md o-stack-3@xl u-mb-n-gutter\"><div class=\"u-mb-gutter\">          <img decoding=\"async\" src=\"https:\/\/www.cynosurelutronicemea.com\/wp-content\/uploads\/sites\/15\/2024\/11\/Events-background-image.jpg\" srcset=\"https:\/\/www.cynosurelutronicemea.com\/wp-content\/uploads\/sites\/15\/2024\/11\/Events-background-image.jpg 567w, https:\/\/www.cynosurelutronicemea.com\/wp-content\/uploads\/sites\/15\/2024\/11\/Events-background-image-298x300.jpg 298w, https:\/\/www.cynosurelutronicemea.com\/wp-content\/uploads\/sites\/15\/2024\/11\/Events-background-image-150x150.jpg 150w, https:\/\/www.cynosurelutronicemea.com\/wp-content\/uploads\/sites\/15\/2024\/11\/Events-background-image-489x492.jpg 489w\" sizes=\"(max-width: cynosure-small) 100vw, cynosure-small\" alt=\"Square events banner photo background\">\n    <h2> Profesionales de la salud: Encuentra un evento cerca de ti <\/h2><a href=\"\" class=\"u-mt-3 c-button c-button--xl c-button--transparent-orange\">Ver todos los eventos<\/a><\/div><div class=\"u-mb-gutter\">          <img decoding=\"async\" src=\"https:\/\/www.cynosurelutronicemea.com\/wp-content\/uploads\/sites\/15\/2026\/03\/Banner-The-Art-of-Skin-Quality-984x984.jpg\" srcset=\"https:\/\/www.cynosurelutronicemea.com\/wp-content\/uploads\/sites\/15\/2026\/03\/Banner-The-Art-of-Skin-Quality-984x984.jpg 984w, https:\/\/www.cynosurelutronicemea.com\/wp-content\/uploads\/sites\/15\/2026\/03\/Banner-The-Art-of-Skin-Quality-300x300.jpg 300w, https:\/\/www.cynosurelutronicemea.com\/wp-content\/uploads\/sites\/15\/2026\/03\/Banner-The-Art-of-Skin-Quality-1024x1024.jpg 1024w, https:\/\/www.cynosurelutronicemea.com\/wp-content\/uploads\/sites\/15\/2026\/03\/Banner-The-Art-of-Skin-Quality-150x150.jpg 150w, https:\/\/www.cynosurelutronicemea.com\/wp-content\/uploads\/sites\/15\/2026\/03\/Banner-The-Art-of-Skin-Quality-768x768.jpg 768w, https:\/\/www.cynosurelutronicemea.com\/wp-content\/uploads\/sites\/15\/2026\/03\/Banner-The-Art-of-Skin-Quality-360x360.jpg 360w, https:\/\/www.cynosurelutronicemea.com\/wp-content\/uploads\/sites\/15\/2026\/03\/Banner-The-Art-of-Skin-Quality-492x492.jpg 492w, https:\/\/www.cynosurelutronicemea.com\/wp-content\/uploads\/sites\/15\/2026\/03\/Banner-The-Art-of-Skin-Quality-685x685.jpg 685w, https:\/\/www.cynosurelutronicemea.com\/wp-content\/uploads\/sites\/15\/2026\/03\/Banner-The-Art-of-Skin-Quality-908x908.jpg 908w, https:\/\/www.cynosurelutronicemea.com\/wp-content\/uploads\/sites\/15\/2026\/03\/Banner-The-Art-of-Skin-Quality.jpg 1080w\" sizes=\"(max-width: cynosure-small) 100vw, cynosure-small\" alt=\"banner-the-art-of-skin-quality\">\n    <h2> Reserva <\/h2><a href=\"https:\/\/www.cynosurelutronicemea.com\/es\/cla-may26\/\" class=\"u-mt-3 c-button c-button--xl c-button--transparent-orange\">Actividades <\/a><\/div><div class=\"u-mb-gutter\">          <img decoding=\"async\" src=\"https:\/\/www.cynosurelutronicemea.com\/wp-content\/uploads\/sites\/15\/2024\/11\/FAP-9.jpg\" srcset=\"https:\/\/www.cynosurelutronicemea.com\/wp-content\/uploads\/sites\/15\/2024\/11\/FAP-9.jpg 567w, https:\/\/www.cynosurelutronicemea.com\/wp-content\/uploads\/sites\/15\/2024\/11\/FAP-9-298x300.jpg 298w, https:\/\/www.cynosurelutronicemea.com\/wp-content\/uploads\/sites\/15\/2024\/11\/FAP-9-150x150.jpg 150w, https:\/\/www.cynosurelutronicemea.com\/wp-content\/uploads\/sites\/15\/2024\/11\/FAP-9-489x492.jpg 489w\" sizes=\"(max-width: cynosure-small) 100vw, cynosure-small\" alt=\"Generic location map icon \">\n    <h2>Pacientes: encuentra una cl\u00ednica cerca de ti<\/h2><a href=\"\" class=\"u-mt-3 c-button c-button--xl c-button--transparent-orange\">Encontrar una cl\u00ednica o doctor cerca de ti<\/a><\/div><\/div>\n  <\/div>\n<\/section>\n\n\n\n<section id=\"hero-block_0d5bc5c4366d189415095a4c2772bf5f\" class=\"hero-block\">\n  <!-- <div class=\"o-container\"> -->\n  \n<div class=\"c-hero-slider-container\" style=\"position:relative;\">\n\n    \n    <div class=\"c-hero-slider js-hero-slider\" >\n                <div class=\"c-hero-slider__item\">\n                    <section class=\"c-hero-slider__content u-text-white u-text-center\" style=\"background-image: url('https:\/\/www.cynosurelutronicemea.com\/wp-content\/uploads\/sites\/15\/2025\/02\/USS-Banner.png'), url('https:\/\/www.cynosurelutronicemea.com\/wp-content\/uploads\/sites\/15\/2025\/02\/USS-Banner.png');\">\n                        <div class=\"o-container\">\n                            <div class=\"o-row\">\n                                <div class=\"o-col-8@md o-col-7@lg o-col-6@xl u-mx-auto\">\n                                    <h1 class=\"c-hero-slider__title\"><img decoding=\"async\" src=\"ultra-skin-solutions-logo-white-small\" style=\"display: block; margin: 0 auto;\"><\/h1>\n                                    <div class=\"c-hero-slider__text\">\n                                        <p>Una combinaci\u00f3n potente que act\u00faa en m\u00faltiples capas para conseguir una piel m\u00e1s lisa, firme y radiante. <\/p>\n                                    <\/div>\n                                                                            <a href=\"https:\/\/www.cynosurelutronicemea.com\/es\/ultra-skin-solutions\" class=\"c-button c-button--orange\">Descubre m\u00e1s <\/a>                                                                    <\/div>\n                            <\/div>\n                        <\/div>\n                    <\/section>\n                <\/div>\n\n            <\/div><\/div>  <!-- <\/div> -->\n<\/section>\n\n\n\n<section id=\"recent-posts-block_5445a1c00f89b57d7f6242ff71dc5398\" class=\"recent-posts-block u-pt-5 u-pt-9@md u-pb-5 u-pb-9@md\">\n\n  <div class=\"o-container\">\n    <div class=\"o-row\">\n      <div class=\"o-col-12\">\n\n                  <div class=\"o-row\">\n            <div class=\"o-col-12 u-text-center u-mb-1 u-mb-2@md\">\n                              <h2 class=\"c-heading c-heading--secondary u-h3 u-h1@sm u-uppercase\">Art\u00edculos recientes<\/h2>\n                                        <\/div>\n          <\/div>\n        \n        <div class=\"u-hidden u-block@md\">\n          <div class=\"o-row\">\n            <div class=\"o-col-12\">\n              <div class=\"o-row\">\n                                  <div class=\"o-col-4\">\n                    <a href=\"https:\/\/www.cynosurelutronicemea.com\/de\/laser-101-eine-uebersicht-ueber-die-funktionsweise-der-lasertherapie-zur-hautbehandlung\/\" class=\"abc-c-article-card\">\n                                              <img decoding=\"async\" src=\"https:\/\/www.cynosurelutronicemea.com\/wp-content\/uploads\/sites\/15\/2026\/04\/Blog-Laser-101-494x360.jpg\" class=\"abc-c-article-card__image\" alt=\"Laser 101: Eine \u00dcbersicht \u00fcber die Funktionsweise der Lasertherapie zur Hautbehandlung\">\n                                            <div class=\"abc-c-article-card__body\">\n                        <p class=\"abc-c-article-card__date\">abril 21, 2026<\/p>\n                        <h3 class=\"abc-c-article-card__title\">Laser 101: Eine \u00dcbersicht \u00fcber die Funktionsweise der Lasertherapie zur Hautbehandlung<\/h3>\n                        <div class=\"abc-c-article-card__description\">\n                          <p>Von der Behandlung von Pigment- und Gef\u00e4\u00dfproblemen bis hin zur Verbesserung von Hautstruktur, Hautton und Narbenbild werden Laser heute routinem\u00e4\u00dfig in gro\u00dfen und kleinen Kliniken und Praxen auf der ganzen&#8230;<\/p>\n                        <\/div>\n                        <button class=\"c-button c-button--primary\">Read more<\/button>\n                      <\/div>\n                    <\/a>\n                  <\/div>\n                                  <div class=\"o-col-4\">\n                    <a href=\"https:\/\/www.cynosurelutronicemea.com\/laser-101-an-introduction-to-how-laser-therapy-works-in-skin-treatments\/\" class=\"abc-c-article-card\">\n                                              <img decoding=\"async\" src=\"https:\/\/www.cynosurelutronicemea.com\/wp-content\/uploads\/sites\/15\/2026\/04\/Blog-Laser-101-494x360.jpg\" class=\"abc-c-article-card__image\" alt=\"Laser 101: An Introduction to How Laser Therapy Works in Skin Treatments\">\n                                            <div class=\"abc-c-article-card__body\">\n                        <p class=\"abc-c-article-card__date\">abril 21, 2026<\/p>\n                        <h3 class=\"abc-c-article-card__title\">Laser 101: An Introduction to How Laser Therapy Works in Skin Treatments<\/h3>\n                        <div class=\"abc-c-article-card__description\">\n                          <p>From addressing pigmentation and vascular concerns to improving skin texture, tone and scarring, lasers are now used routinely in clinics around the world. And yet, it can be incredibly difficult&#8230;<\/p>\n                        <\/div>\n                        <button class=\"c-button c-button--primary\">Read more<\/button>\n                      <\/div>\n                    <\/a>\n                  <\/div>\n                                  <div class=\"o-col-4\">\n                    <a href=\"https:\/\/www.cynosurelutronicemea.com\/the-epidermis-returns-to-centre-stage-why-dr-pedro-santos-trusts-lasemd-ultra-for-visible-everyday-skin-renewal\/\" class=\"abc-c-article-card\">\n                                            <div class=\"abc-c-article-card__body\">\n                        <p class=\"abc-c-article-card__date\">febrero 10, 2026<\/p>\n                        <h3 class=\"abc-c-article-card__title\">The Epidermis Returns to Centre Stage: Why Dr Pedro Santos Trusts LaseMD Ultra for Visible, Everyday Skin Renewal<\/h3>\n                        <div class=\"abc-c-article-card__description\">\n                          <p>For years, the aesthetic conversation has been about the deeper layers of the skin. Collagen stimulation, dermal remodelling, and tightening, all of which are vital, but often overshadow something simpler:&#8230;<\/p>\n                        <\/div>\n                        <button class=\"c-button c-button--primary\">Read more<\/button>\n                      <\/div>\n                    <\/a>\n                  <\/div>\n                              <\/div>\n            <\/div>\n          <\/div>\n        <\/div>\n      <\/div>\n    <\/div>\n  <\/div>\n\n  <div class=\"u-hidden@md\">\n    <div class=\"c-article-card-slider\">\n              <div>\n          <a href=\"https:\/\/www.cynosurelutronicemea.com\/de\/laser-101-eine-uebersicht-ueber-die-funktionsweise-der-lasertherapie-zur-hautbehandlung\/\" class=\"abc-c-article-card\">\n                          <img decoding=\"async\" src=\"https:\/\/www.cynosurelutronicemea.com\/wp-content\/uploads\/sites\/15\/2026\/04\/Blog-Laser-101-494x360.jpg\" class=\"c-article-card__image\">\n                        <div class=\"abc-c-article-card__body\">\n              <p class=\"abc-c-article-card__date\">abril 21, 2026<\/p>\n              <h3 class=\"abc-c-article-card__title\">Laser 101: Eine \u00dcbersicht \u00fcber die Funktionsweise der Lasertherapie zur Hautbehandlung<\/h3>\n              <div class=\"abc-c-article-card__description\">\n                <p>Von der Behandlung von Pigment- und Gef\u00e4\u00dfproblemen bis hin zur Verbesserung von Hautstruktur, Hautton und Narbenbild werden Laser heute routinem\u00e4\u00dfig in gro\u00dfen und kleinen Kliniken und Praxen auf der ganzen&#8230;<\/p>\n              <\/div>\n              <button class=\"c-button c-button--primary\">Read more<\/button>\n            <\/div>\n          <\/a>\n        <\/div>\n              <div>\n          <a href=\"https:\/\/www.cynosurelutronicemea.com\/laser-101-an-introduction-to-how-laser-therapy-works-in-skin-treatments\/\" class=\"abc-c-article-card\">\n                          <img decoding=\"async\" src=\"https:\/\/www.cynosurelutronicemea.com\/wp-content\/uploads\/sites\/15\/2026\/04\/Blog-Laser-101-494x360.jpg\" class=\"c-article-card__image\">\n                        <div class=\"abc-c-article-card__body\">\n              <p class=\"abc-c-article-card__date\">abril 21, 2026<\/p>\n              <h3 class=\"abc-c-article-card__title\">Laser 101: An Introduction to How Laser Therapy Works in Skin Treatments<\/h3>\n              <div class=\"abc-c-article-card__description\">\n                <p>From addressing pigmentation and vascular concerns to improving skin texture, tone and scarring, lasers are now used routinely in clinics around the world. And yet, it can be incredibly difficult&#8230;<\/p>\n              <\/div>\n              <button class=\"c-button c-button--primary\">Read more<\/button>\n            <\/div>\n          <\/a>\n        <\/div>\n              <div>\n          <a href=\"https:\/\/www.cynosurelutronicemea.com\/the-epidermis-returns-to-centre-stage-why-dr-pedro-santos-trusts-lasemd-ultra-for-visible-everyday-skin-renewal\/\" class=\"abc-c-article-card\">\n                        <div class=\"abc-c-article-card__body\">\n              <p class=\"abc-c-article-card__date\">febrero 10, 2026<\/p>\n              <h3 class=\"abc-c-article-card__title\">The Epidermis Returns to Centre Stage: Why Dr Pedro Santos Trusts LaseMD Ultra for Visible, Everyday Skin Renewal<\/h3>\n              <div class=\"abc-c-article-card__description\">\n                <p>For years, the aesthetic conversation has been about the deeper layers of the skin. Collagen stimulation, dermal remodelling, and tightening, all of which are vital, but often overshadow something simpler:&#8230;<\/p>\n              <\/div>\n              <button class=\"c-button c-button--primary\">Read more<\/button>\n            <\/div>\n          <\/a>\n        <\/div>\n          <\/div>\n  <\/div>\n<\/section>\n\n\n","protected":false},"excerpt":{"rendered":"","protected":false},"author":6,"featured_media":0,"parent":0,"menu_order":0,"comment_status":"closed","ping_status":"closed","template":"","meta":{"_acf_changed":false,"footnotes":""},"class_list":["post-3089","page","type-page","status-publish","hentry"],"acf":[],"yoast_head":"<!-- This site is optimized with the Yoast SEO plugin v27.3 - https:\/\/yoast.com\/product\/yoast-seo-wordpress\/ -->\n<title>L\u00e1seres M\u00e9dicos | Dispositivos L\u00e1ser Est\u00e9ticos | Cynosure Lutronic<\/title>\n<meta name=\"description\" content=\"Cynosure Lutronic: Innovadores en l\u00e1seres m\u00e9dicos y dispositivos l\u00e1ser est\u00e9ticos. Ayudando a empoderar a los profesionales y a transformar el cuidado de los pacientes.\" \/>\n<meta name=\"robots\" content=\"index, follow, max-snippet:-1, max-image-preview:large, max-video-preview:-1\" \/>\n<link rel=\"canonical\" href=\"https:\/\/www.cynosurelutronicemea.com\/es\/\" \/>\n<meta property=\"og:locale\" content=\"es_ES\" \/>\n<meta property=\"og:type\" content=\"article\" \/>\n<meta property=\"og:title\" content=\"L\u00e1seres M\u00e9dicos | Dispositivos L\u00e1ser Est\u00e9ticos | Cynosure Lutronic\" \/>\n<meta property=\"og:description\" content=\"Cynosure Lutronic: Innovadores en l\u00e1seres m\u00e9dicos y dispositivos l\u00e1ser est\u00e9ticos. Ayudando a empoderar a los profesionales y a transformar el cuidado de los pacientes.\" \/>\n<meta property=\"og:url\" content=\"https:\/\/www.cynosurelutronicemea.com\/es\/\" \/>\n<meta property=\"og:site_name\" content=\"Cynosure Lutronic EMEA\" \/>\n<meta property=\"article:modified_time\" content=\"2026-03-12T16:03:44+00:00\" \/>\n<meta name=\"twitter:card\" content=\"summary_large_image\" \/>\n<script type=\"application\/ld+json\" class=\"yoast-schema-graph\">{\"@context\":\"https:\\\/\\\/schema.org\",\"@graph\":[{\"@type\":\"WebPage\",\"@id\":\"https:\\\/\\\/www.cynosurelutronicemea.com\\\/es\\\/\",\"url\":\"https:\\\/\\\/www.cynosurelutronicemea.com\\\/es\\\/\",\"name\":\"L\u00e1seres M\u00e9dicos | Dispositivos L\u00e1ser Est\u00e9ticos | Cynosure Lutronic\",\"isPartOf\":{\"@id\":\"https:\\\/\\\/www.cynosurelutronicemea.com\\\/es\\\/#website\"},\"datePublished\":\"2024-10-29T07:46:42+00:00\",\"dateModified\":\"2026-03-12T16:03:44+00:00\",\"description\":\"Cynosure Lutronic: Innovadores en l\u00e1seres m\u00e9dicos y dispositivos l\u00e1ser est\u00e9ticos. Ayudando a empoderar a los profesionales y a transformar el cuidado de los pacientes.\",\"breadcrumb\":{\"@id\":\"https:\\\/\\\/www.cynosurelutronicemea.com\\\/es\\\/#breadcrumb\"},\"inLanguage\":\"es\",\"potentialAction\":[{\"@type\":\"ReadAction\",\"target\":[\"https:\\\/\\\/www.cynosurelutronicemea.com\\\/es\\\/\"]}]},{\"@type\":\"BreadcrumbList\",\"@id\":\"https:\\\/\\\/www.cynosurelutronicemea.com\\\/es\\\/#breadcrumb\",\"itemListElement\":[{\"@type\":\"ListItem\",\"position\":1,\"name\":\"Home\",\"item\":\"https:\\\/\\\/www.cynosurelutronicemea.com\\\/es\\\/\"},{\"@type\":\"ListItem\",\"position\":2,\"name\":\"Homepage\"}]},{\"@type\":\"WebSite\",\"@id\":\"https:\\\/\\\/www.cynosurelutronicemea.com\\\/es\\\/#website\",\"url\":\"https:\\\/\\\/www.cynosurelutronicemea.com\\\/es\\\/\",\"name\":\"Cynosure Lutronic EMEA\",\"description\":\"\",\"potentialAction\":[{\"@type\":\"SearchAction\",\"target\":{\"@type\":\"EntryPoint\",\"urlTemplate\":\"https:\\\/\\\/www.cynosurelutronicemea.com\\\/es\\\/?s={search_term_string}\"},\"query-input\":{\"@type\":\"PropertyValueSpecification\",\"valueRequired\":true,\"valueName\":\"search_term_string\"}}],\"inLanguage\":\"es\"}]}<\/script>\n<!-- \/ Yoast SEO plugin. -->","yoast_head_json":{"title":"L\u00e1seres M\u00e9dicos | Dispositivos L\u00e1ser Est\u00e9ticos | Cynosure Lutronic","description":"Cynosure Lutronic: Innovadores en l\u00e1seres m\u00e9dicos y dispositivos l\u00e1ser est\u00e9ticos. Ayudando a empoderar a los profesionales y a transformar el cuidado de los pacientes.","robots":{"index":"index","follow":"follow","max-snippet":"max-snippet:-1","max-image-preview":"max-image-preview:large","max-video-preview":"max-video-preview:-1"},"canonical":"https:\/\/www.cynosurelutronicemea.com\/es\/","og_locale":"es_ES","og_type":"article","og_title":"L\u00e1seres M\u00e9dicos | Dispositivos L\u00e1ser Est\u00e9ticos | Cynosure Lutronic","og_description":"Cynosure Lutronic: Innovadores en l\u00e1seres m\u00e9dicos y dispositivos l\u00e1ser est\u00e9ticos. Ayudando a empoderar a los profesionales y a transformar el cuidado de los pacientes.","og_url":"https:\/\/www.cynosurelutronicemea.com\/es\/","og_site_name":"Cynosure Lutronic EMEA","article_modified_time":"2026-03-12T16:03:44+00:00","twitter_card":"summary_large_image","schema":{"@context":"https:\/\/schema.org","@graph":[{"@type":"WebPage","@id":"https:\/\/www.cynosurelutronicemea.com\/es\/","url":"https:\/\/www.cynosurelutronicemea.com\/es\/","name":"L\u00e1seres M\u00e9dicos | Dispositivos L\u00e1ser Est\u00e9ticos | Cynosure Lutronic","isPartOf":{"@id":"https:\/\/www.cynosurelutronicemea.com\/es\/#website"},"datePublished":"2024-10-29T07:46:42+00:00","dateModified":"2026-03-12T16:03:44+00:00","description":"Cynosure Lutronic: Innovadores en l\u00e1seres m\u00e9dicos y dispositivos l\u00e1ser est\u00e9ticos. Ayudando a empoderar a los profesionales y a transformar el cuidado de los pacientes.","breadcrumb":{"@id":"https:\/\/www.cynosurelutronicemea.com\/es\/#breadcrumb"},"inLanguage":"es","potentialAction":[{"@type":"ReadAction","target":["https:\/\/www.cynosurelutronicemea.com\/es\/"]}]},{"@type":"BreadcrumbList","@id":"https:\/\/www.cynosurelutronicemea.com\/es\/#breadcrumb","itemListElement":[{"@type":"ListItem","position":1,"name":"Home","item":"https:\/\/www.cynosurelutronicemea.com\/es\/"},{"@type":"ListItem","position":2,"name":"Homepage"}]},{"@type":"WebSite","@id":"https:\/\/www.cynosurelutronicemea.com\/es\/#website","url":"https:\/\/www.cynosurelutronicemea.com\/es\/","name":"Cynosure Lutronic EMEA","description":"","potentialAction":[{"@type":"SearchAction","target":{"@type":"EntryPoint","urlTemplate":"https:\/\/www.cynosurelutronicemea.com\/es\/?s={search_term_string}"},"query-input":{"@type":"PropertyValueSpecification","valueRequired":true,"valueName":"search_term_string"}}],"inLanguage":"es"}]}},"_links":{"self":[{"href":"https:\/\/www.cynosurelutronicemea.com\/es\/wp-json\/wp\/v2\/pages\/3089","targetHints":{"allow":["GET"]}}],"collection":[{"href":"https:\/\/www.cynosurelutronicemea.com\/es\/wp-json\/wp\/v2\/pages"}],"about":[{"href":"https:\/\/www.cynosurelutronicemea.com\/es\/wp-json\/wp\/v2\/types\/page"}],"author":[{"embeddable":true,"href":"https:\/\/www.cynosurelutronicemea.com\/es\/wp-json\/wp\/v2\/users\/6"}],"replies":[{"embeddable":true,"href":"https:\/\/www.cynosurelutronicemea.com\/es\/wp-json\/wp\/v2\/comments?post=3089"}],"version-history":[{"count":2,"href":"https:\/\/www.cynosurelutronicemea.com\/es\/wp-json\/wp\/v2\/pages\/3089\/revisions"}],"predecessor-version":[{"id":7611,"href":"https:\/\/www.cynosurelutronicemea.com\/es\/wp-json\/wp\/v2\/pages\/3089\/revisions\/7611"}],"wp:attachment":[{"href":"https:\/\/www.cynosurelutronicemea.com\/es\/wp-json\/wp\/v2\/media?parent=3089"}],"curies":[{"name":"wp","href":"https:\/\/api.w.org\/{rel}","templated":true}]}}