{"id":3086,"date":"2024-09-30T19:20:09","date_gmt":"2024-09-30T19:20:09","guid":{"rendered":"https:\/\/www.cynosurelutronicemea.com\/for-providers\/"},"modified":"2025-02-01T09:34:49","modified_gmt":"2025-02-01T09:34:49","slug":"para-doctores","status":"publish","type":"page","link":"https:\/\/www.cynosurelutronicemea.com\/es\/para-doctores\/","title":{"rendered":"Para doctores"},"content":{"rendered":"\n<section id=\"hero-block_73cc5340ac1ed4609a38017ab39cf455\" class=\"hero-block\">\n  <!-- <div class=\"o-container\"> -->\n  \n<div class=\"c-hero-slider-container\" style=\"position:relative;\">\n\n    \n    <div class=\"c-hero-slider js-hero-slider\" >\n                <div class=\"c-hero-slider__item\">\n                    <section class=\"c-hero-slider__content u-text-black u-text-center\" style=\"background-image: url('https:\/\/www.cynosurelutronicemea.com\/wp-content\/uploads\/sites\/15\/2024\/11\/Banners-Website-Clarity-II-36.jpg'), url('https:\/\/www.cynosurelutronicemea.com\/wp-content\/uploads\/sites\/15\/2024\/11\/Banners-Website-Clarity-II-36.jpg');\">\n                        <div class=\"o-container\">\n                            <div class=\"o-row\">\n                                <div class=\"o-col-8@md o-col-7@lg o-col-6@xl u-mx-auto\">\n                                    <h1 class=\"c-hero-slider__title\">Para doctores<\/h1>\n                                    <div class=\"c-hero-slider__text\">\n                                        <p><\/p>\n                                    <\/div>\n                                                                            <a href=\"https:\/\/www.cynosurelutronicemea.com\/es\/productos\/\" class=\"c-button c-button--orange\">Encontrar productos<\/a>                                                                    <\/div>\n                            <\/div>\n                        <\/div>\n                    <\/section>\n                <\/div>\n\n            <\/div><\/div>  <!-- <\/div> -->\n<\/section>\n\n<section id=\"content-block_9ea7e27802c081562cd6d6fc301475a7\" class=\"content-block u-pt-5 u-pt-9@md u-pb-5 u-pb-9@md\">\n    <div class=\"o-container\">\n\n    \n<div class=\"o-row\">\n        <div class=\"o-col-12 u-text-center\">\n              <h2 class=\"c-heading c-heading--secondary u-h3 u-h1@sm u-uppercase u-mb-3@sm\">Trabajar con Cynosure Lutronic<\/h2>\n                    <div class=\"c-text-editor\">\n          <p>Cynosure ofrece oportunidades de asociaci\u00f3n integrales dise\u00f1adas para empoderar a los proveedores de atenci\u00f3n m\u00e9dica con tecnolog\u00edas est\u00e9ticas avanzadas y soporte dedicado. Al colaborar con Cynosure Lutronic, los socios obtienen acceso a dispositivos l\u00e1ser y basados en energ\u00eda de vanguardia, asistencia personalizada en marketing, capacitaci\u00f3n profesional y un servicio al cliente incomparable. Adem\u00e1s, Cynosure asegura el desarrollo profesional continuo y la eficiencia operativa a trav\u00e9s de servicios de mantenimiento de dispositivos y soporte t\u00e9cnico personalizado. Esta asociaci\u00f3n es una soluci\u00f3n integral para mejorar las ofertas a los pacientes e impulsar el \u00e9xito de la pr\u00e1ctica.   <\/p>\n        <\/div>\n            <a href=\"#gform_popup_2\" class=\"u-mt-3 u-mr-1 c-button c-button--xl c-button--orange js-open-content-popup\">Hablar con el equipo de ventas<\/a>    <\/div>\n      <\/div>\n\n  <\/div>\n<\/section>\n\n<section id=\"content-block_bf88b39a5703eb5c654b63281aa16523\" class=\"content-block u-pt-5 u-pt-9@md u-pb-5 u-pb-9@md\">\n    <div class=\"o-container\">\n\n    \n<div class=\"o-row\">\n      <div class=\"o-col-12\">\n              <h2 class=\"c-heading c-heading--secondary u-h3 u-h1@sm u-uppercase u-mb-3@sm\">Servicio<\/h2>\n                    <div class=\"c-text-editor\">\n          <p><span data-teams=\"true\"><span class=\"ui-provider a b c d e f g h i j k l m n o p q r s t u v w x y z ab ac ae af ag ah ai aj ak\" dir=\"ltr\">Entendemos que mantener tu equipo funcionando a su m\u00e1ximo rendimiento es fundamental para tu negocio, por lo que contamos con un equipo de ingenieros experimentados disponibles para brindar soporte. Con una variedad de contratos de servicio disponibles, puedes tener la tranquilidad de que tu dispositivo y tu negocio est\u00e1n en buenas manos. <\/span><\/span><\/p>\n        <\/div>\n            <a href=\"#gform_popup_4\" class=\"u-mt-3 u-mr-1 c-button c-button--xl c-button--transparent-orange js-open-content-popup\">Solicitudes de servicio de clientes existentes<\/a>    <\/div>\n        <\/div>\n\n  <\/div>\n<\/section>\n\n<section id=\"content-block_5a9368a615a54fdb134d55c8b190682b\" class=\"content-block u-pt-5 u-pt-9@md u-pb-5 u-pb-9@md\">\n    <div class=\"o-container\">\n\n    \n<div class=\"o-row\">\n      <div class=\"o-col-12\">\n              <h2 class=\"c-heading c-heading--secondary u-h3 u-h1@sm u-uppercase u-mb-3@sm\">Cl\u00ednico<\/h2>\n                    <div class=\"c-text-editor\">\n          <p><span data-teams=\"true\"><span class=\"ui-provider a b c d e f g h i j k l m n o p q r s t u v w x y z ab ac ae af ag ah ai aj ak\" dir=\"ltr\">Nuestros entrenadores cl\u00ednicos altamente experimentados se asegurar\u00e1n de que puedas comenzar de inmediato, confiado en tu capacidad para ofrecer tratamientos seguros y efectivos a tus pacientes. <\/span><\/span><\/p>\n        <\/div>\n            <a href=\"#gform_popup_4\" class=\"u-mt-3 u-mr-1 c-button c-button--xl c-button--transparent-orange js-open-content-popup\">Solicitudes cl\u00ednicas de clientes existentes<\/a>    <\/div>\n        <\/div>\n\n  <\/div>\n<\/section>\n\n<section id=\"content-block_65e46eaf006f9d9eb5136361a7d7bcfb\" class=\"content-block u-pt-5 u-pt-9@md u-pb-5 u-pb-9@md\">\n    <div class=\"o-container\">\n\n    \n<div class=\"o-row\">\n      <div class=\"o-col-12\">\n              <h2 class=\"c-heading c-heading--secondary u-h3 u-h1@sm u-uppercase u-mb-3@sm\">AMPs<\/h2>\n                    <div class=\"c-text-editor\">\n          <p>Nuestro programa Amplified Marketing Practice Support (AMPS) mejora la visibilidad y el crecimiento de la pr\u00e1ctica a trav\u00e9s de recursos personalizados, como materiales descargables, m\u00f3dulos de aprendizaje en l\u00ednea y herramientas promocionales exclusivas.<\/p>\n        <\/div>\n                <\/div>\n        <\/div>\n\n  <\/div>\n<\/section>\n\n<section id=\"cta-columns-block_21e3b4f9c167907535d35427a7e17e93\" class=\"cta-columns-block u-pt-5 u-pt-9@md u-pb-5 u-pb-9@md c-text-editor\">\n    <div class=\"o-container\">\n\n    <div class=\"u-text-center u-pb-5\"><h2 class=\"u-mb-1\">Explorar productos Cynosure Lutronic<\/h2><p><\/p><\/div><div class=\"o-stack-2@md o-stack-2@xl u-mb-n-gutter\"><div class=\"u-mb-gutter\">          <img decoding=\"async\" src=\"https:\/\/www.cynosurelutronicemea.com\/wp-content\/uploads\/sites\/15\/2024\/11\/Skin-Concerns-Small.jpg\" srcset=\"https:\/\/www.cynosurelutronicemea.com\/wp-content\/uploads\/sites\/15\/2024\/11\/Skin-Concerns-Small.jpg 567w, https:\/\/www.cynosurelutronicemea.com\/wp-content\/uploads\/sites\/15\/2024\/11\/Skin-Concerns-Small-298x300.jpg 298w, https:\/\/www.cynosurelutronicemea.com\/wp-content\/uploads\/sites\/15\/2024\/11\/Skin-Concerns-Small-150x150.jpg 150w, https:\/\/www.cynosurelutronicemea.com\/wp-content\/uploads\/sites\/15\/2024\/11\/Skin-Concerns-Small-489x492.jpg 489w\" sizes=\"(max-width: cynosure-small) 100vw, cynosure-small\" alt=\"Skin Conditions icons square banner\">\n    <h2 style=\"text-align: center;\">Por preocupaciones de la piel<\/h2><a href=\"https:\/\/www.cynosurelutronicemea.com\/es\/tratamientos\/\" class=\"u-mt-3 c-button c-button--xl c-button--transparent-orange\">Todas las preocupaciones de la piel<\/a><\/div><div class=\"u-mb-gutter\">          <img decoding=\"async\" src=\"https:\/\/www.cynosurelutronicemea.com\/wp-content\/uploads\/sites\/15\/2024\/11\/all-products.jpg\" srcset=\"https:\/\/www.cynosurelutronicemea.com\/wp-content\/uploads\/sites\/15\/2024\/11\/all-products.jpg 567w, https:\/\/www.cynosurelutronicemea.com\/wp-content\/uploads\/sites\/15\/2024\/11\/all-products-298x300.jpg 298w, https:\/\/www.cynosurelutronicemea.com\/wp-content\/uploads\/sites\/15\/2024\/11\/all-products-150x150.jpg 150w, https:\/\/www.cynosurelutronicemea.com\/wp-content\/uploads\/sites\/15\/2024\/11\/all-products-489x492.jpg 489w\" sizes=\"(max-width: cynosure-small) 100vw, cynosure-small\" alt=\"Square Cynosure Lutronic portfolio\">\n    <h2 h2=\"\" style=\"text-align: center;\">Por nombre de producto<\/h2><a href=\"https:\/\/www.cynosurelutronicemea.com\/es\/productos\/\" class=\"u-mt-3 c-button c-button--xl c-button--transparent-orange\">Todos los productos<\/a><\/div><\/div>\n  <\/div>\n<\/section>\n\n<section id=\"content-block_00ab8c16e8f012d394db88b842cf6577\" class=\"content-block u-pt-5 u-pt-9@md u-pb-5 u-pb-9@md o-background c-subheader\" style=\"background-image: url(https:\/\/www.cynosurelutronicemea.com\/wp-content\/uploads\/sites\/15\/2024\/11\/Event-banner-small.jpg);\">\n  <div class=\"c-subheader__overlay\" style=\"opacity: .80\"><\/div>  <div class=\"o-container\">\n\n    \n<div class=\"o-row\">\n        <div class=\"o-col-8@md\">\n            <div class=\"c-call-to-action__inner\">\n        <div class=\"c-call-to-action__content\">\n          <h1>Eventos y Webinars<\/h1>\n<p>Desde talleres sobre un dispositivo espec\u00edfico que ya posees hasta d\u00edas de demostraci\u00f3n para la compra de un nuevo dispositivo, consulta los eventos y webinars aqu\u00ed.<\/p>\n          <a href=\"https:\/\/www.cynosurelutronicemea.com\/es\/recursos\/\" class=\"u-mt-3 u-mr-1 c-button c-button--xl c-button--transparent-orange\">Eventos y Webinars<\/a>        <\/div>\n      <\/div>\n      <\/div>\n    <\/div>\n<\/div>\n\n  <\/div>\n<\/section>\n","protected":false},"excerpt":{"rendered":"","protected":false},"author":70,"featured_media":0,"parent":0,"menu_order":0,"comment_status":"closed","ping_status":"closed","template":"","meta":{"_acf_changed":false,"footnotes":""},"class_list":["post-3086","page","type-page","status-publish","hentry"],"acf":[],"yoast_head":"<!-- This site is optimized with the Yoast SEO plugin v27.3 - https:\/\/yoast.com\/product\/yoast-seo-wordpress\/ -->\n<title>Para doctores - Cynosure Lutronic EMEA<\/title>\n<meta name=\"description\" content=\"Convi\u00e9rtete en socio de Cynosure Lutronic para dispositivos est\u00e9ticos de vanguardia, capacitaci\u00f3n y soporte. Descubre c\u00f3mo podemos ayudarte a hacer crecer tu pr\u00e1ctica y elevar el cuidado de los pacientes.\" \/>\n<meta name=\"robots\" content=\"index, follow, max-snippet:-1, max-image-preview:large, max-video-preview:-1\" \/>\n<link rel=\"canonical\" href=\"https:\/\/www.cynosurelutronicemea.com\/es\/para-doctores\/\" \/>\n<meta property=\"og:locale\" content=\"es_ES\" \/>\n<meta property=\"og:type\" content=\"article\" \/>\n<meta property=\"og:title\" content=\"Para doctores - Cynosure Lutronic EMEA\" \/>\n<meta property=\"og:description\" content=\"Convi\u00e9rtete en socio de Cynosure Lutronic para dispositivos est\u00e9ticos de vanguardia, capacitaci\u00f3n y soporte. Descubre c\u00f3mo podemos ayudarte a hacer crecer tu pr\u00e1ctica y elevar el cuidado de los pacientes.\" \/>\n<meta property=\"og:url\" content=\"https:\/\/www.cynosurelutronicemea.com\/es\/para-doctores\/\" \/>\n<meta property=\"og:site_name\" content=\"Cynosure Lutronic EMEA\" \/>\n<meta property=\"article:modified_time\" content=\"2025-02-01T09:34:49+00:00\" \/>\n<meta name=\"twitter:card\" content=\"summary_large_image\" \/>\n<script type=\"application\/ld+json\" class=\"yoast-schema-graph\">{\"@context\":\"https:\\\/\\\/schema.org\",\"@graph\":[{\"@type\":\"WebPage\",\"@id\":\"https:\\\/\\\/www.cynosurelutronicemea.com\\\/es\\\/para-doctores\\\/\",\"url\":\"https:\\\/\\\/www.cynosurelutronicemea.com\\\/es\\\/para-doctores\\\/\",\"name\":\"Para doctores - Cynosure Lutronic EMEA\",\"isPartOf\":{\"@id\":\"https:\\\/\\\/www.cynosurelutronicemea.com\\\/es\\\/#website\"},\"datePublished\":\"2024-09-30T19:20:09+00:00\",\"dateModified\":\"2025-02-01T09:34:49+00:00\",\"description\":\"Convi\u00e9rtete en socio de Cynosure Lutronic para dispositivos est\u00e9ticos de vanguardia, capacitaci\u00f3n y soporte. Descubre c\u00f3mo podemos ayudarte a hacer crecer tu pr\u00e1ctica y elevar el cuidado de los pacientes.\",\"breadcrumb\":{\"@id\":\"https:\\\/\\\/www.cynosurelutronicemea.com\\\/es\\\/para-doctores\\\/#breadcrumb\"},\"inLanguage\":\"es\",\"potentialAction\":[{\"@type\":\"ReadAction\",\"target\":[\"https:\\\/\\\/www.cynosurelutronicemea.com\\\/es\\\/para-doctores\\\/\"]}]},{\"@type\":\"BreadcrumbList\",\"@id\":\"https:\\\/\\\/www.cynosurelutronicemea.com\\\/es\\\/para-doctores\\\/#breadcrumb\",\"itemListElement\":[{\"@type\":\"ListItem\",\"position\":1,\"name\":\"Home\",\"item\":\"https:\\\/\\\/www.cynosurelutronicemea.com\\\/es\\\/\"},{\"@type\":\"ListItem\",\"position\":2,\"name\":\"Para doctores\"}]},{\"@type\":\"WebSite\",\"@id\":\"https:\\\/\\\/www.cynosurelutronicemea.com\\\/es\\\/#website\",\"url\":\"https:\\\/\\\/www.cynosurelutronicemea.com\\\/es\\\/\",\"name\":\"Cynosure Lutronic EMEA\",\"description\":\"\",\"potentialAction\":[{\"@type\":\"SearchAction\",\"target\":{\"@type\":\"EntryPoint\",\"urlTemplate\":\"https:\\\/\\\/www.cynosurelutronicemea.com\\\/es\\\/?s={search_term_string}\"},\"query-input\":{\"@type\":\"PropertyValueSpecification\",\"valueRequired\":true,\"valueName\":\"search_term_string\"}}],\"inLanguage\":\"es\"}]}<\/script>\n<!-- \/ Yoast SEO plugin. -->","yoast_head_json":{"title":"Para doctores - Cynosure Lutronic EMEA","description":"Convi\u00e9rtete en socio de Cynosure Lutronic para dispositivos est\u00e9ticos de vanguardia, capacitaci\u00f3n y soporte. Descubre c\u00f3mo podemos ayudarte a hacer crecer tu pr\u00e1ctica y elevar el cuidado de los pacientes.","robots":{"index":"index","follow":"follow","max-snippet":"max-snippet:-1","max-image-preview":"max-image-preview:large","max-video-preview":"max-video-preview:-1"},"canonical":"https:\/\/www.cynosurelutronicemea.com\/es\/para-doctores\/","og_locale":"es_ES","og_type":"article","og_title":"Para doctores - Cynosure Lutronic EMEA","og_description":"Convi\u00e9rtete en socio de Cynosure Lutronic para dispositivos est\u00e9ticos de vanguardia, capacitaci\u00f3n y soporte. Descubre c\u00f3mo podemos ayudarte a hacer crecer tu pr\u00e1ctica y elevar el cuidado de los pacientes.","og_url":"https:\/\/www.cynosurelutronicemea.com\/es\/para-doctores\/","og_site_name":"Cynosure Lutronic EMEA","article_modified_time":"2025-02-01T09:34:49+00:00","twitter_card":"summary_large_image","schema":{"@context":"https:\/\/schema.org","@graph":[{"@type":"WebPage","@id":"https:\/\/www.cynosurelutronicemea.com\/es\/para-doctores\/","url":"https:\/\/www.cynosurelutronicemea.com\/es\/para-doctores\/","name":"Para doctores - Cynosure Lutronic EMEA","isPartOf":{"@id":"https:\/\/www.cynosurelutronicemea.com\/es\/#website"},"datePublished":"2024-09-30T19:20:09+00:00","dateModified":"2025-02-01T09:34:49+00:00","description":"Convi\u00e9rtete en socio de Cynosure Lutronic para dispositivos est\u00e9ticos de vanguardia, capacitaci\u00f3n y soporte. Descubre c\u00f3mo podemos ayudarte a hacer crecer tu pr\u00e1ctica y elevar el cuidado de los pacientes.","breadcrumb":{"@id":"https:\/\/www.cynosurelutronicemea.com\/es\/para-doctores\/#breadcrumb"},"inLanguage":"es","potentialAction":[{"@type":"ReadAction","target":["https:\/\/www.cynosurelutronicemea.com\/es\/para-doctores\/"]}]},{"@type":"BreadcrumbList","@id":"https:\/\/www.cynosurelutronicemea.com\/es\/para-doctores\/#breadcrumb","itemListElement":[{"@type":"ListItem","position":1,"name":"Home","item":"https:\/\/www.cynosurelutronicemea.com\/es\/"},{"@type":"ListItem","position":2,"name":"Para doctores"}]},{"@type":"WebSite","@id":"https:\/\/www.cynosurelutronicemea.com\/es\/#website","url":"https:\/\/www.cynosurelutronicemea.com\/es\/","name":"Cynosure Lutronic EMEA","description":"","potentialAction":[{"@type":"SearchAction","target":{"@type":"EntryPoint","urlTemplate":"https:\/\/www.cynosurelutronicemea.com\/es\/?s={search_term_string}"},"query-input":{"@type":"PropertyValueSpecification","valueRequired":true,"valueName":"search_term_string"}}],"inLanguage":"es"}]}},"_links":{"self":[{"href":"https:\/\/www.cynosurelutronicemea.com\/es\/wp-json\/wp\/v2\/pages\/3086","targetHints":{"allow":["GET"]}}],"collection":[{"href":"https:\/\/www.cynosurelutronicemea.com\/es\/wp-json\/wp\/v2\/pages"}],"about":[{"href":"https:\/\/www.cynosurelutronicemea.com\/es\/wp-json\/wp\/v2\/types\/page"}],"author":[{"embeddable":true,"href":"https:\/\/www.cynosurelutronicemea.com\/es\/wp-json\/wp\/v2\/users\/70"}],"replies":[{"embeddable":true,"href":"https:\/\/www.cynosurelutronicemea.com\/es\/wp-json\/wp\/v2\/comments?post=3086"}],"version-history":[{"count":0,"href":"https:\/\/www.cynosurelutronicemea.com\/es\/wp-json\/wp\/v2\/pages\/3086\/revisions"}],"wp:attachment":[{"href":"https:\/\/www.cynosurelutronicemea.com\/es\/wp-json\/wp\/v2\/media?parent=3086"}],"curies":[{"name":"wp","href":"https:\/\/api.w.org\/{rel}","templated":true}]}}