{"id":3083,"date":"2024-09-30T19:20:25","date_gmt":"2024-09-30T19:20:25","guid":{"rendered":"https:\/\/www.cynosurelutronicemea.com\/for-patients\/"},"modified":"2025-02-01T09:11:54","modified_gmt":"2025-02-01T09:11:54","slug":"para-pacientes","status":"publish","type":"page","link":"https:\/\/www.cynosurelutronicemea.com\/es\/para-pacientes\/","title":{"rendered":"Para pacientes"},"content":{"rendered":"\n<section id=\"hero-block_50032c3571956399888c1d0bc83c79e5\" class=\"hero-block\">\n  <!-- <div class=\"o-container\"> -->\n  \n<div class=\"c-hero-slider-container\" style=\"position:relative;\">\n\n    \n    <div class=\"c-hero-slider js-hero-slider\" >\n                <div class=\"c-hero-slider__item\">\n                    <section class=\"c-hero-slider__content u-text-black u-text-center\" style=\"background-image: url('https:\/\/www.cynosurelutronicemea.com\/wp-content\/uploads\/sites\/15\/2024\/11\/Banners-Website-Eco2plus-28.jpg'), url('https:\/\/www.cynosurelutronicemea.com\/wp-content\/uploads\/sites\/15\/2024\/11\/Banners-Website-Eco2plus-28.jpg');\">\n                        <div class=\"o-container\">\n                            <div class=\"o-row\">\n                                <div class=\"o-col-8@md o-col-7@lg o-col-6@xl u-mx-auto\">\n                                    <h1 class=\"c-hero-slider__title\">Para pacientes<\/h1>\n                                    <div class=\"c-hero-slider__text\">\n                                        <p><p style=\"font-size: 20px;\">Informaci\u00f3n \u00fatil para pacientes <\/p><\/p>\n                                    <\/div>\n                                                                            <a href=\"https:\/\/www.cynosurelutronicemea.com\/es\/encontrar-una-clinica\/\" class=\"c-button c-button--orange\">Encontrar una cl\u00ednica<\/a>                                                                    <\/div>\n                            <\/div>\n                        <\/div>\n                    <\/section>\n                <\/div>\n\n            <\/div><\/div>  <!-- <\/div> -->\n<\/section>\n\n<section id=\"content-block_8dc32187f1b11e25163643411913965b\" class=\"content-block u-pt-5 u-pt-9@md u-pb-5 u-pb-9@md\">\n    <div class=\"o-container\">\n\n    \n<div class=\"o-row\">\n        <div class=\"o-col-12 u-text-center\">\n              <h2 class=\"c-heading c-heading--secondary u-h3 u-h1@sm u-uppercase u-mb-3@sm\">Informaci\u00f3n para pacientes<\/h2>\n                    <div class=\"c-text-editor\">\n          <p style=\"font-size: 20px;\">Si est\u00e1s buscando soluciones para una preocupaci\u00f3n espec\u00edfica de tu piel o deseas obtener m\u00e1s informaci\u00f3n sobre un dispositivo Cynosure Lutronic del que has o\u00eddo hablar, utiliza el enlace a continuaci\u00f3n. Hemos proporcionado un resumen de cada dispositivo y las preocupaciones de la piel que abordan. Tambi\u00e9n encontrar\u00e1s un directorio de cl\u00ednicas equipadas con tecnolog\u00eda Cynosure Lutronic. Cont\u00e1cta directamente con estas cl\u00ednicas para discutir las opciones de tratamiento, planes y costos asociados adaptados a tus necesidades.   <\/p>\n        <\/div>\n                <\/div>\n      <\/div>\n\n  <\/div>\n<\/section>\n\n<section id=\"content-block_17414d429ec19c8876b09680dbefa447\" class=\"content-block u-pt-5 u-pt-9@md u-pb-5 u-pb-9@md c-section--text-image\">\n    <div class=\"o-container\">\n\n    \n<div class=\"o-row u-items-center\">\n  <div class=\"o-col-7@md\">\n    <div class=\"c-text-editor\">\n\n              <h2 class=\"c-heading c-heading--secondary u-h3 u-h2@lg u-uppercase\">Preocupaciones de la piel<\/h2>\n      \n      <p>\u00bfSufres de una preocupaci\u00f3n espec\u00edfica de la piel y deseas obtener m\u00e1s informaci\u00f3n sobre qu\u00e9 dispositivo Cynosure Lutronic puede ayudarte? Entonces visita nuestra p\u00e1gina de preocupaciones de la piel para m\u00e1s informaci\u00f3n. <\/p>\n\n      <div class=\"c-buttons-wrapper\"><a href=\"https:\/\/www.cynosurelutronicemea.com\/es\/tratamientos\/\" class=\"u-mt-3 c-button c-button--xl c-button--transparent-orange\">Todas las preocupaciones de la piel<\/a><a href=\"https:\/\/www.cynosurelutronicemea.com\/es\/encontrar-una-clinica\/\" class=\"u-mt-3 c-button c-button--xl c-button--transparent-black\">Encontrar una cl\u00ednica<\/a><\/div>\n    <\/div>\n  <\/div>\n      <div class=\"o-col-5@md u-pt-2 u-pb-2 u-text-center\">\n              <img decoding=\"async\" src=\"https:\/\/www.cynosurelutronicemea.com\/wp-content\/uploads\/sites\/15\/2024\/11\/Skin-Concerns-Small.jpg\" class=\"desktop-image\" alt=\"Skin Conditions icons square banner\">\n                <\/div>\n  <\/div>\n\n  <\/div>\n<\/section>\n\n<section id=\"content-block_b1b533028021758f7079295cd73f3c11\" class=\"content-block u-pt-5 u-pt-9@md u-pb-5 u-pb-9@md c-section--text-image u-flex-invert-columns\">\n    <div class=\"o-container\">\n\n    \n<div class=\"o-row u-items-center\">\n  <div class=\"o-col-7@md\">\n    <div class=\"c-text-editor\">\n\n              <h2 class=\"c-heading c-heading--secondary u-h3 u-h2@lg u-uppercase\">Productos<\/h2>\n      \n      <p>\u00bfHas o\u00eddo hablar del Picosure Pro o de Genius, Radiofrecuencia con microagujas, y quieres saber m\u00e1s? Visita nuestra p\u00e1gina de productos para localizar el dispositivo Cynosure Lutronic que est\u00e1s buscando. No olvides ubicar tu cl\u00ednica m\u00e1s cercana utilizando nuestro buscador de cl\u00ednicas para obtener m\u00e1s informaci\u00f3n sobre los planes de tratamiento y los costos.  <\/p>\n\n      <div class=\"c-buttons-wrapper\"><a href=\"https:\/\/www.cynosurelutronicemea.com\/es\/productos\/\" class=\"u-mt-3 c-button c-button--xl c-button--transparent-orange\">Todos los productos<\/a><a href=\"https:\/\/www.cynosurelutronicemea.com\/es\/encontrar-una-clinica\/\" class=\"u-mt-3 c-button c-button--xl c-button--transparent-black\">Encontrar una cl\u00ednica<\/a><\/div>\n    <\/div>\n  <\/div>\n      <div class=\"o-col-5@md u-pt-2 u-pb-2 u-text-center\">\n              <img decoding=\"async\" src=\"https:\/\/www.cynosurelutronicemea.com\/wp-content\/uploads\/sites\/15\/2024\/11\/all-products.jpg\" class=\"desktop-image\" alt=\"Square Cynosure Lutronic portfolio\">\n                <\/div>\n  <\/div>\n\n  <\/div>\n<\/section>\n","protected":false},"excerpt":{"rendered":"","protected":false},"author":70,"featured_media":0,"parent":0,"menu_order":0,"comment_status":"closed","ping_status":"closed","template":"","meta":{"_acf_changed":false,"footnotes":""},"class_list":["post-3083","page","type-page","status-publish","hentry"],"acf":[],"yoast_head":"<!-- This site is optimized with the Yoast SEO plugin v27.3 - https:\/\/yoast.com\/product\/yoast-seo-wordpress\/ -->\n<title>Para pacientes - Cynosure Lutronic EMEA<\/title>\n<meta name=\"description\" content=\"Explora los tratamientos Cynosure Lutronic y encuentra doctores de confianza cerca de ti para soluciones est\u00e9ticas avanzadas que te ayuden a lucir y sentirte lo mejor posible.\" \/>\n<meta name=\"robots\" content=\"index, follow, max-snippet:-1, max-image-preview:large, max-video-preview:-1\" \/>\n<link rel=\"canonical\" href=\"https:\/\/www.cynosurelutronicemea.com\/es\/para-pacientes\/\" \/>\n<meta property=\"og:locale\" content=\"es_ES\" \/>\n<meta property=\"og:type\" content=\"article\" \/>\n<meta property=\"og:title\" content=\"Para pacientes - Cynosure Lutronic EMEA\" \/>\n<meta property=\"og:description\" content=\"Explora los tratamientos Cynosure Lutronic y encuentra doctores de confianza cerca de ti para soluciones est\u00e9ticas avanzadas que te ayuden a lucir y sentirte lo mejor posible.\" \/>\n<meta property=\"og:url\" content=\"https:\/\/www.cynosurelutronicemea.com\/es\/para-pacientes\/\" \/>\n<meta property=\"og:site_name\" content=\"Cynosure Lutronic EMEA\" \/>\n<meta property=\"article:modified_time\" content=\"2025-02-01T09:11:54+00:00\" \/>\n<meta name=\"twitter:card\" content=\"summary_large_image\" \/>\n<script type=\"application\/ld+json\" class=\"yoast-schema-graph\">{\"@context\":\"https:\\\/\\\/schema.org\",\"@graph\":[{\"@type\":\"WebPage\",\"@id\":\"https:\\\/\\\/www.cynosurelutronicemea.com\\\/es\\\/para-pacientes\\\/\",\"url\":\"https:\\\/\\\/www.cynosurelutronicemea.com\\\/es\\\/para-pacientes\\\/\",\"name\":\"Para pacientes - Cynosure Lutronic EMEA\",\"isPartOf\":{\"@id\":\"https:\\\/\\\/www.cynosurelutronicemea.com\\\/es\\\/#website\"},\"datePublished\":\"2024-09-30T19:20:25+00:00\",\"dateModified\":\"2025-02-01T09:11:54+00:00\",\"description\":\"Explora los tratamientos Cynosure Lutronic y encuentra doctores de confianza cerca de ti para soluciones est\u00e9ticas avanzadas que te ayuden a lucir y sentirte lo mejor posible.\",\"breadcrumb\":{\"@id\":\"https:\\\/\\\/www.cynosurelutronicemea.com\\\/es\\\/para-pacientes\\\/#breadcrumb\"},\"inLanguage\":\"es\",\"potentialAction\":[{\"@type\":\"ReadAction\",\"target\":[\"https:\\\/\\\/www.cynosurelutronicemea.com\\\/es\\\/para-pacientes\\\/\"]}]},{\"@type\":\"BreadcrumbList\",\"@id\":\"https:\\\/\\\/www.cynosurelutronicemea.com\\\/es\\\/para-pacientes\\\/#breadcrumb\",\"itemListElement\":[{\"@type\":\"ListItem\",\"position\":1,\"name\":\"Home\",\"item\":\"https:\\\/\\\/www.cynosurelutronicemea.com\\\/es\\\/\"},{\"@type\":\"ListItem\",\"position\":2,\"name\":\"Para pacientes\"}]},{\"@type\":\"WebSite\",\"@id\":\"https:\\\/\\\/www.cynosurelutronicemea.com\\\/es\\\/#website\",\"url\":\"https:\\\/\\\/www.cynosurelutronicemea.com\\\/es\\\/\",\"name\":\"Cynosure Lutronic EMEA\",\"description\":\"\",\"potentialAction\":[{\"@type\":\"SearchAction\",\"target\":{\"@type\":\"EntryPoint\",\"urlTemplate\":\"https:\\\/\\\/www.cynosurelutronicemea.com\\\/es\\\/?s={search_term_string}\"},\"query-input\":{\"@type\":\"PropertyValueSpecification\",\"valueRequired\":true,\"valueName\":\"search_term_string\"}}],\"inLanguage\":\"es\"}]}<\/script>\n<!-- \/ Yoast SEO plugin. -->","yoast_head_json":{"title":"Para pacientes - Cynosure Lutronic EMEA","description":"Explora los tratamientos Cynosure Lutronic y encuentra doctores de confianza cerca de ti para soluciones est\u00e9ticas avanzadas que te ayuden a lucir y sentirte lo mejor posible.","robots":{"index":"index","follow":"follow","max-snippet":"max-snippet:-1","max-image-preview":"max-image-preview:large","max-video-preview":"max-video-preview:-1"},"canonical":"https:\/\/www.cynosurelutronicemea.com\/es\/para-pacientes\/","og_locale":"es_ES","og_type":"article","og_title":"Para pacientes - Cynosure Lutronic EMEA","og_description":"Explora los tratamientos Cynosure Lutronic y encuentra doctores de confianza cerca de ti para soluciones est\u00e9ticas avanzadas que te ayuden a lucir y sentirte lo mejor posible.","og_url":"https:\/\/www.cynosurelutronicemea.com\/es\/para-pacientes\/","og_site_name":"Cynosure Lutronic EMEA","article_modified_time":"2025-02-01T09:11:54+00:00","twitter_card":"summary_large_image","schema":{"@context":"https:\/\/schema.org","@graph":[{"@type":"WebPage","@id":"https:\/\/www.cynosurelutronicemea.com\/es\/para-pacientes\/","url":"https:\/\/www.cynosurelutronicemea.com\/es\/para-pacientes\/","name":"Para pacientes - Cynosure Lutronic EMEA","isPartOf":{"@id":"https:\/\/www.cynosurelutronicemea.com\/es\/#website"},"datePublished":"2024-09-30T19:20:25+00:00","dateModified":"2025-02-01T09:11:54+00:00","description":"Explora los tratamientos Cynosure Lutronic y encuentra doctores de confianza cerca de ti para soluciones est\u00e9ticas avanzadas que te ayuden a lucir y sentirte lo mejor posible.","breadcrumb":{"@id":"https:\/\/www.cynosurelutronicemea.com\/es\/para-pacientes\/#breadcrumb"},"inLanguage":"es","potentialAction":[{"@type":"ReadAction","target":["https:\/\/www.cynosurelutronicemea.com\/es\/para-pacientes\/"]}]},{"@type":"BreadcrumbList","@id":"https:\/\/www.cynosurelutronicemea.com\/es\/para-pacientes\/#breadcrumb","itemListElement":[{"@type":"ListItem","position":1,"name":"Home","item":"https:\/\/www.cynosurelutronicemea.com\/es\/"},{"@type":"ListItem","position":2,"name":"Para pacientes"}]},{"@type":"WebSite","@id":"https:\/\/www.cynosurelutronicemea.com\/es\/#website","url":"https:\/\/www.cynosurelutronicemea.com\/es\/","name":"Cynosure Lutronic EMEA","description":"","potentialAction":[{"@type":"SearchAction","target":{"@type":"EntryPoint","urlTemplate":"https:\/\/www.cynosurelutronicemea.com\/es\/?s={search_term_string}"},"query-input":{"@type":"PropertyValueSpecification","valueRequired":true,"valueName":"search_term_string"}}],"inLanguage":"es"}]}},"_links":{"self":[{"href":"https:\/\/www.cynosurelutronicemea.com\/es\/wp-json\/wp\/v2\/pages\/3083","targetHints":{"allow":["GET"]}}],"collection":[{"href":"https:\/\/www.cynosurelutronicemea.com\/es\/wp-json\/wp\/v2\/pages"}],"about":[{"href":"https:\/\/www.cynosurelutronicemea.com\/es\/wp-json\/wp\/v2\/types\/page"}],"author":[{"embeddable":true,"href":"https:\/\/www.cynosurelutronicemea.com\/es\/wp-json\/wp\/v2\/users\/70"}],"replies":[{"embeddable":true,"href":"https:\/\/www.cynosurelutronicemea.com\/es\/wp-json\/wp\/v2\/comments?post=3083"}],"version-history":[{"count":0,"href":"https:\/\/www.cynosurelutronicemea.com\/es\/wp-json\/wp\/v2\/pages\/3083\/revisions"}],"wp:attachment":[{"href":"https:\/\/www.cynosurelutronicemea.com\/es\/wp-json\/wp\/v2\/media?parent=3083"}],"curies":[{"name":"wp","href":"https:\/\/api.w.org\/{rel}","templated":true}]}}