{"id":3081,"date":"2024-09-30T06:18:31","date_gmt":"2024-09-30T06:18:31","guid":{"rendered":"https:\/\/www.cynosurelutronicemea.com\/find-a-provider\/"},"modified":"2025-02-01T09:27:14","modified_gmt":"2025-02-01T09:27:14","slug":"encontrar-una-clinica","status":"publish","type":"page","link":"https:\/\/www.cynosurelutronicemea.com\/es\/encontrar-una-clinica\/","title":{"rendered":"Encontrar una cl\u00ednica o doctor cerca de ti"},"content":{"rendered":"","protected":false},"excerpt":{"rendered":"","protected":false},"author":40,"featured_media":0,"parent":0,"menu_order":0,"comment_status":"closed","ping_status":"closed","template":"page-template-find-provider.php","meta":{"_acf_changed":false,"footnotes":""},"class_list":["post-3081","page","type-page","status-publish","hentry"],"acf":[],"yoast_head":"<!-- This site is optimized with the Yoast SEO plugin v27.2 - https:\/\/yoast.com\/product\/yoast-seo-wordpress\/ -->\n<title>Encontrar una cl\u00ednica o doctor cerca de ti - Cynosure Lutronic EMEA<\/title>\n<meta name=\"description\" content=\"Encuentra una cl\u00ednica con tecnolog\u00eda Cynosure Lutronic cerca de ti. Descubre expertos de confianza que ofrecen tratamientos est\u00e9ticos avanzados para resultados radiantes y llenos de confianza.\" \/>\n<meta name=\"robots\" content=\"index, follow, max-snippet:-1, max-image-preview:large, max-video-preview:-1\" \/>\n<link rel=\"canonical\" href=\"https:\/\/www.cynosurelutronicemea.com\/es\/encontrar-una-clinica\/\" \/>\n<meta property=\"og:locale\" content=\"es_ES\" \/>\n<meta property=\"og:type\" content=\"article\" \/>\n<meta property=\"og:title\" content=\"Encontrar una cl\u00ednica o doctor cerca de ti - Cynosure Lutronic EMEA\" \/>\n<meta property=\"og:description\" content=\"Encuentra una cl\u00ednica con tecnolog\u00eda Cynosure Lutronic cerca de ti. Descubre expertos de confianza que ofrecen tratamientos est\u00e9ticos avanzados para resultados radiantes y llenos de confianza.\" \/>\n<meta property=\"og:url\" content=\"https:\/\/www.cynosurelutronicemea.com\/es\/encontrar-una-clinica\/\" \/>\n<meta property=\"og:site_name\" content=\"Cynosure Lutronic EMEA\" \/>\n<meta property=\"article:modified_time\" content=\"2025-02-01T09:27:14+00:00\" \/>\n<meta name=\"twitter:card\" content=\"summary_large_image\" \/>\n<script type=\"application\/ld+json\" class=\"yoast-schema-graph\">{\"@context\":\"https:\/\/schema.org\",\"@graph\":[{\"@type\":\"WebPage\",\"@id\":\"https:\/\/www.cynosurelutronicemea.com\/es\/encontrar-una-clinica\/\",\"url\":\"https:\/\/www.cynosurelutronicemea.com\/es\/encontrar-una-clinica\/\",\"name\":\"Encontrar una cl\u00ednica o doctor cerca de ti - Cynosure Lutronic EMEA\",\"isPartOf\":{\"@id\":\"https:\/\/www.cynosurelutronicemea.com\/es\/#website\"},\"datePublished\":\"2024-09-30T06:18:31+00:00\",\"dateModified\":\"2025-02-01T09:27:14+00:00\",\"description\":\"Encuentra una cl\u00ednica con tecnolog\u00eda Cynosure Lutronic cerca de ti. Descubre expertos de confianza que ofrecen tratamientos est\u00e9ticos avanzados para resultados radiantes y llenos de confianza.\",\"breadcrumb\":{\"@id\":\"https:\/\/www.cynosurelutronicemea.com\/es\/encontrar-una-clinica\/#breadcrumb\"},\"inLanguage\":\"es\",\"potentialAction\":[{\"@type\":\"ReadAction\",\"target\":[\"https:\/\/www.cynosurelutronicemea.com\/es\/encontrar-una-clinica\/\"]}]},{\"@type\":\"BreadcrumbList\",\"@id\":\"https:\/\/www.cynosurelutronicemea.com\/es\/encontrar-una-clinica\/#breadcrumb\",\"itemListElement\":[{\"@type\":\"ListItem\",\"position\":1,\"name\":\"Home\",\"item\":\"https:\/\/www.cynosurelutronicemea.com\/es\/\"},{\"@type\":\"ListItem\",\"position\":2,\"name\":\"Encontrar una cl\u00ednica o doctor cerca de ti\"}]},{\"@type\":\"WebSite\",\"@id\":\"https:\/\/www.cynosurelutronicemea.com\/es\/#website\",\"url\":\"https:\/\/www.cynosurelutronicemea.com\/es\/\",\"name\":\"Cynosure Lutronic EMEA\",\"description\":\"\",\"potentialAction\":[{\"@type\":\"SearchAction\",\"target\":{\"@type\":\"EntryPoint\",\"urlTemplate\":\"https:\/\/www.cynosurelutronicemea.com\/es\/?s={search_term_string}\"},\"query-input\":{\"@type\":\"PropertyValueSpecification\",\"valueRequired\":true,\"valueName\":\"search_term_string\"}}],\"inLanguage\":\"es\"}]}<\/script>\n<!-- \/ Yoast SEO plugin. -->","yoast_head_json":{"title":"Encontrar una cl\u00ednica o doctor cerca de ti - Cynosure Lutronic EMEA","description":"Encuentra una cl\u00ednica con tecnolog\u00eda Cynosure Lutronic cerca de ti. Descubre expertos de confianza que ofrecen tratamientos est\u00e9ticos avanzados para resultados radiantes y llenos de confianza.","robots":{"index":"index","follow":"follow","max-snippet":"max-snippet:-1","max-image-preview":"max-image-preview:large","max-video-preview":"max-video-preview:-1"},"canonical":"https:\/\/www.cynosurelutronicemea.com\/es\/encontrar-una-clinica\/","og_locale":"es_ES","og_type":"article","og_title":"Encontrar una cl\u00ednica o doctor cerca de ti - Cynosure Lutronic EMEA","og_description":"Encuentra una cl\u00ednica con tecnolog\u00eda Cynosure Lutronic cerca de ti. Descubre expertos de confianza que ofrecen tratamientos est\u00e9ticos avanzados para resultados radiantes y llenos de confianza.","og_url":"https:\/\/www.cynosurelutronicemea.com\/es\/encontrar-una-clinica\/","og_site_name":"Cynosure Lutronic EMEA","article_modified_time":"2025-02-01T09:27:14+00:00","twitter_card":"summary_large_image","schema":{"@context":"https:\/\/schema.org","@graph":[{"@type":"WebPage","@id":"https:\/\/www.cynosurelutronicemea.com\/es\/encontrar-una-clinica\/","url":"https:\/\/www.cynosurelutronicemea.com\/es\/encontrar-una-clinica\/","name":"Encontrar una cl\u00ednica o doctor cerca de ti - Cynosure Lutronic EMEA","isPartOf":{"@id":"https:\/\/www.cynosurelutronicemea.com\/es\/#website"},"datePublished":"2024-09-30T06:18:31+00:00","dateModified":"2025-02-01T09:27:14+00:00","description":"Encuentra una cl\u00ednica con tecnolog\u00eda Cynosure Lutronic cerca de ti. Descubre expertos de confianza que ofrecen tratamientos est\u00e9ticos avanzados para resultados radiantes y llenos de confianza.","breadcrumb":{"@id":"https:\/\/www.cynosurelutronicemea.com\/es\/encontrar-una-clinica\/#breadcrumb"},"inLanguage":"es","potentialAction":[{"@type":"ReadAction","target":["https:\/\/www.cynosurelutronicemea.com\/es\/encontrar-una-clinica\/"]}]},{"@type":"BreadcrumbList","@id":"https:\/\/www.cynosurelutronicemea.com\/es\/encontrar-una-clinica\/#breadcrumb","itemListElement":[{"@type":"ListItem","position":1,"name":"Home","item":"https:\/\/www.cynosurelutronicemea.com\/es\/"},{"@type":"ListItem","position":2,"name":"Encontrar una cl\u00ednica o doctor cerca de ti"}]},{"@type":"WebSite","@id":"https:\/\/www.cynosurelutronicemea.com\/es\/#website","url":"https:\/\/www.cynosurelutronicemea.com\/es\/","name":"Cynosure Lutronic EMEA","description":"","potentialAction":[{"@type":"SearchAction","target":{"@type":"EntryPoint","urlTemplate":"https:\/\/www.cynosurelutronicemea.com\/es\/?s={search_term_string}"},"query-input":{"@type":"PropertyValueSpecification","valueRequired":true,"valueName":"search_term_string"}}],"inLanguage":"es"}]}},"_links":{"self":[{"href":"https:\/\/www.cynosurelutronicemea.com\/es\/wp-json\/wp\/v2\/pages\/3081","targetHints":{"allow":["GET"]}}],"collection":[{"href":"https:\/\/www.cynosurelutronicemea.com\/es\/wp-json\/wp\/v2\/pages"}],"about":[{"href":"https:\/\/www.cynosurelutronicemea.com\/es\/wp-json\/wp\/v2\/types\/page"}],"author":[{"embeddable":true,"href":"https:\/\/www.cynosurelutronicemea.com\/es\/wp-json\/wp\/v2\/users\/40"}],"replies":[{"embeddable":true,"href":"https:\/\/www.cynosurelutronicemea.com\/es\/wp-json\/wp\/v2\/comments?post=3081"}],"version-history":[{"count":0,"href":"https:\/\/www.cynosurelutronicemea.com\/es\/wp-json\/wp\/v2\/pages\/3081\/revisions"}],"wp:attachment":[{"href":"https:\/\/www.cynosurelutronicemea.com\/es\/wp-json\/wp\/v2\/media?parent=3081"}],"curies":[{"name":"wp","href":"https:\/\/api.w.org\/{rel}","templated":true}]}}