{"id":3075,"date":"2024-11-19T10:09:18","date_gmt":"2024-11-19T10:09:18","guid":{"rendered":"https:\/\/www.cynosurelutronicemea.com\/about-us\/"},"modified":"2025-02-10T09:29:25","modified_gmt":"2025-02-10T09:29:25","slug":"sobre-nosotros","status":"publish","type":"page","link":"https:\/\/www.cynosurelutronicemea.com\/es\/sobre-nosotros\/","title":{"rendered":"Nosotros"},"content":{"rendered":"\n<section id=\"hero-block_bbe52849b5e91d61c765f5c7c88927a7\" class=\"hero-block\">\n  <!-- <div class=\"o-container\"> -->\n  \n<div class=\"c-hero-slider-container\" style=\"position:relative;\">\n\n    \n    <div class=\"c-hero-slider js-hero-slider\" >\n                <div class=\"c-hero-slider__item\">\n                    <section class=\"c-hero-slider__content u-text-white\" style=\"background-image: url('https:\/\/www.cynosurelutronicemea.com\/wp-content\/uploads\/sites\/15\/2024\/11\/emea-team-photo-scaled.jpg'), url('https:\/\/www.cynosurelutronicemea.com\/wp-content\/uploads\/sites\/15\/2024\/11\/emea-team-photo-scaled.jpg');\">\n                        <div class=\"o-container\">\n                            <div class=\"o-row\">\n                                <div class=\"o-col-8@md o-col-7@lg o-col-6@xl\">\n                                    <h1 class=\"c-hero-slider__title\"><\/h1>\n                                    <div class=\"c-hero-slider__text\">\n                                        <p><\/p>\n                                    <\/div>\n                                                                                                                                                <\/div>\n                            <\/div>\n                        <\/div>\n                    <\/section>\n                <\/div>\n\n            <\/div><\/div>  <!-- <\/div> -->\n<\/section>\n\n<section id=\"content-block_28a84f04b70ac0c118f33c9942af8d22\" class=\"content-block\">\n    <div class=\"o-container\">\n\n    \n<div class=\"o-row\">\n        <div class=\"o-col-12 u-text-center\">\n              <h2 class=\"c-heading c-heading--secondary u-h3 u-h1@sm u-uppercase u-mb-3@sm\">Sobre Cynosure Lutronic<\/h2>\n                    <div class=\"c-text-editor\">\n          <p>Cynosure Lutronic es el resultado de la uni\u00f3n de dos referentes en est\u00e9tica trabajando como uno solo. Con nuestros 55 a\u00f1os combinados de experiencia, innovaci\u00f3n y creatividad, hemos ayudado a dar forma al presente y ahora esperamos dar forma al futuro.<br \/>\nEste fuerte legado ha creado una asociaci\u00f3n poderosamente \u00fanica que brinda a nuestros empleados, doctores y sus pacientes un soporte cl\u00ednico, formaci\u00f3n y servicio sin igual. Y aunque nos enorgullece estar a la vanguardia de la tecnolog\u00eda, son las personas las que realmente nos impulsan. <strong>La verdad simple es esta<\/strong>: los negocios se hacen entre personas, y es su hermosa energ\u00eda es la que hace brillar nuestro futuro.  <\/p>\n        <\/div>\n                <\/div>\n      <\/div>\n\n  <\/div>\n<\/section>\n\n<section id=\"content-block_0fbc854a3969196069f1b803e05bb335\" class=\"content-block u-pt-5 u-pt-9@md u-pb-5 u-pb-9@md\">\n    <div class=\"o-container\">\n\n    \n<div class=\"o-row\">\n  <div class=\"o-col-7@md u-mb-3\">\n          <h2 class=\"c-heading c-heading--secondary u-h3 u-h2@lg u-uppercase\">Trabaja para Cynosure Lutronic<\/h2>\n        <div class=\"c-text-editor\">\n      <p>En Cynosure Lutronic, estamos redefiniendo el futuro de la innovaci\u00f3n est\u00e9tica y m\u00e9dica con emocionantes oportunidades de carrera en Europa, el Medio Oriente y \u00c1frica (EMEA). Ya sea que te apasione el marketing, ofrecer un servicio al cliente excepcional, impulsar las ventas o avanzar en aplicaciones cl\u00ednicas, nuestro equipo diverso ofrece la oportunidad de colaborar con l\u00edderes de la industria y dar forma al futuro de la belleza, la tecnolog\u00eda y el bienestar. \u00danete a nosotros y empodera a las personas para que se sientan seguras en su propia piel mientras exploras tu propio potencial en un entorno din\u00e1mico y visionario.  <\/p>\n      <div class=\"c-buttons-wrapper\"><a href=\"http:\/\/cyno.news\/jobs\" class=\"u-mt-3 c-button c-button--xl c-button--transparent-\" rel=\"noreferrer\">Ver vacantes actuales<\/a><\/div>    <\/div>\n  <\/div>\n  <\/div>\n\n  <\/div>\n<\/section>\n\n<section id=\"content-block_145f775f301d20b27aa8e5fc12cfcc51\" class=\"content-block u-pt-5 u-pt-9@md u-pb-5 u-pb-9@md c-section--text-image\">\n    <div class=\"o-container\">\n\n    \n<div class=\"o-row u-items-center\">\n  <div class=\"o-col-7@md\">\n    <div class=\"c-text-editor\">\n\n              <h2 class=\"c-heading c-heading--secondary u-h3 u-h2@lg u-uppercase\">Nuestra direcci\u00f3n global<\/h2>\n      \n      <p>Nuestro equipo de liderazgo global y la junta directiva impulsan la visi\u00f3n y la innovaci\u00f3n en el coraz\u00f3n de Cynosure Lutronic. Compuesto por profesionales experimentados de diversos antecedentes, aportan una experiencia y una visi\u00f3n estrat\u00e9gica inigualables para guiar nuestra misi\u00f3n de avanzar en la excelencia est\u00e9tica y m\u00e9dica. Comprometidos con fomentar la innovaci\u00f3n, la excelencia operativa y el \u00e9xito del cliente, nuestros l\u00edderes est\u00e1n dedicados a empoderar tanto a nuestro equipo como a nuestros socios para que prosperen en una industria de r\u00e1pido cambio. Su enfoque colectivo en la colaboraci\u00f3n y la visi\u00f3n de futuro asegura que Cynosure Lutronic se mantenga a la vanguardia de la innovaci\u00f3n a nivel mundial.   <\/p>\n\n      <div class=\"c-buttons-wrapper\"><a href=\"https:\/\/www.cynosure.com\/about-us\/leadership\/\" class=\"u-mt-3 c-button c-button--xl c-button--transparent-orange\" target=\"_blank\" rel=\"noreferrer\">Liderazgo Global<\/a><a href=\"https:\/\/www.cynosure.com\/about-us\/board-of-directors\/\" class=\"u-mt-3 c-button c-button--xl c-button--transparent-\" rel=\"noreferrer\">Junta Directiva<\/a><\/div>\n    <\/div>\n  <\/div>\n  <\/div>\n\n  <\/div>\n<\/section>\n","protected":false},"excerpt":{"rendered":"","protected":false},"author":65,"featured_media":0,"parent":0,"menu_order":0,"comment_status":"closed","ping_status":"closed","template":"","meta":{"_acf_changed":false,"footnotes":""},"class_list":["post-3075","page","type-page","status-publish","hentry"],"acf":[],"yoast_head":"<!-- This site is optimized with the Yoast SEO plugin v27.3 - https:\/\/yoast.com\/product\/yoast-seo-wordpress\/ -->\n<title>Nosotros - Cynosure Lutronic EMEA<\/title>\n<meta name=\"description\" content=\"Descubre Cynosure Lutronic: un l\u00edder global en tecnolog\u00eda l\u00e1ser est\u00e9tica y m\u00e9dica, dedicado a la innovaci\u00f3n, la excelencia y a empoderar a los profesionales con soluciones de vanguardia para resultados transformadores en los pacientes.\" \/>\n<meta name=\"robots\" content=\"index, follow, max-snippet:-1, max-image-preview:large, max-video-preview:-1\" \/>\n<link rel=\"canonical\" href=\"https:\/\/www.cynosurelutronicemea.com\/es\/sobre-nosotros\/\" \/>\n<meta property=\"og:locale\" content=\"es_ES\" \/>\n<meta property=\"og:type\" content=\"article\" \/>\n<meta property=\"og:title\" content=\"Nosotros - Cynosure Lutronic EMEA\" \/>\n<meta property=\"og:description\" content=\"Descubre Cynosure Lutronic: un l\u00edder global en tecnolog\u00eda l\u00e1ser est\u00e9tica y m\u00e9dica, dedicado a la innovaci\u00f3n, la excelencia y a empoderar a los profesionales con soluciones de vanguardia para resultados transformadores en los pacientes.\" \/>\n<meta property=\"og:url\" content=\"https:\/\/www.cynosurelutronicemea.com\/es\/sobre-nosotros\/\" \/>\n<meta property=\"og:site_name\" content=\"Cynosure Lutronic EMEA\" \/>\n<meta property=\"article:modified_time\" content=\"2025-02-10T09:29:25+00:00\" \/>\n<meta name=\"twitter:card\" content=\"summary_large_image\" \/>\n<script type=\"application\/ld+json\" class=\"yoast-schema-graph\">{\"@context\":\"https:\\\/\\\/schema.org\",\"@graph\":[{\"@type\":\"WebPage\",\"@id\":\"https:\\\/\\\/www.cynosurelutronicemea.com\\\/es\\\/sobre-nosotros\\\/\",\"url\":\"https:\\\/\\\/www.cynosurelutronicemea.com\\\/es\\\/sobre-nosotros\\\/\",\"name\":\"Nosotros - Cynosure Lutronic EMEA\",\"isPartOf\":{\"@id\":\"https:\\\/\\\/www.cynosurelutronicemea.com\\\/es\\\/#website\"},\"datePublished\":\"2024-11-19T10:09:18+00:00\",\"dateModified\":\"2025-02-10T09:29:25+00:00\",\"description\":\"Descubre Cynosure Lutronic: un l\u00edder global en tecnolog\u00eda l\u00e1ser est\u00e9tica y m\u00e9dica, dedicado a la innovaci\u00f3n, la excelencia y a empoderar a los profesionales con soluciones de vanguardia para resultados transformadores en los pacientes.\",\"breadcrumb\":{\"@id\":\"https:\\\/\\\/www.cynosurelutronicemea.com\\\/es\\\/sobre-nosotros\\\/#breadcrumb\"},\"inLanguage\":\"es\",\"potentialAction\":[{\"@type\":\"ReadAction\",\"target\":[\"https:\\\/\\\/www.cynosurelutronicemea.com\\\/es\\\/sobre-nosotros\\\/\"]}]},{\"@type\":\"BreadcrumbList\",\"@id\":\"https:\\\/\\\/www.cynosurelutronicemea.com\\\/es\\\/sobre-nosotros\\\/#breadcrumb\",\"itemListElement\":[{\"@type\":\"ListItem\",\"position\":1,\"name\":\"Home\",\"item\":\"https:\\\/\\\/www.cynosurelutronicemea.com\\\/es\\\/\"},{\"@type\":\"ListItem\",\"position\":2,\"name\":\"Nosotros\"}]},{\"@type\":\"WebSite\",\"@id\":\"https:\\\/\\\/www.cynosurelutronicemea.com\\\/es\\\/#website\",\"url\":\"https:\\\/\\\/www.cynosurelutronicemea.com\\\/es\\\/\",\"name\":\"Cynosure Lutronic EMEA\",\"description\":\"\",\"potentialAction\":[{\"@type\":\"SearchAction\",\"target\":{\"@type\":\"EntryPoint\",\"urlTemplate\":\"https:\\\/\\\/www.cynosurelutronicemea.com\\\/es\\\/?s={search_term_string}\"},\"query-input\":{\"@type\":\"PropertyValueSpecification\",\"valueRequired\":true,\"valueName\":\"search_term_string\"}}],\"inLanguage\":\"es\"}]}<\/script>\n<!-- \/ Yoast SEO plugin. -->","yoast_head_json":{"title":"Nosotros - Cynosure Lutronic EMEA","description":"Descubre Cynosure Lutronic: un l\u00edder global en tecnolog\u00eda l\u00e1ser est\u00e9tica y m\u00e9dica, dedicado a la innovaci\u00f3n, la excelencia y a empoderar a los profesionales con soluciones de vanguardia para resultados transformadores en los pacientes.","robots":{"index":"index","follow":"follow","max-snippet":"max-snippet:-1","max-image-preview":"max-image-preview:large","max-video-preview":"max-video-preview:-1"},"canonical":"https:\/\/www.cynosurelutronicemea.com\/es\/sobre-nosotros\/","og_locale":"es_ES","og_type":"article","og_title":"Nosotros - Cynosure Lutronic EMEA","og_description":"Descubre Cynosure Lutronic: un l\u00edder global en tecnolog\u00eda l\u00e1ser est\u00e9tica y m\u00e9dica, dedicado a la innovaci\u00f3n, la excelencia y a empoderar a los profesionales con soluciones de vanguardia para resultados transformadores en los pacientes.","og_url":"https:\/\/www.cynosurelutronicemea.com\/es\/sobre-nosotros\/","og_site_name":"Cynosure Lutronic EMEA","article_modified_time":"2025-02-10T09:29:25+00:00","twitter_card":"summary_large_image","schema":{"@context":"https:\/\/schema.org","@graph":[{"@type":"WebPage","@id":"https:\/\/www.cynosurelutronicemea.com\/es\/sobre-nosotros\/","url":"https:\/\/www.cynosurelutronicemea.com\/es\/sobre-nosotros\/","name":"Nosotros - Cynosure Lutronic EMEA","isPartOf":{"@id":"https:\/\/www.cynosurelutronicemea.com\/es\/#website"},"datePublished":"2024-11-19T10:09:18+00:00","dateModified":"2025-02-10T09:29:25+00:00","description":"Descubre Cynosure Lutronic: un l\u00edder global en tecnolog\u00eda l\u00e1ser est\u00e9tica y m\u00e9dica, dedicado a la innovaci\u00f3n, la excelencia y a empoderar a los profesionales con soluciones de vanguardia para resultados transformadores en los pacientes.","breadcrumb":{"@id":"https:\/\/www.cynosurelutronicemea.com\/es\/sobre-nosotros\/#breadcrumb"},"inLanguage":"es","potentialAction":[{"@type":"ReadAction","target":["https:\/\/www.cynosurelutronicemea.com\/es\/sobre-nosotros\/"]}]},{"@type":"BreadcrumbList","@id":"https:\/\/www.cynosurelutronicemea.com\/es\/sobre-nosotros\/#breadcrumb","itemListElement":[{"@type":"ListItem","position":1,"name":"Home","item":"https:\/\/www.cynosurelutronicemea.com\/es\/"},{"@type":"ListItem","position":2,"name":"Nosotros"}]},{"@type":"WebSite","@id":"https:\/\/www.cynosurelutronicemea.com\/es\/#website","url":"https:\/\/www.cynosurelutronicemea.com\/es\/","name":"Cynosure Lutronic EMEA","description":"","potentialAction":[{"@type":"SearchAction","target":{"@type":"EntryPoint","urlTemplate":"https:\/\/www.cynosurelutronicemea.com\/es\/?s={search_term_string}"},"query-input":{"@type":"PropertyValueSpecification","valueRequired":true,"valueName":"search_term_string"}}],"inLanguage":"es"}]}},"_links":{"self":[{"href":"https:\/\/www.cynosurelutronicemea.com\/es\/wp-json\/wp\/v2\/pages\/3075","targetHints":{"allow":["GET"]}}],"collection":[{"href":"https:\/\/www.cynosurelutronicemea.com\/es\/wp-json\/wp\/v2\/pages"}],"about":[{"href":"https:\/\/www.cynosurelutronicemea.com\/es\/wp-json\/wp\/v2\/types\/page"}],"author":[{"embeddable":true,"href":"https:\/\/www.cynosurelutronicemea.com\/es\/wp-json\/wp\/v2\/users\/65"}],"replies":[{"embeddable":true,"href":"https:\/\/www.cynosurelutronicemea.com\/es\/wp-json\/wp\/v2\/comments?post=3075"}],"version-history":[{"count":0,"href":"https:\/\/www.cynosurelutronicemea.com\/es\/wp-json\/wp\/v2\/pages\/3075\/revisions"}],"wp:attachment":[{"href":"https:\/\/www.cynosurelutronicemea.com\/es\/wp-json\/wp\/v2\/media?parent=3075"}],"curies":[{"name":"wp","href":"https:\/\/api.w.org\/{rel}","templated":true}]}}