{"id":3072,"date":"2024-09-30T19:19:38","date_gmt":"2024-09-30T19:19:38","guid":{"rendered":"https:\/\/www.cynosurelutronicemea.com\/products\/"},"modified":"2026-03-10T15:40:20","modified_gmt":"2026-03-10T15:40:20","slug":"productos","status":"publish","type":"page","link":"https:\/\/www.cynosurelutronicemea.com\/es\/productos\/","title":{"rendered":"Productos"},"content":{"rendered":"\n<section id=\"hero-block_92d6d1d8f0a819c890b0983f9f3f7aa6\" class=\"hero-block u-bg-tertriary-gray-100\">\n  <!-- <div class=\"o-container-fluid\"> -->\n  \n<div class=\"c-hero-slider-container\" style=\"position:relative;\">\n\n    \n    <div class=\"c-hero-slider js-hero-slider\" >\n                <div class=\"c-hero-slider__item\">\n                    <section class=\"c-hero-slider__content u-text-white u-text-center\" style=\"background-image: url('https:\/\/www.cynosurelutronicemea.com\/wp-content\/uploads\/sites\/15\/2024\/11\/Mobile-Banners3.jpg'), url('https:\/\/www.cynosurelutronicemea.com\/wp-content\/uploads\/sites\/15\/2024\/11\/All-products-hero-v2.jpg');\">\n                        <div class=\"o-container\">\n                            <div class=\"o-row\">\n                                <div class=\"o-col-8@md o-col-7@lg o-col-6@xl u-mx-auto\">\n                                    <h1 class=\"c-hero-slider__title\">Cada dispositivo impulsado por la innovaci\u00f3n<\/h1>\n                                    <div class=\"c-hero-slider__text\">\n                                        <p>Adem\u00e1s de transformar a los pacientes, nuestros dispositivos innovadores tambi\u00e9n han transformado el mundo de la est\u00e9tica. Desde el l\u00e1ser de picosegundos m\u00e1s potente del mundo, hasta la plataforma dermatol\u00f3gica definitiva, nuestra pasi\u00f3n por la innovaci\u00f3n brilla m\u00e1s cada d\u00eda. <\/p>\n                                    <\/div>\n                                                                    <\/div>\n                            <\/div>\n                        <\/div>\n                    <\/section>\n                <\/div>\n\n            <\/div><\/div>  <!-- <\/div> -->\n<\/section>\n\n\n\n<section id=\"cta-columns-block_b1bd871ae12d1bb22e9c1e9da63d4cbd\" class=\"cta-columns-block u-pb-5 u-pb-9@md c-text-editor\">\n    <div class=\"o-container\">\n\n    <div class=\"u-text-center u-pb-5\"><h2 class=\"u-mb-1\">NUESTRO PORTAFOLIO DE PRODUCTOS<\/h2><p>Por favor, selecciona una imagen para ver m\u00e1s detalles sobre cada dispositivo.<\/p><\/div><div class=\"o-stack-4@xl js-cta-columns-slider\"><div class=\"u-mb-gutter u-px-1\"><a href=\"https:\/\/www.cynosurelutronicemea.com\/es\/productos\/mosaic-3d\/\">          <img decoding=\"async\" src=\"https:\/\/www.cynosurelutronicemea.com\/wp-content\/uploads\/sites\/15\/2026\/03\/MOSAIC3D_productfeatureV3.jpg\" srcset=\"https:\/\/www.cynosurelutronicemea.com\/wp-content\/uploads\/sites\/15\/2026\/03\/MOSAIC3D_productfeatureV3.jpg 586w, https:\/\/www.cynosurelutronicemea.com\/wp-content\/uploads\/sites\/15\/2026\/03\/MOSAIC3D_productfeatureV3-261x300.jpg 261w, https:\/\/www.cynosurelutronicemea.com\/wp-content\/uploads\/sites\/15\/2026\/03\/MOSAIC3D_productfeatureV3-428x492.jpg 428w\" sizes=\"(max-width: cynosure-small) 100vw, cynosure-small\" alt=\"mosaic3d_productfeaturev3-2\">\n    <\/a><a href=\"https:\/\/www.cynosurelutronicemea.com\/es\/productos\/mosaic-3d\/\" class=\"u-mt-3 c-button c-button--xl c-button--transparent-orange\">M\u00e1s informaci\u00f3n<\/a><\/div><div class=\"u-mb-gutter u-px-1\"><a href=\"https:\/\/www.cynosurelutronicemea.com\/es\/productos\/genius\/\">          <img decoding=\"async\" src=\"https:\/\/www.cynosurelutronicemea.com\/wp-content\/uploads\/sites\/15\/2024\/11\/Genius.jpg\" srcset=\"https:\/\/www.cynosurelutronicemea.com\/wp-content\/uploads\/sites\/15\/2024\/11\/Genius.jpg 586w, https:\/\/www.cynosurelutronicemea.com\/wp-content\/uploads\/sites\/15\/2024\/11\/Genius-261x300.jpg 261w, https:\/\/www.cynosurelutronicemea.com\/wp-content\/uploads\/sites\/15\/2024\/11\/Genius-428x492.jpg 428w\" sizes=\"(max-width: cynosure-small) 100vw, cynosure-small\" alt=\"Genius\">\n    <\/a><a href=\"https:\/\/www.cynosurelutronicemea.com\/es\/productos\/genius\/\" class=\"u-mt-3 c-button c-button--xl c-button--transparent-orange\">M\u00e1s informaci\u00f3n<\/a><\/div><div class=\"u-mb-gutter u-px-1\"><a href=\"https:\/\/www.cynosurelutronicemea.com\/es\/productos\/hollywood-spectra\/\">          <img decoding=\"async\" src=\"https:\/\/www.cynosurelutronicemea.com\/wp-content\/uploads\/sites\/15\/2024\/11\/HWS.jpg\" srcset=\"https:\/\/www.cynosurelutronicemea.com\/wp-content\/uploads\/sites\/15\/2024\/11\/HWS.jpg 586w, https:\/\/www.cynosurelutronicemea.com\/wp-content\/uploads\/sites\/15\/2024\/11\/HWS-261x300.jpg 261w, https:\/\/www.cynosurelutronicemea.com\/wp-content\/uploads\/sites\/15\/2024\/11\/HWS-428x492.jpg 428w\" sizes=\"(max-width: cynosure-small) 100vw, cynosure-small\" alt=\"Hollywood Spectra\">\n    <\/a><a href=\"https:\/\/www.cynosurelutronicemea.com\/es\/productos\/hollywood-spectra\/\" class=\"u-mt-3 c-button c-button--xl c-button--transparent-orange\">M\u00e1s informaci\u00f3n<\/a><\/div><div class=\"u-mb-gutter u-px-1\"><a href=\"https:\/\/www.cynosurelutronicemea.com\/es\/productos\/picosure-pro\/\">          <img decoding=\"async\" src=\"https:\/\/www.cynosurelutronicemea.com\/wp-content\/uploads\/sites\/15\/2024\/11\/picopro.jpg\" srcset=\"https:\/\/www.cynosurelutronicemea.com\/wp-content\/uploads\/sites\/15\/2024\/11\/picopro.jpg 586w, https:\/\/www.cynosurelutronicemea.com\/wp-content\/uploads\/sites\/15\/2024\/11\/picopro-261x300.jpg 261w, https:\/\/www.cynosurelutronicemea.com\/wp-content\/uploads\/sites\/15\/2024\/11\/picopro-428x492.jpg 428w\" sizes=\"(max-width: cynosure-small) 100vw, cynosure-small\" alt=\"Picosure Pro\">\n    <\/a><a href=\"https:\/\/www.cynosurelutronicemea.com\/es\/productos\/picosure-pro\/\" class=\"u-mt-3 c-button c-button--xl c-button--transparent-orange\">M\u00e1s informaci\u00f3n<\/a><\/div><div class=\"u-mb-gutter u-px-1\"><a href=\"https:\/\/www.cynosurelutronicemea.com\/es\/productos\/clarity-ii\/\">          <img decoding=\"async\" src=\"https:\/\/www.cynosurelutronicemea.com\/wp-content\/uploads\/sites\/15\/2024\/11\/ClarityII.jpg\" srcset=\"https:\/\/www.cynosurelutronicemea.com\/wp-content\/uploads\/sites\/15\/2024\/11\/ClarityII.jpg 586w, https:\/\/www.cynosurelutronicemea.com\/wp-content\/uploads\/sites\/15\/2024\/11\/ClarityII-261x300.jpg 261w, https:\/\/www.cynosurelutronicemea.com\/wp-content\/uploads\/sites\/15\/2024\/11\/ClarityII-428x492.jpg 428w\" sizes=\"(max-width: cynosure-small) 100vw, cynosure-small\" alt=\"Clarity II\">\n    <\/a><a href=\"https:\/\/www.cynosurelutronicemea.com\/es\/productos\/clarity-ii\/\" class=\"u-mt-3 c-button c-button--xl c-button--transparent-orange\">M\u00e1s informaci\u00f3n<\/a><\/div><div class=\"u-mb-gutter u-px-1\"><a href=\"https:\/\/www.cynosurelutronicemea.com\/es\/productos\/dermav\/\">          <img decoding=\"async\" src=\"https:\/\/www.cynosurelutronicemea.com\/wp-content\/uploads\/sites\/15\/2024\/11\/dermav.jpg\" srcset=\"https:\/\/www.cynosurelutronicemea.com\/wp-content\/uploads\/sites\/15\/2024\/11\/dermav.jpg 586w, https:\/\/www.cynosurelutronicemea.com\/wp-content\/uploads\/sites\/15\/2024\/11\/dermav-261x300.jpg 261w, https:\/\/www.cynosurelutronicemea.com\/wp-content\/uploads\/sites\/15\/2024\/11\/dermav-428x492.jpg 428w\" sizes=\"(max-width: cynosure-small) 100vw, cynosure-small\" alt=\"Derma V\">\n    <\/a><a href=\"https:\/\/www.cynosurelutronicemea.com\/es\/productos\/dermav\/\" class=\"u-mt-3 c-button c-button--xl c-button--transparent-orange\">M\u00e1s informaci\u00f3n<\/a><\/div><div class=\"u-mb-gutter u-px-1\"><a href=\"https:\/\/www.cynosurelutronicemea.com\/es\/productos\/lasemd-ultra\/\">          <img decoding=\"async\" src=\"https:\/\/www.cynosurelutronicemea.com\/wp-content\/uploads\/sites\/15\/2024\/11\/ultra.jpg\" srcset=\"https:\/\/www.cynosurelutronicemea.com\/wp-content\/uploads\/sites\/15\/2024\/11\/ultra.jpg 586w, https:\/\/www.cynosurelutronicemea.com\/wp-content\/uploads\/sites\/15\/2024\/11\/ultra-261x300.jpg 261w, https:\/\/www.cynosurelutronicemea.com\/wp-content\/uploads\/sites\/15\/2024\/11\/ultra-428x492.jpg 428w\" sizes=\"(max-width: cynosure-small) 100vw, cynosure-small\" alt=\"Ultra\">\n    <\/a><a href=\"https:\/\/www.cynosurelutronicemea.com\/es\/productos\/lasemd-ultra\/\" class=\"u-mt-3 c-button c-button--xl c-button--transparent-orange\">M\u00e1s informaci\u00f3n<\/a><\/div><div class=\"u-mb-gutter u-px-1\"><a href=\"https:\/\/www.cynosurelutronicemea.com\/es\/productos\/eco2\/\">          <img decoding=\"async\" src=\"https:\/\/www.cynosurelutronicemea.com\/wp-content\/uploads\/sites\/15\/2024\/11\/eco2.jpg\" srcset=\"https:\/\/www.cynosurelutronicemea.com\/wp-content\/uploads\/sites\/15\/2024\/11\/eco2.jpg 586w, https:\/\/www.cynosurelutronicemea.com\/wp-content\/uploads\/sites\/15\/2024\/11\/eco2-261x300.jpg 261w, https:\/\/www.cynosurelutronicemea.com\/wp-content\/uploads\/sites\/15\/2024\/11\/eco2-428x492.jpg 428w\" sizes=\"(max-width: cynosure-small) 100vw, cynosure-small\" alt=\"eCO2\">\n    <\/a><a href=\"https:\/\/www.cynosurelutronicemea.com\/es\/productos\/eco2\/\" class=\"u-mt-3 c-button c-button--xl c-button--transparent-orange\">M\u00e1s informaci\u00f3n<\/a><\/div><\/div>\n  <\/div>\n<\/section>\n\n\n\n<section id=\"content-block_0bba29004df81ccb216bbdd89de91b41\" class=\"content-block c-section--text-image u-flex-invert-columns\">\n    <div class=\"o-container\">\n\n    \n<div class=\"o-row u-items-center\">\n  <div class=\"o-col-7@md\">\n    <div class=\"c-text-editor\">\n\n              <h2 class=\"c-heading c-heading--secondary u-h3 u-h2@lg u-uppercase\">Ver productos por preocupaci\u00f3n de la piel<\/h2>\n      \n      <p>\u00bfConoces las preocupaciones de la piel de tus pacientes pero no est\u00e1s seguro de qu\u00e9 dispositivo de cuidado de la piel con l\u00e1ser invertir para tu cl\u00ednica? \u00a1D\u00e9janos ayudarte! <\/p>\n\n      <div class=\"c-buttons-wrapper\"><a href=\"https:\/\/www.cynosurelutronicemea.com\/es\/tratamientos\/\" class=\"u-mt-3 c-button c-button--xl c-button--transparent-orange\">Ver todas las preocupaciones de la piel<\/a><\/div>\n    <\/div>\n  <\/div>\n      <div class=\"o-col-5@md u-pt-2 u-pb-2 u-text-center\">\n              <img decoding=\"async\" src=\"https:\/\/www.cynosurelutronicemea.com\/wp-content\/uploads\/sites\/15\/2024\/11\/Skin-Concerns-Small.jpg\" class=\"desktop-image\" alt=\"Skin Conditions icons square banner\">\n                <\/div>\n  <\/div>\n\n  <\/div>\n<\/section>\n\n\n\n<section id=\"content-block_63f2559d8b0ca74bf7f2139d2f525ab0\" class=\"content-block u-pt-5 u-pt-9@md u-pb-5 u-pb-9@md c-hero-content\">\n    <div class=\"o-container\">\n\n    \n<div class=\"o-row\">\n  <div class=\"o-col-12\">\n    <div class=\"o-row u-items-center\">\n      <div class=\"o-col-9 o-col-7@sm o-col-5@md\">\n                  <h2 class=\"c-heading c-heading--secondary u-h3 u-h2@lg u-uppercase\">Tratamientos complementarios<\/h2>\n                          <div class=\"c-hero-content__main\">\n            <p>Ya sea Cynoglow utilizando Potenza y Picosure Pro o Total Skin Solutions utilizando Ultra y Genius, nuestros m\u00e9dicos est\u00e1n utilizando m\u00faltiples dispositivos Cynosure Lutronic en un solo plan de tratamiento.<\/p>\n          <\/div>\n                \n        \n      <\/div>\n\n              <div class=\"o-col-3 o-col-5@sm o-col-6@md o-offset-1@md u-self-start\">\n                      <div class=\"c-hero-content__image\" style=\"background-image: url( 'https:\/\/www.cynosurelutronicemea.com\/wp-content\/uploads\/sites\/15\/2024\/11\/Total-Skin-Solutions.jpg' );\"><\/div>\n                            <\/div>\n      \n    <\/div>\n  <\/div>\n<\/div>\n\n  <\/div>\n<\/section>\n\n\n\n<section id=\"content-block_2bf2a059acdc472032db37c7ec59832e\" class=\"content-block u-pt-5 u-pt-9@md u-pb-5 u-pb-9@md o-background c-subheader\" style=\"background-image: url(https:\/\/www.cynosurelutronicemea.com\/wp-content\/uploads\/sites\/15\/2024\/11\/Event-banner-small.jpg);\">\n  <div class=\"c-subheader__overlay\" style=\"opacity: .80\"><\/div>  <div class=\"o-container\">\n\n    \n<div class=\"o-row\">\n      <div class=\"o-col-12\">\n                    <div class=\"c-text-editor\">\n          <h1>Eventos y Webinars<\/h1>\n<p>Desde clases magistrales para un dispositivo espec\u00edfico que ya posees hasta d\u00edas de demostraci\u00f3n para la compra de un nuevo dispositivo. <\/p>\n<p>Ver eventos y Webinars<\/p>\n        <\/div>\n            <a href=\"https:\/\/www.cynosurelutronicemea.com\/es\/recursos\/\" class=\"u-mt-3 u-mr-1 c-button c-button--xl c-button--transparent-orange\">Ver eventos<\/a>    <\/div>\n        <\/div>\n\n  <\/div>\n<\/section>\n","protected":false},"excerpt":{"rendered":"","protected":false},"author":70,"featured_media":0,"parent":0,"menu_order":0,"comment_status":"closed","ping_status":"closed","template":"","meta":{"_acf_changed":false,"footnotes":""},"class_list":["post-3072","page","type-page","status-publish","hentry"],"acf":[],"yoast_head":"<!-- This site is optimized with the Yoast SEO plugin v27.3 - https:\/\/yoast.com\/product\/yoast-seo-wordpress\/ -->\n<title>M\u00e1quinas de cuidado de la piel con l\u00e1ser | Cynosure Lutronic<\/title>\n<meta name=\"description\" content=\"Explora las m\u00e1quinas de cuidado de la piel con l\u00e1ser de Cynosure Lutronic. Descubre productos de vanguardia dise\u00f1ados para elevar el cuidado de los pacientes y tu pr\u00e1ctica.\" \/>\n<meta name=\"robots\" content=\"index, follow, max-snippet:-1, max-image-preview:large, max-video-preview:-1\" \/>\n<link rel=\"canonical\" href=\"https:\/\/www.cynosurelutronicemea.com\/es\/productos\/\" \/>\n<meta property=\"og:locale\" content=\"es_ES\" \/>\n<meta property=\"og:type\" content=\"article\" \/>\n<meta property=\"og:title\" content=\"M\u00e1quinas de cuidado de la piel con l\u00e1ser | Cynosure Lutronic\" \/>\n<meta property=\"og:description\" content=\"Explora las m\u00e1quinas de cuidado de la piel con l\u00e1ser de Cynosure Lutronic. Descubre productos de vanguardia dise\u00f1ados para elevar el cuidado de los pacientes y tu pr\u00e1ctica.\" \/>\n<meta property=\"og:url\" content=\"https:\/\/www.cynosurelutronicemea.com\/es\/productos\/\" \/>\n<meta property=\"og:site_name\" content=\"Cynosure Lutronic EMEA\" \/>\n<meta property=\"article:modified_time\" content=\"2026-03-10T15:40:20+00:00\" \/>\n<meta name=\"twitter:card\" content=\"summary_large_image\" \/>\n<script type=\"application\/ld+json\" class=\"yoast-schema-graph\">{\"@context\":\"https:\\\/\\\/schema.org\",\"@graph\":[{\"@type\":\"WebPage\",\"@id\":\"https:\\\/\\\/www.cynosurelutronicemea.com\\\/es\\\/productos\\\/\",\"url\":\"https:\\\/\\\/www.cynosurelutronicemea.com\\\/es\\\/productos\\\/\",\"name\":\"M\u00e1quinas de cuidado de la piel con l\u00e1ser | Cynosure Lutronic\",\"isPartOf\":{\"@id\":\"https:\\\/\\\/www.cynosurelutronicemea.com\\\/es\\\/#website\"},\"datePublished\":\"2024-09-30T19:19:38+00:00\",\"dateModified\":\"2026-03-10T15:40:20+00:00\",\"description\":\"Explora las m\u00e1quinas de cuidado de la piel con l\u00e1ser de Cynosure Lutronic. Descubre productos de vanguardia dise\u00f1ados para elevar el cuidado de los pacientes y tu pr\u00e1ctica.\",\"breadcrumb\":{\"@id\":\"https:\\\/\\\/www.cynosurelutronicemea.com\\\/es\\\/productos\\\/#breadcrumb\"},\"inLanguage\":\"es\",\"potentialAction\":[{\"@type\":\"ReadAction\",\"target\":[\"https:\\\/\\\/www.cynosurelutronicemea.com\\\/es\\\/productos\\\/\"]}]},{\"@type\":\"BreadcrumbList\",\"@id\":\"https:\\\/\\\/www.cynosurelutronicemea.com\\\/es\\\/productos\\\/#breadcrumb\",\"itemListElement\":[{\"@type\":\"ListItem\",\"position\":1,\"name\":\"Home\",\"item\":\"https:\\\/\\\/www.cynosurelutronicemea.com\\\/es\\\/\"},{\"@type\":\"ListItem\",\"position\":2,\"name\":\"Productos\"}]},{\"@type\":\"WebSite\",\"@id\":\"https:\\\/\\\/www.cynosurelutronicemea.com\\\/es\\\/#website\",\"url\":\"https:\\\/\\\/www.cynosurelutronicemea.com\\\/es\\\/\",\"name\":\"Cynosure Lutronic EMEA\",\"description\":\"\",\"potentialAction\":[{\"@type\":\"SearchAction\",\"target\":{\"@type\":\"EntryPoint\",\"urlTemplate\":\"https:\\\/\\\/www.cynosurelutronicemea.com\\\/es\\\/?s={search_term_string}\"},\"query-input\":{\"@type\":\"PropertyValueSpecification\",\"valueRequired\":true,\"valueName\":\"search_term_string\"}}],\"inLanguage\":\"es\"}]}<\/script>\n<!-- \/ Yoast SEO plugin. -->","yoast_head_json":{"title":"M\u00e1quinas de cuidado de la piel con l\u00e1ser | Cynosure Lutronic","description":"Explora las m\u00e1quinas de cuidado de la piel con l\u00e1ser de Cynosure Lutronic. Descubre productos de vanguardia dise\u00f1ados para elevar el cuidado de los pacientes y tu pr\u00e1ctica.","robots":{"index":"index","follow":"follow","max-snippet":"max-snippet:-1","max-image-preview":"max-image-preview:large","max-video-preview":"max-video-preview:-1"},"canonical":"https:\/\/www.cynosurelutronicemea.com\/es\/productos\/","og_locale":"es_ES","og_type":"article","og_title":"M\u00e1quinas de cuidado de la piel con l\u00e1ser | Cynosure Lutronic","og_description":"Explora las m\u00e1quinas de cuidado de la piel con l\u00e1ser de Cynosure Lutronic. Descubre productos de vanguardia dise\u00f1ados para elevar el cuidado de los pacientes y tu pr\u00e1ctica.","og_url":"https:\/\/www.cynosurelutronicemea.com\/es\/productos\/","og_site_name":"Cynosure Lutronic EMEA","article_modified_time":"2026-03-10T15:40:20+00:00","twitter_card":"summary_large_image","schema":{"@context":"https:\/\/schema.org","@graph":[{"@type":"WebPage","@id":"https:\/\/www.cynosurelutronicemea.com\/es\/productos\/","url":"https:\/\/www.cynosurelutronicemea.com\/es\/productos\/","name":"M\u00e1quinas de cuidado de la piel con l\u00e1ser | Cynosure Lutronic","isPartOf":{"@id":"https:\/\/www.cynosurelutronicemea.com\/es\/#website"},"datePublished":"2024-09-30T19:19:38+00:00","dateModified":"2026-03-10T15:40:20+00:00","description":"Explora las m\u00e1quinas de cuidado de la piel con l\u00e1ser de Cynosure Lutronic. Descubre productos de vanguardia dise\u00f1ados para elevar el cuidado de los pacientes y tu pr\u00e1ctica.","breadcrumb":{"@id":"https:\/\/www.cynosurelutronicemea.com\/es\/productos\/#breadcrumb"},"inLanguage":"es","potentialAction":[{"@type":"ReadAction","target":["https:\/\/www.cynosurelutronicemea.com\/es\/productos\/"]}]},{"@type":"BreadcrumbList","@id":"https:\/\/www.cynosurelutronicemea.com\/es\/productos\/#breadcrumb","itemListElement":[{"@type":"ListItem","position":1,"name":"Home","item":"https:\/\/www.cynosurelutronicemea.com\/es\/"},{"@type":"ListItem","position":2,"name":"Productos"}]},{"@type":"WebSite","@id":"https:\/\/www.cynosurelutronicemea.com\/es\/#website","url":"https:\/\/www.cynosurelutronicemea.com\/es\/","name":"Cynosure Lutronic EMEA","description":"","potentialAction":[{"@type":"SearchAction","target":{"@type":"EntryPoint","urlTemplate":"https:\/\/www.cynosurelutronicemea.com\/es\/?s={search_term_string}"},"query-input":{"@type":"PropertyValueSpecification","valueRequired":true,"valueName":"search_term_string"}}],"inLanguage":"es"}]}},"_links":{"self":[{"href":"https:\/\/www.cynosurelutronicemea.com\/es\/wp-json\/wp\/v2\/pages\/3072","targetHints":{"allow":["GET"]}}],"collection":[{"href":"https:\/\/www.cynosurelutronicemea.com\/es\/wp-json\/wp\/v2\/pages"}],"about":[{"href":"https:\/\/www.cynosurelutronicemea.com\/es\/wp-json\/wp\/v2\/types\/page"}],"author":[{"embeddable":true,"href":"https:\/\/www.cynosurelutronicemea.com\/es\/wp-json\/wp\/v2\/users\/70"}],"replies":[{"embeddable":true,"href":"https:\/\/www.cynosurelutronicemea.com\/es\/wp-json\/wp\/v2\/comments?post=3072"}],"version-history":[{"count":1,"href":"https:\/\/www.cynosurelutronicemea.com\/es\/wp-json\/wp\/v2\/pages\/3072\/revisions"}],"predecessor-version":[{"id":7460,"href":"https:\/\/www.cynosurelutronicemea.com\/es\/wp-json\/wp\/v2\/pages\/3072\/revisions\/7460"}],"wp:attachment":[{"href":"https:\/\/www.cynosurelutronicemea.com\/es\/wp-json\/wp\/v2\/media?parent=3072"}],"curies":[{"name":"wp","href":"https:\/\/api.w.org\/{rel}","templated":true}]}}