{"id":7330,"date":"2026-02-13T10:10:05","date_gmt":"2026-02-13T10:10:05","guid":{"rendered":"https:\/\/www.cynosurelutronicemea.com\/product\/mosaic-3d\/"},"modified":"2026-04-21T12:17:32","modified_gmt":"2026-04-21T12:17:32","slug":"mosaic-3d","status":"publish","type":"product","link":"https:\/\/www.cynosurelutronicemea.com\/de\/produkte\/mosaic-3d\/","title":{"rendered":"Mosaic 3D"},"content":{"rendered":"\n<section id=\"hero-block_8ce2c6fa06153b7deb9d4348c48975e2\" class=\"hero-block\">\n  <!-- <div class=\"o-container\"> -->\n  \n<div class=\"c-hero-slider-container\" style=\"position:relative;\">\n\n    \n    <div class=\"c-hero-slider js-hero-slider\" >\n                <div class=\"c-hero-slider__item\">\n                    <section class=\"c-hero-slider__content u-text-white\" style=\"background-image: url('https:\/\/www.cynosurelutronicemea.com\/wp-content\/uploads\/sites\/15\/2026\/03\/Website-Header-Red-1-scaled.jpg'), url('https:\/\/www.cynosurelutronicemea.com\/wp-content\/uploads\/sites\/15\/2026\/03\/Website-Header-Red-1-scaled.jpg');\">\n                        <div class=\"o-container\">\n                            <div class=\"o-row\">\n                                <div class=\"o-col-8@md o-col-7@lg o-col-6@xl\">\n                                    <h1 class=\"c-hero-slider__title\">Willkommen in der dritten Dimension&#8230;  <\/h1>\n                                    <div class=\"c-hero-slider__text\">\n                                        <p>1550 nm, nicht-ablativer fraktionierter Erbium:Glas-Laser<\/p>\n                                    <\/div>\n                                                                            <a href=\"#gform_popup_8\" class=\"c-button c-button--transparent-white js-open-content-popup\">Demo anfragen<\/a>                                                                    <\/div>\n                            <\/div>\n                        <\/div>\n                    <\/section>\n                <\/div>\n\n            <\/div><\/div>  <!-- <\/div> -->\n<\/section>\n\n\n\n<section id=\"content-block_9cdf063c3ca6dc2b9bea2ebe22784a62\" class=\"content-block u-pt-5 u-pt-9@md\">\n    <div class=\"o-container\">\n\n    \n<div class=\"o-row\">\n      <div class=\"o-col-12\">\n              <h2 class=\"c-heading c-heading--secondary u-h3 u-h1@sm u-uppercase u-mb-3@sm\">Mosaic 3D <\/h2>\n                    <div class=\"c-text-editor\">\n          <h2>Eine fraktionierte 1550 nm Plattform, entwickelt f\u00fcr moderne Revitalisierung<\/h2>\n<p>Die n\u00e4chste Generation nicht-ablativer fraktionierter Laser. Hochgradig kontrollierbar, hochgradig individualisierbar: Die Mosaic 3D-Plattform wurde f\u00fcr die dreidimensionale, mehrschichtige Hautverj\u00fcngung entwickelt, einschlie\u00dflich der Verbesserung von Falten und Aknenarben. <\/p>\n        <\/div>\n                <\/div>\n        <\/div>\n\n  <\/div>\n<\/section>\n\n\n\n<section id=\"content-block_bdbc4b8988c569ac6596fdf16cc62381\" class=\"content-block u-pb-5 u-pb-9@md\">\n    <div class=\"o-container\">\n\n    \n<div class=\"o-row\">\n  <div class=\"o-col-7@md u-mb-3\">\n        <div class=\"c-text-editor\">\n      <p><strong>Willkommen in der dritten Dimension <\/strong><\/p>\n<p>Mosaic 3D ist eine hochgradig kontrollierbare, individualisierbare, nicht-ablative fraktionierte Laserplattform. Die Kombination aus rollender Laserabgabe und 3D Controlled Chaos Technology (3D CCT) bietet Ihnen flexible Optionen f\u00fcr Behandlungen im Gesicht, am Hals und am K\u00f6rper. Sie stimuliert sowohl Kollagen als auch Elastin in der mittleren und tiefen Dermis und eignet sich daher perfekt f\u00fcr die Hautrevitalisierung, die Verbesserung von feinen Linien und Falten sowie die Behandlung von Aknenarben. <\/p>\n      <div class=\"c-buttons-wrapper\"><a href=\"#gform_popup_10\" class=\"u-mt-3 c-button c-button--xl c-button--transparent- js-open-content-popup\">Brosch\u00fcre herunterladen<\/a><a href=\"#gform_popup_8\" class=\"u-mt-3 c-button c-button--xl c-button--orange js-open-content-popup\">Demo anfragen<\/a><\/div>    <\/div>\n  <\/div>\n      <div class=\"o-col-5@md u-mb-3\">\n      <script src=\"https:\/\/fast.wistia.com\/player.js\" async><\/script><script src=\"https:\/\/fast.wistia.com\/embed\/l7za4e8ny2.js\" async type=\"module\"><\/script>\n<style>wistia-player[media-id='l7za4e8ny2']:not(:defined) { background: center \/ contain no-repeat url('https:\/\/fast.wistia.com\/embed\/medias\/l7za4e8ny2\/swatch'); display: block; filter: blur(5px); padding-top:56.25%; }<\/style>\n<p> <wistia-player media-id=\"l7za4e8ny2\" aspect=\"1.7777777777777777\"><\/wistia-player><\/p>\n    <\/div>\n  <\/div>\n\n  <\/div>\n<\/section>\n\n\n\n<section id=\"content-block_a05d612025719d908da91dd5b1ffcdfd\" class=\"content-block  u-flex-invert-columns\">\n    <div class=\"o-container\">\n\n    \n<div class=\"o-row\">\n  <div class=\"o-col-7@md u-mb-3\">\n        <div class=\"c-text-editor\">\n      <h2>Was kann Mosaic 3D leisten? <\/h2>\n<p><strong>Eine flexible Plattform f\u00fcr fraktionierte Laserbehandlungen <\/strong><\/p>\n<ul>\n<li>Mehrschichtige Hautrevitalisierung, einschlie\u00dflich Verbesserung von Falten und Aknenarben <\/li>\n<li>Hochwertige Verbesserungen der Hautstruktur; kann um die Augen und den Mund herum angewendet werden <\/li>\n<li>Saphir-Spitzen k\u00fchlen und komprimieren die Haut, um das Patientenerlebnis zu verbessern <\/li>\n<li>Die integrierte Luftk\u00fchlung tr\u00e4gt dazu bei, Ausfallzeiten zu reduzieren und die Ergebnisse zu verbessern <\/li>\n<li>Kann erg\u00e4nzend zu anderen Behandlungen angewendet werden <\/li>\n<li>Umfassende, eigenst\u00e4ndige nicht-ablative Hauterneuerung f\u00fcr hohen ROI <\/li>\n<\/ul>\n          <\/div>\n  <\/div>\n      <div class=\"o-col-5@md u-mb-3\">\n      <script src=\"https:\/\/fast.wistia.com\/player.js\" async=\"\"><\/script><script src=\"https:\/\/fast.wistia.com\/embed\/lccub8jyzb.js\" async=\"\" type=\"module\"><\/script>\n<style>wistia-player[media-id='lccub8jyzb']:not(:defined) { background: center \/ contain no-repeat url('https:\/\/fast.wistia.com\/embed\/medias\/lccub8jyzb\/swatch'); display: block; filter: blur(5px); padding-top:56.25%; }<\/style>\n<p> <wistia-player media-id=\"lccub8jyzb\" aspect=\"1.7777777777777777\"><\/wistia-player><\/p>\n    <\/div>\n  <\/div>\n\n  <\/div>\n<\/section>\n\n\n\n<section id=\"cta-columns-block_65ca1c96818958468a91d46de5fa2737\" class=\"cta-columns-block u-pb-5 u-pb-9@md c-text-editor\">\n    <div class=\"o-container\">\n\n    <div class=\"u-text-center u-pb-5\"><h2 class=\"u-mb-1\">Die n\u00e4chste Generation der Laser-Technologie<\/h2><p><\/p><\/div><div class=\"o-stack-2@md o-stack-3@xl u-mb-n-gutter\"><div class=\"u-mb-gutter\"><strong>3D Controlled Chaos Technology (CCT) <\/strong>er\u00f6ffnet eine neue Dimension, indem es die Verteilung und Tiefe von Mikrostrahlen in mehreren Tiefen optimiert. \r\n\r\nCCT tr\u00e4gt dazu bei, das Risiko einer starken thermischen Erw\u00e4rmung zu verringern, sodass im Vergleich zu anderen herk\u00f6mmlichen Behandlungsmethoden ein gr\u00f6\u00dferes Hautvolumen pro Stempeln behandelt werden kann, ohne die Sicherheit zu beeintr\u00e4chtigen. \r\n\r\nDas System misst und verfolgt auch die Energieabgabe, sodass Sie einen besseren Einblick in die Qualit\u00e4t jeder Behandlung erhalten und mehr Vertrauen in diese haben k\u00f6nnen. <\/div><div class=\"u-mb-gutter\"><strong>Integrierte Luftk\u00fchlung<\/strong> str\u00f6mt durch das Handst\u00fcck zu den Saphirspitzen, die die Haut k\u00fchlen und komprimieren. Diese Synergie soll Schmerzen, R\u00f6tungen und \u00d6deme reduzieren und \u00c4rzten helfen, empfindliche Bereiche um Augen und Mund sicher zu behandeln.  <\/div><div class=\"u-mb-gutter\">Eine Plattform, ultimative Vielseitigkeit \r\nMit den <strong>aktualisierten Metall-Rollen und den neuen Saphir-Spitzen,<\/strong>vereint MOSAIC 3D Rollen und Stempeln in einer Laserplattform f\u00fcr die ultimative Vielseitigkeit Ihrer Behandlung. \r\n\r\nDie luftgek\u00fchlte Rolle erm\u00f6glicht eine effiziente Abdeckung, w\u00e4hrend das 3D-CCT-Stempeln die Kollagenumgestaltung in schwierigen Fokusbereichen unterst\u00fctzt. <\/div><\/div>\n  <\/div>\n<\/section>\n\n\n\n<section id=\"cta-columns-block_15cf1c9c7c727ef6b5feb5c5a0c982cb\" class=\"cta-columns-block u-pb-5 u-pb-9@md c-text-editor\">\n    <div class=\"o-container\">\n\n    <div class=\"u-text-center u-pb-5\"><h2 class=\"u-mb-1\">Was kann Mosaic 3D behandeln? <\/h2><p><\/p><\/div><div class=\"o-stack-2@md o-stack-3@xl u-mb-n-gutter\"><div class=\"u-mb-gutter\">          <img decoding=\"async\" src=\"https:\/\/www.cynosurelutronicemea.com\/wp-content\/uploads\/sites\/15\/2024\/11\/Fine-lines-and-wrinkles.jpg\" srcset=\"\" sizes=\"(max-width: cynosure-small) 100vw, cynosure-small\" alt=\"fine-lines-and-wrinkles-2\">\n    <h3>Falten <\/h3>Falten lassen sich am besten behandeln, wenn Sie die Hauterneuerung in der mittleren Hautschicht anregen, ohne die Oberfl\u00e4che zu \u00fcberstrapazieren. Mosaic 3D wurde entwickelt, um Kollagen und Elastin in der mittleren Hautschicht mithilfe einer nicht-ablativen fraktionierten Abgabe zu stimulieren, wobei integrierte Luftk\u00fchlung und Saphirspitzen mit Kaltkompression f\u00fcr mehr Komfort sorgen. 3D CCT hilft dabei, die Verteilung und Tiefe der Mikrostrahlen zu optimieren.   <\/div><div class=\"u-mb-gutter\">          <img decoding=\"async\" src=\"https:\/\/www.cynosurelutronicemea.com\/wp-content\/uploads\/sites\/15\/2024\/11\/Acne-Scarring.jpg\" srcset=\"\" sizes=\"(max-width: cynosure-small) 100vw, cynosure-small\" alt=\"acne-scarring-2\">\n    <h3>Aknenarben <\/h3>\r\nAknenarben sind von Natur aus unregelm\u00e4\u00dfig, daher erfordert ihre Behandlung sowohl eine gro\u00dffl\u00e4chige Abdeckung als auch eine gezielte Behandlung. Mosaic 3D unterst\u00fctzt die Hauterneuerung, indem es kontrollierte fraktionierte Energie in tiefere Hautschichten abgibt und dabei die Oberfl\u00e4che schont. Durch die rollende Abgabe k\u00f6nnen gr\u00f6\u00dfere Bereiche effizienter behandelt werden, w\u00e4hrend das 3D-CCT-Stempeln f\u00fcr hartn\u00e4ckige Problemzonen entwickelt wurde.   <\/div><div class=\"u-mb-gutter\">          <img decoding=\"async\" src=\"https:\/\/www.cynosurelutronicemea.com\/wp-content\/uploads\/sites\/15\/2024\/11\/skin-revitalisation.jpg\" srcset=\"\" sizes=\"(max-width: cynosure-small) 100vw, cynosure-small\" alt=\"skin-revitalisation-2\">\n    <h3>Hautrevitalisierung <\/h3>\r\n\r\nF\u00fcr Patienten, die eine allgemeine Verbesserung ihrer Hautqualit\u00e4t anstreben, wurde Mosaic 3D f\u00fcr eine dreidimensionale, mehrschichtige Revitalisierung von Gesicht, Hals und K\u00f6rper entwickelt. Es zielt auf die mittlere Hautschicht ab, um eine glattere Hautstruktur und ein frischeres Aussehen mit geringer Ausfallzeit zu erzielen. Integrierte Luftk\u00fchlung und Saphirspitzen mit Kaltkompression sorgen f\u00fcr mehr Komfort und ein angenehmeres Behandlungserlebnis.   <\/div><\/div>\n  <\/div>\n<\/section>\n","protected":false},"menu_order":0,"template":"","product_type":[],"class_list":["post-7330","product","type-product","status-publish","hentry"],"acf":[],"yoast_head":"<!-- This site is optimized with the Yoast SEO plugin v27.5 - https:\/\/yoast.com\/product\/yoast-seo-wordpress\/ -->\n<title>Mosaic 3D - Cynosure Lutronic EMEA<\/title>\n<meta name=\"robots\" content=\"index, follow, max-snippet:-1, max-image-preview:large, max-video-preview:-1\" \/>\n<link rel=\"canonical\" href=\"https:\/\/www.cynosurelutronicemea.com\/de\/produkte\/mosaic-3d\/\" \/>\n<meta property=\"og:locale\" content=\"de_DE\" \/>\n<meta property=\"og:type\" content=\"article\" \/>\n<meta property=\"og:title\" content=\"Mosaic 3D - Cynosure Lutronic EMEA\" \/>\n<meta property=\"og:url\" content=\"https:\/\/www.cynosurelutronicemea.com\/de\/produkte\/mosaic-3d\/\" \/>\n<meta property=\"og:site_name\" content=\"Cynosure Lutronic EMEA\" \/>\n<meta property=\"article:modified_time\" content=\"2026-04-21T12:17:32+00:00\" \/>\n<meta name=\"twitter:card\" content=\"summary_large_image\" \/>\n<script type=\"application\/ld+json\" class=\"yoast-schema-graph\">{\"@context\":\"https:\\\/\\\/schema.org\",\"@graph\":[{\"@type\":\"WebPage\",\"@id\":\"https:\\\/\\\/www.cynosurelutronicemea.com\\\/de\\\/produkte\\\/mosaic-3d\\\/\",\"url\":\"https:\\\/\\\/www.cynosurelutronicemea.com\\\/de\\\/produkte\\\/mosaic-3d\\\/\",\"name\":\"Mosaic 3D - Cynosure Lutronic EMEA\",\"isPartOf\":{\"@id\":\"https:\\\/\\\/www.cynosurelutronicemea.com\\\/de\\\/#website\"},\"datePublished\":\"2026-02-13T10:10:05+00:00\",\"dateModified\":\"2026-04-21T12:17:32+00:00\",\"breadcrumb\":{\"@id\":\"https:\\\/\\\/www.cynosurelutronicemea.com\\\/de\\\/produkte\\\/mosaic-3d\\\/#breadcrumb\"},\"inLanguage\":\"de-DE\",\"potentialAction\":[{\"@type\":\"ReadAction\",\"target\":[\"https:\\\/\\\/www.cynosurelutronicemea.com\\\/de\\\/produkte\\\/mosaic-3d\\\/\"]}]},{\"@type\":\"BreadcrumbList\",\"@id\":\"https:\\\/\\\/www.cynosurelutronicemea.com\\\/de\\\/produkte\\\/mosaic-3d\\\/#breadcrumb\",\"itemListElement\":[{\"@type\":\"ListItem\",\"position\":1,\"name\":\"Home\",\"item\":\"https:\\\/\\\/www.cynosurelutronicemea.com\\\/de\\\/\"},{\"@type\":\"ListItem\",\"position\":2,\"name\":\"Mosaic 3D\"}]},{\"@type\":\"WebSite\",\"@id\":\"https:\\\/\\\/www.cynosurelutronicemea.com\\\/de\\\/#website\",\"url\":\"https:\\\/\\\/www.cynosurelutronicemea.com\\\/de\\\/\",\"name\":\"Cynosure Lutronic EMEA\",\"description\":\"\",\"potentialAction\":[{\"@type\":\"SearchAction\",\"target\":{\"@type\":\"EntryPoint\",\"urlTemplate\":\"https:\\\/\\\/www.cynosurelutronicemea.com\\\/de\\\/?s={search_term_string}\"},\"query-input\":{\"@type\":\"PropertyValueSpecification\",\"valueRequired\":true,\"valueName\":\"search_term_string\"}}],\"inLanguage\":\"de-DE\"}]}<\/script>\n<!-- \/ Yoast SEO plugin. -->","yoast_head_json":{"title":"Mosaic 3D - Cynosure Lutronic EMEA","robots":{"index":"index","follow":"follow","max-snippet":"max-snippet:-1","max-image-preview":"max-image-preview:large","max-video-preview":"max-video-preview:-1"},"canonical":"https:\/\/www.cynosurelutronicemea.com\/de\/produkte\/mosaic-3d\/","og_locale":"de_DE","og_type":"article","og_title":"Mosaic 3D - Cynosure Lutronic EMEA","og_url":"https:\/\/www.cynosurelutronicemea.com\/de\/produkte\/mosaic-3d\/","og_site_name":"Cynosure Lutronic EMEA","article_modified_time":"2026-04-21T12:17:32+00:00","twitter_card":"summary_large_image","schema":{"@context":"https:\/\/schema.org","@graph":[{"@type":"WebPage","@id":"https:\/\/www.cynosurelutronicemea.com\/de\/produkte\/mosaic-3d\/","url":"https:\/\/www.cynosurelutronicemea.com\/de\/produkte\/mosaic-3d\/","name":"Mosaic 3D - Cynosure Lutronic EMEA","isPartOf":{"@id":"https:\/\/www.cynosurelutronicemea.com\/de\/#website"},"datePublished":"2026-02-13T10:10:05+00:00","dateModified":"2026-04-21T12:17:32+00:00","breadcrumb":{"@id":"https:\/\/www.cynosurelutronicemea.com\/de\/produkte\/mosaic-3d\/#breadcrumb"},"inLanguage":"de-DE","potentialAction":[{"@type":"ReadAction","target":["https:\/\/www.cynosurelutronicemea.com\/de\/produkte\/mosaic-3d\/"]}]},{"@type":"BreadcrumbList","@id":"https:\/\/www.cynosurelutronicemea.com\/de\/produkte\/mosaic-3d\/#breadcrumb","itemListElement":[{"@type":"ListItem","position":1,"name":"Home","item":"https:\/\/www.cynosurelutronicemea.com\/de\/"},{"@type":"ListItem","position":2,"name":"Mosaic 3D"}]},{"@type":"WebSite","@id":"https:\/\/www.cynosurelutronicemea.com\/de\/#website","url":"https:\/\/www.cynosurelutronicemea.com\/de\/","name":"Cynosure Lutronic EMEA","description":"","potentialAction":[{"@type":"SearchAction","target":{"@type":"EntryPoint","urlTemplate":"https:\/\/www.cynosurelutronicemea.com\/de\/?s={search_term_string}"},"query-input":{"@type":"PropertyValueSpecification","valueRequired":true,"valueName":"search_term_string"}}],"inLanguage":"de-DE"}]}},"_links":{"self":[{"href":"https:\/\/www.cynosurelutronicemea.com\/de\/wp-json\/wp\/v2\/product\/7330","targetHints":{"allow":["GET"]}}],"collection":[{"href":"https:\/\/www.cynosurelutronicemea.com\/de\/wp-json\/wp\/v2\/product"}],"about":[{"href":"https:\/\/www.cynosurelutronicemea.com\/de\/wp-json\/wp\/v2\/types\/product"}],"version-history":[{"count":3,"href":"https:\/\/www.cynosurelutronicemea.com\/de\/wp-json\/wp\/v2\/product\/7330\/revisions"}],"predecessor-version":[{"id":7712,"href":"https:\/\/www.cynosurelutronicemea.com\/de\/wp-json\/wp\/v2\/product\/7330\/revisions\/7712"}],"wp:attachment":[{"href":"https:\/\/www.cynosurelutronicemea.com\/de\/wp-json\/wp\/v2\/media?parent=7330"}],"wp:term":[{"taxonomy":"product_type","embeddable":true,"href":"https:\/\/www.cynosurelutronicemea.com\/de\/wp-json\/wp\/v2\/product_type?post=7330"}],"curies":[{"name":"wp","href":"https:\/\/api.w.org\/{rel}","templated":true}]}}