{"id":2985,"date":"2024-11-14T16:07:39","date_gmt":"2024-11-14T16:07:39","guid":{"rendered":"https:\/\/www.cynosurelutronicemea.com\/product\/pico-plus\/"},"modified":"2025-08-07T13:57:56","modified_gmt":"2025-08-07T13:57:56","slug":"pico-plus","status":"publish","type":"product","link":"https:\/\/www.cynosurelutronicemea.com\/de\/produkte\/pico-plus\/","title":{"rendered":"PicoPlus"},"content":{"rendered":"\n<section id=\"hero-block_c79b9ab2e9c50718ea6da6d91e1f0a52\" class=\"hero-block\">\n  <!-- <div class=\"o-container-fluid\"> -->\n  \n<div class=\"c-hero-slider-container\" style=\"position:relative;\">\n\n    \n    <div class=\"c-hero-slider js-hero-slider\" >\n                <div class=\"c-hero-slider__item\">\n                    <section class=\"c-hero-slider__content u-text-black u-text-center\" style=\"background-image: url('https:\/\/www.cynosurelutronicemea.com\/wp-content\/uploads\/sites\/15\/2024\/11\/Mobile-Banners3.jpg'), url('https:\/\/www.cynosurelutronicemea.com\/wp-content\/uploads\/sites\/15\/2024\/11\/Banners-Website-PicoPlus-19.jpg');\">\n                        <div class=\"o-container\">\n                            <div class=\"o-row\">\n                                <div class=\"o-col-8@md o-col-7@lg o-col-6@xl u-mx-auto\">\n                                    <h1 class=\"c-hero-slider__title\">PICOPLUS <\/h1>\n                                    <div class=\"c-hero-slider__text\">\n                                        <p>Genie\u00dfen Sie die h\u00f6chste Leistung aller Mehrwellenl\u00e4ngen-Pikosekundenlaser. <\/p>\n                                    <\/div>\n                                                                            <a href=\"#gform_popup_8\" class=\"c-button c-button--orange js-open-content-popup\">Informationen anfordern<\/a>                                                                    <\/div>\n                            <\/div>\n                        <\/div>\n                    <\/section>\n                <\/div>\n\n            <\/div><\/div>  <!-- <\/div> -->\n<\/section>\n\n\n\n<section id=\"content-block_230baba6f9d3c091e7fa722de308be90\" class=\"content-block u-pt-5 u-pt-9@md u-pb-5 u-pb-9@md\">\n    <div class=\"o-container-fluid\">\n\n    \n<div class=\"o-row\">\n        <div class=\"o-col-12 u-text-center\">\n              <h2 class=\"c-heading c-heading--secondary u-h3 u-h1@sm u-uppercase u-mb-3@sm\">Die n\u00e4chste Generation der Pikosekundenlaser. <\/h2>\n                    <div class=\"c-text-editor\">\n          <p><span data-contrast=\"none\">Die Leistung und Vielseitigkeit, die Sie f\u00fcr fortschrittliche Behandlungen ben\u00f6tigen. <\/span><span> <\/span><span data-contrast=\"none\">Die Kraft liegt im Puls. <\/span><span> <\/span><\/p>\n<p><span data-contrast=\"none\">PicoPlus ist das Spitzenprodukt von <\/span><span data-contrast=\"none\">Pikosekunden <\/span><span data-contrast=\"none\">Nd:YAG-Lasersystemen, die seit 15 Jahren entwickelt werden. Der PicoPlus wandelt die Behandlung von Melasma, Pigmenten, Tattoos, Narben und Hautverj\u00fcngung. <\/span><span> <\/span><\/p>\n<p><span data-contrast=\"none\">Der PicoPlus bietet vier einzigartige Wellenl\u00e4ngen (532 nm, 595 nm, 660 nm und 1064 nm) und wird aufgrund seiner Vielseitigkeit von \u00c4rzten auf der ganzen Welt eingesetzt. <\/span> <\/p>\n        <\/div>\n                <\/div>\n      <\/div>\n\n  <\/div>\n<\/section>\n\n\n\n<section id=\"content-block_e33c3f2db38993394f68f897d7ee887c\" class=\"content-block u-pt-5 u-pt-9@md u-pb-5 u-pb-9@md u-bg-tertriary-gray-100\">\n    <div class=\"o-container-fluid\">\n\n    \n<div class=\"o-row\">\n        <div class=\"o-col-12 u-text-center\">\n                    <div class=\"c-text-editor\">\n          <p style=\"text-align: center\">R\u00fcsten Sie Ihre Praxis mit den hochwertigsten \u00e4sthetischen Ger\u00e4ten auf dem Markt aus.<\/p>\n        <\/div>\n            <a href=\"#gform_popup_8\" class=\"u-mt-3 u-mr-1 c-button c-button--xl c-button--orange js-open-content-popup\">Demo anfordern<br><\/a>    <\/div>\n      <\/div>\n\n  <\/div>\n<\/section>\n\n\n\n<section id=\"content-block_77daf3987bbff85a40190e61e7ea1e88\" class=\"content-block u-pt-5 u-pt-9@md u-pb-5 u-pb-9@md\">\n    <div class=\"o-container\">\n\n    \n<div class=\"o-row\">\n          <div class=\"o-col-12\">\n              <div class=\"o-row\">\n          <div class=\"o-col-6@md\">\n            <h2 class=\"c-heading c-heading--secondary u-h3 u-h1@sm u-uppercase u-mb-3@sm\">Die Vorteile des PicoPlus:<\/h2>\n          <\/div>\n        <\/div>\n            <div class=\"o-row\">\n                  <div class=\"o-col-6@md\">\n            <div class=\"c-text-editor\">\n              <p><span data-contrast=\"none\"><strong>Intuitiv<\/strong> &#8211; F\u00fcr den vielbesch\u00e4ftigten Anwender entwickelt, ist das System ein Traum in der Handhabung. Wechseln Sie sofort zwischen Wellenl\u00e4ngen und Pulsdauern, ohne dass eine Neukalibrierung erforderlich ist. <\/span><span> <\/span><\/p>\n<p><span data-contrast=\"none\"><strong>Innovativ<\/strong> \u2013<\/span><span data-contrast=\"auto\">Das Dual-Focused Dots Handst\u00fcck verf\u00fcgt \u00fcber einen einstellbaren Mikrostrahl-Scanner mit ver\u00e4nderbarer Eindringtiefe f\u00fcr die Behandlungen.<\/span><span> <\/span><\/p>\n<p><span data-contrast=\"none\"><strong> Effektiv <\/strong> &#8211; Mit vier Wellenl\u00e4ngen: 532 nm, 595 nm, 660 nm und 1064 nm bietet der PicoPlus die Vielseitigkeit, selbst die schwierigsten F\u00e4lle zu behandeln.<\/span><span> <\/span><\/p>\n<p><span data-contrast=\"none\"><strong>Zuverl\u00e4ssig <\/strong> &#8211; \u00c4rzte weltweit vertrauen auf den PicoPlus, um optimale Ergebnisse zu erzielen. Der PicoPlus kalibriert sich selbst, um die Betriebszeit zu maximieren. <\/span><span> <\/span><\/p>\n            <\/div>\n          <\/div>\n                          <div class=\"o-col-6@md\">\n            <div class=\"wistia_responsive_padding\" style=\"padding:56.25% 0 0 0;position:relative\">\n<div class=\"wistia_responsive_wrapper\" style=\"height:100%;left:0;position:absolute;top:0;width:100%\">\n<div class=\"wistia_embed wistia_async_w5fo6bhjhl seo=true videoFoam=true\" style=\"height:100%;position:relative;width:100%\">\n<div class=\"wistia_swatch\" style=\"height:100%;left:0;opacity:0;overflow:hidden;position:absolute;top:0;width:100%\"><img decoding=\"async\" src=\"https:\/\/fast.wistia.com\/embed\/medias\/w5fo6bhjhl\/swatch\" style=\"height:100%;object-fit:contain;width:100%\" alt=\"\" aria-hidden=\"true\"><\/div>\n<\/div>\n<\/div>\n<\/div>\n            <a href=\"#gform_popup_10\" class=\"u-mt-3 u-mr-1 c-button c-button--xl c-button--transparent-orange js-open-content-popup\">Brosch\u00fcre anfordern<\/a>          <\/div>\n              <\/div>\n    <\/div>\n    <\/div>\n\n  <\/div>\n<\/section>\n\n\n<div class=\"o-container\">\n  <div class=\"o-row\">\n    <div class=\"o-col-12\">\n      <hr class=\"c-divider u-text-tertriary-gray-gray-400\">\n    <\/div>\n  <\/div>\n<\/div>\n\n\n\n<section id=\"cta-columns-block_cfb0e15a718619dcbcf7027e40ba12f2\" class=\"cta-columns-block u-pt-5 u-pt-9@md u-pb-5 u-pb-9@md c-text-editor\">\n    <div class=\"o-container\">\n\n    <div class=\"u-text-center u-pb-5\"><h2 class=\"u-mb-1\">Was kann der PicoPlus behandeln? <\/h2><p><\/p><\/div><div class=\"o-stack-4@xl js-cta-columns-slider\"><div class=\"u-mb-gutter u-px-1\">          <img decoding=\"async\" src=\"https:\/\/www.cynosurelutronicemea.com\/wp-content\/uploads\/sites\/15\/2024\/11\/Tattoo-removal-Icon.jpg\" srcset=\"\" sizes=\"(max-width: cynosure-small) 100vw, cynosure-small\" alt=\"tattoo-removal-icon-2\">\n    <h3>Tattooentfernung<\/h3> \nMindestens doppelt so schnell und effektiver bei der Entfernung von T\u00e4towierungen im Vergleich zu herk\u00f6mmlichen Q-Switch-Lasern.  <\/div><div class=\"u-mb-gutter u-px-1\">          <img decoding=\"async\" src=\"https:\/\/www.cynosurelutronicemea.com\/wp-content\/uploads\/sites\/15\/2024\/11\/pigmentation.jpg\" srcset=\"\" sizes=\"(max-width: cynosure-small) 100vw, cynosure-small\" alt=\"pigmentation-2\">\n    <h3>Pigmentst\u00f6rungen <\/h3>\nPicoPlus ist ein ideales Ger\u00e4t zur Behandlung und Entfernung hartn\u00e4ckiger Pigmentierung, schmerzarm und effektiv.<\/div><div class=\"u-mb-gutter u-px-1\">          <img decoding=\"async\" src=\"https:\/\/www.cynosurelutronicemea.com\/wp-content\/uploads\/sites\/15\/2024\/11\/melasma.jpg\" srcset=\"\" sizes=\"(max-width: cynosure-small) 100vw, cynosure-small\" alt=\"melasma-2\">\n    <h3> Melasma <\/h3>Die verschiedenen Wellenl\u00e4ngen des PicoPlus erm\u00f6glichen die Behandlung aller Hauttypen und dringen tief genug ein, um die dermale pigment\u00e4re Komponente von Melasma zu erreichen. <\/div><div class=\"u-mb-gutter u-px-1\">          <img decoding=\"async\" src=\"https:\/\/www.cynosurelutronicemea.com\/wp-content\/uploads\/sites\/15\/2024\/11\/skin-revitalisation.jpg\" srcset=\"\" sizes=\"(max-width: cynosure-small) 100vw, cynosure-small\" alt=\"skin-revitalisation-2\">\n    <h3>Hautrevitalisierung <\/h3>\nRevitalisierung der Haut ohne Ausfallzeiten. PicoPlus verhilft zu einer ges\u00fcnder aussehenden Haut, einem strahlenderen Teint, einer verbesserten Hauttextur und einem besseren Hautton.  <\/div><div class=\"u-mb-gutter u-px-1\">          <img decoding=\"async\" src=\"https:\/\/www.cynosurelutronicemea.com\/wp-content\/uploads\/sites\/15\/2024\/11\/Fine-lines-and-wrinkles.jpg\" srcset=\"\" sizes=\"(max-width: cynosure-small) 100vw, cynosure-small\" alt=\"fine-lines-and-wrinkles-2\">\n    <h3>Feine Linien &amp; Falten. <\/h3>\nReduzieren Sie das Erscheinungsbild von feinen Linien und Falten mit der fortschrittlichen Lasertechnologie des PicoPlus. <\/div><\/div>\n  <\/div>\n<\/section>\n\n\n\n<section id=\"faq-block_df15e065c095a574eee0bc95512863d9\" class=\"faq-block u-pt-5 u-pt-9@md u-pb-5 u-pb-9@md\">\n  <div class=\"o-container\">\n\n    <h3 class=\"u-font-basic\">H\u00e4ufig gestellte Fragen<\/h3><div class=\"c-accordion\">        <div class=\"c-accordion__item\">\n          <a href=\"#\" class=\"c-accordion__toggle\">\n            Wie lange dauert die Erholung nach einer PicoPlus-Behandlung?           <\/a>\n          <div class=\"c-accordion__panel\">\n            <div class=\"c-accordion__content c-text-editor\">\n              <p>PicoPlus-Behandlungen haben in der Regel nur eine minimale Ausfallzeit. Es kann zu einer leichten R\u00f6tung oder Schwellung kommen, die in der Regel innerhalb von ein paar Stunden bis ein paar Tagen abklingt. Die Patienten k\u00f6nnen in der Regel sofort nach der Behandlung wieder ihren normalen Aktivit\u00e4ten nachgehen. F\u00fcr ein optimales Ergebnis ist es jedoch ratsam, Sonneneinstrahlung zu vermeiden und Sonnenschutzmittel auf die behandelten Bereiche aufzutragen.   <\/p>\n            <\/div>\n          <\/div>\n        <\/div>\n            <div class=\"c-accordion__item\">\n          <a href=\"#\" class=\"c-accordion__toggle\">\n            Wie viele Behandlungen brauche ich, um Ergebnisse zu sehen?           <\/a>\n          <div class=\"c-accordion__panel\">\n            <div class=\"c-accordion__content c-text-editor\">\n              <p>Die Anzahl der erforderlichen Behandlungen h\u00e4ngt von der jeweiligen Erkrankung und dem gew\u00fcnschten Ergebnis ab. F\u00fcr die Entfernung von T\u00e4towierungen k\u00f6nnen mehrere Sitzungen (oft 4-6) erforderlich sein, w\u00e4hrend Behandlungen zur Hautverj\u00fcngung bereits nach 2-3 Sitzungen Ergebnisse zeigen k\u00f6nnen. Auf der Grundlage Ihrer Ziele und Hautbed\u00fcrfnisse wird ein ma\u00dfgeschneiderter Behandlungsplan durch Ihren Behandler empfohlen.   <\/p>\n            <\/div>\n          <\/div>\n        <\/div>\n            <div class=\"c-accordion__item\">\n          <a href=\"#\" class=\"c-accordion__toggle\">\n            Ist der PicoPlus-Laser f\u00fcr alle Hauttypen geeignet?           <\/a>\n          <div class=\"c-accordion__panel\">\n            <div class=\"c-accordion__content c-text-editor\">\n              <p>Ja, PicoPlus ist im Allgemeinen f\u00fcr die meisten Hauttypen sicher, auch f\u00fcr dunklere Hautt\u00f6ne. Seine Pikosekundentechnologie minimiert das Risiko von Hyperpigmentierung und Narbenbildung. Es wird jedoch eine Beratung durch einen geschulten Anbieter empfohlen, um die Eignung auf der Grundlage der individuellen Hautmerkmale zu best\u00e4tigen.   <\/p>\n            <\/div>\n          <\/div>\n        <\/div>\n            <div class=\"c-accordion__item\">\n          <a href=\"#\" class=\"c-accordion__toggle\">\n            Welche Art von Hautzust\u00e4nden kann mit dem PicoPlus behandelt werden?           <\/a>\n          <div class=\"c-accordion__panel\">\n            <div class=\"c-accordion__content c-text-editor\">\n              <p>PicoPlus ist wirksam bei der Behandlung verschiedener Indikationen, darunter Aknenarben, Melasma, Sonnenflecken, feine Linien und F\u00e4ltchen. Es wird jedoch meistens zur Entfernung von T\u00e4towierungen und zur allgemeinen Hautverj\u00fcngung verwendet, um den Hautton und die Textur zu verbessern. <\/p>\n            <\/div>\n          <\/div>\n        <\/div>\n            <div class=\"c-accordion__item\">\n          <a href=\"#\" class=\"c-accordion__toggle\">\n            Was ist der PicoPlus, und wie funktioniert er?           <\/a>\n          <div class=\"c-accordion__panel\">\n            <div class=\"c-accordion__content c-text-editor\">\n              <p>Der Cynosure Lutronic PicoPlus ist ein fortschrittlicher Pikosekundenlaser, der auf Hautprobleme wie Pigmentierung, Aknenarben und unerw\u00fcnschte Tattoos abzielt. Er arbeitet mit ultrakurzen Energieimpulsen im Pikosekundenbereich, die Pigmente (z.B. Melanin oder Tattowier-Tinte) abbauen und die Kollagenproduktion anregen, w\u00e4hrend sie das umliegende Gewebe nur minimal sch\u00e4digen.  <\/p>\n            <\/div>\n          <\/div>\n        <\/div>\n    <\/div>\n  <\/div>\n<\/section>\n","protected":false},"menu_order":0,"template":"","product_type":[],"class_list":["post-2985","product","type-product","status-publish","hentry"],"acf":[],"yoast_head":"<!-- This site is optimized with the Yoast SEO plugin v27.3 - https:\/\/yoast.com\/product\/yoast-seo-wordpress\/ -->\n<title>PicoPlus Laser | Cynosure Lutronic<\/title>\n<meta name=\"description\" content=\"PicoPlus \u2013 die h\u00f6chste Leistung aller Mehrwellenl\u00e4ngen-Pikosekundenlaser. Bieten Sie schnell, sicher und effektiv glatte, pigmentfreie Haut.\" \/>\n<meta name=\"robots\" content=\"index, follow, max-snippet:-1, max-image-preview:large, max-video-preview:-1\" \/>\n<link rel=\"canonical\" href=\"https:\/\/www.cynosurelutronicemea.com\/de\/produkte\/pico-plus\/\" \/>\n<meta property=\"og:locale\" content=\"de_DE\" \/>\n<meta property=\"og:type\" content=\"article\" \/>\n<meta property=\"og:title\" content=\"PicoPlus Laser | Cynosure Lutronic\" \/>\n<meta property=\"og:description\" content=\"PicoPlus \u2013 die h\u00f6chste Leistung aller Mehrwellenl\u00e4ngen-Pikosekundenlaser. Bieten Sie schnell, sicher und effektiv glatte, pigmentfreie Haut.\" \/>\n<meta property=\"og:url\" content=\"https:\/\/www.cynosurelutronicemea.com\/de\/produkte\/pico-plus\/\" \/>\n<meta property=\"og:site_name\" content=\"Cynosure Lutronic EMEA\" \/>\n<meta property=\"article:modified_time\" content=\"2025-08-07T13:57:56+00:00\" \/>\n<meta name=\"twitter:card\" content=\"summary_large_image\" \/>\n<script type=\"application\/ld+json\" class=\"yoast-schema-graph\">{\"@context\":\"https:\\\/\\\/schema.org\",\"@graph\":[{\"@type\":\"WebPage\",\"@id\":\"https:\\\/\\\/www.cynosurelutronicemea.com\\\/de\\\/produkte\\\/pico-plus\\\/\",\"url\":\"https:\\\/\\\/www.cynosurelutronicemea.com\\\/de\\\/produkte\\\/pico-plus\\\/\",\"name\":\"PicoPlus Laser | Cynosure Lutronic\",\"isPartOf\":{\"@id\":\"https:\\\/\\\/www.cynosurelutronicemea.com\\\/de\\\/#website\"},\"datePublished\":\"2024-11-14T16:07:39+00:00\",\"dateModified\":\"2025-08-07T13:57:56+00:00\",\"description\":\"PicoPlus \u2013 die h\u00f6chste Leistung aller Mehrwellenl\u00e4ngen-Pikosekundenlaser. Bieten Sie schnell, sicher und effektiv glatte, pigmentfreie Haut.\",\"breadcrumb\":{\"@id\":\"https:\\\/\\\/www.cynosurelutronicemea.com\\\/de\\\/produkte\\\/pico-plus\\\/#breadcrumb\"},\"inLanguage\":\"de-DE\",\"potentialAction\":[{\"@type\":\"ReadAction\",\"target\":[\"https:\\\/\\\/www.cynosurelutronicemea.com\\\/de\\\/produkte\\\/pico-plus\\\/\"]}]},{\"@type\":\"BreadcrumbList\",\"@id\":\"https:\\\/\\\/www.cynosurelutronicemea.com\\\/de\\\/produkte\\\/pico-plus\\\/#breadcrumb\",\"itemListElement\":[{\"@type\":\"ListItem\",\"position\":1,\"name\":\"Home\",\"item\":\"https:\\\/\\\/www.cynosurelutronicemea.com\\\/de\\\/\"},{\"@type\":\"ListItem\",\"position\":2,\"name\":\"PicoPlus\"}]},{\"@type\":\"WebSite\",\"@id\":\"https:\\\/\\\/www.cynosurelutronicemea.com\\\/de\\\/#website\",\"url\":\"https:\\\/\\\/www.cynosurelutronicemea.com\\\/de\\\/\",\"name\":\"Cynosure Lutronic EMEA\",\"description\":\"\",\"potentialAction\":[{\"@type\":\"SearchAction\",\"target\":{\"@type\":\"EntryPoint\",\"urlTemplate\":\"https:\\\/\\\/www.cynosurelutronicemea.com\\\/de\\\/?s={search_term_string}\"},\"query-input\":{\"@type\":\"PropertyValueSpecification\",\"valueRequired\":true,\"valueName\":\"search_term_string\"}}],\"inLanguage\":\"de-DE\"}]}<\/script>\n<!-- \/ Yoast SEO plugin. -->","yoast_head_json":{"title":"PicoPlus Laser | Cynosure Lutronic","description":"PicoPlus \u2013 die h\u00f6chste Leistung aller Mehrwellenl\u00e4ngen-Pikosekundenlaser. Bieten Sie schnell, sicher und effektiv glatte, pigmentfreie Haut.","robots":{"index":"index","follow":"follow","max-snippet":"max-snippet:-1","max-image-preview":"max-image-preview:large","max-video-preview":"max-video-preview:-1"},"canonical":"https:\/\/www.cynosurelutronicemea.com\/de\/produkte\/pico-plus\/","og_locale":"de_DE","og_type":"article","og_title":"PicoPlus Laser | Cynosure Lutronic","og_description":"PicoPlus \u2013 die h\u00f6chste Leistung aller Mehrwellenl\u00e4ngen-Pikosekundenlaser. Bieten Sie schnell, sicher und effektiv glatte, pigmentfreie Haut.","og_url":"https:\/\/www.cynosurelutronicemea.com\/de\/produkte\/pico-plus\/","og_site_name":"Cynosure Lutronic EMEA","article_modified_time":"2025-08-07T13:57:56+00:00","twitter_card":"summary_large_image","schema":{"@context":"https:\/\/schema.org","@graph":[{"@type":"WebPage","@id":"https:\/\/www.cynosurelutronicemea.com\/de\/produkte\/pico-plus\/","url":"https:\/\/www.cynosurelutronicemea.com\/de\/produkte\/pico-plus\/","name":"PicoPlus Laser | Cynosure Lutronic","isPartOf":{"@id":"https:\/\/www.cynosurelutronicemea.com\/de\/#website"},"datePublished":"2024-11-14T16:07:39+00:00","dateModified":"2025-08-07T13:57:56+00:00","description":"PicoPlus \u2013 die h\u00f6chste Leistung aller Mehrwellenl\u00e4ngen-Pikosekundenlaser. Bieten Sie schnell, sicher und effektiv glatte, pigmentfreie Haut.","breadcrumb":{"@id":"https:\/\/www.cynosurelutronicemea.com\/de\/produkte\/pico-plus\/#breadcrumb"},"inLanguage":"de-DE","potentialAction":[{"@type":"ReadAction","target":["https:\/\/www.cynosurelutronicemea.com\/de\/produkte\/pico-plus\/"]}]},{"@type":"BreadcrumbList","@id":"https:\/\/www.cynosurelutronicemea.com\/de\/produkte\/pico-plus\/#breadcrumb","itemListElement":[{"@type":"ListItem","position":1,"name":"Home","item":"https:\/\/www.cynosurelutronicemea.com\/de\/"},{"@type":"ListItem","position":2,"name":"PicoPlus"}]},{"@type":"WebSite","@id":"https:\/\/www.cynosurelutronicemea.com\/de\/#website","url":"https:\/\/www.cynosurelutronicemea.com\/de\/","name":"Cynosure Lutronic EMEA","description":"","potentialAction":[{"@type":"SearchAction","target":{"@type":"EntryPoint","urlTemplate":"https:\/\/www.cynosurelutronicemea.com\/de\/?s={search_term_string}"},"query-input":{"@type":"PropertyValueSpecification","valueRequired":true,"valueName":"search_term_string"}}],"inLanguage":"de-DE"}]}},"_links":{"self":[{"href":"https:\/\/www.cynosurelutronicemea.com\/de\/wp-json\/wp\/v2\/product\/2985","targetHints":{"allow":["GET"]}}],"collection":[{"href":"https:\/\/www.cynosurelutronicemea.com\/de\/wp-json\/wp\/v2\/product"}],"about":[{"href":"https:\/\/www.cynosurelutronicemea.com\/de\/wp-json\/wp\/v2\/types\/product"}],"version-history":[{"count":0,"href":"https:\/\/www.cynosurelutronicemea.com\/de\/wp-json\/wp\/v2\/product\/2985\/revisions"}],"wp:attachment":[{"href":"https:\/\/www.cynosurelutronicemea.com\/de\/wp-json\/wp\/v2\/media?parent=2985"}],"wp:term":[{"taxonomy":"product_type","embeddable":true,"href":"https:\/\/www.cynosurelutronicemea.com\/de\/wp-json\/wp\/v2\/product_type?post=2985"}],"curies":[{"name":"wp","href":"https:\/\/api.w.org\/{rel}","templated":true}]}}