{"id":2982,"date":"2024-11-15T09:11:39","date_gmt":"2024-11-15T09:11:39","guid":{"rendered":"https:\/\/www.cynosurelutronicemea.com\/product\/hollywood-spectra\/"},"modified":"2025-08-07T13:56:22","modified_gmt":"2025-08-07T13:56:22","slug":"hollywood-spectra","status":"publish","type":"product","link":"https:\/\/www.cynosurelutronicemea.com\/de\/produkte\/hollywood-spectra\/","title":{"rendered":"Hollywood Spectra"},"content":{"rendered":"\n<section id=\"hero-block_1d3ff7af0aa8851deef8a0d90da522d7\" class=\"hero-block\">\n  <!-- <div class=\"o-container-fluid\"> -->\n  \n<div class=\"c-hero-slider-container\" style=\"position:relative;\">\n\n    \n    <div class=\"c-hero-slider js-hero-slider\" >\n                <div class=\"c-hero-slider__item\">\n                    <section class=\"c-hero-slider__content u-text-white\" style=\"background-image: url('https:\/\/www.cynosurelutronicemea.com\/wp-content\/uploads\/sites\/15\/2024\/11\/Banners-Website-Spectra-22.jpg'), url('https:\/\/www.cynosurelutronicemea.com\/wp-content\/uploads\/sites\/15\/2024\/11\/Banners-Website-Spectra-22.jpg');\">\n                        <div class=\"o-container\">\n                            <div class=\"o-row\">\n                                <div class=\"o-col-8@md o-col-7@lg o-col-6@xl\">\n                                    <h1 class=\"c-hero-slider__title\">HOLLYWOOD SPECTRA <\/h1>\n                                    <div class=\"c-hero-slider__text\">\n                                        <p>Die nano-akustische Laserplattform der Zukunft. Behandeln Sie eine Vielzahl von Indikationen bei allen Patienten mit einem akustischen Effekt, der der Pikosekunden-Technologie nahekommt, ohne die h\u00f6heren System- und Wartungskosten <\/p>\n                                    <\/div>\n                                                                            <a href=\"#gform_popup_8\" class=\"c-button c-button--orange js-open-content-popup\">Informationen anfordern<\/a>                                                                    <\/div>\n                            <\/div>\n                        <\/div>\n                    <\/section>\n                <\/div>\n\n            <\/div><\/div>  <!-- <\/div> -->\n<\/section>\n\n\n\n<section id=\"content-block_c2c19d63a7ab4e82f52ff7b1e40c9ac9\" class=\"content-block u-pt-5 u-pt-9@md u-pb-5 u-pb-9@md\">\n    <div class=\"o-container-fluid\">\n\n    \n<div class=\"o-row\">\n        <div class=\"o-col-12 u-text-center\">\n              <h2 class=\"c-heading c-heading--secondary u-h3 u-h1@sm u-uppercase u-mb-3@sm\">Eine grundlegende Laserplattform f\u00fcr jede Praxis.<\/h2>\n                    <div class=\"c-text-editor\">\n          <p>Der Hollywood Spectra ist die weltweit f\u00fchrende 1064\/532nm-Laserplattform mit patentierten F\u00e4higkeiten zur Reduzierung unerw\u00fcnschter Pigmentierung und zur Wiederherstellung strahlender Haut.<\/p>\n<p>Die un\u00fcbertroffen kurzen Pulsbreiten und die hohe Spitzenleistung tragen dazu bei, sichere und effektive Behandlungen mit minimaler Ausfallzeit f\u00fcr die Patienten durchzuf\u00fchren.<\/p>\n<p>Ein absolutes Muss f\u00fcr jede \u00e4sthetische Praxis.<\/p>\n        <\/div>\n                <\/div>\n      <\/div>\n\n  <\/div>\n<\/section>\n\n\n\n<section id=\"testimonials-block_32db877cc51cd8d6e36285e5e30d9674\" class=\"testimonials-block u-pt-5 u-pt-9@md\">\n    <div class=\"o-container\">\n\n    <div class=\"o-row\">\n      <div class=\"o-col-12\">\n        <div class=\"u-mb-4\">\n                      <h3 class=\"u-font-basic u-mb-1\">Arzt-Erfahrungen<\/h3>\n                            <\/div>\n      <\/div>\n                <div class=\"o-col-6@md\">\n            <div class=\"u-mb-gutter\">\n              <div class=\"c-testimonial\">\n                <blockquote class=\"c-testimonial__quote\">\n                  <p>\u201c<script src=\"https:\/\/fast.wistia.com\/embed\/medias\/o88jps5wmc.jsonp\" async><\/script><script src=\"https:\/\/fast.wistia.com\/assets\/external\/E-v1.js\" async><\/script><div class=\"wistia_responsive_padding\" style=\"padding:100.0% 0 0 0;position:relative;\"><div class=\"wistia_responsive_wrapper\" style=\"height:100%;left:0;position:absolute;top:0;width:100%;\"><div class=\"wistia_embed wistia_async_o88jps5wmc seo=true videoFoam=true\" style=\"height:100%;position:relative;width:100%\"><div class=\"wistia_swatch\" style=\"height:100%;left:0;opacity:0;overflow:hidden;position:absolute;top:0;transition:opacity 200ms;width:100%;\"><img decoding=\"async\" src=\"https:\/\/fast.wistia.com\/embed\/medias\/o88jps5wmc\/swatch\" style=\"filter:blur(5px);height:100%;object-fit:contain;width:100%;\" alt=\"\" aria-hidden=\"true\" onload=\"this.parentNode.style.opacity=1;\" \/><\/div><\/div><\/div><\/div>\u201d<\/p>\n                <\/blockquote>\n                <cite class=\"c-testimonial__author\"><svg class=\"o-icon \">\n\t<use xmlns:xlink=\"http:\/\/www.w3.org\/1999\/xlink\" xlink:href=\"https:\/\/www.cynosurelutronicemea.com\/wp-content\/themes\/cynosure-emea\/assets\/sprite\/icons.svg#icon-person\"><\/use>\n<\/svg> Dr Guy Erlich<\/cite>\n              <\/div>\n            <\/div>\n          <\/div>\n          <\/div>\n\n  <\/div>\n<\/section>\n\n\n\n<section id=\"content-block_24eb91dd0d98708899b31aca6dc0138a\" class=\"content-block u-pt-5 u-pt-9@md u-pb-5 u-pb-9@md u-bg-tertriary-gray-100\">\n    <div class=\"o-container-fluid\">\n\n    \n<div class=\"o-row\">\n        <div class=\"o-col-12 u-text-center\">\n                    <div class=\"c-text-editor\">\n          <p style=\"text-align: center\">R\u00fcsten Sie Ihre Praxis mit den hochwertigsten \u00e4sthetischen Ger\u00e4ten auf dem Markt aus.<\/p>\n        <\/div>\n            <a href=\"#gform_popup_8\" class=\"u-mt-3 u-mr-1 c-button c-button--xl c-button--orange js-open-content-popup\">Demo anfordern<br><\/a>    <\/div>\n      <\/div>\n\n  <\/div>\n<\/section>\n\n\n\n<section id=\"content-block_4e1a53fe27c7c65f61d73815265e98c0\" class=\"content-block u-pt-5 u-pt-9@md u-pb-5 u-pb-9@md\">\n    <div class=\"o-container\">\n\n    \n<div class=\"o-row\">\n          <div class=\"o-col-12\">\n              <div class=\"o-row\">\n          <div class=\"o-col-6@md\">\n            <h2 class=\"c-heading c-heading--secondary u-h3 u-h1@sm u-uppercase u-mb-3@sm\">Die Vorteile des Hollywood Spectra:<\/h2>\n          <\/div>\n        <\/div>\n            <div class=\"o-row\">\n                  <div class=\"o-col-6@md\">\n            <div class=\"c-text-editor\">\n              <p><img loading=\"lazy\" decoding=\"async\" class=\"alignnone size-full wp-image-1063\" src=\"https:\/\/www.cynosurelutronicemea.com\/wp-content\/uploads\/sites\/15\/2024\/11\/Tick-transparent.png\" alt=\"\" width=\"40\" height=\"40\">Hypersurge\u2122- und IntelliBeam\u2122-Technologien sorgen f\u00fcr eine 1064 nm-Pikosekunden-\u00e4hnliche Leistung mit h\u00f6herer Zuverl\u00e4ssigkeit und geringeren Servicekosten<br \/>\n<img loading=\"lazy\" decoding=\"async\" class=\"alignnone size-full wp-image-1063\" src=\"https:\/\/www.cynosurelutronicemea.com\/wp-content\/uploads\/sites\/15\/2024\/11\/Tick-transparent.png\" alt=\"\" width=\"40\" height=\"40\">Das \u00fcberragende Flat-Top-Strahlprofil liefert gleichm\u00e4\u00dfige Energie ohne Hot Spots.<br \/>\n<img loading=\"lazy\" decoding=\"async\" class=\"alignnone size-full wp-image-1063\" src=\"https:\/\/www.cynosurelutronicemea.com\/wp-content\/uploads\/sites\/15\/2024\/11\/Tick-transparent.png\" alt=\"\" width=\"40\" height=\"40\">Fraktionierte Vollstrahl- und Mikrostrahlhandst\u00fccke sind f\u00fcr eine starke Pigmentreduzierung und verbesserte Kollagenstimulation enthalten<br \/>\n<img loading=\"lazy\" decoding=\"async\" class=\"alignnone size-full wp-image-1063\" src=\"https:\/\/www.cynosurelutronicemea.com\/wp-content\/uploads\/sites\/15\/2024\/11\/Tick-transparent.png\" alt=\"\" width=\"40\" height=\"40\">Erfordert weniger Behandlungen zur Entfernung von Pigmenten, bei gleichzeitig geringerer Ausfallzeit f\u00fcr den Patienten<br \/>\n<img loading=\"lazy\" decoding=\"async\" class=\"alignnone size-full wp-image-1063\" src=\"https:\/\/www.cynosurelutronicemea.com\/wp-content\/uploads\/sites\/15\/2024\/11\/Tick-transparent.png\" alt=\"\" width=\"40\" height=\"40\">Enth\u00e4lt die Vielseitigkeit, die f\u00fcr die Behandlung von \u00fcber 20 Indikationen erforderlich ist, einschlie\u00dflich der h\u00e4ufigsten Hauterkrankungen in Ihrer Praxis<br \/>\nDer enorme Einsatzbereich des Hollywood Spectra bietet einen hohen ROI f\u00fcr jede Praxis<\/p>\n            <\/div>\n          <\/div>\n                          <div class=\"o-col-6@md\">\n            <div class=\"wistia_responsive_padding\" style=\"padding: 56.25% 0 0 0;position: relative\">\n<div class=\"wistia_responsive_wrapper\" style=\"height: 100%;left: 0;position: absolute;top: 0;width: 100%\">\n<div class=\"wistia_embed wistia_async_hgoxspu85a seo=true videoFoam=true\" style=\"height: 100%;position: relative;width: 100%\">\n<div class=\"wistia_swatch\" style=\"height: 100%;left: 0;opacity: 0;overflow: hidden;position: absolute;top: 0;width: 100%\"><img decoding=\"async\" style=\"height: 100%;object-fit: contain;width: 100%\" src=\"https:\/\/fast.wistia.com\/embed\/medias\/hgoxspu85a\/swatch\" alt=\"\" aria-hidden=\"true\"><\/div>\n<\/div>\n<\/div>\n<\/div>\n            <a href=\"#gform_popup_10\" class=\"u-mt-3 u-mr-1 c-button c-button--xl c-button--transparent-orange js-open-content-popup\">Brosch\u00fcre anfordern<\/a>          <\/div>\n              <\/div>\n    <\/div>\n    <\/div>\n\n  <\/div>\n<\/section>\n\n\n<div class=\"o-container\">\n  <div class=\"o-row\">\n    <div class=\"o-col-12\">\n      <hr class=\"c-divider u-text-tertriary-gray-gray-400\">\n    <\/div>\n  <\/div>\n<\/div>\n\n\n\n<section id=\"cta-columns-block_2a7ee305136be8b415852088742b0875\" class=\"cta-columns-block u-pt-5 u-pt-9@md u-pb-5 u-pb-9@md c-text-editor\">\n    <div class=\"o-container\">\n\n    <div class=\"u-text-center u-pb-5\"><h2 class=\"u-mb-1\">Was kann das Hollywood Spectra behandeln? <\/h2><p><\/p><\/div><div class=\"o-stack-4@xl js-cta-columns-slider\"><div class=\"u-mb-gutter u-px-1\">          <img decoding=\"async\" src=\"https:\/\/www.cynosurelutronicemea.com\/wp-content\/uploads\/sites\/15\/2024\/11\/Tattoo-removal-Icon.jpg\" srcset=\"\" sizes=\"(max-width: cynosure-small) 100vw, cynosure-small\" alt=\"tattoo-removal-icon-2\">\n    <h3>Tattooentfernung<\/h3> \nDer kurzgepulste Q-switched Nd-Laser des Hollywood Spectra zerbricht effektiv die Tattoo-Tintenpartikel in der Haut und zielt auf Pigmente ab, ohne das umliegende Gewebe zu sch\u00e4digen. Diese selektive Zielrichtung ist besonders effizient bei mehrfarbigen Tattoos, wodurch eine breitere Palette von Tintenfarben mit minimalem Unbehagen behandelt werden kann. <\/div><div class=\"u-mb-gutter u-px-1\">          <img decoding=\"async\" src=\"https:\/\/www.cynosurelutronicemea.com\/wp-content\/uploads\/sites\/15\/2024\/11\/pigmentation.jpg\" srcset=\"\" sizes=\"(max-width: cynosure-small) 100vw, cynosure-small\" alt=\"pigmentation-2\">\n    <h3>Pigmentst\u00f6rungen <\/h3>\nDieser Laser wirkt sowohl auf oberfl\u00e4chliche als auch auf tiefere pigmentierte L\u00e4sionen, einschlie\u00dflich Altersflecken und Sonnensch\u00e4den. Er nutzt photomechanische Effekte, um Melaninansammlungen zu zerst\u00f6ren und den Hautton zu verbessern. Die 5 ns Pulsbreite des Lasers verringert au\u00dferdem das Risiko einer Hyperpigmentierung, was besonders vorteilhaft f\u00fcr Patienten mit dunkleren Hautt\u00f6nen ist.  <\/div><div class=\"u-mb-gutter u-px-1\">          <img decoding=\"async\" src=\"https:\/\/www.cynosurelutronicemea.com\/wp-content\/uploads\/sites\/15\/2024\/11\/melasma.jpg\" srcset=\"\" sizes=\"(max-width: cynosure-small) 100vw, cynosure-small\" alt=\"melasma-2\">\n    <h3> Melasma <\/h3>Der Hollywood Spectra ist einer der ersten Laser, der f\u00fcr die Behandlung von Melasma zugelassen ist und eine sichere Option bietet, die nicht auf W\u00e4rme angewiesen ist, welche Melasma verschlimmern kann. Durch die Minimierung thermischer Sch\u00e4den erm\u00f6glicht Hollywood Spectra eine kontrollierte Behandlung von Melasma, wobei \u00fcbersch\u00fcssige Pigmentierung effektiv abgebaut und der Hautton ausgeglichen werden kann. <\/div><div class=\"u-mb-gutter u-px-1\">          <img decoding=\"async\" src=\"https:\/\/www.cynosurelutronicemea.com\/wp-content\/uploads\/sites\/15\/2024\/11\/skin-revitalisation.jpg\" srcset=\"\" sizes=\"(max-width: cynosure-small) 100vw, cynosure-small\" alt=\"skin-revitalisation-2\">\n    <h3>Hautrevitalisierung <\/h3>\nBekannt f\u00fcr das Hollywood Laser Peel, exfoliert das Ger\u00e4t sanft die Haut, w\u00e4hrend es die Kollagenproduktion anregt. Diese nicht-ablative Hautverj\u00fcngung kann ohne signifikante Ausfallzeiten die Porengr\u00f6\u00dfe reduzieren und die Textur verbessern, was den Laser zu einer attraktiven Option f\u00fcr Patienten macht, die nach einer Hautverj\u00fcngung suchen. <\/div><div class=\"u-mb-gutter u-px-1\">          <img decoding=\"async\" src=\"https:\/\/www.cynosurelutronicemea.com\/wp-content\/uploads\/sites\/15\/2024\/11\/Fine-lines-and-wrinkles.jpg\" srcset=\"\" sizes=\"(max-width: cynosure-small) 100vw, cynosure-small\" alt=\"fine-lines-and-wrinkles-2\">\n    <h3>Feine Linien &amp; Falten. <\/h3>\nHollywood Spectra regt auch die Kollagenproduktion an und remodeliert die Haut, wodurch feine Linien gegl\u00e4ttet und das Erscheinungsbild von Falten reduziert werden k\u00f6nnen. Der Hollywood Spectra verbessert die Hauttextur und den Hautton und tr\u00e4gt durch kontrollierte photothermische Effekte im PTP+-Modus sowie durch den hohen photoakustischen Effekt dank der Hypersurge Resonator-Technologie zu einem glatteren, jugendlicheren Aussehen bei.  \n\n<\/div><\/div>\n  <\/div>\n<\/section>\n\n\n\n<section id=\"faq-block_ad41b98e7281ad34a676dbda4dd10f1e\" class=\"faq-block u-pt-5 u-pt-9@md u-pb-5 u-pb-9@md\">\n  <div class=\"o-container\">\n\n    <h3 class=\"u-font-basic\">H\u00e4ufig gestellte Fragen<\/h3><div class=\"c-accordion\">        <div class=\"c-accordion__item\">\n          <a href=\"#\" class=\"c-accordion__toggle\">\n            Gibt es bei Hollywood Spectra-Behandlungen Ausfallzeiten oder Unannehmlichkeiten?           <\/a>\n          <div class=\"c-accordion__panel\">\n            <div class=\"c-accordion__content c-text-editor\">\n              <p>Hollywood Spectra-Behandlungen sind in der Regel mit minimalen bis keinen Ausfallzeiten verbunden. Nach der Behandlung kann eine leichte R\u00f6tung auftreten, die in der Regel innerhalb weniger Stunden abklingt. Die meisten Patienten empfinden die Behandlung als angenehm, da sie nur ein leichtes W\u00e4rmegef\u00fchl w\u00e4hrend des Eingriffs versp\u00fcren. Daher ist es einfach, direkt nach der Behandlung zu den t\u00e4glichen Aktivit\u00e4ten zur\u00fcckzukehren.   \n<\/p>\n            <\/div>\n          <\/div>\n        <\/div>\n            <div class=\"c-accordion__item\">\n          <a href=\"#\" class=\"c-accordion__toggle\">\n            Wie viele Behandlungen sind erforderlich, um Ergebnisse zu sehen?           <\/a>\n          <div class=\"c-accordion__panel\">\n            <div class=\"c-accordion__content c-text-editor\">\n              <p>Die Ergebnisse k\u00f6nnen je nach Indikation variieren. Bei Melasma beispielsweise k\u00f6nnen sechs oder mehr Sitzungen erforderlich sein, um eine optimale Verbesserung zu erzielen, w\u00e4hrend andere Behandlungen zur Hautverj\u00fcngung bereits nach wenigen Sitzungen sichtbare Ergebnisse zeigen k\u00f6nnen. Ihr Arzt wird einen individuellen Behandlungsplan erstellen, der von Ihren Zielen und Ihrem Hauttyp abh\u00e4ngt.  \n<\/p>\n            <\/div>\n          <\/div>\n        <\/div>\n            <div class=\"c-accordion__item\">\n          <a href=\"#\" class=\"c-accordion__toggle\">\n            Ist Hollywood Spectra sicher f\u00fcr alle Hauttypen?           <\/a>\n          <div class=\"c-accordion__panel\">\n            <div class=\"c-accordion__content c-text-editor\">\n              <p>Ja, Hollywood Spectra ist so konzipiert, dass er f\u00fcr alle Hauttypen sicher ist, auch f\u00fcr dunklere Hautt\u00f6ne, da er \u00fcber zwei einstellbare Wellenl\u00e4ngen und kurze Pulsdauern verf\u00fcgt. Dies macht ihn zu einer geeigneten Option f\u00fcr eine Vielzahl von Hautt\u00f6nen und -zust\u00e4nden, jedoch ist nur die Beratung durch einen qualifizierten Arzt geeignet, um individuellen Hautbed\u00fcrfnissen gerecht zu werden. \n<\/p>\n            <\/div>\n          <\/div>\n        <\/div>\n            <div class=\"c-accordion__item\">\n          <a href=\"#\" class=\"c-accordion__toggle\">\n            Welche Indikationen k\u00f6nnen mit dem Hollywood Spectra behandelt werden?          <\/a>\n          <div class=\"c-accordion__panel\">\n            <div class=\"c-accordion__content c-text-editor\">\n              <p>Hollywood Spectra eignet sich zur Behandlung zahlreicher Hautprobleme, darunter Melasma, Aknenarben, unerw\u00fcnschte Pigmentierung, vergr\u00f6\u00dferte Poren und Anzeichen der Hautalterung wie feine Linien. Es wird auch gerne zur Entfernung von T\u00e4towierungen und zur Hautrevitalisierung mit dem Hollywood Laser Peel eingesetzt und bietet vielseitige L\u00f6sungen f\u00fcr \u00e4sthetische und medizinische Hautkonditionen. \n<\/p>\n            <\/div>\n          <\/div>\n        <\/div>\n            <div class=\"c-accordion__item\">\n          <a href=\"#\" class=\"c-accordion__toggle\">\n            Was ist der Hollywood Spectra und wie funktioniert er?           <\/a>\n          <div class=\"c-accordion__panel\">\n            <div class=\"c-accordion__content c-text-editor\">\n              <p>Der Hollywood Spectra ist ein fortschrittliches Lasersystem mit zwei Wellenl\u00e4ngen, das f\u00fcr seine F\u00e4higkeit bekannt ist, eine Vielzahl von Indikationen mit minimaler Ausfallzeit zu behandeln. Es nutzt kurz gepulste Laserenergie, um Pigmentierung abzubauen, Kollagen zu stimulieren und Hautton und -struktur zu verbessern. Das System ist auch die offizielle Plattform f\u00fcr das Hollywood Laser Peel, bei dem Laserenergie mit einer Kohlenstofflotion kombiniert wird, um einen milden Peelingeffekt zu erzielen, der die Ausstrahlung und Ebenm\u00e4\u00dfigkeit der Haut verbessert.  \n<\/p>\n            <\/div>\n          <\/div>\n        <\/div>\n    <\/div>\n  <\/div>\n<\/section>\n","protected":false},"menu_order":0,"template":"","product_type":[],"class_list":["post-2982","product","type-product","status-publish","hentry"],"acf":[],"yoast_head":"<!-- This site is optimized with the Yoast SEO plugin v27.3 - https:\/\/yoast.com\/product\/yoast-seo-wordpress\/ -->\n<title>Hollywood Spectra | Cynosure Lutronic<\/title>\n<meta name=\"description\" content=\"Lernen Sie Hollywood Spectra kennen \u2013 die nano-akustische Laserplattform der Zukunft. Pico-\u00e4hnliche Wirksamkeit ohne die h\u00f6heren System- und Wartungskosten.\" \/>\n<meta name=\"robots\" content=\"index, follow, max-snippet:-1, max-image-preview:large, max-video-preview:-1\" \/>\n<link rel=\"canonical\" href=\"https:\/\/www.cynosurelutronicemea.com\/de\/produkte\/hollywood-spectra\/\" \/>\n<meta property=\"og:locale\" content=\"de_DE\" \/>\n<meta property=\"og:type\" content=\"article\" \/>\n<meta property=\"og:title\" content=\"Hollywood Spectra | Cynosure Lutronic\" \/>\n<meta property=\"og:description\" content=\"Lernen Sie Hollywood Spectra kennen \u2013 die nano-akustische Laserplattform der Zukunft. Pico-\u00e4hnliche Wirksamkeit ohne die h\u00f6heren System- und Wartungskosten.\" \/>\n<meta property=\"og:url\" content=\"https:\/\/www.cynosurelutronicemea.com\/de\/produkte\/hollywood-spectra\/\" \/>\n<meta property=\"og:site_name\" content=\"Cynosure Lutronic EMEA\" \/>\n<meta property=\"article:modified_time\" content=\"2025-08-07T13:56:22+00:00\" \/>\n<meta name=\"twitter:card\" content=\"summary_large_image\" \/>\n<script type=\"application\/ld+json\" class=\"yoast-schema-graph\">{\"@context\":\"https:\\\/\\\/schema.org\",\"@graph\":[{\"@type\":\"WebPage\",\"@id\":\"https:\\\/\\\/www.cynosurelutronicemea.com\\\/de\\\/produkte\\\/hollywood-spectra\\\/\",\"url\":\"https:\\\/\\\/www.cynosurelutronicemea.com\\\/de\\\/produkte\\\/hollywood-spectra\\\/\",\"name\":\"Hollywood Spectra | Cynosure Lutronic\",\"isPartOf\":{\"@id\":\"https:\\\/\\\/www.cynosurelutronicemea.com\\\/de\\\/#website\"},\"datePublished\":\"2024-11-15T09:11:39+00:00\",\"dateModified\":\"2025-08-07T13:56:22+00:00\",\"description\":\"Lernen Sie Hollywood Spectra kennen \u2013 die nano-akustische Laserplattform der Zukunft. Pico-\u00e4hnliche Wirksamkeit ohne die h\u00f6heren System- und Wartungskosten.\",\"breadcrumb\":{\"@id\":\"https:\\\/\\\/www.cynosurelutronicemea.com\\\/de\\\/produkte\\\/hollywood-spectra\\\/#breadcrumb\"},\"inLanguage\":\"de-DE\",\"potentialAction\":[{\"@type\":\"ReadAction\",\"target\":[\"https:\\\/\\\/www.cynosurelutronicemea.com\\\/de\\\/produkte\\\/hollywood-spectra\\\/\"]}]},{\"@type\":\"BreadcrumbList\",\"@id\":\"https:\\\/\\\/www.cynosurelutronicemea.com\\\/de\\\/produkte\\\/hollywood-spectra\\\/#breadcrumb\",\"itemListElement\":[{\"@type\":\"ListItem\",\"position\":1,\"name\":\"Home\",\"item\":\"https:\\\/\\\/www.cynosurelutronicemea.com\\\/de\\\/\"},{\"@type\":\"ListItem\",\"position\":2,\"name\":\"Hollywood Spectra\"}]},{\"@type\":\"WebSite\",\"@id\":\"https:\\\/\\\/www.cynosurelutronicemea.com\\\/de\\\/#website\",\"url\":\"https:\\\/\\\/www.cynosurelutronicemea.com\\\/de\\\/\",\"name\":\"Cynosure Lutronic EMEA\",\"description\":\"\",\"potentialAction\":[{\"@type\":\"SearchAction\",\"target\":{\"@type\":\"EntryPoint\",\"urlTemplate\":\"https:\\\/\\\/www.cynosurelutronicemea.com\\\/de\\\/?s={search_term_string}\"},\"query-input\":{\"@type\":\"PropertyValueSpecification\",\"valueRequired\":true,\"valueName\":\"search_term_string\"}}],\"inLanguage\":\"de-DE\"}]}<\/script>\n<!-- \/ Yoast SEO plugin. -->","yoast_head_json":{"title":"Hollywood Spectra | Cynosure Lutronic","description":"Lernen Sie Hollywood Spectra kennen \u2013 die nano-akustische Laserplattform der Zukunft. Pico-\u00e4hnliche Wirksamkeit ohne die h\u00f6heren System- und Wartungskosten.","robots":{"index":"index","follow":"follow","max-snippet":"max-snippet:-1","max-image-preview":"max-image-preview:large","max-video-preview":"max-video-preview:-1"},"canonical":"https:\/\/www.cynosurelutronicemea.com\/de\/produkte\/hollywood-spectra\/","og_locale":"de_DE","og_type":"article","og_title":"Hollywood Spectra | Cynosure Lutronic","og_description":"Lernen Sie Hollywood Spectra kennen \u2013 die nano-akustische Laserplattform der Zukunft. Pico-\u00e4hnliche Wirksamkeit ohne die h\u00f6heren System- und Wartungskosten.","og_url":"https:\/\/www.cynosurelutronicemea.com\/de\/produkte\/hollywood-spectra\/","og_site_name":"Cynosure Lutronic EMEA","article_modified_time":"2025-08-07T13:56:22+00:00","twitter_card":"summary_large_image","schema":{"@context":"https:\/\/schema.org","@graph":[{"@type":"WebPage","@id":"https:\/\/www.cynosurelutronicemea.com\/de\/produkte\/hollywood-spectra\/","url":"https:\/\/www.cynosurelutronicemea.com\/de\/produkte\/hollywood-spectra\/","name":"Hollywood Spectra | Cynosure Lutronic","isPartOf":{"@id":"https:\/\/www.cynosurelutronicemea.com\/de\/#website"},"datePublished":"2024-11-15T09:11:39+00:00","dateModified":"2025-08-07T13:56:22+00:00","description":"Lernen Sie Hollywood Spectra kennen \u2013 die nano-akustische Laserplattform der Zukunft. Pico-\u00e4hnliche Wirksamkeit ohne die h\u00f6heren System- und Wartungskosten.","breadcrumb":{"@id":"https:\/\/www.cynosurelutronicemea.com\/de\/produkte\/hollywood-spectra\/#breadcrumb"},"inLanguage":"de-DE","potentialAction":[{"@type":"ReadAction","target":["https:\/\/www.cynosurelutronicemea.com\/de\/produkte\/hollywood-spectra\/"]}]},{"@type":"BreadcrumbList","@id":"https:\/\/www.cynosurelutronicemea.com\/de\/produkte\/hollywood-spectra\/#breadcrumb","itemListElement":[{"@type":"ListItem","position":1,"name":"Home","item":"https:\/\/www.cynosurelutronicemea.com\/de\/"},{"@type":"ListItem","position":2,"name":"Hollywood Spectra"}]},{"@type":"WebSite","@id":"https:\/\/www.cynosurelutronicemea.com\/de\/#website","url":"https:\/\/www.cynosurelutronicemea.com\/de\/","name":"Cynosure Lutronic EMEA","description":"","potentialAction":[{"@type":"SearchAction","target":{"@type":"EntryPoint","urlTemplate":"https:\/\/www.cynosurelutronicemea.com\/de\/?s={search_term_string}"},"query-input":{"@type":"PropertyValueSpecification","valueRequired":true,"valueName":"search_term_string"}}],"inLanguage":"de-DE"}]}},"_links":{"self":[{"href":"https:\/\/www.cynosurelutronicemea.com\/de\/wp-json\/wp\/v2\/product\/2982","targetHints":{"allow":["GET"]}}],"collection":[{"href":"https:\/\/www.cynosurelutronicemea.com\/de\/wp-json\/wp\/v2\/product"}],"about":[{"href":"https:\/\/www.cynosurelutronicemea.com\/de\/wp-json\/wp\/v2\/types\/product"}],"version-history":[{"count":0,"href":"https:\/\/www.cynosurelutronicemea.com\/de\/wp-json\/wp\/v2\/product\/2982\/revisions"}],"wp:attachment":[{"href":"https:\/\/www.cynosurelutronicemea.com\/de\/wp-json\/wp\/v2\/media?parent=2982"}],"wp:term":[{"taxonomy":"product_type","embeddable":true,"href":"https:\/\/www.cynosurelutronicemea.com\/de\/wp-json\/wp\/v2\/product_type?post=2982"}],"curies":[{"name":"wp","href":"https:\/\/api.w.org\/{rel}","templated":true}]}}