{"id":2976,"date":"2024-11-15T10:55:23","date_gmt":"2024-11-15T10:55:23","guid":{"rendered":"https:\/\/www.cynosurelutronicemea.com\/product\/eco2\/"},"modified":"2025-02-12T10:27:24","modified_gmt":"2025-02-12T10:27:24","slug":"eco2","status":"publish","type":"product","link":"https:\/\/www.cynosurelutronicemea.com\/de\/produkte\/eco2\/","title":{"rendered":"eCO2"},"content":{"rendered":"\n<section id=\"hero-block_e6ab2d3c603b2495c135b8a79ad8dbbf\" class=\"hero-block\">\n  <!-- <div class=\"o-container-fluid\"> -->\n  \n<div class=\"c-hero-slider-container\" style=\"position:relative;\">\n\n    \n    <div class=\"c-hero-slider js-hero-slider\" >\n                <div class=\"c-hero-slider__item\">\n                    <section class=\"c-hero-slider__content u-text-white\" style=\"background-image: url('https:\/\/www.cynosurelutronicemea.com\/wp-content\/uploads\/sites\/15\/2024\/11\/Mobile-Banners2.jpg'), url('https:\/\/www.cynosurelutronicemea.com\/wp-content\/uploads\/sites\/15\/2024\/11\/Banners-Website-Eco2plus-26.jpg');\">\n                        <div class=\"o-container\">\n                            <div class=\"o-row\">\n                                <div class=\"o-col-8@md o-col-7@lg o-col-6@xl\">\n                                    <h1 class=\"c-hero-slider__title\">Der eCO2 Plus\u2122 <\/h1>\n                                    <div class=\"c-hero-slider__text\">\n                                        <p>Ein CO2-Resurfacing-Laser im Dualmodus, der unvergleichliche Pr\u00e4zision und Vielseitigkeit bietet. <\/p>\n                                    <\/div>\n                                                                            <a href=\"#gform_popup_8\" class=\"c-button c-button--orange js-open-content-popup\">Informationen anfordern<\/a>                                                                    <\/div>\n                            <\/div>\n                        <\/div>\n                    <\/section>\n                <\/div>\n\n            <\/div><\/div>  <!-- <\/div> -->\n<\/section>\n\n<section id=\"content-block_3374e6094aad600f38d8adbdddcc3823\" class=\"content-block u-pt-5 u-pt-9@md u-pb-5 u-pb-9@md\">\n    <div class=\"o-container-fluid\">\n\n    \n<div class=\"o-row\">\n        <div class=\"o-col-12 u-text-center\">\n              <h2 class=\"c-heading c-heading--secondary u-h3 u-h1@sm u-uppercase u-mb-3@sm\">Branchensf\u00fchrende Leistung, Vielseitigkeit und Zuverl\u00e4ssigkeit.<\/h2>\n                    <div class=\"c-text-editor\">\n          <p>Der eCO2 Plus\u2122 revolutioniert die Hautpflege f\u00fcr Patienten. Er ist die Wahl f\u00fcr CO2-Behandlungen, mit fortschrittlicher Technologie und hoher Energie, die sicher und schnell das gesamte Spektrum fraktionierter Hauterneuerung behandeln kann.<br \/>\nEr ist der einzige fraktionierte und ablative Laser, der Ihnen das gesamte Spektrum an Behandlungen in Ihrer Praxis bietet. <\/p>\n<h2>Was kann der eCO2 Plus\u2122 ?<\/h2>\n<p><img loading=\"lazy\" decoding=\"async\" class=\"alignnone size-full wp-image-1063\" src=\"https:\/\/www.cynosurelutronicemea.com\/wp-content\/uploads\/sites\/15\/2024\/11\/Tick-transparent.png\" alt=\"\" width=\"40\" height=\"40\">Vielseitige Behandlungen, von aggressiven, hochenergetischen Verfahren bis hin zu sanftem Resurfacing mit EcoTone.<br \/>\n<img loading=\"lazy\" decoding=\"async\" class=\"alignnone size-full wp-image-1063\" src=\"https:\/\/www.cynosurelutronicemea.com\/wp-content\/uploads\/sites\/15\/2024\/11\/Tick-transparent.png\" alt=\"\" width=\"40\" height=\"40\">Hohe Leistung f\u00fcr schnellere und effektivere Behandlungen.<br \/>\n<img loading=\"lazy\" decoding=\"async\" class=\"alignnone size-full wp-image-1063\" src=\"https:\/\/www.cynosurelutronicemea.com\/wp-content\/uploads\/sites\/15\/2024\/11\/Tick-transparent.png\" alt=\"\" width=\"40\" height=\"40\">Die Controlled Chaos Technologiy (CCT) erzeugt zuf\u00e4llige Energieabgabemuster, um Ausfallzeiten und das Risiko von \u00dcberhitzungen zu minimieren.<br \/>\n<img loading=\"lazy\" decoding=\"async\" class=\"alignnone size-full wp-image-1063\" src=\"https:\/\/www.cynosurelutronicemea.com\/wp-content\/uploads\/sites\/15\/2024\/11\/Tick-transparent.png\" alt=\"\" width=\"40\" height=\"40\">Keine Verbrauchsmaterialien f\u00fcr einen h\u00f6heren ROI.<br \/>\n<img loading=\"lazy\" decoding=\"async\" class=\"alignnone size-full wp-image-1063\" src=\"https:\/\/www.cynosurelutronicemea.com\/wp-content\/uploads\/sites\/15\/2024\/11\/Tick-transparent.png\" alt=\"\" width=\"40\" height=\"40\">Beispiellose Ergebnisse bei der Behandlung einer Vielzahl von Indikationen.<br \/>\n<img loading=\"lazy\" decoding=\"async\" class=\"alignnone size-full wp-image-1063\" src=\"https:\/\/www.cynosurelutronicemea.com\/wp-content\/uploads\/sites\/15\/2024\/11\/Tick-transparent.png\" alt=\"\" width=\"40\" height=\"40\">120-\u03bcm-, 300-\u03bcm- und 500-\u03bcm-Mikrostrahlaufs\u00e4tze f\u00fcr klinische Pr\u00e4zision und Vertrauen in der Anwendung.<\/p>\n        <\/div>\n                <\/div>\n      <\/div>\n\n  <\/div>\n<\/section>\n\n<section id=\"content-block_3fca47c50160c65040f0386b3a6cd1be\" class=\"content-block u-pt-5 u-pt-9@md u-pb-5 u-pb-9@md u-bg-tertriary-gray-100\">\n    <div class=\"o-container-fluid\">\n\n    \n<div class=\"o-row\">\n        <div class=\"o-col-12 u-text-center\">\n                    <div class=\"c-text-editor\">\n          <p style=\"text-align: center;\">R\u00fcsten Sie Ihre Praxis mit den hochwertigsten \u00e4sthetischen Ger\u00e4ten auf dem Markt aus.<\/p>\n        <\/div>\n            <a href=\"#gform_popup_8\" class=\"u-mt-3 u-mr-1 c-button c-button--xl c-button--orange js-open-content-popup\">Demo anfordern<br><\/a>    <\/div>\n      <\/div>\n\n  <\/div>\n<\/section>\n\n<section id=\"content-block_67a2d980bb5376bd90e3da64e037cd81\" class=\"content-block u-pt-5 u-pt-9@md u-pb-5 u-pb-9@md\">\n    <div class=\"o-container\">\n\n    \n<div class=\"o-row\">\n        <div class=\"o-col-12 u-text-center\">\n              <h2 class=\"c-heading c-heading--secondary u-h3 u-h1@sm u-uppercase u-mb-3@sm\">Einzigartige Controlled Chaos Technology\u2122<\/h2>\n                    <div class=\"c-text-editor\">\n          <p>Mit der Controlled Chaos Technology\u2122 (CCT) wird jeder Mikrostrahl so weit wie m\u00f6glich vom vorherigen entfernt abgegeben.<\/p>\n<p>Dadurch wird die durch \u00fcberlappende Strahlen verursachte \u00dcberhitzung des kollateralen Gewebes minimiert und das unmittelbare, nicht bestrahlte Gewebe geschont, was die Ausfallzeiten minimiert und die Effizienz, die Sicherheit und den Patientenkomfort maximiert.<\/p>\n<p><strong>Versatility &amp; Precision<\/strong><br \/>\nGleichm\u00e4\u00dfige Energieverteilung, gleichm\u00e4\u00dfige Verdampfung und pr\u00e4zise Steuerung. Aggressive Behandlungen in vollem Umfang bis hin zum EcoTone mit geringer Ausfallzeit. <\/p>\n<img loading=\"lazy\" decoding=\"async\" class=\"wp-image-1375 aligncenter\" src=\"https:\/\/www.cynosurelutronicemea.com\/wp-content\/uploads\/sites\/15\/2024\/11\/eco2picture-300x124.jpg\" alt=\"\" width=\"586\" height=\"242\" srcset=\"https:\/\/www.cynosurelutronicemea.com\/wp-content\/uploads\/sites\/15\/2024\/11\/eco2picture-300x124.jpg 300w, https:\/\/www.cynosurelutronicemea.com\/wp-content\/uploads\/sites\/15\/2024\/11\/eco2picture-492x204.jpg 492w, https:\/\/www.cynosurelutronicemea.com\/wp-content\/uploads\/sites\/15\/2024\/11\/eco2picture-685x284.jpg 685w, https:\/\/www.cynosurelutronicemea.com\/wp-content\/uploads\/sites\/15\/2024\/11\/eco2picture.jpg 769w\" sizes=\"auto, (max-width: 492px) 576px, 586px\" \/>\n        <\/div>\n            <a href=\"#gform_popup_10\" class=\"u-mt-3 u-mr-1 c-button c-button--xl c-button--transparent-orange js-open-content-popup\">Brosch\u00fcre anfordern<\/a>    <\/div>\n      <\/div>\n\n  <\/div>\n<\/section>\n<div class=\"o-container\">\n  <div class=\"o-row\">\n    <div class=\"o-col-12\">\n      <hr class=\"c-divider u-text-tertriary-gray-gray-400\">\n    <\/div>\n  <\/div>\n<\/div>\n\n<section id=\"cta-columns-block_c10731712d62d82e02f15ef30b9c46d5\" class=\"cta-columns-block u-pt-5 u-pt-9@md u-pb-5 u-pb-9@md c-text-editor\">\n    <div class=\"o-container\">\n\n    <div class=\"u-text-center u-pb-5\"><h2 class=\"u-mb-1\">Was kann der eCO2 behandeln? <\/h2><p><\/p><\/div><div class=\"o-stack-4@xl js-cta-columns-slider\"><div class=\"u-mb-gutter u-px-1\">          <img decoding=\"async\" src=\"https:\/\/www.cynosurelutronicemea.com\/wp-content\/uploads\/sites\/15\/2024\/11\/Acne-Scarring.jpg\" srcset=\"\" sizes=\"(max-width: cynosure-small) 100vw, cynosure-small\" alt=\"acne-scarring-2\">\n    <h3>Aknenarben<\/h3> \nAknenarben k\u00f6nnen ein Leben lang belastend sein. Der eCO2 Plus\u2122 kann das Erscheinungsbild von Aknenarben erheblich reduzieren.  <\/div><div class=\"u-mb-gutter u-px-1\">          <img decoding=\"async\" src=\"https:\/\/www.cynosurelutronicemea.com\/wp-content\/uploads\/sites\/15\/2024\/11\/skin-revitalisation.jpg\" srcset=\"\" sizes=\"(max-width: cynosure-small) 100vw, cynosure-small\" alt=\"skin-revitalisation-2\">\n    <h3>Hautrevitalisierung <\/h3>\nDie fortschrittliche, ablative Lasertechnologie des eCO2 Plus\u2122 wurde entwickelt, um die Haut schnell und effizient zu gl\u00e4tten und dabei die Unannehmlichkeiten von Patienten zu minimieren.<\/div><div class=\"u-mb-gutter u-px-1\">          <img decoding=\"async\" src=\"https:\/\/www.cynosurelutronicemea.com\/wp-content\/uploads\/sites\/15\/2024\/11\/Fine-lines-and-wrinkles.jpg\" srcset=\"\" sizes=\"(max-width: cynosure-small) 100vw, cynosure-small\" alt=\"fine-lines-and-wrinkles-2\">\n    <h3>Feine Linien &amp; Falten. <\/h3>\nFeine Linien und Falten werden durch den eCO2 Plus\u2122 deutlich reduziert \u2013 manchmal schon nach nur einer einzigen Behandlung.<\/div><\/div>\n  <\/div>\n<\/section>\n\n<section id=\"faq-block_3cbe9825f0f5f7e57406e1c4b192ce7f\" class=\"faq-block u-pt-5 u-pt-9@md u-pb-5 u-pb-9@md\">\n  <div class=\"o-container\">\n\n    <h3 class=\"u-font-basic\">H\u00e4ufig gestellte Fragen<\/h3><div class=\"c-accordion\">        <div class=\"c-accordion__item\">\n          <a href=\"#\" class=\"c-accordion__toggle\">\n            Gibt es eine Ausfallzeit nach einer eCO2 Behandlung?          <\/a>\n          <div class=\"c-accordion__panel\">\n            <div class=\"c-accordion__content c-text-editor\">\n              <p>In der Regel kommt es zu einer Krustenbildung f\u00fcr etwa 3 Tage, R\u00f6tungen f\u00fcr mehrere Tage, manchmal f\u00fcr mehrere Wochen, und Schwellungen f\u00fcr 2-3 Tage. F\u00fcr eine optimale Heilung wird empfohlen, die Sonne zu meiden. Es wird au\u00dferdem empfohlen, die Erwartungen zur Ausfallzeit mit dem behandelnden Arzt zu besprechen. \n<\/p>\n            <\/div>\n          <\/div>\n        <\/div>\n            <div class=\"c-accordion__item\">\n          <a href=\"#\" class=\"c-accordion__toggle\">\n            Wie viele Behandlungen ben\u00f6tigt man f\u00fcr sichtbare Ergebnisse?          <\/a>\n          <div class=\"c-accordion__panel\">\n            <div class=\"c-accordion__content c-text-editor\">\n              <p>Die Anzahl der Sitzungen h\u00e4ngt von der zu behandelnden Erkrankung und den individuellen Zielen ab. Viele Patienten sehen eine Verbesserung nach einer einzigen Sitzung mit dem eCO2 Laser, aber bei tieferen Problemen wie Narben oder schweren Sonnensch\u00e4den k\u00f6nnen mehrere Behandlungen empfohlen werden. \n<\/p>\n            <\/div>\n          <\/div>\n        <\/div>\n            <div class=\"c-accordion__item\">\n          <a href=\"#\" class=\"c-accordion__toggle\">\n            Was erwartet mich w\u00e4hrend einer eCO2 Plus-Behandlung?          <\/a>\n          <div class=\"c-accordion__panel\">\n            <div class=\"c-accordion__content c-text-editor\">\n              <p>Die Behandlung geht schnell und kann ein leichtes Unbehagen verursachen, \u00e4hnlich einem Kribbeln oder einem warmen Gef\u00fchl. Ihr Arzt wird zuvor die notwendige Bet\u00e4ubung mit Ihnen besprechen. Danach kommt es in der Regel zu Krustenbildung, R\u00f6tungen und leichten Schwellungen, die in der Regel innerhalb weniger Tage abklingen. Das vollst\u00e4ndige Ergebnis zeigt sich nach und nach, wenn die Haut mit der Zeit heilt.  \n<\/p>\n            <\/div>\n          <\/div>\n        <\/div>\n            <div class=\"c-accordion__item\">\n          <a href=\"#\" class=\"c-accordion__toggle\">\n            Welche Indikationen kann der eCO2 Plus Laser behandeln?          <\/a>\n          <div class=\"c-accordion__panel\">\n            <div class=\"c-accordion__content c-text-editor\">\n              <p>eCO2 Plus\u2122 ist vielseitig einsetzbar und eignet sich f\u00fcr eine Reihe von Hautproblemen wie feine Linien z.B. an den Augenlidern, tiefe Falten, Aknenarben, Sonnensch\u00e4den, gro\u00dfe Poren und Pigmentst\u00f6rungen. Er kann auch den Hautton und die Textur der Haut verbessern und eignet sich sowohl f\u00fcr kleinere als auch f\u00fcr gr\u00f6\u00dfere Behandlungsareale. \n<\/p>\n            <\/div>\n          <\/div>\n        <\/div>\n            <div class=\"c-accordion__item\">\n          <a href=\"#\" class=\"c-accordion__toggle\">\n            Was ist der Cynosure Lutronic eCO2 Plus\u2122 und wie funktioniert er?          <\/a>\n          <div class=\"c-accordion__panel\">\n            <div class=\"c-accordion__content c-text-editor\">\n              <p>Der eCO2 Plus ist ein fortschrittlicher fraktionierter und ablativer CO2-Laser, der die Controlled Chaos Technology (CCT) nutzt, um zuf\u00e4llige Mikrostrahlen auf die Haut zu bringen. Diese Technologie minimiert eine \u00dcberhitzung und f\u00f6rdert einen schnelleren Heilungsprozess, wodurch sie sich ideal f\u00fcr Hauterneuerung eignet, die Hautstruktur verbessert und gleichzeitig die Ausfallzeiten minimiert. \n<\/p>\n            <\/div>\n          <\/div>\n        <\/div>\n    <\/div>\n  <\/div>\n<\/section>\n","protected":false},"menu_order":0,"template":"","product_type":[],"class_list":["post-2976","product","type-product","status-publish","hentry"],"acf":[],"yoast_head":"<!-- This site is optimized with the Yoast SEO plugin v27.3 - https:\/\/yoast.com\/product\/yoast-seo-wordpress\/ -->\n<title>eCO2 Plus\u2122 Laser | Cynosure Lutronic<\/title>\n<meta name=\"description\" content=\"Der eCO2 Plus\u2122 Laser bietet unvergleichliche Pr\u00e4zision und Vielseitigkeit. Klinisch bew\u00e4hrt f\u00fcr die einfache Behandlung aller Arten von fraktioniertem Skin Resurfacing.\" \/>\n<meta name=\"robots\" content=\"index, follow, max-snippet:-1, max-image-preview:large, max-video-preview:-1\" \/>\n<link rel=\"canonical\" href=\"https:\/\/www.cynosurelutronicemea.com\/de\/produkte\/eco2\/\" \/>\n<meta property=\"og:locale\" content=\"de_DE\" \/>\n<meta property=\"og:type\" content=\"article\" \/>\n<meta property=\"og:title\" content=\"eCO2 Plus\u2122 Laser | Cynosure Lutronic\" \/>\n<meta property=\"og:description\" content=\"Der eCO2 Plus\u2122 Laser bietet unvergleichliche Pr\u00e4zision und Vielseitigkeit. Klinisch bew\u00e4hrt f\u00fcr die einfache Behandlung aller Arten von fraktioniertem Skin Resurfacing.\" \/>\n<meta property=\"og:url\" content=\"https:\/\/www.cynosurelutronicemea.com\/de\/produkte\/eco2\/\" \/>\n<meta property=\"og:site_name\" content=\"Cynosure Lutronic EMEA\" \/>\n<meta property=\"article:modified_time\" content=\"2025-02-12T10:27:24+00:00\" \/>\n<meta name=\"twitter:card\" content=\"summary_large_image\" \/>\n<script type=\"application\/ld+json\" class=\"yoast-schema-graph\">{\"@context\":\"https:\\\/\\\/schema.org\",\"@graph\":[{\"@type\":\"WebPage\",\"@id\":\"https:\\\/\\\/www.cynosurelutronicemea.com\\\/de\\\/produkte\\\/eco2\\\/\",\"url\":\"https:\\\/\\\/www.cynosurelutronicemea.com\\\/de\\\/produkte\\\/eco2\\\/\",\"name\":\"eCO2 Plus\u2122 Laser | Cynosure Lutronic\",\"isPartOf\":{\"@id\":\"https:\\\/\\\/www.cynosurelutronicemea.com\\\/de\\\/#website\"},\"datePublished\":\"2024-11-15T10:55:23+00:00\",\"dateModified\":\"2025-02-12T10:27:24+00:00\",\"description\":\"Der eCO2 Plus\u2122 Laser bietet unvergleichliche Pr\u00e4zision und Vielseitigkeit. Klinisch bew\u00e4hrt f\u00fcr die einfache Behandlung aller Arten von fraktioniertem Skin Resurfacing.\",\"breadcrumb\":{\"@id\":\"https:\\\/\\\/www.cynosurelutronicemea.com\\\/de\\\/produkte\\\/eco2\\\/#breadcrumb\"},\"inLanguage\":\"de-DE\",\"potentialAction\":[{\"@type\":\"ReadAction\",\"target\":[\"https:\\\/\\\/www.cynosurelutronicemea.com\\\/de\\\/produkte\\\/eco2\\\/\"]}]},{\"@type\":\"BreadcrumbList\",\"@id\":\"https:\\\/\\\/www.cynosurelutronicemea.com\\\/de\\\/produkte\\\/eco2\\\/#breadcrumb\",\"itemListElement\":[{\"@type\":\"ListItem\",\"position\":1,\"name\":\"Home\",\"item\":\"https:\\\/\\\/www.cynosurelutronicemea.com\\\/de\\\/\"},{\"@type\":\"ListItem\",\"position\":2,\"name\":\"eCO2\"}]},{\"@type\":\"WebSite\",\"@id\":\"https:\\\/\\\/www.cynosurelutronicemea.com\\\/de\\\/#website\",\"url\":\"https:\\\/\\\/www.cynosurelutronicemea.com\\\/de\\\/\",\"name\":\"Cynosure Lutronic EMEA\",\"description\":\"\",\"potentialAction\":[{\"@type\":\"SearchAction\",\"target\":{\"@type\":\"EntryPoint\",\"urlTemplate\":\"https:\\\/\\\/www.cynosurelutronicemea.com\\\/de\\\/?s={search_term_string}\"},\"query-input\":{\"@type\":\"PropertyValueSpecification\",\"valueRequired\":true,\"valueName\":\"search_term_string\"}}],\"inLanguage\":\"de-DE\"}]}<\/script>\n<!-- \/ Yoast SEO plugin. -->","yoast_head_json":{"title":"eCO2 Plus\u2122 Laser | Cynosure Lutronic","description":"Der eCO2 Plus\u2122 Laser bietet unvergleichliche Pr\u00e4zision und Vielseitigkeit. Klinisch bew\u00e4hrt f\u00fcr die einfache Behandlung aller Arten von fraktioniertem Skin Resurfacing.","robots":{"index":"index","follow":"follow","max-snippet":"max-snippet:-1","max-image-preview":"max-image-preview:large","max-video-preview":"max-video-preview:-1"},"canonical":"https:\/\/www.cynosurelutronicemea.com\/de\/produkte\/eco2\/","og_locale":"de_DE","og_type":"article","og_title":"eCO2 Plus\u2122 Laser | Cynosure Lutronic","og_description":"Der eCO2 Plus\u2122 Laser bietet unvergleichliche Pr\u00e4zision und Vielseitigkeit. Klinisch bew\u00e4hrt f\u00fcr die einfache Behandlung aller Arten von fraktioniertem Skin Resurfacing.","og_url":"https:\/\/www.cynosurelutronicemea.com\/de\/produkte\/eco2\/","og_site_name":"Cynosure Lutronic EMEA","article_modified_time":"2025-02-12T10:27:24+00:00","twitter_card":"summary_large_image","schema":{"@context":"https:\/\/schema.org","@graph":[{"@type":"WebPage","@id":"https:\/\/www.cynosurelutronicemea.com\/de\/produkte\/eco2\/","url":"https:\/\/www.cynosurelutronicemea.com\/de\/produkte\/eco2\/","name":"eCO2 Plus\u2122 Laser | Cynosure Lutronic","isPartOf":{"@id":"https:\/\/www.cynosurelutronicemea.com\/de\/#website"},"datePublished":"2024-11-15T10:55:23+00:00","dateModified":"2025-02-12T10:27:24+00:00","description":"Der eCO2 Plus\u2122 Laser bietet unvergleichliche Pr\u00e4zision und Vielseitigkeit. Klinisch bew\u00e4hrt f\u00fcr die einfache Behandlung aller Arten von fraktioniertem Skin Resurfacing.","breadcrumb":{"@id":"https:\/\/www.cynosurelutronicemea.com\/de\/produkte\/eco2\/#breadcrumb"},"inLanguage":"de-DE","potentialAction":[{"@type":"ReadAction","target":["https:\/\/www.cynosurelutronicemea.com\/de\/produkte\/eco2\/"]}]},{"@type":"BreadcrumbList","@id":"https:\/\/www.cynosurelutronicemea.com\/de\/produkte\/eco2\/#breadcrumb","itemListElement":[{"@type":"ListItem","position":1,"name":"Home","item":"https:\/\/www.cynosurelutronicemea.com\/de\/"},{"@type":"ListItem","position":2,"name":"eCO2"}]},{"@type":"WebSite","@id":"https:\/\/www.cynosurelutronicemea.com\/de\/#website","url":"https:\/\/www.cynosurelutronicemea.com\/de\/","name":"Cynosure Lutronic EMEA","description":"","potentialAction":[{"@type":"SearchAction","target":{"@type":"EntryPoint","urlTemplate":"https:\/\/www.cynosurelutronicemea.com\/de\/?s={search_term_string}"},"query-input":{"@type":"PropertyValueSpecification","valueRequired":true,"valueName":"search_term_string"}}],"inLanguage":"de-DE"}]}},"_links":{"self":[{"href":"https:\/\/www.cynosurelutronicemea.com\/de\/wp-json\/wp\/v2\/product\/2976","targetHints":{"allow":["GET"]}}],"collection":[{"href":"https:\/\/www.cynosurelutronicemea.com\/de\/wp-json\/wp\/v2\/product"}],"about":[{"href":"https:\/\/www.cynosurelutronicemea.com\/de\/wp-json\/wp\/v2\/types\/product"}],"version-history":[{"count":0,"href":"https:\/\/www.cynosurelutronicemea.com\/de\/wp-json\/wp\/v2\/product\/2976\/revisions"}],"wp:attachment":[{"href":"https:\/\/www.cynosurelutronicemea.com\/de\/wp-json\/wp\/v2\/media?parent=2976"}],"wp:term":[{"taxonomy":"product_type","embeddable":true,"href":"https:\/\/www.cynosurelutronicemea.com\/de\/wp-json\/wp\/v2\/product_type?post=2976"}],"curies":[{"name":"wp","href":"https:\/\/api.w.org\/{rel}","templated":true}]}}