{"id":2973,"date":"2024-11-15T11:19:39","date_gmt":"2024-11-15T11:19:39","guid":{"rendered":"https:\/\/www.cynosurelutronicemea.com\/product\/lasemd-ultra\/"},"modified":"2026-02-02T13:28:06","modified_gmt":"2026-02-02T13:28:06","slug":"lasemd-ultra","status":"publish","type":"product","link":"https:\/\/www.cynosurelutronicemea.com\/de\/produkte\/lasemd-ultra\/","title":{"rendered":"LaseMD Ultra"},"content":{"rendered":"\n<section id=\"hero-block_5c0964c03df865b27d9f6735ef9825ad\" class=\"hero-block\">\n  <!-- <div class=\"o-container-fluid\"> -->\n  \n<div class=\"c-hero-slider-container\" style=\"position:relative;\">\n\n    \n    <div class=\"c-hero-slider js-hero-slider\" >\n                <div class=\"c-hero-slider__item\">\n                    <section class=\"c-hero-slider__content u-text-white u-text-center\" style=\"background-image: url('https:\/\/www.cynosurelutronicemea.com\/wp-content\/uploads\/sites\/15\/2024\/11\/Mobile-Banners3.jpg'), url('https:\/\/www.cynosurelutronicemea.com\/wp-content\/uploads\/sites\/15\/2024\/11\/Banners-Website-Ultra-31.jpg');\">\n                        <div class=\"o-container\">\n                            <div class=\"o-row\">\n                                <div class=\"o-col-8@md o-col-7@lg o-col-6@xl u-mx-auto\">\n                                    <h1 class=\"c-hero-slider__title\">ULTRA<\/h1>\n                                    <div class=\"c-hero-slider__text\">\n                                        <p>Der weltweit fortschrittlichste Thuliumlaser. Der LaseMD ULTRA sorgt f\u00fcr neu erstrahlende, gesunde Haut durch sanfte, nicht-ablative, fraktionierte Behandlungen mit zus\u00e4tzlichem Cosmeceutical Delivery System.  <\/p>\n                                    <\/div>\n                                                                            <a href=\"#gform_popup_8\" class=\"c-button c-button--orange js-open-content-popup\">Informationen anfordern<\/a>                                                                    <\/div>\n                            <\/div>\n                        <\/div>\n                    <\/section>\n                <\/div>\n\n            <\/div><\/div>  <!-- <\/div> -->\n<\/section>\n\n\n\n<section id=\"content-block_d6b472199903292596cf673bade18854\" class=\"content-block u-pb-5 u-pb-9@md\">\n    <div class=\"o-container\">\n\n    \n<div class=\"o-row\">\n  <div class=\"o-col-7@md u-mb-3\">\n          <h2 class=\"c-heading c-heading--secondary u-h3 u-h2@lg u-uppercase\">Deutlich anders als herk\u00f6mmliche Resurfacing-Laser.<\/h2>\n        <div class=\"c-text-editor\">\n      <p>Der Cynosure Lutronic LaseMD Ultra Laser bietet einen einzigartigen Ansatz zur Hautverj\u00fcngung. Ultra sorgt durch sanfte, nicht-ablative fraktionierte Behandlungen f\u00fcr eine strahlende, gesunde Haut.<\/p>\n<p>Der LaseMD Ultra bietet mit seinen von mild bis aggressiver einstellbaren Behandlungen und seiner extrem hohen Kosteneffizienz individuelle Ergebnisse bei minimaler Ausfallzeit f\u00fcr alle Patienten und das ganze Jahr \u00fcber. Das neue Display des LaseMD Ultra gibt dem Anwender wertvolles Feedback, sodass der Behandler stets hervorragende Ergebnisse erzielen kann.<\/p>\n<p>Der ULTRA ist das einzige Ger\u00e4t auf dem Markt, das eine maximale Leistung von 20 W mit einem Top-Hat-Strahlprofil f\u00fcr schnellstm\u00f6gliche und gleichm\u00e4\u00dfige Behandlungen bietet.<\/p>\n<p>LaseMD ULTRA\u2122 erh\u00f6ht die Hautpermeabilit\u00e4t bei minimaler thermischer Sch\u00e4digung des Stratum corneum.<\/p>\n      <div class=\"c-buttons-wrapper\"><a href=\"#gform_popup_10\" class=\"u-mt-3 c-button c-button--xl c-button--transparent-orange js-open-content-popup\">Ultra Brosch\u00fcre anfordern<\/a><a href=\"https:\/\/www.cynosurelutronicemea.com\/de\/ressourcen\/\" class=\"u-mt-3 c-button c-button--xl c-button--transparent-black\">Sehen Sie sich Webinare zu Ultra auf Abruf an. <\/a><a href=\"https:\/\/www.cynosurelutronicemea.com\/de\/blog\/\" class=\"u-mt-3 c-button c-button--xl c-button--transparent-black\">Weitere Einblicke finden Sie in unserem Blog.<\/a><a href=\"#gform_popup_10\" class=\"u-mt-3 c-button c-button--xl c-button--transparent-orange js-open-content-popup\">Clinical ebook<\/a><\/div>    <\/div>\n  <\/div>\n      <div class=\"o-col-5@md u-mb-3\">\n      <script src=\"https:\/\/fast.wistia.com\/player.js\" async><\/script><script src=\"https:\/\/fast.wistia.com\/embed\/wsrp4xdsds.js\" async type=\"module\"><\/script>\n<style>wistia-player[media-id='wsrp4xdsds']:not(:defined) { background: center \/ contain no-repeat url('https:\/\/fast.wistia.com\/embed\/medias\/wsrp4xdsds\/swatch'); display: block; filter: blur(5px); padding-top:177.78%; }<\/style>\n<p> <wistia-player media-id=\"wsrp4xdsds\" aspect=\"0.5625\"><\/wistia-player><\/p>\n    <\/div>\n  <\/div>\n\n  <\/div>\n<\/section>\n\n\n\n<section id=\"content-block_8ff486bee2b8e476ee2b47e8e2fd37aa\" class=\"content-block u-pt-5 u-pt-9@md\">\n    <div class=\"o-container\">\n\n    \n<div class=\"o-row\">\n        <div class=\"o-col-12 u-text-center\">\n              <h2 class=\"c-heading c-heading--secondary u-h3 u-h1@sm u-uppercase u-mb-3@sm\">Was kann der LaseMD Ultra tun?<\/h2>\n                    <div class=\"c-text-editor\">\n          <p>Der optimierte und intelligente 1927 nm Thulium-Laser des LaseMD Ultra bringt einzigartige Funktionalit\u00e4t auf den Hautpflegemarkt.<\/p>\n<p><img loading=\"lazy\" decoding=\"async\" class=\"alignnone size-full wp-image-1063\" src=\"https:\/\/www.cynosurelutronicemea.com\/wp-content\/uploads\/sites\/15\/2024\/11\/Tick-transparent.png\" alt=\"\" width=\"40\" height=\"40\" \/>H\u00f6chste verf\u00fcgbare Leistung f\u00fcr schnelle Behandlungen, anpassbar f\u00fcr mehrere Bereiche.<\/p>\n<p><img loading=\"lazy\" decoding=\"async\" class=\"alignnone size-full wp-image-1063\" src=\"https:\/\/www.cynosurelutronicemea.com\/wp-content\/uploads\/sites\/15\/2024\/11\/Tick-transparent.png\" alt=\"\" width=\"40\" height=\"40\" \/>Sanfte, wirksame Rundum-Verbesserung f\u00fcr alle Hauttypen, das ganze Jahr \u00fcber.<\/p>\n<p><img loading=\"lazy\" decoding=\"async\" class=\"alignnone size-full wp-image-1063\" src=\"https:\/\/www.cynosurelutronicemea.com\/wp-content\/uploads\/sites\/15\/2024\/11\/Tick-transparent.png\" alt=\"\" width=\"40\" height=\"40\" \/>Komfortable Behandlung mit sehr geringer Ausfallzeit und schnellen Ergebnissen.<\/p>\n<p><img loading=\"lazy\" decoding=\"async\" class=\"alignnone size-full wp-image-1063\" src=\"https:\/\/www.cynosurelutronicemea.com\/wp-content\/uploads\/sites\/15\/2024\/11\/Tick-transparent.png\" alt=\"\" width=\"40\" height=\"40\" \/>Minimale Betriebskosten, einfach zu delegieren und keine Schusszahlbegrenzung pro Sitzung.<\/p>\n<p><img loading=\"lazy\" decoding=\"async\" class=\"alignnone size-full wp-image-1063\" src=\"https:\/\/www.cynosurelutronicemea.com\/wp-content\/uploads\/sites\/15\/2024\/11\/Tick-transparent.png\" alt=\"\" width=\"40\" height=\"40\" \/><a href=\"https:\/\/www.cynosurelutronicemea.com\/de\/lasemd-ultra-ampullen\/\">Kann die Absorption bestimmter topischer Pr\u00e4parate erh\u00f6hen<\/a><\/p>\n<p>&nbsp;<\/p>\n<p>&nbsp;<\/p>\n        <\/div>\n                <\/div>\n      <\/div>\n\n  <\/div>\n<\/section>\n\n\n<div class=\"o-container\">\n  <div class=\"o-row\">\n    <div class=\"o-col-12\">\n      <hr class=\"c-divider u-text-tertriary-gray-gray-400\">\n    <\/div>\n  <\/div>\n<\/div>\n\n\n\n<section id=\"hero-block_f0f04677ea9396549f94b995b7418881\" class=\"hero-block u-pb-5 u-pb-9@md\">\n  <!-- <div class=\"o-container\"> -->\n  \n<div class=\"c-hero-slider-container\" style=\"position:relative;\">\n\n    \n    <div class=\"c-hero-slider js-hero-slider\" >\n                <div class=\"c-hero-slider__item\">\n                    <section class=\"c-hero-slider__content u-text-black\" style=\"background-image: url('https:\/\/www.cynosurelutronicemea.com\/wp-content\/uploads\/sites\/15\/2026\/01\/Ultra_Ampoules_webbanner.jpg'), url('https:\/\/www.cynosurelutronicemea.com\/wp-content\/uploads\/sites\/15\/2026\/01\/Ultra_Ampoules_webbanner.jpg');\">\n                        <div class=\"o-container\">\n                            <div class=\"o-row\">\n                                <div class=\"o-col-8@md o-col-7@lg o-col-6@xl\">\n                                    <h1 class=\"c-hero-slider__title\">Wie tr\u00e4gt Ultra zur Verbesserung der Aufnahme von topischen Wirkstoffen bei?<\/h1>\n                                    <div class=\"c-hero-slider__text\">\n                                        <p>LaseMD Ultra erzeugt winzige, trockene Mikrokan\u00e4le in der Haut, um die Aufnahme der gew\u00fcnschten Wirkstoffe zu verbessern. Diese Kan\u00e4le erh\u00f6hen die Aufnahme der LaseMD-Ampullen.<\/p>\n                                    <\/div>\n                                                                            <a href=\"https:\/\/www.cynosurelutronicemea.com\/de\/lasemd-ultra-ampullen\/\" class=\"c-button c-button--transparent-orange\">Was sind die Ampullen von Ultra?<\/a>                                                                    <\/div>\n                            <\/div>\n                        <\/div>\n                    <\/section>\n                <\/div>\n\n            <\/div><\/div>  <!-- <\/div> -->\n<\/section>\n\n\n\n<section id=\"cta-columns-block_67d3b76ca9f944003214f5a1d12bfbd0\" class=\"cta-columns-block u-pt-5 u-pt-9@md u-pb-5 u-pb-9@md c-text-editor\">\n    <div class=\"o-container\">\n\n    <div class=\"u-text-center u-pb-5\"><h2 class=\"u-mb-1\">Was kann der LaseMD Ultra behandeln? <\/h2><p><\/p><\/div><div class=\"o-stack-4@xl js-cta-columns-slider\"><div class=\"u-mb-gutter u-px-1\">          <img decoding=\"async\" src=\"https:\/\/www.cynosurelutronicemea.com\/wp-content\/uploads\/sites\/15\/2024\/11\/Active-acne-Icon.jpg\" srcset=\"\" sizes=\"(max-width: cynosure-small) 100vw, cynosure-small\" alt=\"active-acne-icon-2\">\n    <h3>Akute Akne<\/h3> \nDer LaseMD Ultra nutzt die 1927 nm Wellenl\u00e4nge, um Mikrokan\u00e4le in der Haut zu erzeugen. Dadurch kann Akne reduziert werden, indem eine sanfte Hauterneuerung gef\u00f6rdert und die Bakterien verringert werden, die f\u00fcr Akneausbr\u00fcche verantwortlich sind. Das Cosmeceutical Delivery System des Ger\u00e4ts erm\u00f6glicht zudem das gezielte Auftragen spezifischer Wirkstoffe in die Haut, wodurch Entz\u00fcndungen bek\u00e4mpft und die Hautgesundheit verbessert werden kann. <\/div><div class=\"u-mb-gutter u-px-1\">          <img decoding=\"async\" src=\"https:\/\/www.cynosurelutronicemea.com\/wp-content\/uploads\/sites\/15\/2024\/11\/melasma.jpg\" srcset=\"\" sizes=\"(max-width: cynosure-small) 100vw, cynosure-small\" alt=\"melasma-2\">\n    <h3> Melasma <\/h3>Der LaseMD Ultra ist bei der Melasma-Behandlung effektiv, weil er pigmentierte Bereiche ohne \u00fcberm\u00e4\u00dfige Hitze gezielt behandelt und so die Melaninproduktion und Pigmentdichte in der Haut reduzieren kann. Die Verwendung von Tranexams\u00e4ure-Ampullen unterst\u00fctzt zudem eine weitere Aufhellung und beugt Pigmentierungen vor, was eine sichere Option f\u00fcr Patienten mit Melasma und anderen Pigmentst\u00f6rungen darstellt. <\/div><div class=\"u-mb-gutter u-px-1\">          <img decoding=\"async\" src=\"https:\/\/www.cynosurelutronicemea.com\/wp-content\/uploads\/sites\/15\/2024\/11\/skin-revitalisation.jpg\" srcset=\"\" sizes=\"(max-width: cynosure-small) 100vw, cynosure-small\" alt=\"skin-revitalisation-2\">\n    <h3>Hautrevitalisierung <\/h3>\nDurch die Anregung der Kollagenproduktion und die F\u00f6rderung des Zellumsatzes verbessert LaseMD Ultra die Hautstruktur und den Hautton erheblich. Seine sanfte, fraktionierte Lasertechnik erm\u00f6glicht eine tiefgreifende Verj\u00fcngung, unterst\u00fctzt die Feuchtigkeitsversorgung und Gl\u00e4ttung der Haut und verleiht ihr ein insgesamt strahlendes Erscheinungsbild \u2013 bei minimaler Ausfallzeit. Dadurch eignet sich LaseMD Ultra ideal f\u00fcr Behandlungen das ganze Jahr \u00fcber. <\/div><div class=\"u-mb-gutter u-px-1\">          <img decoding=\"async\" src=\"https:\/\/www.cynosurelutronicemea.com\/wp-content\/uploads\/sites\/15\/2024\/11\/Fine-lines-and-wrinkles.jpg\" srcset=\"\" sizes=\"(max-width: cynosure-small) 100vw, cynosure-small\" alt=\"fine-lines-and-wrinkles-2\">\n    <h3>Feine Linien &amp; Falten. <\/h3>\nZur Bek\u00e4mpfung von Anzeichen der Hautalterung steigert Ultra die Kollagen- und Elastinproduktion und reduziert so feine Linien und Falten. Die Mikrokan\u00e4le unterst\u00fctzen zudem die gezielte Einschleusung wirksamer Anti-Aging-Inhaltsstoffe, wie Vitamin C und Retinol, direkt in die tieferen Hautschichten. Dort k\u00f6nnen sie ihre festigende und st\u00e4rkende Wirkung besonders effektiv entfalten. \n\n<\/div><\/div>\n  <\/div>\n<\/section>\n\n\n\n<section id=\"faq-block_12a00a5ff325fc053550850cd78b4b61\" class=\"faq-block u-pb-5 u-pb-9@md\">\n  <div class=\"o-container\">\n\n    <h3 class=\"u-font-basic\">H\u00e4ufig gestellte Fragen<\/h3><div class=\"c-accordion\">        <div class=\"c-accordion__item\">\n          <a href=\"#\" class=\"c-accordion__toggle\">\n            Ist LaseMD Ultra f\u00fcr alle Hauttypen geeignet?          <\/a>\n          <div class=\"c-accordion__panel\">\n            <div class=\"c-accordion__content c-text-editor\">\n              <p>Ja, der LaseMD Ultra ist generell f\u00fcr alle Hauttypen geeignet. Seine sanften Lasereinstellungen k\u00f6nnen an verschiedene Hauttypen angepasst werden, auch an solche, die zu Pigmentver\u00e4nderungen neigen. Das macht ihn zu einer vielseitigen Option f\u00fcr eine Vielzahl von Patienten. \n<\/p>\n            <\/div>\n          <\/div>\n        <\/div>\n            <div class=\"c-accordion__item\">\n          <a href=\"#\" class=\"c-accordion__toggle\">\n             Gibt es eine Ausfallzeit nach einer LaseMD Ultra-Behandlung?          <\/a>\n          <div class=\"c-accordion__panel\">\n            <div class=\"c-accordion__content c-text-editor\">\n              <p>Die Ausfallzeit bei LaseMD Ultra ist minimal. Die meisten Patienten versp\u00fcren f\u00fcr einige Tage eine leichte R\u00f6tung und ein leichtes, sandpapierartiges Gef\u00fchl, das jedoch in der Regel schnell abklingt. Um den Heilungsprozess zu unterst\u00fctzen, sollten Sie sich vor der Sonne sch\u00fctzen und viel Fl\u00fcssigkeit zu sich nehmen.  \n<\/p>\n            <\/div>\n          <\/div>\n        <\/div>\n            <div class=\"c-accordion__item\">\n          <a href=\"#\" class=\"c-accordion__toggle\">\n            Wie viele Behandlungen sind erforderlich, um Ergebnisse zu sehen?          <\/a>\n          <div class=\"c-accordion__panel\">\n            <div class=\"c-accordion__content c-text-editor\">\n              <p>Viele Patienten bemerken bereits nach einer einzigen Sitzung Verbesserungen. F\u00fcr optimale Ergebnisse wird jedoch h\u00e4ufig eine Serie von 3-5 Behandlungen empfohlen, insbesondere bei Erkrankungen wie Melasma oder Falten. Ihr Arzt wird einen Behandlungsplan erstellen, der auf Ihren Hauttyp und Ihre Ziele abgestimmt ist. \n<\/p>\n            <\/div>\n          <\/div>\n        <\/div>\n            <div class=\"c-accordion__item\">\n          <a href=\"#\" class=\"c-accordion__toggle\">\n            Welche Indikationen k\u00f6nnen mit dem Ultra behandelt werden?          <\/a>\n          <div class=\"c-accordion__panel\">\n            <div class=\"c-accordion__content c-text-editor\">\n              <p>LaseMD Ultra kann bei einer Vielzahl von Hautproblemen eingesetzt werden, z. B. bei Pigmentst\u00f6rungen (wie Melasma), aktiver Akne und Aknenarben, feinen Linien, ungleichm\u00e4\u00dfigem Hautton und -struktur. Auch zur allgemeinen Revitalisierung der Haut, zur F\u00f6rderung eines jugendlicheren Aussehens und f\u00fcr mehr Glow ist der Ultra gut geeignet. \n<\/p>\n            <\/div>\n          <\/div>\n        <\/div>\n            <div class=\"c-accordion__item\">\n          <a href=\"#\" class=\"c-accordion__toggle\">\n            Was ist LaseMD Ultra, und wie funktioniert es?          <\/a>\n          <div class=\"c-accordion__panel\">\n            <div class=\"c-accordion__content c-text-editor\">\n              <p>Ultra ist ein fortschrittliches System zur Hautverj\u00fcngung, das einen Thuliumlaser (1927 nm) mit einem einzigartigen Cosmeceutical Delivery System (CDS) kombiniert. Dieses System erzeugt Mikrokan\u00e4le in der Haut, die die Kollagenproduktion f\u00f6rdern und ein tiefes Eindringen von Wirkstoffen erm\u00f6glichen. Das Ger\u00e4t ist f\u00fcr seine sanfte, fraktionierte Energie bekannt, mit der sich verschiedene Hautprobleme effektiv behandeln lassen, w\u00e4hrend die Ausfallzeiten minimiert werden.  \n<\/p>\n            <\/div>\n          <\/div>\n        <\/div>\n    <\/div>\n  <\/div>\n<\/section>\n","protected":false},"menu_order":0,"template":"","product_type":[],"class_list":["post-2973","product","type-product","status-publish","hentry"],"acf":[],"yoast_head":"<!-- This site is optimized with the Yoast SEO plugin v27.2 - https:\/\/yoast.com\/product\/yoast-seo-wordpress\/ -->\n<title>LaseMD Ultra | Cynosure Lutronic<\/title>\n<meta name=\"description\" content=\"Der LaseMD Ultra \u2013 der weltweit fortschrittlichste Thuliumlaser. Baut neu erstrahlende, gesunde Haut durch sanfte, nicht-ablative, fraktionierte Behandlungen auf.\" \/>\n<meta name=\"robots\" content=\"index, follow, max-snippet:-1, max-image-preview:large, max-video-preview:-1\" \/>\n<link rel=\"canonical\" href=\"https:\/\/www.cynosurelutronicemea.com\/de\/produkte\/lasemd-ultra\/\" \/>\n<meta property=\"og:locale\" content=\"de_DE\" \/>\n<meta property=\"og:type\" content=\"article\" \/>\n<meta property=\"og:title\" content=\"LaseMD Ultra | Cynosure Lutronic\" \/>\n<meta property=\"og:description\" content=\"Der LaseMD Ultra \u2013 der weltweit fortschrittlichste Thuliumlaser. Baut neu erstrahlende, gesunde Haut durch sanfte, nicht-ablative, fraktionierte Behandlungen auf.\" \/>\n<meta property=\"og:url\" content=\"https:\/\/www.cynosurelutronicemea.com\/de\/produkte\/lasemd-ultra\/\" \/>\n<meta property=\"og:site_name\" content=\"Cynosure Lutronic EMEA\" \/>\n<meta property=\"article:modified_time\" content=\"2026-02-02T13:28:06+00:00\" \/>\n<meta name=\"twitter:card\" content=\"summary_large_image\" \/>\n<script type=\"application\/ld+json\" class=\"yoast-schema-graph\">{\"@context\":\"https:\/\/schema.org\",\"@graph\":[{\"@type\":\"WebPage\",\"@id\":\"https:\/\/www.cynosurelutronicemea.com\/de\/produkte\/lasemd-ultra\/\",\"url\":\"https:\/\/www.cynosurelutronicemea.com\/de\/produkte\/lasemd-ultra\/\",\"name\":\"LaseMD Ultra | Cynosure Lutronic\",\"isPartOf\":{\"@id\":\"https:\/\/www.cynosurelutronicemea.com\/de\/#website\"},\"datePublished\":\"2024-11-15T11:19:39+00:00\",\"dateModified\":\"2026-02-02T13:28:06+00:00\",\"description\":\"Der LaseMD Ultra \u2013 der weltweit fortschrittlichste Thuliumlaser. Baut neu erstrahlende, gesunde Haut durch sanfte, nicht-ablative, fraktionierte Behandlungen auf.\",\"breadcrumb\":{\"@id\":\"https:\/\/www.cynosurelutronicemea.com\/de\/produkte\/lasemd-ultra\/#breadcrumb\"},\"inLanguage\":\"de-DE\",\"potentialAction\":[{\"@type\":\"ReadAction\",\"target\":[\"https:\/\/www.cynosurelutronicemea.com\/de\/produkte\/lasemd-ultra\/\"]}]},{\"@type\":\"BreadcrumbList\",\"@id\":\"https:\/\/www.cynosurelutronicemea.com\/de\/produkte\/lasemd-ultra\/#breadcrumb\",\"itemListElement\":[{\"@type\":\"ListItem\",\"position\":1,\"name\":\"Home\",\"item\":\"https:\/\/www.cynosurelutronicemea.com\/de\/\"},{\"@type\":\"ListItem\",\"position\":2,\"name\":\"LaseMD Ultra\"}]},{\"@type\":\"WebSite\",\"@id\":\"https:\/\/www.cynosurelutronicemea.com\/de\/#website\",\"url\":\"https:\/\/www.cynosurelutronicemea.com\/de\/\",\"name\":\"Cynosure Lutronic EMEA\",\"description\":\"\",\"potentialAction\":[{\"@type\":\"SearchAction\",\"target\":{\"@type\":\"EntryPoint\",\"urlTemplate\":\"https:\/\/www.cynosurelutronicemea.com\/de\/?s={search_term_string}\"},\"query-input\":{\"@type\":\"PropertyValueSpecification\",\"valueRequired\":true,\"valueName\":\"search_term_string\"}}],\"inLanguage\":\"de-DE\"}]}<\/script>\n<!-- \/ Yoast SEO plugin. -->","yoast_head_json":{"title":"LaseMD Ultra | Cynosure Lutronic","description":"Der LaseMD Ultra \u2013 der weltweit fortschrittlichste Thuliumlaser. Baut neu erstrahlende, gesunde Haut durch sanfte, nicht-ablative, fraktionierte Behandlungen auf.","robots":{"index":"index","follow":"follow","max-snippet":"max-snippet:-1","max-image-preview":"max-image-preview:large","max-video-preview":"max-video-preview:-1"},"canonical":"https:\/\/www.cynosurelutronicemea.com\/de\/produkte\/lasemd-ultra\/","og_locale":"de_DE","og_type":"article","og_title":"LaseMD Ultra | Cynosure Lutronic","og_description":"Der LaseMD Ultra \u2013 der weltweit fortschrittlichste Thuliumlaser. Baut neu erstrahlende, gesunde Haut durch sanfte, nicht-ablative, fraktionierte Behandlungen auf.","og_url":"https:\/\/www.cynosurelutronicemea.com\/de\/produkte\/lasemd-ultra\/","og_site_name":"Cynosure Lutronic EMEA","article_modified_time":"2026-02-02T13:28:06+00:00","twitter_card":"summary_large_image","schema":{"@context":"https:\/\/schema.org","@graph":[{"@type":"WebPage","@id":"https:\/\/www.cynosurelutronicemea.com\/de\/produkte\/lasemd-ultra\/","url":"https:\/\/www.cynosurelutronicemea.com\/de\/produkte\/lasemd-ultra\/","name":"LaseMD Ultra | Cynosure Lutronic","isPartOf":{"@id":"https:\/\/www.cynosurelutronicemea.com\/de\/#website"},"datePublished":"2024-11-15T11:19:39+00:00","dateModified":"2026-02-02T13:28:06+00:00","description":"Der LaseMD Ultra \u2013 der weltweit fortschrittlichste Thuliumlaser. Baut neu erstrahlende, gesunde Haut durch sanfte, nicht-ablative, fraktionierte Behandlungen auf.","breadcrumb":{"@id":"https:\/\/www.cynosurelutronicemea.com\/de\/produkte\/lasemd-ultra\/#breadcrumb"},"inLanguage":"de-DE","potentialAction":[{"@type":"ReadAction","target":["https:\/\/www.cynosurelutronicemea.com\/de\/produkte\/lasemd-ultra\/"]}]},{"@type":"BreadcrumbList","@id":"https:\/\/www.cynosurelutronicemea.com\/de\/produkte\/lasemd-ultra\/#breadcrumb","itemListElement":[{"@type":"ListItem","position":1,"name":"Home","item":"https:\/\/www.cynosurelutronicemea.com\/de\/"},{"@type":"ListItem","position":2,"name":"LaseMD Ultra"}]},{"@type":"WebSite","@id":"https:\/\/www.cynosurelutronicemea.com\/de\/#website","url":"https:\/\/www.cynosurelutronicemea.com\/de\/","name":"Cynosure Lutronic EMEA","description":"","potentialAction":[{"@type":"SearchAction","target":{"@type":"EntryPoint","urlTemplate":"https:\/\/www.cynosurelutronicemea.com\/de\/?s={search_term_string}"},"query-input":{"@type":"PropertyValueSpecification","valueRequired":true,"valueName":"search_term_string"}}],"inLanguage":"de-DE"}]}},"_links":{"self":[{"href":"https:\/\/www.cynosurelutronicemea.com\/de\/wp-json\/wp\/v2\/product\/2973","targetHints":{"allow":["GET"]}}],"collection":[{"href":"https:\/\/www.cynosurelutronicemea.com\/de\/wp-json\/wp\/v2\/product"}],"about":[{"href":"https:\/\/www.cynosurelutronicemea.com\/de\/wp-json\/wp\/v2\/types\/product"}],"version-history":[{"count":0,"href":"https:\/\/www.cynosurelutronicemea.com\/de\/wp-json\/wp\/v2\/product\/2973\/revisions"}],"wp:attachment":[{"href":"https:\/\/www.cynosurelutronicemea.com\/de\/wp-json\/wp\/v2\/media?parent=2973"}],"wp:term":[{"taxonomy":"product_type","embeddable":true,"href":"https:\/\/www.cynosurelutronicemea.com\/de\/wp-json\/wp\/v2\/product_type?post=2973"}],"curies":[{"name":"wp","href":"https:\/\/api.w.org\/{rel}","templated":true}]}}