{"id":1214,"date":"2024-11-14T15:43:19","date_gmt":"2024-11-14T15:43:19","guid":{"rendered":"https:\/\/www.cynosurelutronicemea.com\/?post_type=product&#038;p=1214"},"modified":"2025-01-06T10:27:18","modified_gmt":"2025-01-06T10:27:18","slug":"elite-iq-pro","status":"publish","type":"product","link":"https:\/\/www.cynosurelutronicemea.com\/de\/product\/elite-iq-pro\/","title":{"rendered":"Elite IQ Pro"},"content":{"rendered":"\n<section id=\"hero-block_4fa13af641dd90c0bbe515d0ecdca6ee\" class=\"hero-block\">\n  <!-- <div class=\"o-container-fluid\"> -->\n  \n<div class=\"c-hero-slider-container\" style=\"position:relative;\">\n\n    \n    <div class=\"c-hero-slider js-hero-slider\" >\n                <div class=\"c-hero-slider__item\">\n                    <section class=\"c-hero-slider__content u-text-white\" style=\"background-image: url('https:\/\/www.cynosurelutronicemea.com\/wp-content\/uploads\/sites\/15\/2024\/11\/Banners-Website-Elite-iQ-pro-38.jpg'), url('https:\/\/www.cynosurelutronicemea.com\/wp-content\/uploads\/sites\/15\/2024\/11\/Banners-Website-Elite-iQ-pro-38.jpg');\">\n                        <div class=\"o-container\">\n                            <div class=\"o-row\">\n                                <div class=\"o-col-8@md o-col-7@lg o-col-6@xl\">\n                                    <h1 class=\"c-hero-slider__title\">Elite IQ Pro<\/h1>\n                                    <div class=\"c-hero-slider__text\">\n                                        <p>Powers through hair, reduces the appearance of vascular &amp; pigmented lesions and revitalises skin<\/p>\n                                    <\/div>\n                                                                            <a href=\"#gform_popup_8\" class=\"c-button c-button--orange js-open-content-popup\">Request Information<\/a>                                                                    <\/div>\n                            <\/div>\n                        <\/div>\n                    <\/section>\n                <\/div>\n\n            <\/div><\/div>  <!-- <\/div> -->\n<\/section>\n\n\n\n<section id=\"content-block_47e3cd49deff40c6191d7eaee82f753e\" class=\"content-block u-pt-5 u-pt-9@md u-pb-5 u-pb-9@md\">\n    <div class=\"o-container\">\n\n    \n<div class=\"o-row\">\n        <div class=\"o-col-12 u-text-center\">\n              <h2 class=\"c-heading c-heading--secondary u-h3 u-h1@sm u-uppercase u-mb-3@sm\">Higher style. Higher power. Higher iQ.<\/h2>\n                    <div class=\"c-text-editor\">\n          <p>Built with the user in mind, the Elite iQ Pro is the newest member of the Elite product family featuring increased energy, the Skintel\u00ae Melanin Reader\u2122, and a modern design for fast, safe, and effective treatments. Remove unwanted hair, vascular lesions &amp; pigmentation while revitalising skin, the Elite way.<\/p>\n<p>Elite iQ Pro is a high power, dual wavelength system capable of performing a wide variety of treatments. From hair removal to facial veins, sun damage including pigmented lisions, and wrinkles. This is a system that can expand an aesthetic menu and offer patients what they are looking for.<\/p>\n<p><strong>The Elite iQ Pro featuring Skintel \u2013 the industry\u2019s first melanin reader<\/strong><\/p>\n<p>The Skintel melanin reader is the industry\u2019s first FDA-cleared melanin reader. It enables practitioners to identify test spot settings, optimising hair removal treatments tailored to each client\u2019s skin type, lifestyle, and ethnicity. No more judging skin type by eye or guessing if a patient has been in the sun \u2013 this is an objective measurement that allows you to choose the right parameters for treatment.<\/p>\n<p>&nbsp;<\/p>\n        <\/div>\n                <\/div>\n      <\/div>\n\n  <\/div>\n<\/section>\n\n\n\n<section id=\"before-after-block_b798e5bf37c4dabb35a3e8f11e82ddac\" class=\"before-after-block\">\n  <div class=\"o-container-fluid\">\n    <div class=\"o-row\">\n      <div class=\"o-col-12\">\n        <div class=\"eb-c-comparison-slider\">\n          <div class=\"eb-js-comparison-slider\">              <div>\n                <div class=\"c-compare-slider twentytwenty-container\">\n                  <img decoding=\"async\" src=\"https:\/\/www.cynosurelutronicemea.com\/wp-content\/uploads\/sites\/15\/2024\/11\/PRD-1367-EliteiQ-Pro-LHR-BnA-USA-EN-Formatting_Website_03.jpg\" alt=\"prd-1367-eliteiq-pro-lhr-bna-usa-en-formatting_website_03-2\">\n                  <img decoding=\"async\" src=\"https:\/\/www.cynosurelutronicemea.com\/wp-content\/uploads\/sites\/15\/2024\/11\/PRD-1367-EliteiQ-Pro-LHR-BnA-USA-EN-Formatting_Website_04.jpg\" alt=\"prd-1367-eliteiq-pro-lhr-bna-usa-en-formatting_website_04-2\">\n                <\/div>\n                <div class=\"eb-c-comparison-slider__content\">\n                  <div class=\"o-row\">\n                    <div class=\"o-col-8@lg o-col-6@xl o-offset-1@lg\">\n                      <h3 class=\"eb-c-comparison-slider__heading\">Vorher und nach 3 Behandlungen<\/h3>\n                      <div class=\"eb-c-comparison-slider__description\">\n                        <p>Mit freundlicher Genehmigung von Romeo &#038; Juliette Laser Hair Removal<\/p>\n                      <\/div>\n                    <\/div>\n                  <\/div>\n                <\/div>\n              <\/div>\n                        <div>\n                <div class=\"c-compare-slider twentytwenty-container\">\n                  <img decoding=\"async\" src=\"https:\/\/www.cynosurelutronicemea.com\/wp-content\/uploads\/sites\/15\/2024\/11\/PRD-1367-EliteiQ-Pro-LHR-BnA-USA-EN-Formatting_Website_01.jpg\" alt=\"prd-1367-eliteiq-pro-lhr-bna-usa-en-formatting_website_01-2\">\n                  <img decoding=\"async\" src=\"https:\/\/www.cynosurelutronicemea.com\/wp-content\/uploads\/sites\/15\/2024\/11\/PRD-1367-EliteiQ-Pro-LHR-BnA-USA-EN-Formatting_Website_02.jpg\" alt=\"prd-1367-eliteiq-pro-lhr-bna-usa-en-formatting_website_02-2\">\n                <\/div>\n                <div class=\"eb-c-comparison-slider__content\">\n                  <div class=\"o-row\">\n                    <div class=\"o-col-8@lg o-col-6@xl o-offset-1@lg\">\n                      <h3 class=\"eb-c-comparison-slider__heading\">Vorher und nach 3 Behandlungen<\/h3>\n                      <div class=\"eb-c-comparison-slider__description\">\n                        <p>Mit freundlicher Genehmigung von Romeo &#038; Juliette Laser Hair Removal<\/p>\n                      <\/div>\n                    <\/div>\n                  <\/div>\n                <\/div>\n              <\/div>\n          <\/div>          <div class=\"eb-c-comparison-slider__thumbs\"><div class=\"o-row\"><div class=\"o-col-10@lg u-mx-auto\"><div class=\"eb-js-comparison-slider-thumbs\">              <div>\n                <img decoding=\"async\" src=\"https:\/\/www.cynosurelutronicemea.com\/wp-content\/uploads\/sites\/15\/2024\/11\/PRD-1367-EliteiQ-Pro-LHR-BnA-USA-EN-Formatting_Website_03-150x150.jpg\" class=\"eb-c-comparison-slider__thumb\" alt=\"prd-1367-eliteiq-pro-lhr-bna-usa-en-formatting_website_03-2\">\n              <\/div>\n                        <div>\n                <img decoding=\"async\" src=\"https:\/\/www.cynosurelutronicemea.com\/wp-content\/uploads\/sites\/15\/2024\/11\/PRD-1367-EliteiQ-Pro-LHR-BnA-USA-EN-Formatting_Website_01-150x150.jpg\" class=\"eb-c-comparison-slider__thumb\" alt=\"prd-1367-eliteiq-pro-lhr-bna-usa-en-formatting_website_01-2\">\n              <\/div>\n          <\/div><\/div><\/div><\/div>        <\/div>\n      <\/div>\n    <\/div>\n  <\/div>\n<\/section>\n\n\n\n<section id=\"content-block_25e7868ae22541687e6e7521faf97b5c\" class=\"content-block u-pt-5 u-pt-9@md u-pb-5 u-pb-9@md u-bg-tertriary-gray-100\">\n    <div class=\"o-container-fluid\">\n\n    \n<div class=\"o-row\">\n        <div class=\"o-col-12 u-text-center\">\n                    <div class=\"c-text-editor\">\n          <p style=\"text-align: center;\">Equip your practice with the highest-quality aesthetics machines in the world.<\/p>\n        <\/div>\n            <a href=\"#gform_popup_8\" class=\"u-mt-3 u-mr-1 c-button c-button--xl c-button--orange js-open-content-popup\">Request Demo<\/a>    <\/div>\n      <\/div>\n\n  <\/div>\n<\/section>\n\n\n\n<section id=\"content-block_413c2cbe36bd9e26f96b926c5b09f70e\" class=\"content-block u-pt-5 u-pt-9@md u-pb-5 u-pb-9@md\">\n    <div class=\"o-container\">\n\n    \n<div class=\"o-row\">\n          <div class=\"o-col-12\">\n              <div class=\"o-row\">\n          <div class=\"o-col-6@md\">\n            <h2 class=\"c-heading c-heading--secondary u-h3 u-h1@sm u-uppercase u-mb-3@sm\">What can the Elite iQ Pro do?<\/h2>\n          <\/div>\n        <\/div>\n            <div class=\"o-row\">\n                  <div class=\"o-col-6@md\">\n            <div class=\"c-text-editor\">\n              <p>The Elite iQ Pro offers you the flexibility to treat every patient to a safe, effective and personalised aesthetic experience<\/p>\n<p><img loading=\"lazy\" decoding=\"async\" class=\"alignnone size-full wp-image-1063\" src=\"https:\/\/www.cynosurelutronicemea.com\/wp-content\/uploads\/sites\/15\/2024\/11\/Tick-transparent.png\" alt=\"\" width=\"40\" height=\"40\" \/>30mm largest spot size available &#8211; <em>Treat more patients, 50% faster<\/em><\/p>\n<p><img loading=\"lazy\" decoding=\"async\" class=\"alignnone size-full wp-image-1063\" src=\"https:\/\/www.cynosurelutronicemea.com\/wp-content\/uploads\/sites\/15\/2024\/11\/Tick-transparent.png\" alt=\"\" width=\"40\" height=\"40\" \/>Up to 80% more power* &#8211; <em>Maximise ROI and patient satisfaction<\/em><\/p>\n<p><img loading=\"lazy\" decoding=\"async\" class=\"alignnone size-full wp-image-1063\" src=\"https:\/\/www.cynosurelutronicemea.com\/wp-content\/uploads\/sites\/15\/2024\/11\/Tick-transparent.png\" alt=\"\" width=\"40\" height=\"40\" \/>New 2 and 3ms short pulse widths &#8211; <em>Treat all hair from dark and coarse to light and fine<\/em><\/p>\n<p><img loading=\"lazy\" decoding=\"async\" class=\"alignnone size-full wp-image-1063\" src=\"https:\/\/www.cynosurelutronicemea.com\/wp-content\/uploads\/sites\/15\/2024\/11\/Tick-transparent.png\" alt=\"\" width=\"40\" height=\"40\" \/>Skintel Melanin Reader<sup>\u2122 &#8211; <\/sup><em>Proprietary science engineered for patient safety<\/em><\/p>\n<p><img loading=\"lazy\" decoding=\"async\" class=\"alignnone size-full wp-image-1063\" src=\"https:\/\/www.cynosurelutronicemea.com\/wp-content\/uploads\/sites\/15\/2024\/11\/Tick-transparent.png\" alt=\"\" width=\"40\" height=\"40\" \/>IoT (Internet of Things) enabled SMART device\u00a0 &#8211; <em>Worry-free maintenance and device health<\/em><\/p>\n            <\/div>\n          <\/div>\n                          <div class=\"o-col-6@md\">\n            <script src=\"https:\/\/fast.wistia.com\/embed\/medias\/au4fw11oyn.jsonp\" async><\/script><script src=\"https:\/\/fast.wistia.com\/assets\/external\/E-v1.js\" async><\/script>\n<div class=\"wistia_embed wistia_async_au4fw11oyn seo=false\" style=\"height: 394px; position: relative; width: 700px;\">\n<div class=\"wistia_swatch\" style=\"height: 100%; left: 0; opacity: 0; overflow: hidden; position: absolute; top: 0; transition: opacity 200ms; width: 100%;\"><img decoding=\"async\" style=\"filter: blur(5px); height: 100%; object-fit: contain; width: 100%;\" src=\"https:\/\/fast.wistia.com\/embed\/medias\/au4fw11oyn\/swatch\" alt=\"\" aria-hidden=\"true\" \/><\/div>\n<\/div>\n<p>&nbsp;<\/p>\n            <a href=\"#gform_popup_10\" class=\"u-mt-3 u-mr-1 c-button c-button--xl c-button--transparent-orange js-open-content-popup\">Request Brochure<\/a>          <\/div>\n              <\/div>\n    <\/div>\n    <\/div>\n\n  <\/div>\n<\/section>\n\n\n<div class=\"o-container\">\n  <div class=\"o-row\">\n    <div class=\"o-col-12\">\n      <hr class=\"c-divider u-text-tertriary-gray-gray-400\">\n    <\/div>\n  <\/div>\n<\/div>\n\n\n\n<section id=\"cta-columns-block_90b3dbc91527544a8cf892474aee8f61\" class=\"cta-columns-block u-pt-5 u-pt-9@md u-pb-5 u-pb-9@md c-text-editor\">\n    <div class=\"o-container\">\n\n    <div class=\"u-text-center u-pb-5\"><h2 class=\"u-mb-1\">What can the Elite IQ Pro treat? <\/h2><p><\/p><\/div><div class=\"o-stack-4@xl js-cta-columns-slider\"><div class=\"u-mb-gutter u-px-1\">          <img decoding=\"async\" src=\"https:\/\/www.cynosurelutronicemea.com\/wp-content\/uploads\/sites\/15\/2024\/11\/Hair-removal.jpg\" srcset=\"\" sizes=\"(max-width: cynosure-small) 100vw, cynosure-small\" alt=\"hair-removal-2-2\">\n    <h3>Hair Removal<\/h3> \r\nRemove unwanted hair quickly and easily. The Elite iQ Pro removes hair with little pain and high efficiency. <\/div><div class=\"u-mb-gutter u-px-1\">          <img decoding=\"async\" src=\"https:\/\/www.cynosurelutronicemea.com\/wp-content\/uploads\/sites\/15\/2024\/11\/vascular-lesions.jpg\" srcset=\"\" sizes=\"(max-width: cynosure-small) 100vw, cynosure-small\" alt=\"vascular-lesions-2\">\n    <h3>Vascular Lesions<\/h3> \r\nThe Elite iQ Pro effectively reduces visibility of vascular lesions such as, but not limited to, port wine stains, hemangiomas, telangiectasia, rosacea, venous lake, leg veins, spider veins and poikiloderma of civatte; and treatment of benign cutaneous lesions such as warts, scars, striae and psoriasis.<\/div><div class=\"u-mb-gutter u-px-1\">          <img decoding=\"async\" src=\"https:\/\/www.cynosurelutronicemea.com\/wp-content\/uploads\/sites\/15\/2024\/11\/Fine-lines-and-wrinkles.jpg\" srcset=\"\" sizes=\"(max-width: cynosure-small) 100vw, cynosure-small\" alt=\"fine-lines-and-wrinkles-2\">\n    <h3>Fine lines &#038; wrinkles <\/h3>\r\nPromote smoother, healthier skin with the Elite iQ pro. Reduce the appearance of fine lines &#038; wrinkles and leave your patients glowing.   <\/div><\/div>\n  <\/div>\n<\/section>\n\n\n\n<section id=\"faq-block_8cfe734d1bc89d79bf01d2ff529bbd0a\" class=\"faq-block u-pt-5 u-pt-9@md u-pb-5 u-pb-9@md\">\n  <div class=\"o-container\">\n\n    <h3 class=\"u-font-basic\">FAQs<\/h3><div class=\"c-accordion\">        <div class=\"c-accordion__item\">\n          <a href=\"#\" class=\"c-accordion__toggle\">\n            Ist PicoSure Pro f\u00fcr alle Hauttypen geeignet?           <\/a>\n          <div class=\"c-accordion__panel\">\n            <div class=\"c-accordion__content c-text-editor\">\n              <p>Ja, PicoSure Pro gilt als sicher f\u00fcr die meisten Hauttypen, auch f\u00fcr dunklere Hautt\u00f6ne, da es einen sanfteren Ansatz zur Laserbehandlung und eine besondere Wellenl\u00e4nge mit minimalem Risiko f\u00fcr Hyperpigmentierung oder Narbenbildung verwendet. Es ist jedoch immer ratsam, sich von einem qualifizierten Arzt beraten zu lassen, um die Eignung f\u00fcr Ihren individuellen Hauttyp und Ihre Anliegen sicherzustellen.  <\/p>\n            <\/div>\n          <\/div>\n        <\/div>\n            <div class=\"c-accordion__item\">\n          <a href=\"#\" class=\"c-accordion__toggle\">\n            What is the Elite iQ Pro, and how does it work?          <\/a>\n          <div class=\"c-accordion__panel\">\n            <div class=\"c-accordion__content c-text-editor\">\n              <p>Elite iQ Pro is an advanced laser technology designed for hair removal and skin treatments, including pigmentation correction and vascular lesions. It uses dual wavelengths (755 nm Alexandrite and 1064nm) to target different skin concerns, making it effective for various skin types. The device\u2019s technology enables precise energy delivery, allowing for customised treatments based on individual skin tones and conditions.\r\n<\/p>\n            <\/div>\n          <\/div>\n        <\/div>\n            <div class=\"c-accordion__item\">\n          <a href=\"#\" class=\"c-accordion__toggle\">\n            How many treatments are needed to see results with Elite iQ Pro?          <\/a>\n          <div class=\"c-accordion__panel\">\n            <div class=\"c-accordion__content c-text-editor\">\n              <p>For laser hair removal, multiple sessions (usually 6-8) are typically required to achieve optimal results. For skin treatments like pigmentation correction, patients may see improvements after 3-4 sessions. Your provider will give a more personalised recommendation based on your specific treatment goals.\r\n<\/p>\n            <\/div>\n          <\/div>\n        <\/div>\n            <div class=\"c-accordion__item\">\n          <a href=\"#\" class=\"c-accordion__toggle\">\n            What skin and hair concerns can Elite iQ Pro address?          <\/a>\n          <div class=\"c-accordion__panel\">\n            <div class=\"c-accordion__content c-text-editor\">\n              <p>Elite iQ Pro is primarily used for laser hair removal but is also effective for treating pigmentation issues, sun damage, vascular lesions and improving overall skin tone and texture. It\u2019s suitable for both lighter and darker skin tones due to its customisable settings.\r\n<\/p>\n            <\/div>\n          <\/div>\n        <\/div>\n            <div class=\"c-accordion__item\">\n          <a href=\"#\" class=\"c-accordion__toggle\">\n            Is Elite iQ Pro safe for all skin types?          <\/a>\n          <div class=\"c-accordion__panel\">\n            <div class=\"c-accordion__content c-text-editor\">\n              <p>Yes, Elite iQ Pro is safe for all skin types, including darker skin tones. The device\u2019s smart technology adjusts treatment settings to the patient\u2019s skin type and condition, minimising the risk of burns or hyperpigmentation, which can sometimes occur with other laser treatments.\r\n<\/p>\n            <\/div>\n          <\/div>\n        <\/div>\n            <div class=\"c-accordion__item\">\n          <a href=\"#\" class=\"c-accordion__toggle\">\n            Is there any downtime after an Elite iQ Pro treatment?          <\/a>\n          <div class=\"c-accordion__panel\">\n            <div class=\"c-accordion__content c-text-editor\">\n              <p>\r\nElite iQ Pro involves minimal to no downtime. Most patients experience slight redness or mild swelling after treatment, which usually subsides within a few hours. You can resume normal activities immediately, though it\u2019s recommended to protect treated areas from sun exposure with sunscreen.\r\n<\/p>\n            <\/div>\n          <\/div>\n        <\/div>\n    <\/div>\n  <\/div>\n<\/section>\n\n\n\n<section id=\"content-block_65c76fe14a2de17ebaebc91aa3fa2b36\" class=\"content-block\">\n    <div class=\"o-container-fluid\">\n\n    \n<div class=\"o-row\">\n      <div class=\"o-col-12\">\n                    <div class=\"c-text-editor\">\n          <p><small>Check with your local representative for availability.<\/small><\/p>\n<p><small>The Elite iQ Pro aesthetic workstation is indicated for the following, but not limited to: permanent hair reduction and treatment of benign vascular lesions, benign pigmented lesions, wrinkles, warts, scars, striae, psoriasis, rosacea and PFB.<\/small><\/p>\n<p>Like all medical procedures, not all patients are suitable for the treatment. Talk to your medical provider about the risks and benefits of this procedure. A qualified practitioner is solely responsible for evaluating each subject\u2019s suitability to undergo treatment and for informing those being treated about any risks involved with the treatment, pre-and postoperative care, and any other relevant information. Individual results may vary and are not guaranteed.<\/p>\n<p>\u00a92024 Cynosure, LLC. All rights reserved. Elite iQ\u00ae Pro is manufactured by El.En. S.p.A and distributed exclusively by Cynosure, LLC and affiliates. Cynosure, Elite iQ Pro and Skintel are registered trademarks and\/or trademarks of Cynosure, LLC. Cynosure, LLC owns exclusive rights to photography. Use of photography without written permission from Cynosure, LLC is prohibited. PRD-1325<\/p>\n        <\/div>\n                <\/div>\n        <\/div>\n\n  <\/div>\n<\/section>\n","protected":false},"menu_order":0,"template":"","product_type":[],"class_list":["post-1214","product","type-product","status-publish","hentry"],"acf":[],"yoast_head":"<!-- This site is optimized with the Yoast SEO plugin v27.2 - https:\/\/yoast.com\/product\/yoast-seo-wordpress\/ -->\n<title>Elite IQ Pro - Cynosure Lutronic EMEA Elite iQ Pro | Cynosure Lutronic<\/title>\n<meta name=\"description\" content=\"The Elite iQ Pro powers through hair, reduces the appearance of vascular &amp; pigmented lesions and revitalises skin; true flexibility to meet any patient need.\" \/>\n<meta name=\"robots\" content=\"index, follow, max-snippet:-1, max-image-preview:large, max-video-preview:-1\" \/>\n<link rel=\"canonical\" href=\"https:\/\/www.cynosurelutronicemea.com\/de\/product\/elite-iq-pro\/\" \/>\n<meta property=\"og:locale\" content=\"de_DE\" \/>\n<meta property=\"og:type\" content=\"article\" \/>\n<meta property=\"og:title\" content=\"Elite IQ Pro - Cynosure Lutronic EMEA Elite iQ Pro | Cynosure Lutronic\" \/>\n<meta property=\"og:description\" content=\"The Elite iQ Pro powers through hair, reduces the appearance of vascular &amp; pigmented lesions and revitalises skin; true flexibility to meet any patient need.\" \/>\n<meta property=\"og:url\" content=\"https:\/\/www.cynosurelutronicemea.com\/de\/product\/elite-iq-pro\/\" \/>\n<meta property=\"og:site_name\" content=\"Cynosure Lutronic EMEA\" \/>\n<meta property=\"article:modified_time\" content=\"2025-01-06T10:27:18+00:00\" \/>\n<meta name=\"twitter:card\" content=\"summary_large_image\" \/>\n<script type=\"application\/ld+json\" class=\"yoast-schema-graph\">{\"@context\":\"https:\/\/schema.org\",\"@graph\":[{\"@type\":\"WebPage\",\"@id\":\"https:\/\/www.cynosurelutronicemea.com\/de\/product\/elite-iq-pro\/\",\"url\":\"https:\/\/www.cynosurelutronicemea.com\/de\/product\/elite-iq-pro\/\",\"name\":\"Elite IQ Pro - Cynosure Lutronic EMEA Elite iQ Pro | Cynosure Lutronic\",\"isPartOf\":{\"@id\":\"https:\/\/www.cynosurelutronicemea.com\/de\/#website\"},\"datePublished\":\"2024-11-14T15:43:19+00:00\",\"dateModified\":\"2025-01-06T10:27:18+00:00\",\"description\":\"The Elite iQ Pro powers through hair, reduces the appearance of vascular & pigmented lesions and revitalises skin; true flexibility to meet any patient need.\",\"breadcrumb\":{\"@id\":\"https:\/\/www.cynosurelutronicemea.com\/de\/product\/elite-iq-pro\/#breadcrumb\"},\"inLanguage\":\"de-DE\",\"potentialAction\":[{\"@type\":\"ReadAction\",\"target\":[\"https:\/\/www.cynosurelutronicemea.com\/de\/product\/elite-iq-pro\/\"]}]},{\"@type\":\"BreadcrumbList\",\"@id\":\"https:\/\/www.cynosurelutronicemea.com\/de\/product\/elite-iq-pro\/#breadcrumb\",\"itemListElement\":[{\"@type\":\"ListItem\",\"position\":1,\"name\":\"Home\",\"item\":\"https:\/\/www.cynosurelutronicemea.com\/de\/\"},{\"@type\":\"ListItem\",\"position\":2,\"name\":\"Elite IQ Pro\"}]},{\"@type\":\"WebSite\",\"@id\":\"https:\/\/www.cynosurelutronicemea.com\/de\/#website\",\"url\":\"https:\/\/www.cynosurelutronicemea.com\/de\/\",\"name\":\"Cynosure Lutronic EMEA\",\"description\":\"\",\"potentialAction\":[{\"@type\":\"SearchAction\",\"target\":{\"@type\":\"EntryPoint\",\"urlTemplate\":\"https:\/\/www.cynosurelutronicemea.com\/de\/?s={search_term_string}\"},\"query-input\":{\"@type\":\"PropertyValueSpecification\",\"valueRequired\":true,\"valueName\":\"search_term_string\"}}],\"inLanguage\":\"de-DE\"}]}<\/script>\n<!-- \/ Yoast SEO plugin. -->","yoast_head_json":{"title":"Elite IQ Pro - Cynosure Lutronic EMEA Elite iQ Pro | Cynosure Lutronic","description":"The Elite iQ Pro powers through hair, reduces the appearance of vascular & pigmented lesions and revitalises skin; true flexibility to meet any patient need.","robots":{"index":"index","follow":"follow","max-snippet":"max-snippet:-1","max-image-preview":"max-image-preview:large","max-video-preview":"max-video-preview:-1"},"canonical":"https:\/\/www.cynosurelutronicemea.com\/de\/product\/elite-iq-pro\/","og_locale":"de_DE","og_type":"article","og_title":"Elite IQ Pro - Cynosure Lutronic EMEA Elite iQ Pro | Cynosure Lutronic","og_description":"The Elite iQ Pro powers through hair, reduces the appearance of vascular & pigmented lesions and revitalises skin; true flexibility to meet any patient need.","og_url":"https:\/\/www.cynosurelutronicemea.com\/de\/product\/elite-iq-pro\/","og_site_name":"Cynosure Lutronic EMEA","article_modified_time":"2025-01-06T10:27:18+00:00","twitter_card":"summary_large_image","schema":{"@context":"https:\/\/schema.org","@graph":[{"@type":"WebPage","@id":"https:\/\/www.cynosurelutronicemea.com\/de\/product\/elite-iq-pro\/","url":"https:\/\/www.cynosurelutronicemea.com\/de\/product\/elite-iq-pro\/","name":"Elite IQ Pro - Cynosure Lutronic EMEA Elite iQ Pro | Cynosure Lutronic","isPartOf":{"@id":"https:\/\/www.cynosurelutronicemea.com\/de\/#website"},"datePublished":"2024-11-14T15:43:19+00:00","dateModified":"2025-01-06T10:27:18+00:00","description":"The Elite iQ Pro powers through hair, reduces the appearance of vascular & pigmented lesions and revitalises skin; true flexibility to meet any patient need.","breadcrumb":{"@id":"https:\/\/www.cynosurelutronicemea.com\/de\/product\/elite-iq-pro\/#breadcrumb"},"inLanguage":"de-DE","potentialAction":[{"@type":"ReadAction","target":["https:\/\/www.cynosurelutronicemea.com\/de\/product\/elite-iq-pro\/"]}]},{"@type":"BreadcrumbList","@id":"https:\/\/www.cynosurelutronicemea.com\/de\/product\/elite-iq-pro\/#breadcrumb","itemListElement":[{"@type":"ListItem","position":1,"name":"Home","item":"https:\/\/www.cynosurelutronicemea.com\/de\/"},{"@type":"ListItem","position":2,"name":"Elite IQ Pro"}]},{"@type":"WebSite","@id":"https:\/\/www.cynosurelutronicemea.com\/de\/#website","url":"https:\/\/www.cynosurelutronicemea.com\/de\/","name":"Cynosure Lutronic EMEA","description":"","potentialAction":[{"@type":"SearchAction","target":{"@type":"EntryPoint","urlTemplate":"https:\/\/www.cynosurelutronicemea.com\/de\/?s={search_term_string}"},"query-input":{"@type":"PropertyValueSpecification","valueRequired":true,"valueName":"search_term_string"}}],"inLanguage":"de-DE"}]}},"_links":{"self":[{"href":"https:\/\/www.cynosurelutronicemea.com\/de\/wp-json\/wp\/v2\/product\/1214","targetHints":{"allow":["GET"]}}],"collection":[{"href":"https:\/\/www.cynosurelutronicemea.com\/de\/wp-json\/wp\/v2\/product"}],"about":[{"href":"https:\/\/www.cynosurelutronicemea.com\/de\/wp-json\/wp\/v2\/types\/product"}],"version-history":[{"count":0,"href":"https:\/\/www.cynosurelutronicemea.com\/de\/wp-json\/wp\/v2\/product\/1214\/revisions"}],"wp:attachment":[{"href":"https:\/\/www.cynosurelutronicemea.com\/de\/wp-json\/wp\/v2\/media?parent=1214"}],"wp:term":[{"taxonomy":"product_type","embeddable":true,"href":"https:\/\/www.cynosurelutronicemea.com\/de\/wp-json\/wp\/v2\/product_type?post=1214"}],"curies":[{"name":"wp","href":"https:\/\/api.w.org\/{rel}","templated":true}]}}