{"id":7157,"date":"2026-02-06T15:22:34","date_gmt":"2026-02-06T15:22:34","guid":{"rendered":"https:\/\/www.cynosurelutronicemea.com\/?page_id=7157"},"modified":"2026-04-13T13:14:10","modified_gmt":"2026-04-13T13:14:10","slug":"cynosure-lutronic-summer-academy","status":"publish","type":"page","link":"https:\/\/www.cynosurelutronicemea.com\/de\/cynosure-lutronic-summer-academy\/","title":{"rendered":"Cynosure Lutronic Summer Academy"},"content":{"rendered":"\n<section id=\"hero-block_56484bfcad8be89c2f5f906a1097665d\" class=\"hero-block\">\n  <!-- <div class=\"o-container\"> -->\n  \n<div class=\"c-hero-slider-container\" style=\"position:relative;\">\n\n    \n    <div class=\"c-hero-slider js-hero-slider\" >\n                <div class=\"c-hero-slider__item\">\n                    <section class=\"c-hero-slider__content u-text-white u-text-center\" style=\"background-image: url('https:\/\/www.cynosurelutronicemea.com\/wp-content\/uploads\/sites\/15\/2026\/03\/CLA-Cologne-event-main-banner.jpg'), url('https:\/\/www.cynosurelutronicemea.com\/wp-content\/uploads\/sites\/15\/2026\/03\/CLA-Cologne-event-main-banner.jpg');\">\n                        <div class=\"o-container\">\n                            <div class=\"o-row\">\n                                <div class=\"o-col-8@md o-col-7@lg o-col-6@xl u-mx-auto\">\n                                    <h1 class=\"c-hero-slider__title\"><img decoding=\"async\" src=\"https:\/\/www.cynosurelutronicemea.com\/wp-content\/uploads\/sites\/15\/2026\/03\/Summer-Academy-Logo.png\"><\/h1>\n                                    <div class=\"c-hero-slider__text\">\n                                        <p><div style=\"color: #000000;font-size: 35px\"><strong>MOSAIC 3D LAUNCH<\/strong><\/div><div style=\"color: #000000;font-size: 25px\">SUMMER ACADEMY<\/br>29.-30. Mai 2026<br>K\u00f6ln<\/br><\/div><\/p>\n                                    <\/div>\n                                                                            <a href=\"#gform_popup_25\" class=\"c-button c-button--white js-open-content-popup\">Jetzt anmelden<\/a>                                                                    <\/div>\n                            <\/div>\n                        <\/div>\n                    <\/section>\n                <\/div>\n\n            <\/div><\/div>  <!-- <\/div> -->\n<\/section>\n\n\n\n<section id=\"content-block_1d67ae8a151f6b1e1d8d94a8fa9befb2\" class=\"content-block u-pt-5 u-pt-9@md u-pb-5 u-pb-9@md u-bg-tertriary-gray-100\">\n    <div class=\"o-container\">\n\n    \n<div class=\"o-row\">\n        <div class=\"o-col-12 u-text-center\">\n              <h2 class=\"c-heading c-heading--secondary u-h3 u-h1@sm u-uppercase u-mb-3@sm\">Mosaic 3D &amp; Future of Aesthetics<\/h2>\n                    <div class=\"c-text-editor\">\n          <p style=\"font-size: 30px\">Freitag 29.05. &#8211; Samstag 30.05.2026<\/p>\n<p>Entdecken Sie die n\u00e4chste Revolution in der \u00e4sthetischen Medizin: Unser neuer <strong>Mosaic 3D Laser. <\/strong>Wir stellen Ihnen diesen Laser der n\u00e4chsten Generation neben anderen energiebasierten Systemen aus unserem Portfolio vor. Netzwerken Sie mit Branchenexperten, tauchen Sie ein in wissenschaftliche Insights, inkl. Hands-On-Demos.<\/p>\n<p><strong>Nur 50 Pl\u00e4tze verf\u00fcgbar \u2013 Sichern Sie sich Ihren jetzt!<\/strong><\/p>\n        <\/div>\n                <\/div>\n      <\/div>\n\n  <\/div>\n<\/section>\n\n\n\n<section id=\"content-block_ef2d8cbde55a547baf709ea1f9a86d75\" class=\"content-block u-pt-5 u-pt-9@md\">\n    <div class=\"o-container\">\n\n    \n<div class=\"o-row\">\n        <div class=\"o-col-12 u-text-center\">\n              <h2 class=\"c-heading c-heading--secondary u-h3 u-h1@sm u-uppercase u-mb-3@sm\">\u00dcbersicht<\/h2>\n                      <\/div>\n      <\/div>\n\n  <\/div>\n<\/section>\n\n\n\n<section id=\"hero-block_8728a52e8c8bb449c4b5b995e6c2e659\" class=\"hero-block\">\n  <!-- <div class=\"o-container\"> -->\n  \n<div class=\"c-hero-slider-container\" style=\"position:relative;\">\n\n    \n    <div class=\"c-hero-slider js-hero-slider\" >\n                <div class=\"c-hero-slider__item\">\n                    <section class=\"c-hero-slider__content u-text-black\" style=\"background-image: url('https:\/\/www.cynosurelutronicemea.com\/wp-content\/uploads\/sites\/15\/2026\/03\/CLA-Cologne-restaurant-banner.jpg'), url('https:\/\/www.cynosurelutronicemea.com\/wp-content\/uploads\/sites\/15\/2026\/03\/CLA-Cologne-restaurant-banner.jpg');\">\n                        <div class=\"o-container\">\n                            <div class=\"o-row\">\n                                <div class=\"o-col-8@md o-col-7@lg o-col-6@xl\">\n                                    <h1 class=\"c-hero-slider__title\"><\/h1>\n                                    <div class=\"c-hero-slider__text\">\n                                        <p><p style=\"font-size: 30px\">Tag 1 &#8211; 29. Mai<\/p> <strong>Unveiling &amp; Networking Dinner<\/strong>  <strong><br \/><br \/>18:00 Uhr<\/strong>: Exklusives Abendessen im OSMAN30. Der angesagten Location mit der besten Aussicht in K\u00f6ln!  <strong><br \/><br \/>Highlight<\/strong>: Showcase des Mosaic 3D Lasers: erste Infos mit Event-Charakter  <strong><br \/><br \/>Warum dabei sein?<\/strong>\u00a0Erste Einblicke, die Ihre Patienten begeistern und Ihren Vorsprung sichern. Networking. Evening-Event f\u00fcr das gewisse Extra. Dinner &amp; Drinks.<\/p>\n                                    <\/div>\n                                                                                                                                                <\/div>\n                            <\/div>\n                        <\/div>\n                    <\/section>\n                <\/div>\n\n            <\/div><\/div>  <!-- <\/div> -->\n<\/section>\n\n\n\n<section id=\"content-block_be90e38b5eb5043aba735b151e93d8a6\" class=\"content-block u-pt-5 u-pt-9@md u-pb-5 u-pb-9@md c-section--text-image u-flex-invert-columns\">\n    <div class=\"o-container\">\n\n    \n<div class=\"o-row u-items-center\">\n  <div class=\"o-col-7@md\">\n    <div class=\"c-text-editor\">\n\n      \n      <p style=\"font-size: 30px\">Tag 2 &#8211; 30. Mai<\/p>\n<p><strong>Wissenschaft &amp; Hands-On<\/strong><\/p>\n<p><strong>09:00\u201315:00 Uhr<\/strong>: Tiefgehende Pr\u00e4sentationen zu Mosaic 3D und unseren anderen Lasern. Unterschiede, Entwicklungen in der Technologie, wie werden welche Ergebnisse erzielt. Unterschiedliche Indikationen, mit Fokus auf Hautverj\u00fcngung.<\/p>\n<p><strong>Ort<\/strong>: Elegantes 4-Sterne-Hotel: ein umgebauter historischer Wasserturm im Zentrum der K\u00f6lner Altstadt mit der perfekten Atmosph\u00e4re f\u00fcr Lernen und den Austausch untereinander.<\/p>\n<p><strong>Ergebnis f\u00fcr Sie:<\/strong> Neue Wissensvorspr\u00fcnge, praxisnahe Tipps und direkte Kontakte f\u00fcr optimierte Patientenergebnisse, Business Vorteile und mehr.<\/p>\n\n      \n    <\/div>\n  <\/div>\n      <div class=\"o-col-5@md u-pt-2 u-pb-2 u-text-center\">\n              <img decoding=\"async\" src=\"https:\/\/www.cynosurelutronicemea.com\/wp-content\/uploads\/sites\/15\/2026\/03\/Cynosure-Banner-Device-Mar26v3.png\" class=\"desktop-image\" alt=\"cynosure-banner-device-mar26v3\">\n                <\/div>\n  <\/div>\n\n  <\/div>\n<\/section>\n\n\n\n<section id=\"content-block_acb7107946dbf1249083458fd1d96092\" class=\"content-block u-pt-5 u-pt-9@md u-pb-5 u-pb-9@md o-background c-subheader\" style=\"background-image: url(https:\/\/www.cynosurelutronicemea.com\/wp-content\/uploads\/sites\/15\/2026\/02\/MOSAIC-Tile-Background.jpg);\">\n  <div class=\"c-subheader__overlay\" style=\"opacity: .100\"><\/div>  <div class=\"o-container\">\n\n    \n<div class=\"o-row\">\n        <div class=\"o-col-12 u-text-center\">\n                    <div class=\"c-text-editor\">\n          <p style=\"font-size: 25px\"><span style=\"color: #000000\">Entdecken Sie die Zukunft der \u00e4sthetischen Medizin<\/span><br \/>\n<span style=\"color: #000000\">29. \u2013 30. Mai 2026<\/span><br \/>\n<span style=\"color: #000000\">K\u00f6ln<\/span><\/p>\n        <\/div>\n            <a href=\"#gform_popup_25\" class=\"u-mt-3 u-mr-1 c-button c-button--xl c-button--orange js-open-content-popup\">Jetzt anmelden<\/a>    <\/div>\n      <\/div>\n\n  <\/div>\n<\/section>\n\n\n\n<section id=\"content-block_3aa7b544691ef8cf0d1798de04eca5f3\" class=\"content-block u-pt-5 u-pt-9@md u-pb-5 u-pb-9@md\">\n    <div class=\"o-container\">\n\n    \n<div class=\"o-row\">\n          <div class=\"o-col-12\">\n              <div class=\"o-row\">\n          <div class=\"o-col-6@md\">\n            <h2 class=\"c-heading c-heading--secondary u-h3 u-h1@sm u-uppercase u-mb-3@sm\">Das Programm<\/h2>\n          <\/div>\n        <\/div>\n            <div class=\"o-row\">\n                  <div class=\"o-col-6@md\">\n            <div class=\"c-text-editor\">\n              <p><strong>29.05.2026: Exklusives Launch-Dinner<\/strong><\/p>\n<p>Abendessen in au\u00dfergew\u00f6hnlicher Kulisse: Genie\u00dfen Sie ein hochwertiges Dinner mit Kollegen.<br \/>\nUnveiling des Mosaic 3D Lasers: Erste Blicke auf die 3D-Technologie, die Ihre Behandlungen auf ein neues Level hebt.<br \/>\nSektempfang, Dinner &amp; Drinks, Party<\/p>\n<p>Start: 18:00 Uhr | Ort: Restaurant OSMAN30<\/p>\n<p><strong>30.05.2026: Wissenschaftliches Programm<\/strong><\/p>\n<p>Vortr\u00e4ge von Top-Experten: Klinische Evidenz, Case Studies und Live-Demos zu Mosaic 3D und mehr.<br \/>\nNetworking: Vertiefen Sie neue und bestehende Kontakte in einem stilvollen Rahmen.<\/p>\n<p>09:00\u201315:00 Uhr | Ort: Wasserturmhotel by Hilton<\/p>\n<ul>\n<li>Mosaic 3D Pr\u00e4sentation<\/li>\n<li>Mosaic 3D live-Anwendung<\/li>\n<li>Skin Architecture: Mehrschichtige Hautverj\u00fcngung mit Mosaic 3D im Vergleich zu LaseMD Ultra und Genius RF Miconeedling<\/li>\n<li>Business Development &amp; Marketingstrategien f\u00fcr \u00c4rzte<\/li>\n<li>Derma V als Abl\u00f6ser des Farbstofflasers<\/li>\n<li>Top Secret: erste Einblicke in weitere Launch-Produkte eCO2 3D und Xerf<\/li>\n<\/ul>\n<p>&nbsp;<\/p>\n            <\/div>\n          <\/div>\n                          <div class=\"o-col-6@md\">\n            <p><strong>Warum Sie dabei sein m\u00fcssen<\/strong><\/p>\n<p><strong>Neuheiten pur<\/strong>: Das einzige Launch-Event zu Mosaic 3D in Deutschland &#8211; und erste wissenschaftliche Informationen zu Xerf und eCO2 3D, den weiteren Innovationen des Jahres<\/p>\n<p><strong>Mehr als ein Event<\/strong>: echte wissenschaftliche Informationen, Einblicke in die Studienarbeit, Demo vor Ort und direkter Zugriff auf unser Team und Fachexperten<\/p>\n<p><strong>Exklusiv &amp; limitiert<\/strong>: Nur f\u00fcr ausgew\u00e4hlte \u00c4rzte. Early-Bird-Vorteile bis 15.04.<\/p>\n<p><strong>K\u00f6ln als Hotspot<\/strong>: Perfekt erreichbar, mit Zeit f\u00fcr Erholung<\/p>\n<p><em><strong>Event-Geb\u00fchr: 140 \u20ac (inkl. Dinner, Sessions, Materialien)<\/strong><\/em><br \/>\n<em><strong>Early Bird: 100 \u20ac bis 15.04.2026<\/strong><\/em><\/p>\n                      <\/div>\n              <\/div>\n    <\/div>\n    <\/div>\n\n  <\/div>\n<\/section>\n\n\n\n<section id=\"content-block_f8f87beb924c5340df0a5f458d9b13ff\" class=\"content-block u-pt-5 u-pt-9@md\">\n    <div class=\"o-container\">\n\n    \n<div class=\"o-row\">\n        <div class=\"o-col-12 u-text-center\">\n              <h2 class=\"c-heading c-heading--secondary u-h3 u-h1@sm u-uppercase u-mb-3@sm\">REFERENTEN<\/h2>\n                      <\/div>\n      <\/div>\n\n  <\/div>\n<\/section>\n\n\n\n<section id=\"content-block_5571eb5160a076d98d1745ba790e154a\" class=\"content-block c-section--text-image\">\n    <div class=\"o-container\">\n\n    \n<div class=\"o-row u-items-center\">\n  <div class=\"o-col-7@md\">\n    <div class=\"c-text-editor\">\n\n              <h2 class=\"c-heading c-heading--secondary u-h3 u-h2@lg u-uppercase\">Dr. Katharina Herberger<\/h2>\n      \n      <p>Priv. Doz. Dr. med. Katharina Herberger ist Gr\u00fcnderin des KH &#8211; Kompetenzzentrum Haut in Hamburg, nachdem sie jahrelange Erfahrung an der Uniklinik Hamburg Eppendorf sammeln konnte. Sie hat als erste in Deutschland mit dem Mosaic 3D behandelt und f\u00fchrt neben ihrer Arbeit in der Praxis Studien damit durch. Von ihr erhalten Sie echte Einblicke in klinische Outcomes und Case Studies aus erster Hand zum Launch von Mosaic 3D.<\/p>\n\n      \n    <\/div>\n  <\/div>\n      <div class=\"o-col-5@md u-pt-2 u-pb-2 u-text-center\">\n              <img decoding=\"async\" src=\"https:\/\/www.cynosurelutronicemea.com\/wp-content\/uploads\/sites\/15\/2026\/03\/KatharinaHerberger_Circle_1080x1454px.png\" class=\"desktop-image\" alt=\"katharinaherberger_circle_1080x1454px\">\n                <\/div>\n  <\/div>\n\n  <\/div>\n<\/section>\n\n\n\n<section id=\"content-block_087b646f533fa169400bc0db6850bd91\" class=\"content-block c-section--text-image\">\n    <div class=\"o-container\">\n\n    \n<div class=\"o-row u-items-center\">\n  <div class=\"o-col-7@md\">\n    <div class=\"c-text-editor\">\n\n              <h2 class=\"c-heading c-heading--secondary u-h3 u-h2@lg u-uppercase\">Dr. Kevin Zimmer<\/h2>\n      \n      <p>Kevin Zimmer ist Assistenzarzt in der Dermatologie an der Haut- und Laserklinik Karlsruhe mit besonderem Fokus auf Lasermedizin, chirurgische Dermatologie und klassische dermatologische Behandlungen. Sein Schwerpunkt liegt auf der Anwendung moderner Lasertherapien, minimalinvasiven Eingriffen sowie der Diagnostik und Therapie anspruchsvoller dermatologischer Krankheitsbilder, einschlie\u00dflich chronisch-entz\u00fcndlicher Hauterkrankungen und Hauttumoren.<\/p>\n\n      \n    <\/div>\n  <\/div>\n      <div class=\"o-col-5@md u-pt-2 u-pb-2 u-text-center\">\n              <img decoding=\"async\" src=\"https:\/\/www.cynosurelutronicemea.com\/wp-content\/uploads\/sites\/15\/2026\/04\/DrKevinZimmer.png\" class=\"desktop-image\" alt=\"drkevinzimmer\">\n                <\/div>\n  <\/div>\n\n  <\/div>\n<\/section>\n\n\n\n<section id=\"content-block_d89964e2693eb86b762803c18c78c4bd\" class=\"content-block c-section--text-image\">\n    <div class=\"o-container\">\n\n    \n<div class=\"o-row u-items-center\">\n  <div class=\"o-col-7@md\">\n    <div class=\"c-text-editor\">\n\n              <h2 class=\"c-heading c-heading--secondary u-h3 u-h2@lg u-uppercase\">Javid Safaei<\/h2>\n      \n      <p>Javid Safaei ist deutsch-amerikanisch ausgebildeter Jurist und Gesch\u00e4ftsf\u00fchrer der Curia Consulting. Als Keynote-Speaker ist er regelm\u00e4\u00dfig auf internationalen Kongressen f\u00fcr \u00c4sthetik eingeladen.<\/p>\n<p>Curia Consulting ist Wachstumspartner f\u00fcr Praxen in der \u00e4sthetischen Medizin f\u00fcr erh\u00f6hte Sichtbarkeit durch Social Media und professionelle Websites, gezielte Werbekampagnen, optimierte Patientenkommunikation und Schulungen sowie datenbasierte Strategien f\u00fcr mehr Patienten, Umsatz und Effizienz.<\/p>\n\n      \n    <\/div>\n  <\/div>\n      <div class=\"o-col-5@md u-pt-2 u-pb-2 u-text-center\">\n              <img decoding=\"async\" src=\"https:\/\/www.cynosurelutronicemea.com\/wp-content\/uploads\/sites\/15\/2026\/03\/Javid_Safaei_Circle.png\" class=\"desktop-image\" alt=\"javid_safaei_circle\">\n                <\/div>\n  <\/div>\n\n  <\/div>\n<\/section>\n\n\n\n<section id=\"content-block_ca82a032ede72c789bfcaa76e2dbad70\" class=\"content-block u-pt-5 u-pt-9@md u-pb-5 u-pb-9@md\">\n    <div class=\"o-container\">\n\n    \n<div class=\"o-row\">\n      <div class=\"o-col-12\">\n              <h2 class=\"c-heading c-heading--secondary u-h3 u-h1@sm u-uppercase u-mb-3@sm\">Jetzt anmelden<\/h2>\n                    <div class=\"c-text-editor\">\n          <p><strong>Sichern Sie sich Ihren Platz zum Vorteilspreis bis zum 15. April f\u00fcr 100 \u20ac, danach 140 \u20ac.<\/strong><\/p>\n<p>Haben Sie fragen? Kontaktieren Sie uns gerne.<\/p>\n<p>Wir freuen uns auf Sie!<\/p>\n        <\/div>\n            <a href=\"#gform_popup_25\" class=\"u-mt-3 u-mr-1 c-button c-button--xl c-button--transparent-orange js-open-content-popup\">jetzt Platz sichern<\/a>    <\/div>\n        <\/div>\n\n  <\/div>\n<\/section>\n","protected":false},"excerpt":{"rendered":"","protected":false},"author":879,"featured_media":0,"parent":0,"menu_order":0,"comment_status":"closed","ping_status":"closed","template":"","meta":{"_acf_changed":false,"footnotes":""},"class_list":["post-7157","page","type-page","status-publish","hentry"],"acf":[],"yoast_head":"<!-- This site is optimized with the Yoast SEO plugin v27.3 - https:\/\/yoast.com\/product\/yoast-seo-wordpress\/ -->\n<title>Cynosure Lutronic Summer Academy - Cynosure Lutronic EMEA<\/title>\n<meta name=\"robots\" content=\"index, follow, max-snippet:-1, max-image-preview:large, max-video-preview:-1\" \/>\n<link rel=\"canonical\" href=\"https:\/\/www.cynosurelutronicemea.com\/de\/cynosure-lutronic-summer-academy\/\" \/>\n<meta property=\"og:locale\" content=\"de_DE\" \/>\n<meta property=\"og:type\" content=\"article\" \/>\n<meta property=\"og:title\" content=\"Cynosure Lutronic Summer Academy - Cynosure Lutronic EMEA\" \/>\n<meta property=\"og:url\" content=\"https:\/\/www.cynosurelutronicemea.com\/de\/cynosure-lutronic-summer-academy\/\" \/>\n<meta property=\"og:site_name\" content=\"Cynosure Lutronic EMEA\" \/>\n<meta property=\"article:modified_time\" content=\"2026-04-13T13:14:10+00:00\" \/>\n<meta name=\"twitter:card\" content=\"summary_large_image\" \/>\n<script type=\"application\/ld+json\" class=\"yoast-schema-graph\">{\"@context\":\"https:\\\/\\\/schema.org\",\"@graph\":[{\"@type\":\"WebPage\",\"@id\":\"https:\\\/\\\/www.cynosurelutronicemea.com\\\/de\\\/cynosure-lutronic-summer-academy\\\/\",\"url\":\"https:\\\/\\\/www.cynosurelutronicemea.com\\\/de\\\/cynosure-lutronic-summer-academy\\\/\",\"name\":\"Cynosure Lutronic Summer Academy - Cynosure Lutronic EMEA\",\"isPartOf\":{\"@id\":\"https:\\\/\\\/www.cynosurelutronicemea.com\\\/de\\\/#website\"},\"datePublished\":\"2026-02-06T15:22:34+00:00\",\"dateModified\":\"2026-04-13T13:14:10+00:00\",\"breadcrumb\":{\"@id\":\"https:\\\/\\\/www.cynosurelutronicemea.com\\\/de\\\/cynosure-lutronic-summer-academy\\\/#breadcrumb\"},\"inLanguage\":\"de-DE\",\"potentialAction\":[{\"@type\":\"ReadAction\",\"target\":[\"https:\\\/\\\/www.cynosurelutronicemea.com\\\/de\\\/cynosure-lutronic-summer-academy\\\/\"]}]},{\"@type\":\"BreadcrumbList\",\"@id\":\"https:\\\/\\\/www.cynosurelutronicemea.com\\\/de\\\/cynosure-lutronic-summer-academy\\\/#breadcrumb\",\"itemListElement\":[{\"@type\":\"ListItem\",\"position\":1,\"name\":\"Home\",\"item\":\"https:\\\/\\\/www.cynosurelutronicemea.com\\\/de\\\/\"},{\"@type\":\"ListItem\",\"position\":2,\"name\":\"Cynosure Lutronic Summer Academy\"}]},{\"@type\":\"WebSite\",\"@id\":\"https:\\\/\\\/www.cynosurelutronicemea.com\\\/de\\\/#website\",\"url\":\"https:\\\/\\\/www.cynosurelutronicemea.com\\\/de\\\/\",\"name\":\"Cynosure Lutronic EMEA\",\"description\":\"\",\"potentialAction\":[{\"@type\":\"SearchAction\",\"target\":{\"@type\":\"EntryPoint\",\"urlTemplate\":\"https:\\\/\\\/www.cynosurelutronicemea.com\\\/de\\\/?s={search_term_string}\"},\"query-input\":{\"@type\":\"PropertyValueSpecification\",\"valueRequired\":true,\"valueName\":\"search_term_string\"}}],\"inLanguage\":\"de-DE\"}]}<\/script>\n<!-- \/ Yoast SEO plugin. -->","yoast_head_json":{"title":"Cynosure Lutronic Summer Academy - Cynosure Lutronic EMEA","robots":{"index":"index","follow":"follow","max-snippet":"max-snippet:-1","max-image-preview":"max-image-preview:large","max-video-preview":"max-video-preview:-1"},"canonical":"https:\/\/www.cynosurelutronicemea.com\/de\/cynosure-lutronic-summer-academy\/","og_locale":"de_DE","og_type":"article","og_title":"Cynosure Lutronic Summer Academy - Cynosure Lutronic EMEA","og_url":"https:\/\/www.cynosurelutronicemea.com\/de\/cynosure-lutronic-summer-academy\/","og_site_name":"Cynosure Lutronic EMEA","article_modified_time":"2026-04-13T13:14:10+00:00","twitter_card":"summary_large_image","schema":{"@context":"https:\/\/schema.org","@graph":[{"@type":"WebPage","@id":"https:\/\/www.cynosurelutronicemea.com\/de\/cynosure-lutronic-summer-academy\/","url":"https:\/\/www.cynosurelutronicemea.com\/de\/cynosure-lutronic-summer-academy\/","name":"Cynosure Lutronic Summer Academy - Cynosure Lutronic EMEA","isPartOf":{"@id":"https:\/\/www.cynosurelutronicemea.com\/de\/#website"},"datePublished":"2026-02-06T15:22:34+00:00","dateModified":"2026-04-13T13:14:10+00:00","breadcrumb":{"@id":"https:\/\/www.cynosurelutronicemea.com\/de\/cynosure-lutronic-summer-academy\/#breadcrumb"},"inLanguage":"de-DE","potentialAction":[{"@type":"ReadAction","target":["https:\/\/www.cynosurelutronicemea.com\/de\/cynosure-lutronic-summer-academy\/"]}]},{"@type":"BreadcrumbList","@id":"https:\/\/www.cynosurelutronicemea.com\/de\/cynosure-lutronic-summer-academy\/#breadcrumb","itemListElement":[{"@type":"ListItem","position":1,"name":"Home","item":"https:\/\/www.cynosurelutronicemea.com\/de\/"},{"@type":"ListItem","position":2,"name":"Cynosure Lutronic Summer Academy"}]},{"@type":"WebSite","@id":"https:\/\/www.cynosurelutronicemea.com\/de\/#website","url":"https:\/\/www.cynosurelutronicemea.com\/de\/","name":"Cynosure Lutronic EMEA","description":"","potentialAction":[{"@type":"SearchAction","target":{"@type":"EntryPoint","urlTemplate":"https:\/\/www.cynosurelutronicemea.com\/de\/?s={search_term_string}"},"query-input":{"@type":"PropertyValueSpecification","valueRequired":true,"valueName":"search_term_string"}}],"inLanguage":"de-DE"}]}},"_links":{"self":[{"href":"https:\/\/www.cynosurelutronicemea.com\/de\/wp-json\/wp\/v2\/pages\/7157","targetHints":{"allow":["GET"]}}],"collection":[{"href":"https:\/\/www.cynosurelutronicemea.com\/de\/wp-json\/wp\/v2\/pages"}],"about":[{"href":"https:\/\/www.cynosurelutronicemea.com\/de\/wp-json\/wp\/v2\/types\/page"}],"author":[{"embeddable":true,"href":"https:\/\/www.cynosurelutronicemea.com\/de\/wp-json\/wp\/v2\/users\/879"}],"replies":[{"embeddable":true,"href":"https:\/\/www.cynosurelutronicemea.com\/de\/wp-json\/wp\/v2\/comments?post=7157"}],"version-history":[{"count":68,"href":"https:\/\/www.cynosurelutronicemea.com\/de\/wp-json\/wp\/v2\/pages\/7157\/revisions"}],"predecessor-version":[{"id":7701,"href":"https:\/\/www.cynosurelutronicemea.com\/de\/wp-json\/wp\/v2\/pages\/7157\/revisions\/7701"}],"wp:attachment":[{"href":"https:\/\/www.cynosurelutronicemea.com\/de\/wp-json\/wp\/v2\/media?parent=7157"}],"curies":[{"name":"wp","href":"https:\/\/api.w.org\/{rel}","templated":true}]}}