{"id":6782,"date":"2026-01-05T16:21:17","date_gmt":"2026-01-05T16:21:17","guid":{"rendered":"https:\/\/www.cynosurelutronicemea.com\/lasemd-ultra-ampullen\/"},"modified":"2026-01-13T16:52:31","modified_gmt":"2026-01-13T16:52:31","slug":"lasemd-ultra-ampullen","status":"publish","type":"page","link":"https:\/\/www.cynosurelutronicemea.com\/de\/lasemd-ultra-ampullen\/","title":{"rendered":"LaseMD Ultra Ampullen"},"content":{"rendered":"\n<section id=\"hero-block_0d83629e7121528c34bde89ec6eeaf05\" class=\"hero-block u-pb-5 u-pb-9@md\">\n  <!-- <div class=\"o-container\"> -->\n  \n<div class=\"c-hero-slider-container\" style=\"position:relative;\">\n\n    \n    <div class=\"c-hero-slider js-hero-slider\" >\n                <div class=\"c-hero-slider__item\">\n                    <section class=\"c-hero-slider__content u-text-black\" style=\"background-image: url('https:\/\/www.cynosurelutronicemea.com\/wp-content\/uploads\/sites\/15\/2026\/01\/Ultra_Ampoules_webbanner.jpg'), url('https:\/\/www.cynosurelutronicemea.com\/wp-content\/uploads\/sites\/15\/2026\/01\/Ultra_Ampoules_webbanner.jpg');\">\n                        <div class=\"o-container\">\n                            <div class=\"o-row\">\n                                <div class=\"o-col-8@md o-col-7@lg o-col-6@xl\">\n                                    <h1 class=\"c-hero-slider__title\">LaseMD Ultra Ampullen <\/h1>\n                                    <div class=\"c-hero-slider__text\">\n                                        <p><h3>Wie LaseMD Ultra hilft, die Absorption von topischen Wirkstoffen zu verbessern<\/h3> LaseMD Ultra erzeugt winzige, trockene Mikrokan\u00e4le in der Haut, um die Aufnahme der gew\u00fcnschten Wirkstoffe zu verbessern. Diese Kan\u00e4le erh\u00f6hen die Aufnahme der LaseMD-Ampullen, die reinste Inhaltsstoffe in Nanopartikeln enthalten, um die Absorption und die Revitalisierung der Haut zu unterst\u00fctzen. Die Auswahl der Ampullen und Masken f\u00fcr die Nachbehandlung k\u00f6nnen individuell auf jeden Patienten abgestimmt werden. Erfahren Sie unten mehr \u00fcber die einzelnen Ampullen.   <\/p>\n                                    <\/div>\n                                                                                                                                                <\/div>\n                            <\/div>\n                        <\/div>\n                    <\/section>\n                <\/div>\n\n            <\/div><\/div>  <!-- <\/div> -->\n<\/section>\n\n\n\n<section id=\"content-block_2cb269812e49f36d0f2a8d13c597c8ec\" class=\"content-block u-pb-5 u-pb-9@md\">\n    <div class=\"o-container\">\n\n    \n<div class=\"o-row\">\n        <div class=\"o-col-12 u-text-center\">\n              <h2 class=\"c-heading c-heading--secondary u-h3 u-h1@sm u-uppercase u-mb-3@sm\">\u00dcber die LaseMD Ultra Ampullen<\/h2>\n                    <div class=\"c-text-editor\">\n          <p><span class=\"TextRun SCXW168110368 BCX0\" lang=\"EN-GB\" data-contrast=\"auto\" xml:lang=\"EN-GB\"><span class=\"NormalTextRun SpellingErrorV2Themed SCXW168110368 BCX0\">LaseMD<\/span><span class=\"NormalTextRun SCXW168110368 BCX0\"> Ultra erzeugt winzige, dehydrierte Mikrokan\u00e4le in der Haut, um die Aufnahme aktiver Wirkstoffe zu verbessern<\/span><span class=\"NormalTextRun SCXW168110368 BCX0\">. <\/span><span class=\"NormalTextRun SCXW168110368 BCX0\">Diese Kan\u00e4le erh\u00f6hen die Aufnahme der <\/span><span class=\"NormalTextRun SpellingErrorV2Themed SCXW168110368 BCX0\">LaseMD<\/span><span class=\"NormalTextRun SCXW168110368 BCX0\"> Ampullen, die reinste Inhaltsstoffe in Nanopartikeln enthalten, um die Absorption und die Revitalisierung der Haut zu unterst\u00fctzen. Die Auswahl der Ampullen und die Masken f\u00fcr die Nachbehandlung k\u00f6nnen individuell auf jeden Patienten abgestimmt werden. <\/span><\/span><span class=\"EOP SCXW168110368 BCX0\" data-ccp-props=\"{}\"> <\/span><\/p>\n        <\/div>\n                <\/div>\n      <\/div>\n\n  <\/div>\n<\/section>\n\n\n\n<section id=\"content-block_39e5d5c3083eee56b3b04775d84ea78b\" class=\"content-block\">\n    <div class=\"o-container\">\n\n    \n<div class=\"o-row\">\n        <div class=\"o-col-12 u-text-center\">\n              <h2 class=\"c-heading c-heading--secondary u-h3 u-h1@sm u-uppercase u-mb-3@sm\"><h2>VA Ampulle (Vitamin A \/ Retinol) <\/h2><\/h2>\n                      <\/div>\n      <\/div>\n\n  <\/div>\n<\/section>\n\n\n\n<section id=\"faq-block_a6e6809a8d441f62fff498f4c7e4345b\" class=\"faq-block u-pb-5 u-pb-9@md\">\n  <div class=\"o-container\">\n\n    <div class=\"c-accordion\">        <div class=\"c-accordion__item\">\n          <a href=\"#\" class=\"c-accordion__toggle\">\n            Wirkung          <\/a>\n          <div class=\"c-accordion__panel\">\n            <div class=\"c-accordion__content c-text-editor\">\n              <p>Die VA-Ampulle wird zur Anti-Aging-Pflege und bei aktiver Akne empfohlen. Vitamin A stimuliert die Produktion von Kollagen, Elastin und nat\u00fcrlicher Hyalurons\u00e4ure. Es unterst\u00fctzt die Regeneration gesunder und reifer Epidermiszellen und wirkt keratolytisch, was besonders f\u00fcr zu Akne neigende Haut geeignet ist.  <\/p>\n            <\/div>\n          <\/div>\n        <\/div>\n            <div class=\"c-accordion__item\">\n          <a href=\"#\" class=\"c-accordion__toggle\">\n            Inhaltsstoffe          <\/a>\n          <div class=\"c-accordion__panel\">\n            <div class=\"c-accordion__content c-text-editor\">\n              <p>Gereinigtes Wasser (Aqua), Mannitol, Scutellaria Baicalensis-Wurzelextrakt, Paeonia Suffruticosa-Wurzelextrakt, Glycerin, hydrolysiertes Natriumhyaluronat (niedermolekulares HA), Natriumhyaluronat (hochmolekulares HA), Retinol.<\/p>\n            <\/div>\n          <\/div>\n        <\/div>\n            <div class=\"c-accordion__item\">\n          <a href=\"#\" class=\"c-accordion__toggle\">\n            Eigenschaften          <\/a>\n          <div class=\"c-accordion__panel\">\n            <div class=\"c-accordion__content c-text-editor\">\n              <p><ul><li>MNG-Technologie (Multi-Nanopartikel-Granulat) <\/li>\n<li>Retinol in Nanogr\u00f6\u00dfe mit mehreren Liposomenschichten <\/li>\n<li>Extrem niedermolekulare Hyalurons\u00e4ure <\/li>\n<li>Nur 8 Inhaltsstoffe<\/li><\/ul><\/p>\n            <\/div>\n          <\/div>\n        <\/div>\n            <div class=\"c-accordion__item\">\n          <a href=\"#\" class=\"c-accordion__toggle\">\n            Funktionen          <\/a>\n          <div class=\"c-accordion__panel\">\n            <div class=\"c-accordion__content c-text-editor\">\n              <p><ul><li>Leistungsstarkes Anti-Aging <\/li>\n<li> Stimuliert die Produktion von Hyalurons\u00e4ure, Elastin und Kollagen <\/li>\n<li>Regeneriert gesunde und reife Epidermiszellen <\/li>\n<li>Keratolytische Wirkung, ideal f\u00fcr zu Akne neigende Haut<\/li><\/ul><\/p>\n            <\/div>\n          <\/div>\n        <\/div>\n            <div class=\"c-accordion__item\">\n          <a href=\"#\" class=\"c-accordion__toggle\">\n            Aktiver Wirkstoff          <\/a>\n          <div class=\"c-accordion__panel\">\n            <div class=\"c-accordion__content c-text-editor\">\n              <p>Retinol (Vitamin A), 2.500 IE.<\/p>\n            <\/div>\n          <\/div>\n        <\/div>\n    <\/div>\n  <\/div>\n<\/section>\n\n\n\n<section id=\"content-block_60d7cd1aa2dc7e8470e581857d38b265\" class=\"content-block\">\n    <div class=\"o-container\">\n\n    \n<div class=\"o-row\">\n        <div class=\"o-col-12 u-text-center\">\n              <h2 class=\"c-heading c-heading--secondary u-h3 u-h1@sm u-uppercase u-mb-3@sm\"><h2>VC Ampulle (Vitamin C \/ Ascorbins\u00e4ure) <\/h2><\/h2>\n                      <\/div>\n      <\/div>\n\n  <\/div>\n<\/section>\n\n\n\n<section id=\"faq-block_5c87efa941729b99ab9d8f203d446227\" class=\"faq-block\">\n  <div class=\"o-container\">\n\n    <div class=\"c-accordion\">        <div class=\"c-accordion__item\">\n          <a href=\"#\" class=\"c-accordion__toggle\">\n            Inhaltsstoffe          <\/a>\n          <div class=\"c-accordion__panel\">\n            <div class=\"c-accordion__content c-text-editor\">\n              <p>Gereinigtes Wasser (Aqua), Ascorbins\u00e4ure, Mannitol, Scutellaria Baicalensis-Wurzelextrakt, Paeonia Suffruticosa-Wurzelextrakt, Glycerin, hydrolysiertes Natriumhyaluronat (niedermolekulares HA), Natriumhyaluronat (hochmolekulares HA). <\/p>\n            <\/div>\n          <\/div>\n        <\/div>\n            <div class=\"c-accordion__item\">\n          <a href=\"#\" class=\"c-accordion__toggle\">\n            Eigenschaften          <\/a>\n          <div class=\"c-accordion__panel\">\n            <div class=\"c-accordion__content c-text-editor\">\n              <p><ul><li>MNG-Technologie (Multi-Nanopartikel-Granulat) <\/li>\n<li> Ascorbins\u00e4ure in Nanogr\u00f6\u00dfe mit mehreren Liposomenschichten <\/li>\n<li>Aufhellend, gegen Sonnensch\u00e4den <\/li>\n<li>Extrem niedermolekulare Hyalurons\u00e4ure <\/li>\n<li>Nur 8 Inhaltsstoffe <\/ul><\/p>\n            <\/div>\n          <\/div>\n        <\/div>\n            <div class=\"c-accordion__item\">\n          <a href=\"#\" class=\"c-accordion__toggle\">\n            Funktionen          <\/a>\n          <div class=\"c-accordion__panel\">\n            <div class=\"c-accordion__content c-text-editor\">\n              <p><ul><li>Starkes Antioxydans <\/li>\n<li>Strahlkraft-Boost <\/li>\n<li> Verleiht der Haut einen strahlenden Teint <\/li>\n<li>Stimuliert die Kollagensynthese <\/li>\n<li>\u201cGesunder Glow\u201d Effekt <\/li><\/ul><\/p>\n            <\/div>\n          <\/div>\n        <\/div>\n            <div class=\"c-accordion__item\">\n          <a href=\"#\" class=\"c-accordion__toggle\">\n            Wirkung          <\/a>\n          <div class=\"c-accordion__panel\">\n            <div class=\"c-accordion__content c-text-editor\">\n              <p>Die VC-Ampulle wird zur Anti-Aging-Pflege und Hautaufhellung empfohlen. Vitamin C unterst\u00fctzt gesunde Kollagenstrukturen und hilft, sonnengesch\u00e4digte Haut zu regenerieren. Es wirkt antioxidativ, f\u00f6rdert die Strahlkraft und tr\u00e4gt zu einem helleren, gleichm\u00e4\u00dfigeren Teint bei.   <\/p>\n            <\/div>\n          <\/div>\n        <\/div>\n            <div class=\"c-accordion__item\">\n          <a href=\"#\" class=\"c-accordion__toggle\">\n            Aktiver Wirkstoff          <\/a>\n          <div class=\"c-accordion__panel\">\n            <div class=\"c-accordion__content c-text-editor\">\n              <p>Ascorbins\u00e4ure (Vitamin C), 10%.<\/p>\n            <\/div>\n          <\/div>\n        <\/div>\n    <\/div>\n  <\/div>\n<\/section>\n\n\n\n<section id=\"content-block_88a90081ef78f8ae67364bf0d9eb8792\" class=\"content-block\">\n    <div class=\"o-container\">\n\n    \n<div class=\"o-row\">\n        <div class=\"o-col-12 u-text-center\">\n              <h2 class=\"c-heading c-heading--secondary u-h3 u-h1@sm u-uppercase u-mb-3@sm\"><h2>TA Ampulle (Tranexams\u00e4ure) <\/h2><\/h2>\n                      <\/div>\n      <\/div>\n\n  <\/div>\n<\/section>\n\n\n\n<section id=\"faq-block_47f4e61d08746b079ba5e4282d4c3340\" class=\"faq-block u-pb-5 u-pb-9@md\">\n  <div class=\"o-container\">\n\n    <div class=\"c-accordion\">        <div class=\"c-accordion__item\">\n          <a href=\"#\" class=\"c-accordion__toggle\">\n            Inhaltsstoffe          <\/a>\n          <div class=\"c-accordion__panel\">\n            <div class=\"c-accordion__content c-text-editor\">\n              <p>Gereinigtes Wasser (Aqua), Mannitol, Tranexams\u00e4ure, Scutellaria Baicalensis-Wurzelextrakt, Paeonia Suffruticosa-Wurzelextrakt, Glycerin, hydrolysiertes Natriumhyaluronat (niedermolekulares HA), Natriumhyaluronat (hochmolekulares HA). <\/p>\n            <\/div>\n          <\/div>\n        <\/div>\n            <div class=\"c-accordion__item\">\n          <a href=\"#\" class=\"c-accordion__toggle\">\n            Funktionen          <\/a>\n          <div class=\"c-accordion__panel\">\n            <div class=\"c-accordion__content c-text-editor\">\n              <p><ul><li>Wirkt aufhellend und verbessert Hautverf\u00e4rbungen <\/li>\n<li>Behandelt mattes Hautbild und postinflammatorische Hyperpigmentierung <\/li>\n<li>Reduziert R\u00f6tungen <\/li>\n<li>Geeignet f\u00fcr die Behandlung von Melasma <\/li><\/ul><\/p>\n            <\/div>\n          <\/div>\n        <\/div>\n            <div class=\"c-accordion__item\">\n          <a href=\"#\" class=\"c-accordion__toggle\">\n            Eigenschaften          <\/a>\n          <div class=\"c-accordion__panel\">\n            <div class=\"c-accordion__content c-text-editor\">\n              <p><ul><li>MNG-Technologie (Multi-Nanopartikel-Granulat) <\/li>\n<li>Nanogro\u00dfe Tranexams\u00e4ure mit mehreren Liposomenschichten <\/li>\n<li>Aufhellung, R\u00f6tung <\/li>\n<li>Extrem niedermolekulare Hyalurons\u00e4ure <\/li>\n<li>Nur 8 Inhaltsstoffe <\/li><\/ul><\/p>\n            <\/div>\n          <\/div>\n        <\/div>\n            <div class=\"c-accordion__item\">\n          <a href=\"#\" class=\"c-accordion__toggle\">\n            Wirkung          <\/a>\n          <div class=\"c-accordion__panel\">\n            <div class=\"c-accordion__content c-text-editor\">\n              <p>Die TA-Ampulle wird zur Hautaufhellung und gegen R\u00f6tungen empfohlen. Tranexams\u00e4ure wird seit langem zur Unterst\u00fctzung der Wundheilung eingesetzt, wobei zus\u00e4tzlich eine hautaufhellende Wirkung entdeckt wurde. Sie wird h\u00e4ufig zur Behandlung von Melasma, Hyperpigmentierung und zur Reduzierung von R\u00f6tungen und Pigmentflecken eingesetzt.   <\/p>\n            <\/div>\n          <\/div>\n        <\/div>\n            <div class=\"c-accordion__item\">\n          <a href=\"#\" class=\"c-accordion__toggle\">\n            Aktiver Wirkstoff          <\/a>\n          <div class=\"c-accordion__panel\">\n            <div class=\"c-accordion__content c-text-editor\">\n              <p>Tranexams\u00e4ure, 2%. <\/p>\n            <\/div>\n          <\/div>\n        <\/div>\n    <\/div>\n  <\/div>\n<\/section>\n\n\n\n<section id=\"content-block_0f7d3fcafff12a03f2370105da0671b0\" class=\"content-block\">\n    <div class=\"o-container\">\n\n    \n<div class=\"o-row\">\n        <div class=\"o-col-12 u-text-center\">\n              <h2 class=\"c-heading c-heading--secondary u-h3 u-h1@sm u-uppercase u-mb-3@sm\"><h2>RS Ampoule (Resveratrol) <\/h2><\/h2>\n                      <\/div>\n      <\/div>\n\n  <\/div>\n<\/section>\n\n\n\n<section id=\"faq-block_cb93a8f586a7d2efc35e67cc9d452a75\" class=\"faq-block u-pb-5 u-pb-9@md\">\n  <div class=\"o-container\">\n\n    <div class=\"c-accordion\">        <div class=\"c-accordion__item\">\n          <a href=\"#\" class=\"c-accordion__toggle\">\n            Inhaltsstoffe          <\/a>\n          <div class=\"c-accordion__panel\">\n            <div class=\"c-accordion__content c-text-editor\">\n              <p>Resveratrol-Nanopulver, gereinigtes Wasser (Aqua), Scutellaria Baicalensis-Wurzelextrakt, Paeonia Suffruticosa-Wurzelextrakt, Glycerin, hydrolysiertes Natriumhyaluronat (niedermolekulares HA), Natriumhyaluronat (hochmolekulares HA). <\/p>\n            <\/div>\n          <\/div>\n        <\/div>\n            <div class=\"c-accordion__item\">\n          <a href=\"#\" class=\"c-accordion__toggle\">\n            Eigenschaften          <\/a>\n          <div class=\"c-accordion__panel\">\n            <div class=\"c-accordion__content c-text-editor\">\n              <p><ul><li> Hochwertiges Resveratrol (95\u201399 % Reinheit) in Nanopulverform <\/li> \n<li> Entspricht dem Resveratrol-Gehalt von ~500 Flaschen Wein <\/li> \n<li> Hautaufhellung, Akne, Porenverkleinerung <\/li> \n<li> Extrem niedermolekulare Hyalurons\u00e4ure <\/li> \n<li> Nur 7 Inhaltsstoffe <\/li> <\/ul> <\/p>\n            <\/div>\n          <\/div>\n        <\/div>\n            <div class=\"c-accordion__item\">\n          <a href=\"#\" class=\"c-accordion__toggle\">\n            Funktionen          <\/a>\n          <div class=\"c-accordion__panel\">\n            <div class=\"c-accordion__content c-text-editor\">\n              <p><ul><li>Starkes Antioxydans <\/li>\n<li>Unterst\u00fctzt zu Akne neigende und fettige Haut <\/li>\n<li>Reduzierung der Talgproduktion <\/li>\n<li>Anti-aging <\/li>\n<li> Verbessert postinflammatorische Hyperpigmentierung <\/li>\n<li>Reinigt die Haut, gl\u00e4ttet Falten und gleicht den Teint aus. <\/li><\/ul><\/p>\n            <\/div>\n          <\/div>\n        <\/div>\n            <div class=\"c-accordion__item\">\n          <a href=\"#\" class=\"c-accordion__toggle\">\n            Wirkung          <\/a>\n          <div class=\"c-accordion__panel\">\n            <div class=\"c-accordion__content c-text-editor\">\n              <p>Die RS-Ampulle enth\u00e4lt hochwertiges Resveratrol, ein nat\u00fcrlich vorkommendes Polyphenol. Die Menge an Resveratrol in einer Ampulle entspricht in etwa dem Gehalt von \u00fcber 500 Flaschen Wein. Es hilft, UV-bedingte Hautkrebsentstehung zu verhindern, unterst\u00fctzt die Anti-Aging-Wirkung, reduziert \u00fcbersch\u00fcssigen Talg und verbessert das Erscheinungsbild von Hyperpigmentierungen.   <\/p>\n            <\/div>\n          <\/div>\n        <\/div>\n            <div class=\"c-accordion__item\">\n          <a href=\"#\" class=\"c-accordion__toggle\">\n            Aktiver Wirkstoff          <\/a>\n          <div class=\"c-accordion__panel\">\n            <div class=\"c-accordion__content c-text-editor\">\n              <p>Resveratrol, 9% (Pulver in Nanogr\u00f6\u00dfe). <\/p>\n            <\/div>\n          <\/div>\n        <\/div>\n    <\/div>\n  <\/div>\n<\/section>\n\n\n\n<section id=\"hero-block_23804a13b0a6b1fa61891075722e2117\" class=\"hero-block u-pb-5 u-pb-9@md\">\n  <!-- <div class=\"o-container\"> -->\n  \n<div class=\"c-hero-slider-container\" style=\"position:relative;\">\n\n    \n    <div class=\"c-hero-slider js-hero-slider\" >\n                <div class=\"c-hero-slider__item\">\n                    <section class=\"c-hero-slider__content u-text-white\" style=\"background-image: url('https:\/\/www.cynosurelutronicemea.com\/wp-content\/uploads\/sites\/15\/2025\/03\/USS-Ultra-Banner.png'), url('https:\/\/www.cynosurelutronicemea.com\/wp-content\/uploads\/sites\/15\/2025\/03\/USS-Ultra-Banner.png');\">\n                        <div class=\"o-container\">\n                            <div class=\"o-row\">\n                                <div class=\"o-col-8@md o-col-7@lg o-col-6@xl\">\n                                    <h1 class=\"c-hero-slider__title\">LaseMD Ultra<\/h1>\n                                    <div class=\"c-hero-slider__text\">\n                                        <p><h2>1927 Thulium semi-ablativer Laser<\/h2> Besuchen Sie die Ultra-Produktseite, um mehr \u00fcber dieses vielseitige Ger\u00e4t zu erfahren.<\/p>\n                                    <\/div>\n                                                                            <a href=\"https:\/\/www.cynosurelutronicemea.com\/de\/produkte\/lasemd-ultra\/\" class=\"c-button c-button--orange\">Ultra Seite besuchen<\/a>                                                                    <\/div>\n                            <\/div>\n                        <\/div>\n                    <\/section>\n                <\/div>\n\n            <\/div><\/div>  <!-- <\/div> -->\n<\/section>\n","protected":false},"excerpt":{"rendered":"","protected":false},"author":65,"featured_media":0,"parent":0,"menu_order":0,"comment_status":"closed","ping_status":"closed","template":"","meta":{"_acf_changed":false,"footnotes":""},"class_list":["post-6782","page","type-page","status-publish","hentry"],"acf":[],"yoast_head":"<!-- This site is optimized with the Yoast SEO plugin v27.3 - https:\/\/yoast.com\/product\/yoast-seo-wordpress\/ -->\n<title>LaseMD Ultra Ampullen - Cynosure Lutronic EMEA<\/title>\n<meta name=\"robots\" content=\"index, follow, max-snippet:-1, max-image-preview:large, max-video-preview:-1\" \/>\n<link rel=\"canonical\" href=\"https:\/\/www.cynosurelutronicemea.com\/de\/lasemd-ultra-ampullen\/\" \/>\n<meta property=\"og:locale\" content=\"de_DE\" \/>\n<meta property=\"og:type\" content=\"article\" \/>\n<meta property=\"og:title\" content=\"LaseMD Ultra Ampullen - Cynosure Lutronic EMEA\" \/>\n<meta property=\"og:url\" content=\"https:\/\/www.cynosurelutronicemea.com\/de\/lasemd-ultra-ampullen\/\" \/>\n<meta property=\"og:site_name\" content=\"Cynosure Lutronic EMEA\" \/>\n<meta property=\"article:modified_time\" content=\"2026-01-13T16:52:31+00:00\" \/>\n<meta name=\"twitter:card\" content=\"summary_large_image\" \/>\n<script type=\"application\/ld+json\" class=\"yoast-schema-graph\">{\"@context\":\"https:\\\/\\\/schema.org\",\"@graph\":[{\"@type\":\"WebPage\",\"@id\":\"https:\\\/\\\/www.cynosurelutronicemea.com\\\/de\\\/lasemd-ultra-ampullen\\\/\",\"url\":\"https:\\\/\\\/www.cynosurelutronicemea.com\\\/de\\\/lasemd-ultra-ampullen\\\/\",\"name\":\"LaseMD Ultra Ampullen - Cynosure Lutronic EMEA\",\"isPartOf\":{\"@id\":\"https:\\\/\\\/www.cynosurelutronicemea.com\\\/de\\\/#website\"},\"datePublished\":\"2026-01-05T16:21:17+00:00\",\"dateModified\":\"2026-01-13T16:52:31+00:00\",\"breadcrumb\":{\"@id\":\"https:\\\/\\\/www.cynosurelutronicemea.com\\\/de\\\/lasemd-ultra-ampullen\\\/#breadcrumb\"},\"inLanguage\":\"de-DE\",\"potentialAction\":[{\"@type\":\"ReadAction\",\"target\":[\"https:\\\/\\\/www.cynosurelutronicemea.com\\\/de\\\/lasemd-ultra-ampullen\\\/\"]}]},{\"@type\":\"BreadcrumbList\",\"@id\":\"https:\\\/\\\/www.cynosurelutronicemea.com\\\/de\\\/lasemd-ultra-ampullen\\\/#breadcrumb\",\"itemListElement\":[{\"@type\":\"ListItem\",\"position\":1,\"name\":\"Home\",\"item\":\"https:\\\/\\\/www.cynosurelutronicemea.com\\\/de\\\/\"},{\"@type\":\"ListItem\",\"position\":2,\"name\":\"LaseMD Ultra Ampullen\"}]},{\"@type\":\"WebSite\",\"@id\":\"https:\\\/\\\/www.cynosurelutronicemea.com\\\/de\\\/#website\",\"url\":\"https:\\\/\\\/www.cynosurelutronicemea.com\\\/de\\\/\",\"name\":\"Cynosure Lutronic EMEA\",\"description\":\"\",\"potentialAction\":[{\"@type\":\"SearchAction\",\"target\":{\"@type\":\"EntryPoint\",\"urlTemplate\":\"https:\\\/\\\/www.cynosurelutronicemea.com\\\/de\\\/?s={search_term_string}\"},\"query-input\":{\"@type\":\"PropertyValueSpecification\",\"valueRequired\":true,\"valueName\":\"search_term_string\"}}],\"inLanguage\":\"de-DE\"}]}<\/script>\n<!-- \/ Yoast SEO plugin. -->","yoast_head_json":{"title":"LaseMD Ultra Ampullen - Cynosure Lutronic EMEA","robots":{"index":"index","follow":"follow","max-snippet":"max-snippet:-1","max-image-preview":"max-image-preview:large","max-video-preview":"max-video-preview:-1"},"canonical":"https:\/\/www.cynosurelutronicemea.com\/de\/lasemd-ultra-ampullen\/","og_locale":"de_DE","og_type":"article","og_title":"LaseMD Ultra Ampullen - Cynosure Lutronic EMEA","og_url":"https:\/\/www.cynosurelutronicemea.com\/de\/lasemd-ultra-ampullen\/","og_site_name":"Cynosure Lutronic EMEA","article_modified_time":"2026-01-13T16:52:31+00:00","twitter_card":"summary_large_image","schema":{"@context":"https:\/\/schema.org","@graph":[{"@type":"WebPage","@id":"https:\/\/www.cynosurelutronicemea.com\/de\/lasemd-ultra-ampullen\/","url":"https:\/\/www.cynosurelutronicemea.com\/de\/lasemd-ultra-ampullen\/","name":"LaseMD Ultra Ampullen - Cynosure Lutronic EMEA","isPartOf":{"@id":"https:\/\/www.cynosurelutronicemea.com\/de\/#website"},"datePublished":"2026-01-05T16:21:17+00:00","dateModified":"2026-01-13T16:52:31+00:00","breadcrumb":{"@id":"https:\/\/www.cynosurelutronicemea.com\/de\/lasemd-ultra-ampullen\/#breadcrumb"},"inLanguage":"de-DE","potentialAction":[{"@type":"ReadAction","target":["https:\/\/www.cynosurelutronicemea.com\/de\/lasemd-ultra-ampullen\/"]}]},{"@type":"BreadcrumbList","@id":"https:\/\/www.cynosurelutronicemea.com\/de\/lasemd-ultra-ampullen\/#breadcrumb","itemListElement":[{"@type":"ListItem","position":1,"name":"Home","item":"https:\/\/www.cynosurelutronicemea.com\/de\/"},{"@type":"ListItem","position":2,"name":"LaseMD Ultra Ampullen"}]},{"@type":"WebSite","@id":"https:\/\/www.cynosurelutronicemea.com\/de\/#website","url":"https:\/\/www.cynosurelutronicemea.com\/de\/","name":"Cynosure Lutronic EMEA","description":"","potentialAction":[{"@type":"SearchAction","target":{"@type":"EntryPoint","urlTemplate":"https:\/\/www.cynosurelutronicemea.com\/de\/?s={search_term_string}"},"query-input":{"@type":"PropertyValueSpecification","valueRequired":true,"valueName":"search_term_string"}}],"inLanguage":"de-DE"}]}},"_links":{"self":[{"href":"https:\/\/www.cynosurelutronicemea.com\/de\/wp-json\/wp\/v2\/pages\/6782","targetHints":{"allow":["GET"]}}],"collection":[{"href":"https:\/\/www.cynosurelutronicemea.com\/de\/wp-json\/wp\/v2\/pages"}],"about":[{"href":"https:\/\/www.cynosurelutronicemea.com\/de\/wp-json\/wp\/v2\/types\/page"}],"author":[{"embeddable":true,"href":"https:\/\/www.cynosurelutronicemea.com\/de\/wp-json\/wp\/v2\/users\/65"}],"replies":[{"embeddable":true,"href":"https:\/\/www.cynosurelutronicemea.com\/de\/wp-json\/wp\/v2\/comments?post=6782"}],"version-history":[{"count":0,"href":"https:\/\/www.cynosurelutronicemea.com\/de\/wp-json\/wp\/v2\/pages\/6782\/revisions"}],"wp:attachment":[{"href":"https:\/\/www.cynosurelutronicemea.com\/de\/wp-json\/wp\/v2\/media?parent=6782"}],"curies":[{"name":"wp","href":"https:\/\/api.w.org\/{rel}","templated":true}]}}