{"id":4888,"date":"2025-02-14T15:46:08","date_gmt":"2025-02-14T15:46:08","guid":{"rendered":"https:\/\/www.cynosurelutronicemea.com\/ultra-skin-solutions\/"},"modified":"2025-08-07T14:12:58","modified_gmt":"2025-08-07T14:12:58","slug":"ultra-skin-solutions","status":"publish","type":"page","link":"https:\/\/www.cynosurelutronicemea.com\/de\/ultra-skin-solutions\/","title":{"rendered":"Ultra Skin Solutions"},"content":{"rendered":"\n<section id=\"hero-block_c1d241b4a95e8ea7d90ac526f0d56d06\" class=\"hero-block\">\n  <!-- <div class=\"o-container\"> -->\n  \n<div class=\"c-hero-slider-container\" style=\"position:relative;\">\n\n    \n    <div class=\"c-hero-slider js-hero-slider\" data-slick= '{\"autoplay\": true}' >\n                <div class=\"c-hero-slider__item\">\n                    <section class=\"c-hero-slider__content u-text-white u-text-center\" style=\"background-image: url('https:\/\/www.cynosurelutronicemea.com\/wp-content\/uploads\/sites\/15\/2025\/02\/USS-Banner.png'), url('https:\/\/www.cynosurelutronicemea.com\/wp-content\/uploads\/sites\/15\/2025\/02\/USS-Banner.png');\">\n                        <div class=\"o-container\">\n                            <div class=\"o-row\">\n                                <div class=\"o-col-8@md o-col-7@lg o-col-6@xl u-mx-auto\">\n                                    <h1 class=\"c-hero-slider__title\"><img decoding=\"async\" src=\"ultra-skin-solutions-logo-white-small\" style=\"margin: 0 auto\"><\/h1>\n                                    <div class=\"c-hero-slider__text\">\n                                        <p>Eine wirkungsvolle Kombi-Behandlung, die auf mehrere Hautschichten abzielt &#8211; f\u00fcr eine glattere, straffere und strahlendere Haut. <\/p>\n                                    <\/div>\n                                                                            <a href=\"#gform_popup_15\" class=\"c-button c-button--orange js-open-content-popup\">Erfahren Sie mehr<\/a>                                                                    <\/div>\n                            <\/div>\n                        <\/div>\n                    <\/section>\n                <\/div>\n\n            <\/div><\/div>  <!-- <\/div> -->\n<\/section>\n\n\n\n<section id=\"hero-block_4ba4ff01a018bdc3e23b3584c9dea01e\" class=\"hero-block\">\n  <!-- <div class=\"o-container\"> -->\n  \n<div class=\"c-hero-slider-container\" style=\"position:relative;\">\n\n    \n    <div class=\"c-hero-slider js-hero-slider\" >\n                <div class=\"c-hero-slider__item\">\n                    <section class=\"c-hero-slider__content u-text-white\" style=\"background-image: url('https:\/\/www.cynosurelutronicemea.com\/wp-content\/uploads\/sites\/15\/2025\/04\/USS-deviebannerV.jpg'), url('https:\/\/www.cynosurelutronicemea.com\/wp-content\/uploads\/sites\/15\/2025\/04\/USS-deviebannerV.jpg');\">\n                        <div class=\"o-container\">\n                            <div class=\"o-row\">\n                                <div class=\"o-col-8@md o-col-7@lg o-col-6@xl\">\n                                    <h1 class=\"c-hero-slider__title\">Was ist Ultra Skin Solutions? <\/h1>\n                                    <div class=\"c-hero-slider__text\">\n                                        <p> Ultra Skin Solutions ist eine fortschrittliche multi-layer Behandlung zur Hautverj\u00fcngung, die zwei branchenf\u00fchrende Technologien &#8211; den LaseMD Ultra-Laser und das Genius RF-Microneedling &#8211; kombiniert, um unmittelbare Ergebnisse f\u00fcr einen revitalisierten Teint zu erzielen. <p>Ultra Skin Solutions wurde entwickelt, um eine Reihe von Hautproblemen anzugehen, darunter: Feine Linien und Falten, Hauterschlaffung, ungleichm\u00e4\u00dfiger Hautton, stumpfe oder unebene Textur, Aknenarben, Pigmentierung und Hautunreinheiten.<\/p>\n                                    <\/div>\n                                                                    <\/div>\n                            <\/div>\n                        <\/div>\n                    <\/section>\n                <\/div>\n\n            <\/div><\/div>  <!-- <\/div> -->\n<\/section>\n\n\n\n<section id=\"content-block_7f49b0697c392564deddb5df7904568b\" class=\"content-block u-pt-5 u-pt-9@md u-bg-tertriary-gray-100\">\n    <div class=\"o-container\">\n\n    \n<div class=\"o-row\">\n          <div class=\"o-col-12\">\n            <div class=\"o-row\">\n                  <div class=\"o-col-6@md\">\n            <div class=\"c-text-editor\">\n              <p><img loading=\"lazy\" decoding=\"async\" class=\"aligncenter\" src=\"https:\/\/www.cynosurelutronicemea.com\/wp-content\/uploads\/sites\/15\/2025\/03\/LaseMD_Ultra_Black_Logo-300x87.png\" alt=\"\" width=\"300\" height=\"87\"><\/p>\n<p style=\"text-align: center\">Der LaseMD Ultra-Laser stimuliert eine Gl\u00e4ttung und Aufhellung der Haut, indem er sanfte, sub-ablative Energie an die Hautoberfl\u00e4che abgibt. Dies tr\u00e4gt dazu bei, den Hautton und die Textur zu verbessern und das Erscheinungsbild von Hautunreinheiten zu reduzieren, um Ihren Teint zu verbessern.<br \/>\n<a href=\"https:\/\/www.cynosurelutronicemea.com\/de\/produkte\/lasemd-ultra\/\"><strong>Mehr \u00fcber Ultra erfahren &gt;<\/strong><\/a><\/p>\n            <\/div>\n          <\/div>\n                          <div class=\"o-col-6@md\">\n            <p style=\"text-align: center\"><img loading=\"lazy\" decoding=\"async\" src=\"https:\/\/www.cynosurelutronicemea.com\/wp-content\/uploads\/sites\/15\/2025\/03\/Genius-Logo-small.png\" alt=\"\" width=\"300\" height=\"60\"><br \/>\nDas Genius RF-Microneedling wirkt unter der Hautoberfl\u00e4che und f\u00f6rdert die Kollagen- und Elastinproduktion. Diese innovative Technologie tr\u00e4gt dazu bei, die Haut zu straffen und zu festigen, das Erscheinungsbild feiner Linien und Falten zu reduzieren und die Hautstruktur insgesamt zu verbessern &#8211; mit lang anhaltenden Ergebnissen.<br \/>\n<a href=\"https:\/\/www.cynosurelutronicemea.com\/de\/produkte\/genius\/\"><strong>Mehr \u00fcber Genius RF Microneedling erfahren &gt;<\/strong><\/a><\/p>\n                      <\/div>\n              <\/div>\n    <\/div>\n    <\/div>\n\n  <\/div>\n<\/section>\n\n\n<div class=\"o-container\">\n  <div class=\"o-row\">\n    <div class=\"o-col-12\">\n      <hr class=\"c-divider u-text-tertriary-gray-gray-200\">\n    <\/div>\n  <\/div>\n<\/div>\n\n\n\n<section id=\"wistia-block_584291dc0e08bfb64e4542ef3611aac6\" class=\"wistia-block\">\n  <div class=\"o-container\">\n\n    <div class=\"o-row\"><div class=\"o-col-12\"><div class=\"o-row\"><div class=\"o-col-12\"><script src=\"https:\/\/fast.wistia.com\/embed\/medias\/v2u2ipy5kz.jsonp\" async><\/script><script src=\"https:\/\/fast.wistia.com\/assets\/external\/E-v1.js\" async><\/script><div class=\"wistia_responsive_padding\" style=\"padding:45.25% 0 0 0;position:relative; margin: 10px 0\"><div class=\"wistia_responsive_wrapper\" style=\"height:100%;left:0;position:absolute;top:0;width:100%;\"><span class=\"wistia_embed wistia_async_v2u2ipy5kz popover=true popoverAnimateThumbnail=true videoFoam=true\" style=\"display:inline-block;height:100%;position:relative;width:100%\">&nbsp;<\/span><\/div><\/div><\/div><\/div><\/div><\/div>  <\/div>\n\n  <\/div>\n<\/section>\n\n\n\n<section id=\"content-block_6c7d60b4d8f129042847cc1559ddb32c\" class=\"content-block u-pt-5 u-pt-9@md u-pb-5 u-pb-9@md\">\n    <div class=\"o-container\">\n\n    \n<div class=\"o-row\">\n          <div class=\"o-col-12\">\n              <div class=\"o-row\">\n          <div class=\"o-col-6@md\">\n            <h2 class=\"c-heading c-heading--secondary u-h3 u-h1@sm u-uppercase u-mb-3@sm\">Expertenstimme<\/h2>\n          <\/div>\n        <\/div>\n            <div class=\"o-row\">\n                  <div class=\"o-col-6@md\">\n            <div class=\"c-text-editor\">\n              <p>wistia-player[media-id=&#8217;2hyafde4vo&#8216;]:not(:defined) { background: center \/ contain no-repeat url(&#8218;https:\/\/fast.wistia.com\/embed\/medias\/2hyafde4vo\/swatch&#8216;); display: block; filter: blur(5px); padding-top:100.0%; } <\/p>\n            <\/div>\n          <\/div>\n                          <div class=\"o-col-6@md\">\n            <p>wistia-player[media-id=&#8217;dg842536o4&#8242;]:not(:defined) { background: center \/ contain no-repeat url(&#8218;https:\/\/fast.wistia.com\/embed\/medias\/dg842536o4\/swatch&#8216;); display: block; filter: blur(5px); padding-top:100.0%; } <\/p>\n                      <\/div>\n              <\/div>\n    <\/div>\n    <\/div>\n\n  <\/div>\n<\/section>\n","protected":false},"excerpt":{"rendered":"","protected":false},"author":65,"featured_media":0,"parent":0,"menu_order":0,"comment_status":"closed","ping_status":"closed","template":"","meta":{"_acf_changed":false,"footnotes":""},"class_list":["post-4888","page","type-page","status-publish","hentry"],"acf":[],"yoast_head":"<!-- This site is optimized with the Yoast SEO plugin v27.3 - https:\/\/yoast.com\/product\/yoast-seo-wordpress\/ -->\n<title>Ultra Skin Solutions - Cynosure Lutronic EMEA<\/title>\n<meta name=\"description\" content=\"Eine wirkungsvolle Kombi-Behandlung, die auf mehrere Hautschichten abzielt - f\u00fcr eine glattere, straffere und strahlendere Haut.\" \/>\n<meta name=\"robots\" content=\"index, follow, max-snippet:-1, max-image-preview:large, max-video-preview:-1\" \/>\n<link rel=\"canonical\" href=\"https:\/\/www.cynosurelutronicemea.com\/de\/ultra-skin-solutions\/\" \/>\n<meta property=\"og:locale\" content=\"de_DE\" \/>\n<meta property=\"og:type\" content=\"article\" \/>\n<meta property=\"og:title\" content=\"Ultra Skin Solutions - Cynosure Lutronic EMEA\" \/>\n<meta property=\"og:description\" content=\"Eine wirkungsvolle Kombi-Behandlung, die auf mehrere Hautschichten abzielt - f\u00fcr eine glattere, straffere und strahlendere Haut.\" \/>\n<meta property=\"og:url\" content=\"https:\/\/www.cynosurelutronicemea.com\/de\/ultra-skin-solutions\/\" \/>\n<meta property=\"og:site_name\" content=\"Cynosure Lutronic EMEA\" \/>\n<meta property=\"article:modified_time\" content=\"2025-08-07T14:12:58+00:00\" \/>\n<meta name=\"twitter:card\" content=\"summary_large_image\" \/>\n<script type=\"application\/ld+json\" class=\"yoast-schema-graph\">{\"@context\":\"https:\\\/\\\/schema.org\",\"@graph\":[{\"@type\":\"WebPage\",\"@id\":\"https:\\\/\\\/www.cynosurelutronicemea.com\\\/de\\\/ultra-skin-solutions\\\/\",\"url\":\"https:\\\/\\\/www.cynosurelutronicemea.com\\\/de\\\/ultra-skin-solutions\\\/\",\"name\":\"Ultra Skin Solutions - Cynosure Lutronic EMEA\",\"isPartOf\":{\"@id\":\"https:\\\/\\\/www.cynosurelutronicemea.com\\\/de\\\/#website\"},\"datePublished\":\"2025-02-14T15:46:08+00:00\",\"dateModified\":\"2025-08-07T14:12:58+00:00\",\"description\":\"Eine wirkungsvolle Kombi-Behandlung, die auf mehrere Hautschichten abzielt - f\u00fcr eine glattere, straffere und strahlendere Haut.\",\"breadcrumb\":{\"@id\":\"https:\\\/\\\/www.cynosurelutronicemea.com\\\/de\\\/ultra-skin-solutions\\\/#breadcrumb\"},\"inLanguage\":\"de-DE\",\"potentialAction\":[{\"@type\":\"ReadAction\",\"target\":[\"https:\\\/\\\/www.cynosurelutronicemea.com\\\/de\\\/ultra-skin-solutions\\\/\"]}]},{\"@type\":\"BreadcrumbList\",\"@id\":\"https:\\\/\\\/www.cynosurelutronicemea.com\\\/de\\\/ultra-skin-solutions\\\/#breadcrumb\",\"itemListElement\":[{\"@type\":\"ListItem\",\"position\":1,\"name\":\"Home\",\"item\":\"https:\\\/\\\/www.cynosurelutronicemea.com\\\/de\\\/\"},{\"@type\":\"ListItem\",\"position\":2,\"name\":\"Ultra Skin Solutions\"}]},{\"@type\":\"WebSite\",\"@id\":\"https:\\\/\\\/www.cynosurelutronicemea.com\\\/de\\\/#website\",\"url\":\"https:\\\/\\\/www.cynosurelutronicemea.com\\\/de\\\/\",\"name\":\"Cynosure Lutronic EMEA\",\"description\":\"\",\"potentialAction\":[{\"@type\":\"SearchAction\",\"target\":{\"@type\":\"EntryPoint\",\"urlTemplate\":\"https:\\\/\\\/www.cynosurelutronicemea.com\\\/de\\\/?s={search_term_string}\"},\"query-input\":{\"@type\":\"PropertyValueSpecification\",\"valueRequired\":true,\"valueName\":\"search_term_string\"}}],\"inLanguage\":\"de-DE\"}]}<\/script>\n<!-- \/ Yoast SEO plugin. -->","yoast_head_json":{"title":"Ultra Skin Solutions - Cynosure Lutronic EMEA","description":"Eine wirkungsvolle Kombi-Behandlung, die auf mehrere Hautschichten abzielt - f\u00fcr eine glattere, straffere und strahlendere Haut.","robots":{"index":"index","follow":"follow","max-snippet":"max-snippet:-1","max-image-preview":"max-image-preview:large","max-video-preview":"max-video-preview:-1"},"canonical":"https:\/\/www.cynosurelutronicemea.com\/de\/ultra-skin-solutions\/","og_locale":"de_DE","og_type":"article","og_title":"Ultra Skin Solutions - Cynosure Lutronic EMEA","og_description":"Eine wirkungsvolle Kombi-Behandlung, die auf mehrere Hautschichten abzielt - f\u00fcr eine glattere, straffere und strahlendere Haut.","og_url":"https:\/\/www.cynosurelutronicemea.com\/de\/ultra-skin-solutions\/","og_site_name":"Cynosure Lutronic EMEA","article_modified_time":"2025-08-07T14:12:58+00:00","twitter_card":"summary_large_image","schema":{"@context":"https:\/\/schema.org","@graph":[{"@type":"WebPage","@id":"https:\/\/www.cynosurelutronicemea.com\/de\/ultra-skin-solutions\/","url":"https:\/\/www.cynosurelutronicemea.com\/de\/ultra-skin-solutions\/","name":"Ultra Skin Solutions - Cynosure Lutronic EMEA","isPartOf":{"@id":"https:\/\/www.cynosurelutronicemea.com\/de\/#website"},"datePublished":"2025-02-14T15:46:08+00:00","dateModified":"2025-08-07T14:12:58+00:00","description":"Eine wirkungsvolle Kombi-Behandlung, die auf mehrere Hautschichten abzielt - f\u00fcr eine glattere, straffere und strahlendere Haut.","breadcrumb":{"@id":"https:\/\/www.cynosurelutronicemea.com\/de\/ultra-skin-solutions\/#breadcrumb"},"inLanguage":"de-DE","potentialAction":[{"@type":"ReadAction","target":["https:\/\/www.cynosurelutronicemea.com\/de\/ultra-skin-solutions\/"]}]},{"@type":"BreadcrumbList","@id":"https:\/\/www.cynosurelutronicemea.com\/de\/ultra-skin-solutions\/#breadcrumb","itemListElement":[{"@type":"ListItem","position":1,"name":"Home","item":"https:\/\/www.cynosurelutronicemea.com\/de\/"},{"@type":"ListItem","position":2,"name":"Ultra Skin Solutions"}]},{"@type":"WebSite","@id":"https:\/\/www.cynosurelutronicemea.com\/de\/#website","url":"https:\/\/www.cynosurelutronicemea.com\/de\/","name":"Cynosure Lutronic EMEA","description":"","potentialAction":[{"@type":"SearchAction","target":{"@type":"EntryPoint","urlTemplate":"https:\/\/www.cynosurelutronicemea.com\/de\/?s={search_term_string}"},"query-input":{"@type":"PropertyValueSpecification","valueRequired":true,"valueName":"search_term_string"}}],"inLanguage":"de-DE"}]}},"_links":{"self":[{"href":"https:\/\/www.cynosurelutronicemea.com\/de\/wp-json\/wp\/v2\/pages\/4888","targetHints":{"allow":["GET"]}}],"collection":[{"href":"https:\/\/www.cynosurelutronicemea.com\/de\/wp-json\/wp\/v2\/pages"}],"about":[{"href":"https:\/\/www.cynosurelutronicemea.com\/de\/wp-json\/wp\/v2\/types\/page"}],"author":[{"embeddable":true,"href":"https:\/\/www.cynosurelutronicemea.com\/de\/wp-json\/wp\/v2\/users\/65"}],"replies":[{"embeddable":true,"href":"https:\/\/www.cynosurelutronicemea.com\/de\/wp-json\/wp\/v2\/comments?post=4888"}],"version-history":[{"count":0,"href":"https:\/\/www.cynosurelutronicemea.com\/de\/wp-json\/wp\/v2\/pages\/4888\/revisions"}],"wp:attachment":[{"href":"https:\/\/www.cynosurelutronicemea.com\/de\/wp-json\/wp\/v2\/media?parent=4888"}],"curies":[{"name":"wp","href":"https:\/\/api.w.org\/{rel}","templated":true}]}}