{"id":3774,"date":"2024-09-30T19:20:40","date_gmt":"2024-09-30T19:20:40","guid":{"rendered":"https:\/\/www.cynosurelutronicemea.com\/resources\/"},"modified":"2025-07-03T10:06:48","modified_gmt":"2025-07-03T10:06:48","slug":"ressourcen","status":"publish","type":"page","link":"https:\/\/www.cynosurelutronicemea.com\/de\/ressourcen\/","title":{"rendered":"Events"},"content":{"rendered":"\n<section id=\"wistia-block_304685684491df6bdf484d4064940278\" class=\"wistia-block\">\n  <div class=\"o-container\">\n\n    <div class=\"o-row\"><div class=\"o-col-12\"><div class=\"o-row\"><div class=\"o-col-12\"><script src=\"https:\/\/fast.wistia.com\/embed\/medias\/7eaol77ghp.jsonp\" async><\/script><script src=\"https:\/\/fast.wistia.com\/assets\/external\/E-v1.js\" async><\/script><div class=\"wistia_responsive_padding\" style=\"padding:45.25% 0 0 0;position:relative; margin: 10px 0\"><div class=\"wistia_responsive_wrapper\" style=\"height:100%;left:0;position:absolute;top:0;width:100%;\"><span class=\"wistia_embed wistia_async_7eaol77ghp popover=true popoverAnimateThumbnail=true videoFoam=true\" style=\"display:inline-block;height:100%;position:relative;width:100%\">&nbsp;<\/span><\/div><\/div><\/div><\/div><\/div><\/div>  <\/div>\n\n  <\/div>\n<\/section>\n","protected":false},"excerpt":{"rendered":"","protected":false},"author":70,"featured_media":0,"parent":0,"menu_order":0,"comment_status":"closed","ping_status":"closed","template":"page-template-events-webcasts.php","meta":{"_acf_changed":false,"footnotes":""},"class_list":["post-3774","page","type-page","status-publish","hentry"],"acf":[],"yoast_head":"<!-- This site is optimized with the Yoast SEO plugin v27.2 - https:\/\/yoast.com\/product\/yoast-seo-wordpress\/ -->\n<title>Events - Cynosure Lutronic EMEA<\/title>\n<meta name=\"description\" content=\"Entdecken Sie die Veranstaltungen und Blogbeitr\u00e4ge von Cynosure Lutronic in der EMEA-Region. Bleiben Sie auf dem Laufenden \u00fcber Branchentrends, Experteneinblicke und bevorstehende Veranstaltungen. F\u00fcr Events im deutschsprachigen Raum nutzen Sie den Filter.\" \/>\n<meta name=\"robots\" content=\"index, follow, max-snippet:-1, max-image-preview:large, max-video-preview:-1\" \/>\n<link rel=\"canonical\" href=\"https:\/\/www.cynosurelutronicemea.com\/de\/ressourcen\/\" \/>\n<meta property=\"og:locale\" content=\"de_DE\" \/>\n<meta property=\"og:type\" content=\"article\" \/>\n<meta property=\"og:title\" content=\"Events - Cynosure Lutronic EMEA\" \/>\n<meta property=\"og:description\" content=\"Entdecken Sie die Veranstaltungen und Blogbeitr\u00e4ge von Cynosure Lutronic in der EMEA-Region. Bleiben Sie auf dem Laufenden \u00fcber Branchentrends, Experteneinblicke und bevorstehende Veranstaltungen. F\u00fcr Events im deutschsprachigen Raum nutzen Sie den Filter.\" \/>\n<meta property=\"og:url\" content=\"https:\/\/www.cynosurelutronicemea.com\/de\/ressourcen\/\" \/>\n<meta property=\"og:site_name\" content=\"Cynosure Lutronic EMEA\" \/>\n<meta property=\"article:modified_time\" content=\"2025-07-03T10:06:48+00:00\" \/>\n<meta name=\"twitter:card\" content=\"summary_large_image\" \/>\n<script type=\"application\/ld+json\" class=\"yoast-schema-graph\">{\"@context\":\"https:\/\/schema.org\",\"@graph\":[{\"@type\":\"WebPage\",\"@id\":\"https:\/\/www.cynosurelutronicemea.com\/de\/ressourcen\/\",\"url\":\"https:\/\/www.cynosurelutronicemea.com\/de\/ressourcen\/\",\"name\":\"Events - Cynosure Lutronic EMEA\",\"isPartOf\":{\"@id\":\"https:\/\/www.cynosurelutronicemea.com\/de\/#website\"},\"datePublished\":\"2024-09-30T19:20:40+00:00\",\"dateModified\":\"2025-07-03T10:06:48+00:00\",\"description\":\"Entdecken Sie die Veranstaltungen und Blogbeitr\u00e4ge von Cynosure Lutronic in der EMEA-Region. Bleiben Sie auf dem Laufenden \u00fcber Branchentrends, Experteneinblicke und bevorstehende Veranstaltungen. F\u00fcr Events im deutschsprachigen Raum nutzen Sie den Filter.\",\"breadcrumb\":{\"@id\":\"https:\/\/www.cynosurelutronicemea.com\/de\/ressourcen\/#breadcrumb\"},\"inLanguage\":\"de-DE\",\"potentialAction\":[{\"@type\":\"ReadAction\",\"target\":[\"https:\/\/www.cynosurelutronicemea.com\/de\/ressourcen\/\"]}]},{\"@type\":\"BreadcrumbList\",\"@id\":\"https:\/\/www.cynosurelutronicemea.com\/de\/ressourcen\/#breadcrumb\",\"itemListElement\":[{\"@type\":\"ListItem\",\"position\":1,\"name\":\"Home\",\"item\":\"https:\/\/www.cynosurelutronicemea.com\/de\/\"},{\"@type\":\"ListItem\",\"position\":2,\"name\":\"Events\"}]},{\"@type\":\"WebSite\",\"@id\":\"https:\/\/www.cynosurelutronicemea.com\/de\/#website\",\"url\":\"https:\/\/www.cynosurelutronicemea.com\/de\/\",\"name\":\"Cynosure Lutronic EMEA\",\"description\":\"\",\"potentialAction\":[{\"@type\":\"SearchAction\",\"target\":{\"@type\":\"EntryPoint\",\"urlTemplate\":\"https:\/\/www.cynosurelutronicemea.com\/de\/?s={search_term_string}\"},\"query-input\":{\"@type\":\"PropertyValueSpecification\",\"valueRequired\":true,\"valueName\":\"search_term_string\"}}],\"inLanguage\":\"de-DE\"}]}<\/script>\n<!-- \/ Yoast SEO plugin. -->","yoast_head_json":{"title":"Events - Cynosure Lutronic EMEA","description":"Entdecken Sie die Veranstaltungen und Blogbeitr\u00e4ge von Cynosure Lutronic in der EMEA-Region. Bleiben Sie auf dem Laufenden \u00fcber Branchentrends, Experteneinblicke und bevorstehende Veranstaltungen. F\u00fcr Events im deutschsprachigen Raum nutzen Sie den Filter.","robots":{"index":"index","follow":"follow","max-snippet":"max-snippet:-1","max-image-preview":"max-image-preview:large","max-video-preview":"max-video-preview:-1"},"canonical":"https:\/\/www.cynosurelutronicemea.com\/de\/ressourcen\/","og_locale":"de_DE","og_type":"article","og_title":"Events - Cynosure Lutronic EMEA","og_description":"Entdecken Sie die Veranstaltungen und Blogbeitr\u00e4ge von Cynosure Lutronic in der EMEA-Region. Bleiben Sie auf dem Laufenden \u00fcber Branchentrends, Experteneinblicke und bevorstehende Veranstaltungen. F\u00fcr Events im deutschsprachigen Raum nutzen Sie den Filter.","og_url":"https:\/\/www.cynosurelutronicemea.com\/de\/ressourcen\/","og_site_name":"Cynosure Lutronic EMEA","article_modified_time":"2025-07-03T10:06:48+00:00","twitter_card":"summary_large_image","schema":{"@context":"https:\/\/schema.org","@graph":[{"@type":"WebPage","@id":"https:\/\/www.cynosurelutronicemea.com\/de\/ressourcen\/","url":"https:\/\/www.cynosurelutronicemea.com\/de\/ressourcen\/","name":"Events - Cynosure Lutronic EMEA","isPartOf":{"@id":"https:\/\/www.cynosurelutronicemea.com\/de\/#website"},"datePublished":"2024-09-30T19:20:40+00:00","dateModified":"2025-07-03T10:06:48+00:00","description":"Entdecken Sie die Veranstaltungen und Blogbeitr\u00e4ge von Cynosure Lutronic in der EMEA-Region. Bleiben Sie auf dem Laufenden \u00fcber Branchentrends, Experteneinblicke und bevorstehende Veranstaltungen. F\u00fcr Events im deutschsprachigen Raum nutzen Sie den Filter.","breadcrumb":{"@id":"https:\/\/www.cynosurelutronicemea.com\/de\/ressourcen\/#breadcrumb"},"inLanguage":"de-DE","potentialAction":[{"@type":"ReadAction","target":["https:\/\/www.cynosurelutronicemea.com\/de\/ressourcen\/"]}]},{"@type":"BreadcrumbList","@id":"https:\/\/www.cynosurelutronicemea.com\/de\/ressourcen\/#breadcrumb","itemListElement":[{"@type":"ListItem","position":1,"name":"Home","item":"https:\/\/www.cynosurelutronicemea.com\/de\/"},{"@type":"ListItem","position":2,"name":"Events"}]},{"@type":"WebSite","@id":"https:\/\/www.cynosurelutronicemea.com\/de\/#website","url":"https:\/\/www.cynosurelutronicemea.com\/de\/","name":"Cynosure Lutronic EMEA","description":"","potentialAction":[{"@type":"SearchAction","target":{"@type":"EntryPoint","urlTemplate":"https:\/\/www.cynosurelutronicemea.com\/de\/?s={search_term_string}"},"query-input":{"@type":"PropertyValueSpecification","valueRequired":true,"valueName":"search_term_string"}}],"inLanguage":"de-DE"}]}},"_links":{"self":[{"href":"https:\/\/www.cynosurelutronicemea.com\/de\/wp-json\/wp\/v2\/pages\/3774","targetHints":{"allow":["GET"]}}],"collection":[{"href":"https:\/\/www.cynosurelutronicemea.com\/de\/wp-json\/wp\/v2\/pages"}],"about":[{"href":"https:\/\/www.cynosurelutronicemea.com\/de\/wp-json\/wp\/v2\/types\/page"}],"author":[{"embeddable":true,"href":"https:\/\/www.cynosurelutronicemea.com\/de\/wp-json\/wp\/v2\/users\/70"}],"replies":[{"embeddable":true,"href":"https:\/\/www.cynosurelutronicemea.com\/de\/wp-json\/wp\/v2\/comments?post=3774"}],"version-history":[{"count":0,"href":"https:\/\/www.cynosurelutronicemea.com\/de\/wp-json\/wp\/v2\/pages\/3774\/revisions"}],"wp:attachment":[{"href":"https:\/\/www.cynosurelutronicemea.com\/de\/wp-json\/wp\/v2\/media?parent=3774"}],"curies":[{"name":"wp","href":"https:\/\/api.w.org\/{rel}","templated":true}]}}